{"id":75799,"date":"2018-05-29T08:27:50","date_gmt":"2018-05-29T06:27:50","guid":{"rendered":"http:\/\/www.sba.it\/ruggero-focardi-biografia-quadri-vendita-stima-perizia-certificata-dipinti-ruggero-focardi\/"},"modified":"2019-04-10T15:07:39","modified_gmt":"2019-04-10T13:07:39","slug":"ruggero-focardi-biografia-quadri-vendita-stima-perizia-certificata-dipinti-ruggero-focardi","status":"publish","type":"page","link":"https:\/\/www.sba.it\/zh-hans\/%e8%89%ba%e6%9c%af%e5%ae%b6\/ruggero-focardi-biografia-quadri-vendita-stima-perizia-certificata-dipinti-ruggero-focardi\/","title":{"rendered":"Focardi Ruggero (1864-1934). Biorafia. Quadri in vendita."},"content":{"rendered":"<p>Firenze 1864 &#8211; Quercianella (Livorno) 1934<\/p>\n<p style=\"text-align: justify;\"><img decoding=\"async\" class=\" alignleft size-full wp-image-3276\" style=\"margin-right: 20px; float: left;\" src=\"http:\/\/www.sba.it\/wp-content\/uploads\/2018\/05\/images_artisti_focardi-ruggero-immagine.jpg\" alt=\"focardi-ruggero-immagine\" width=\"300\" height=\"441\" srcset=\"https:\/\/www.sba.it\/wp-content\/uploads\/2018\/05\/images_artisti_focardi-ruggero-immagine.jpg 300w, https:\/\/www.sba.it\/wp-content\/uploads\/2018\/05\/images_artisti_focardi-ruggero-immagine-204x300.jpg 204w\" sizes=\"(max-width: 300px) 100vw, 300px\" \/>Ruggero Focardi nacque a Firenze il 10 luglio 1864. Autodidatta esord\u00ec nel 1881 alla Royal Academy di Londra, citt\u00e0 dove abitava il fratello, con le incisioni <em>Pater noster<\/em> e <em>Fate l\u2019elemosina per l\u2019amor di Dio<\/em>. Quest\u2019ultima fu scelta, l\u2019anno seguente, dal Comitato del Circolo Artistico di Firenze per una vendita di beneficenza in favore degli alluvionati del Veneto. Nell\u2019occasione strinse amicizia con <a href=\"http:\/\/www.sba.it\/signorini-telemaco-biografia-quadri-in-vendita-macchiaioli-valutazione-stime-e-perizie-certificate-su-dipinti-macchiaioli-di-telemaco-signorini\/\"><strong>Telemaco Signorini<\/strong><\/a>, membro della commissione, che lo introdusse nel gruppo dei <a href=\"https:\/\/www.sba.it\/zh-hans\/i-macchiaioli-chinese\/\"><strong>Macchiaioli<\/strong><\/a> dai quali che ne influenzarono la sua produzione giovanile.<\/p>\n<p style=\"text-align: justify;\">Nel 1884 espose alla Promotrice fiorentina il suo primo dipinto <em>Atmosfera di pioggia<\/em>; nel 1889 present\u00f2 a Parigi la tela <em>Giochi di bocce<\/em>, soggetto sul quale torn\u00f2 ripetutamente nel corso degli anni.<\/p>\n<p style=\"text-align: justify;\">Si aggiudic\u00f2 nel \u201895 il \u201cPremio Firenze\u201d con <em>Il gioco del ruzzolone<\/em>; e vinse per ben due edizioni a Bologna il Premio Baruzzi con gli olii <em>Ante occasum<\/em> e <em>Vita campagnola<\/em>. Notevoli sono gli studi di paesaggio e le tele dedicate a scene della \u00a0vita popolare di Settignano. La pi\u00f9 celebre \u00e8, sicuramente, <em>Il mercato di Settignano<\/em> ripetutamente esposta e premiata. Nel 1901 Focardi partecip\u00f2 al concorso indetto da Alinari per l\u2019illustrazioni della Divina Commedia rappresentando il canto XXXII del Purgatorio. Collabor\u00f2 anche a giornali e riviste , si ricordi l\u2019attivit\u00e0 per il \u201cSecolo XX\u201d di Milano nel 1905. Nel 1926, alcuni suoi scritti figurarono accanto a quelli di Papini e <a href=\"\/?page_id=399\"><strong>Nomellini<\/strong><\/a> nel catalogo della rassegna commemorativa di <strong><a href=\"http:\/\/www.sba.it\/fattori-giovanni-biografia-quadri-macchiaioli-in-vendita-valutazione-stima-perizia-certificata-di-dipinti-di-giovanni-fattori\/\">Giovanni Fattori<\/a><\/strong>\u00a0organizzata dalla Societ\u00e0 di Belle Arti di Firenze. Partecip\u00f2, inoltre, a numerose esposizioni della Societ\u00e0 Promotrice di Firenze, presso la quale ricopr\u00ec anche la carica di vicepresidente e di segretario artistico.<\/p>\n<p style=\"text-align: justify;\">Mor\u00ec a Quercianella il 25 febbraio 1934.<\/p>\n<p>&nbsp;<\/p>\n<h3 style=\"font-size: inherit; margin: 0px; padding: 0px; border: 0px none; line-height: 21px; font-family: Arial, sans-serif; vertical-align: baseline; color: #666666;\"><a href=\"https:\/\/www.sba.it\/zh-hans\/%e5%87%ba%e5%94%ae\/\">VUOI VENDERE O COMPRARE UN QUADRO DI QUESTO ARTISTA?<\/a><\/h3>\n<h3 style=\"font-size: inherit; margin: 0px; padding: 0px; border: 0px none; line-height: 21px; font-family: Arial, sans-serif; vertical-align: baseline; color: #666666;\"><\/h3>\n<h3><\/h3>\n","protected":false},"excerpt":{"rendered":"<p>Firenze 1864 &#8211; [&hellip;]<\/p>\n","protected":false},"author":2,"featured_media":3277,"parent":73502,"menu_order":12,"comment_status":"closed","ping_status":"closed","template":"","meta":{"_monsterinsights_skip_tracking":false,"_monsterinsights_sitenote_active":false,"_monsterinsights_sitenote_note":"","_monsterinsights_sitenote_category":0,"footnotes":""},"class_list":["post-75799","page","type-page","status-publish","has-post-thumbnail","hentry","page_category-1275"],"yoast_head":"<!-- This site is optimized with the Yoast SEO plugin v27.5 - https:\/\/yoast.com\/product\/yoast-seo-wordpress\/ -->\n<title>Focardi Ruggero (1864-1934). Biorafia. Quadri in vendita.<\/title>\n<meta name=\"description\" content=\"Ruggero Focardi leggi la vita del pittore toscano dell&#039;800, vendita e acquisto online dipinti macchiaioli toscani dell&#039;800 di Ruggero Focardi scopri come\" \/>\n<meta name=\"robots\" content=\"index, follow, max-snippet:-1, max-image-preview:large, max-video-preview:-1\" \/>\n<link rel=\"canonical\" href=\"https:\/\/www.sba.it\/zh-hans\/\u827a\u672f\u5bb6\/ruggero-focardi-biografia-quadri-vendita-stima-perizia-certificata-dipinti-ruggero-focardi\/\" \/>\n<meta property=\"og:locale\" content=\"zh_CN\" \/>\n<meta property=\"og:type\" content=\"article\" \/>\n<meta property=\"og:title\" content=\"Focardi Ruggero (1864-1934). Biorafia. Quadri in vendita.\" \/>\n<meta property=\"og:description\" content=\"Ruggero Focardi leggi la vita del pittore toscano dell&#039;800, vendita e acquisto online dipinti macchiaioli toscani dell&#039;800 di Ruggero Focardi scopri come\" \/>\n<meta property=\"og:url\" content=\"https:\/\/www.sba.it\/zh-hans\/\u827a\u672f\u5bb6\/ruggero-focardi-biografia-quadri-vendita-stima-perizia-certificata-dipinti-ruggero-focardi\/\" \/>\n<meta property=\"og:site_name\" content=\"Societ\u00e0 di Belle Arti\" \/>\n<meta property=\"article:publisher\" content=\"https:\/\/www.facebook.com\/pitturaitaliana800e900\/\" \/>\n<meta property=\"article:modified_time\" content=\"2019-04-10T13:07:39+00:00\" \/>\n<meta property=\"og:image\" content=\"https:\/\/www.sba.it\/wp-content\/uploads\/2018\/05\/images_artisti_focardi-ruggero-immagine.jpg\" \/>\n\t<meta property=\"og:image:width\" content=\"300\" \/>\n\t<meta property=\"og:image:height\" content=\"441\" \/>\n\t<meta property=\"og:image:type\" content=\"image\/jpeg\" \/>\n<meta name=\"twitter:card\" content=\"summary_large_image\" \/>\n<meta name=\"twitter:site\" content=\"@SocietaArti\" \/>\n<meta name=\"twitter:label1\" content=\"\u9884\u8ba1\u9605\u8bfb\u65f6\u95f4\" \/>\n\t<meta name=\"twitter:data1\" content=\"1 \u5206\" \/>\n<script type=\"application\/ld+json\" class=\"yoast-schema-graph\">{\"@context\":\"https:\\\/\\\/schema.org\",\"@graph\":[{\"@type\":\"WebPage\",\"@id\":\"https:\\\/\\\/www.sba.it\\\/zh-hans\\\/%e8%89%ba%e6%9c%af%e5%ae%b6\\\/ruggero-focardi-biografia-quadri-vendita-stima-perizia-certificata-dipinti-ruggero-focardi\\\/\",\"url\":\"https:\\\/\\\/www.sba.it\\\/zh-hans\\\/%e8%89%ba%e6%9c%af%e5%ae%b6\\\/ruggero-focardi-biografia-quadri-vendita-stima-perizia-certificata-dipinti-ruggero-focardi\\\/\",\"name\":\"Focardi Ruggero (1864-1934). Biorafia. Quadri in vendita.\",\"isPartOf\":{\"@id\":\"https:\\\/\\\/www.sba.it\\\/#website\"},\"primaryImageOfPage\":{\"@id\":\"https:\\\/\\\/www.sba.it\\\/zh-hans\\\/%e8%89%ba%e6%9c%af%e5%ae%b6\\\/ruggero-focardi-biografia-quadri-vendita-stima-perizia-certificata-dipinti-ruggero-focardi\\\/#primaryimage\"},\"image\":{\"@id\":\"https:\\\/\\\/www.sba.it\\\/zh-hans\\\/%e8%89%ba%e6%9c%af%e5%ae%b6\\\/ruggero-focardi-biografia-quadri-vendita-stima-perizia-certificata-dipinti-ruggero-focardi\\\/#primaryimage\"},\"thumbnailUrl\":\"https:\\\/\\\/www.sba.it\\\/wp-content\\\/uploads\\\/2018\\\/05\\\/images_artisti_focardi-ruggero-immagine.jpg\",\"datePublished\":\"2018-05-29T06:27:50+00:00\",\"dateModified\":\"2019-04-10T13:07:39+00:00\",\"description\":\"Ruggero Focardi leggi la vita del pittore toscano dell'800, vendita e acquisto online dipinti macchiaioli toscani dell'800 di Ruggero Focardi scopri come\",\"breadcrumb\":{\"@id\":\"https:\\\/\\\/www.sba.it\\\/zh-hans\\\/%e8%89%ba%e6%9c%af%e5%ae%b6\\\/ruggero-focardi-biografia-quadri-vendita-stima-perizia-certificata-dipinti-ruggero-focardi\\\/#breadcrumb\"},\"inLanguage\":\"zh-Hans\",\"potentialAction\":[{\"@type\":\"ReadAction\",\"target\":[\"https:\\\/\\\/www.sba.it\\\/zh-hans\\\/%e8%89%ba%e6%9c%af%e5%ae%b6\\\/ruggero-focardi-biografia-quadri-vendita-stima-perizia-certificata-dipinti-ruggero-focardi\\\/\"]}]},{\"@type\":\"ImageObject\",\"inLanguage\":\"zh-Hans\",\"@id\":\"https:\\\/\\\/www.sba.it\\\/zh-hans\\\/%e8%89%ba%e6%9c%af%e5%ae%b6\\\/ruggero-focardi-biografia-quadri-vendita-stima-perizia-certificata-dipinti-ruggero-focardi\\\/#primaryimage\",\"url\":\"https:\\\/\\\/www.sba.it\\\/wp-content\\\/uploads\\\/2018\\\/05\\\/images_artisti_focardi-ruggero-immagine.jpg\",\"contentUrl\":\"https:\\\/\\\/www.sba.it\\\/wp-content\\\/uploads\\\/2018\\\/05\\\/images_artisti_focardi-ruggero-immagine.jpg\",\"width\":300,\"height\":441,\"caption\":\"Foto del pittore Ruggero Focardi\"},{\"@type\":\"BreadcrumbList\",\"@id\":\"https:\\\/\\\/www.sba.it\\\/zh-hans\\\/%e8%89%ba%e6%9c%af%e5%ae%b6\\\/ruggero-focardi-biografia-quadri-vendita-stima-perizia-certificata-dipinti-ruggero-focardi\\\/#breadcrumb\",\"itemListElement\":[{\"@type\":\"ListItem\",\"position\":1,\"name\":\"Home\",\"item\":\"https:\\\/\\\/www.sba.it\\\/zh-hans\\\/\"},{\"@type\":\"ListItem\",\"position\":2,\"name\":\"\u827a\u672f\u5bb6\",\"item\":\"https:\\\/\\\/www.sba.it\\\/zh-hans\\\/%e8%89%ba%e6%9c%af%e5%ae%b6\\\/\"},{\"@type\":\"ListItem\",\"position\":3,\"name\":\"Focardi Ruggero (1864-1934). Biorafia. Quadri in vendita.\"}]},{\"@type\":\"WebSite\",\"@id\":\"https:\\\/\\\/www.sba.it\\\/#website\",\"url\":\"https:\\\/\\\/www.sba.it\\\/\",\"name\":\"Societ\u00e0 di Belle Arti\",\"description\":\"Quadri macchiaioli e del 800 e 900 in vendita\",\"publisher\":{\"@id\":\"https:\\\/\\\/www.sba.it\\\/#organization\"},\"potentialAction\":[{\"@type\":\"SearchAction\",\"target\":{\"@type\":\"EntryPoint\",\"urlTemplate\":\"https:\\\/\\\/www.sba.it\\\/?s={search_term_string}\"},\"query-input\":{\"@type\":\"PropertyValueSpecification\",\"valueRequired\":true,\"valueName\":\"search_term_string\"}}],\"inLanguage\":\"zh-Hans\"},{\"@type\":\"Organization\",\"@id\":\"https:\\\/\\\/www.sba.it\\\/#organization\",\"name\":\"Societ\u00e0 di Belle Arti\",\"url\":\"https:\\\/\\\/www.sba.it\\\/\",\"logo\":{\"@type\":\"ImageObject\",\"inLanguage\":\"zh-Hans\",\"@id\":\"https:\\\/\\\/www.sba.it\\\/#\\\/schema\\\/logo\\\/image\\\/\",\"url\":\"https:\\\/\\\/www.sba.it\\\/wp-content\\\/uploads\\\/2019\\\/04\\\/Logo-rosso_nero.png\",\"contentUrl\":\"https:\\\/\\\/www.sba.it\\\/wp-content\\\/uploads\\\/2019\\\/04\\\/Logo-rosso_nero.png\",\"width\":2532,\"height\":1137,\"caption\":\"Societ\u00e0 di Belle Arti\"},\"image\":{\"@id\":\"https:\\\/\\\/www.sba.it\\\/#\\\/schema\\\/logo\\\/image\\\/\"},\"sameAs\":[\"https:\\\/\\\/www.facebook.com\\\/pitturaitaliana800e900\\\/\",\"https:\\\/\\\/x.com\\\/SocietaArti\",\"https:\\\/\\\/www.instagram.com\\\/societadibellearti\",\"https:\\\/\\\/www.linkedin.com\\\/in\\\/societ\u00e0-di-belle-arti-363aa8191\\\/\",\"https:\\\/\\\/www.youtube.com\\\/channel\\\/UC6fJlk-ajwhsnEIICATyXaQ\"]}]}<\/script>\n<!-- \/ Yoast SEO plugin. -->","yoast_head_json":{"title":"Focardi Ruggero (1864-1934). Biorafia. Quadri in vendita.","description":"Ruggero Focardi leggi la vita del pittore toscano dell'800, vendita e acquisto online dipinti macchiaioli toscani dell'800 di Ruggero Focardi scopri come","robots":{"index":"index","follow":"follow","max-snippet":"max-snippet:-1","max-image-preview":"max-image-preview:large","max-video-preview":"max-video-preview:-1"},"canonical":"https:\/\/www.sba.it\/zh-hans\/\u827a\u672f\u5bb6\/ruggero-focardi-biografia-quadri-vendita-stima-perizia-certificata-dipinti-ruggero-focardi\/","og_locale":"zh_CN","og_type":"article","og_title":"Focardi Ruggero (1864-1934). Biorafia. Quadri in vendita.","og_description":"Ruggero Focardi leggi la vita del pittore toscano dell'800, vendita e acquisto online dipinti macchiaioli toscani dell'800 di Ruggero Focardi scopri come","og_url":"https:\/\/www.sba.it\/zh-hans\/\u827a\u672f\u5bb6\/ruggero-focardi-biografia-quadri-vendita-stima-perizia-certificata-dipinti-ruggero-focardi\/","og_site_name":"Societ\u00e0 di Belle Arti","article_publisher":"https:\/\/www.facebook.com\/pitturaitaliana800e900\/","article_modified_time":"2019-04-10T13:07:39+00:00","og_image":[{"width":300,"height":441,"url":"https:\/\/www.sba.it\/wp-content\/uploads\/2018\/05\/images_artisti_focardi-ruggero-immagine.jpg","type":"image\/jpeg"}],"twitter_card":"summary_large_image","twitter_site":"@SocietaArti","twitter_misc":{"\u9884\u8ba1\u9605\u8bfb\u65f6\u95f4":"1 \u5206"},"schema":{"@context":"https:\/\/schema.org","@graph":[{"@type":"WebPage","@id":"https:\/\/www.sba.it\/zh-hans\/%e8%89%ba%e6%9c%af%e5%ae%b6\/ruggero-focardi-biografia-quadri-vendita-stima-perizia-certificata-dipinti-ruggero-focardi\/","url":"https:\/\/www.sba.it\/zh-hans\/%e8%89%ba%e6%9c%af%e5%ae%b6\/ruggero-focardi-biografia-quadri-vendita-stima-perizia-certificata-dipinti-ruggero-focardi\/","name":"Focardi Ruggero (1864-1934). Biorafia. Quadri in vendita.","isPartOf":{"@id":"https:\/\/www.sba.it\/#website"},"primaryImageOfPage":{"@id":"https:\/\/www.sba.it\/zh-hans\/%e8%89%ba%e6%9c%af%e5%ae%b6\/ruggero-focardi-biografia-quadri-vendita-stima-perizia-certificata-dipinti-ruggero-focardi\/#primaryimage"},"image":{"@id":"https:\/\/www.sba.it\/zh-hans\/%e8%89%ba%e6%9c%af%e5%ae%b6\/ruggero-focardi-biografia-quadri-vendita-stima-perizia-certificata-dipinti-ruggero-focardi\/#primaryimage"},"thumbnailUrl":"https:\/\/www.sba.it\/wp-content\/uploads\/2018\/05\/images_artisti_focardi-ruggero-immagine.jpg","datePublished":"2018-05-29T06:27:50+00:00","dateModified":"2019-04-10T13:07:39+00:00","description":"Ruggero Focardi leggi la vita del pittore toscano dell'800, vendita e acquisto online dipinti macchiaioli toscani dell'800 di Ruggero Focardi scopri come","breadcrumb":{"@id":"https:\/\/www.sba.it\/zh-hans\/%e8%89%ba%e6%9c%af%e5%ae%b6\/ruggero-focardi-biografia-quadri-vendita-stima-perizia-certificata-dipinti-ruggero-focardi\/#breadcrumb"},"inLanguage":"zh-Hans","potentialAction":[{"@type":"ReadAction","target":["https:\/\/www.sba.it\/zh-hans\/%e8%89%ba%e6%9c%af%e5%ae%b6\/ruggero-focardi-biografia-quadri-vendita-stima-perizia-certificata-dipinti-ruggero-focardi\/"]}]},{"@type":"ImageObject","inLanguage":"zh-Hans","@id":"https:\/\/www.sba.it\/zh-hans\/%e8%89%ba%e6%9c%af%e5%ae%b6\/ruggero-focardi-biografia-quadri-vendita-stima-perizia-certificata-dipinti-ruggero-focardi\/#primaryimage","url":"https:\/\/www.sba.it\/wp-content\/uploads\/2018\/05\/images_artisti_focardi-ruggero-immagine.jpg","contentUrl":"https:\/\/www.sba.it\/wp-content\/uploads\/2018\/05\/images_artisti_focardi-ruggero-immagine.jpg","width":300,"height":441,"caption":"Foto del pittore Ruggero Focardi"},{"@type":"BreadcrumbList","@id":"https:\/\/www.sba.it\/zh-hans\/%e8%89%ba%e6%9c%af%e5%ae%b6\/ruggero-focardi-biografia-quadri-vendita-stima-perizia-certificata-dipinti-ruggero-focardi\/#breadcrumb","itemListElement":[{"@type":"ListItem","position":1,"name":"Home","item":"https:\/\/www.sba.it\/zh-hans\/"},{"@type":"ListItem","position":2,"name":"\u827a\u672f\u5bb6","item":"https:\/\/www.sba.it\/zh-hans\/%e8%89%ba%e6%9c%af%e5%ae%b6\/"},{"@type":"ListItem","position":3,"name":"Focardi Ruggero (1864-1934). Biorafia. Quadri in vendita."}]},{"@type":"WebSite","@id":"https:\/\/www.sba.it\/#website","url":"https:\/\/www.sba.it\/","name":"Societ\u00e0 di Belle Arti","description":"Quadri macchiaioli e del 800 e 900 in vendita","publisher":{"@id":"https:\/\/www.sba.it\/#organization"},"potentialAction":[{"@type":"SearchAction","target":{"@type":"EntryPoint","urlTemplate":"https:\/\/www.sba.it\/?s={search_term_string}"},"query-input":{"@type":"PropertyValueSpecification","valueRequired":true,"valueName":"search_term_string"}}],"inLanguage":"zh-Hans"},{"@type":"Organization","@id":"https:\/\/www.sba.it\/#organization","name":"Societ\u00e0 di Belle Arti","url":"https:\/\/www.sba.it\/","logo":{"@type":"ImageObject","inLanguage":"zh-Hans","@id":"https:\/\/www.sba.it\/#\/schema\/logo\/image\/","url":"https:\/\/www.sba.it\/wp-content\/uploads\/2019\/04\/Logo-rosso_nero.png","contentUrl":"https:\/\/www.sba.it\/wp-content\/uploads\/2019\/04\/Logo-rosso_nero.png","width":2532,"height":1137,"caption":"Societ\u00e0 di Belle Arti"},"image":{"@id":"https:\/\/www.sba.it\/#\/schema\/logo\/image\/"},"sameAs":["https:\/\/www.facebook.com\/pitturaitaliana800e900\/","https:\/\/x.com\/SocietaArti","https:\/\/www.instagram.com\/societadibellearti","https:\/\/www.linkedin.com\/in\/societ\u00e0-di-belle-arti-363aa8191\/","https:\/\/www.youtube.com\/channel\/UC6fJlk-ajwhsnEIICATyXaQ"]}]}},"_links":{"self":[{"href":"https:\/\/www.sba.it\/zh-hans\/wp-json\/wp\/v2\/pages\/75799","targetHints":{"allow":["GET"]}}],"collection":[{"href":"https:\/\/www.sba.it\/zh-hans\/wp-json\/wp\/v2\/pages"}],"about":[{"href":"https:\/\/www.sba.it\/zh-hans\/wp-json\/wp\/v2\/types\/page"}],"author":[{"embeddable":true,"href":"https:\/\/www.sba.it\/zh-hans\/wp-json\/wp\/v2\/users\/2"}],"replies":[{"embeddable":true,"href":"https:\/\/www.sba.it\/zh-hans\/wp-json\/wp\/v2\/comments?post=75799"}],"version-history":[{"count":2,"href":"https:\/\/www.sba.it\/zh-hans\/wp-json\/wp\/v2\/pages\/75799\/revisions"}],"predecessor-version":[{"id":81301,"href":"https:\/\/www.sba.it\/zh-hans\/wp-json\/wp\/v2\/pages\/75799\/revisions\/81301"}],"up":[{"embeddable":true,"href":"https:\/\/www.sba.it\/zh-hans\/wp-json\/wp\/v2\/pages\/73502"}],"wp:featuredmedia":[{"embeddable":true,"href":"https:\/\/www.sba.it\/zh-hans\/wp-json\/wp\/v2\/media\/3277"}],"wp:attachment":[{"href":"https:\/\/www.sba.it\/zh-hans\/wp-json\/wp\/v2\/media?parent=75799"}],"curies":[{"name":"wp","href":"https:\/\/api.w.org\/{rel}","templated":true}]}}