{"id":75595,"date":"2018-04-05T07:42:29","date_gmt":"2018-04-05T05:42:29","guid":{"rendered":"http:\/\/www.sba.it\/carlo-bossoli-biografia-quadri-vendita-perizia-stima-expertise-dipinti-carlo-bossoli\/"},"modified":"2019-04-13T11:26:00","modified_gmt":"2019-04-13T09:26:00","slug":"carlo-bossoli-biografia-quadri-vendita-perizia-stima-expertise-dipinti-carlo-bossoli","status":"publish","type":"page","link":"https:\/\/www.sba.it\/zh-hans\/%e8%89%ba%e6%9c%af%e5%ae%b6\/carlo-bossoli-biografia-quadri-vendita-perizia-stima-expertise-dipinti-carlo-bossoli\/","title":{"rendered":"Bossoli Carlo (1815-1884). Biografia. Quadri in vendita."},"content":{"rendered":"<p style=\"text-align: justify;\"><img decoding=\"async\" class=\" alignleft size-full wp-image-3157\" style=\"margin-right: 20px; float: left;\" src=\"http:\/\/www.sba.it\/wp-content\/uploads\/2018\/04\/images_artisti_Carlo-Bossoli-autoritratto.jpg\" alt=\"Carlo-Bossoli-autoritratto\" width=\"300\" height=\"391\" srcset=\"https:\/\/www.sba.it\/wp-content\/uploads\/2018\/04\/images_artisti_Carlo-Bossoli-autoritratto.jpg 300w, https:\/\/www.sba.it\/wp-content\/uploads\/2018\/04\/images_artisti_Carlo-Bossoli-autoritratto-230x300.jpg 230w\" sizes=\"(max-width: 300px) 100vw, 300px\" \/>Carlo Bossoli nacque a Lugano nel 1815.<\/p>\n<p style=\"text-align: justify;\">Grazie ad una spiccata inclinazione per disegno, manifestatasi precocemente, abbandon\u00f2 l\u2019impiego di commesso presso un libraio per seguire gli insegnamenti di Nannini, pittore scenografo romagnolo.<\/p>\n<p style=\"text-align: justify;\">Molto apprezzato dalla societ\u00e0 altolocata, ricevette la prima commissione nel 1833 realizzando quattro vedute per una contessa di Odessa, citt\u00e0 nella quale aveva trascorso l\u2019infanzia.<\/p>\n<p style=\"text-align: justify;\">Tra i suoi estimatori vi furono anche \u00a0i principi Voronkov che, nel 1839, lo spinsero a visitare le rovine di Roma e il paesaggio napoletano, dove entr\u00f2 in contatto con la Scuola di Posillipo.<\/p>\n<p style=\"text-align: justify;\">Rientrato ad Odessa nel 1840, soggiorn\u00f2 a lungo in Crimea, presso la residenza del principe Voronkov.<\/p>\n<p style=\"text-align: justify;\">Tre anni pi\u00f9 dopo torn\u00f2 in Italia, sostando dapprima a Milano e poi a Torino.<\/p>\n<p style=\"text-align: justify;\">Il desiderio di rinnovarsi lo port\u00f2 a intraprendere numerosi viaggi, grazie ai quali conobbe realt\u00e0 diverse, puntualmente registrate in schizzi e disegni su taccuini poi sviluppati in dipinti destinati ad una facoltosa clientela.<\/p>\n<p style=\"text-align: justify;\">Nel 1850 fu in Inghilterra, Scozia e Irlanda, l\u2019anno seguente visit\u00f2 Spagna e Marocco e, nel \u201967, si rec\u00f2 nei paesi nordici e nell\u2019Europa centrale.<\/p>\n<p style=\"text-align: justify;\">Negli anni Cinquanta si ciment\u00f2 nuovamente nella tecnica litografica, gi\u00e0 sperimentata a Odessa.<\/p>\n<p style=\"text-align: justify;\">Nel \u201851 pubblic\u00f2 a Torino un album con 12 Vedute della citt\u00e0; due anni dopo a Londra usc\u00ec la serie di incisioni tratte dai dipinti dedicati ai luoghi delle nuove ferrovie piemontesi e nel \u201856, sempre a Londra, pubblic\u00f2 le sue Vedute di Crimea.<\/p>\n<p style=\"text-align: justify;\">Nelle guerre del 1859 e del 1860 accompagn\u00f2 le truppe del Re di Sardegna con il compito di rappresentare le battaglie e i paesaggi.<\/p>\n<p style=\"text-align: justify;\">Mor\u00ec a Torino nel 1884.<\/p>\n<h3 style=\"font-size: 12pt;\"><\/h3>\n<h3><a href=\"https:\/\/www.sba.it\/zh-hans\/%e8%89%ba%e6%9c%af%e6%9d%b0%e4%bd%9c\/\">CATALOGO OPERE\u00a0<\/a>\u00a0| \u00a0<a href=\"https:\/\/www.sba.it\/zh-hans\/%e5%87%ba%e5%94%ae\/\">VUOI VENDERE O COMPRARE UN QUADRO DI QUESTO ARTISTA?<\/a><\/h3>\n","protected":false},"excerpt":{"rendered":"<p>Carlo Bossoli nacque [&hellip;]<\/p>\n","protected":false},"author":2,"featured_media":3158,"parent":73502,"menu_order":29,"comment_status":"closed","ping_status":"closed","template":"","meta":{"_monsterinsights_skip_tracking":false,"_monsterinsights_sitenote_active":false,"_monsterinsights_sitenote_note":"","_monsterinsights_sitenote_category":0,"footnotes":""},"class_list":["post-75595","page","type-page","status-publish","has-post-thumbnail","hentry","page_category-1275"],"yoast_head":"<!-- This site is optimized with the Yoast SEO plugin v27.5 - https:\/\/yoast.com\/product\/yoast-seo-wordpress\/ -->\n<title>Bossoli Carlo (1815-1884). Biografia. Quadri in vendita.<\/title>\n<meta name=\"description\" content=\"Carlo Bossoli leggi la vita del pittore dell&#039;800, vendita e acquisto online dipinti dell&#039;800 di Carlo Bossoli scopri come, Carlo Bossoli quadri vendita\" \/>\n<meta name=\"robots\" content=\"index, follow, max-snippet:-1, max-image-preview:large, max-video-preview:-1\" \/>\n<link rel=\"canonical\" href=\"https:\/\/www.sba.it\/zh-hans\/\u827a\u672f\u5bb6\/carlo-bossoli-biografia-quadri-vendita-perizia-stima-expertise-dipinti-carlo-bossoli\/\" \/>\n<meta property=\"og:locale\" content=\"zh_CN\" \/>\n<meta property=\"og:type\" content=\"article\" \/>\n<meta property=\"og:title\" content=\"Bossoli Carlo (1815-1884). Biografia. Quadri in vendita.\" \/>\n<meta property=\"og:description\" content=\"Carlo Bossoli leggi la vita del pittore dell&#039;800, vendita e acquisto online dipinti dell&#039;800 di Carlo Bossoli scopri come, Carlo Bossoli quadri vendita\" \/>\n<meta property=\"og:url\" content=\"https:\/\/www.sba.it\/zh-hans\/\u827a\u672f\u5bb6\/carlo-bossoli-biografia-quadri-vendita-perizia-stima-expertise-dipinti-carlo-bossoli\/\" \/>\n<meta property=\"og:site_name\" content=\"Societ\u00e0 di Belle Arti\" \/>\n<meta property=\"article:publisher\" content=\"https:\/\/www.facebook.com\/pitturaitaliana800e900\/\" \/>\n<meta property=\"article:modified_time\" content=\"2019-04-13T09:26:00+00:00\" \/>\n<meta property=\"og:image\" content=\"https:\/\/www.sba.it\/wp-content\/uploads\/2018\/04\/images_artisti_Carlo-Bossoli-autoritratto.jpg\" \/>\n\t<meta property=\"og:image:width\" content=\"300\" \/>\n\t<meta property=\"og:image:height\" content=\"391\" \/>\n\t<meta property=\"og:image:type\" content=\"image\/jpeg\" \/>\n<meta name=\"twitter:card\" content=\"summary_large_image\" \/>\n<meta name=\"twitter:site\" content=\"@SocietaArti\" \/>\n<meta name=\"twitter:label1\" content=\"\u9884\u8ba1\u9605\u8bfb\u65f6\u95f4\" \/>\n\t<meta name=\"twitter:data1\" content=\"1 \u5206\" \/>\n<script type=\"application\/ld+json\" class=\"yoast-schema-graph\">{\"@context\":\"https:\\\/\\\/schema.org\",\"@graph\":[{\"@type\":\"WebPage\",\"@id\":\"https:\\\/\\\/www.sba.it\\\/zh-hans\\\/%e8%89%ba%e6%9c%af%e5%ae%b6\\\/carlo-bossoli-biografia-quadri-vendita-perizia-stima-expertise-dipinti-carlo-bossoli\\\/\",\"url\":\"https:\\\/\\\/www.sba.it\\\/zh-hans\\\/%e8%89%ba%e6%9c%af%e5%ae%b6\\\/carlo-bossoli-biografia-quadri-vendita-perizia-stima-expertise-dipinti-carlo-bossoli\\\/\",\"name\":\"Bossoli Carlo (1815-1884). Biografia. Quadri in vendita.\",\"isPartOf\":{\"@id\":\"https:\\\/\\\/www.sba.it\\\/#website\"},\"primaryImageOfPage\":{\"@id\":\"https:\\\/\\\/www.sba.it\\\/zh-hans\\\/%e8%89%ba%e6%9c%af%e5%ae%b6\\\/carlo-bossoli-biografia-quadri-vendita-perizia-stima-expertise-dipinti-carlo-bossoli\\\/#primaryimage\"},\"image\":{\"@id\":\"https:\\\/\\\/www.sba.it\\\/zh-hans\\\/%e8%89%ba%e6%9c%af%e5%ae%b6\\\/carlo-bossoli-biografia-quadri-vendita-perizia-stima-expertise-dipinti-carlo-bossoli\\\/#primaryimage\"},\"thumbnailUrl\":\"https:\\\/\\\/www.sba.it\\\/wp-content\\\/uploads\\\/2018\\\/04\\\/images_artisti_Carlo-Bossoli-autoritratto.jpg\",\"datePublished\":\"2018-04-05T05:42:29+00:00\",\"dateModified\":\"2019-04-13T09:26:00+00:00\",\"description\":\"Carlo Bossoli leggi la vita del pittore dell'800, vendita e acquisto online dipinti dell'800 di Carlo Bossoli scopri come, Carlo Bossoli quadri vendita\",\"breadcrumb\":{\"@id\":\"https:\\\/\\\/www.sba.it\\\/zh-hans\\\/%e8%89%ba%e6%9c%af%e5%ae%b6\\\/carlo-bossoli-biografia-quadri-vendita-perizia-stima-expertise-dipinti-carlo-bossoli\\\/#breadcrumb\"},\"inLanguage\":\"zh-Hans\",\"potentialAction\":[{\"@type\":\"ReadAction\",\"target\":[\"https:\\\/\\\/www.sba.it\\\/zh-hans\\\/%e8%89%ba%e6%9c%af%e5%ae%b6\\\/carlo-bossoli-biografia-quadri-vendita-perizia-stima-expertise-dipinti-carlo-bossoli\\\/\"]}]},{\"@type\":\"ImageObject\",\"inLanguage\":\"zh-Hans\",\"@id\":\"https:\\\/\\\/www.sba.it\\\/zh-hans\\\/%e8%89%ba%e6%9c%af%e5%ae%b6\\\/carlo-bossoli-biografia-quadri-vendita-perizia-stima-expertise-dipinti-carlo-bossoli\\\/#primaryimage\",\"url\":\"https:\\\/\\\/www.sba.it\\\/wp-content\\\/uploads\\\/2018\\\/04\\\/images_artisti_Carlo-Bossoli-autoritratto.jpg\",\"contentUrl\":\"https:\\\/\\\/www.sba.it\\\/wp-content\\\/uploads\\\/2018\\\/04\\\/images_artisti_Carlo-Bossoli-autoritratto.jpg\",\"width\":300,\"height\":391,\"caption\":\"Autoritratto del pittore Carlo Bossoli\"},{\"@type\":\"BreadcrumbList\",\"@id\":\"https:\\\/\\\/www.sba.it\\\/zh-hans\\\/%e8%89%ba%e6%9c%af%e5%ae%b6\\\/carlo-bossoli-biografia-quadri-vendita-perizia-stima-expertise-dipinti-carlo-bossoli\\\/#breadcrumb\",\"itemListElement\":[{\"@type\":\"ListItem\",\"position\":1,\"name\":\"Home\",\"item\":\"https:\\\/\\\/www.sba.it\\\/zh-hans\\\/\"},{\"@type\":\"ListItem\",\"position\":2,\"name\":\"\u827a\u672f\u5bb6\",\"item\":\"https:\\\/\\\/www.sba.it\\\/zh-hans\\\/%e8%89%ba%e6%9c%af%e5%ae%b6\\\/\"},{\"@type\":\"ListItem\",\"position\":3,\"name\":\"Bossoli Carlo (1815-1884). Biografia. Quadri in vendita.\"}]},{\"@type\":\"WebSite\",\"@id\":\"https:\\\/\\\/www.sba.it\\\/#website\",\"url\":\"https:\\\/\\\/www.sba.it\\\/\",\"name\":\"Societ\u00e0 di Belle Arti\",\"description\":\"Quadri macchiaioli e del 800 e 900 in vendita\",\"publisher\":{\"@id\":\"https:\\\/\\\/www.sba.it\\\/#organization\"},\"potentialAction\":[{\"@type\":\"SearchAction\",\"target\":{\"@type\":\"EntryPoint\",\"urlTemplate\":\"https:\\\/\\\/www.sba.it\\\/?s={search_term_string}\"},\"query-input\":{\"@type\":\"PropertyValueSpecification\",\"valueRequired\":true,\"valueName\":\"search_term_string\"}}],\"inLanguage\":\"zh-Hans\"},{\"@type\":\"Organization\",\"@id\":\"https:\\\/\\\/www.sba.it\\\/#organization\",\"name\":\"Societ\u00e0 di Belle Arti\",\"url\":\"https:\\\/\\\/www.sba.it\\\/\",\"logo\":{\"@type\":\"ImageObject\",\"inLanguage\":\"zh-Hans\",\"@id\":\"https:\\\/\\\/www.sba.it\\\/#\\\/schema\\\/logo\\\/image\\\/\",\"url\":\"https:\\\/\\\/www.sba.it\\\/wp-content\\\/uploads\\\/2019\\\/04\\\/Logo-rosso_nero.png\",\"contentUrl\":\"https:\\\/\\\/www.sba.it\\\/wp-content\\\/uploads\\\/2019\\\/04\\\/Logo-rosso_nero.png\",\"width\":2532,\"height\":1137,\"caption\":\"Societ\u00e0 di Belle Arti\"},\"image\":{\"@id\":\"https:\\\/\\\/www.sba.it\\\/#\\\/schema\\\/logo\\\/image\\\/\"},\"sameAs\":[\"https:\\\/\\\/www.facebook.com\\\/pitturaitaliana800e900\\\/\",\"https:\\\/\\\/x.com\\\/SocietaArti\",\"https:\\\/\\\/www.instagram.com\\\/societadibellearti\",\"https:\\\/\\\/www.linkedin.com\\\/in\\\/societ\u00e0-di-belle-arti-363aa8191\\\/\",\"https:\\\/\\\/www.youtube.com\\\/channel\\\/UC6fJlk-ajwhsnEIICATyXaQ\"]}]}<\/script>\n<!-- \/ Yoast SEO plugin. -->","yoast_head_json":{"title":"Bossoli Carlo (1815-1884). Biografia. Quadri in vendita.","description":"Carlo Bossoli leggi la vita del pittore dell'800, vendita e acquisto online dipinti dell'800 di Carlo Bossoli scopri come, Carlo Bossoli quadri vendita","robots":{"index":"index","follow":"follow","max-snippet":"max-snippet:-1","max-image-preview":"max-image-preview:large","max-video-preview":"max-video-preview:-1"},"canonical":"https:\/\/www.sba.it\/zh-hans\/\u827a\u672f\u5bb6\/carlo-bossoli-biografia-quadri-vendita-perizia-stima-expertise-dipinti-carlo-bossoli\/","og_locale":"zh_CN","og_type":"article","og_title":"Bossoli Carlo (1815-1884). Biografia. Quadri in vendita.","og_description":"Carlo Bossoli leggi la vita del pittore dell'800, vendita e acquisto online dipinti dell'800 di Carlo Bossoli scopri come, Carlo Bossoli quadri vendita","og_url":"https:\/\/www.sba.it\/zh-hans\/\u827a\u672f\u5bb6\/carlo-bossoli-biografia-quadri-vendita-perizia-stima-expertise-dipinti-carlo-bossoli\/","og_site_name":"Societ\u00e0 di Belle Arti","article_publisher":"https:\/\/www.facebook.com\/pitturaitaliana800e900\/","article_modified_time":"2019-04-13T09:26:00+00:00","og_image":[{"width":300,"height":391,"url":"https:\/\/www.sba.it\/wp-content\/uploads\/2018\/04\/images_artisti_Carlo-Bossoli-autoritratto.jpg","type":"image\/jpeg"}],"twitter_card":"summary_large_image","twitter_site":"@SocietaArti","twitter_misc":{"\u9884\u8ba1\u9605\u8bfb\u65f6\u95f4":"1 \u5206"},"schema":{"@context":"https:\/\/schema.org","@graph":[{"@type":"WebPage","@id":"https:\/\/www.sba.it\/zh-hans\/%e8%89%ba%e6%9c%af%e5%ae%b6\/carlo-bossoli-biografia-quadri-vendita-perizia-stima-expertise-dipinti-carlo-bossoli\/","url":"https:\/\/www.sba.it\/zh-hans\/%e8%89%ba%e6%9c%af%e5%ae%b6\/carlo-bossoli-biografia-quadri-vendita-perizia-stima-expertise-dipinti-carlo-bossoli\/","name":"Bossoli Carlo (1815-1884). Biografia. Quadri in vendita.","isPartOf":{"@id":"https:\/\/www.sba.it\/#website"},"primaryImageOfPage":{"@id":"https:\/\/www.sba.it\/zh-hans\/%e8%89%ba%e6%9c%af%e5%ae%b6\/carlo-bossoli-biografia-quadri-vendita-perizia-stima-expertise-dipinti-carlo-bossoli\/#primaryimage"},"image":{"@id":"https:\/\/www.sba.it\/zh-hans\/%e8%89%ba%e6%9c%af%e5%ae%b6\/carlo-bossoli-biografia-quadri-vendita-perizia-stima-expertise-dipinti-carlo-bossoli\/#primaryimage"},"thumbnailUrl":"https:\/\/www.sba.it\/wp-content\/uploads\/2018\/04\/images_artisti_Carlo-Bossoli-autoritratto.jpg","datePublished":"2018-04-05T05:42:29+00:00","dateModified":"2019-04-13T09:26:00+00:00","description":"Carlo Bossoli leggi la vita del pittore dell'800, vendita e acquisto online dipinti dell'800 di Carlo Bossoli scopri come, Carlo Bossoli quadri vendita","breadcrumb":{"@id":"https:\/\/www.sba.it\/zh-hans\/%e8%89%ba%e6%9c%af%e5%ae%b6\/carlo-bossoli-biografia-quadri-vendita-perizia-stima-expertise-dipinti-carlo-bossoli\/#breadcrumb"},"inLanguage":"zh-Hans","potentialAction":[{"@type":"ReadAction","target":["https:\/\/www.sba.it\/zh-hans\/%e8%89%ba%e6%9c%af%e5%ae%b6\/carlo-bossoli-biografia-quadri-vendita-perizia-stima-expertise-dipinti-carlo-bossoli\/"]}]},{"@type":"ImageObject","inLanguage":"zh-Hans","@id":"https:\/\/www.sba.it\/zh-hans\/%e8%89%ba%e6%9c%af%e5%ae%b6\/carlo-bossoli-biografia-quadri-vendita-perizia-stima-expertise-dipinti-carlo-bossoli\/#primaryimage","url":"https:\/\/www.sba.it\/wp-content\/uploads\/2018\/04\/images_artisti_Carlo-Bossoli-autoritratto.jpg","contentUrl":"https:\/\/www.sba.it\/wp-content\/uploads\/2018\/04\/images_artisti_Carlo-Bossoli-autoritratto.jpg","width":300,"height":391,"caption":"Autoritratto del pittore Carlo Bossoli"},{"@type":"BreadcrumbList","@id":"https:\/\/www.sba.it\/zh-hans\/%e8%89%ba%e6%9c%af%e5%ae%b6\/carlo-bossoli-biografia-quadri-vendita-perizia-stima-expertise-dipinti-carlo-bossoli\/#breadcrumb","itemListElement":[{"@type":"ListItem","position":1,"name":"Home","item":"https:\/\/www.sba.it\/zh-hans\/"},{"@type":"ListItem","position":2,"name":"\u827a\u672f\u5bb6","item":"https:\/\/www.sba.it\/zh-hans\/%e8%89%ba%e6%9c%af%e5%ae%b6\/"},{"@type":"ListItem","position":3,"name":"Bossoli Carlo (1815-1884). Biografia. Quadri in vendita."}]},{"@type":"WebSite","@id":"https:\/\/www.sba.it\/#website","url":"https:\/\/www.sba.it\/","name":"Societ\u00e0 di Belle Arti","description":"Quadri macchiaioli e del 800 e 900 in vendita","publisher":{"@id":"https:\/\/www.sba.it\/#organization"},"potentialAction":[{"@type":"SearchAction","target":{"@type":"EntryPoint","urlTemplate":"https:\/\/www.sba.it\/?s={search_term_string}"},"query-input":{"@type":"PropertyValueSpecification","valueRequired":true,"valueName":"search_term_string"}}],"inLanguage":"zh-Hans"},{"@type":"Organization","@id":"https:\/\/www.sba.it\/#organization","name":"Societ\u00e0 di Belle Arti","url":"https:\/\/www.sba.it\/","logo":{"@type":"ImageObject","inLanguage":"zh-Hans","@id":"https:\/\/www.sba.it\/#\/schema\/logo\/image\/","url":"https:\/\/www.sba.it\/wp-content\/uploads\/2019\/04\/Logo-rosso_nero.png","contentUrl":"https:\/\/www.sba.it\/wp-content\/uploads\/2019\/04\/Logo-rosso_nero.png","width":2532,"height":1137,"caption":"Societ\u00e0 di Belle Arti"},"image":{"@id":"https:\/\/www.sba.it\/#\/schema\/logo\/image\/"},"sameAs":["https:\/\/www.facebook.com\/pitturaitaliana800e900\/","https:\/\/x.com\/SocietaArti","https:\/\/www.instagram.com\/societadibellearti","https:\/\/www.linkedin.com\/in\/societ\u00e0-di-belle-arti-363aa8191\/","https:\/\/www.youtube.com\/channel\/UC6fJlk-ajwhsnEIICATyXaQ"]}]}},"_links":{"self":[{"href":"https:\/\/www.sba.it\/zh-hans\/wp-json\/wp\/v2\/pages\/75595","targetHints":{"allow":["GET"]}}],"collection":[{"href":"https:\/\/www.sba.it\/zh-hans\/wp-json\/wp\/v2\/pages"}],"about":[{"href":"https:\/\/www.sba.it\/zh-hans\/wp-json\/wp\/v2\/types\/page"}],"author":[{"embeddable":true,"href":"https:\/\/www.sba.it\/zh-hans\/wp-json\/wp\/v2\/users\/2"}],"replies":[{"embeddable":true,"href":"https:\/\/www.sba.it\/zh-hans\/wp-json\/wp\/v2\/comments?post=75595"}],"version-history":[{"count":3,"href":"https:\/\/www.sba.it\/zh-hans\/wp-json\/wp\/v2\/pages\/75595\/revisions"}],"predecessor-version":[{"id":82060,"href":"https:\/\/www.sba.it\/zh-hans\/wp-json\/wp\/v2\/pages\/75595\/revisions\/82060"}],"up":[{"embeddable":true,"href":"https:\/\/www.sba.it\/zh-hans\/wp-json\/wp\/v2\/pages\/73502"}],"wp:featuredmedia":[{"embeddable":true,"href":"https:\/\/www.sba.it\/zh-hans\/wp-json\/wp\/v2\/media\/3158"}],"wp:attachment":[{"href":"https:\/\/www.sba.it\/zh-hans\/wp-json\/wp\/v2\/media?parent=75595"}],"curies":[{"name":"wp","href":"https:\/\/api.w.org\/{rel}","templated":true}]}}