{"id":74377,"date":"2015-10-13T08:31:04","date_gmt":"2015-10-13T06:31:04","guid":{"rendered":"http:\/\/www.sba.it\/milesi-alessandro-biografia-quadri-in-vendita-valutazione-stima-perizia-certificata-di-dipinti-di-milesi-alessandro\/"},"modified":"2021-10-29T10:51:20","modified_gmt":"2021-10-29T08:51:20","slug":"milesi-alessandro-biografia-quadri-in-vendita-valutazione-stima-perizia-certificata-di-dipinti-di-milesi-alessandro","status":"publish","type":"page","link":"https:\/\/www.sba.it\/zh-hans\/%e8%89%ba%e6%9c%af%e5%ae%b6\/milesi-alessandro-biografia-quadri-in-vendita-valutazione-stima-perizia-certificata-di-dipinti-di-milesi-alessandro\/","title":{"rendered":"Milesi Alessandro (1856-1945). Biografia. Quadri in vendita."},"content":{"rendered":"<p><em>&#8220;Alessandro Milesi &#8230;il pi\u00f9 veneziano dei pittori nostri che cantano Venezia a note di tinte svariate, perch\u00e8 sa trovare subito il tono giusto di questi cieli e di queste acque, perch\u00e8, anima semplice, gentile, aperta, espansiva, sa penetrare nello spirito di questo popolo, che anima le fondamenta, le calli, i campi di questa citt\u00e0 unica al mondo&#8221;.<\/em><\/p>\n<p>&nbsp;<\/p>\n<p><em>\u00a0\u00a0\u00a0\u00a0\u00a0\u00a0\u00a0\u00a0\u00a0\u00a0\u00a0\u00a0\u00a0\u00a0\u00a0\u00a0\u00a0\u00a0\u00a0\u00a0\u00a0\u00a0\u00a0\u00a0\u00a0\u00a0\u00a0\u00a0\u00a0\u00a0\u00a0\u00a0\u00a0\u00a0\u00a0\u00a0\u00a0\u00a0\u00a0\u00a0\u00a0\u00a0\u00a0\u00a0\u00a0\u00a0\u00a0\u00a0\u00a0\u00a0\u00a0\u00a0\u00a0\u00a0\u00a0\u00a0\u00a0\u00a0\u00a0\u00a0\u00a0\u00a0\u00a0\u00a0\u00a0\u00a0\u00a0\u00a0\u00a0\u00a0\u00a0\u00a0\u00a0\u00a0\u00a0\u00a0\u00a0\u00a0\u00a0\u00a0\u00a0\u00a0\u00a0\u00a0\u00a0\u00a0\u00a0\u00a0\u00a0\u00a0\u00a0\u00a0\u00a0\u00a0\u00a0\u00a0\u00a0\u00a0\u00a0\u00a0\u00a0\u00a0\u00a0\u00a0\u00a0\u00a0\u00a0\u00a0\u00a0\u00a0\u00a0\u00a0\u00a0\u00a0\u00a0\u00a0\u00a0\u00a0\u00a0\u00a0\u00a0\u00a0\u00a0\u00a0\u00a0\u00a0\u00a0\u00a0\u00a0\u00a0\u00a0\u00a0\u00a0\u00a0\u00a0\u00a0\u00a0\u00a0\u00a0\u00a0\u00a0\u00a0\u00a0\u00a0\u00a0\u00a0\u00a0\u00a0\u00a0\u00a0\u00a0\u00a0\u00a0\u00a0\u00a0 <\/em>\u00a0\u00a0\u00a0\u00a0\u00a0\u00a0\u00a0\u00a0\u00a0\u00a0\u00a0\u00a0\u00a0\u00a0\u00a0\u00a0\u00a0\u00a0\u00a0\u00a0\u00a0\u00a0\u00a0\u00a0\u00a0\u00a0\u00a0\u00a0\u00a0\u00a0\u00a0\u00a0\u00a0\u00a0\u00a0\u00a0\u00a0\u00a0\u00a0\u00a0\u00a0\u00a0\u00a0\u00a0\u00a0\u00a0\u00a0\u00a0\u00a0\u00a0\u00a0\u00a0\u00a0\u00a0\u00a0\u00a0\u00a0\u00a0\u00a0\u00a0\u00a0\u00a0\u00a0\u00a0\u00a0\u00a0\u00a0\u00a0\u00a0\u00a0\u00a0\u00a0\u00a0\u00a0\u00a0\u00a0\u00a0\u00a0\u00a0\u00a0\u00a0\u00a0\u00a0\u00a0\u00a0\u00a0\u00a0\u00a0\u00a0\u00a0\u00a0\u00a0\u00a0\u00a0\u00a0\u00a0\u00a0\u00a0\u00a0\u00a0\u00a0\u00a0\u00a0\u00a0\u00a0\u00a0\u00a0\u00a0\u00a0\u00a0\u00a0\u00a0\u00a0\u00a0\u00a0\u00a0\u00a0\u00a0\u00a0\u00a0\u00a0\u00a0\u00a0\u00a0\u00a0\u00a0\u00a0\u00a0\u00a0\u00a0\u00a0\u00a0\u00a0\u00a0\u00a0\u00a0\u00a0\u00a0\u00a0\u00a0\u00a0\u00a0\u00a0\u00a0\u00a0\u00a0\u00a0\u00a0\u00a0\u00a0\u00a0\u00a0\u00a0\u00a0\u00a0\u00a0\u00a0\u00a0\u00a0\u00a0\u00a0\u00a0\u00a0 (Giuseppe Bigagli, gennaio 1931)<\/p>\n<p>&nbsp;<\/p>\n<p><img decoding=\"async\" class=\" alignleft size-full wp-image-1849\" style=\"margin-right: 20px; float: left;\" src=\"http:\/\/www.sba.it\/wp-content\/uploads\/2015\/10\/images_artisti_eccolo.jpg\" alt=\"eccolo\" width=\"97\" height=\"126\" \/>Alessandro Milesi nasce il 29 aprile 1856 a San Trovaso.<\/p>\n<p>Causa le precarie condizioni di salute del padre \u00e8 costretto a provvedere al mantenimento della famiglia iniziando a lavorare come garzone in una tabaccheria.<\/p>\n<p>Nel 1869 si iscrive alla Regia Accademia di Belle Arti sotto la guida di Napoleone Nani che gli procura un lavoro come ritoccatore presso un fotografo.<\/p>\n<p>Nel periodo di frequentazione dei corsi ottiene vari premi; compagni all&#8217;Accademia sono <a href=\"http:\/\/www.sba.it\/nono-luigi-biografia-quadri-in-vendita-valutazione-stima-perizia-certificata-di-dipinti-di-nono-luigi\/\">Luigi Nono<\/a>, Egisto Lancerotto, <a href=\"index.php?option=com_content&amp;view=category&amp;id=25&amp;Itemid=177\">Giacomo Favretto<\/a> ed<a href=\"http:\/\/www.sba.it\/tito-ettore-vendita-quadri-e-dipinti-di-ettore-tito-societa-di-belle-arti\/\"> Ettore Tito<\/a>.<\/p>\n<p>Nel 1886 Milesi sposa Maria Ciardi, sorella dell&#8217;amico e pittore <a href=\"http:\/\/www.sba.it\/guglielmo-ciardi-biografia-quadri-in-vendita-valutazione-stima-perizia-certificata-di-dipinti-di-guglielmo-ciardi\/\">Guglielmo Ciardi<\/a>.<\/p>\n<p>Seguendo le lezioni di Nani nominato nel frattempo direttore e titolare della cattedra di pittura all&#8217;<a href=\"https:\/\/www.accademia-cignaroli.it\/\">Accademia Cignaroli<\/a> di Verona, Milesi termina qui gli studi.<\/p>\n<p>Ritornato a Venezia si dedica esclusivamente alla pittura; nel 1899 entra a far parte della Corporazione di Pittori e Scultori Italiani con lo scopo di dare maggior impulso all&#8217;arte.<\/p>\n<p>Espone ad importanti rassegne quali l&#8217;Esposizione nazionale di Milano e l&#8217;Esposizione Internazionale di Boston.<\/p>\n<p>Parte, volontario, per la prima guerra mondiale.<\/p>\n<p>Alessandro Milesi muore\u00a0 il 19 ottobre 1945 a Venezia.<\/p>\n<p>&nbsp;<\/p>\n<p>&nbsp;<\/p>\n<p>&nbsp;<\/p>\n<h3 style=\"font-size: 12pt;\"><a href=\"https:\/\/www.sba.it\/zh-hans\/%e8%89%ba%e6%9c%af%e6%9d%b0%e4%bd%9c\/\"><strong>CATALOGO OPERE<\/strong>\u00a0|<\/a>\u00a0<a href=\"https:\/\/www.sba.it\/zh-hans\/%e5%87%ba%e5%94%ae\/\">V<strong>UOI VENDERE O COMPRARE UN QUADRO DI QUESTO ARTISTA?<\/strong><\/a><\/h3>\n<p>&nbsp;<\/p>\n<p>&nbsp;<\/p>\n","protected":false},"excerpt":{"rendered":"<p>&#8220;Alessandro Mi [&hellip;]<\/p>\n","protected":false},"author":2,"featured_media":1850,"parent":73502,"menu_order":105,"comment_status":"closed","ping_status":"closed","template":"","meta":{"_monsterinsights_skip_tracking":false,"_monsterinsights_sitenote_active":false,"_monsterinsights_sitenote_note":"","_monsterinsights_sitenote_category":0,"footnotes":""},"class_list":["post-74377","page","type-page","status-publish","has-post-thumbnail","hentry","page_category-1275"],"yoast_head":"<!-- This site is optimized with the Yoast SEO plugin v27.5 - https:\/\/yoast.com\/product\/yoast-seo-wordpress\/ -->\n<title>Milesi Alessandro (1856-1945). Biografia. Quadri in vendita.<\/title>\n<meta name=\"description\" content=\"Milesi Alessandro leggi la vita del pittore dell&#039;800, Alessandro Milesi dipinti in vendita, quadri italiani dell&#039;800 dove comprare\" \/>\n<meta name=\"robots\" content=\"index, follow, max-snippet:-1, max-image-preview:large, max-video-preview:-1\" \/>\n<link rel=\"canonical\" href=\"https:\/\/www.sba.it\/zh-hans\/\u827a\u672f\u5bb6\/milesi-alessandro-biografia-quadri-in-vendita-valutazione-stima-perizia-certificata-di-dipinti-di-milesi-alessandro\/\" \/>\n<meta property=\"og:locale\" content=\"zh_CN\" \/>\n<meta property=\"og:type\" content=\"article\" \/>\n<meta property=\"og:title\" content=\"Milesi Alessandro (1856-1945). Biografia. Quadri in vendita.\" \/>\n<meta property=\"og:description\" content=\"Milesi Alessandro leggi la vita del pittore dell&#039;800, Alessandro Milesi dipinti in vendita, quadri italiani dell&#039;800 dove comprare\" \/>\n<meta property=\"og:url\" content=\"https:\/\/www.sba.it\/zh-hans\/\u827a\u672f\u5bb6\/milesi-alessandro-biografia-quadri-in-vendita-valutazione-stima-perizia-certificata-di-dipinti-di-milesi-alessandro\/\" \/>\n<meta property=\"og:site_name\" content=\"Societ\u00e0 di Belle Arti\" \/>\n<meta property=\"article:publisher\" content=\"https:\/\/www.facebook.com\/pitturaitaliana800e900\/\" \/>\n<meta property=\"article:modified_time\" content=\"2021-10-29T08:51:20+00:00\" \/>\n<meta property=\"og:image\" content=\"https:\/\/www.sba.it\/wp-content\/uploads\/2015\/10\/images_artisti_eccolo.jpg\" \/>\n\t<meta property=\"og:image:width\" content=\"231\" \/>\n\t<meta property=\"og:image:height\" content=\"300\" \/>\n\t<meta property=\"og:image:type\" content=\"image\/jpeg\" \/>\n<meta name=\"twitter:card\" content=\"summary_large_image\" \/>\n<meta name=\"twitter:site\" content=\"@SocietaArti\" \/>\n<meta name=\"twitter:label1\" content=\"\u9884\u8ba1\u9605\u8bfb\u65f6\u95f4\" \/>\n\t<meta name=\"twitter:data1\" content=\"2 \u5206\" \/>\n<script type=\"application\/ld+json\" class=\"yoast-schema-graph\">{\"@context\":\"https:\\\/\\\/schema.org\",\"@graph\":[{\"@type\":\"WebPage\",\"@id\":\"https:\\\/\\\/www.sba.it\\\/zh-hans\\\/%e8%89%ba%e6%9c%af%e5%ae%b6\\\/milesi-alessandro-biografia-quadri-in-vendita-valutazione-stima-perizia-certificata-di-dipinti-di-milesi-alessandro\\\/\",\"url\":\"https:\\\/\\\/www.sba.it\\\/zh-hans\\\/%e8%89%ba%e6%9c%af%e5%ae%b6\\\/milesi-alessandro-biografia-quadri-in-vendita-valutazione-stima-perizia-certificata-di-dipinti-di-milesi-alessandro\\\/\",\"name\":\"Milesi Alessandro (1856-1945). Biografia. Quadri in vendita.\",\"isPartOf\":{\"@id\":\"https:\\\/\\\/www.sba.it\\\/#website\"},\"primaryImageOfPage\":{\"@id\":\"https:\\\/\\\/www.sba.it\\\/zh-hans\\\/%e8%89%ba%e6%9c%af%e5%ae%b6\\\/milesi-alessandro-biografia-quadri-in-vendita-valutazione-stima-perizia-certificata-di-dipinti-di-milesi-alessandro\\\/#primaryimage\"},\"image\":{\"@id\":\"https:\\\/\\\/www.sba.it\\\/zh-hans\\\/%e8%89%ba%e6%9c%af%e5%ae%b6\\\/milesi-alessandro-biografia-quadri-in-vendita-valutazione-stima-perizia-certificata-di-dipinti-di-milesi-alessandro\\\/#primaryimage\"},\"thumbnailUrl\":\"https:\\\/\\\/www.sba.it\\\/wp-content\\\/uploads\\\/2015\\\/10\\\/images_artisti_eccolo.jpg\",\"datePublished\":\"2015-10-13T06:31:04+00:00\",\"dateModified\":\"2021-10-29T08:51:20+00:00\",\"description\":\"Milesi Alessandro leggi la vita del pittore dell'800, Alessandro Milesi dipinti in vendita, quadri italiani dell'800 dove comprare\",\"breadcrumb\":{\"@id\":\"https:\\\/\\\/www.sba.it\\\/zh-hans\\\/%e8%89%ba%e6%9c%af%e5%ae%b6\\\/milesi-alessandro-biografia-quadri-in-vendita-valutazione-stima-perizia-certificata-di-dipinti-di-milesi-alessandro\\\/#breadcrumb\"},\"inLanguage\":\"zh-Hans\",\"potentialAction\":[{\"@type\":\"ReadAction\",\"target\":[\"https:\\\/\\\/www.sba.it\\\/zh-hans\\\/%e8%89%ba%e6%9c%af%e5%ae%b6\\\/milesi-alessandro-biografia-quadri-in-vendita-valutazione-stima-perizia-certificata-di-dipinti-di-milesi-alessandro\\\/\"]}]},{\"@type\":\"ImageObject\",\"inLanguage\":\"zh-Hans\",\"@id\":\"https:\\\/\\\/www.sba.it\\\/zh-hans\\\/%e8%89%ba%e6%9c%af%e5%ae%b6\\\/milesi-alessandro-biografia-quadri-in-vendita-valutazione-stima-perizia-certificata-di-dipinti-di-milesi-alessandro\\\/#primaryimage\",\"url\":\"https:\\\/\\\/www.sba.it\\\/wp-content\\\/uploads\\\/2015\\\/10\\\/images_artisti_eccolo.jpg\",\"contentUrl\":\"https:\\\/\\\/www.sba.it\\\/wp-content\\\/uploads\\\/2015\\\/10\\\/images_artisti_eccolo.jpg\",\"width\":231,\"height\":300,\"caption\":\"Foto di Alessandro Milesi\"},{\"@type\":\"BreadcrumbList\",\"@id\":\"https:\\\/\\\/www.sba.it\\\/zh-hans\\\/%e8%89%ba%e6%9c%af%e5%ae%b6\\\/milesi-alessandro-biografia-quadri-in-vendita-valutazione-stima-perizia-certificata-di-dipinti-di-milesi-alessandro\\\/#breadcrumb\",\"itemListElement\":[{\"@type\":\"ListItem\",\"position\":1,\"name\":\"Home\",\"item\":\"https:\\\/\\\/www.sba.it\\\/zh-hans\\\/\"},{\"@type\":\"ListItem\",\"position\":2,\"name\":\"\u827a\u672f\u5bb6\",\"item\":\"https:\\\/\\\/www.sba.it\\\/zh-hans\\\/%e8%89%ba%e6%9c%af%e5%ae%b6\\\/\"},{\"@type\":\"ListItem\",\"position\":3,\"name\":\"Milesi Alessandro (1856-1945). Biografia. Quadri in vendita.\"}]},{\"@type\":\"WebSite\",\"@id\":\"https:\\\/\\\/www.sba.it\\\/#website\",\"url\":\"https:\\\/\\\/www.sba.it\\\/\",\"name\":\"Societ\u00e0 di Belle Arti\",\"description\":\"Quadri macchiaioli e del 800 e 900 in vendita\",\"publisher\":{\"@id\":\"https:\\\/\\\/www.sba.it\\\/#organization\"},\"potentialAction\":[{\"@type\":\"SearchAction\",\"target\":{\"@type\":\"EntryPoint\",\"urlTemplate\":\"https:\\\/\\\/www.sba.it\\\/?s={search_term_string}\"},\"query-input\":{\"@type\":\"PropertyValueSpecification\",\"valueRequired\":true,\"valueName\":\"search_term_string\"}}],\"inLanguage\":\"zh-Hans\"},{\"@type\":\"Organization\",\"@id\":\"https:\\\/\\\/www.sba.it\\\/#organization\",\"name\":\"Societ\u00e0 di Belle Arti\",\"url\":\"https:\\\/\\\/www.sba.it\\\/\",\"logo\":{\"@type\":\"ImageObject\",\"inLanguage\":\"zh-Hans\",\"@id\":\"https:\\\/\\\/www.sba.it\\\/#\\\/schema\\\/logo\\\/image\\\/\",\"url\":\"https:\\\/\\\/www.sba.it\\\/wp-content\\\/uploads\\\/2019\\\/04\\\/Logo-rosso_nero.png\",\"contentUrl\":\"https:\\\/\\\/www.sba.it\\\/wp-content\\\/uploads\\\/2019\\\/04\\\/Logo-rosso_nero.png\",\"width\":2532,\"height\":1137,\"caption\":\"Societ\u00e0 di Belle Arti\"},\"image\":{\"@id\":\"https:\\\/\\\/www.sba.it\\\/#\\\/schema\\\/logo\\\/image\\\/\"},\"sameAs\":[\"https:\\\/\\\/www.facebook.com\\\/pitturaitaliana800e900\\\/\",\"https:\\\/\\\/x.com\\\/SocietaArti\",\"https:\\\/\\\/www.instagram.com\\\/societadibellearti\",\"https:\\\/\\\/www.linkedin.com\\\/in\\\/societ\u00e0-di-belle-arti-363aa8191\\\/\",\"https:\\\/\\\/www.youtube.com\\\/channel\\\/UC6fJlk-ajwhsnEIICATyXaQ\"]}]}<\/script>\n<!-- \/ Yoast SEO plugin. -->","yoast_head_json":{"title":"Milesi Alessandro (1856-1945). Biografia. Quadri in vendita.","description":"Milesi Alessandro leggi la vita del pittore dell'800, Alessandro Milesi dipinti in vendita, quadri italiani dell'800 dove comprare","robots":{"index":"index","follow":"follow","max-snippet":"max-snippet:-1","max-image-preview":"max-image-preview:large","max-video-preview":"max-video-preview:-1"},"canonical":"https:\/\/www.sba.it\/zh-hans\/\u827a\u672f\u5bb6\/milesi-alessandro-biografia-quadri-in-vendita-valutazione-stima-perizia-certificata-di-dipinti-di-milesi-alessandro\/","og_locale":"zh_CN","og_type":"article","og_title":"Milesi Alessandro (1856-1945). Biografia. Quadri in vendita.","og_description":"Milesi Alessandro leggi la vita del pittore dell'800, Alessandro Milesi dipinti in vendita, quadri italiani dell'800 dove comprare","og_url":"https:\/\/www.sba.it\/zh-hans\/\u827a\u672f\u5bb6\/milesi-alessandro-biografia-quadri-in-vendita-valutazione-stima-perizia-certificata-di-dipinti-di-milesi-alessandro\/","og_site_name":"Societ\u00e0 di Belle Arti","article_publisher":"https:\/\/www.facebook.com\/pitturaitaliana800e900\/","article_modified_time":"2021-10-29T08:51:20+00:00","og_image":[{"width":231,"height":300,"url":"https:\/\/www.sba.it\/wp-content\/uploads\/2015\/10\/images_artisti_eccolo.jpg","type":"image\/jpeg"}],"twitter_card":"summary_large_image","twitter_site":"@SocietaArti","twitter_misc":{"\u9884\u8ba1\u9605\u8bfb\u65f6\u95f4":"2 \u5206"},"schema":{"@context":"https:\/\/schema.org","@graph":[{"@type":"WebPage","@id":"https:\/\/www.sba.it\/zh-hans\/%e8%89%ba%e6%9c%af%e5%ae%b6\/milesi-alessandro-biografia-quadri-in-vendita-valutazione-stima-perizia-certificata-di-dipinti-di-milesi-alessandro\/","url":"https:\/\/www.sba.it\/zh-hans\/%e8%89%ba%e6%9c%af%e5%ae%b6\/milesi-alessandro-biografia-quadri-in-vendita-valutazione-stima-perizia-certificata-di-dipinti-di-milesi-alessandro\/","name":"Milesi Alessandro (1856-1945). Biografia. Quadri in vendita.","isPartOf":{"@id":"https:\/\/www.sba.it\/#website"},"primaryImageOfPage":{"@id":"https:\/\/www.sba.it\/zh-hans\/%e8%89%ba%e6%9c%af%e5%ae%b6\/milesi-alessandro-biografia-quadri-in-vendita-valutazione-stima-perizia-certificata-di-dipinti-di-milesi-alessandro\/#primaryimage"},"image":{"@id":"https:\/\/www.sba.it\/zh-hans\/%e8%89%ba%e6%9c%af%e5%ae%b6\/milesi-alessandro-biografia-quadri-in-vendita-valutazione-stima-perizia-certificata-di-dipinti-di-milesi-alessandro\/#primaryimage"},"thumbnailUrl":"https:\/\/www.sba.it\/wp-content\/uploads\/2015\/10\/images_artisti_eccolo.jpg","datePublished":"2015-10-13T06:31:04+00:00","dateModified":"2021-10-29T08:51:20+00:00","description":"Milesi Alessandro leggi la vita del pittore dell'800, Alessandro Milesi dipinti in vendita, quadri italiani dell'800 dove comprare","breadcrumb":{"@id":"https:\/\/www.sba.it\/zh-hans\/%e8%89%ba%e6%9c%af%e5%ae%b6\/milesi-alessandro-biografia-quadri-in-vendita-valutazione-stima-perizia-certificata-di-dipinti-di-milesi-alessandro\/#breadcrumb"},"inLanguage":"zh-Hans","potentialAction":[{"@type":"ReadAction","target":["https:\/\/www.sba.it\/zh-hans\/%e8%89%ba%e6%9c%af%e5%ae%b6\/milesi-alessandro-biografia-quadri-in-vendita-valutazione-stima-perizia-certificata-di-dipinti-di-milesi-alessandro\/"]}]},{"@type":"ImageObject","inLanguage":"zh-Hans","@id":"https:\/\/www.sba.it\/zh-hans\/%e8%89%ba%e6%9c%af%e5%ae%b6\/milesi-alessandro-biografia-quadri-in-vendita-valutazione-stima-perizia-certificata-di-dipinti-di-milesi-alessandro\/#primaryimage","url":"https:\/\/www.sba.it\/wp-content\/uploads\/2015\/10\/images_artisti_eccolo.jpg","contentUrl":"https:\/\/www.sba.it\/wp-content\/uploads\/2015\/10\/images_artisti_eccolo.jpg","width":231,"height":300,"caption":"Foto di Alessandro Milesi"},{"@type":"BreadcrumbList","@id":"https:\/\/www.sba.it\/zh-hans\/%e8%89%ba%e6%9c%af%e5%ae%b6\/milesi-alessandro-biografia-quadri-in-vendita-valutazione-stima-perizia-certificata-di-dipinti-di-milesi-alessandro\/#breadcrumb","itemListElement":[{"@type":"ListItem","position":1,"name":"Home","item":"https:\/\/www.sba.it\/zh-hans\/"},{"@type":"ListItem","position":2,"name":"\u827a\u672f\u5bb6","item":"https:\/\/www.sba.it\/zh-hans\/%e8%89%ba%e6%9c%af%e5%ae%b6\/"},{"@type":"ListItem","position":3,"name":"Milesi Alessandro (1856-1945). Biografia. Quadri in vendita."}]},{"@type":"WebSite","@id":"https:\/\/www.sba.it\/#website","url":"https:\/\/www.sba.it\/","name":"Societ\u00e0 di Belle Arti","description":"Quadri macchiaioli e del 800 e 900 in vendita","publisher":{"@id":"https:\/\/www.sba.it\/#organization"},"potentialAction":[{"@type":"SearchAction","target":{"@type":"EntryPoint","urlTemplate":"https:\/\/www.sba.it\/?s={search_term_string}"},"query-input":{"@type":"PropertyValueSpecification","valueRequired":true,"valueName":"search_term_string"}}],"inLanguage":"zh-Hans"},{"@type":"Organization","@id":"https:\/\/www.sba.it\/#organization","name":"Societ\u00e0 di Belle Arti","url":"https:\/\/www.sba.it\/","logo":{"@type":"ImageObject","inLanguage":"zh-Hans","@id":"https:\/\/www.sba.it\/#\/schema\/logo\/image\/","url":"https:\/\/www.sba.it\/wp-content\/uploads\/2019\/04\/Logo-rosso_nero.png","contentUrl":"https:\/\/www.sba.it\/wp-content\/uploads\/2019\/04\/Logo-rosso_nero.png","width":2532,"height":1137,"caption":"Societ\u00e0 di Belle Arti"},"image":{"@id":"https:\/\/www.sba.it\/#\/schema\/logo\/image\/"},"sameAs":["https:\/\/www.facebook.com\/pitturaitaliana800e900\/","https:\/\/x.com\/SocietaArti","https:\/\/www.instagram.com\/societadibellearti","https:\/\/www.linkedin.com\/in\/societ\u00e0-di-belle-arti-363aa8191\/","https:\/\/www.youtube.com\/channel\/UC6fJlk-ajwhsnEIICATyXaQ"]}]}},"_links":{"self":[{"href":"https:\/\/www.sba.it\/zh-hans\/wp-json\/wp\/v2\/pages\/74377","targetHints":{"allow":["GET"]}}],"collection":[{"href":"https:\/\/www.sba.it\/zh-hans\/wp-json\/wp\/v2\/pages"}],"about":[{"href":"https:\/\/www.sba.it\/zh-hans\/wp-json\/wp\/v2\/types\/page"}],"author":[{"embeddable":true,"href":"https:\/\/www.sba.it\/zh-hans\/wp-json\/wp\/v2\/users\/2"}],"replies":[{"embeddable":true,"href":"https:\/\/www.sba.it\/zh-hans\/wp-json\/wp\/v2\/comments?post=74377"}],"version-history":[{"count":4,"href":"https:\/\/www.sba.it\/zh-hans\/wp-json\/wp\/v2\/pages\/74377\/revisions"}],"predecessor-version":[{"id":89341,"href":"https:\/\/www.sba.it\/zh-hans\/wp-json\/wp\/v2\/pages\/74377\/revisions\/89341"}],"up":[{"embeddable":true,"href":"https:\/\/www.sba.it\/zh-hans\/wp-json\/wp\/v2\/pages\/73502"}],"wp:featuredmedia":[{"embeddable":true,"href":"https:\/\/www.sba.it\/zh-hans\/wp-json\/wp\/v2\/media\/1850"}],"wp:attachment":[{"href":"https:\/\/www.sba.it\/zh-hans\/wp-json\/wp\/v2\/media?parent=74377"}],"curies":[{"name":"wp","href":"https:\/\/api.w.org\/{rel}","templated":true}]}}