{"id":73507,"date":"2013-06-07T09:12:07","date_gmt":"2013-06-07T07:12:07","guid":{"rendered":"http:\/\/www.sba.it\/bazzaro-leonardo-biografia-quadri-in-vendita-valutazione-stima-perizia-certificata-di-dipinti-di-bazzaro-leonardo\/"},"modified":"2019-06-17T12:26:13","modified_gmt":"2019-06-17T10:26:13","slug":"bazzaro-leonardo-biografia-quadri-in-vendita-valutazione-stima-perizia-certificata-di-dipinti-di-bazzaro-leonardo","status":"publish","type":"page","link":"https:\/\/www.sba.it\/zh-hans\/%e8%89%ba%e6%9c%af%e5%ae%b6\/bazzaro-leonardo-biografia-quadri-in-vendita-valutazione-stima-perizia-certificata-di-dipinti-di-bazzaro-leonardo\/","title":{"rendered":"Bazzaro Leonardo (1853-1937). Biografia. Quadri in vendita."},"content":{"rendered":"<p>&nbsp;<\/p>\n<p><img decoding=\"async\" class=\" alignleft size-full wp-image-227\" style=\"margin-right: 20px; float: left;\" src=\"http:\/\/www.sba.it\/wp-content\/uploads\/2013\/06\/images_artisti_Leonardo-Bazzaro-immagine.jpg\" alt=\"Leonardo-Bazzaro-immagine\" width=\"300\" height=\"435\" srcset=\"https:\/\/www.sba.it\/wp-content\/uploads\/2013\/06\/images_artisti_Leonardo-Bazzaro-immagine.jpg 300w, https:\/\/www.sba.it\/wp-content\/uploads\/2013\/06\/images_artisti_Leonardo-Bazzaro-immagine-207x300.jpg 207w\" sizes=\"(max-width: 300px) 100vw, 300px\" \/>Leonardo Bazzaro nacque a Milano nel 1853.<\/p>\n<p>Fratello dello scultore Ernesto, inizi\u00f2 a studiare sotto la guida di Gaetano Fasanotti, cliente del negozio di famiglia e titolare della cattedra di paesaggio all\u2019<a href=\"https:\/\/www.accademiadibrera.milano.it\/\">Accademia di Brera<\/a>, che gli impart\u00ec alcune lezioni private.<\/p>\n<p>S\u2019iscrisse poi all\u2019Accademia dove frequent\u00f2 tutti i corsi diventando allievo prediletto di Giuseppe Bertini.<\/p>\n<p>Agli inizi della sua attivit\u00e0 si ispir\u00f2 alla pittura di Bisi e Migliara, prediligendo quindi interni animati da figure, apportando novit\u00e0 nello studio della luce e del colore.<\/p>\n<p>Si ricordino a tale proposito : <em>Coro della chiesa di San Vittore<\/em>, 1871,<em> il Salone di Palazzo Verri<\/em> e\u00a0<em>La vestizione della monaca<\/em>, 1888.<\/p>\n<p>Nel 1873 partecip\u00f2 per la prima volta alla mostra annuale di Belle Arti di Brera con i dipinti <em>Veduta d\u2019interno di Sant\u2019Ambrogio<\/em> e<em> Veduta interna della chiesa di Sant\u2019Alessandro in Milano<\/em>.<\/p>\n<p>Nel 1875 vinse il Premio Fumagalli con <em>Dopo un duello<\/em>; due anni dopo il suo maestro Bertini acquist\u00f2 il dipinto <em>Il saccheggio<\/em> per la collezione del <a href=\"http:\/\/www.museopoldipezzoli.it\">Museo milanese Poldi Pezzoli<\/a>.<\/p>\n<p>Tre anni pi\u00f9 tardi il pittore si aggiudic\u00f2 il Premio Grotti con<em> Un mesto ufficio \u2013 Cappella di Santa Maria delle Grazie<\/em> .<\/p>\n<p>Questi successi gli valsero le attenzioni di mercanti importanti come Pisani in Italia e Goupil\u00a0 a Parigi con i quali firm\u00f2 contratti che gli permisero di accrescere la propria notoriet\u00e0.<\/p>\n<p>Verso gli anni \u201980 cominci\u00f2 a dipingere all&#8217;aperto.<\/p>\n<p>Trasse \u00a0ispirazione dai paesaggi lagunari\u00a0 e dalle vallate alpine della Lombardia e della Valle d\u2019Aosta.<\/p>\n<p>Nel 1886, ospite dello scultore Luigi Secchi a Miazzina, conobbe Achille Tominetti del quale apprezz\u00f2 i paesaggi e le scene di vita alpestre.<\/p>\n<p>Qui realizz\u00f2, tra gli altri, il dipinto <em>La raccolta delle castagne<\/em>, considerato il manifesto del Naturalismo lombardo.<\/p>\n<p>Nel 1896 si trasfer\u00ec a Gignese (Novara), prediligendo temi intimistici o legati alla vita campestre (<em>All\u2019ovile<\/em>, esposto a Genova nel 1896).<\/p>\n<p>L\u00b4 anno successivo \u00a0fu presente per la prima volta alla <a href=\"https:\/\/www.labiennale.org\/it\">Biennale di Venezia<\/a>.<\/p>\n<p>Cinque anni dopo \u00a0Arnaldo Risi gli dedic\u00f2 su \u201cEmporium\u201d il primo articolo monografico con la riproduzione delle opere pi\u00f9 conosciute.<\/p>\n<p>Questo agevol\u00f2 la diffusione dei suoi lavori anche a livello internazionale.<\/p>\n<p>Negli anni che seguirono, gli impegni espositivi diventarono sempre pi\u00f9 numerosi.<\/p>\n<p>infatti, \u00a0oltre alle rassegne della Permanente, delle Promotrici di Genova e Torino, della Biennale di Venezia, partecip\u00f2 all\u2019Internazionale di Buenos Aires (1910) e all\u2019Esposizione Universale di San Francisco (1915).<\/p>\n<p>Nel 1917 la Galleria Centrale d\u2019Arte di Milano organizz\u00f2 una mostra dei due fratelli Bazzaro: settantatre dipinti di Leonardo furono affiancate a trenta sculture di Ernesto.<\/p>\n<p>Questa rassegna ottenne un notevole successo e venne recensita da tutti i giornali ambrosiani.<\/p>\n<p>Continu\u00f2 a partecipare a tutte le principali rassegne nazionali.<\/p>\n<p>Leonardo Bazzaro mor\u00ec nella casa milanese del nipote Ettore nel 1937.<\/p>\n<p>&nbsp;<\/p>\n<h3 style=\"font-size: 12pt;\"><\/h3>\n<h3 style=\"font-size: 12pt;\"><a href=\"https:\/\/www.sba.it\/zh-hans\/%e8%89%ba%e6%9c%af%e6%9d%b0%e4%bd%9c\/\">CATALOGO OPERE\u00a0<\/a> | \u00a0<a href=\"https:\/\/www.sba.it\/zh-hans\/%e5%87%ba%e5%94%ae\/\">VUOI VENDERE O COMPRARE UN QUADRO DI QUESTO ARTISTA?<\/a><\/h3>\n","protected":false},"excerpt":{"rendered":"<p>&nbsp; Leonardo Bazz [&hellip;]<\/p>\n","protected":false},"author":1,"featured_media":228,"parent":73502,"menu_order":179,"comment_status":"closed","ping_status":"closed","template":"","meta":{"_monsterinsights_skip_tracking":false,"_monsterinsights_sitenote_active":false,"_monsterinsights_sitenote_note":"","_monsterinsights_sitenote_category":0,"footnotes":""},"class_list":["post-73507","page","type-page","status-publish","has-post-thumbnail","hentry","page_category-1275"],"yoast_head":"<!-- This site is optimized with the Yoast SEO plugin v27.4 - https:\/\/yoast.com\/product\/yoast-seo-wordpress\/ -->\n<title>Bazzaro Leonardo (1853-1937). Biografia. Quadri in vendita.<\/title>\n<meta name=\"description\" content=\"Leonardo Bazzaro leggi la biografia, vendita opere di Leonardo Bazzaro, dove comprare capolavori e dipinti dell\u00b4800, quadri in vendita dell\u00b4800\" \/>\n<meta name=\"robots\" content=\"index, follow, max-snippet:-1, max-image-preview:large, max-video-preview:-1\" \/>\n<link rel=\"canonical\" href=\"https:\/\/www.sba.it\/zh-hans\/\u827a\u672f\u5bb6\/bazzaro-leonardo-biografia-quadri-in-vendita-valutazione-stima-perizia-certificata-di-dipinti-di-bazzaro-leonardo\/\" \/>\n<meta property=\"og:locale\" content=\"zh_CN\" \/>\n<meta property=\"og:type\" content=\"article\" \/>\n<meta property=\"og:title\" content=\"Bazzaro Leonardo (1853-1937). Biografia. Quadri in vendita.\" \/>\n<meta property=\"og:description\" content=\"Leonardo Bazzaro leggi la biografia, vendita opere di Leonardo Bazzaro, dove comprare capolavori e dipinti dell\u00b4800, quadri in vendita dell\u00b4800\" \/>\n<meta property=\"og:url\" content=\"https:\/\/www.sba.it\/zh-hans\/\u827a\u672f\u5bb6\/bazzaro-leonardo-biografia-quadri-in-vendita-valutazione-stima-perizia-certificata-di-dipinti-di-bazzaro-leonardo\/\" \/>\n<meta property=\"og:site_name\" content=\"Societ\u00e0 di Belle Arti\" \/>\n<meta property=\"article:publisher\" content=\"https:\/\/www.facebook.com\/pitturaitaliana800e900\/\" \/>\n<meta property=\"article:modified_time\" content=\"2019-06-17T10:26:13+00:00\" \/>\n<meta property=\"og:image\" content=\"https:\/\/www.sba.it\/wp-content\/uploads\/2013\/06\/images_artisti_Leonardo-Bazzaro-immagine.jpg\" \/>\n\t<meta property=\"og:image:width\" content=\"300\" \/>\n\t<meta property=\"og:image:height\" content=\"435\" \/>\n\t<meta property=\"og:image:type\" content=\"image\/jpeg\" \/>\n<meta name=\"twitter:card\" content=\"summary_large_image\" \/>\n<meta name=\"twitter:site\" content=\"@SocietaArti\" \/>\n<meta name=\"twitter:label1\" content=\"\u9884\u8ba1\u9605\u8bfb\u65f6\u95f4\" \/>\n\t<meta name=\"twitter:data1\" content=\"2 \u5206\" \/>\n<script type=\"application\/ld+json\" class=\"yoast-schema-graph\">{\"@context\":\"https:\\\/\\\/schema.org\",\"@graph\":[{\"@type\":\"WebPage\",\"@id\":\"https:\\\/\\\/www.sba.it\\\/zh-hans\\\/%e8%89%ba%e6%9c%af%e5%ae%b6\\\/bazzaro-leonardo-biografia-quadri-in-vendita-valutazione-stima-perizia-certificata-di-dipinti-di-bazzaro-leonardo\\\/\",\"url\":\"https:\\\/\\\/www.sba.it\\\/zh-hans\\\/%e8%89%ba%e6%9c%af%e5%ae%b6\\\/bazzaro-leonardo-biografia-quadri-in-vendita-valutazione-stima-perizia-certificata-di-dipinti-di-bazzaro-leonardo\\\/\",\"name\":\"Bazzaro Leonardo (1853-1937). Biografia. Quadri in vendita.\",\"isPartOf\":{\"@id\":\"https:\\\/\\\/www.sba.it\\\/#website\"},\"primaryImageOfPage\":{\"@id\":\"https:\\\/\\\/www.sba.it\\\/zh-hans\\\/%e8%89%ba%e6%9c%af%e5%ae%b6\\\/bazzaro-leonardo-biografia-quadri-in-vendita-valutazione-stima-perizia-certificata-di-dipinti-di-bazzaro-leonardo\\\/#primaryimage\"},\"image\":{\"@id\":\"https:\\\/\\\/www.sba.it\\\/zh-hans\\\/%e8%89%ba%e6%9c%af%e5%ae%b6\\\/bazzaro-leonardo-biografia-quadri-in-vendita-valutazione-stima-perizia-certificata-di-dipinti-di-bazzaro-leonardo\\\/#primaryimage\"},\"thumbnailUrl\":\"https:\\\/\\\/www.sba.it\\\/wp-content\\\/uploads\\\/2013\\\/06\\\/images_artisti_Leonardo-Bazzaro-immagine.jpg\",\"datePublished\":\"2013-06-07T07:12:07+00:00\",\"dateModified\":\"2019-06-17T10:26:13+00:00\",\"description\":\"Leonardo Bazzaro leggi la biografia, vendita opere di Leonardo Bazzaro, dove comprare capolavori e dipinti dell\u00b4800, quadri in vendita dell\u00b4800\",\"breadcrumb\":{\"@id\":\"https:\\\/\\\/www.sba.it\\\/zh-hans\\\/%e8%89%ba%e6%9c%af%e5%ae%b6\\\/bazzaro-leonardo-biografia-quadri-in-vendita-valutazione-stima-perizia-certificata-di-dipinti-di-bazzaro-leonardo\\\/#breadcrumb\"},\"inLanguage\":\"zh-Hans\",\"potentialAction\":[{\"@type\":\"ReadAction\",\"target\":[\"https:\\\/\\\/www.sba.it\\\/zh-hans\\\/%e8%89%ba%e6%9c%af%e5%ae%b6\\\/bazzaro-leonardo-biografia-quadri-in-vendita-valutazione-stima-perizia-certificata-di-dipinti-di-bazzaro-leonardo\\\/\"]}]},{\"@type\":\"ImageObject\",\"inLanguage\":\"zh-Hans\",\"@id\":\"https:\\\/\\\/www.sba.it\\\/zh-hans\\\/%e8%89%ba%e6%9c%af%e5%ae%b6\\\/bazzaro-leonardo-biografia-quadri-in-vendita-valutazione-stima-perizia-certificata-di-dipinti-di-bazzaro-leonardo\\\/#primaryimage\",\"url\":\"https:\\\/\\\/www.sba.it\\\/wp-content\\\/uploads\\\/2013\\\/06\\\/images_artisti_Leonardo-Bazzaro-immagine.jpg\",\"contentUrl\":\"https:\\\/\\\/www.sba.it\\\/wp-content\\\/uploads\\\/2013\\\/06\\\/images_artisti_Leonardo-Bazzaro-immagine.jpg\",\"width\":300,\"height\":435,\"caption\":\"apolavori di Leonardo Bazzaro in vendita\"},{\"@type\":\"BreadcrumbList\",\"@id\":\"https:\\\/\\\/www.sba.it\\\/zh-hans\\\/%e8%89%ba%e6%9c%af%e5%ae%b6\\\/bazzaro-leonardo-biografia-quadri-in-vendita-valutazione-stima-perizia-certificata-di-dipinti-di-bazzaro-leonardo\\\/#breadcrumb\",\"itemListElement\":[{\"@type\":\"ListItem\",\"position\":1,\"name\":\"Home\",\"item\":\"https:\\\/\\\/www.sba.it\\\/zh-hans\\\/\"},{\"@type\":\"ListItem\",\"position\":2,\"name\":\"\u827a\u672f\u5bb6\",\"item\":\"https:\\\/\\\/www.sba.it\\\/zh-hans\\\/%e8%89%ba%e6%9c%af%e5%ae%b6\\\/\"},{\"@type\":\"ListItem\",\"position\":3,\"name\":\"Bazzaro Leonardo (1853-1937). Biografia. Quadri in vendita.\"}]},{\"@type\":\"WebSite\",\"@id\":\"https:\\\/\\\/www.sba.it\\\/#website\",\"url\":\"https:\\\/\\\/www.sba.it\\\/\",\"name\":\"Societ\u00e0 di Belle Arti\",\"description\":\"Quadri macchiaioli e del 800 e 900 in vendita\",\"publisher\":{\"@id\":\"https:\\\/\\\/www.sba.it\\\/#organization\"},\"potentialAction\":[{\"@type\":\"SearchAction\",\"target\":{\"@type\":\"EntryPoint\",\"urlTemplate\":\"https:\\\/\\\/www.sba.it\\\/?s={search_term_string}\"},\"query-input\":{\"@type\":\"PropertyValueSpecification\",\"valueRequired\":true,\"valueName\":\"search_term_string\"}}],\"inLanguage\":\"zh-Hans\"},{\"@type\":\"Organization\",\"@id\":\"https:\\\/\\\/www.sba.it\\\/#organization\",\"name\":\"Societ\u00e0 di Belle Arti\",\"url\":\"https:\\\/\\\/www.sba.it\\\/\",\"logo\":{\"@type\":\"ImageObject\",\"inLanguage\":\"zh-Hans\",\"@id\":\"https:\\\/\\\/www.sba.it\\\/#\\\/schema\\\/logo\\\/image\\\/\",\"url\":\"https:\\\/\\\/www.sba.it\\\/wp-content\\\/uploads\\\/2019\\\/04\\\/Logo-rosso_nero.png\",\"contentUrl\":\"https:\\\/\\\/www.sba.it\\\/wp-content\\\/uploads\\\/2019\\\/04\\\/Logo-rosso_nero.png\",\"width\":2532,\"height\":1137,\"caption\":\"Societ\u00e0 di Belle Arti\"},\"image\":{\"@id\":\"https:\\\/\\\/www.sba.it\\\/#\\\/schema\\\/logo\\\/image\\\/\"},\"sameAs\":[\"https:\\\/\\\/www.facebook.com\\\/pitturaitaliana800e900\\\/\",\"https:\\\/\\\/x.com\\\/SocietaArti\",\"https:\\\/\\\/www.instagram.com\\\/societadibellearti\",\"https:\\\/\\\/www.linkedin.com\\\/in\\\/societ\u00e0-di-belle-arti-363aa8191\\\/\",\"https:\\\/\\\/www.youtube.com\\\/channel\\\/UC6fJlk-ajwhsnEIICATyXaQ\"]}]}<\/script>\n<!-- \/ Yoast SEO plugin. -->","yoast_head_json":{"title":"Bazzaro Leonardo (1853-1937). Biografia. Quadri in vendita.","description":"Leonardo Bazzaro leggi la biografia, vendita opere di Leonardo Bazzaro, dove comprare capolavori e dipinti dell\u00b4800, quadri in vendita dell\u00b4800","robots":{"index":"index","follow":"follow","max-snippet":"max-snippet:-1","max-image-preview":"max-image-preview:large","max-video-preview":"max-video-preview:-1"},"canonical":"https:\/\/www.sba.it\/zh-hans\/\u827a\u672f\u5bb6\/bazzaro-leonardo-biografia-quadri-in-vendita-valutazione-stima-perizia-certificata-di-dipinti-di-bazzaro-leonardo\/","og_locale":"zh_CN","og_type":"article","og_title":"Bazzaro Leonardo (1853-1937). Biografia. Quadri in vendita.","og_description":"Leonardo Bazzaro leggi la biografia, vendita opere di Leonardo Bazzaro, dove comprare capolavori e dipinti dell\u00b4800, quadri in vendita dell\u00b4800","og_url":"https:\/\/www.sba.it\/zh-hans\/\u827a\u672f\u5bb6\/bazzaro-leonardo-biografia-quadri-in-vendita-valutazione-stima-perizia-certificata-di-dipinti-di-bazzaro-leonardo\/","og_site_name":"Societ\u00e0 di Belle Arti","article_publisher":"https:\/\/www.facebook.com\/pitturaitaliana800e900\/","article_modified_time":"2019-06-17T10:26:13+00:00","og_image":[{"width":300,"height":435,"url":"https:\/\/www.sba.it\/wp-content\/uploads\/2013\/06\/images_artisti_Leonardo-Bazzaro-immagine.jpg","type":"image\/jpeg"}],"twitter_card":"summary_large_image","twitter_site":"@SocietaArti","twitter_misc":{"\u9884\u8ba1\u9605\u8bfb\u65f6\u95f4":"2 \u5206"},"schema":{"@context":"https:\/\/schema.org","@graph":[{"@type":"WebPage","@id":"https:\/\/www.sba.it\/zh-hans\/%e8%89%ba%e6%9c%af%e5%ae%b6\/bazzaro-leonardo-biografia-quadri-in-vendita-valutazione-stima-perizia-certificata-di-dipinti-di-bazzaro-leonardo\/","url":"https:\/\/www.sba.it\/zh-hans\/%e8%89%ba%e6%9c%af%e5%ae%b6\/bazzaro-leonardo-biografia-quadri-in-vendita-valutazione-stima-perizia-certificata-di-dipinti-di-bazzaro-leonardo\/","name":"Bazzaro Leonardo (1853-1937). Biografia. Quadri in vendita.","isPartOf":{"@id":"https:\/\/www.sba.it\/#website"},"primaryImageOfPage":{"@id":"https:\/\/www.sba.it\/zh-hans\/%e8%89%ba%e6%9c%af%e5%ae%b6\/bazzaro-leonardo-biografia-quadri-in-vendita-valutazione-stima-perizia-certificata-di-dipinti-di-bazzaro-leonardo\/#primaryimage"},"image":{"@id":"https:\/\/www.sba.it\/zh-hans\/%e8%89%ba%e6%9c%af%e5%ae%b6\/bazzaro-leonardo-biografia-quadri-in-vendita-valutazione-stima-perizia-certificata-di-dipinti-di-bazzaro-leonardo\/#primaryimage"},"thumbnailUrl":"https:\/\/www.sba.it\/wp-content\/uploads\/2013\/06\/images_artisti_Leonardo-Bazzaro-immagine.jpg","datePublished":"2013-06-07T07:12:07+00:00","dateModified":"2019-06-17T10:26:13+00:00","description":"Leonardo Bazzaro leggi la biografia, vendita opere di Leonardo Bazzaro, dove comprare capolavori e dipinti dell\u00b4800, quadri in vendita dell\u00b4800","breadcrumb":{"@id":"https:\/\/www.sba.it\/zh-hans\/%e8%89%ba%e6%9c%af%e5%ae%b6\/bazzaro-leonardo-biografia-quadri-in-vendita-valutazione-stima-perizia-certificata-di-dipinti-di-bazzaro-leonardo\/#breadcrumb"},"inLanguage":"zh-Hans","potentialAction":[{"@type":"ReadAction","target":["https:\/\/www.sba.it\/zh-hans\/%e8%89%ba%e6%9c%af%e5%ae%b6\/bazzaro-leonardo-biografia-quadri-in-vendita-valutazione-stima-perizia-certificata-di-dipinti-di-bazzaro-leonardo\/"]}]},{"@type":"ImageObject","inLanguage":"zh-Hans","@id":"https:\/\/www.sba.it\/zh-hans\/%e8%89%ba%e6%9c%af%e5%ae%b6\/bazzaro-leonardo-biografia-quadri-in-vendita-valutazione-stima-perizia-certificata-di-dipinti-di-bazzaro-leonardo\/#primaryimage","url":"https:\/\/www.sba.it\/wp-content\/uploads\/2013\/06\/images_artisti_Leonardo-Bazzaro-immagine.jpg","contentUrl":"https:\/\/www.sba.it\/wp-content\/uploads\/2013\/06\/images_artisti_Leonardo-Bazzaro-immagine.jpg","width":300,"height":435,"caption":"apolavori di Leonardo Bazzaro in vendita"},{"@type":"BreadcrumbList","@id":"https:\/\/www.sba.it\/zh-hans\/%e8%89%ba%e6%9c%af%e5%ae%b6\/bazzaro-leonardo-biografia-quadri-in-vendita-valutazione-stima-perizia-certificata-di-dipinti-di-bazzaro-leonardo\/#breadcrumb","itemListElement":[{"@type":"ListItem","position":1,"name":"Home","item":"https:\/\/www.sba.it\/zh-hans\/"},{"@type":"ListItem","position":2,"name":"\u827a\u672f\u5bb6","item":"https:\/\/www.sba.it\/zh-hans\/%e8%89%ba%e6%9c%af%e5%ae%b6\/"},{"@type":"ListItem","position":3,"name":"Bazzaro Leonardo (1853-1937). Biografia. Quadri in vendita."}]},{"@type":"WebSite","@id":"https:\/\/www.sba.it\/#website","url":"https:\/\/www.sba.it\/","name":"Societ\u00e0 di Belle Arti","description":"Quadri macchiaioli e del 800 e 900 in vendita","publisher":{"@id":"https:\/\/www.sba.it\/#organization"},"potentialAction":[{"@type":"SearchAction","target":{"@type":"EntryPoint","urlTemplate":"https:\/\/www.sba.it\/?s={search_term_string}"},"query-input":{"@type":"PropertyValueSpecification","valueRequired":true,"valueName":"search_term_string"}}],"inLanguage":"zh-Hans"},{"@type":"Organization","@id":"https:\/\/www.sba.it\/#organization","name":"Societ\u00e0 di Belle Arti","url":"https:\/\/www.sba.it\/","logo":{"@type":"ImageObject","inLanguage":"zh-Hans","@id":"https:\/\/www.sba.it\/#\/schema\/logo\/image\/","url":"https:\/\/www.sba.it\/wp-content\/uploads\/2019\/04\/Logo-rosso_nero.png","contentUrl":"https:\/\/www.sba.it\/wp-content\/uploads\/2019\/04\/Logo-rosso_nero.png","width":2532,"height":1137,"caption":"Societ\u00e0 di Belle Arti"},"image":{"@id":"https:\/\/www.sba.it\/#\/schema\/logo\/image\/"},"sameAs":["https:\/\/www.facebook.com\/pitturaitaliana800e900\/","https:\/\/x.com\/SocietaArti","https:\/\/www.instagram.com\/societadibellearti","https:\/\/www.linkedin.com\/in\/societ\u00e0-di-belle-arti-363aa8191\/","https:\/\/www.youtube.com\/channel\/UC6fJlk-ajwhsnEIICATyXaQ"]}]}},"_links":{"self":[{"href":"https:\/\/www.sba.it\/zh-hans\/wp-json\/wp\/v2\/pages\/73507","targetHints":{"allow":["GET"]}}],"collection":[{"href":"https:\/\/www.sba.it\/zh-hans\/wp-json\/wp\/v2\/pages"}],"about":[{"href":"https:\/\/www.sba.it\/zh-hans\/wp-json\/wp\/v2\/types\/page"}],"author":[{"embeddable":true,"href":"https:\/\/www.sba.it\/zh-hans\/wp-json\/wp\/v2\/users\/1"}],"replies":[{"embeddable":true,"href":"https:\/\/www.sba.it\/zh-hans\/wp-json\/wp\/v2\/comments?post=73507"}],"version-history":[{"count":2,"href":"https:\/\/www.sba.it\/zh-hans\/wp-json\/wp\/v2\/pages\/73507\/revisions"}],"predecessor-version":[{"id":84061,"href":"https:\/\/www.sba.it\/zh-hans\/wp-json\/wp\/v2\/pages\/73507\/revisions\/84061"}],"up":[{"embeddable":true,"href":"https:\/\/www.sba.it\/zh-hans\/wp-json\/wp\/v2\/pages\/73502"}],"wp:featuredmedia":[{"embeddable":true,"href":"https:\/\/www.sba.it\/zh-hans\/wp-json\/wp\/v2\/media\/228"}],"wp:attachment":[{"href":"https:\/\/www.sba.it\/zh-hans\/wp-json\/wp\/v2\/media?parent=73507"}],"curies":[{"name":"wp","href":"https:\/\/api.w.org\/{rel}","templated":true}]}}