{"id":1651,"date":"2013-12-10T15:49:47","date_gmt":"2013-12-10T14:49:47","guid":{"rendered":"http:\/\/www.sba.it\/sba-at-official-exhibitions-chinese\/"},"modified":"2013-12-10T15:49:47","modified_gmt":"2013-12-10T14:49:47","slug":"sba-at-official-exhibitions-chinese","status":"publish","type":"page","link":"https:\/\/www.sba.it\/zh-hans\/sba-at-official-exhibitions-chinese\/","title":{"rendered":"SBA\u5408\u4f5c\u7b79\u529e\u5b98\u65b9\u5c55\u89c8"},"content":{"rendered":"<p>\u51ed\u501f\u5176\u575a\u5b9e\u7684\u884c\u4e1a\u7ecf\u9a8c\uff0c\u7f8e\u672f\u516c\u53f8\u7ecf\u5e38\u88ab\u9080\u8bf7\u4e0e\u516c\u5171\u673a\u5173\u548c\u673a\u6784\u4ee5\u53ca\u79c1\u4eba\u673a\u6784\u6765\u5408\u4f5c\u7b79\u529e\u4e00\u4e9b\u91cd\u8981\u7684\u5c55\u89c8\u6d3b\u52a8\u3002<\/p>\n<p><strong><br \/>I Macchiaioli 1850-1874. Impressionisti italiani?<br \/> <\/strong>Parigi, Museo dell\u2019Orangerie, 10 aprile-22 luglio 2013<br \/>Madrid, Fondazione MAPFRE, 12 settembre 2013 \u2013 5 gennaio 2014<\/p>\n<p><strong><br \/>Arte e vita in Italia tra le due guerre<br \/> <\/strong>Forl\u00ec, Musei di San Domenico, 2 febbraio-16 giugno 2013<\/p>\n<p><strong><br \/>De Nittis<br \/> <\/strong>Padova, Palazzo Zabarella 19 gennaio -26 maggio 2013<\/p>\n<p><strong><br \/>Anni Trenta. Le arti in Italia durante il fascismo<br \/> <\/strong>Firenze, Palazzo Strozzi, 14 settembre 2012-27 gennaio 2013<\/p>\n<p><strong><br \/>La Patria, l\u2019Arte, la Donna. Francesco Saverio Altamura e la pittura dell\u2019Ottocento in Italia<br \/> <\/strong>Foggia, Palazzo della Dogana &#8211; Museo Civico, 10 novembre 2012 -13 gennaio 2013<\/p>\n<p><strong><br \/> Giapponismo. Suggestioni d\u2019oriente dai Macchiaioli agli anni Trenta<br \/> <\/strong>Firenze, Galleria d\u2019Arte Moderna di Palazzo Pitti 3 aprile &#8211; 1 luglio 2012<\/p>\n<p> <strong><br \/> Da Fattori al Novecento. Opere inedite dalla collezione Roster Del Greco Olschki<br \/> <\/strong>Firenze, Villa Bardini, 1 aprile -4 novembre 2012<\/p>\n<p> <strong><br \/> Pittori del Risorgimento per Roma. 1848-1870<br \/> <\/strong>Roma, Palazzo Braschi, 18 settembre 2011-9 gennaio 2012<\/p>\n<p> <strong><br \/> La Bella Italia. Arte e identit\u00e0 delle citt\u00e0 capitali<br \/> <\/strong>Torino,La Venaria Reale , 17 marzo 2011 \u2013 11 settembre 2011<br \/> Firenze, Palazzo Pitti 11 ottobre 2011 \u2013 12 febbraio 2012<\/p>\n<p><strong><br \/> Alfred Muller un ineffabile dandy dell\u2019Impressionismo<br \/> <\/strong>Livorno, Villa Mimbelli, 26 febbraio 2011 \u2013 25 aprile 2011<\/p>\n<p><strong><br \/> Novecento Sedotto. Il fascino del seicento tra le due guerre<br \/> <\/strong>Firenze, Villa Bardini, 15 dicembre 2010 \u2013 1 Maggio 2011<\/p>\n<p><strong><br \/> Giuseppe De Nittis. La modernit\u00e9 \u00e9l\u00e9gante<br \/> <\/strong>Parigi, Petit Palais, mus\u00e9e des Beaux-Arts de la Ville de Paris 21 ottobre 2010-16 gennaio2011<br \/> Parma, Palazzo del governatore, 6 febbraio-8 maggio 2011<\/p>\n<p><strong><br \/> 1861. I Pittori del Risorgimento<br \/> <\/strong>Roma, Scuderie del Quirinale, 5 ottobre 2010 \u2013 16 gennaio 2011<\/p>\n<p><strong><br \/> Garibaldi. Mito e realt\u00e0<br \/> <\/strong>Palermo, Galleria Nazionale Arte Moderna di Palermo presso Complesso monumentale Sant\u2019Anna, 27 maggio \u2013 27 giugno 2010<\/p>\n<p> <strong><br \/> Giacomo Favretto. Venezia fascino e seduzione<br \/> <\/strong>DART Chiostro del Bramante<strong>, <\/strong>Roma 16 aprile &#8211; 4 luglio 2010<br \/> Museo Correr, Venezia, 31 luglio-21 novembre 2010 <\/p>\n<p> <strong><br \/> Boldini e gli Italiani a Parigi. Tra realt\u00e0 e impressione<br \/> <\/strong>Roma, Chiostro del Bramante, 15 novembre 2009 \u2013 11 aprile 2010<\/p>\n<p><strong><br \/> Telemaco Signorini e la pittura in Europa<br \/> <\/strong>Padova, Palazzo Zabarella, 19 settembre 2009-31 gennaio 2010<\/p>\n<p><strong><br \/> Lorenzo Viani. La collezione Bargellini e altre testimonianze<br \/> <\/strong>Firenze, Sala delle Colonne, Ente Cassa di Risparmio di Firenze, 25 settembre -3 novembre 2009<br \/> Viareggio, Galleria di Arte Moderna e Contemporanea \u201cLorenzo Viani\u201d, 12 novembre \u2013 13 dicembre 2009<\/p>\n<p> <strong><br \/> La Belle Epoque. Arte in Italia 1880-1915<br \/> <\/strong>Rovigo, Palazzo Roverella, 10 febbraio- 13 luglio 2008<br \/> <strong><\/p>\n<p> Ottocento. Da Canova al Quarto Stato<br \/> <\/strong>Roma, Scuderie del Quirinale, 28 febbraio \u2013 10 giugno 2008<\/p>\n<p> <strong><br \/> Capolavori che ritornano<br \/> <\/strong>Roma, Fondazione Memmo \u2013 Palazzo Ruspoli, 27 febbraio \u2013 29 giugno 2008<\/p>\n<p> <strong><br \/> I Macchiaioli. Sentimenti del vero<br \/> <\/strong>Roma, Chiostro del Bramante., 10 ottobre 2007 \u2013 3 febbraio 2008<\/p>\n<p> <strong><br \/> Soffici 1907-2007. Cento anni dal ritorno in Italia<br \/> <\/strong>Poggio a Caiano, Scuderie Medicee, 28 aprile \u2013 8 luglio 2007<br \/> <strong><\/p>\n<p> Vincenzo Cabianca e la civilt\u00e0 dei Macchiaioli<br \/> <\/strong>Orvieto, Palazzo Coelli, 5 aprile \u2013 1 luglio 2007<br \/> Firenze, Villa Bardini, 12 luglio \u2013 14 ottobre 2007<\/p>\n<p> <strong><br \/> Silvestro Lega. I Macchiaioli e il Quattrocento<br \/> <\/strong>Forl\u00ec,Musei San Domenico, 14 gennaio \u2013 24 giugno 2007<\/p>\n<p> <strong><br \/> Arte e lavoro tra Ottocento e Novecento<br \/> <\/strong>Pontedera, Museo Piaggio \u201cGiovanni Alberto Agnelli\u201d, 28 dicembre 2006 \u2013 15 aprile 2007<\/p>\n<p> <strong><br \/> Estate Incantata. Ram e Thayaht da Parigi a Casa Bianca<br \/> <\/strong>Forte dei Marmi, Il Fortino, 14 luglio \u2013 24 settembre 2006<\/p>\n<p> <strong><br \/> Zandomeneghi. Un veneziano tra gli Impressionisti<br \/> <\/strong>Roma, Chiostro del Bramante, 5 novembre 2005 \u2013 5 marzo 2006<\/p>\n<p><strong><br \/> Romantici e Macchiaioli. Giuseppe Mazzini e la grande pittura europea<br \/> <\/strong>Genova, palazzo Ducale, 21 ottobre 2005 \u2013 12 febbraio 2006<\/p>\n<p><strong><br \/> Boldini<br \/> <\/strong>Padova, Palazzo Zabarella, 15 gennaio \u2013 29 maggio 2005<br \/> Roma, Galleria Nazionale d\u2019Arte Moderna, 22 giugno \u2013 25 settembre 2005<\/p>\n<p><strong><br \/> Paesaggi. Visioni e interpretazioni della natura nell\u2019arte italiana dell\u2019Ottocento<br \/> <\/strong>Pavia, Castello Visconteo, 27 novembre 2004 \u2013 3 aprile 2005<\/p>\n<p> <strong><br \/> Dai Macchiaioli agli Impressionisti<\/strong>. <strong>Il mondo di Zandomeneghi<br \/> <\/strong>Castiglioncello, Castello Pasquini, 17 luglio \u2013 31 ottobre 2004 <\/p>\n<p> <strong>La scuola di Micheli: da Modigliani a Lloyd<br \/> <\/strong>Marina di Pietrasanta, Villa la Versiliana, 3 luglio \u2013 29 agosto 2004<br \/> Livorno, Granai e scuderie di Villa Mimbelli, 18 settembre \u2013 21 novembre 2004<\/p>\n<p>&nbsp;<\/p>\n<p>&nbsp;<\/p>\n<p>&nbsp;<\/p>\n<p>&nbsp;<\/p>\n","protected":false},"excerpt":{"rendered":"<p>\u51ed\u501f\u5176\u575a\u5b9e\u7684\u884c\u4e1a\u7ecf\u9a8c\uff0c\u7f8e\u672f\u516c\u53f8\u7ecf\u5e38\u88ab\u9080\u8bf7 [&hellip;]<\/p>\n","protected":false},"author":1,"featured_media":0,"parent":0,"menu_order":9,"comment_status":"closed","ping_status":"closed","template":"","meta":{"_monsterinsights_skip_tracking":false,"_monsterinsights_sitenote_active":false,"_monsterinsights_sitenote_note":"","_monsterinsights_sitenote_category":0,"footnotes":""},"class_list":["post-1651","page","type-page","status-publish","hentry"],"yoast_head":"<!-- This site is optimized with the Yoast SEO plugin v27.5 - https:\/\/yoast.com\/product\/yoast-seo-wordpress\/ -->\n<title>SBA\u5408\u4f5c\u7b79\u529e\u5b98\u65b9\u5c55\u89c8 - Societ\u00e0 di Belle Arti<\/title>\n<meta name=\"robots\" content=\"index, follow, max-snippet:-1, max-image-preview:large, max-video-preview:-1\" \/>\n<link rel=\"canonical\" href=\"https:\/\/www.sba.it\/zh-hans\/sba-at-official-exhibitions-chinese\/\" \/>\n<meta property=\"og:locale\" content=\"zh_CN\" \/>\n<meta property=\"og:type\" content=\"article\" \/>\n<meta property=\"og:title\" content=\"SBA\u5408\u4f5c\u7b79\u529e\u5b98\u65b9\u5c55\u89c8 - Societ\u00e0 di Belle Arti\" \/>\n<meta property=\"og:description\" content=\"\u51ed\u501f\u5176\u575a\u5b9e\u7684\u884c\u4e1a\u7ecf\u9a8c\uff0c\u7f8e\u672f\u516c\u53f8\u7ecf\u5e38\u88ab\u9080\u8bf7 [&hellip;]\" \/>\n<meta property=\"og:url\" content=\"https:\/\/www.sba.it\/zh-hans\/sba-at-official-exhibitions-chinese\/\" \/>\n<meta property=\"og:site_name\" content=\"Societ\u00e0 di Belle Arti\" \/>\n<meta property=\"article:publisher\" content=\"https:\/\/www.facebook.com\/pitturaitaliana800e900\/\" \/>\n<meta name=\"twitter:card\" content=\"summary_large_image\" \/>\n<meta name=\"twitter:site\" content=\"@SocietaArti\" \/>\n<meta name=\"twitter:label1\" content=\"\u9884\u8ba1\u9605\u8bfb\u65f6\u95f4\" \/>\n\t<meta name=\"twitter:data1\" content=\"3 \u5206\" \/>\n<script type=\"application\/ld+json\" class=\"yoast-schema-graph\">{\"@context\":\"https:\\\/\\\/schema.org\",\"@graph\":[{\"@type\":\"WebPage\",\"@id\":\"https:\\\/\\\/www.sba.it\\\/zh-hans\\\/sba-at-official-exhibitions-chinese\\\/\",\"url\":\"https:\\\/\\\/www.sba.it\\\/zh-hans\\\/sba-at-official-exhibitions-chinese\\\/\",\"name\":\"SBA\u5408\u4f5c\u7b79\u529e\u5b98\u65b9\u5c55\u89c8 - Societ\u00e0 di Belle Arti\",\"isPartOf\":{\"@id\":\"https:\\\/\\\/www.sba.it\\\/#website\"},\"datePublished\":\"2013-12-10T14:49:47+00:00\",\"breadcrumb\":{\"@id\":\"https:\\\/\\\/www.sba.it\\\/zh-hans\\\/sba-at-official-exhibitions-chinese\\\/#breadcrumb\"},\"inLanguage\":\"zh-Hans\",\"potentialAction\":[{\"@type\":\"ReadAction\",\"target\":[\"https:\\\/\\\/www.sba.it\\\/zh-hans\\\/sba-at-official-exhibitions-chinese\\\/\"]}]},{\"@type\":\"BreadcrumbList\",\"@id\":\"https:\\\/\\\/www.sba.it\\\/zh-hans\\\/sba-at-official-exhibitions-chinese\\\/#breadcrumb\",\"itemListElement\":[{\"@type\":\"ListItem\",\"position\":1,\"name\":\"Home\",\"item\":\"https:\\\/\\\/www.sba.it\\\/zh-hans\\\/\"},{\"@type\":\"ListItem\",\"position\":2,\"name\":\"SBA\u5408\u4f5c\u7b79\u529e\u5b98\u65b9\u5c55\u89c8\"}]},{\"@type\":\"WebSite\",\"@id\":\"https:\\\/\\\/www.sba.it\\\/#website\",\"url\":\"https:\\\/\\\/www.sba.it\\\/\",\"name\":\"Societ\u00e0 di Belle Arti\",\"description\":\"Quadri macchiaioli e del 800 e 900 in vendita\",\"publisher\":{\"@id\":\"https:\\\/\\\/www.sba.it\\\/#organization\"},\"potentialAction\":[{\"@type\":\"SearchAction\",\"target\":{\"@type\":\"EntryPoint\",\"urlTemplate\":\"https:\\\/\\\/www.sba.it\\\/?s={search_term_string}\"},\"query-input\":{\"@type\":\"PropertyValueSpecification\",\"valueRequired\":true,\"valueName\":\"search_term_string\"}}],\"inLanguage\":\"zh-Hans\"},{\"@type\":\"Organization\",\"@id\":\"https:\\\/\\\/www.sba.it\\\/#organization\",\"name\":\"Societ\u00e0 di Belle Arti\",\"url\":\"https:\\\/\\\/www.sba.it\\\/\",\"logo\":{\"@type\":\"ImageObject\",\"inLanguage\":\"zh-Hans\",\"@id\":\"https:\\\/\\\/www.sba.it\\\/#\\\/schema\\\/logo\\\/image\\\/\",\"url\":\"https:\\\/\\\/www.sba.it\\\/wp-content\\\/uploads\\\/2019\\\/04\\\/Logo-rosso_nero.png\",\"contentUrl\":\"https:\\\/\\\/www.sba.it\\\/wp-content\\\/uploads\\\/2019\\\/04\\\/Logo-rosso_nero.png\",\"width\":2532,\"height\":1137,\"caption\":\"Societ\u00e0 di Belle Arti\"},\"image\":{\"@id\":\"https:\\\/\\\/www.sba.it\\\/#\\\/schema\\\/logo\\\/image\\\/\"},\"sameAs\":[\"https:\\\/\\\/www.facebook.com\\\/pitturaitaliana800e900\\\/\",\"https:\\\/\\\/x.com\\\/SocietaArti\",\"https:\\\/\\\/www.instagram.com\\\/societadibellearti\",\"https:\\\/\\\/www.linkedin.com\\\/in\\\/societ\u00e0-di-belle-arti-363aa8191\\\/\",\"https:\\\/\\\/www.youtube.com\\\/channel\\\/UC6fJlk-ajwhsnEIICATyXaQ\"]}]}<\/script>\n<!-- \/ Yoast SEO plugin. -->","yoast_head_json":{"title":"SBA\u5408\u4f5c\u7b79\u529e\u5b98\u65b9\u5c55\u89c8 - Societ\u00e0 di Belle Arti","robots":{"index":"index","follow":"follow","max-snippet":"max-snippet:-1","max-image-preview":"max-image-preview:large","max-video-preview":"max-video-preview:-1"},"canonical":"https:\/\/www.sba.it\/zh-hans\/sba-at-official-exhibitions-chinese\/","og_locale":"zh_CN","og_type":"article","og_title":"SBA\u5408\u4f5c\u7b79\u529e\u5b98\u65b9\u5c55\u89c8 - Societ\u00e0 di Belle Arti","og_description":"\u51ed\u501f\u5176\u575a\u5b9e\u7684\u884c\u4e1a\u7ecf\u9a8c\uff0c\u7f8e\u672f\u516c\u53f8\u7ecf\u5e38\u88ab\u9080\u8bf7 [&hellip;]","og_url":"https:\/\/www.sba.it\/zh-hans\/sba-at-official-exhibitions-chinese\/","og_site_name":"Societ\u00e0 di Belle Arti","article_publisher":"https:\/\/www.facebook.com\/pitturaitaliana800e900\/","twitter_card":"summary_large_image","twitter_site":"@SocietaArti","twitter_misc":{"\u9884\u8ba1\u9605\u8bfb\u65f6\u95f4":"3 \u5206"},"schema":{"@context":"https:\/\/schema.org","@graph":[{"@type":"WebPage","@id":"https:\/\/www.sba.it\/zh-hans\/sba-at-official-exhibitions-chinese\/","url":"https:\/\/www.sba.it\/zh-hans\/sba-at-official-exhibitions-chinese\/","name":"SBA\u5408\u4f5c\u7b79\u529e\u5b98\u65b9\u5c55\u89c8 - Societ\u00e0 di Belle Arti","isPartOf":{"@id":"https:\/\/www.sba.it\/#website"},"datePublished":"2013-12-10T14:49:47+00:00","breadcrumb":{"@id":"https:\/\/www.sba.it\/zh-hans\/sba-at-official-exhibitions-chinese\/#breadcrumb"},"inLanguage":"zh-Hans","potentialAction":[{"@type":"ReadAction","target":["https:\/\/www.sba.it\/zh-hans\/sba-at-official-exhibitions-chinese\/"]}]},{"@type":"BreadcrumbList","@id":"https:\/\/www.sba.it\/zh-hans\/sba-at-official-exhibitions-chinese\/#breadcrumb","itemListElement":[{"@type":"ListItem","position":1,"name":"Home","item":"https:\/\/www.sba.it\/zh-hans\/"},{"@type":"ListItem","position":2,"name":"SBA\u5408\u4f5c\u7b79\u529e\u5b98\u65b9\u5c55\u89c8"}]},{"@type":"WebSite","@id":"https:\/\/www.sba.it\/#website","url":"https:\/\/www.sba.it\/","name":"Societ\u00e0 di Belle Arti","description":"Quadri macchiaioli e del 800 e 900 in vendita","publisher":{"@id":"https:\/\/www.sba.it\/#organization"},"potentialAction":[{"@type":"SearchAction","target":{"@type":"EntryPoint","urlTemplate":"https:\/\/www.sba.it\/?s={search_term_string}"},"query-input":{"@type":"PropertyValueSpecification","valueRequired":true,"valueName":"search_term_string"}}],"inLanguage":"zh-Hans"},{"@type":"Organization","@id":"https:\/\/www.sba.it\/#organization","name":"Societ\u00e0 di Belle Arti","url":"https:\/\/www.sba.it\/","logo":{"@type":"ImageObject","inLanguage":"zh-Hans","@id":"https:\/\/www.sba.it\/#\/schema\/logo\/image\/","url":"https:\/\/www.sba.it\/wp-content\/uploads\/2019\/04\/Logo-rosso_nero.png","contentUrl":"https:\/\/www.sba.it\/wp-content\/uploads\/2019\/04\/Logo-rosso_nero.png","width":2532,"height":1137,"caption":"Societ\u00e0 di Belle Arti"},"image":{"@id":"https:\/\/www.sba.it\/#\/schema\/logo\/image\/"},"sameAs":["https:\/\/www.facebook.com\/pitturaitaliana800e900\/","https:\/\/x.com\/SocietaArti","https:\/\/www.instagram.com\/societadibellearti","https:\/\/www.linkedin.com\/in\/societ\u00e0-di-belle-arti-363aa8191\/","https:\/\/www.youtube.com\/channel\/UC6fJlk-ajwhsnEIICATyXaQ"]}]}},"_links":{"self":[{"href":"https:\/\/www.sba.it\/zh-hans\/wp-json\/wp\/v2\/pages\/1651","targetHints":{"allow":["GET"]}}],"collection":[{"href":"https:\/\/www.sba.it\/zh-hans\/wp-json\/wp\/v2\/pages"}],"about":[{"href":"https:\/\/www.sba.it\/zh-hans\/wp-json\/wp\/v2\/types\/page"}],"author":[{"embeddable":true,"href":"https:\/\/www.sba.it\/zh-hans\/wp-json\/wp\/v2\/users\/1"}],"replies":[{"embeddable":true,"href":"https:\/\/www.sba.it\/zh-hans\/wp-json\/wp\/v2\/comments?post=1651"}],"version-history":[{"count":0,"href":"https:\/\/www.sba.it\/zh-hans\/wp-json\/wp\/v2\/pages\/1651\/revisions"}],"wp:attachment":[{"href":"https:\/\/www.sba.it\/zh-hans\/wp-json\/wp\/v2\/media?parent=1651"}],"curies":[{"name":"wp","href":"https:\/\/api.w.org\/{rel}","templated":true}]}}