{"id":78382,"date":"2016-08-08T11:09:20","date_gmt":"2016-08-08T09:09:20","guid":{"rendered":"http:\/\/www.sba.it\/mario-cavaglieri\/"},"modified":"2021-11-08T12:05:05","modified_gmt":"2021-11-08T11:05:05","slug":"mario-cavaglieri","status":"publish","type":"page","link":"https:\/\/www.sba.it\/ru\/mario-cavaglieri\/","title":{"rendered":"Mario Cavaglieri. Sguardi e atmosfere"},"content":{"rendered":"<h2><span style=\"color: #ff0000;\">L&#8217;estate cortinese celebra il genio di Mario Cavaglieri<\/span><br \/>\nsino al 4 settembre a Le Muse Galleria d&#8217;Arte<\/h2>\n<p>&nbsp;<\/p>\n<table align=\"left\">\n<tbody>\n<tr>\n<td style=\"height: 30px; width: 20px;\" align=\"left\" valign=\"top\">\u00a0 \u00a0 \u00a0 \u00a0 \u00a0 \u00a0 \u00a0 \u00a0 \u00a0 \u00a0 \u00a0 \u00a0 \u00a0 \u00a0 \u00a0 \u00a0\u00a0<img decoding=\"async\" class=\" size-full wp-image-1986\" src=\"http:\/\/www.sba.it\/wp-content\/uploads\/2016\/08\/images_IMG_1677.JPG\" alt=\"IMG 1677\" width=\"486\" height=\"365\" srcset=\"https:\/\/www.sba.it\/wp-content\/uploads\/2016\/08\/images_IMG_1677.JPG 960w, https:\/\/www.sba.it\/wp-content\/uploads\/2016\/08\/images_IMG_1677-300x225.jpg 300w, https:\/\/www.sba.it\/wp-content\/uploads\/2016\/08\/images_IMG_1677-768x576.jpg 768w\" sizes=\"(max-width: 486px) 100vw, 486px\" \/><\/p>\n<p>&nbsp;<\/p>\n<p><img decoding=\"async\" class=\" size-full wp-image-1990\" dir=\"ltr\" style=\"margin: 0px; vertical-align: middle;\" src=\"http:\/\/www.sba.it\/wp-content\/uploads\/2016\/08\/images_IMG_1681.JPG\" alt=\"IMG 1681\" width=\"486\" height=\"365\" srcset=\"https:\/\/www.sba.it\/wp-content\/uploads\/2016\/08\/images_IMG_1681.JPG 960w, https:\/\/www.sba.it\/wp-content\/uploads\/2016\/08\/images_IMG_1681-300x225.jpg 300w, https:\/\/www.sba.it\/wp-content\/uploads\/2016\/08\/images_IMG_1681-768x576.jpg 768w\" sizes=\"(max-width: 486px) 100vw, 486px\" \/><\/p>\n<p><img decoding=\"async\" class=\" size-full wp-image-1994\" src=\"http:\/\/www.sba.it\/wp-content\/uploads\/2016\/08\/images_IMG_1666.JPG\" alt=\"IMG 1666\" width=\"492\" height=\"369\" srcset=\"https:\/\/www.sba.it\/wp-content\/uploads\/2016\/08\/images_IMG_1666.JPG 960w, https:\/\/www.sba.it\/wp-content\/uploads\/2016\/08\/images_IMG_1666-300x225.jpg 300w, https:\/\/www.sba.it\/wp-content\/uploads\/2016\/08\/images_IMG_1666-768x576.jpg 768w\" sizes=\"(max-width: 492px) 100vw, 492px\" \/><\/td>\n<td><\/td>\n<td align=\"left\" valign=\"top\">\n<p style=\"text-align: justify;\">La mostra certamente pi\u00f9 intrigante dell&#8217;estate cortinese \u00e8 quella che\u00a0<strong>Le Muse &#8212; Societ\u00e0 di Belle Arti<\/strong>\u00a0dedica, nella sua centralissima sede espositiva di piazza Silvestro Franceschi (Galleria Royal), 6 al grande\u00a0<a href=\"https:\/\/www.sba.it\/ru\/cavaglieri-mario-biografia-quadri-in-vendita-del-900-valutazione-stima-perizia-certificata-di-dipinti-di-mario-cavaglieri\/\"><strong>Mario Cavaglieri<\/strong><\/a>.<\/p>\n<p style=\"text-align: justify;\">La rassegna offre una attenta selezione di opere dell&#8217;originale pittore rodigino, molte conosciutissime e altre che per la prima volta vengono presentare al pubblico, emergendo da una importante collezione privata italiana.<br \/>\nCavaglieri si conferma un pittore di raro edonismo, attratto dall&#8217;eleganza dei salotti mondani di fin de si\u00e8cle; si potrebbe quasi affermare che la sua pittura possiede un intrinseco incanto letterario; cos\u00ec alcune stoffe, cappelli, arredi, orologi, resi con opulenza barocca, sembrano affiorare dalle pagine di taluni romanzi dannunziani. Non a caso il suo nome \u00e8 stato accostato a quello del Vate, entrambi affascinati dalle belle donne e dal lusso, seppur sensibili ai paesaggi ed alla natura. Dal milieu sociale, insomma, di quel mondo agiato e, per certi versi, eccentrico tanto ben descritto da Thomas Mann e da Luchino Visconti.<\/p>\n<p style=\"text-align: justify;\">Donne belle e selvagge, colori ed emozioni forti. Ma anche i silenzi e la dolcezza del paesaggio naturale. Tutto questo \u00e8 Mario Cavaglieri (1887-1969), un artista che per molti \u00e8 oggetto di culto e tuttavia &#171;nascosto&#187; ai pi\u00f9.<\/p>\n<p style=\"text-align: justify;\">&#171;Nato nel 1887 a Rovigo, in una doviziosa famiglia della borghesia ebraica, Cavaglieri condivide il destino di quegli artisti socialmente privilegiati che, potendo contare su un vasto patrimonio di famiglia, non devono preoccuparsi di promuovere il proprio lavoro nei circuiti mercantili, appagati dalla benevolenza di studiosi di rango e di raffinati collezionisti. Senza dimenticare che nel 1925, pur continuando a dipingere, si ritir\u00f2 a vivere in volontaria &#171;clausura&#187; in un&#8217;antica tenuta della campagna francese, a Pavie-sur-Gers, in Guascogna, dove morir\u00e0 nel 1969&#8243;. A ricordarlo nel breve ma acuto intervento introduttivo alla mostra cortinese \u00e8 Ada Masoero. Che annota ancora: &#171;Forse, oltre all&#8217;ascesa del fascismo, a indurlo al ritiro in Francia fu la consapevolezza della fine dell&#8217;epoca di cui era stato interprete cos\u00ec felice, cantore di quel mondo opulento che nell&#8217;alta borghesia europea perpetu\u00f2 rituali e mode degli anni scintillanti della Belle \u00c9poque sino al primo dopoguerra. Oggetto dei suoi dipinti, gli \u00absguardi\u00bb e le \u00abatmosfere\u00bb di un mondo lucente e ovattato al tempo stesso, in cui donne elegantissime (come nello splendido Incroyable-L&#8217;Aigrette, 1914, o nel non meno fascinoso Fuffi, 1920), disinibite e sicure di s\u00e9 (Nudo con l&#8217;ombrellino, 1926 ca.), abitano interni opulenti e un po&#8217; soffocanti, decorati in stile neo-rococ\u00f2 (Interno veneziano, 1918) o secondo il ricercato gusto orientalista (Estremo Oriente, 1922), oppure ostentano &#8212; ma con consumata indifferenza &#8212; l&#8217;antico lignaggio: come nel seducente L&#8217;orologio regalato da Napoleone I, dove Giulietta, composta e raffinatissima, siede di fronte alla pendola donata dall&#8217;Empereur al defunto marito, il conte Marazzani Visconti.<br \/>\nMa ci\u00f2 che oggi, come allora, accresce il fascino della pittura di Cavaglieri \u00e8 l&#8217;assoluta originalit\u00e0 dello stile: aggiornato su tutte le novit\u00e0 che giungevano dalla Mitteleuropa delle Secessioni, non meno che sulle innovazioni francesi (da Bonnard e Vuillard a Matisse e i Fauves), Cavaglieri diede vita a una pittura personalissima e accattivante, nella quale a una rigorosa linearit\u00e0 si somma l&#8217;uso di impasti cromatici sensuali e cremosi, spesso spremuti direttamente sulla tela dal tubetto&#187;.<\/p>\n<p style=\"text-align: justify;\"><a href=\"https:\/\/www.sba.it\/ru\/cavaglieri-mario-biografia-quadri-in-vendita-del-900-valutazione-stima-perizia-certificata-di-dipinti-di-mario-cavaglieri\/\"><strong><span style=\"text-decoration: underline;\">BIOGRAFIA<\/span><\/strong><\/a><\/p>\n<p><span style=\"color: #ff0000;\"><strong>MARIO CAVAGLIERI. Sguardi ed atmosfere<\/strong><\/span>, a cura della Societ\u00e0 di Belle Arti, con un&#8217;introduzione di Ada Masoero,<\/p>\n<p>Cortina d&#8217;Ampezzo, Le Muse Galleria d&#8217;Arte (piazza Silvestro Franceschi &#8212; Galleria Royal), 6).<\/p>\n<p><strong>Dal 6 agosto al 4 settembre 2016<\/strong><\/p>\n<p>Orario: tutti i giorni 10-13 \/ 16-20. Ingresso libero.<\/td>\n<\/tr>\n<tr>\n<td><\/td>\n<td align=\"left\" valign=\"top\"><\/td>\n<\/tr>\n<\/tbody>\n<\/table>\n<p>&nbsp;<\/p>\n<h2>\u00a0RASSEGNA STAMPA<\/h2>\n<p>&nbsp;<\/p>\n<p>SOLE 24 ORE &#8212; DOMENICALE 14.08.2016<\/p>\n<p><img decoding=\"async\" class=\" size-full wp-image-1998\" src=\"http:\/\/www.sba.it\/wp-content\/uploads\/2016\/08\/images_SOLE_24_ORE_dOMENICALE_14.08.2016.jpg\" alt=\"SOLE 24 ORE dOMENICALE 14.08.2016\" width=\"1065\" height=\"340\" srcset=\"https:\/\/www.sba.it\/wp-content\/uploads\/2016\/08\/images_SOLE_24_ORE_dOMENICALE_14.08.2016.jpg 9200w, https:\/\/www.sba.it\/wp-content\/uploads\/2016\/08\/images_SOLE_24_ORE_dOMENICALE_14.08.2016-300x96.jpg 300w, https:\/\/www.sba.it\/wp-content\/uploads\/2016\/08\/images_SOLE_24_ORE_dOMENICALE_14.08.2016-768x245.jpg 768w, https:\/\/www.sba.it\/wp-content\/uploads\/2016\/08\/images_SOLE_24_ORE_dOMENICALE_14.08.2016-1024x327.jpg 1024w\" sizes=\"(max-width: 1065px) 100vw, 1065px\" \/><\/p>\n<p>&nbsp;<\/p>\n<p>&nbsp;<\/p>\n<p>&nbsp;<\/p>\n<p>&nbsp;<\/p>\n<p>&nbsp;<\/p>\n<p>&nbsp;<\/p>\n<p>&nbsp;<\/p>\n<p>&nbsp;<\/p>\n<p>&nbsp;<\/p>\n<p>&nbsp;<\/p>\n<p>&nbsp;<\/p>\n<p>&nbsp;<\/p>\n<p>&nbsp;<\/p>\n<p>&nbsp;<\/p>\n<p>&nbsp;<\/p>\n<p>&nbsp;<\/p>\n<p>&nbsp;<\/p>\n<p>&nbsp;<\/p>\n","protected":false},"excerpt":{"rendered":"<p>L&#8217;estate cortinese celebra il genio di Mario Cavaglieri sino al 4 settembre a Le Muse Galleria d&#8217;Arte &nbsp; \u00a0 \u00a0 [&hellip;]<\/p>\n","protected":false},"author":2,"featured_media":1989,"parent":0,"menu_order":3,"comment_status":"closed","ping_status":"closed","template":"","meta":{"_monsterinsights_skip_tracking":false,"_monsterinsights_sitenote_active":false,"_monsterinsights_sitenote_note":"","_monsterinsights_sitenote_category":0,"footnotes":""},"class_list":["post-78382","page","type-page","status-publish","has-post-thumbnail","hentry","page_category-2016-ru"],"yoast_head":"<!-- This site is optimized with the Yoast SEO plugin v27.4 - https:\/\/yoast.com\/product\/yoast-seo-wordpress\/ -->\n<title>Mario Cavaglieri. Sguardi e atmosfere - Societ\u00e0 di Belle Arti<\/title>\n<meta name=\"description\" content=\"Mario Cavaglieri vendita dipinti del 900, Societ\u00e0 di Belle Arti vendita capolavori italiani del 900, vendita e acquisto dipinti\" \/>\n<meta name=\"robots\" content=\"index, follow, max-snippet:-1, max-image-preview:large, max-video-preview:-1\" \/>\n<link rel=\"canonical\" href=\"https:\/\/www.sba.it\/ru\/mario-cavaglieri\/\" \/>\n<meta property=\"og:locale\" content=\"ru_RU\" \/>\n<meta property=\"og:type\" content=\"article\" \/>\n<meta property=\"og:title\" content=\"Mario Cavaglieri. Sguardi e atmosfere - Societ\u00e0 di Belle Arti\" \/>\n<meta property=\"og:description\" content=\"Mario Cavaglieri vendita dipinti del 900, Societ\u00e0 di Belle Arti vendita capolavori italiani del 900, vendita e acquisto dipinti\" \/>\n<meta property=\"og:url\" content=\"https:\/\/www.sba.it\/ru\/mario-cavaglieri\/\" \/>\n<meta property=\"og:site_name\" content=\"Societ\u00e0 di Belle Arti\" \/>\n<meta property=\"article:publisher\" content=\"https:\/\/www.facebook.com\/pitturaitaliana800e900\/\" \/>\n<meta property=\"article:modified_time\" content=\"2021-11-08T11:05:05+00:00\" \/>\n<meta property=\"og:image\" content=\"https:\/\/www.sba.it\/wp-content\/uploads\/2016\/08\/images_IMG_1677.JPG\" \/>\n\t<meta property=\"og:image:width\" content=\"960\" \/>\n\t<meta property=\"og:image:height\" content=\"720\" \/>\n\t<meta property=\"og:image:type\" content=\"image\/jpeg\" \/>\n<meta name=\"twitter:card\" content=\"summary_large_image\" \/>\n<meta name=\"twitter:site\" content=\"@SocietaArti\" \/>\n<meta name=\"twitter:label1\" content=\"\u041f\u0440\u0438\u043c\u0435\u0440\u043d\u043e\u0435 \u0432\u0440\u0435\u043c\u044f \u0434\u043b\u044f \u0447\u0442\u0435\u043d\u0438\u044f\" \/>\n\t<meta name=\"twitter:data1\" content=\"3 \u043c\u0438\u043d\u0443\u0442\u044b\" \/>\n<script type=\"application\/ld+json\" class=\"yoast-schema-graph\">{\"@context\":\"https:\\\/\\\/schema.org\",\"@graph\":[{\"@type\":\"WebPage\",\"@id\":\"https:\\\/\\\/www.sba.it\\\/ru\\\/mario-cavaglieri\\\/\",\"url\":\"https:\\\/\\\/www.sba.it\\\/ru\\\/mario-cavaglieri\\\/\",\"name\":\"Mario Cavaglieri. Sguardi e atmosfere - Societ\u00e0 di Belle Arti\",\"isPartOf\":{\"@id\":\"https:\\\/\\\/www.sba.it\\\/#website\"},\"primaryImageOfPage\":{\"@id\":\"https:\\\/\\\/www.sba.it\\\/ru\\\/mario-cavaglieri\\\/#primaryimage\"},\"image\":{\"@id\":\"https:\\\/\\\/www.sba.it\\\/ru\\\/mario-cavaglieri\\\/#primaryimage\"},\"thumbnailUrl\":\"https:\\\/\\\/www.sba.it\\\/wp-content\\\/uploads\\\/2016\\\/08\\\/images_IMG_1677.JPG\",\"datePublished\":\"2016-08-08T09:09:20+00:00\",\"dateModified\":\"2021-11-08T11:05:05+00:00\",\"description\":\"Mario Cavaglieri vendita dipinti del 900, Societ\u00e0 di Belle Arti vendita capolavori italiani del 900, vendita e acquisto dipinti\",\"breadcrumb\":{\"@id\":\"https:\\\/\\\/www.sba.it\\\/ru\\\/mario-cavaglieri\\\/#breadcrumb\"},\"inLanguage\":\"ru-RU\",\"potentialAction\":[{\"@type\":\"ReadAction\",\"target\":[\"https:\\\/\\\/www.sba.it\\\/ru\\\/mario-cavaglieri\\\/\"]}]},{\"@type\":\"ImageObject\",\"inLanguage\":\"ru-RU\",\"@id\":\"https:\\\/\\\/www.sba.it\\\/ru\\\/mario-cavaglieri\\\/#primaryimage\",\"url\":\"https:\\\/\\\/www.sba.it\\\/wp-content\\\/uploads\\\/2016\\\/08\\\/images_IMG_1677.JPG\",\"contentUrl\":\"https:\\\/\\\/www.sba.it\\\/wp-content\\\/uploads\\\/2016\\\/08\\\/images_IMG_1677.JPG\",\"width\":960,\"height\":720},{\"@type\":\"BreadcrumbList\",\"@id\":\"https:\\\/\\\/www.sba.it\\\/ru\\\/mario-cavaglieri\\\/#breadcrumb\",\"itemListElement\":[{\"@type\":\"ListItem\",\"position\":1,\"name\":\"Home\",\"item\":\"https:\\\/\\\/www.sba.it\\\/ru\\\/\"},{\"@type\":\"ListItem\",\"position\":2,\"name\":\"Mario Cavaglieri. Sguardi e atmosfere\"}]},{\"@type\":\"WebSite\",\"@id\":\"https:\\\/\\\/www.sba.it\\\/#website\",\"url\":\"https:\\\/\\\/www.sba.it\\\/\",\"name\":\"Societ\u00e0 di Belle Arti\",\"description\":\"Quadri macchiaioli e del 800 e 900 in vendita\",\"publisher\":{\"@id\":\"https:\\\/\\\/www.sba.it\\\/#organization\"},\"potentialAction\":[{\"@type\":\"SearchAction\",\"target\":{\"@type\":\"EntryPoint\",\"urlTemplate\":\"https:\\\/\\\/www.sba.it\\\/?s={search_term_string}\"},\"query-input\":{\"@type\":\"PropertyValueSpecification\",\"valueRequired\":true,\"valueName\":\"search_term_string\"}}],\"inLanguage\":\"ru-RU\"},{\"@type\":\"Organization\",\"@id\":\"https:\\\/\\\/www.sba.it\\\/#organization\",\"name\":\"Societ\u00e0 di Belle Arti\",\"url\":\"https:\\\/\\\/www.sba.it\\\/\",\"logo\":{\"@type\":\"ImageObject\",\"inLanguage\":\"ru-RU\",\"@id\":\"https:\\\/\\\/www.sba.it\\\/#\\\/schema\\\/logo\\\/image\\\/\",\"url\":\"https:\\\/\\\/www.sba.it\\\/wp-content\\\/uploads\\\/2019\\\/04\\\/Logo-rosso_nero.png\",\"contentUrl\":\"https:\\\/\\\/www.sba.it\\\/wp-content\\\/uploads\\\/2019\\\/04\\\/Logo-rosso_nero.png\",\"width\":2532,\"height\":1137,\"caption\":\"Societ\u00e0 di Belle Arti\"},\"image\":{\"@id\":\"https:\\\/\\\/www.sba.it\\\/#\\\/schema\\\/logo\\\/image\\\/\"},\"sameAs\":[\"https:\\\/\\\/www.facebook.com\\\/pitturaitaliana800e900\\\/\",\"https:\\\/\\\/x.com\\\/SocietaArti\",\"https:\\\/\\\/www.instagram.com\\\/societadibellearti\",\"https:\\\/\\\/www.linkedin.com\\\/in\\\/societ\u00e0-di-belle-arti-363aa8191\\\/\",\"https:\\\/\\\/www.youtube.com\\\/channel\\\/UC6fJlk-ajwhsnEIICATyXaQ\"]}]}<\/script>\n<!-- \/ Yoast SEO plugin. -->","yoast_head_json":{"title":"Mario Cavaglieri. Sguardi e atmosfere - Societ\u00e0 di Belle Arti","description":"Mario Cavaglieri vendita dipinti del 900, Societ\u00e0 di Belle Arti vendita capolavori italiani del 900, vendita e acquisto dipinti","robots":{"index":"index","follow":"follow","max-snippet":"max-snippet:-1","max-image-preview":"max-image-preview:large","max-video-preview":"max-video-preview:-1"},"canonical":"https:\/\/www.sba.it\/ru\/mario-cavaglieri\/","og_locale":"ru_RU","og_type":"article","og_title":"Mario Cavaglieri. Sguardi e atmosfere - Societ\u00e0 di Belle Arti","og_description":"Mario Cavaglieri vendita dipinti del 900, Societ\u00e0 di Belle Arti vendita capolavori italiani del 900, vendita e acquisto dipinti","og_url":"https:\/\/www.sba.it\/ru\/mario-cavaglieri\/","og_site_name":"Societ\u00e0 di Belle Arti","article_publisher":"https:\/\/www.facebook.com\/pitturaitaliana800e900\/","article_modified_time":"2021-11-08T11:05:05+00:00","og_image":[{"width":960,"height":720,"url":"https:\/\/www.sba.it\/wp-content\/uploads\/2016\/08\/images_IMG_1677.JPG","type":"image\/jpeg"}],"twitter_card":"summary_large_image","twitter_site":"@SocietaArti","twitter_misc":{"\u041f\u0440\u0438\u043c\u0435\u0440\u043d\u043e\u0435 \u0432\u0440\u0435\u043c\u044f \u0434\u043b\u044f \u0447\u0442\u0435\u043d\u0438\u044f":"3 \u043c\u0438\u043d\u0443\u0442\u044b"},"schema":{"@context":"https:\/\/schema.org","@graph":[{"@type":"WebPage","@id":"https:\/\/www.sba.it\/ru\/mario-cavaglieri\/","url":"https:\/\/www.sba.it\/ru\/mario-cavaglieri\/","name":"Mario Cavaglieri. Sguardi e atmosfere - Societ\u00e0 di Belle Arti","isPartOf":{"@id":"https:\/\/www.sba.it\/#website"},"primaryImageOfPage":{"@id":"https:\/\/www.sba.it\/ru\/mario-cavaglieri\/#primaryimage"},"image":{"@id":"https:\/\/www.sba.it\/ru\/mario-cavaglieri\/#primaryimage"},"thumbnailUrl":"https:\/\/www.sba.it\/wp-content\/uploads\/2016\/08\/images_IMG_1677.JPG","datePublished":"2016-08-08T09:09:20+00:00","dateModified":"2021-11-08T11:05:05+00:00","description":"Mario Cavaglieri vendita dipinti del 900, Societ\u00e0 di Belle Arti vendita capolavori italiani del 900, vendita e acquisto dipinti","breadcrumb":{"@id":"https:\/\/www.sba.it\/ru\/mario-cavaglieri\/#breadcrumb"},"inLanguage":"ru-RU","potentialAction":[{"@type":"ReadAction","target":["https:\/\/www.sba.it\/ru\/mario-cavaglieri\/"]}]},{"@type":"ImageObject","inLanguage":"ru-RU","@id":"https:\/\/www.sba.it\/ru\/mario-cavaglieri\/#primaryimage","url":"https:\/\/www.sba.it\/wp-content\/uploads\/2016\/08\/images_IMG_1677.JPG","contentUrl":"https:\/\/www.sba.it\/wp-content\/uploads\/2016\/08\/images_IMG_1677.JPG","width":960,"height":720},{"@type":"BreadcrumbList","@id":"https:\/\/www.sba.it\/ru\/mario-cavaglieri\/#breadcrumb","itemListElement":[{"@type":"ListItem","position":1,"name":"Home","item":"https:\/\/www.sba.it\/ru\/"},{"@type":"ListItem","position":2,"name":"Mario Cavaglieri. Sguardi e atmosfere"}]},{"@type":"WebSite","@id":"https:\/\/www.sba.it\/#website","url":"https:\/\/www.sba.it\/","name":"Societ\u00e0 di Belle Arti","description":"Quadri macchiaioli e del 800 e 900 in vendita","publisher":{"@id":"https:\/\/www.sba.it\/#organization"},"potentialAction":[{"@type":"SearchAction","target":{"@type":"EntryPoint","urlTemplate":"https:\/\/www.sba.it\/?s={search_term_string}"},"query-input":{"@type":"PropertyValueSpecification","valueRequired":true,"valueName":"search_term_string"}}],"inLanguage":"ru-RU"},{"@type":"Organization","@id":"https:\/\/www.sba.it\/#organization","name":"Societ\u00e0 di Belle Arti","url":"https:\/\/www.sba.it\/","logo":{"@type":"ImageObject","inLanguage":"ru-RU","@id":"https:\/\/www.sba.it\/#\/schema\/logo\/image\/","url":"https:\/\/www.sba.it\/wp-content\/uploads\/2019\/04\/Logo-rosso_nero.png","contentUrl":"https:\/\/www.sba.it\/wp-content\/uploads\/2019\/04\/Logo-rosso_nero.png","width":2532,"height":1137,"caption":"Societ\u00e0 di Belle Arti"},"image":{"@id":"https:\/\/www.sba.it\/#\/schema\/logo\/image\/"},"sameAs":["https:\/\/www.facebook.com\/pitturaitaliana800e900\/","https:\/\/x.com\/SocietaArti","https:\/\/www.instagram.com\/societadibellearti","https:\/\/www.linkedin.com\/in\/societ\u00e0-di-belle-arti-363aa8191\/","https:\/\/www.youtube.com\/channel\/UC6fJlk-ajwhsnEIICATyXaQ"]}]}},"_links":{"self":[{"href":"https:\/\/www.sba.it\/ru\/wp-json\/wp\/v2\/pages\/78382","targetHints":{"allow":["GET"]}}],"collection":[{"href":"https:\/\/www.sba.it\/ru\/wp-json\/wp\/v2\/pages"}],"about":[{"href":"https:\/\/www.sba.it\/ru\/wp-json\/wp\/v2\/types\/page"}],"author":[{"embeddable":true,"href":"https:\/\/www.sba.it\/ru\/wp-json\/wp\/v2\/users\/2"}],"replies":[{"embeddable":true,"href":"https:\/\/www.sba.it\/ru\/wp-json\/wp\/v2\/comments?post=78382"}],"version-history":[{"count":3,"href":"https:\/\/www.sba.it\/ru\/wp-json\/wp\/v2\/pages\/78382\/revisions"}],"predecessor-version":[{"id":88481,"href":"https:\/\/www.sba.it\/ru\/wp-json\/wp\/v2\/pages\/78382\/revisions\/88481"}],"wp:featuredmedia":[{"embeddable":true,"href":"https:\/\/www.sba.it\/ru\/wp-json\/wp\/v2\/media\/1989"}],"wp:attachment":[{"href":"https:\/\/www.sba.it\/ru\/wp-json\/wp\/v2\/media?parent=78382"}],"curies":[{"name":"wp","href":"https:\/\/api.w.org\/{rel}","templated":true}]}}