{"id":75776,"date":"2018-06-04T08:48:16","date_gmt":"2018-06-04T06:48:16","guid":{"rendered":"http:\/\/www.sba.it\/serafino-macchiati-biografia-dipinti-vendita-stima-perizia-quadri-di-serafino-macchiati\/"},"modified":"2021-10-28T11:51:44","modified_gmt":"2021-10-28T09:51:44","slug":"serafino-macchiati-biografia-dipinti-vendita-stima-perizia-quadri-di-serafino-macchiati","status":"publish","type":"page","link":"https:\/\/www.sba.it\/ru\/%d1%85%d1%83%d0%b4%d0%be%d0%b6%d0%bd%d0%b8%d0%ba%d0%b8\/serafino-macchiati-biografia-dipinti-vendita-stima-perizia-quadri-di-serafino-macchiati\/","title":{"rendered":"Macchiati Serafino (1861-1916). Biografia. Quadri in vendita."},"content":{"rendered":"<p><img decoding=\"async\" class=\" alignleft size-full wp-image-3286\" style=\"margin-right: 20px; float: left;\" src=\"http:\/\/www.sba.it\/wp-content\/uploads\/2018\/06\/images_artisti_Serafino-Macchiati-foto.jpg\" alt=\"Serafino-Macchiati-foto\" width=\"300\" height=\"416\" srcset=\"https:\/\/www.sba.it\/wp-content\/uploads\/2018\/06\/images_artisti_Serafino-Macchiati-foto.jpg 300w, https:\/\/www.sba.it\/wp-content\/uploads\/2018\/06\/images_artisti_Serafino-Macchiati-foto-216x300.jpg 216w\" sizes=\"(max-width: 300px) 100vw, 300px\" \/>\u00a0Serafino Macchiati nacque a Camerino nel 1861. Con la famiglia, giunse a Roma dove inizi\u00f2 ad eseguire\u00a0 alcuni \u00a0bozzetti di etichette policrome per bottiglie di liquore. Nel \u201879 espose alla mostra della Promotrice di Bologna un piccolo dipinto e \u00a0una scena raffigurante un gruppo; opera quest\u2019ultima che gli valse l\u2019ingresso alla Scuola di Nudo di Luigi Busi. Per il carattere libero mal si adatt\u00f2, per\u00f2, all\u2019ambiente accademico.<\/p>\n<p>Torn\u00f2, dunque, a Roma dove collabor\u00f2 al periodico \u201cLa Tribuna illustrata\u201d, con alcune immagini, apprezzato da editori quali Sonzogno, Treves e Alphonse Lemerre di Parigi. Segu\u00ec l\u2019incontro con <a href=\"http:\/\/www.sba.it\/grubicy-de-dragon-vittore-biografia-quadri-in-vendita-postmacchiaioli-valutazione-stima-perizia-certificata-di-dipinti-di-grubicy-de-dragon-vittore\/\">Vittore Grubicy de Dragon <\/a>che lo incoraggi\u00f2 e lo finanzi\u00f2, permettendogli di trasferirsi nel 1898 a Parigi. Qui affianc\u00f2 all\u2019attivit\u00e0 grafica la pittura paesaggistica\u00a0 di stampo impressionista.<\/p>\n<p>Nel 1901 partecip\u00f2 al Concorso Alinari per la Divina Commedia con l\u2019illustrazione completa di tre canti, uno per ogni cantica, e partecip\u00f2 alla IV Biennale di Venezia con una serie di disegni acquerellati e con alcuni disegni a penna Nel 1913 offr\u00ec le sue illustrazioni , con quelle di Edoardo Dalbono e dell\u2019amico scomparso Gaetano Colantoni, per i Racconti di Natale di Cordelia (Virginia Tedeschi), un libro per ragazzi edito da Treves.<\/p>\n<p>Nel 1922 la XIII Biennale di Venezia gli dedic\u00f2 un\u2019intera sala di ben trentadue opere, tra cui<em> Giardino sotto la neve<\/em>, <em>Ciliegio in fiore<\/em>, <em>Lill\u00e0<\/em>, Imbarcazioni sulla Senna, <em>Il lavatoio di Anduze<\/em>,<em> La quercia e l\u2019olivo<\/em>. In quell\u2019occasione la Galleria d\u2019Arte Moderna della citt\u00e0 di Venezia acquist\u00f2 un\u2019opera<em> Paesaggio<\/em>. Mor\u00ec a Parigi nel 1916.<\/p>\n<hr style=\"width: 1000px;\" \/>\n<h3 style=\"font-size: 12pt;\"><a href=\"https:\/\/www.sba.it\/ru\/%d1%81%d0%be%d0%b2%d0%b5%d1%80%d1%88%d0%b5%d0%bd%d1%81%d1%82%d0%b2%d0%b0\/\"><strong>CATALOGO OPERE<\/strong>\u00a0|<\/a>\u00a0<a href=\"https:\/\/www.sba.it\/ru\/%d0%bf%d1%80%d0%be%d0%b4%d0%b0%d1%82%d1%8c\/\">V<strong>UOI VENDERE O COMPRARE UN QUADRO DI QUESTO ARTISTA?<\/strong><\/a><\/h3>\n<p>&nbsp;<\/p>\n<p>&nbsp;<\/p>\n","protected":false},"excerpt":{"rendered":"<p>\u00a0Serafino Macchiati nacque a Camerino nel 1861. Con la famiglia, giunse a Roma dove inizi\u00f2 ad eseguire\u00a0 alcuni \u00a0bozzetti di [&hellip;]<\/p>\n","protected":false},"author":2,"featured_media":3289,"parent":73491,"menu_order":10,"comment_status":"closed","ping_status":"closed","template":"","meta":{"_monsterinsights_skip_tracking":false,"_monsterinsights_sitenote_active":false,"_monsterinsights_sitenote_note":"","_monsterinsights_sitenote_category":0,"footnotes":""},"class_list":["post-75776","page","type-page","status-publish","has-post-thumbnail","hentry","page_category-1277"],"yoast_head":"<!-- This site is optimized with the Yoast SEO plugin v27.5 - https:\/\/yoast.com\/product\/yoast-seo-wordpress\/ -->\n<title>Macchiati Serafino (1861-1916). Biografia. Quadri in vendita.<\/title>\n<meta name=\"description\" content=\"Serafino Macchiaiti leggi la biografia del pittore dell&#039;800, vendita e acquisto online dipinti dell&#039;800 di Serafino Macchiati scopri come\" \/>\n<meta name=\"robots\" content=\"index, follow, max-snippet:-1, max-image-preview:large, max-video-preview:-1\" \/>\n<link rel=\"canonical\" href=\"https:\/\/www.sba.it\/ru\/\u0445\u0443\u0434\u043e\u0436\u043d\u0438\u043a\u0438\/serafino-macchiati-biografia-dipinti-vendita-stima-perizia-quadri-di-serafino-macchiati\/\" \/>\n<meta property=\"og:locale\" content=\"ru_RU\" \/>\n<meta property=\"og:type\" content=\"article\" \/>\n<meta property=\"og:title\" content=\"Macchiati Serafino (1861-1916). Biografia. Quadri in vendita.\" \/>\n<meta property=\"og:description\" content=\"Serafino Macchiaiti leggi la biografia del pittore dell&#039;800, vendita e acquisto online dipinti dell&#039;800 di Serafino Macchiati scopri come\" \/>\n<meta property=\"og:url\" content=\"https:\/\/www.sba.it\/ru\/\u0445\u0443\u0434\u043e\u0436\u043d\u0438\u043a\u0438\/serafino-macchiati-biografia-dipinti-vendita-stima-perizia-quadri-di-serafino-macchiati\/\" \/>\n<meta property=\"og:site_name\" content=\"Societ\u00e0 di Belle Arti\" \/>\n<meta property=\"article:publisher\" content=\"https:\/\/www.facebook.com\/pitturaitaliana800e900\/\" \/>\n<meta property=\"article:modified_time\" content=\"2021-10-28T09:51:44+00:00\" \/>\n<meta property=\"og:image\" content=\"https:\/\/www.sba.it\/wp-content\/uploads\/2018\/06\/images_artisti_Serafino-Macchiati-foto.jpg\" \/>\n\t<meta property=\"og:image:width\" content=\"300\" \/>\n\t<meta property=\"og:image:height\" content=\"416\" \/>\n\t<meta property=\"og:image:type\" content=\"image\/jpeg\" \/>\n<meta name=\"twitter:card\" content=\"summary_large_image\" \/>\n<meta name=\"twitter:site\" content=\"@SocietaArti\" \/>\n<meta name=\"twitter:label1\" content=\"\u041f\u0440\u0438\u043c\u0435\u0440\u043d\u043e\u0435 \u0432\u0440\u0435\u043c\u044f \u0434\u043b\u044f \u0447\u0442\u0435\u043d\u0438\u044f\" \/>\n\t<meta name=\"twitter:data1\" content=\"2 \u043c\u0438\u043d\u0443\u0442\u044b\" \/>\n<script type=\"application\/ld+json\" class=\"yoast-schema-graph\">{\"@context\":\"https:\\\/\\\/schema.org\",\"@graph\":[{\"@type\":\"WebPage\",\"@id\":\"https:\\\/\\\/www.sba.it\\\/ru\\\/%d1%85%d1%83%d0%b4%d0%be%d0%b6%d0%bd%d0%b8%d0%ba%d0%b8\\\/serafino-macchiati-biografia-dipinti-vendita-stima-perizia-quadri-di-serafino-macchiati\\\/\",\"url\":\"https:\\\/\\\/www.sba.it\\\/ru\\\/%d1%85%d1%83%d0%b4%d0%be%d0%b6%d0%bd%d0%b8%d0%ba%d0%b8\\\/serafino-macchiati-biografia-dipinti-vendita-stima-perizia-quadri-di-serafino-macchiati\\\/\",\"name\":\"Macchiati Serafino (1861-1916). Biografia. Quadri in vendita.\",\"isPartOf\":{\"@id\":\"https:\\\/\\\/www.sba.it\\\/#website\"},\"primaryImageOfPage\":{\"@id\":\"https:\\\/\\\/www.sba.it\\\/ru\\\/%d1%85%d1%83%d0%b4%d0%be%d0%b6%d0%bd%d0%b8%d0%ba%d0%b8\\\/serafino-macchiati-biografia-dipinti-vendita-stima-perizia-quadri-di-serafino-macchiati\\\/#primaryimage\"},\"image\":{\"@id\":\"https:\\\/\\\/www.sba.it\\\/ru\\\/%d1%85%d1%83%d0%b4%d0%be%d0%b6%d0%bd%d0%b8%d0%ba%d0%b8\\\/serafino-macchiati-biografia-dipinti-vendita-stima-perizia-quadri-di-serafino-macchiati\\\/#primaryimage\"},\"thumbnailUrl\":\"https:\\\/\\\/www.sba.it\\\/wp-content\\\/uploads\\\/2018\\\/06\\\/images_artisti_Serafino-Macchiati-foto.jpg\",\"datePublished\":\"2018-06-04T06:48:16+00:00\",\"dateModified\":\"2021-10-28T09:51:44+00:00\",\"description\":\"Serafino Macchiaiti leggi la biografia del pittore dell'800, vendita e acquisto online dipinti dell'800 di Serafino Macchiati scopri come\",\"breadcrumb\":{\"@id\":\"https:\\\/\\\/www.sba.it\\\/ru\\\/%d1%85%d1%83%d0%b4%d0%be%d0%b6%d0%bd%d0%b8%d0%ba%d0%b8\\\/serafino-macchiati-biografia-dipinti-vendita-stima-perizia-quadri-di-serafino-macchiati\\\/#breadcrumb\"},\"inLanguage\":\"ru-RU\",\"potentialAction\":[{\"@type\":\"ReadAction\",\"target\":[\"https:\\\/\\\/www.sba.it\\\/ru\\\/%d1%85%d1%83%d0%b4%d0%be%d0%b6%d0%bd%d0%b8%d0%ba%d0%b8\\\/serafino-macchiati-biografia-dipinti-vendita-stima-perizia-quadri-di-serafino-macchiati\\\/\"]}]},{\"@type\":\"ImageObject\",\"inLanguage\":\"ru-RU\",\"@id\":\"https:\\\/\\\/www.sba.it\\\/ru\\\/%d1%85%d1%83%d0%b4%d0%be%d0%b6%d0%bd%d0%b8%d0%ba%d0%b8\\\/serafino-macchiati-biografia-dipinti-vendita-stima-perizia-quadri-di-serafino-macchiati\\\/#primaryimage\",\"url\":\"https:\\\/\\\/www.sba.it\\\/wp-content\\\/uploads\\\/2018\\\/06\\\/images_artisti_Serafino-Macchiati-foto.jpg\",\"contentUrl\":\"https:\\\/\\\/www.sba.it\\\/wp-content\\\/uploads\\\/2018\\\/06\\\/images_artisti_Serafino-Macchiati-foto.jpg\",\"width\":300,\"height\":416,\"caption\":\"Foto del pittore Serafino Macchiati\"},{\"@type\":\"BreadcrumbList\",\"@id\":\"https:\\\/\\\/www.sba.it\\\/ru\\\/%d1%85%d1%83%d0%b4%d0%be%d0%b6%d0%bd%d0%b8%d0%ba%d0%b8\\\/serafino-macchiati-biografia-dipinti-vendita-stima-perizia-quadri-di-serafino-macchiati\\\/#breadcrumb\",\"itemListElement\":[{\"@type\":\"ListItem\",\"position\":1,\"name\":\"Home\",\"item\":\"https:\\\/\\\/www.sba.it\\\/ru\\\/\"},{\"@type\":\"ListItem\",\"position\":2,\"name\":\"\u0425\u0423\u0414\u041e\u0416\u041d\u0418\u041a\u0418\",\"item\":\"https:\\\/\\\/www.sba.it\\\/ru\\\/%d1%85%d1%83%d0%b4%d0%be%d0%b6%d0%bd%d0%b8%d0%ba%d0%b8\\\/\"},{\"@type\":\"ListItem\",\"position\":3,\"name\":\"Macchiati Serafino (1861-1916). Biografia. Quadri in vendita.\"}]},{\"@type\":\"WebSite\",\"@id\":\"https:\\\/\\\/www.sba.it\\\/#website\",\"url\":\"https:\\\/\\\/www.sba.it\\\/\",\"name\":\"Societ\u00e0 di Belle Arti\",\"description\":\"Quadri macchiaioli e del 800 e 900 in vendita\",\"publisher\":{\"@id\":\"https:\\\/\\\/www.sba.it\\\/#organization\"},\"potentialAction\":[{\"@type\":\"SearchAction\",\"target\":{\"@type\":\"EntryPoint\",\"urlTemplate\":\"https:\\\/\\\/www.sba.it\\\/?s={search_term_string}\"},\"query-input\":{\"@type\":\"PropertyValueSpecification\",\"valueRequired\":true,\"valueName\":\"search_term_string\"}}],\"inLanguage\":\"ru-RU\"},{\"@type\":\"Organization\",\"@id\":\"https:\\\/\\\/www.sba.it\\\/#organization\",\"name\":\"Societ\u00e0 di Belle Arti\",\"url\":\"https:\\\/\\\/www.sba.it\\\/\",\"logo\":{\"@type\":\"ImageObject\",\"inLanguage\":\"ru-RU\",\"@id\":\"https:\\\/\\\/www.sba.it\\\/#\\\/schema\\\/logo\\\/image\\\/\",\"url\":\"https:\\\/\\\/www.sba.it\\\/wp-content\\\/uploads\\\/2019\\\/04\\\/Logo-rosso_nero.png\",\"contentUrl\":\"https:\\\/\\\/www.sba.it\\\/wp-content\\\/uploads\\\/2019\\\/04\\\/Logo-rosso_nero.png\",\"width\":2532,\"height\":1137,\"caption\":\"Societ\u00e0 di Belle Arti\"},\"image\":{\"@id\":\"https:\\\/\\\/www.sba.it\\\/#\\\/schema\\\/logo\\\/image\\\/\"},\"sameAs\":[\"https:\\\/\\\/www.facebook.com\\\/pitturaitaliana800e900\\\/\",\"https:\\\/\\\/x.com\\\/SocietaArti\",\"https:\\\/\\\/www.instagram.com\\\/societadibellearti\",\"https:\\\/\\\/www.linkedin.com\\\/in\\\/societ\u00e0-di-belle-arti-363aa8191\\\/\",\"https:\\\/\\\/www.youtube.com\\\/channel\\\/UC6fJlk-ajwhsnEIICATyXaQ\"]}]}<\/script>\n<!-- \/ Yoast SEO plugin. -->","yoast_head_json":{"title":"Macchiati Serafino (1861-1916). Biografia. Quadri in vendita.","description":"Serafino Macchiaiti leggi la biografia del pittore dell'800, vendita e acquisto online dipinti dell'800 di Serafino Macchiati scopri come","robots":{"index":"index","follow":"follow","max-snippet":"max-snippet:-1","max-image-preview":"max-image-preview:large","max-video-preview":"max-video-preview:-1"},"canonical":"https:\/\/www.sba.it\/ru\/\u0445\u0443\u0434\u043e\u0436\u043d\u0438\u043a\u0438\/serafino-macchiati-biografia-dipinti-vendita-stima-perizia-quadri-di-serafino-macchiati\/","og_locale":"ru_RU","og_type":"article","og_title":"Macchiati Serafino (1861-1916). Biografia. Quadri in vendita.","og_description":"Serafino Macchiaiti leggi la biografia del pittore dell'800, vendita e acquisto online dipinti dell'800 di Serafino Macchiati scopri come","og_url":"https:\/\/www.sba.it\/ru\/\u0445\u0443\u0434\u043e\u0436\u043d\u0438\u043a\u0438\/serafino-macchiati-biografia-dipinti-vendita-stima-perizia-quadri-di-serafino-macchiati\/","og_site_name":"Societ\u00e0 di Belle Arti","article_publisher":"https:\/\/www.facebook.com\/pitturaitaliana800e900\/","article_modified_time":"2021-10-28T09:51:44+00:00","og_image":[{"width":300,"height":416,"url":"https:\/\/www.sba.it\/wp-content\/uploads\/2018\/06\/images_artisti_Serafino-Macchiati-foto.jpg","type":"image\/jpeg"}],"twitter_card":"summary_large_image","twitter_site":"@SocietaArti","twitter_misc":{"\u041f\u0440\u0438\u043c\u0435\u0440\u043d\u043e\u0435 \u0432\u0440\u0435\u043c\u044f \u0434\u043b\u044f \u0447\u0442\u0435\u043d\u0438\u044f":"2 \u043c\u0438\u043d\u0443\u0442\u044b"},"schema":{"@context":"https:\/\/schema.org","@graph":[{"@type":"WebPage","@id":"https:\/\/www.sba.it\/ru\/%d1%85%d1%83%d0%b4%d0%be%d0%b6%d0%bd%d0%b8%d0%ba%d0%b8\/serafino-macchiati-biografia-dipinti-vendita-stima-perizia-quadri-di-serafino-macchiati\/","url":"https:\/\/www.sba.it\/ru\/%d1%85%d1%83%d0%b4%d0%be%d0%b6%d0%bd%d0%b8%d0%ba%d0%b8\/serafino-macchiati-biografia-dipinti-vendita-stima-perizia-quadri-di-serafino-macchiati\/","name":"Macchiati Serafino (1861-1916). Biografia. Quadri in vendita.","isPartOf":{"@id":"https:\/\/www.sba.it\/#website"},"primaryImageOfPage":{"@id":"https:\/\/www.sba.it\/ru\/%d1%85%d1%83%d0%b4%d0%be%d0%b6%d0%bd%d0%b8%d0%ba%d0%b8\/serafino-macchiati-biografia-dipinti-vendita-stima-perizia-quadri-di-serafino-macchiati\/#primaryimage"},"image":{"@id":"https:\/\/www.sba.it\/ru\/%d1%85%d1%83%d0%b4%d0%be%d0%b6%d0%bd%d0%b8%d0%ba%d0%b8\/serafino-macchiati-biografia-dipinti-vendita-stima-perizia-quadri-di-serafino-macchiati\/#primaryimage"},"thumbnailUrl":"https:\/\/www.sba.it\/wp-content\/uploads\/2018\/06\/images_artisti_Serafino-Macchiati-foto.jpg","datePublished":"2018-06-04T06:48:16+00:00","dateModified":"2021-10-28T09:51:44+00:00","description":"Serafino Macchiaiti leggi la biografia del pittore dell'800, vendita e acquisto online dipinti dell'800 di Serafino Macchiati scopri come","breadcrumb":{"@id":"https:\/\/www.sba.it\/ru\/%d1%85%d1%83%d0%b4%d0%be%d0%b6%d0%bd%d0%b8%d0%ba%d0%b8\/serafino-macchiati-biografia-dipinti-vendita-stima-perizia-quadri-di-serafino-macchiati\/#breadcrumb"},"inLanguage":"ru-RU","potentialAction":[{"@type":"ReadAction","target":["https:\/\/www.sba.it\/ru\/%d1%85%d1%83%d0%b4%d0%be%d0%b6%d0%bd%d0%b8%d0%ba%d0%b8\/serafino-macchiati-biografia-dipinti-vendita-stima-perizia-quadri-di-serafino-macchiati\/"]}]},{"@type":"ImageObject","inLanguage":"ru-RU","@id":"https:\/\/www.sba.it\/ru\/%d1%85%d1%83%d0%b4%d0%be%d0%b6%d0%bd%d0%b8%d0%ba%d0%b8\/serafino-macchiati-biografia-dipinti-vendita-stima-perizia-quadri-di-serafino-macchiati\/#primaryimage","url":"https:\/\/www.sba.it\/wp-content\/uploads\/2018\/06\/images_artisti_Serafino-Macchiati-foto.jpg","contentUrl":"https:\/\/www.sba.it\/wp-content\/uploads\/2018\/06\/images_artisti_Serafino-Macchiati-foto.jpg","width":300,"height":416,"caption":"Foto del pittore Serafino Macchiati"},{"@type":"BreadcrumbList","@id":"https:\/\/www.sba.it\/ru\/%d1%85%d1%83%d0%b4%d0%be%d0%b6%d0%bd%d0%b8%d0%ba%d0%b8\/serafino-macchiati-biografia-dipinti-vendita-stima-perizia-quadri-di-serafino-macchiati\/#breadcrumb","itemListElement":[{"@type":"ListItem","position":1,"name":"Home","item":"https:\/\/www.sba.it\/ru\/"},{"@type":"ListItem","position":2,"name":"\u0425\u0423\u0414\u041e\u0416\u041d\u0418\u041a\u0418","item":"https:\/\/www.sba.it\/ru\/%d1%85%d1%83%d0%b4%d0%be%d0%b6%d0%bd%d0%b8%d0%ba%d0%b8\/"},{"@type":"ListItem","position":3,"name":"Macchiati Serafino (1861-1916). Biografia. Quadri in vendita."}]},{"@type":"WebSite","@id":"https:\/\/www.sba.it\/#website","url":"https:\/\/www.sba.it\/","name":"Societ\u00e0 di Belle Arti","description":"Quadri macchiaioli e del 800 e 900 in vendita","publisher":{"@id":"https:\/\/www.sba.it\/#organization"},"potentialAction":[{"@type":"SearchAction","target":{"@type":"EntryPoint","urlTemplate":"https:\/\/www.sba.it\/?s={search_term_string}"},"query-input":{"@type":"PropertyValueSpecification","valueRequired":true,"valueName":"search_term_string"}}],"inLanguage":"ru-RU"},{"@type":"Organization","@id":"https:\/\/www.sba.it\/#organization","name":"Societ\u00e0 di Belle Arti","url":"https:\/\/www.sba.it\/","logo":{"@type":"ImageObject","inLanguage":"ru-RU","@id":"https:\/\/www.sba.it\/#\/schema\/logo\/image\/","url":"https:\/\/www.sba.it\/wp-content\/uploads\/2019\/04\/Logo-rosso_nero.png","contentUrl":"https:\/\/www.sba.it\/wp-content\/uploads\/2019\/04\/Logo-rosso_nero.png","width":2532,"height":1137,"caption":"Societ\u00e0 di Belle Arti"},"image":{"@id":"https:\/\/www.sba.it\/#\/schema\/logo\/image\/"},"sameAs":["https:\/\/www.facebook.com\/pitturaitaliana800e900\/","https:\/\/x.com\/SocietaArti","https:\/\/www.instagram.com\/societadibellearti","https:\/\/www.linkedin.com\/in\/societ\u00e0-di-belle-arti-363aa8191\/","https:\/\/www.youtube.com\/channel\/UC6fJlk-ajwhsnEIICATyXaQ"]}]}},"_links":{"self":[{"href":"https:\/\/www.sba.it\/ru\/wp-json\/wp\/v2\/pages\/75776","targetHints":{"allow":["GET"]}}],"collection":[{"href":"https:\/\/www.sba.it\/ru\/wp-json\/wp\/v2\/pages"}],"about":[{"href":"https:\/\/www.sba.it\/ru\/wp-json\/wp\/v2\/types\/page"}],"author":[{"embeddable":true,"href":"https:\/\/www.sba.it\/ru\/wp-json\/wp\/v2\/users\/2"}],"replies":[{"embeddable":true,"href":"https:\/\/www.sba.it\/ru\/wp-json\/wp\/v2\/comments?post=75776"}],"version-history":[{"count":4,"href":"https:\/\/www.sba.it\/ru\/wp-json\/wp\/v2\/pages\/75776\/revisions"}],"predecessor-version":[{"id":89258,"href":"https:\/\/www.sba.it\/ru\/wp-json\/wp\/v2\/pages\/75776\/revisions\/89258"}],"up":[{"embeddable":true,"href":"https:\/\/www.sba.it\/ru\/wp-json\/wp\/v2\/pages\/73491"}],"wp:featuredmedia":[{"embeddable":true,"href":"https:\/\/www.sba.it\/ru\/wp-json\/wp\/v2\/media\/3289"}],"wp:attachment":[{"href":"https:\/\/www.sba.it\/ru\/wp-json\/wp\/v2\/media?parent=75776"}],"curies":[{"name":"wp","href":"https:\/\/api.w.org\/{rel}","templated":true}]}}