{"id":75656,"date":"2018-07-30T09:40:39","date_gmt":"2018-07-30T07:40:39","guid":{"rendered":"http:\/\/www.sba.it\/carcano-filippo-biografia-quadri-vendita-acquisto-stima-perizie\/"},"modified":"2019-01-24T12:35:25","modified_gmt":"2019-01-24T11:35:25","slug":"carcano-filippo-biografia-quadri-vendita-acquisto-stima-perizie","status":"publish","type":"page","link":"https:\/\/www.sba.it\/ru\/carcano-filippo-biografia-quadri-vendita-acquisto-stima-perizie\/","title":{"rendered":"Carcano Filippo (1840-1914). Biografia. Quadri in vendita"},"content":{"rendered":"<p><img decoding=\"async\" class=\" alignleft size-full wp-image-3411\" style=\"margin-right: 20px; float: left;\" src=\"http:\/\/www.sba.it\/wp-content\/uploads\/2018\/07\/images_artisti_filippo-carcano-autoritratto.jpg\" alt=\"filippo-carcano-autoritratto\" width=\"300\" height=\"445\" srcset=\"https:\/\/www.sba.it\/wp-content\/uploads\/2018\/07\/images_artisti_filippo-carcano-autoritratto.jpg 300w, https:\/\/www.sba.it\/wp-content\/uploads\/2018\/07\/images_artisti_filippo-carcano-autoritratto-202x300.jpg 202w\" sizes=\"(max-width: 300px) 100vw, 300px\" \/>Filippo Carcano nacque a Milano nel 1840. Entr\u00f2 all\u2019Accademia di Brera nel 1855 distinguendosi come uno dei pi\u00f9 brillanti allievi di Francesco Hayez e, successivamente, di Bertini. Nel 1861 esord\u00ec all\u2019annuale braidense con due quadri di carattere storico e, nel \u201962, ottenne il premio Luigi Canonica con il quadro Federico Barbarossa e il Duca Enrico il Leone di Chiavenna. Nello stesso anno dipinse La piccola fioraia, dimostrando di discostarsi dalla tradizionale pittura accademica, per una spiccata adesione al realismo. La sua predilezione per i soggetti tratti dal vero non venne, per\u00f2, apprezzata dalla critica che lo accus\u00f2 di usare i colori direttamente su immagini fotografiche, vedi il dipinto Una lezione di ballo (1865) e Una partita al biliardo (1867). Numerose furono le partecipazioni alle esposizioni di Torino, Genova e Firenze. Nel 1874 fu nominato socio onorario dell\u2019Accademia di Brera. Dal 1876 si dedic\u00f2 alla pittura di paesaggio e realizz\u00f2 una serie di vedute del territorio nei pressi del Lago Maggiore e del Mottarone, tra le quali La pietra papale esposta a Brera nel 1879. L\u2019anno precedente aveva vinto il premio Mylius con Buon cuore infantile. Nel 1882 con Piazza San Marco a Venezia (esposto a Roma e, successivamente, acquistato dalla Galleria Nazionale d\u2019Arte Moderna) e nel 1897 con Cristo che bacia l\u2019umanit\u00e0 ottenne il premio Principe Umberto. Dalla met\u00e0 degli anni Novanta sino alla morte, Carcano partecip\u00f2 in qualit\u00e0 di organizzatore o di membro della giuria alle principali manifestazioni artistiche milanesi e, dall\u2019inizio del secolo, fu professore presso l\u2019Accademia privata aperta a Milano da J. Charles. In questo periodo si rec\u00f2, spesso, in Svizzera sui ghiacciai realizzando dipinti quali Il Monte Cervino (1890) e il Ghiacciaio di Cambrena (1897). Nel 1895 fu membro della commissione per la sezione italiana della prima Biennale di Venezia. Mor\u00ec a Milano il 19 gennaio 1914.<\/p>\n<p><span style=\"line-height: 1.3em;\">\u00a0<\/span><\/p>\n<p>&nbsp;<\/p>\n<h3 style=\"font-size: inherit; margin: 0px; padding: 0px; border: 0px none; line-height: 21px; font-family: Arial, sans-serif; vertical-align: baseline; color: #666666;\"><a href=\"https:\/\/www.sba.it\/ru\/%d0%bf%d1%80%d0%be%d0%b4%d0%b0%d1%82%d1%8c\/\">VUOI VENDERE O COMPRARE UN QUADRO DI QUESTO ARTISTA?<\/a><\/h3>\n<p>&nbsp;<\/p>\n","protected":false},"excerpt":{"rendered":"<p>Filippo Carcano nacque a Milano nel 1840. Entr\u00f2 all\u2019Accademia di Brera nel 1855 distinguendosi come uno dei pi\u00f9 brillanti allievi [&hellip;]<\/p>\n","protected":false},"author":2,"featured_media":3410,"parent":0,"menu_order":1,"comment_status":"closed","ping_status":"closed","template":"","meta":{"_monsterinsights_skip_tracking":false,"_monsterinsights_sitenote_active":false,"_monsterinsights_sitenote_note":"","_monsterinsights_sitenote_category":0,"footnotes":""},"class_list":["post-75656","page","type-page","status-publish","has-post-thumbnail","hentry","page_category-1277"],"yoast_head":"<!-- This site is optimized with the Yoast SEO plugin v27.5 - https:\/\/yoast.com\/product\/yoast-seo-wordpress\/ -->\n<title>Carcano Filippo (1840-1914). Biografia. Quadri in vendita - Societ\u00e0 di Belle Arti<\/title>\n<meta name=\"description\" content=\"Filippo Carcano biografia e qyadri in vendita 800 e 900 lomabrdo e stima perizia expertise.\" \/>\n<meta name=\"robots\" content=\"index, follow, max-snippet:-1, max-image-preview:large, max-video-preview:-1\" \/>\n<link rel=\"canonical\" href=\"https:\/\/www.sba.it\/ru\/carcano-filippo-biografia-quadri-vendita-acquisto-stima-perizie\/\" \/>\n<meta property=\"og:locale\" content=\"ru_RU\" \/>\n<meta property=\"og:type\" content=\"article\" \/>\n<meta property=\"og:title\" content=\"Carcano Filippo (1840-1914). Biografia. Quadri in vendita - Societ\u00e0 di Belle Arti\" \/>\n<meta property=\"og:description\" content=\"Filippo Carcano biografia e qyadri in vendita 800 e 900 lomabrdo e stima perizia expertise.\" \/>\n<meta property=\"og:url\" content=\"https:\/\/www.sba.it\/ru\/carcano-filippo-biografia-quadri-vendita-acquisto-stima-perizie\/\" \/>\n<meta property=\"og:site_name\" content=\"Societ\u00e0 di Belle Arti\" \/>\n<meta property=\"article:publisher\" content=\"https:\/\/www.facebook.com\/pitturaitaliana800e900\/\" \/>\n<meta property=\"article:modified_time\" content=\"2019-01-24T11:35:25+00:00\" \/>\n<meta property=\"og:image\" content=\"https:\/\/www.sba.it\/wp-content\/uploads\/2018\/07\/images_artisti_filippo-carcano-autoritratto.jpg\" \/>\n\t<meta property=\"og:image:width\" content=\"300\" \/>\n\t<meta property=\"og:image:height\" content=\"445\" \/>\n\t<meta property=\"og:image:type\" content=\"image\/jpeg\" \/>\n<meta name=\"twitter:card\" content=\"summary_large_image\" \/>\n<meta name=\"twitter:site\" content=\"@SocietaArti\" \/>\n<meta name=\"twitter:label1\" content=\"\u041f\u0440\u0438\u043c\u0435\u0440\u043d\u043e\u0435 \u0432\u0440\u0435\u043c\u044f \u0434\u043b\u044f \u0447\u0442\u0435\u043d\u0438\u044f\" \/>\n\t<meta name=\"twitter:data1\" content=\"2 \u043c\u0438\u043d\u0443\u0442\u044b\" \/>\n<script type=\"application\/ld+json\" class=\"yoast-schema-graph\">{\"@context\":\"https:\\\/\\\/schema.org\",\"@graph\":[{\"@type\":\"WebPage\",\"@id\":\"https:\\\/\\\/www.sba.it\\\/ru\\\/carcano-filippo-biografia-quadri-vendita-acquisto-stima-perizie\\\/\",\"url\":\"https:\\\/\\\/www.sba.it\\\/ru\\\/carcano-filippo-biografia-quadri-vendita-acquisto-stima-perizie\\\/\",\"name\":\"Carcano Filippo (1840-1914). Biografia. Quadri in vendita - Societ\u00e0 di Belle Arti\",\"isPartOf\":{\"@id\":\"https:\\\/\\\/www.sba.it\\\/#website\"},\"primaryImageOfPage\":{\"@id\":\"https:\\\/\\\/www.sba.it\\\/ru\\\/carcano-filippo-biografia-quadri-vendita-acquisto-stima-perizie\\\/#primaryimage\"},\"image\":{\"@id\":\"https:\\\/\\\/www.sba.it\\\/ru\\\/carcano-filippo-biografia-quadri-vendita-acquisto-stima-perizie\\\/#primaryimage\"},\"thumbnailUrl\":\"https:\\\/\\\/www.sba.it\\\/wp-content\\\/uploads\\\/2018\\\/07\\\/images_artisti_filippo-carcano-autoritratto.jpg\",\"datePublished\":\"2018-07-30T07:40:39+00:00\",\"dateModified\":\"2019-01-24T11:35:25+00:00\",\"description\":\"Filippo Carcano biografia e qyadri in vendita 800 e 900 lomabrdo e stima perizia expertise.\",\"breadcrumb\":{\"@id\":\"https:\\\/\\\/www.sba.it\\\/ru\\\/carcano-filippo-biografia-quadri-vendita-acquisto-stima-perizie\\\/#breadcrumb\"},\"inLanguage\":\"ru-RU\",\"potentialAction\":[{\"@type\":\"ReadAction\",\"target\":[\"https:\\\/\\\/www.sba.it\\\/ru\\\/carcano-filippo-biografia-quadri-vendita-acquisto-stima-perizie\\\/\"]}]},{\"@type\":\"ImageObject\",\"inLanguage\":\"ru-RU\",\"@id\":\"https:\\\/\\\/www.sba.it\\\/ru\\\/carcano-filippo-biografia-quadri-vendita-acquisto-stima-perizie\\\/#primaryimage\",\"url\":\"https:\\\/\\\/www.sba.it\\\/wp-content\\\/uploads\\\/2018\\\/07\\\/images_artisti_filippo-carcano-autoritratto.jpg\",\"contentUrl\":\"https:\\\/\\\/www.sba.it\\\/wp-content\\\/uploads\\\/2018\\\/07\\\/images_artisti_filippo-carcano-autoritratto.jpg\",\"width\":300,\"height\":445},{\"@type\":\"BreadcrumbList\",\"@id\":\"https:\\\/\\\/www.sba.it\\\/ru\\\/carcano-filippo-biografia-quadri-vendita-acquisto-stima-perizie\\\/#breadcrumb\",\"itemListElement\":[{\"@type\":\"ListItem\",\"position\":1,\"name\":\"Home\",\"item\":\"https:\\\/\\\/www.sba.it\\\/ru\\\/\"},{\"@type\":\"ListItem\",\"position\":2,\"name\":\"Carcano Filippo (1840-1914). Biografia. Quadri in vendita\"}]},{\"@type\":\"WebSite\",\"@id\":\"https:\\\/\\\/www.sba.it\\\/#website\",\"url\":\"https:\\\/\\\/www.sba.it\\\/\",\"name\":\"Societ\u00e0 di Belle Arti\",\"description\":\"Quadri macchiaioli e del 800 e 900 in vendita\",\"publisher\":{\"@id\":\"https:\\\/\\\/www.sba.it\\\/#organization\"},\"potentialAction\":[{\"@type\":\"SearchAction\",\"target\":{\"@type\":\"EntryPoint\",\"urlTemplate\":\"https:\\\/\\\/www.sba.it\\\/?s={search_term_string}\"},\"query-input\":{\"@type\":\"PropertyValueSpecification\",\"valueRequired\":true,\"valueName\":\"search_term_string\"}}],\"inLanguage\":\"ru-RU\"},{\"@type\":\"Organization\",\"@id\":\"https:\\\/\\\/www.sba.it\\\/#organization\",\"name\":\"Societ\u00e0 di Belle Arti\",\"url\":\"https:\\\/\\\/www.sba.it\\\/\",\"logo\":{\"@type\":\"ImageObject\",\"inLanguage\":\"ru-RU\",\"@id\":\"https:\\\/\\\/www.sba.it\\\/#\\\/schema\\\/logo\\\/image\\\/\",\"url\":\"https:\\\/\\\/www.sba.it\\\/wp-content\\\/uploads\\\/2019\\\/04\\\/Logo-rosso_nero.png\",\"contentUrl\":\"https:\\\/\\\/www.sba.it\\\/wp-content\\\/uploads\\\/2019\\\/04\\\/Logo-rosso_nero.png\",\"width\":2532,\"height\":1137,\"caption\":\"Societ\u00e0 di Belle Arti\"},\"image\":{\"@id\":\"https:\\\/\\\/www.sba.it\\\/#\\\/schema\\\/logo\\\/image\\\/\"},\"sameAs\":[\"https:\\\/\\\/www.facebook.com\\\/pitturaitaliana800e900\\\/\",\"https:\\\/\\\/x.com\\\/SocietaArti\",\"https:\\\/\\\/www.instagram.com\\\/societadibellearti\",\"https:\\\/\\\/www.linkedin.com\\\/in\\\/societ\u00e0-di-belle-arti-363aa8191\\\/\",\"https:\\\/\\\/www.youtube.com\\\/channel\\\/UC6fJlk-ajwhsnEIICATyXaQ\"]}]}<\/script>\n<!-- \/ Yoast SEO plugin. -->","yoast_head_json":{"title":"Carcano Filippo (1840-1914). Biografia. Quadri in vendita - Societ\u00e0 di Belle Arti","description":"Filippo Carcano biografia e qyadri in vendita 800 e 900 lomabrdo e stima perizia expertise.","robots":{"index":"index","follow":"follow","max-snippet":"max-snippet:-1","max-image-preview":"max-image-preview:large","max-video-preview":"max-video-preview:-1"},"canonical":"https:\/\/www.sba.it\/ru\/carcano-filippo-biografia-quadri-vendita-acquisto-stima-perizie\/","og_locale":"ru_RU","og_type":"article","og_title":"Carcano Filippo (1840-1914). Biografia. Quadri in vendita - Societ\u00e0 di Belle Arti","og_description":"Filippo Carcano biografia e qyadri in vendita 800 e 900 lomabrdo e stima perizia expertise.","og_url":"https:\/\/www.sba.it\/ru\/carcano-filippo-biografia-quadri-vendita-acquisto-stima-perizie\/","og_site_name":"Societ\u00e0 di Belle Arti","article_publisher":"https:\/\/www.facebook.com\/pitturaitaliana800e900\/","article_modified_time":"2019-01-24T11:35:25+00:00","og_image":[{"width":300,"height":445,"url":"https:\/\/www.sba.it\/wp-content\/uploads\/2018\/07\/images_artisti_filippo-carcano-autoritratto.jpg","type":"image\/jpeg"}],"twitter_card":"summary_large_image","twitter_site":"@SocietaArti","twitter_misc":{"\u041f\u0440\u0438\u043c\u0435\u0440\u043d\u043e\u0435 \u0432\u0440\u0435\u043c\u044f \u0434\u043b\u044f \u0447\u0442\u0435\u043d\u0438\u044f":"2 \u043c\u0438\u043d\u0443\u0442\u044b"},"schema":{"@context":"https:\/\/schema.org","@graph":[{"@type":"WebPage","@id":"https:\/\/www.sba.it\/ru\/carcano-filippo-biografia-quadri-vendita-acquisto-stima-perizie\/","url":"https:\/\/www.sba.it\/ru\/carcano-filippo-biografia-quadri-vendita-acquisto-stima-perizie\/","name":"Carcano Filippo (1840-1914). Biografia. Quadri in vendita - Societ\u00e0 di Belle Arti","isPartOf":{"@id":"https:\/\/www.sba.it\/#website"},"primaryImageOfPage":{"@id":"https:\/\/www.sba.it\/ru\/carcano-filippo-biografia-quadri-vendita-acquisto-stima-perizie\/#primaryimage"},"image":{"@id":"https:\/\/www.sba.it\/ru\/carcano-filippo-biografia-quadri-vendita-acquisto-stima-perizie\/#primaryimage"},"thumbnailUrl":"https:\/\/www.sba.it\/wp-content\/uploads\/2018\/07\/images_artisti_filippo-carcano-autoritratto.jpg","datePublished":"2018-07-30T07:40:39+00:00","dateModified":"2019-01-24T11:35:25+00:00","description":"Filippo Carcano biografia e qyadri in vendita 800 e 900 lomabrdo e stima perizia expertise.","breadcrumb":{"@id":"https:\/\/www.sba.it\/ru\/carcano-filippo-biografia-quadri-vendita-acquisto-stima-perizie\/#breadcrumb"},"inLanguage":"ru-RU","potentialAction":[{"@type":"ReadAction","target":["https:\/\/www.sba.it\/ru\/carcano-filippo-biografia-quadri-vendita-acquisto-stima-perizie\/"]}]},{"@type":"ImageObject","inLanguage":"ru-RU","@id":"https:\/\/www.sba.it\/ru\/carcano-filippo-biografia-quadri-vendita-acquisto-stima-perizie\/#primaryimage","url":"https:\/\/www.sba.it\/wp-content\/uploads\/2018\/07\/images_artisti_filippo-carcano-autoritratto.jpg","contentUrl":"https:\/\/www.sba.it\/wp-content\/uploads\/2018\/07\/images_artisti_filippo-carcano-autoritratto.jpg","width":300,"height":445},{"@type":"BreadcrumbList","@id":"https:\/\/www.sba.it\/ru\/carcano-filippo-biografia-quadri-vendita-acquisto-stima-perizie\/#breadcrumb","itemListElement":[{"@type":"ListItem","position":1,"name":"Home","item":"https:\/\/www.sba.it\/ru\/"},{"@type":"ListItem","position":2,"name":"Carcano Filippo (1840-1914). Biografia. Quadri in vendita"}]},{"@type":"WebSite","@id":"https:\/\/www.sba.it\/#website","url":"https:\/\/www.sba.it\/","name":"Societ\u00e0 di Belle Arti","description":"Quadri macchiaioli e del 800 e 900 in vendita","publisher":{"@id":"https:\/\/www.sba.it\/#organization"},"potentialAction":[{"@type":"SearchAction","target":{"@type":"EntryPoint","urlTemplate":"https:\/\/www.sba.it\/?s={search_term_string}"},"query-input":{"@type":"PropertyValueSpecification","valueRequired":true,"valueName":"search_term_string"}}],"inLanguage":"ru-RU"},{"@type":"Organization","@id":"https:\/\/www.sba.it\/#organization","name":"Societ\u00e0 di Belle Arti","url":"https:\/\/www.sba.it\/","logo":{"@type":"ImageObject","inLanguage":"ru-RU","@id":"https:\/\/www.sba.it\/#\/schema\/logo\/image\/","url":"https:\/\/www.sba.it\/wp-content\/uploads\/2019\/04\/Logo-rosso_nero.png","contentUrl":"https:\/\/www.sba.it\/wp-content\/uploads\/2019\/04\/Logo-rosso_nero.png","width":2532,"height":1137,"caption":"Societ\u00e0 di Belle Arti"},"image":{"@id":"https:\/\/www.sba.it\/#\/schema\/logo\/image\/"},"sameAs":["https:\/\/www.facebook.com\/pitturaitaliana800e900\/","https:\/\/x.com\/SocietaArti","https:\/\/www.instagram.com\/societadibellearti","https:\/\/www.linkedin.com\/in\/societ\u00e0-di-belle-arti-363aa8191\/","https:\/\/www.youtube.com\/channel\/UC6fJlk-ajwhsnEIICATyXaQ"]}]}},"_links":{"self":[{"href":"https:\/\/www.sba.it\/ru\/wp-json\/wp\/v2\/pages\/75656","targetHints":{"allow":["GET"]}}],"collection":[{"href":"https:\/\/www.sba.it\/ru\/wp-json\/wp\/v2\/pages"}],"about":[{"href":"https:\/\/www.sba.it\/ru\/wp-json\/wp\/v2\/types\/page"}],"author":[{"embeddable":true,"href":"https:\/\/www.sba.it\/ru\/wp-json\/wp\/v2\/users\/2"}],"replies":[{"embeddable":true,"href":"https:\/\/www.sba.it\/ru\/wp-json\/wp\/v2\/comments?post=75656"}],"version-history":[{"count":2,"href":"https:\/\/www.sba.it\/ru\/wp-json\/wp\/v2\/pages\/75656\/revisions"}],"predecessor-version":[{"id":80415,"href":"https:\/\/www.sba.it\/ru\/wp-json\/wp\/v2\/pages\/75656\/revisions\/80415"}],"wp:featuredmedia":[{"embeddable":true,"href":"https:\/\/www.sba.it\/ru\/wp-json\/wp\/v2\/media\/3410"}],"wp:attachment":[{"href":"https:\/\/www.sba.it\/ru\/wp-json\/wp\/v2\/media?parent=75656"}],"curies":[{"name":"wp","href":"https:\/\/api.w.org\/{rel}","templated":true}]}}