{"id":75353,"date":"2018-02-28T08:39:03","date_gmt":"2018-02-28T07:39:03","guid":{"rendered":"http:\/\/www.sba.it\/brass-italico-biografia-quadri-in-vendita-valutazione-stima-perizia-certificata-di-dipinti-di-brass-italico\/"},"modified":"2019-04-16T16:54:46","modified_gmt":"2019-04-16T14:54:46","slug":"brass-italico-biografia-quadri-in-vendita-valutazione-stima-perizia-certificata-di-dipinti-di-brass-italico","status":"publish","type":"page","link":"https:\/\/www.sba.it\/ru\/%d1%85%d1%83%d0%b4%d0%be%d0%b6%d0%bd%d0%b8%d0%ba%d0%b8\/brass-italico-biografia-quadri-in-vendita-valutazione-stima-perizia-certificata-di-dipinti-di-brass-italico\/","title":{"rendered":"Brass Italico (1870-1943). Biografia. Quadri in vendita."},"content":{"rendered":"<p style=\"text-align: justify;\"><img decoding=\"async\" class=\" alignleft size-full wp-image-3043\" style=\"margin-right: 20px; float: left;\" src=\"http:\/\/www.sba.it\/wp-content\/uploads\/2018\/02\/images_artisti_Italico-brass-foto.jpg\" alt=\"Italico-brass-foto\" width=\"305\" height=\"340\" srcset=\"https:\/\/www.sba.it\/wp-content\/uploads\/2018\/02\/images_artisti_Italico-brass-foto.jpg 305w, https:\/\/www.sba.it\/wp-content\/uploads\/2018\/02\/images_artisti_Italico-brass-foto-269x300.jpg 269w\" sizes=\"(max-width: 305px) 100vw, 305px\" \/>Italico Felice Luciano Brass nacque a Gorizia il 14 dicembre 1870.<\/p>\n<p style=\"text-align: justify;\">A 17 anni si trasfer\u00ec a Monaco per seguire, presso l\u2019Accademia, i corsi di pittura paesaggistica di Karl Raupp.<\/p>\n<p style=\"text-align: justify;\">Deluso dall\u2019ambiente monacense part\u00ec per Parigi dove rimase per sette anni frequentando gli ateliers di William Bouguereau e di Jean Paul Lauens che influenzarono profondamente i suoi esordi. Da Parigi si allontan\u00f2 spesso per tornare nelle zone d\u2019origine come attestano alcuni lavori tra cui <em>Chioggiotta<\/em> (1891) e <em>La Briscola<\/em>, che gli valse la medaglia di bronzo al Salon degli Champs Elys\u00e9es del 1893.<\/p>\n<p style=\"text-align: justify;\">Nei primi anni Novanta partecip\u00f2\u00a0 alle esposizioni della Societ\u00e9 des Artistes Francais con opere oramai\u00a0 perdute. Nel 1895 spos\u00f2 a Parigi la russa Lina Vidoff con la quale si stabil\u00ec a Venezia.<\/p>\n<p style=\"text-align: justify;\">Nel 1910 ottenne il successo definitivo\u00a0 alla Biennale con una personale recensita positivamente da Ugo Ojetti. Segu\u00ec una mostra itinerante con pi\u00f9 di 60 opere che tocc\u00f2 Budapest, la Germania per giungere a Parigi.<\/p>\n<p style=\"text-align: justify;\">Allo scoppio della prima guerra mondiale venne arruolato per documentare gli eventi bellici in opere pittoriche. Videro cos\u00ec la luce dipinti quali <em>Soldati a Palmanova<\/em> e<em> La chiesa degli Scalzi bombardata<\/em>.<\/p>\n<p style=\"text-align: justify;\">Durante il\u00a0 dopoguerra, oltre alle partecipazioni alla Biennale,\u00a0 prese parte ad alcune collettive presso l\u2019Opera Bevilacqua la Masa (1930, \u201837, \u201841 e \u201843). Nel 1936 espose alla mostra d\u2019arte italiana contemporanea a Budapest e vendette il dipinto <em>Regata in laguna<\/em> al museo locale.<\/p>\n<p style=\"text-align: justify;\">L&#8217;anno successivo partecip\u00f2 alla rassegna internazionale di Pittsburgh e alla Mostra del paesaggio contemporaneo italiano, allestita da Antonio Maraini, itinerante\u00a0 tra Varsavia, Helsinki e i centri baltici. Dagli anni trenta si allontan\u00f2 progressivamente dalla scena pubblica per dedicarsi allo studio e al collezionismo d\u2019arte veneta, entrando a far parte delle commissioni tecniche delle pi\u00f9 importanti mostre d\u2019arte antica veneziane.<\/p>\n<p style=\"text-align: justify;\">Mor\u00ec nel 1843 nella casa veneziana a San Trovaso.<\/p>\n<h3 style=\"font-size: 12pt;\"><a href=\"https:\/\/www.sba.it\/ru\/%d1%81%d0%be%d0%b2%d0%b5%d1%80%d1%88%d0%b5%d0%bd%d1%81%d1%82%d0%b2%d0%b0\/\">CATALOGO OPERE<\/a>\u00a0| <a href=\"https:\/\/www.sba.it\/ru\/%d0%bf%d1%80%d0%be%d0%b4%d0%b0%d1%82%d1%8c\/\">VUOI VENDERE O COMPRARE UN QUADRO DI QUESTO ARTISTA?<\/a><\/h3>\n","protected":false},"excerpt":{"rendered":"<p>Italico Felice Luciano Brass nacque a Gorizia il 14 dicembre 1870. A 17 anni si trasfer\u00ec a Monaco per seguire, [&hellip;]<\/p>\n","protected":false},"author":2,"featured_media":3046,"parent":73491,"menu_order":47,"comment_status":"closed","ping_status":"closed","template":"","meta":{"_monsterinsights_skip_tracking":false,"_monsterinsights_sitenote_active":false,"_monsterinsights_sitenote_note":"","_monsterinsights_sitenote_category":0,"footnotes":""},"class_list":["post-75353","page","type-page","status-publish","has-post-thumbnail","hentry","page_category-1277"],"yoast_head":"<!-- This site is optimized with the Yoast SEO plugin v27.4 - https:\/\/yoast.com\/product\/yoast-seo-wordpress\/ -->\n<title>Brass Italico (1870-1943). Biografia. Quadri in vendita.<\/title>\n<meta name=\"description\" content=\"Italico Brass leggi la vita del pittore friulano del 900, vendita e acquisto online dipinti friulani del 900 di Italico Brass scopri come\" \/>\n<meta name=\"robots\" content=\"index, follow, max-snippet:-1, max-image-preview:large, max-video-preview:-1\" \/>\n<link rel=\"canonical\" href=\"https:\/\/www.sba.it\/ru\/\u0445\u0443\u0434\u043e\u0436\u043d\u0438\u043a\u0438\/brass-italico-biografia-quadri-in-vendita-valutazione-stima-perizia-certificata-di-dipinti-di-brass-italico\/\" \/>\n<meta property=\"og:locale\" content=\"ru_RU\" \/>\n<meta property=\"og:type\" content=\"article\" \/>\n<meta property=\"og:title\" content=\"Brass Italico (1870-1943). Biografia. Quadri in vendita.\" \/>\n<meta property=\"og:description\" content=\"Italico Brass leggi la vita del pittore friulano del 900, vendita e acquisto online dipinti friulani del 900 di Italico Brass scopri come\" \/>\n<meta property=\"og:url\" content=\"https:\/\/www.sba.it\/ru\/\u0445\u0443\u0434\u043e\u0436\u043d\u0438\u043a\u0438\/brass-italico-biografia-quadri-in-vendita-valutazione-stima-perizia-certificata-di-dipinti-di-brass-italico\/\" \/>\n<meta property=\"og:site_name\" content=\"Societ\u00e0 di Belle Arti\" \/>\n<meta property=\"article:publisher\" content=\"https:\/\/www.facebook.com\/pitturaitaliana800e900\/\" \/>\n<meta property=\"article:modified_time\" content=\"2019-04-16T14:54:46+00:00\" \/>\n<meta property=\"og:image\" content=\"https:\/\/www.sba.it\/wp-content\/uploads\/2018\/02\/images_artisti_Italico-brass-foto.jpg\" \/>\n\t<meta property=\"og:image:width\" content=\"305\" \/>\n\t<meta property=\"og:image:height\" content=\"340\" \/>\n\t<meta property=\"og:image:type\" content=\"image\/jpeg\" \/>\n<meta name=\"twitter:card\" content=\"summary_large_image\" \/>\n<meta name=\"twitter:site\" content=\"@SocietaArti\" \/>\n<meta name=\"twitter:label1\" content=\"\u041f\u0440\u0438\u043c\u0435\u0440\u043d\u043e\u0435 \u0432\u0440\u0435\u043c\u044f \u0434\u043b\u044f \u0447\u0442\u0435\u043d\u0438\u044f\" \/>\n\t<meta name=\"twitter:data1\" content=\"2 \u043c\u0438\u043d\u0443\u0442\u044b\" \/>\n<script type=\"application\/ld+json\" class=\"yoast-schema-graph\">{\"@context\":\"https:\\\/\\\/schema.org\",\"@graph\":[{\"@type\":\"WebPage\",\"@id\":\"https:\\\/\\\/www.sba.it\\\/ru\\\/%d1%85%d1%83%d0%b4%d0%be%d0%b6%d0%bd%d0%b8%d0%ba%d0%b8\\\/brass-italico-biografia-quadri-in-vendita-valutazione-stima-perizia-certificata-di-dipinti-di-brass-italico\\\/\",\"url\":\"https:\\\/\\\/www.sba.it\\\/ru\\\/%d1%85%d1%83%d0%b4%d0%be%d0%b6%d0%bd%d0%b8%d0%ba%d0%b8\\\/brass-italico-biografia-quadri-in-vendita-valutazione-stima-perizia-certificata-di-dipinti-di-brass-italico\\\/\",\"name\":\"Brass Italico (1870-1943). Biografia. Quadri in vendita.\",\"isPartOf\":{\"@id\":\"https:\\\/\\\/www.sba.it\\\/#website\"},\"primaryImageOfPage\":{\"@id\":\"https:\\\/\\\/www.sba.it\\\/ru\\\/%d1%85%d1%83%d0%b4%d0%be%d0%b6%d0%bd%d0%b8%d0%ba%d0%b8\\\/brass-italico-biografia-quadri-in-vendita-valutazione-stima-perizia-certificata-di-dipinti-di-brass-italico\\\/#primaryimage\"},\"image\":{\"@id\":\"https:\\\/\\\/www.sba.it\\\/ru\\\/%d1%85%d1%83%d0%b4%d0%be%d0%b6%d0%bd%d0%b8%d0%ba%d0%b8\\\/brass-italico-biografia-quadri-in-vendita-valutazione-stima-perizia-certificata-di-dipinti-di-brass-italico\\\/#primaryimage\"},\"thumbnailUrl\":\"https:\\\/\\\/www.sba.it\\\/wp-content\\\/uploads\\\/2018\\\/02\\\/images_artisti_Italico-brass-foto.jpg\",\"datePublished\":\"2018-02-28T07:39:03+00:00\",\"dateModified\":\"2019-04-16T14:54:46+00:00\",\"description\":\"Italico Brass leggi la vita del pittore friulano del 900, vendita e acquisto online dipinti friulani del 900 di Italico Brass scopri come\",\"breadcrumb\":{\"@id\":\"https:\\\/\\\/www.sba.it\\\/ru\\\/%d1%85%d1%83%d0%b4%d0%be%d0%b6%d0%bd%d0%b8%d0%ba%d0%b8\\\/brass-italico-biografia-quadri-in-vendita-valutazione-stima-perizia-certificata-di-dipinti-di-brass-italico\\\/#breadcrumb\"},\"inLanguage\":\"ru-RU\",\"potentialAction\":[{\"@type\":\"ReadAction\",\"target\":[\"https:\\\/\\\/www.sba.it\\\/ru\\\/%d1%85%d1%83%d0%b4%d0%be%d0%b6%d0%bd%d0%b8%d0%ba%d0%b8\\\/brass-italico-biografia-quadri-in-vendita-valutazione-stima-perizia-certificata-di-dipinti-di-brass-italico\\\/\"]}]},{\"@type\":\"ImageObject\",\"inLanguage\":\"ru-RU\",\"@id\":\"https:\\\/\\\/www.sba.it\\\/ru\\\/%d1%85%d1%83%d0%b4%d0%be%d0%b6%d0%bd%d0%b8%d0%ba%d0%b8\\\/brass-italico-biografia-quadri-in-vendita-valutazione-stima-perizia-certificata-di-dipinti-di-brass-italico\\\/#primaryimage\",\"url\":\"https:\\\/\\\/www.sba.it\\\/wp-content\\\/uploads\\\/2018\\\/02\\\/images_artisti_Italico-brass-foto.jpg\",\"contentUrl\":\"https:\\\/\\\/www.sba.it\\\/wp-content\\\/uploads\\\/2018\\\/02\\\/images_artisti_Italico-brass-foto.jpg\",\"width\":305,\"height\":340,\"caption\":\"Foto di Italico Brass\"},{\"@type\":\"BreadcrumbList\",\"@id\":\"https:\\\/\\\/www.sba.it\\\/ru\\\/%d1%85%d1%83%d0%b4%d0%be%d0%b6%d0%bd%d0%b8%d0%ba%d0%b8\\\/brass-italico-biografia-quadri-in-vendita-valutazione-stima-perizia-certificata-di-dipinti-di-brass-italico\\\/#breadcrumb\",\"itemListElement\":[{\"@type\":\"ListItem\",\"position\":1,\"name\":\"Home\",\"item\":\"https:\\\/\\\/www.sba.it\\\/ru\\\/\"},{\"@type\":\"ListItem\",\"position\":2,\"name\":\"\u0425\u0423\u0414\u041e\u0416\u041d\u0418\u041a\u0418\",\"item\":\"https:\\\/\\\/www.sba.it\\\/ru\\\/%d1%85%d1%83%d0%b4%d0%be%d0%b6%d0%bd%d0%b8%d0%ba%d0%b8\\\/\"},{\"@type\":\"ListItem\",\"position\":3,\"name\":\"Brass Italico (1870-1943). Biografia. Quadri in vendita.\"}]},{\"@type\":\"WebSite\",\"@id\":\"https:\\\/\\\/www.sba.it\\\/#website\",\"url\":\"https:\\\/\\\/www.sba.it\\\/\",\"name\":\"Societ\u00e0 di Belle Arti\",\"description\":\"Quadri macchiaioli e del 800 e 900 in vendita\",\"publisher\":{\"@id\":\"https:\\\/\\\/www.sba.it\\\/#organization\"},\"potentialAction\":[{\"@type\":\"SearchAction\",\"target\":{\"@type\":\"EntryPoint\",\"urlTemplate\":\"https:\\\/\\\/www.sba.it\\\/?s={search_term_string}\"},\"query-input\":{\"@type\":\"PropertyValueSpecification\",\"valueRequired\":true,\"valueName\":\"search_term_string\"}}],\"inLanguage\":\"ru-RU\"},{\"@type\":\"Organization\",\"@id\":\"https:\\\/\\\/www.sba.it\\\/#organization\",\"name\":\"Societ\u00e0 di Belle Arti\",\"url\":\"https:\\\/\\\/www.sba.it\\\/\",\"logo\":{\"@type\":\"ImageObject\",\"inLanguage\":\"ru-RU\",\"@id\":\"https:\\\/\\\/www.sba.it\\\/#\\\/schema\\\/logo\\\/image\\\/\",\"url\":\"https:\\\/\\\/www.sba.it\\\/wp-content\\\/uploads\\\/2019\\\/04\\\/Logo-rosso_nero.png\",\"contentUrl\":\"https:\\\/\\\/www.sba.it\\\/wp-content\\\/uploads\\\/2019\\\/04\\\/Logo-rosso_nero.png\",\"width\":2532,\"height\":1137,\"caption\":\"Societ\u00e0 di Belle Arti\"},\"image\":{\"@id\":\"https:\\\/\\\/www.sba.it\\\/#\\\/schema\\\/logo\\\/image\\\/\"},\"sameAs\":[\"https:\\\/\\\/www.facebook.com\\\/pitturaitaliana800e900\\\/\",\"https:\\\/\\\/x.com\\\/SocietaArti\",\"https:\\\/\\\/www.instagram.com\\\/societadibellearti\",\"https:\\\/\\\/www.linkedin.com\\\/in\\\/societ\u00e0-di-belle-arti-363aa8191\\\/\",\"https:\\\/\\\/www.youtube.com\\\/channel\\\/UC6fJlk-ajwhsnEIICATyXaQ\"]}]}<\/script>\n<!-- \/ Yoast SEO plugin. -->","yoast_head_json":{"title":"Brass Italico (1870-1943). Biografia. Quadri in vendita.","description":"Italico Brass leggi la vita del pittore friulano del 900, vendita e acquisto online dipinti friulani del 900 di Italico Brass scopri come","robots":{"index":"index","follow":"follow","max-snippet":"max-snippet:-1","max-image-preview":"max-image-preview:large","max-video-preview":"max-video-preview:-1"},"canonical":"https:\/\/www.sba.it\/ru\/\u0445\u0443\u0434\u043e\u0436\u043d\u0438\u043a\u0438\/brass-italico-biografia-quadri-in-vendita-valutazione-stima-perizia-certificata-di-dipinti-di-brass-italico\/","og_locale":"ru_RU","og_type":"article","og_title":"Brass Italico (1870-1943). Biografia. Quadri in vendita.","og_description":"Italico Brass leggi la vita del pittore friulano del 900, vendita e acquisto online dipinti friulani del 900 di Italico Brass scopri come","og_url":"https:\/\/www.sba.it\/ru\/\u0445\u0443\u0434\u043e\u0436\u043d\u0438\u043a\u0438\/brass-italico-biografia-quadri-in-vendita-valutazione-stima-perizia-certificata-di-dipinti-di-brass-italico\/","og_site_name":"Societ\u00e0 di Belle Arti","article_publisher":"https:\/\/www.facebook.com\/pitturaitaliana800e900\/","article_modified_time":"2019-04-16T14:54:46+00:00","og_image":[{"width":305,"height":340,"url":"https:\/\/www.sba.it\/wp-content\/uploads\/2018\/02\/images_artisti_Italico-brass-foto.jpg","type":"image\/jpeg"}],"twitter_card":"summary_large_image","twitter_site":"@SocietaArti","twitter_misc":{"\u041f\u0440\u0438\u043c\u0435\u0440\u043d\u043e\u0435 \u0432\u0440\u0435\u043c\u044f \u0434\u043b\u044f \u0447\u0442\u0435\u043d\u0438\u044f":"2 \u043c\u0438\u043d\u0443\u0442\u044b"},"schema":{"@context":"https:\/\/schema.org","@graph":[{"@type":"WebPage","@id":"https:\/\/www.sba.it\/ru\/%d1%85%d1%83%d0%b4%d0%be%d0%b6%d0%bd%d0%b8%d0%ba%d0%b8\/brass-italico-biografia-quadri-in-vendita-valutazione-stima-perizia-certificata-di-dipinti-di-brass-italico\/","url":"https:\/\/www.sba.it\/ru\/%d1%85%d1%83%d0%b4%d0%be%d0%b6%d0%bd%d0%b8%d0%ba%d0%b8\/brass-italico-biografia-quadri-in-vendita-valutazione-stima-perizia-certificata-di-dipinti-di-brass-italico\/","name":"Brass Italico (1870-1943). Biografia. Quadri in vendita.","isPartOf":{"@id":"https:\/\/www.sba.it\/#website"},"primaryImageOfPage":{"@id":"https:\/\/www.sba.it\/ru\/%d1%85%d1%83%d0%b4%d0%be%d0%b6%d0%bd%d0%b8%d0%ba%d0%b8\/brass-italico-biografia-quadri-in-vendita-valutazione-stima-perizia-certificata-di-dipinti-di-brass-italico\/#primaryimage"},"image":{"@id":"https:\/\/www.sba.it\/ru\/%d1%85%d1%83%d0%b4%d0%be%d0%b6%d0%bd%d0%b8%d0%ba%d0%b8\/brass-italico-biografia-quadri-in-vendita-valutazione-stima-perizia-certificata-di-dipinti-di-brass-italico\/#primaryimage"},"thumbnailUrl":"https:\/\/www.sba.it\/wp-content\/uploads\/2018\/02\/images_artisti_Italico-brass-foto.jpg","datePublished":"2018-02-28T07:39:03+00:00","dateModified":"2019-04-16T14:54:46+00:00","description":"Italico Brass leggi la vita del pittore friulano del 900, vendita e acquisto online dipinti friulani del 900 di Italico Brass scopri come","breadcrumb":{"@id":"https:\/\/www.sba.it\/ru\/%d1%85%d1%83%d0%b4%d0%be%d0%b6%d0%bd%d0%b8%d0%ba%d0%b8\/brass-italico-biografia-quadri-in-vendita-valutazione-stima-perizia-certificata-di-dipinti-di-brass-italico\/#breadcrumb"},"inLanguage":"ru-RU","potentialAction":[{"@type":"ReadAction","target":["https:\/\/www.sba.it\/ru\/%d1%85%d1%83%d0%b4%d0%be%d0%b6%d0%bd%d0%b8%d0%ba%d0%b8\/brass-italico-biografia-quadri-in-vendita-valutazione-stima-perizia-certificata-di-dipinti-di-brass-italico\/"]}]},{"@type":"ImageObject","inLanguage":"ru-RU","@id":"https:\/\/www.sba.it\/ru\/%d1%85%d1%83%d0%b4%d0%be%d0%b6%d0%bd%d0%b8%d0%ba%d0%b8\/brass-italico-biografia-quadri-in-vendita-valutazione-stima-perizia-certificata-di-dipinti-di-brass-italico\/#primaryimage","url":"https:\/\/www.sba.it\/wp-content\/uploads\/2018\/02\/images_artisti_Italico-brass-foto.jpg","contentUrl":"https:\/\/www.sba.it\/wp-content\/uploads\/2018\/02\/images_artisti_Italico-brass-foto.jpg","width":305,"height":340,"caption":"Foto di Italico Brass"},{"@type":"BreadcrumbList","@id":"https:\/\/www.sba.it\/ru\/%d1%85%d1%83%d0%b4%d0%be%d0%b6%d0%bd%d0%b8%d0%ba%d0%b8\/brass-italico-biografia-quadri-in-vendita-valutazione-stima-perizia-certificata-di-dipinti-di-brass-italico\/#breadcrumb","itemListElement":[{"@type":"ListItem","position":1,"name":"Home","item":"https:\/\/www.sba.it\/ru\/"},{"@type":"ListItem","position":2,"name":"\u0425\u0423\u0414\u041e\u0416\u041d\u0418\u041a\u0418","item":"https:\/\/www.sba.it\/ru\/%d1%85%d1%83%d0%b4%d0%be%d0%b6%d0%bd%d0%b8%d0%ba%d0%b8\/"},{"@type":"ListItem","position":3,"name":"Brass Italico (1870-1943). Biografia. Quadri in vendita."}]},{"@type":"WebSite","@id":"https:\/\/www.sba.it\/#website","url":"https:\/\/www.sba.it\/","name":"Societ\u00e0 di Belle Arti","description":"Quadri macchiaioli e del 800 e 900 in vendita","publisher":{"@id":"https:\/\/www.sba.it\/#organization"},"potentialAction":[{"@type":"SearchAction","target":{"@type":"EntryPoint","urlTemplate":"https:\/\/www.sba.it\/?s={search_term_string}"},"query-input":{"@type":"PropertyValueSpecification","valueRequired":true,"valueName":"search_term_string"}}],"inLanguage":"ru-RU"},{"@type":"Organization","@id":"https:\/\/www.sba.it\/#organization","name":"Societ\u00e0 di Belle Arti","url":"https:\/\/www.sba.it\/","logo":{"@type":"ImageObject","inLanguage":"ru-RU","@id":"https:\/\/www.sba.it\/#\/schema\/logo\/image\/","url":"https:\/\/www.sba.it\/wp-content\/uploads\/2019\/04\/Logo-rosso_nero.png","contentUrl":"https:\/\/www.sba.it\/wp-content\/uploads\/2019\/04\/Logo-rosso_nero.png","width":2532,"height":1137,"caption":"Societ\u00e0 di Belle Arti"},"image":{"@id":"https:\/\/www.sba.it\/#\/schema\/logo\/image\/"},"sameAs":["https:\/\/www.facebook.com\/pitturaitaliana800e900\/","https:\/\/x.com\/SocietaArti","https:\/\/www.instagram.com\/societadibellearti","https:\/\/www.linkedin.com\/in\/societ\u00e0-di-belle-arti-363aa8191\/","https:\/\/www.youtube.com\/channel\/UC6fJlk-ajwhsnEIICATyXaQ"]}]}},"_links":{"self":[{"href":"https:\/\/www.sba.it\/ru\/wp-json\/wp\/v2\/pages\/75353","targetHints":{"allow":["GET"]}}],"collection":[{"href":"https:\/\/www.sba.it\/ru\/wp-json\/wp\/v2\/pages"}],"about":[{"href":"https:\/\/www.sba.it\/ru\/wp-json\/wp\/v2\/types\/page"}],"author":[{"embeddable":true,"href":"https:\/\/www.sba.it\/ru\/wp-json\/wp\/v2\/users\/2"}],"replies":[{"embeddable":true,"href":"https:\/\/www.sba.it\/ru\/wp-json\/wp\/v2\/comments?post=75353"}],"version-history":[{"count":4,"href":"https:\/\/www.sba.it\/ru\/wp-json\/wp\/v2\/pages\/75353\/revisions"}],"predecessor-version":[{"id":82298,"href":"https:\/\/www.sba.it\/ru\/wp-json\/wp\/v2\/pages\/75353\/revisions\/82298"}],"up":[{"embeddable":true,"href":"https:\/\/www.sba.it\/ru\/wp-json\/wp\/v2\/pages\/73491"}],"wp:featuredmedia":[{"embeddable":true,"href":"https:\/\/www.sba.it\/ru\/wp-json\/wp\/v2\/media\/3046"}],"wp:attachment":[{"href":"https:\/\/www.sba.it\/ru\/wp-json\/wp\/v2\/media?parent=75353"}],"curies":[{"name":"wp","href":"https:\/\/api.w.org\/{rel}","templated":true}]}}