{"id":75200,"date":"2018-03-23T09:17:32","date_gmt":"2018-03-23T08:17:32","guid":{"rendered":"http:\/\/www.sba.it\/albertini-oreste-quadri-in-vendita-stima-perizia-expertise-valutazioni-dipinti-di-oreste-albertini\/"},"modified":"2019-11-11T12:26:36","modified_gmt":"2019-11-11T11:26:36","slug":"albertini-oreste-quadri-in-vendita-stima-perizia-expertise-valutazioni-dipinti-di-oreste-albertini","status":"publish","type":"page","link":"https:\/\/www.sba.it\/ru\/%d1%85%d1%83%d0%b4%d0%be%d0%b6%d0%bd%d0%b8%d0%ba%d0%b8\/albertini-oreste-quadri-in-vendita-stima-perizia-expertise-valutazioni-dipinti-di-oreste-albertini\/","title":{"rendered":"Albertini Oreste (1887-1953). Biografia. Quadri in vendita."},"content":{"rendered":"<p style=\"text-align: justify;\"><img decoding=\"async\" class=\" alignleft size-full wp-image-3086\" style=\"margin-right: 20px; float: left;\" src=\"http:\/\/www.sba.it\/wp-content\/uploads\/2018\/03\/images_artisti_oreste-albertini-foto-pronta.jpg\" alt=\"oreste-albertini-foto-pronta\" width=\"300\" height=\"383\" srcset=\"https:\/\/www.sba.it\/wp-content\/uploads\/2018\/03\/images_artisti_oreste-albertini-foto-pronta.jpg 300w, https:\/\/www.sba.it\/wp-content\/uploads\/2018\/03\/images_artisti_oreste-albertini-foto-pronta-235x300.jpg 235w\" sizes=\"(max-width: 300px) 100vw, 300px\" \/>Oreste Albertini nacque a Torre del Mangano, vicino a Pavia nel 1887.<\/p>\n<p style=\"text-align: justify;\">Inizi\u00f2 la sua formazione artistica alla Civica Scuola di Pittura seguendo i corsi di <a href=\"http:\/\/www.sba.it\/pietro-michis-biografia-quadri-in-vendita\/\">Pietro Michis<\/a>, salvo poi interromperla a 13 anni per aiutare Cesare Maroni negli affreschi per la chiesa di Besano.<\/p>\n<p style=\"text-align: justify;\">Nel 1910 riprese gli studi a Milano, iscrivendosi alla Scuola di Decorazione professionale dell\u2019Umanitaria sotto la guida di Luigi Rossi.<\/p>\n<p style=\"text-align: justify;\">Svolse diverse mestieri -imbianchino, meccanico e operaio -fino al 1921\u00a0 quando, su suggerimento della moglie Rosa, si dedic\u00f2 completamente alla\u00a0 pittura.<\/p>\n<p style=\"text-align: justify;\">A Besano, nei pressi di Varese, il mercante Giuseppe Zecchi cur\u00f2 la vendita delle sue opere.<\/p>\n<p style=\"text-align: justify;\">Albertini cominci\u00f2, inoltre, a partecipare a manifestazioni prestigiose, come l\u2019Esposizione nazionale alla Permanente di Milano del 1923, e a numerose personali e collettive.<\/p>\n<p style=\"text-align: justify;\">Negli anni \u201830 raggiunse la notoriet\u00e0 esponendo nelle Gallerie di Lino Pesaro, di Salvetti e Ettore Gian Ferrari.<\/p>\n<p style=\"text-align: justify;\">Pur partecipando alla vita artistica milanese,\u00a0 non abbandon\u00f2 mai i suoi amati monti dove dipingeva <em>en plein air<\/em>.<\/p>\n<p style=\"text-align: justify;\">Pacifista e antifascista non prese parte in alcun modo alla II Guerra Mondiale rifugiandosi a Besano e prendendo le distanze dagli artisti vicini al regime, come i rappresentanti del <a href=\"https:\/\/it.wikipedia.org\/wiki\/Novecento_(movimento_artistico)\">Gruppo Novecento.<\/a><\/p>\n<p style=\"text-align: justify;\">Segu\u00ec, invece, pittori quali <a href=\"http:\/\/www.sba.it\/previati-gaetano-biografia-vendita-quadri-e-dipinti-di-gaetano-previati\/\">Previati<\/a>, <a href=\"http:\/\/www.sba.it\/pellizza-da-volpedo-giuseppe-biografia-quadri-in-vendita-valutazione-stima-perizia-certificata-di-dipinti-di-pellizza-da-volpedo-giuseppe\/\">Pellizza da Volpedo<\/a>, <a href=\"http:\/\/www.sba.it\/grubicy-de-dragon-vittore-biografia-quadri-in-vendita-postmacchiaioli-valutazione-stima-perizia-certificata-di-dipinti-di-grubicy-de-dragon-vittore\/\">Grubicy<\/a>, <a href=\"http:\/\/www.sba.it\/segantini-giovanni-biografia-quadri-in-vendita-valutazione-stima-perizia-certificata-di-dipinti-di-segantini-giovanni\/\">Segantini <\/a>e <a href=\"http:\/\/www.sba.it\/fornara-carlo-biografia-quadri-in-vendita-valutazione-stima-perizia-certificata-di-dipinti-di-fornara-carlo\/\">Fornara<\/a>, le cui opere riflettevano una profonda sensibilit\u00e0 e vena poetica.<\/p>\n<p style=\"text-align: justify;\">Rifiut\u00f2 sempre la definizione di artista divisionista, poich\u00e9 riteneva di tradurre in pittura ci\u00f2 che la natura gli suggeriva utilizzando gli stessi accostamenti, senza ricorrere ad alcuna scomposizione cromatica.<\/p>\n<p style=\"text-align: justify;\">Mor\u00ec il 7 luglio 1953 a Besano.<\/p>\n<h3 style=\"font-size: 12pt;\"><a href=\"https:\/\/www.sba.it\/ru\/%d1%81%d0%be%d0%b2%d0%b5%d1%80%d1%88%d0%b5%d0%bd%d1%81%d1%82%d0%b2%d0%b0\/\">CATALOGO OPERE\u00a0<\/a> | \u00a0<a href=\"https:\/\/www.sba.it\/ru\/%d0%bf%d1%80%d0%be%d0%b4%d0%b0%d1%82%d1%8c\/\">VUOI VENDERE O COMPRARE UN QUADRO DI QUESTO ARTISTA?<\/a><\/h3>\n","protected":false},"excerpt":{"rendered":"<p>Oreste Albertini nacque a Torre del Mangano, vicino a Pavia nel 1887. Inizi\u00f2 la sua formazione artistica alla Civica Scuola [&hellip;]<\/p>\n","protected":false},"author":2,"featured_media":3089,"parent":73491,"menu_order":36,"comment_status":"closed","ping_status":"closed","template":"","meta":{"_monsterinsights_skip_tracking":false,"_monsterinsights_sitenote_active":false,"_monsterinsights_sitenote_note":"","_monsterinsights_sitenote_category":0,"footnotes":""},"class_list":["post-75200","page","type-page","status-publish","has-post-thumbnail","hentry","page_category-1277"],"yoast_head":"<!-- This site is optimized with the Yoast SEO plugin v27.3 - https:\/\/yoast.com\/product\/yoast-seo-wordpress\/ -->\n<title>Albertini Oreste (1887-1953). Biografia. Quadri in vendita.<\/title>\n<meta name=\"description\" content=\"Oreste Albertini biografia e quadri in vendita pittura italiana dell&#039;800 e 900 shop on line galleria Societ\u00e0 di Belle Arti.\" \/>\n<meta name=\"robots\" content=\"index, follow, max-snippet:-1, max-image-preview:large, max-video-preview:-1\" \/>\n<link rel=\"canonical\" href=\"https:\/\/www.sba.it\/ru\/\u0445\u0443\u0434\u043e\u0436\u043d\u0438\u043a\u0438\/albertini-oreste-quadri-in-vendita-stima-perizia-expertise-valutazioni-dipinti-di-oreste-albertini\/\" \/>\n<meta property=\"og:locale\" content=\"ru_RU\" \/>\n<meta property=\"og:type\" content=\"article\" \/>\n<meta property=\"og:title\" content=\"Albertini Oreste (1887-1953). Biografia. Quadri in vendita.\" \/>\n<meta property=\"og:description\" content=\"Oreste Albertini biografia e quadri in vendita pittura italiana dell&#039;800 e 900 shop on line galleria Societ\u00e0 di Belle Arti.\" \/>\n<meta property=\"og:url\" content=\"https:\/\/www.sba.it\/ru\/\u0445\u0443\u0434\u043e\u0436\u043d\u0438\u043a\u0438\/albertini-oreste-quadri-in-vendita-stima-perizia-expertise-valutazioni-dipinti-di-oreste-albertini\/\" \/>\n<meta property=\"og:site_name\" content=\"Societ\u00e0 di Belle Arti\" \/>\n<meta property=\"article:publisher\" content=\"https:\/\/www.facebook.com\/pitturaitaliana800e900\/\" \/>\n<meta property=\"article:modified_time\" content=\"2019-11-11T11:26:36+00:00\" \/>\n<meta property=\"og:image\" content=\"https:\/\/www.sba.it\/wp-content\/uploads\/2018\/03\/images_artisti_oreste-albertini-foto-pronta.jpg\" \/>\n\t<meta property=\"og:image:width\" content=\"300\" \/>\n\t<meta property=\"og:image:height\" content=\"383\" \/>\n\t<meta property=\"og:image:type\" content=\"image\/jpeg\" \/>\n<meta name=\"twitter:card\" content=\"summary_large_image\" \/>\n<meta name=\"twitter:site\" content=\"@SocietaArti\" \/>\n<meta name=\"twitter:label1\" content=\"\u041f\u0440\u0438\u043c\u0435\u0440\u043d\u043e\u0435 \u0432\u0440\u0435\u043c\u044f \u0434\u043b\u044f \u0447\u0442\u0435\u043d\u0438\u044f\" \/>\n\t<meta name=\"twitter:data1\" content=\"1 \u043c\u0438\u043d\u0443\u0442\u0430\" \/>\n<script type=\"application\/ld+json\" class=\"yoast-schema-graph\">{\"@context\":\"https:\\\/\\\/schema.org\",\"@graph\":[{\"@type\":\"WebPage\",\"@id\":\"https:\\\/\\\/www.sba.it\\\/ru\\\/%d1%85%d1%83%d0%b4%d0%be%d0%b6%d0%bd%d0%b8%d0%ba%d0%b8\\\/albertini-oreste-quadri-in-vendita-stima-perizia-expertise-valutazioni-dipinti-di-oreste-albertini\\\/\",\"url\":\"https:\\\/\\\/www.sba.it\\\/ru\\\/%d1%85%d1%83%d0%b4%d0%be%d0%b6%d0%bd%d0%b8%d0%ba%d0%b8\\\/albertini-oreste-quadri-in-vendita-stima-perizia-expertise-valutazioni-dipinti-di-oreste-albertini\\\/\",\"name\":\"Albertini Oreste (1887-1953). Biografia. Quadri in vendita.\",\"isPartOf\":{\"@id\":\"https:\\\/\\\/www.sba.it\\\/#website\"},\"primaryImageOfPage\":{\"@id\":\"https:\\\/\\\/www.sba.it\\\/ru\\\/%d1%85%d1%83%d0%b4%d0%be%d0%b6%d0%bd%d0%b8%d0%ba%d0%b8\\\/albertini-oreste-quadri-in-vendita-stima-perizia-expertise-valutazioni-dipinti-di-oreste-albertini\\\/#primaryimage\"},\"image\":{\"@id\":\"https:\\\/\\\/www.sba.it\\\/ru\\\/%d1%85%d1%83%d0%b4%d0%be%d0%b6%d0%bd%d0%b8%d0%ba%d0%b8\\\/albertini-oreste-quadri-in-vendita-stima-perizia-expertise-valutazioni-dipinti-di-oreste-albertini\\\/#primaryimage\"},\"thumbnailUrl\":\"https:\\\/\\\/www.sba.it\\\/wp-content\\\/uploads\\\/2018\\\/03\\\/images_artisti_oreste-albertini-foto-pronta.jpg\",\"datePublished\":\"2018-03-23T08:17:32+00:00\",\"dateModified\":\"2019-11-11T11:26:36+00:00\",\"description\":\"Oreste Albertini biografia e quadri in vendita pittura italiana dell'800 e 900 shop on line galleria Societ\u00e0 di Belle Arti.\",\"breadcrumb\":{\"@id\":\"https:\\\/\\\/www.sba.it\\\/ru\\\/%d1%85%d1%83%d0%b4%d0%be%d0%b6%d0%bd%d0%b8%d0%ba%d0%b8\\\/albertini-oreste-quadri-in-vendita-stima-perizia-expertise-valutazioni-dipinti-di-oreste-albertini\\\/#breadcrumb\"},\"inLanguage\":\"ru-RU\",\"potentialAction\":[{\"@type\":\"ReadAction\",\"target\":[\"https:\\\/\\\/www.sba.it\\\/ru\\\/%d1%85%d1%83%d0%b4%d0%be%d0%b6%d0%bd%d0%b8%d0%ba%d0%b8\\\/albertini-oreste-quadri-in-vendita-stima-perizia-expertise-valutazioni-dipinti-di-oreste-albertini\\\/\"]}]},{\"@type\":\"ImageObject\",\"inLanguage\":\"ru-RU\",\"@id\":\"https:\\\/\\\/www.sba.it\\\/ru\\\/%d1%85%d1%83%d0%b4%d0%be%d0%b6%d0%bd%d0%b8%d0%ba%d0%b8\\\/albertini-oreste-quadri-in-vendita-stima-perizia-expertise-valutazioni-dipinti-di-oreste-albertini\\\/#primaryimage\",\"url\":\"https:\\\/\\\/www.sba.it\\\/wp-content\\\/uploads\\\/2018\\\/03\\\/images_artisti_oreste-albertini-foto-pronta.jpg\",\"contentUrl\":\"https:\\\/\\\/www.sba.it\\\/wp-content\\\/uploads\\\/2018\\\/03\\\/images_artisti_oreste-albertini-foto-pronta.jpg\",\"width\":300,\"height\":383,\"caption\":\"Foto di Oreste Albertini\"},{\"@type\":\"BreadcrumbList\",\"@id\":\"https:\\\/\\\/www.sba.it\\\/ru\\\/%d1%85%d1%83%d0%b4%d0%be%d0%b6%d0%bd%d0%b8%d0%ba%d0%b8\\\/albertini-oreste-quadri-in-vendita-stima-perizia-expertise-valutazioni-dipinti-di-oreste-albertini\\\/#breadcrumb\",\"itemListElement\":[{\"@type\":\"ListItem\",\"position\":1,\"name\":\"Home\",\"item\":\"https:\\\/\\\/www.sba.it\\\/ru\\\/\"},{\"@type\":\"ListItem\",\"position\":2,\"name\":\"\u0425\u0423\u0414\u041e\u0416\u041d\u0418\u041a\u0418\",\"item\":\"https:\\\/\\\/www.sba.it\\\/ru\\\/%d1%85%d1%83%d0%b4%d0%be%d0%b6%d0%bd%d0%b8%d0%ba%d0%b8\\\/\"},{\"@type\":\"ListItem\",\"position\":3,\"name\":\"Albertini Oreste (1887-1953). Biografia. Quadri in vendita.\"}]},{\"@type\":\"WebSite\",\"@id\":\"https:\\\/\\\/www.sba.it\\\/#website\",\"url\":\"https:\\\/\\\/www.sba.it\\\/\",\"name\":\"Societ\u00e0 di Belle Arti\",\"description\":\"Quadri macchiaioli e del 800 e 900 in vendita\",\"publisher\":{\"@id\":\"https:\\\/\\\/www.sba.it\\\/#organization\"},\"potentialAction\":[{\"@type\":\"SearchAction\",\"target\":{\"@type\":\"EntryPoint\",\"urlTemplate\":\"https:\\\/\\\/www.sba.it\\\/?s={search_term_string}\"},\"query-input\":{\"@type\":\"PropertyValueSpecification\",\"valueRequired\":true,\"valueName\":\"search_term_string\"}}],\"inLanguage\":\"ru-RU\"},{\"@type\":\"Organization\",\"@id\":\"https:\\\/\\\/www.sba.it\\\/#organization\",\"name\":\"Societ\u00e0 di Belle Arti\",\"url\":\"https:\\\/\\\/www.sba.it\\\/\",\"logo\":{\"@type\":\"ImageObject\",\"inLanguage\":\"ru-RU\",\"@id\":\"https:\\\/\\\/www.sba.it\\\/#\\\/schema\\\/logo\\\/image\\\/\",\"url\":\"https:\\\/\\\/www.sba.it\\\/wp-content\\\/uploads\\\/2019\\\/04\\\/Logo-rosso_nero.png\",\"contentUrl\":\"https:\\\/\\\/www.sba.it\\\/wp-content\\\/uploads\\\/2019\\\/04\\\/Logo-rosso_nero.png\",\"width\":2532,\"height\":1137,\"caption\":\"Societ\u00e0 di Belle Arti\"},\"image\":{\"@id\":\"https:\\\/\\\/www.sba.it\\\/#\\\/schema\\\/logo\\\/image\\\/\"},\"sameAs\":[\"https:\\\/\\\/www.facebook.com\\\/pitturaitaliana800e900\\\/\",\"https:\\\/\\\/x.com\\\/SocietaArti\",\"https:\\\/\\\/www.instagram.com\\\/societadibellearti\",\"https:\\\/\\\/www.linkedin.com\\\/in\\\/societ\u00e0-di-belle-arti-363aa8191\\\/\",\"https:\\\/\\\/www.youtube.com\\\/channel\\\/UC6fJlk-ajwhsnEIICATyXaQ\"]}]}<\/script>\n<!-- \/ Yoast SEO plugin. -->","yoast_head_json":{"title":"Albertini Oreste (1887-1953). Biografia. Quadri in vendita.","description":"Oreste Albertini biografia e quadri in vendita pittura italiana dell'800 e 900 shop on line galleria Societ\u00e0 di Belle Arti.","robots":{"index":"index","follow":"follow","max-snippet":"max-snippet:-1","max-image-preview":"max-image-preview:large","max-video-preview":"max-video-preview:-1"},"canonical":"https:\/\/www.sba.it\/ru\/\u0445\u0443\u0434\u043e\u0436\u043d\u0438\u043a\u0438\/albertini-oreste-quadri-in-vendita-stima-perizia-expertise-valutazioni-dipinti-di-oreste-albertini\/","og_locale":"ru_RU","og_type":"article","og_title":"Albertini Oreste (1887-1953). Biografia. Quadri in vendita.","og_description":"Oreste Albertini biografia e quadri in vendita pittura italiana dell'800 e 900 shop on line galleria Societ\u00e0 di Belle Arti.","og_url":"https:\/\/www.sba.it\/ru\/\u0445\u0443\u0434\u043e\u0436\u043d\u0438\u043a\u0438\/albertini-oreste-quadri-in-vendita-stima-perizia-expertise-valutazioni-dipinti-di-oreste-albertini\/","og_site_name":"Societ\u00e0 di Belle Arti","article_publisher":"https:\/\/www.facebook.com\/pitturaitaliana800e900\/","article_modified_time":"2019-11-11T11:26:36+00:00","og_image":[{"width":300,"height":383,"url":"https:\/\/www.sba.it\/wp-content\/uploads\/2018\/03\/images_artisti_oreste-albertini-foto-pronta.jpg","type":"image\/jpeg"}],"twitter_card":"summary_large_image","twitter_site":"@SocietaArti","twitter_misc":{"\u041f\u0440\u0438\u043c\u0435\u0440\u043d\u043e\u0435 \u0432\u0440\u0435\u043c\u044f \u0434\u043b\u044f \u0447\u0442\u0435\u043d\u0438\u044f":"1 \u043c\u0438\u043d\u0443\u0442\u0430"},"schema":{"@context":"https:\/\/schema.org","@graph":[{"@type":"WebPage","@id":"https:\/\/www.sba.it\/ru\/%d1%85%d1%83%d0%b4%d0%be%d0%b6%d0%bd%d0%b8%d0%ba%d0%b8\/albertini-oreste-quadri-in-vendita-stima-perizia-expertise-valutazioni-dipinti-di-oreste-albertini\/","url":"https:\/\/www.sba.it\/ru\/%d1%85%d1%83%d0%b4%d0%be%d0%b6%d0%bd%d0%b8%d0%ba%d0%b8\/albertini-oreste-quadri-in-vendita-stima-perizia-expertise-valutazioni-dipinti-di-oreste-albertini\/","name":"Albertini Oreste (1887-1953). Biografia. Quadri in vendita.","isPartOf":{"@id":"https:\/\/www.sba.it\/#website"},"primaryImageOfPage":{"@id":"https:\/\/www.sba.it\/ru\/%d1%85%d1%83%d0%b4%d0%be%d0%b6%d0%bd%d0%b8%d0%ba%d0%b8\/albertini-oreste-quadri-in-vendita-stima-perizia-expertise-valutazioni-dipinti-di-oreste-albertini\/#primaryimage"},"image":{"@id":"https:\/\/www.sba.it\/ru\/%d1%85%d1%83%d0%b4%d0%be%d0%b6%d0%bd%d0%b8%d0%ba%d0%b8\/albertini-oreste-quadri-in-vendita-stima-perizia-expertise-valutazioni-dipinti-di-oreste-albertini\/#primaryimage"},"thumbnailUrl":"https:\/\/www.sba.it\/wp-content\/uploads\/2018\/03\/images_artisti_oreste-albertini-foto-pronta.jpg","datePublished":"2018-03-23T08:17:32+00:00","dateModified":"2019-11-11T11:26:36+00:00","description":"Oreste Albertini biografia e quadri in vendita pittura italiana dell'800 e 900 shop on line galleria Societ\u00e0 di Belle Arti.","breadcrumb":{"@id":"https:\/\/www.sba.it\/ru\/%d1%85%d1%83%d0%b4%d0%be%d0%b6%d0%bd%d0%b8%d0%ba%d0%b8\/albertini-oreste-quadri-in-vendita-stima-perizia-expertise-valutazioni-dipinti-di-oreste-albertini\/#breadcrumb"},"inLanguage":"ru-RU","potentialAction":[{"@type":"ReadAction","target":["https:\/\/www.sba.it\/ru\/%d1%85%d1%83%d0%b4%d0%be%d0%b6%d0%bd%d0%b8%d0%ba%d0%b8\/albertini-oreste-quadri-in-vendita-stima-perizia-expertise-valutazioni-dipinti-di-oreste-albertini\/"]}]},{"@type":"ImageObject","inLanguage":"ru-RU","@id":"https:\/\/www.sba.it\/ru\/%d1%85%d1%83%d0%b4%d0%be%d0%b6%d0%bd%d0%b8%d0%ba%d0%b8\/albertini-oreste-quadri-in-vendita-stima-perizia-expertise-valutazioni-dipinti-di-oreste-albertini\/#primaryimage","url":"https:\/\/www.sba.it\/wp-content\/uploads\/2018\/03\/images_artisti_oreste-albertini-foto-pronta.jpg","contentUrl":"https:\/\/www.sba.it\/wp-content\/uploads\/2018\/03\/images_artisti_oreste-albertini-foto-pronta.jpg","width":300,"height":383,"caption":"Foto di Oreste Albertini"},{"@type":"BreadcrumbList","@id":"https:\/\/www.sba.it\/ru\/%d1%85%d1%83%d0%b4%d0%be%d0%b6%d0%bd%d0%b8%d0%ba%d0%b8\/albertini-oreste-quadri-in-vendita-stima-perizia-expertise-valutazioni-dipinti-di-oreste-albertini\/#breadcrumb","itemListElement":[{"@type":"ListItem","position":1,"name":"Home","item":"https:\/\/www.sba.it\/ru\/"},{"@type":"ListItem","position":2,"name":"\u0425\u0423\u0414\u041e\u0416\u041d\u0418\u041a\u0418","item":"https:\/\/www.sba.it\/ru\/%d1%85%d1%83%d0%b4%d0%be%d0%b6%d0%bd%d0%b8%d0%ba%d0%b8\/"},{"@type":"ListItem","position":3,"name":"Albertini Oreste (1887-1953). Biografia. Quadri in vendita."}]},{"@type":"WebSite","@id":"https:\/\/www.sba.it\/#website","url":"https:\/\/www.sba.it\/","name":"Societ\u00e0 di Belle Arti","description":"Quadri macchiaioli e del 800 e 900 in vendita","publisher":{"@id":"https:\/\/www.sba.it\/#organization"},"potentialAction":[{"@type":"SearchAction","target":{"@type":"EntryPoint","urlTemplate":"https:\/\/www.sba.it\/?s={search_term_string}"},"query-input":{"@type":"PropertyValueSpecification","valueRequired":true,"valueName":"search_term_string"}}],"inLanguage":"ru-RU"},{"@type":"Organization","@id":"https:\/\/www.sba.it\/#organization","name":"Societ\u00e0 di Belle Arti","url":"https:\/\/www.sba.it\/","logo":{"@type":"ImageObject","inLanguage":"ru-RU","@id":"https:\/\/www.sba.it\/#\/schema\/logo\/image\/","url":"https:\/\/www.sba.it\/wp-content\/uploads\/2019\/04\/Logo-rosso_nero.png","contentUrl":"https:\/\/www.sba.it\/wp-content\/uploads\/2019\/04\/Logo-rosso_nero.png","width":2532,"height":1137,"caption":"Societ\u00e0 di Belle Arti"},"image":{"@id":"https:\/\/www.sba.it\/#\/schema\/logo\/image\/"},"sameAs":["https:\/\/www.facebook.com\/pitturaitaliana800e900\/","https:\/\/x.com\/SocietaArti","https:\/\/www.instagram.com\/societadibellearti","https:\/\/www.linkedin.com\/in\/societ\u00e0-di-belle-arti-363aa8191\/","https:\/\/www.youtube.com\/channel\/UC6fJlk-ajwhsnEIICATyXaQ"]}]}},"_links":{"self":[{"href":"https:\/\/www.sba.it\/ru\/wp-json\/wp\/v2\/pages\/75200","targetHints":{"allow":["GET"]}}],"collection":[{"href":"https:\/\/www.sba.it\/ru\/wp-json\/wp\/v2\/pages"}],"about":[{"href":"https:\/\/www.sba.it\/ru\/wp-json\/wp\/v2\/types\/page"}],"author":[{"embeddable":true,"href":"https:\/\/www.sba.it\/ru\/wp-json\/wp\/v2\/users\/2"}],"replies":[{"embeddable":true,"href":"https:\/\/www.sba.it\/ru\/wp-json\/wp\/v2\/comments?post=75200"}],"version-history":[{"count":5,"href":"https:\/\/www.sba.it\/ru\/wp-json\/wp\/v2\/pages\/75200\/revisions"}],"predecessor-version":[{"id":85543,"href":"https:\/\/www.sba.it\/ru\/wp-json\/wp\/v2\/pages\/75200\/revisions\/85543"}],"up":[{"embeddable":true,"href":"https:\/\/www.sba.it\/ru\/wp-json\/wp\/v2\/pages\/73491"}],"wp:featuredmedia":[{"embeddable":true,"href":"https:\/\/www.sba.it\/ru\/wp-json\/wp\/v2\/media\/3089"}],"wp:attachment":[{"href":"https:\/\/www.sba.it\/ru\/wp-json\/wp\/v2\/media?parent=75200"}],"curies":[{"name":"wp","href":"https:\/\/api.w.org\/{rel}","templated":true}]}}