{"id":75091,"date":"2017-11-20T09:56:06","date_gmt":"2017-11-20T08:56:06","guid":{"rendered":"http:\/\/www.sba.it\/gino-parin-biografia-quadri-in-vendita\/"},"modified":"2019-04-17T12:42:16","modified_gmt":"2019-04-17T10:42:16","slug":"gino-parin-biografia-quadri-in-vendita","status":"publish","type":"page","link":"https:\/\/www.sba.it\/ru\/%d1%85%d1%83%d0%b4%d0%be%d0%b6%d0%bd%d0%b8%d0%ba%d0%b8\/gino-parin-biografia-quadri-in-vendita\/","title":{"rendered":"Parin Gino (1876-1944). Biografia. Quadri in vendita."},"content":{"rendered":"<p><img decoding=\"async\" class=\" alignleft size-full wp-image-2909\" style=\"margin-right: 20px; float: left;\" src=\"http:\/\/www.sba.it\/wp-content\/uploads\/2017\/11\/images_artisti_parin-gino-autoritratto.jpg\" alt=\"parin-gino-autoritratto\" width=\"300\" height=\"302\" srcset=\"https:\/\/www.sba.it\/wp-content\/uploads\/2017\/11\/images_artisti_parin-gino-autoritratto.jpg 300w, https:\/\/www.sba.it\/wp-content\/uploads\/2017\/11\/images_artisti_parin-gino-autoritratto-150x150.jpg 150w, https:\/\/www.sba.it\/wp-content\/uploads\/2017\/11\/images_artisti_parin-gino-autoritratto-298x300.jpg 298w, https:\/\/www.sba.it\/wp-content\/uploads\/2017\/11\/images_artisti_parin-gino-autoritratto-100x100.jpg 100w\" sizes=\"(max-width: 300px) 100vw, 300px\" \/>Gino Parin nacque a Trieste nel 1876. Il suo vero nome era Federico Gino Pollack. Avvi\u00f2 l\u2019educazione artistica nello studio del pittore triestino Eugenio Scomparini per poi proseguire in quello del veneziano Girolamo Navarra. A 19 anni si rec\u00f2 a Monaco per frequentare l\u2019Accademia dove segu\u00ec i corsi di Karl Raupp e conobbe la pittura dei Preraffaeliti, di Lenbach, von Mar\u00e9es e von Stuck. Divenuto membro del M\u00fcnchener K\u00fcnstler Genossenschaft, espose spesso al Glaspalast. Viaggi\u00f2 molto in Europa, visitando la Svizzera, la Francia e l\u2019Inghilterra. Dal 1910 cominci\u00f2 a partecipare alle collettive del Circolo Artistico di Trieste. Qui si stabil\u00ec definitivamente allo scoppio della prima guerra mondiale. Partecip\u00f2 alle Biennali del 1921, 1924, 1928 e 1932. Nel 1923 ricevette la medaglia d\u2019oro alla Quadriennale di Torino. In questo periodo il suo stile, dall\u2019originaria impostazione accademica tedesca, evolse verso una personale rielaborazione del gusto degli anni D\u00e9co. La produzione, incentrata soprattutto su ritratti femminili e pittura d\u2019interni, gli valse la definizione di \u201cpittore delle belle donne\u201d.<\/p>\n<p>Deportato dai tedeschi nel 1944, mor\u00ec nel campo di Bergen Belsen.<\/p>\n<p>&nbsp;<\/p>\n<h3 style=\"font-size: 12pt;\"><a href=\"https:\/\/www.sba.it\/ru\/%d1%81%d0%be%d0%b2%d0%b5%d1%80%d1%88%d0%b5%d0%bd%d1%81%d1%82%d0%b2%d0%b0\/\"><strong>CATALOGO OPERE<\/strong>\u00a0|<\/a>\u00a0<a href=\"https:\/\/www.sba.it\/ru\/%d0%bf%d1%80%d0%be%d0%b4%d0%b0%d1%82%d1%8c\/\">V<strong>UOI VENDERE O COMPRARE UN QUADRO DI QUESTO ARTISTA?<\/strong><\/a><\/h3>\n","protected":false},"excerpt":{"rendered":"<p>Gino Parin nacque a Trieste nel 1876. Il suo vero nome era Federico Gino Pollack. Avvi\u00f2 l\u2019educazione artistica nello studio [&hellip;]<\/p>\n","protected":false},"author":2,"featured_media":2912,"parent":73491,"menu_order":59,"comment_status":"closed","ping_status":"closed","template":"","meta":{"_monsterinsights_skip_tracking":false,"_monsterinsights_sitenote_active":false,"_monsterinsights_sitenote_note":"","_monsterinsights_sitenote_category":0,"footnotes":""},"class_list":["post-75091","page","type-page","status-publish","has-post-thumbnail","hentry","page_category-1277"],"yoast_head":"<!-- This site is optimized with the Yoast SEO plugin v27.3 - https:\/\/yoast.com\/product\/yoast-seo-wordpress\/ -->\n<title>Parin Gino (1876-1944). Biografia. Quadri in vendita. - Societ\u00e0 di Belle Arti<\/title>\n<meta name=\"description\" content=\"Gino Parin biografia e quadri in vendita pittori italiani del &#039;900.\" \/>\n<meta name=\"robots\" content=\"index, follow, max-snippet:-1, max-image-preview:large, max-video-preview:-1\" \/>\n<link rel=\"canonical\" href=\"https:\/\/www.sba.it\/ru\/\u0445\u0443\u0434\u043e\u0436\u043d\u0438\u043a\u0438\/gino-parin-biografia-quadri-in-vendita\/\" \/>\n<meta property=\"og:locale\" content=\"ru_RU\" \/>\n<meta property=\"og:type\" content=\"article\" \/>\n<meta property=\"og:title\" content=\"Parin Gino (1876-1944). Biografia. Quadri in vendita. - Societ\u00e0 di Belle Arti\" \/>\n<meta property=\"og:description\" content=\"Gino Parin biografia e quadri in vendita pittori italiani del &#039;900.\" \/>\n<meta property=\"og:url\" content=\"https:\/\/www.sba.it\/ru\/\u0445\u0443\u0434\u043e\u0436\u043d\u0438\u043a\u0438\/gino-parin-biografia-quadri-in-vendita\/\" \/>\n<meta property=\"og:site_name\" content=\"Societ\u00e0 di Belle Arti\" \/>\n<meta property=\"article:publisher\" content=\"https:\/\/www.facebook.com\/pitturaitaliana800e900\/\" \/>\n<meta property=\"article:modified_time\" content=\"2019-04-17T10:42:16+00:00\" \/>\n<meta property=\"og:image\" content=\"https:\/\/www.sba.it\/wp-content\/uploads\/2017\/11\/images_artisti_parin-gino-autoritratto.jpg\" \/>\n\t<meta property=\"og:image:width\" content=\"300\" \/>\n\t<meta property=\"og:image:height\" content=\"302\" \/>\n\t<meta property=\"og:image:type\" content=\"image\/jpeg\" \/>\n<meta name=\"twitter:card\" content=\"summary_large_image\" \/>\n<meta name=\"twitter:site\" content=\"@SocietaArti\" \/>\n<meta name=\"twitter:label1\" content=\"\u041f\u0440\u0438\u043c\u0435\u0440\u043d\u043e\u0435 \u0432\u0440\u0435\u043c\u044f \u0434\u043b\u044f \u0447\u0442\u0435\u043d\u0438\u044f\" \/>\n\t<meta name=\"twitter:data1\" content=\"1 \u043c\u0438\u043d\u0443\u0442\u0430\" \/>\n<script type=\"application\/ld+json\" class=\"yoast-schema-graph\">{\"@context\":\"https:\\\/\\\/schema.org\",\"@graph\":[{\"@type\":\"WebPage\",\"@id\":\"https:\\\/\\\/www.sba.it\\\/ru\\\/%d1%85%d1%83%d0%b4%d0%be%d0%b6%d0%bd%d0%b8%d0%ba%d0%b8\\\/gino-parin-biografia-quadri-in-vendita\\\/\",\"url\":\"https:\\\/\\\/www.sba.it\\\/ru\\\/%d1%85%d1%83%d0%b4%d0%be%d0%b6%d0%bd%d0%b8%d0%ba%d0%b8\\\/gino-parin-biografia-quadri-in-vendita\\\/\",\"name\":\"Parin Gino (1876-1944). Biografia. Quadri in vendita. - Societ\u00e0 di Belle Arti\",\"isPartOf\":{\"@id\":\"https:\\\/\\\/www.sba.it\\\/#website\"},\"primaryImageOfPage\":{\"@id\":\"https:\\\/\\\/www.sba.it\\\/ru\\\/%d1%85%d1%83%d0%b4%d0%be%d0%b6%d0%bd%d0%b8%d0%ba%d0%b8\\\/gino-parin-biografia-quadri-in-vendita\\\/#primaryimage\"},\"image\":{\"@id\":\"https:\\\/\\\/www.sba.it\\\/ru\\\/%d1%85%d1%83%d0%b4%d0%be%d0%b6%d0%bd%d0%b8%d0%ba%d0%b8\\\/gino-parin-biografia-quadri-in-vendita\\\/#primaryimage\"},\"thumbnailUrl\":\"https:\\\/\\\/www.sba.it\\\/wp-content\\\/uploads\\\/2017\\\/11\\\/images_artisti_parin-gino-autoritratto.jpg\",\"datePublished\":\"2017-11-20T08:56:06+00:00\",\"dateModified\":\"2019-04-17T10:42:16+00:00\",\"description\":\"Gino Parin biografia e quadri in vendita pittori italiani del '900.\",\"breadcrumb\":{\"@id\":\"https:\\\/\\\/www.sba.it\\\/ru\\\/%d1%85%d1%83%d0%b4%d0%be%d0%b6%d0%bd%d0%b8%d0%ba%d0%b8\\\/gino-parin-biografia-quadri-in-vendita\\\/#breadcrumb\"},\"inLanguage\":\"ru-RU\",\"potentialAction\":[{\"@type\":\"ReadAction\",\"target\":[\"https:\\\/\\\/www.sba.it\\\/ru\\\/%d1%85%d1%83%d0%b4%d0%be%d0%b6%d0%bd%d0%b8%d0%ba%d0%b8\\\/gino-parin-biografia-quadri-in-vendita\\\/\"]}]},{\"@type\":\"ImageObject\",\"inLanguage\":\"ru-RU\",\"@id\":\"https:\\\/\\\/www.sba.it\\\/ru\\\/%d1%85%d1%83%d0%b4%d0%be%d0%b6%d0%bd%d0%b8%d0%ba%d0%b8\\\/gino-parin-biografia-quadri-in-vendita\\\/#primaryimage\",\"url\":\"https:\\\/\\\/www.sba.it\\\/wp-content\\\/uploads\\\/2017\\\/11\\\/images_artisti_parin-gino-autoritratto.jpg\",\"contentUrl\":\"https:\\\/\\\/www.sba.it\\\/wp-content\\\/uploads\\\/2017\\\/11\\\/images_artisti_parin-gino-autoritratto.jpg\",\"width\":300,\"height\":302,\"caption\":\"autoritratto di Gino Parin\"},{\"@type\":\"BreadcrumbList\",\"@id\":\"https:\\\/\\\/www.sba.it\\\/ru\\\/%d1%85%d1%83%d0%b4%d0%be%d0%b6%d0%bd%d0%b8%d0%ba%d0%b8\\\/gino-parin-biografia-quadri-in-vendita\\\/#breadcrumb\",\"itemListElement\":[{\"@type\":\"ListItem\",\"position\":1,\"name\":\"Home\",\"item\":\"https:\\\/\\\/www.sba.it\\\/ru\\\/\"},{\"@type\":\"ListItem\",\"position\":2,\"name\":\"\u0425\u0423\u0414\u041e\u0416\u041d\u0418\u041a\u0418\",\"item\":\"https:\\\/\\\/www.sba.it\\\/ru\\\/%d1%85%d1%83%d0%b4%d0%be%d0%b6%d0%bd%d0%b8%d0%ba%d0%b8\\\/\"},{\"@type\":\"ListItem\",\"position\":3,\"name\":\"Parin Gino (1876-1944). Biografia. Quadri in vendita.\"}]},{\"@type\":\"WebSite\",\"@id\":\"https:\\\/\\\/www.sba.it\\\/#website\",\"url\":\"https:\\\/\\\/www.sba.it\\\/\",\"name\":\"Societ\u00e0 di Belle Arti\",\"description\":\"Quadri macchiaioli e del 800 e 900 in vendita\",\"publisher\":{\"@id\":\"https:\\\/\\\/www.sba.it\\\/#organization\"},\"potentialAction\":[{\"@type\":\"SearchAction\",\"target\":{\"@type\":\"EntryPoint\",\"urlTemplate\":\"https:\\\/\\\/www.sba.it\\\/?s={search_term_string}\"},\"query-input\":{\"@type\":\"PropertyValueSpecification\",\"valueRequired\":true,\"valueName\":\"search_term_string\"}}],\"inLanguage\":\"ru-RU\"},{\"@type\":\"Organization\",\"@id\":\"https:\\\/\\\/www.sba.it\\\/#organization\",\"name\":\"Societ\u00e0 di Belle Arti\",\"url\":\"https:\\\/\\\/www.sba.it\\\/\",\"logo\":{\"@type\":\"ImageObject\",\"inLanguage\":\"ru-RU\",\"@id\":\"https:\\\/\\\/www.sba.it\\\/#\\\/schema\\\/logo\\\/image\\\/\",\"url\":\"https:\\\/\\\/www.sba.it\\\/wp-content\\\/uploads\\\/2019\\\/04\\\/Logo-rosso_nero.png\",\"contentUrl\":\"https:\\\/\\\/www.sba.it\\\/wp-content\\\/uploads\\\/2019\\\/04\\\/Logo-rosso_nero.png\",\"width\":2532,\"height\":1137,\"caption\":\"Societ\u00e0 di Belle Arti\"},\"image\":{\"@id\":\"https:\\\/\\\/www.sba.it\\\/#\\\/schema\\\/logo\\\/image\\\/\"},\"sameAs\":[\"https:\\\/\\\/www.facebook.com\\\/pitturaitaliana800e900\\\/\",\"https:\\\/\\\/x.com\\\/SocietaArti\",\"https:\\\/\\\/www.instagram.com\\\/societadibellearti\",\"https:\\\/\\\/www.linkedin.com\\\/in\\\/societ\u00e0-di-belle-arti-363aa8191\\\/\",\"https:\\\/\\\/www.youtube.com\\\/channel\\\/UC6fJlk-ajwhsnEIICATyXaQ\"]}]}<\/script>\n<!-- \/ Yoast SEO plugin. -->","yoast_head_json":{"title":"Parin Gino (1876-1944). Biografia. Quadri in vendita. - Societ\u00e0 di Belle Arti","description":"Gino Parin biografia e quadri in vendita pittori italiani del '900.","robots":{"index":"index","follow":"follow","max-snippet":"max-snippet:-1","max-image-preview":"max-image-preview:large","max-video-preview":"max-video-preview:-1"},"canonical":"https:\/\/www.sba.it\/ru\/\u0445\u0443\u0434\u043e\u0436\u043d\u0438\u043a\u0438\/gino-parin-biografia-quadri-in-vendita\/","og_locale":"ru_RU","og_type":"article","og_title":"Parin Gino (1876-1944). Biografia. Quadri in vendita. - Societ\u00e0 di Belle Arti","og_description":"Gino Parin biografia e quadri in vendita pittori italiani del '900.","og_url":"https:\/\/www.sba.it\/ru\/\u0445\u0443\u0434\u043e\u0436\u043d\u0438\u043a\u0438\/gino-parin-biografia-quadri-in-vendita\/","og_site_name":"Societ\u00e0 di Belle Arti","article_publisher":"https:\/\/www.facebook.com\/pitturaitaliana800e900\/","article_modified_time":"2019-04-17T10:42:16+00:00","og_image":[{"width":300,"height":302,"url":"https:\/\/www.sba.it\/wp-content\/uploads\/2017\/11\/images_artisti_parin-gino-autoritratto.jpg","type":"image\/jpeg"}],"twitter_card":"summary_large_image","twitter_site":"@SocietaArti","twitter_misc":{"\u041f\u0440\u0438\u043c\u0435\u0440\u043d\u043e\u0435 \u0432\u0440\u0435\u043c\u044f \u0434\u043b\u044f \u0447\u0442\u0435\u043d\u0438\u044f":"1 \u043c\u0438\u043d\u0443\u0442\u0430"},"schema":{"@context":"https:\/\/schema.org","@graph":[{"@type":"WebPage","@id":"https:\/\/www.sba.it\/ru\/%d1%85%d1%83%d0%b4%d0%be%d0%b6%d0%bd%d0%b8%d0%ba%d0%b8\/gino-parin-biografia-quadri-in-vendita\/","url":"https:\/\/www.sba.it\/ru\/%d1%85%d1%83%d0%b4%d0%be%d0%b6%d0%bd%d0%b8%d0%ba%d0%b8\/gino-parin-biografia-quadri-in-vendita\/","name":"Parin Gino (1876-1944). Biografia. Quadri in vendita. - Societ\u00e0 di Belle Arti","isPartOf":{"@id":"https:\/\/www.sba.it\/#website"},"primaryImageOfPage":{"@id":"https:\/\/www.sba.it\/ru\/%d1%85%d1%83%d0%b4%d0%be%d0%b6%d0%bd%d0%b8%d0%ba%d0%b8\/gino-parin-biografia-quadri-in-vendita\/#primaryimage"},"image":{"@id":"https:\/\/www.sba.it\/ru\/%d1%85%d1%83%d0%b4%d0%be%d0%b6%d0%bd%d0%b8%d0%ba%d0%b8\/gino-parin-biografia-quadri-in-vendita\/#primaryimage"},"thumbnailUrl":"https:\/\/www.sba.it\/wp-content\/uploads\/2017\/11\/images_artisti_parin-gino-autoritratto.jpg","datePublished":"2017-11-20T08:56:06+00:00","dateModified":"2019-04-17T10:42:16+00:00","description":"Gino Parin biografia e quadri in vendita pittori italiani del '900.","breadcrumb":{"@id":"https:\/\/www.sba.it\/ru\/%d1%85%d1%83%d0%b4%d0%be%d0%b6%d0%bd%d0%b8%d0%ba%d0%b8\/gino-parin-biografia-quadri-in-vendita\/#breadcrumb"},"inLanguage":"ru-RU","potentialAction":[{"@type":"ReadAction","target":["https:\/\/www.sba.it\/ru\/%d1%85%d1%83%d0%b4%d0%be%d0%b6%d0%bd%d0%b8%d0%ba%d0%b8\/gino-parin-biografia-quadri-in-vendita\/"]}]},{"@type":"ImageObject","inLanguage":"ru-RU","@id":"https:\/\/www.sba.it\/ru\/%d1%85%d1%83%d0%b4%d0%be%d0%b6%d0%bd%d0%b8%d0%ba%d0%b8\/gino-parin-biografia-quadri-in-vendita\/#primaryimage","url":"https:\/\/www.sba.it\/wp-content\/uploads\/2017\/11\/images_artisti_parin-gino-autoritratto.jpg","contentUrl":"https:\/\/www.sba.it\/wp-content\/uploads\/2017\/11\/images_artisti_parin-gino-autoritratto.jpg","width":300,"height":302,"caption":"autoritratto di Gino Parin"},{"@type":"BreadcrumbList","@id":"https:\/\/www.sba.it\/ru\/%d1%85%d1%83%d0%b4%d0%be%d0%b6%d0%bd%d0%b8%d0%ba%d0%b8\/gino-parin-biografia-quadri-in-vendita\/#breadcrumb","itemListElement":[{"@type":"ListItem","position":1,"name":"Home","item":"https:\/\/www.sba.it\/ru\/"},{"@type":"ListItem","position":2,"name":"\u0425\u0423\u0414\u041e\u0416\u041d\u0418\u041a\u0418","item":"https:\/\/www.sba.it\/ru\/%d1%85%d1%83%d0%b4%d0%be%d0%b6%d0%bd%d0%b8%d0%ba%d0%b8\/"},{"@type":"ListItem","position":3,"name":"Parin Gino (1876-1944). Biografia. Quadri in vendita."}]},{"@type":"WebSite","@id":"https:\/\/www.sba.it\/#website","url":"https:\/\/www.sba.it\/","name":"Societ\u00e0 di Belle Arti","description":"Quadri macchiaioli e del 800 e 900 in vendita","publisher":{"@id":"https:\/\/www.sba.it\/#organization"},"potentialAction":[{"@type":"SearchAction","target":{"@type":"EntryPoint","urlTemplate":"https:\/\/www.sba.it\/?s={search_term_string}"},"query-input":{"@type":"PropertyValueSpecification","valueRequired":true,"valueName":"search_term_string"}}],"inLanguage":"ru-RU"},{"@type":"Organization","@id":"https:\/\/www.sba.it\/#organization","name":"Societ\u00e0 di Belle Arti","url":"https:\/\/www.sba.it\/","logo":{"@type":"ImageObject","inLanguage":"ru-RU","@id":"https:\/\/www.sba.it\/#\/schema\/logo\/image\/","url":"https:\/\/www.sba.it\/wp-content\/uploads\/2019\/04\/Logo-rosso_nero.png","contentUrl":"https:\/\/www.sba.it\/wp-content\/uploads\/2019\/04\/Logo-rosso_nero.png","width":2532,"height":1137,"caption":"Societ\u00e0 di Belle Arti"},"image":{"@id":"https:\/\/www.sba.it\/#\/schema\/logo\/image\/"},"sameAs":["https:\/\/www.facebook.com\/pitturaitaliana800e900\/","https:\/\/x.com\/SocietaArti","https:\/\/www.instagram.com\/societadibellearti","https:\/\/www.linkedin.com\/in\/societ\u00e0-di-belle-arti-363aa8191\/","https:\/\/www.youtube.com\/channel\/UC6fJlk-ajwhsnEIICATyXaQ"]}]}},"_links":{"self":[{"href":"https:\/\/www.sba.it\/ru\/wp-json\/wp\/v2\/pages\/75091","targetHints":{"allow":["GET"]}}],"collection":[{"href":"https:\/\/www.sba.it\/ru\/wp-json\/wp\/v2\/pages"}],"about":[{"href":"https:\/\/www.sba.it\/ru\/wp-json\/wp\/v2\/types\/page"}],"author":[{"embeddable":true,"href":"https:\/\/www.sba.it\/ru\/wp-json\/wp\/v2\/users\/2"}],"replies":[{"embeddable":true,"href":"https:\/\/www.sba.it\/ru\/wp-json\/wp\/v2\/comments?post=75091"}],"version-history":[{"count":2,"href":"https:\/\/www.sba.it\/ru\/wp-json\/wp\/v2\/pages\/75091\/revisions"}],"predecessor-version":[{"id":79954,"href":"https:\/\/www.sba.it\/ru\/wp-json\/wp\/v2\/pages\/75091\/revisions\/79954"}],"up":[{"embeddable":true,"href":"https:\/\/www.sba.it\/ru\/wp-json\/wp\/v2\/pages\/73491"}],"wp:featuredmedia":[{"embeddable":true,"href":"https:\/\/www.sba.it\/ru\/wp-json\/wp\/v2\/media\/2912"}],"wp:attachment":[{"href":"https:\/\/www.sba.it\/ru\/wp-json\/wp\/v2\/media?parent=75091"}],"curies":[{"name":"wp","href":"https:\/\/api.w.org\/{rel}","templated":true}]}}