{"id":75079,"date":"2017-11-22T09:32:43","date_gmt":"2017-11-22T08:32:43","guid":{"rendered":"http:\/\/www.sba.it\/sartorio-giulio-aristide-biografia-quadri-in-vendita-valutazione-stima-perizia-certificata-di-dipinti-di-sartorio-giulio-aristide\/"},"modified":"2018-11-20T16:31:42","modified_gmt":"2018-11-20T15:31:42","slug":"sartorio-giulio-aristide-biografia-quadri-in-vendita-valutazione-stima-perizia-certificata-di-dipinti-di-sartorio-giulio-aristide","status":"publish","type":"page","link":"https:\/\/www.sba.it\/ru\/sartorio-giulio-aristide-biografia-quadri-in-vendita-valutazione-stima-perizia-certificata-di-dipinti-di-sartorio-giulio-aristide\/","title":{"rendered":"Sartorio Giulio Aristide (1860-1932). Biografia. Quadri in vendita."},"content":{"rendered":"<p style=\"text-align: justify;\"><img decoding=\"async\" class=\" alignleft size-full wp-image-2914\" style=\"margin-right: 20px; float: left;\" src=\"http:\/\/www.sba.it\/wp-content\/uploads\/2017\/11\/images_artisti_Giulio-Aristide-Sartorio-immagine-gi%C3%A0-pronta.jpg\" alt=\"Giulio-Aristide-Sartorio-immagine-gi\u00e0-pronta\" width=\"300\" height=\"361\" \/><\/p>\n<p style=\"text-align: justify;\">Giulio Aristide Sartorio nacque a Roma l\u201911 febbraio 1860 da una famiglia originaria di Novara. Avviato dal padre, il pittore Raffaele, alla pittura, ottenne fin da subito numerosi consensi: gi\u00e0 nel 1879 fu in grado di mantenersi uno studio in via Borgognona. \u00a0All\u2019et\u00e0 di 20 anni, grazie all\u2019amico A. Sommaruga, fece la conoscenza di d\u2019Annunzio, Carducci e Scarfoglio. Inizi\u00f2 a collaborare alla \u201cCronaca bizantina\u201d, rivista quindicinale a carattere letterario-sociale-artistico. Dopo aver viaggiato in tutta Europa alla fine degli anni \u201980 si rec\u00f2 in America Latina, nel Medio e Estremo Oriente. Il soggiorno a Parigi, condiviso con Francesco Paolo Michetti, durante il quale ebbe modo di studiare da vicino l\u2019opera dei paesaggisti francesi, favor\u00ec il sorgere di un interesse per la pittura naturalistica e per la raffigurazione degli animali. Negli anni \u201990 la pittura preraffaellita lo entusiasm\u00f2 al punto da scrivere due saggi: uno su Edward Burne-Jones e l\u2019altro su Dante Gabriel Rossetti. Nel 1896, di ritorno da Weimar dove era stato ospite dal Granduca Carlo Alessandro, fond\u00f2 il gruppo \u201cI Venticinque della Campagna Romana\u201d con Enrico Coleman, Onorato Carlandi e A.Reggio. Nel 1915 part\u00ec per la guerra ma ferito a Lucinico, fu fatto prigioniero per due anni a Mauthausen. Liberato per intervento di Benedetto XV torn\u00f2 al fronte ma solo per dipingere la vita dei soldati. Dopo il conflitto si rec\u00f2 nuovamente in Egitto, Siria e Palestina realizzando numerosi paesaggi. Nel 1930 partecip\u00f2 per l\u2019ultima volta alla Biennale di Venezia. Mor\u00ec a Roma nel 1932.<\/p>\n<h3 style=\"font-size: 12pt;\"><a href=\"https:\/\/www.sba.it\/ru\/%d1%81%d0%be%d0%b2%d0%b5%d1%80%d1%88%d0%b5%d0%bd%d1%81%d1%82%d0%b2%d0%b0\/\"><strong>CATALOGO OPERE<\/strong>\u00a0|<\/a>\u00a0<a href=\"https:\/\/www.sba.it\/ru\/%d0%bf%d1%80%d0%be%d0%b4%d0%b0%d1%82%d1%8c\/\">V<strong>UOI VENDERE O COMPRARE UN QUADRO DI QUESTO ARTISTA?<\/strong><\/a><\/h3>\n","protected":false},"excerpt":{"rendered":"<p>Giulio Aristide Sartorio nacque a Roma l\u201911 febbraio 1860 da una famiglia originaria di Novara. Avviato dal padre, il pittore [&hellip;]<\/p>\n","protected":false},"author":2,"featured_media":2917,"parent":0,"menu_order":58,"comment_status":"closed","ping_status":"closed","template":"","meta":{"_monsterinsights_skip_tracking":false,"_monsterinsights_sitenote_active":false,"_monsterinsights_sitenote_note":"","_monsterinsights_sitenote_category":0,"footnotes":""},"class_list":["post-75079","page","type-page","status-publish","has-post-thumbnail","hentry","page_category-1277"],"yoast_head":"<!-- This site is optimized with the Yoast SEO plugin v27.5 - https:\/\/yoast.com\/product\/yoast-seo-wordpress\/ -->\n<title>Sartorio Giulio Aristide (1860-1932). Biografia. Quadri in vendita. - Societ\u00e0 di Belle Arti<\/title>\n<meta name=\"description\" content=\"Giulio Aristide Sartorio biografia e quadri in vendita di pittori dell&#039;800\" \/>\n<meta name=\"robots\" content=\"index, follow, max-snippet:-1, max-image-preview:large, max-video-preview:-1\" \/>\n<link rel=\"canonical\" href=\"https:\/\/www.sba.it\/ru\/sartorio-giulio-aristide-biografia-quadri-in-vendita-valutazione-stima-perizia-certificata-di-dipinti-di-sartorio-giulio-aristide\/\" \/>\n<meta property=\"og:locale\" content=\"ru_RU\" \/>\n<meta property=\"og:type\" content=\"article\" \/>\n<meta property=\"og:title\" content=\"Sartorio Giulio Aristide (1860-1932). Biografia. Quadri in vendita. - Societ\u00e0 di Belle Arti\" \/>\n<meta property=\"og:description\" content=\"Giulio Aristide Sartorio biografia e quadri in vendita di pittori dell&#039;800\" \/>\n<meta property=\"og:url\" content=\"https:\/\/www.sba.it\/ru\/sartorio-giulio-aristide-biografia-quadri-in-vendita-valutazione-stima-perizia-certificata-di-dipinti-di-sartorio-giulio-aristide\/\" \/>\n<meta property=\"og:site_name\" content=\"Societ\u00e0 di Belle Arti\" \/>\n<meta property=\"article:publisher\" content=\"https:\/\/www.facebook.com\/pitturaitaliana800e900\/\" \/>\n<meta property=\"article:modified_time\" content=\"2018-11-20T15:31:42+00:00\" \/>\n<meta property=\"og:image\" content=\"https:\/\/www.sba.it\/wp-content\/uploads\/2017\/11\/images_artisti_Giulio-Aristide-Sartorio-immagine-gi\u00e0-pronta.jpg\" \/>\n\t<meta property=\"og:image:width\" content=\"300\" \/>\n\t<meta property=\"og:image:height\" content=\"361\" \/>\n\t<meta property=\"og:image:type\" content=\"image\/jpeg\" \/>\n<meta name=\"twitter:card\" content=\"summary_large_image\" \/>\n<meta name=\"twitter:site\" content=\"@SocietaArti\" \/>\n<meta name=\"twitter:label1\" content=\"\u041f\u0440\u0438\u043c\u0435\u0440\u043d\u043e\u0435 \u0432\u0440\u0435\u043c\u044f \u0434\u043b\u044f \u0447\u0442\u0435\u043d\u0438\u044f\" \/>\n\t<meta name=\"twitter:data1\" content=\"1 \u043c\u0438\u043d\u0443\u0442\u0430\" \/>\n<script type=\"application\/ld+json\" class=\"yoast-schema-graph\">{\"@context\":\"https:\\\/\\\/schema.org\",\"@graph\":[{\"@type\":\"WebPage\",\"@id\":\"https:\\\/\\\/www.sba.it\\\/ru\\\/sartorio-giulio-aristide-biografia-quadri-in-vendita-valutazione-stima-perizia-certificata-di-dipinti-di-sartorio-giulio-aristide\\\/\",\"url\":\"https:\\\/\\\/www.sba.it\\\/ru\\\/sartorio-giulio-aristide-biografia-quadri-in-vendita-valutazione-stima-perizia-certificata-di-dipinti-di-sartorio-giulio-aristide\\\/\",\"name\":\"Sartorio Giulio Aristide (1860-1932). Biografia. Quadri in vendita. - Societ\u00e0 di Belle Arti\",\"isPartOf\":{\"@id\":\"https:\\\/\\\/www.sba.it\\\/#website\"},\"primaryImageOfPage\":{\"@id\":\"https:\\\/\\\/www.sba.it\\\/ru\\\/sartorio-giulio-aristide-biografia-quadri-in-vendita-valutazione-stima-perizia-certificata-di-dipinti-di-sartorio-giulio-aristide\\\/#primaryimage\"},\"image\":{\"@id\":\"https:\\\/\\\/www.sba.it\\\/ru\\\/sartorio-giulio-aristide-biografia-quadri-in-vendita-valutazione-stima-perizia-certificata-di-dipinti-di-sartorio-giulio-aristide\\\/#primaryimage\"},\"thumbnailUrl\":\"https:\\\/\\\/www.sba.it\\\/wp-content\\\/uploads\\\/2017\\\/11\\\/images_artisti_Giulio-Aristide-Sartorio-immagine-gi\u00e0-pronta.jpg\",\"datePublished\":\"2017-11-22T08:32:43+00:00\",\"dateModified\":\"2018-11-20T15:31:42+00:00\",\"description\":\"Giulio Aristide Sartorio biografia e quadri in vendita di pittori dell'800\",\"breadcrumb\":{\"@id\":\"https:\\\/\\\/www.sba.it\\\/ru\\\/sartorio-giulio-aristide-biografia-quadri-in-vendita-valutazione-stima-perizia-certificata-di-dipinti-di-sartorio-giulio-aristide\\\/#breadcrumb\"},\"inLanguage\":\"ru-RU\",\"potentialAction\":[{\"@type\":\"ReadAction\",\"target\":[\"https:\\\/\\\/www.sba.it\\\/ru\\\/sartorio-giulio-aristide-biografia-quadri-in-vendita-valutazione-stima-perizia-certificata-di-dipinti-di-sartorio-giulio-aristide\\\/\"]}]},{\"@type\":\"ImageObject\",\"inLanguage\":\"ru-RU\",\"@id\":\"https:\\\/\\\/www.sba.it\\\/ru\\\/sartorio-giulio-aristide-biografia-quadri-in-vendita-valutazione-stima-perizia-certificata-di-dipinti-di-sartorio-giulio-aristide\\\/#primaryimage\",\"url\":\"https:\\\/\\\/www.sba.it\\\/wp-content\\\/uploads\\\/2017\\\/11\\\/images_artisti_Giulio-Aristide-Sartorio-immagine-gi\u00e0-pronta.jpg\",\"contentUrl\":\"https:\\\/\\\/www.sba.it\\\/wp-content\\\/uploads\\\/2017\\\/11\\\/images_artisti_Giulio-Aristide-Sartorio-immagine-gi\u00e0-pronta.jpg\",\"width\":300,\"height\":361},{\"@type\":\"BreadcrumbList\",\"@id\":\"https:\\\/\\\/www.sba.it\\\/ru\\\/sartorio-giulio-aristide-biografia-quadri-in-vendita-valutazione-stima-perizia-certificata-di-dipinti-di-sartorio-giulio-aristide\\\/#breadcrumb\",\"itemListElement\":[{\"@type\":\"ListItem\",\"position\":1,\"name\":\"Home\",\"item\":\"https:\\\/\\\/www.sba.it\\\/ru\\\/\"},{\"@type\":\"ListItem\",\"position\":2,\"name\":\"Sartorio Giulio Aristide (1860-1932). Biografia. Quadri in vendita.\"}]},{\"@type\":\"WebSite\",\"@id\":\"https:\\\/\\\/www.sba.it\\\/#website\",\"url\":\"https:\\\/\\\/www.sba.it\\\/\",\"name\":\"Societ\u00e0 di Belle Arti\",\"description\":\"Quadri macchiaioli e del 800 e 900 in vendita\",\"publisher\":{\"@id\":\"https:\\\/\\\/www.sba.it\\\/#organization\"},\"potentialAction\":[{\"@type\":\"SearchAction\",\"target\":{\"@type\":\"EntryPoint\",\"urlTemplate\":\"https:\\\/\\\/www.sba.it\\\/?s={search_term_string}\"},\"query-input\":{\"@type\":\"PropertyValueSpecification\",\"valueRequired\":true,\"valueName\":\"search_term_string\"}}],\"inLanguage\":\"ru-RU\"},{\"@type\":\"Organization\",\"@id\":\"https:\\\/\\\/www.sba.it\\\/#organization\",\"name\":\"Societ\u00e0 di Belle Arti\",\"url\":\"https:\\\/\\\/www.sba.it\\\/\",\"logo\":{\"@type\":\"ImageObject\",\"inLanguage\":\"ru-RU\",\"@id\":\"https:\\\/\\\/www.sba.it\\\/#\\\/schema\\\/logo\\\/image\\\/\",\"url\":\"https:\\\/\\\/www.sba.it\\\/wp-content\\\/uploads\\\/2019\\\/04\\\/Logo-rosso_nero.png\",\"contentUrl\":\"https:\\\/\\\/www.sba.it\\\/wp-content\\\/uploads\\\/2019\\\/04\\\/Logo-rosso_nero.png\",\"width\":2532,\"height\":1137,\"caption\":\"Societ\u00e0 di Belle Arti\"},\"image\":{\"@id\":\"https:\\\/\\\/www.sba.it\\\/#\\\/schema\\\/logo\\\/image\\\/\"},\"sameAs\":[\"https:\\\/\\\/www.facebook.com\\\/pitturaitaliana800e900\\\/\",\"https:\\\/\\\/x.com\\\/SocietaArti\",\"https:\\\/\\\/www.instagram.com\\\/societadibellearti\",\"https:\\\/\\\/www.linkedin.com\\\/in\\\/societ\u00e0-di-belle-arti-363aa8191\\\/\",\"https:\\\/\\\/www.youtube.com\\\/channel\\\/UC6fJlk-ajwhsnEIICATyXaQ\"]}]}<\/script>\n<!-- \/ Yoast SEO plugin. -->","yoast_head_json":{"title":"Sartorio Giulio Aristide (1860-1932). Biografia. Quadri in vendita. - Societ\u00e0 di Belle Arti","description":"Giulio Aristide Sartorio biografia e quadri in vendita di pittori dell'800","robots":{"index":"index","follow":"follow","max-snippet":"max-snippet:-1","max-image-preview":"max-image-preview:large","max-video-preview":"max-video-preview:-1"},"canonical":"https:\/\/www.sba.it\/ru\/sartorio-giulio-aristide-biografia-quadri-in-vendita-valutazione-stima-perizia-certificata-di-dipinti-di-sartorio-giulio-aristide\/","og_locale":"ru_RU","og_type":"article","og_title":"Sartorio Giulio Aristide (1860-1932). Biografia. Quadri in vendita. - Societ\u00e0 di Belle Arti","og_description":"Giulio Aristide Sartorio biografia e quadri in vendita di pittori dell'800","og_url":"https:\/\/www.sba.it\/ru\/sartorio-giulio-aristide-biografia-quadri-in-vendita-valutazione-stima-perizia-certificata-di-dipinti-di-sartorio-giulio-aristide\/","og_site_name":"Societ\u00e0 di Belle Arti","article_publisher":"https:\/\/www.facebook.com\/pitturaitaliana800e900\/","article_modified_time":"2018-11-20T15:31:42+00:00","og_image":[{"width":300,"height":361,"url":"https:\/\/www.sba.it\/wp-content\/uploads\/2017\/11\/images_artisti_Giulio-Aristide-Sartorio-immagine-gi\u00e0-pronta.jpg","type":"image\/jpeg"}],"twitter_card":"summary_large_image","twitter_site":"@SocietaArti","twitter_misc":{"\u041f\u0440\u0438\u043c\u0435\u0440\u043d\u043e\u0435 \u0432\u0440\u0435\u043c\u044f \u0434\u043b\u044f \u0447\u0442\u0435\u043d\u0438\u044f":"1 \u043c\u0438\u043d\u0443\u0442\u0430"},"schema":{"@context":"https:\/\/schema.org","@graph":[{"@type":"WebPage","@id":"https:\/\/www.sba.it\/ru\/sartorio-giulio-aristide-biografia-quadri-in-vendita-valutazione-stima-perizia-certificata-di-dipinti-di-sartorio-giulio-aristide\/","url":"https:\/\/www.sba.it\/ru\/sartorio-giulio-aristide-biografia-quadri-in-vendita-valutazione-stima-perizia-certificata-di-dipinti-di-sartorio-giulio-aristide\/","name":"Sartorio Giulio Aristide (1860-1932). Biografia. Quadri in vendita. - Societ\u00e0 di Belle Arti","isPartOf":{"@id":"https:\/\/www.sba.it\/#website"},"primaryImageOfPage":{"@id":"https:\/\/www.sba.it\/ru\/sartorio-giulio-aristide-biografia-quadri-in-vendita-valutazione-stima-perizia-certificata-di-dipinti-di-sartorio-giulio-aristide\/#primaryimage"},"image":{"@id":"https:\/\/www.sba.it\/ru\/sartorio-giulio-aristide-biografia-quadri-in-vendita-valutazione-stima-perizia-certificata-di-dipinti-di-sartorio-giulio-aristide\/#primaryimage"},"thumbnailUrl":"https:\/\/www.sba.it\/wp-content\/uploads\/2017\/11\/images_artisti_Giulio-Aristide-Sartorio-immagine-gi\u00e0-pronta.jpg","datePublished":"2017-11-22T08:32:43+00:00","dateModified":"2018-11-20T15:31:42+00:00","description":"Giulio Aristide Sartorio biografia e quadri in vendita di pittori dell'800","breadcrumb":{"@id":"https:\/\/www.sba.it\/ru\/sartorio-giulio-aristide-biografia-quadri-in-vendita-valutazione-stima-perizia-certificata-di-dipinti-di-sartorio-giulio-aristide\/#breadcrumb"},"inLanguage":"ru-RU","potentialAction":[{"@type":"ReadAction","target":["https:\/\/www.sba.it\/ru\/sartorio-giulio-aristide-biografia-quadri-in-vendita-valutazione-stima-perizia-certificata-di-dipinti-di-sartorio-giulio-aristide\/"]}]},{"@type":"ImageObject","inLanguage":"ru-RU","@id":"https:\/\/www.sba.it\/ru\/sartorio-giulio-aristide-biografia-quadri-in-vendita-valutazione-stima-perizia-certificata-di-dipinti-di-sartorio-giulio-aristide\/#primaryimage","url":"https:\/\/www.sba.it\/wp-content\/uploads\/2017\/11\/images_artisti_Giulio-Aristide-Sartorio-immagine-gi\u00e0-pronta.jpg","contentUrl":"https:\/\/www.sba.it\/wp-content\/uploads\/2017\/11\/images_artisti_Giulio-Aristide-Sartorio-immagine-gi\u00e0-pronta.jpg","width":300,"height":361},{"@type":"BreadcrumbList","@id":"https:\/\/www.sba.it\/ru\/sartorio-giulio-aristide-biografia-quadri-in-vendita-valutazione-stima-perizia-certificata-di-dipinti-di-sartorio-giulio-aristide\/#breadcrumb","itemListElement":[{"@type":"ListItem","position":1,"name":"Home","item":"https:\/\/www.sba.it\/ru\/"},{"@type":"ListItem","position":2,"name":"Sartorio Giulio Aristide (1860-1932). Biografia. Quadri in vendita."}]},{"@type":"WebSite","@id":"https:\/\/www.sba.it\/#website","url":"https:\/\/www.sba.it\/","name":"Societ\u00e0 di Belle Arti","description":"Quadri macchiaioli e del 800 e 900 in vendita","publisher":{"@id":"https:\/\/www.sba.it\/#organization"},"potentialAction":[{"@type":"SearchAction","target":{"@type":"EntryPoint","urlTemplate":"https:\/\/www.sba.it\/?s={search_term_string}"},"query-input":{"@type":"PropertyValueSpecification","valueRequired":true,"valueName":"search_term_string"}}],"inLanguage":"ru-RU"},{"@type":"Organization","@id":"https:\/\/www.sba.it\/#organization","name":"Societ\u00e0 di Belle Arti","url":"https:\/\/www.sba.it\/","logo":{"@type":"ImageObject","inLanguage":"ru-RU","@id":"https:\/\/www.sba.it\/#\/schema\/logo\/image\/","url":"https:\/\/www.sba.it\/wp-content\/uploads\/2019\/04\/Logo-rosso_nero.png","contentUrl":"https:\/\/www.sba.it\/wp-content\/uploads\/2019\/04\/Logo-rosso_nero.png","width":2532,"height":1137,"caption":"Societ\u00e0 di Belle Arti"},"image":{"@id":"https:\/\/www.sba.it\/#\/schema\/logo\/image\/"},"sameAs":["https:\/\/www.facebook.com\/pitturaitaliana800e900\/","https:\/\/x.com\/SocietaArti","https:\/\/www.instagram.com\/societadibellearti","https:\/\/www.linkedin.com\/in\/societ\u00e0-di-belle-arti-363aa8191\/","https:\/\/www.youtube.com\/channel\/UC6fJlk-ajwhsnEIICATyXaQ"]}]}},"_links":{"self":[{"href":"https:\/\/www.sba.it\/ru\/wp-json\/wp\/v2\/pages\/75079","targetHints":{"allow":["GET"]}}],"collection":[{"href":"https:\/\/www.sba.it\/ru\/wp-json\/wp\/v2\/pages"}],"about":[{"href":"https:\/\/www.sba.it\/ru\/wp-json\/wp\/v2\/types\/page"}],"author":[{"embeddable":true,"href":"https:\/\/www.sba.it\/ru\/wp-json\/wp\/v2\/users\/2"}],"replies":[{"embeddable":true,"href":"https:\/\/www.sba.it\/ru\/wp-json\/wp\/v2\/comments?post=75079"}],"version-history":[{"count":1,"href":"https:\/\/www.sba.it\/ru\/wp-json\/wp\/v2\/pages\/75079\/revisions"}],"predecessor-version":[{"id":80013,"href":"https:\/\/www.sba.it\/ru\/wp-json\/wp\/v2\/pages\/75079\/revisions\/80013"}],"wp:featuredmedia":[{"embeddable":true,"href":"https:\/\/www.sba.it\/ru\/wp-json\/wp\/v2\/media\/2917"}],"wp:attachment":[{"href":"https:\/\/www.sba.it\/ru\/wp-json\/wp\/v2\/media?parent=75079"}],"curies":[{"name":"wp","href":"https:\/\/api.w.org\/{rel}","templated":true}]}}