{"id":75013,"date":"2018-01-11T09:39:36","date_gmt":"2018-01-11T08:39:36","guid":{"rendered":"http:\/\/www.sba.it\/grubicy-de-dragon-vittore-biografia-quadri-in-vendita-postmacchiaioli-valutazione-stima-perizia-certificata-di-dipinti-di-grubicy-de-dragon-vittore\/"},"modified":"2021-03-12T09:48:27","modified_gmt":"2021-03-12T08:48:27","slug":"grubicy-de-dragon-vittore-biografia-quadri-in-vendita-postmacchiaioli-valutazione-stima-perizia-certificata-di-dipinti-di-grubicy-de-dragon-vittore","status":"publish","type":"page","link":"https:\/\/www.sba.it\/ru\/%d1%85%d1%83%d0%b4%d0%be%d0%b6%d0%bd%d0%b8%d0%ba%d0%b8\/grubicy-de-dragon-vittore-biografia-quadri-in-vendita-postmacchiaioli-valutazione-stima-perizia-certificata-di-dipinti-di-grubicy-de-dragon-vittore\/","title":{"rendered":"Grubicy de Dragon Vittore (1851-1920). Biografia. Quadri in vendita."},"content":{"rendered":"<p style=\"text-align: justify;\"><img decoding=\"async\" class=\" alignleft size-full wp-image-2960\" style=\"margin-right: 20px; float: left;\" src=\"http:\/\/www.sba.it\/wp-content\/uploads\/2018\/01\/images_artisti_Vittore-Grubicy-De-Dragon-foto.jpg\" alt=\"Vittore-Grubicy-De-Dragon-foto\" width=\"300\" height=\"225\" \/>Vittore Grubicy De Dragon nacque a Milano nell\u2019ottobre del 1851 da nobile famiglia di origine ungherese.<\/p>\n<p style=\"text-align: justify;\">A 19 anni, dopo la morte del padre, abbandon\u00f2 gli studi umanistici intrapresi presso il Convitto Nazionale di Sondrio per recarsi a Londra dove, grazie ai contatti con numerosi galleristi, divenne ben presto mediatore di opere d\u2019arte. A 25 anni acquist\u00f2 una galleria a Milano coinvolgendo anche il fratello Alberto. Inizialmente tent\u00f2 di promuovere all\u2019estero le opere di <a href=\"https:\/\/www.sba.it\/ru\/%d1%85%d1%83%d0%b4%d0%be%d0%b6%d0%bd%d0%b8%d0%ba%d0%b8\/biografia-cremona-tranquillo-vendere-comprare-quadri\/\"><strong>Tranquillo Cremona<\/strong><\/a> e <a href=\"https:\/\/www.sba.it\/ru\/%d1%85%d1%83%d0%b4%d0%be%d0%b6%d0%bd%d0%b8%d0%ba%d0%b8\/ranzoni-daniele-biografia-quadri-in-vendita\/\"><strong>Daniele Ranzoni<\/strong><\/a>, poi anche quelle di <a href=\"https:\/\/www.sba.it\/ru\/%d1%85%d1%83%d0%b4%d0%be%d0%b6%d0%bd%d0%b8%d0%ba%d0%b8\/segantini-giovanni-biografia-quadri-in-vendita-valutazione-stima-perizia-certificata-di-dipinti-di-segantini-giovanni\/\"><strong>Giovanni Segantini<\/strong><\/a>.<\/p>\n<p style=\"text-align: justify;\">Nel 1884 inizi\u00f2 l\u2019attivit\u00e0 artistica personale con una serie di schizzi raffiguranti paesaggi olandesi. Due anni pi\u00f9 tardi avvi\u00f2 la collaborazione con la testata romana \u201c<em>La Riforma<\/em>\u201d sulla quale recens\u00ec mostre artistiche nazionali ed internazionali. \u00a0Con la vendita del dipinto di Segantini <em>Alla Stanga<\/em> allo Stato Italiano, la galleria Grubicy, tra maggio e ottobre del 1888, pot\u00e9 prendere parte all\u2019Italian Exhibition di Londra presentando opere di Cremona, Ranzoni, Segantini, <a href=\"https:\/\/www.sba.it\/ru\/%d1%85%d1%83%d0%b4%d0%be%d0%b6%d0%bd%d0%b8%d0%ba%d0%b8\/morbelli-angelo-biografia-quadri-in-vendita\/\">Morbelli<\/a>, <a href=\"https:\/\/www.sba.it\/ru\/%d1%85%d1%83%d0%b4%d0%be%d0%b6%d0%bd%d0%b8%d0%ba%d0%b8\/troubetzkoy-paolo-biografia-sculture-in-vendita-valutazione-stima-perizia-certificata-di-sculture-di-troubetzkoy-paolo\/\">Troubetzkoy<\/a> e Tominetti. Nell\u2019occasione venne pubblicato il catalogo: Alberto Grubicy\u2019s Picture Gallery. Italian Exhibition in London.<\/p>\n<p style=\"text-align: justify;\">L\u2019anno successivo fu presente all\u2019Esposizione Universale di Parigi. Le frequenti divergenze tra i fratelli sulla gestione della galleria, portarono, per\u00f2, allo scioglimento della societ\u00e0. Tra il 1890 e il \u201892 Grubicy si dedic\u00f2, soprattutto, all\u2019attivit\u00e0 di pittore paesaggista subendo l\u2019influenza della grafica giapponese. In seguito abbracci\u00f2 la corrente divisionista, partecipando nel \u201891 alla I Esposizione Triennale di Belle Arti di Milano.<\/p>\n<p style=\"text-align: justify;\">Tra il 1893 e il \u201894 realizz\u00f2 varie acqueforti e alcune vedute di Milano. Durante gli inverni trascorsi a Miazzina presso l\u2019abitazione del pittore Tominetti, dipinse vedute del Lago Maggiore e delle montagne vicine, tra cui <em>Notte lunare<\/em> <em>&#8212; Mare di Nebbia<\/em>, <em>Dalla finestra<\/em> e <em>Sinfonia crepuscolare<\/em>. Nel \u201897 espose alla II Biennale di Venezia il trittico<em> Inverno in montagna<\/em>. L\u2019anno successivo incontr\u00f2 a Milano il suo primo importante collezionista, il banchiere Luigi Della Torre. Tra le diverse esposizioni in Italia e all\u2019estero, nel 1910 partecip\u00f2 anche \u00a0all\u2019Internazionale di Buenos Aires.<\/p>\n<p style=\"text-align: justify;\">Risale all\u2019anno successivo l\u2019incontro con Arturo Toscanini, destinato divenire suo pi\u00f9 importante collezionista.<\/p>\n<p style=\"text-align: justify;\">Mor\u00ec a Milano nel 1920 lasciando la propria raccolta alla Civica Galleria d\u2019Arte Moderna.<\/p>\n<h3 style=\"font-size: 12pt;\"><a href=\"https:\/\/www.sba.it\/ru\/%d1%81%d0%be%d0%b2%d0%b5%d1%80%d1%88%d0%b5%d0%bd%d1%81%d1%82%d0%b2%d0%b0\/\"><strong>CATALOGO OPERE<\/strong>\u00a0|<\/a>\u00a0<a href=\"https:\/\/www.sba.it\/ru\/%d0%bf%d1%80%d0%be%d0%b4%d0%b0%d1%82%d1%8c\/\">V<strong>UOI VENDERE O COMPRARE UN QUADRO DI QUESTO ARTISTA?<\/strong><\/a><\/h3>\n","protected":false},"excerpt":{"rendered":"<p>Vittore Grubicy De Dragon nacque a Milano nell\u2019ottobre del 1851 da nobile famiglia di origine ungherese. A 19 anni, dopo [&hellip;]<\/p>\n","protected":false},"author":2,"featured_media":2963,"parent":73491,"menu_order":53,"comment_status":"closed","ping_status":"closed","template":"","meta":{"_monsterinsights_skip_tracking":false,"_monsterinsights_sitenote_active":false,"_monsterinsights_sitenote_note":"","_monsterinsights_sitenote_category":0,"footnotes":""},"class_list":["post-75013","page","type-page","status-publish","has-post-thumbnail","hentry","page_category-1277"],"yoast_head":"<!-- This site is optimized with the Yoast SEO plugin v27.5 - https:\/\/yoast.com\/product\/yoast-seo-wordpress\/ -->\n<title>Grubicy de Dragon Vittore (1851-1920). Biografia. Quadri in vendita.<\/title>\n<meta name=\"description\" content=\"grubicy de dragon leggi la vita del pittore milanese dell&#039;800, vendita e acquisto online dipinti milanesi dell&#039;800 di grubicy de dragon scopri come\" \/>\n<meta name=\"robots\" content=\"index, follow, max-snippet:-1, max-image-preview:large, max-video-preview:-1\" \/>\n<link rel=\"canonical\" href=\"https:\/\/www.sba.it\/ru\/\u0445\u0443\u0434\u043e\u0436\u043d\u0438\u043a\u0438\/grubicy-de-dragon-vittore-biografia-quadri-in-vendita-postmacchiaioli-valutazione-stima-perizia-certificata-di-dipinti-di-grubicy-de-dragon-vittore\/\" \/>\n<meta property=\"og:locale\" content=\"ru_RU\" \/>\n<meta property=\"og:type\" content=\"article\" \/>\n<meta property=\"og:title\" content=\"Grubicy de Dragon Vittore (1851-1920). Biografia. Quadri in vendita.\" \/>\n<meta property=\"og:description\" content=\"grubicy de dragon leggi la vita del pittore milanese dell&#039;800, vendita e acquisto online dipinti milanesi dell&#039;800 di grubicy de dragon scopri come\" \/>\n<meta property=\"og:url\" content=\"https:\/\/www.sba.it\/ru\/\u0445\u0443\u0434\u043e\u0436\u043d\u0438\u043a\u0438\/grubicy-de-dragon-vittore-biografia-quadri-in-vendita-postmacchiaioli-valutazione-stima-perizia-certificata-di-dipinti-di-grubicy-de-dragon-vittore\/\" \/>\n<meta property=\"og:site_name\" content=\"Societ\u00e0 di Belle Arti\" \/>\n<meta property=\"article:publisher\" content=\"https:\/\/www.facebook.com\/pitturaitaliana800e900\/\" \/>\n<meta property=\"article:modified_time\" content=\"2021-03-12T08:48:27+00:00\" \/>\n<meta property=\"og:image\" content=\"https:\/\/www.sba.it\/wp-content\/uploads\/2018\/01\/images_artisti_Vittore-Grubicy-De-Dragon-foto.jpg\" \/>\n\t<meta property=\"og:image:width\" content=\"300\" \/>\n\t<meta property=\"og:image:height\" content=\"225\" \/>\n\t<meta property=\"og:image:type\" content=\"image\/jpeg\" \/>\n<meta name=\"twitter:card\" content=\"summary_large_image\" \/>\n<meta name=\"twitter:site\" content=\"@SocietaArti\" \/>\n<meta name=\"twitter:label1\" content=\"\u041f\u0440\u0438\u043c\u0435\u0440\u043d\u043e\u0435 \u0432\u0440\u0435\u043c\u044f \u0434\u043b\u044f \u0447\u0442\u0435\u043d\u0438\u044f\" \/>\n\t<meta name=\"twitter:data1\" content=\"2 \u043c\u0438\u043d\u0443\u0442\u044b\" \/>\n<script type=\"application\/ld+json\" class=\"yoast-schema-graph\">{\"@context\":\"https:\\\/\\\/schema.org\",\"@graph\":[{\"@type\":\"WebPage\",\"@id\":\"https:\\\/\\\/www.sba.it\\\/ru\\\/%d1%85%d1%83%d0%b4%d0%be%d0%b6%d0%bd%d0%b8%d0%ba%d0%b8\\\/grubicy-de-dragon-vittore-biografia-quadri-in-vendita-postmacchiaioli-valutazione-stima-perizia-certificata-di-dipinti-di-grubicy-de-dragon-vittore\\\/\",\"url\":\"https:\\\/\\\/www.sba.it\\\/ru\\\/%d1%85%d1%83%d0%b4%d0%be%d0%b6%d0%bd%d0%b8%d0%ba%d0%b8\\\/grubicy-de-dragon-vittore-biografia-quadri-in-vendita-postmacchiaioli-valutazione-stima-perizia-certificata-di-dipinti-di-grubicy-de-dragon-vittore\\\/\",\"name\":\"Grubicy de Dragon Vittore (1851-1920). Biografia. Quadri in vendita.\",\"isPartOf\":{\"@id\":\"https:\\\/\\\/www.sba.it\\\/#website\"},\"primaryImageOfPage\":{\"@id\":\"https:\\\/\\\/www.sba.it\\\/ru\\\/%d1%85%d1%83%d0%b4%d0%be%d0%b6%d0%bd%d0%b8%d0%ba%d0%b8\\\/grubicy-de-dragon-vittore-biografia-quadri-in-vendita-postmacchiaioli-valutazione-stima-perizia-certificata-di-dipinti-di-grubicy-de-dragon-vittore\\\/#primaryimage\"},\"image\":{\"@id\":\"https:\\\/\\\/www.sba.it\\\/ru\\\/%d1%85%d1%83%d0%b4%d0%be%d0%b6%d0%bd%d0%b8%d0%ba%d0%b8\\\/grubicy-de-dragon-vittore-biografia-quadri-in-vendita-postmacchiaioli-valutazione-stima-perizia-certificata-di-dipinti-di-grubicy-de-dragon-vittore\\\/#primaryimage\"},\"thumbnailUrl\":\"https:\\\/\\\/www.sba.it\\\/wp-content\\\/uploads\\\/2018\\\/01\\\/images_artisti_Vittore-Grubicy-De-Dragon-foto.jpg\",\"datePublished\":\"2018-01-11T08:39:36+00:00\",\"dateModified\":\"2021-03-12T08:48:27+00:00\",\"description\":\"grubicy de dragon leggi la vita del pittore milanese dell'800, vendita e acquisto online dipinti milanesi dell'800 di grubicy de dragon scopri come\",\"breadcrumb\":{\"@id\":\"https:\\\/\\\/www.sba.it\\\/ru\\\/%d1%85%d1%83%d0%b4%d0%be%d0%b6%d0%bd%d0%b8%d0%ba%d0%b8\\\/grubicy-de-dragon-vittore-biografia-quadri-in-vendita-postmacchiaioli-valutazione-stima-perizia-certificata-di-dipinti-di-grubicy-de-dragon-vittore\\\/#breadcrumb\"},\"inLanguage\":\"ru-RU\",\"potentialAction\":[{\"@type\":\"ReadAction\",\"target\":[\"https:\\\/\\\/www.sba.it\\\/ru\\\/%d1%85%d1%83%d0%b4%d0%be%d0%b6%d0%bd%d0%b8%d0%ba%d0%b8\\\/grubicy-de-dragon-vittore-biografia-quadri-in-vendita-postmacchiaioli-valutazione-stima-perizia-certificata-di-dipinti-di-grubicy-de-dragon-vittore\\\/\"]}]},{\"@type\":\"ImageObject\",\"inLanguage\":\"ru-RU\",\"@id\":\"https:\\\/\\\/www.sba.it\\\/ru\\\/%d1%85%d1%83%d0%b4%d0%be%d0%b6%d0%bd%d0%b8%d0%ba%d0%b8\\\/grubicy-de-dragon-vittore-biografia-quadri-in-vendita-postmacchiaioli-valutazione-stima-perizia-certificata-di-dipinti-di-grubicy-de-dragon-vittore\\\/#primaryimage\",\"url\":\"https:\\\/\\\/www.sba.it\\\/wp-content\\\/uploads\\\/2018\\\/01\\\/images_artisti_Vittore-Grubicy-De-Dragon-foto.jpg\",\"contentUrl\":\"https:\\\/\\\/www.sba.it\\\/wp-content\\\/uploads\\\/2018\\\/01\\\/images_artisti_Vittore-Grubicy-De-Dragon-foto.jpg\",\"width\":300,\"height\":225,\"caption\":\"Vittore Grubicy De Dragon in una foto\"},{\"@type\":\"BreadcrumbList\",\"@id\":\"https:\\\/\\\/www.sba.it\\\/ru\\\/%d1%85%d1%83%d0%b4%d0%be%d0%b6%d0%bd%d0%b8%d0%ba%d0%b8\\\/grubicy-de-dragon-vittore-biografia-quadri-in-vendita-postmacchiaioli-valutazione-stima-perizia-certificata-di-dipinti-di-grubicy-de-dragon-vittore\\\/#breadcrumb\",\"itemListElement\":[{\"@type\":\"ListItem\",\"position\":1,\"name\":\"Home\",\"item\":\"https:\\\/\\\/www.sba.it\\\/ru\\\/\"},{\"@type\":\"ListItem\",\"position\":2,\"name\":\"\u0425\u0423\u0414\u041e\u0416\u041d\u0418\u041a\u0418\",\"item\":\"https:\\\/\\\/www.sba.it\\\/ru\\\/%d1%85%d1%83%d0%b4%d0%be%d0%b6%d0%bd%d0%b8%d0%ba%d0%b8\\\/\"},{\"@type\":\"ListItem\",\"position\":3,\"name\":\"Grubicy de Dragon Vittore (1851-1920). Biografia. Quadri in vendita.\"}]},{\"@type\":\"WebSite\",\"@id\":\"https:\\\/\\\/www.sba.it\\\/#website\",\"url\":\"https:\\\/\\\/www.sba.it\\\/\",\"name\":\"Societ\u00e0 di Belle Arti\",\"description\":\"Quadri macchiaioli e del 800 e 900 in vendita\",\"publisher\":{\"@id\":\"https:\\\/\\\/www.sba.it\\\/#organization\"},\"potentialAction\":[{\"@type\":\"SearchAction\",\"target\":{\"@type\":\"EntryPoint\",\"urlTemplate\":\"https:\\\/\\\/www.sba.it\\\/?s={search_term_string}\"},\"query-input\":{\"@type\":\"PropertyValueSpecification\",\"valueRequired\":true,\"valueName\":\"search_term_string\"}}],\"inLanguage\":\"ru-RU\"},{\"@type\":\"Organization\",\"@id\":\"https:\\\/\\\/www.sba.it\\\/#organization\",\"name\":\"Societ\u00e0 di Belle Arti\",\"url\":\"https:\\\/\\\/www.sba.it\\\/\",\"logo\":{\"@type\":\"ImageObject\",\"inLanguage\":\"ru-RU\",\"@id\":\"https:\\\/\\\/www.sba.it\\\/#\\\/schema\\\/logo\\\/image\\\/\",\"url\":\"https:\\\/\\\/www.sba.it\\\/wp-content\\\/uploads\\\/2019\\\/04\\\/Logo-rosso_nero.png\",\"contentUrl\":\"https:\\\/\\\/www.sba.it\\\/wp-content\\\/uploads\\\/2019\\\/04\\\/Logo-rosso_nero.png\",\"width\":2532,\"height\":1137,\"caption\":\"Societ\u00e0 di Belle Arti\"},\"image\":{\"@id\":\"https:\\\/\\\/www.sba.it\\\/#\\\/schema\\\/logo\\\/image\\\/\"},\"sameAs\":[\"https:\\\/\\\/www.facebook.com\\\/pitturaitaliana800e900\\\/\",\"https:\\\/\\\/x.com\\\/SocietaArti\",\"https:\\\/\\\/www.instagram.com\\\/societadibellearti\",\"https:\\\/\\\/www.linkedin.com\\\/in\\\/societ\u00e0-di-belle-arti-363aa8191\\\/\",\"https:\\\/\\\/www.youtube.com\\\/channel\\\/UC6fJlk-ajwhsnEIICATyXaQ\"]}]}<\/script>\n<!-- \/ Yoast SEO plugin. -->","yoast_head_json":{"title":"Grubicy de Dragon Vittore (1851-1920). Biografia. Quadri in vendita.","description":"grubicy de dragon leggi la vita del pittore milanese dell'800, vendita e acquisto online dipinti milanesi dell'800 di grubicy de dragon scopri come","robots":{"index":"index","follow":"follow","max-snippet":"max-snippet:-1","max-image-preview":"max-image-preview:large","max-video-preview":"max-video-preview:-1"},"canonical":"https:\/\/www.sba.it\/ru\/\u0445\u0443\u0434\u043e\u0436\u043d\u0438\u043a\u0438\/grubicy-de-dragon-vittore-biografia-quadri-in-vendita-postmacchiaioli-valutazione-stima-perizia-certificata-di-dipinti-di-grubicy-de-dragon-vittore\/","og_locale":"ru_RU","og_type":"article","og_title":"Grubicy de Dragon Vittore (1851-1920). Biografia. Quadri in vendita.","og_description":"grubicy de dragon leggi la vita del pittore milanese dell'800, vendita e acquisto online dipinti milanesi dell'800 di grubicy de dragon scopri come","og_url":"https:\/\/www.sba.it\/ru\/\u0445\u0443\u0434\u043e\u0436\u043d\u0438\u043a\u0438\/grubicy-de-dragon-vittore-biografia-quadri-in-vendita-postmacchiaioli-valutazione-stima-perizia-certificata-di-dipinti-di-grubicy-de-dragon-vittore\/","og_site_name":"Societ\u00e0 di Belle Arti","article_publisher":"https:\/\/www.facebook.com\/pitturaitaliana800e900\/","article_modified_time":"2021-03-12T08:48:27+00:00","og_image":[{"width":300,"height":225,"url":"https:\/\/www.sba.it\/wp-content\/uploads\/2018\/01\/images_artisti_Vittore-Grubicy-De-Dragon-foto.jpg","type":"image\/jpeg"}],"twitter_card":"summary_large_image","twitter_site":"@SocietaArti","twitter_misc":{"\u041f\u0440\u0438\u043c\u0435\u0440\u043d\u043e\u0435 \u0432\u0440\u0435\u043c\u044f \u0434\u043b\u044f \u0447\u0442\u0435\u043d\u0438\u044f":"2 \u043c\u0438\u043d\u0443\u0442\u044b"},"schema":{"@context":"https:\/\/schema.org","@graph":[{"@type":"WebPage","@id":"https:\/\/www.sba.it\/ru\/%d1%85%d1%83%d0%b4%d0%be%d0%b6%d0%bd%d0%b8%d0%ba%d0%b8\/grubicy-de-dragon-vittore-biografia-quadri-in-vendita-postmacchiaioli-valutazione-stima-perizia-certificata-di-dipinti-di-grubicy-de-dragon-vittore\/","url":"https:\/\/www.sba.it\/ru\/%d1%85%d1%83%d0%b4%d0%be%d0%b6%d0%bd%d0%b8%d0%ba%d0%b8\/grubicy-de-dragon-vittore-biografia-quadri-in-vendita-postmacchiaioli-valutazione-stima-perizia-certificata-di-dipinti-di-grubicy-de-dragon-vittore\/","name":"Grubicy de Dragon Vittore (1851-1920). Biografia. Quadri in vendita.","isPartOf":{"@id":"https:\/\/www.sba.it\/#website"},"primaryImageOfPage":{"@id":"https:\/\/www.sba.it\/ru\/%d1%85%d1%83%d0%b4%d0%be%d0%b6%d0%bd%d0%b8%d0%ba%d0%b8\/grubicy-de-dragon-vittore-biografia-quadri-in-vendita-postmacchiaioli-valutazione-stima-perizia-certificata-di-dipinti-di-grubicy-de-dragon-vittore\/#primaryimage"},"image":{"@id":"https:\/\/www.sba.it\/ru\/%d1%85%d1%83%d0%b4%d0%be%d0%b6%d0%bd%d0%b8%d0%ba%d0%b8\/grubicy-de-dragon-vittore-biografia-quadri-in-vendita-postmacchiaioli-valutazione-stima-perizia-certificata-di-dipinti-di-grubicy-de-dragon-vittore\/#primaryimage"},"thumbnailUrl":"https:\/\/www.sba.it\/wp-content\/uploads\/2018\/01\/images_artisti_Vittore-Grubicy-De-Dragon-foto.jpg","datePublished":"2018-01-11T08:39:36+00:00","dateModified":"2021-03-12T08:48:27+00:00","description":"grubicy de dragon leggi la vita del pittore milanese dell'800, vendita e acquisto online dipinti milanesi dell'800 di grubicy de dragon scopri come","breadcrumb":{"@id":"https:\/\/www.sba.it\/ru\/%d1%85%d1%83%d0%b4%d0%be%d0%b6%d0%bd%d0%b8%d0%ba%d0%b8\/grubicy-de-dragon-vittore-biografia-quadri-in-vendita-postmacchiaioli-valutazione-stima-perizia-certificata-di-dipinti-di-grubicy-de-dragon-vittore\/#breadcrumb"},"inLanguage":"ru-RU","potentialAction":[{"@type":"ReadAction","target":["https:\/\/www.sba.it\/ru\/%d1%85%d1%83%d0%b4%d0%be%d0%b6%d0%bd%d0%b8%d0%ba%d0%b8\/grubicy-de-dragon-vittore-biografia-quadri-in-vendita-postmacchiaioli-valutazione-stima-perizia-certificata-di-dipinti-di-grubicy-de-dragon-vittore\/"]}]},{"@type":"ImageObject","inLanguage":"ru-RU","@id":"https:\/\/www.sba.it\/ru\/%d1%85%d1%83%d0%b4%d0%be%d0%b6%d0%bd%d0%b8%d0%ba%d0%b8\/grubicy-de-dragon-vittore-biografia-quadri-in-vendita-postmacchiaioli-valutazione-stima-perizia-certificata-di-dipinti-di-grubicy-de-dragon-vittore\/#primaryimage","url":"https:\/\/www.sba.it\/wp-content\/uploads\/2018\/01\/images_artisti_Vittore-Grubicy-De-Dragon-foto.jpg","contentUrl":"https:\/\/www.sba.it\/wp-content\/uploads\/2018\/01\/images_artisti_Vittore-Grubicy-De-Dragon-foto.jpg","width":300,"height":225,"caption":"Vittore Grubicy De Dragon in una foto"},{"@type":"BreadcrumbList","@id":"https:\/\/www.sba.it\/ru\/%d1%85%d1%83%d0%b4%d0%be%d0%b6%d0%bd%d0%b8%d0%ba%d0%b8\/grubicy-de-dragon-vittore-biografia-quadri-in-vendita-postmacchiaioli-valutazione-stima-perizia-certificata-di-dipinti-di-grubicy-de-dragon-vittore\/#breadcrumb","itemListElement":[{"@type":"ListItem","position":1,"name":"Home","item":"https:\/\/www.sba.it\/ru\/"},{"@type":"ListItem","position":2,"name":"\u0425\u0423\u0414\u041e\u0416\u041d\u0418\u041a\u0418","item":"https:\/\/www.sba.it\/ru\/%d1%85%d1%83%d0%b4%d0%be%d0%b6%d0%bd%d0%b8%d0%ba%d0%b8\/"},{"@type":"ListItem","position":3,"name":"Grubicy de Dragon Vittore (1851-1920). Biografia. Quadri in vendita."}]},{"@type":"WebSite","@id":"https:\/\/www.sba.it\/#website","url":"https:\/\/www.sba.it\/","name":"Societ\u00e0 di Belle Arti","description":"Quadri macchiaioli e del 800 e 900 in vendita","publisher":{"@id":"https:\/\/www.sba.it\/#organization"},"potentialAction":[{"@type":"SearchAction","target":{"@type":"EntryPoint","urlTemplate":"https:\/\/www.sba.it\/?s={search_term_string}"},"query-input":{"@type":"PropertyValueSpecification","valueRequired":true,"valueName":"search_term_string"}}],"inLanguage":"ru-RU"},{"@type":"Organization","@id":"https:\/\/www.sba.it\/#organization","name":"Societ\u00e0 di Belle Arti","url":"https:\/\/www.sba.it\/","logo":{"@type":"ImageObject","inLanguage":"ru-RU","@id":"https:\/\/www.sba.it\/#\/schema\/logo\/image\/","url":"https:\/\/www.sba.it\/wp-content\/uploads\/2019\/04\/Logo-rosso_nero.png","contentUrl":"https:\/\/www.sba.it\/wp-content\/uploads\/2019\/04\/Logo-rosso_nero.png","width":2532,"height":1137,"caption":"Societ\u00e0 di Belle Arti"},"image":{"@id":"https:\/\/www.sba.it\/#\/schema\/logo\/image\/"},"sameAs":["https:\/\/www.facebook.com\/pitturaitaliana800e900\/","https:\/\/x.com\/SocietaArti","https:\/\/www.instagram.com\/societadibellearti","https:\/\/www.linkedin.com\/in\/societ\u00e0-di-belle-arti-363aa8191\/","https:\/\/www.youtube.com\/channel\/UC6fJlk-ajwhsnEIICATyXaQ"]}]}},"_links":{"self":[{"href":"https:\/\/www.sba.it\/ru\/wp-json\/wp\/v2\/pages\/75013","targetHints":{"allow":["GET"]}}],"collection":[{"href":"https:\/\/www.sba.it\/ru\/wp-json\/wp\/v2\/pages"}],"about":[{"href":"https:\/\/www.sba.it\/ru\/wp-json\/wp\/v2\/types\/page"}],"author":[{"embeddable":true,"href":"https:\/\/www.sba.it\/ru\/wp-json\/wp\/v2\/users\/2"}],"replies":[{"embeddable":true,"href":"https:\/\/www.sba.it\/ru\/wp-json\/wp\/v2\/comments?post=75013"}],"version-history":[{"count":3,"href":"https:\/\/www.sba.it\/ru\/wp-json\/wp\/v2\/pages\/75013\/revisions"}],"predecessor-version":[{"id":88625,"href":"https:\/\/www.sba.it\/ru\/wp-json\/wp\/v2\/pages\/75013\/revisions\/88625"}],"up":[{"embeddable":true,"href":"https:\/\/www.sba.it\/ru\/wp-json\/wp\/v2\/pages\/73491"}],"wp:featuredmedia":[{"embeddable":true,"href":"https:\/\/www.sba.it\/ru\/wp-json\/wp\/v2\/media\/2963"}],"wp:attachment":[{"href":"https:\/\/www.sba.it\/ru\/wp-json\/wp\/v2\/media?parent=75013"}],"curies":[{"name":"wp","href":"https:\/\/api.w.org\/{rel}","templated":true}]}}