{"id":74994,"date":"2018-01-25T10:41:22","date_gmt":"2018-01-25T09:41:22","guid":{"rendered":"http:\/\/www.sba.it\/quadrone-giovanni-battista-biografia-quadri-in-vendita-postmacchiaioli-valutazione-stima-perizia-certificata-di-dipinti-di-quadrone-giovanni-battista\/"},"modified":"2021-10-29T10:29:19","modified_gmt":"2021-10-29T08:29:19","slug":"quadrone-giovanni-battista-biografia-quadri-in-vendita-postmacchiaioli-valutazione-stima-perizia-certificata-di-dipinti-di-quadrone-giovanni-battista","status":"publish","type":"page","link":"https:\/\/www.sba.it\/ru\/%d1%85%d1%83%d0%b4%d0%be%d0%b6%d0%bd%d0%b8%d0%ba%d0%b8\/quadrone-giovanni-battista-biografia-quadri-in-vendita-postmacchiaioli-valutazione-stima-perizia-certificata-di-dipinti-di-quadrone-giovanni-battista\/","title":{"rendered":"Quadrone Giovanni Battista (1844-1898). Biografia. Quadri in vendita"},"content":{"rendered":"<p><img decoding=\"async\" class=\" alignleft size-full wp-image-3002\" style=\"margin-right: 20px; float: left;\" src=\"http:\/\/www.sba.it\/wp-content\/uploads\/2018\/01\/images_artisti_Quadrone-Giovanni-Battista-immagine.jpg\" alt=\"Quadrone-Giovanni-Battista-immagine\" width=\"300\" height=\"422\" srcset=\"https:\/\/www.sba.it\/wp-content\/uploads\/2018\/01\/images_artisti_Quadrone-Giovanni-Battista-immagine.jpg 300w, https:\/\/www.sba.it\/wp-content\/uploads\/2018\/01\/images_artisti_Quadrone-Giovanni-Battista-immagine-213x300.jpg 213w\" sizes=\"(max-width: 300px) 100vw, 300px\" \/>Giovanni Battista Quadrone nacque a Mondov\u00ec il 5 gennaio 1844.<\/p>\n<p>Grazie alle agiate condizioni economiche pot\u00e9 assecondare le proprie inclinazioni artistiche, seguendo i corsi di Enrico Gamba e Gaetano Fetti all\u2019<a href=\"https:\/\/www.albertina.academy\/\">Accademia Albertina<\/a> dal 1861 al 1868, anno in cui vinse il concorso Triennale.<\/p>\n<p>Nel 1865 esord\u00ec alla Promotrice di Torino e l\u2019anno successivo il\u00a0 Municipio subalpino acquist\u00f2\u00a0 suo L\u2019agguato .. Dopo un breve periodo trascorso a Parigi, nel 1870 si stabil\u00ec a Torino. Nel marzo del 1876 stipul\u00f2 un contratto di esclusiva, a scadenza biennale, con il mercante Luigi Pisani. Fu in seguito alla gestione oculata promossa dal gallerista che la sua produzione, soprattutto incentrata su soggetti di genere e venatori raggiunse anche in Inghilterra, Francia, sud America e nell\u2019area austro-ungarica, quotazioni elevatissime.<\/p>\n<p>Proprio la passione per la caccia lo richiam\u00f2 nel 1876 in Sardegna dove, sette anni pi\u00f9 tardi, cominci\u00f2 a dedicarsi alla raffigurazione di scene e paesaggi di vita isolana. Tra questi, Ronzino sardo e Una vecchia berlina, furono acquistati dal Municipio torinese nel 1888 e 1890. Poco pi\u00f9 tardi speriment\u00f2 due nuovi filoni tematici come la vita del circo e l\u2019intimismo domestico. Nel 1892 la Galleria Nazionale d\u2019Arte Moderna acquist\u00f2 Ritorno e nel 1896 e nel 1898 si trov\u00f2 nel ballottaggio finale per l\u2019assegnazione del premio degli Artisti alla Triennale. Nel 1897, a Firenze, ottenne il primo premio di Pittura con l\u2019opera Il tempo minaccia. Mor\u00ec a Torino nel 1898.<\/p>\n<p>&nbsp;<\/p>\n<h3><\/h3>\n<h3><\/h3>\n<h3><\/h3>\n<h3><\/h3>\n<h3 style=\"font-size: 12pt;\">CATALOGO OPERE :<a href=\"http:\/\/www.sba.it\/giovanni-battistaquadrone\/\"> L&#8217;aratura<\/a><\/h3>\n<h3 style=\"font-size: 12pt;\"><a href=\"https:\/\/www.sba.it\/ru\/%d0%bf%d1%80%d0%be%d0%b4%d0%b0%d1%82%d1%8c\/\">V<strong>UOI VENDERE O COMPRARE UN QUADRO DI QUESTO ARTISTA?<\/strong><\/a><\/h3>\n<p>&nbsp;<\/p>\n<p>&nbsp;<\/p>\n<p>&nbsp;<\/p>\n<p>&nbsp;<\/p>\n<p>&nbsp;<\/p>\n<p>&nbsp;<\/p>\n<p>&nbsp;<\/p>\n<p>&nbsp;<\/p>\n","protected":false},"excerpt":{"rendered":"<p>Giovanni Battista Quadrone nacque a Mondov\u00ec il 5 gennaio 1844. Grazie alle agiate condizioni economiche pot\u00e9 assecondare le proprie inclinazioni [&hellip;]<\/p>\n","protected":false},"author":2,"featured_media":3005,"parent":73491,"menu_order":51,"comment_status":"closed","ping_status":"closed","template":"","meta":{"_monsterinsights_skip_tracking":false,"_monsterinsights_sitenote_active":false,"_monsterinsights_sitenote_note":"","_monsterinsights_sitenote_category":0,"footnotes":""},"class_list":["post-74994","page","type-page","status-publish","has-post-thumbnail","hentry","page_category-1277"],"yoast_head":"<!-- This site is optimized with the Yoast SEO plugin v27.5 - https:\/\/yoast.com\/product\/yoast-seo-wordpress\/ -->\n<title>Quadrone Giovanni Battista (1844-1898). Biografia. Quadri in vendita<\/title>\n<meta name=\"description\" content=\"Quadrone Giovanni Battista leggi la vita del pittore dell&#039;800, Giovanni Battista Quadrone quadri in vendita, dipinti italiani dell&#039;800\" \/>\n<meta name=\"robots\" content=\"index, follow, max-snippet:-1, max-image-preview:large, max-video-preview:-1\" \/>\n<link rel=\"canonical\" href=\"https:\/\/www.sba.it\/ru\/\u0445\u0443\u0434\u043e\u0436\u043d\u0438\u043a\u0438\/quadrone-giovanni-battista-biografia-quadri-in-vendita-postmacchiaioli-valutazione-stima-perizia-certificata-di-dipinti-di-quadrone-giovanni-battista\/\" \/>\n<meta property=\"og:locale\" content=\"ru_RU\" \/>\n<meta property=\"og:type\" content=\"article\" \/>\n<meta property=\"og:title\" content=\"Quadrone Giovanni Battista (1844-1898). Biografia. Quadri in vendita\" \/>\n<meta property=\"og:description\" content=\"Quadrone Giovanni Battista leggi la vita del pittore dell&#039;800, Giovanni Battista Quadrone quadri in vendita, dipinti italiani dell&#039;800\" \/>\n<meta property=\"og:url\" content=\"https:\/\/www.sba.it\/ru\/\u0445\u0443\u0434\u043e\u0436\u043d\u0438\u043a\u0438\/quadrone-giovanni-battista-biografia-quadri-in-vendita-postmacchiaioli-valutazione-stima-perizia-certificata-di-dipinti-di-quadrone-giovanni-battista\/\" \/>\n<meta property=\"og:site_name\" content=\"Societ\u00e0 di Belle Arti\" \/>\n<meta property=\"article:publisher\" content=\"https:\/\/www.facebook.com\/pitturaitaliana800e900\/\" \/>\n<meta property=\"article:modified_time\" content=\"2021-10-29T08:29:19+00:00\" \/>\n<meta property=\"og:image\" content=\"https:\/\/www.sba.it\/wp-content\/uploads\/2018\/01\/images_artisti_Quadrone-Giovanni-Battista-immagine.jpg\" \/>\n\t<meta property=\"og:image:width\" content=\"300\" \/>\n\t<meta property=\"og:image:height\" content=\"422\" \/>\n\t<meta property=\"og:image:type\" content=\"image\/jpeg\" \/>\n<meta name=\"twitter:card\" content=\"summary_large_image\" \/>\n<meta name=\"twitter:site\" content=\"@SocietaArti\" \/>\n<meta name=\"twitter:label1\" content=\"\u041f\u0440\u0438\u043c\u0435\u0440\u043d\u043e\u0435 \u0432\u0440\u0435\u043c\u044f \u0434\u043b\u044f \u0447\u0442\u0435\u043d\u0438\u044f\" \/>\n\t<meta name=\"twitter:data1\" content=\"2 \u043c\u0438\u043d\u0443\u0442\u044b\" \/>\n<script type=\"application\/ld+json\" class=\"yoast-schema-graph\">{\"@context\":\"https:\\\/\\\/schema.org\",\"@graph\":[{\"@type\":\"WebPage\",\"@id\":\"https:\\\/\\\/www.sba.it\\\/ru\\\/%d1%85%d1%83%d0%b4%d0%be%d0%b6%d0%bd%d0%b8%d0%ba%d0%b8\\\/quadrone-giovanni-battista-biografia-quadri-in-vendita-postmacchiaioli-valutazione-stima-perizia-certificata-di-dipinti-di-quadrone-giovanni-battista\\\/\",\"url\":\"https:\\\/\\\/www.sba.it\\\/ru\\\/%d1%85%d1%83%d0%b4%d0%be%d0%b6%d0%bd%d0%b8%d0%ba%d0%b8\\\/quadrone-giovanni-battista-biografia-quadri-in-vendita-postmacchiaioli-valutazione-stima-perizia-certificata-di-dipinti-di-quadrone-giovanni-battista\\\/\",\"name\":\"Quadrone Giovanni Battista (1844-1898). Biografia. Quadri in vendita\",\"isPartOf\":{\"@id\":\"https:\\\/\\\/www.sba.it\\\/#website\"},\"primaryImageOfPage\":{\"@id\":\"https:\\\/\\\/www.sba.it\\\/ru\\\/%d1%85%d1%83%d0%b4%d0%be%d0%b6%d0%bd%d0%b8%d0%ba%d0%b8\\\/quadrone-giovanni-battista-biografia-quadri-in-vendita-postmacchiaioli-valutazione-stima-perizia-certificata-di-dipinti-di-quadrone-giovanni-battista\\\/#primaryimage\"},\"image\":{\"@id\":\"https:\\\/\\\/www.sba.it\\\/ru\\\/%d1%85%d1%83%d0%b4%d0%be%d0%b6%d0%bd%d0%b8%d0%ba%d0%b8\\\/quadrone-giovanni-battista-biografia-quadri-in-vendita-postmacchiaioli-valutazione-stima-perizia-certificata-di-dipinti-di-quadrone-giovanni-battista\\\/#primaryimage\"},\"thumbnailUrl\":\"https:\\\/\\\/www.sba.it\\\/wp-content\\\/uploads\\\/2018\\\/01\\\/images_artisti_Quadrone-Giovanni-Battista-immagine.jpg\",\"datePublished\":\"2018-01-25T09:41:22+00:00\",\"dateModified\":\"2021-10-29T08:29:19+00:00\",\"description\":\"Quadrone Giovanni Battista leggi la vita del pittore dell'800, Giovanni Battista Quadrone quadri in vendita, dipinti italiani dell'800\",\"breadcrumb\":{\"@id\":\"https:\\\/\\\/www.sba.it\\\/ru\\\/%d1%85%d1%83%d0%b4%d0%be%d0%b6%d0%bd%d0%b8%d0%ba%d0%b8\\\/quadrone-giovanni-battista-biografia-quadri-in-vendita-postmacchiaioli-valutazione-stima-perizia-certificata-di-dipinti-di-quadrone-giovanni-battista\\\/#breadcrumb\"},\"inLanguage\":\"ru-RU\",\"potentialAction\":[{\"@type\":\"ReadAction\",\"target\":[\"https:\\\/\\\/www.sba.it\\\/ru\\\/%d1%85%d1%83%d0%b4%d0%be%d0%b6%d0%bd%d0%b8%d0%ba%d0%b8\\\/quadrone-giovanni-battista-biografia-quadri-in-vendita-postmacchiaioli-valutazione-stima-perizia-certificata-di-dipinti-di-quadrone-giovanni-battista\\\/\"]}]},{\"@type\":\"ImageObject\",\"inLanguage\":\"ru-RU\",\"@id\":\"https:\\\/\\\/www.sba.it\\\/ru\\\/%d1%85%d1%83%d0%b4%d0%be%d0%b6%d0%bd%d0%b8%d0%ba%d0%b8\\\/quadrone-giovanni-battista-biografia-quadri-in-vendita-postmacchiaioli-valutazione-stima-perizia-certificata-di-dipinti-di-quadrone-giovanni-battista\\\/#primaryimage\",\"url\":\"https:\\\/\\\/www.sba.it\\\/wp-content\\\/uploads\\\/2018\\\/01\\\/images_artisti_Quadrone-Giovanni-Battista-immagine.jpg\",\"contentUrl\":\"https:\\\/\\\/www.sba.it\\\/wp-content\\\/uploads\\\/2018\\\/01\\\/images_artisti_Quadrone-Giovanni-Battista-immagine.jpg\",\"width\":300,\"height\":422,\"caption\":\"Foto di Giovanni Battista Quadrone\"},{\"@type\":\"BreadcrumbList\",\"@id\":\"https:\\\/\\\/www.sba.it\\\/ru\\\/%d1%85%d1%83%d0%b4%d0%be%d0%b6%d0%bd%d0%b8%d0%ba%d0%b8\\\/quadrone-giovanni-battista-biografia-quadri-in-vendita-postmacchiaioli-valutazione-stima-perizia-certificata-di-dipinti-di-quadrone-giovanni-battista\\\/#breadcrumb\",\"itemListElement\":[{\"@type\":\"ListItem\",\"position\":1,\"name\":\"Home\",\"item\":\"https:\\\/\\\/www.sba.it\\\/ru\\\/\"},{\"@type\":\"ListItem\",\"position\":2,\"name\":\"\u0425\u0423\u0414\u041e\u0416\u041d\u0418\u041a\u0418\",\"item\":\"https:\\\/\\\/www.sba.it\\\/ru\\\/%d1%85%d1%83%d0%b4%d0%be%d0%b6%d0%bd%d0%b8%d0%ba%d0%b8\\\/\"},{\"@type\":\"ListItem\",\"position\":3,\"name\":\"Quadrone Giovanni Battista (1844-1898). Biografia. Quadri in vendita\"}]},{\"@type\":\"WebSite\",\"@id\":\"https:\\\/\\\/www.sba.it\\\/#website\",\"url\":\"https:\\\/\\\/www.sba.it\\\/\",\"name\":\"Societ\u00e0 di Belle Arti\",\"description\":\"Quadri macchiaioli e del 800 e 900 in vendita\",\"publisher\":{\"@id\":\"https:\\\/\\\/www.sba.it\\\/#organization\"},\"potentialAction\":[{\"@type\":\"SearchAction\",\"target\":{\"@type\":\"EntryPoint\",\"urlTemplate\":\"https:\\\/\\\/www.sba.it\\\/?s={search_term_string}\"},\"query-input\":{\"@type\":\"PropertyValueSpecification\",\"valueRequired\":true,\"valueName\":\"search_term_string\"}}],\"inLanguage\":\"ru-RU\"},{\"@type\":\"Organization\",\"@id\":\"https:\\\/\\\/www.sba.it\\\/#organization\",\"name\":\"Societ\u00e0 di Belle Arti\",\"url\":\"https:\\\/\\\/www.sba.it\\\/\",\"logo\":{\"@type\":\"ImageObject\",\"inLanguage\":\"ru-RU\",\"@id\":\"https:\\\/\\\/www.sba.it\\\/#\\\/schema\\\/logo\\\/image\\\/\",\"url\":\"https:\\\/\\\/www.sba.it\\\/wp-content\\\/uploads\\\/2019\\\/04\\\/Logo-rosso_nero.png\",\"contentUrl\":\"https:\\\/\\\/www.sba.it\\\/wp-content\\\/uploads\\\/2019\\\/04\\\/Logo-rosso_nero.png\",\"width\":2532,\"height\":1137,\"caption\":\"Societ\u00e0 di Belle Arti\"},\"image\":{\"@id\":\"https:\\\/\\\/www.sba.it\\\/#\\\/schema\\\/logo\\\/image\\\/\"},\"sameAs\":[\"https:\\\/\\\/www.facebook.com\\\/pitturaitaliana800e900\\\/\",\"https:\\\/\\\/x.com\\\/SocietaArti\",\"https:\\\/\\\/www.instagram.com\\\/societadibellearti\",\"https:\\\/\\\/www.linkedin.com\\\/in\\\/societ\u00e0-di-belle-arti-363aa8191\\\/\",\"https:\\\/\\\/www.youtube.com\\\/channel\\\/UC6fJlk-ajwhsnEIICATyXaQ\"]}]}<\/script>\n<!-- \/ Yoast SEO plugin. -->","yoast_head_json":{"title":"Quadrone Giovanni Battista (1844-1898). Biografia. Quadri in vendita","description":"Quadrone Giovanni Battista leggi la vita del pittore dell'800, Giovanni Battista Quadrone quadri in vendita, dipinti italiani dell'800","robots":{"index":"index","follow":"follow","max-snippet":"max-snippet:-1","max-image-preview":"max-image-preview:large","max-video-preview":"max-video-preview:-1"},"canonical":"https:\/\/www.sba.it\/ru\/\u0445\u0443\u0434\u043e\u0436\u043d\u0438\u043a\u0438\/quadrone-giovanni-battista-biografia-quadri-in-vendita-postmacchiaioli-valutazione-stima-perizia-certificata-di-dipinti-di-quadrone-giovanni-battista\/","og_locale":"ru_RU","og_type":"article","og_title":"Quadrone Giovanni Battista (1844-1898). Biografia. Quadri in vendita","og_description":"Quadrone Giovanni Battista leggi la vita del pittore dell'800, Giovanni Battista Quadrone quadri in vendita, dipinti italiani dell'800","og_url":"https:\/\/www.sba.it\/ru\/\u0445\u0443\u0434\u043e\u0436\u043d\u0438\u043a\u0438\/quadrone-giovanni-battista-biografia-quadri-in-vendita-postmacchiaioli-valutazione-stima-perizia-certificata-di-dipinti-di-quadrone-giovanni-battista\/","og_site_name":"Societ\u00e0 di Belle Arti","article_publisher":"https:\/\/www.facebook.com\/pitturaitaliana800e900\/","article_modified_time":"2021-10-29T08:29:19+00:00","og_image":[{"width":300,"height":422,"url":"https:\/\/www.sba.it\/wp-content\/uploads\/2018\/01\/images_artisti_Quadrone-Giovanni-Battista-immagine.jpg","type":"image\/jpeg"}],"twitter_card":"summary_large_image","twitter_site":"@SocietaArti","twitter_misc":{"\u041f\u0440\u0438\u043c\u0435\u0440\u043d\u043e\u0435 \u0432\u0440\u0435\u043c\u044f \u0434\u043b\u044f \u0447\u0442\u0435\u043d\u0438\u044f":"2 \u043c\u0438\u043d\u0443\u0442\u044b"},"schema":{"@context":"https:\/\/schema.org","@graph":[{"@type":"WebPage","@id":"https:\/\/www.sba.it\/ru\/%d1%85%d1%83%d0%b4%d0%be%d0%b6%d0%bd%d0%b8%d0%ba%d0%b8\/quadrone-giovanni-battista-biografia-quadri-in-vendita-postmacchiaioli-valutazione-stima-perizia-certificata-di-dipinti-di-quadrone-giovanni-battista\/","url":"https:\/\/www.sba.it\/ru\/%d1%85%d1%83%d0%b4%d0%be%d0%b6%d0%bd%d0%b8%d0%ba%d0%b8\/quadrone-giovanni-battista-biografia-quadri-in-vendita-postmacchiaioli-valutazione-stima-perizia-certificata-di-dipinti-di-quadrone-giovanni-battista\/","name":"Quadrone Giovanni Battista (1844-1898). Biografia. Quadri in vendita","isPartOf":{"@id":"https:\/\/www.sba.it\/#website"},"primaryImageOfPage":{"@id":"https:\/\/www.sba.it\/ru\/%d1%85%d1%83%d0%b4%d0%be%d0%b6%d0%bd%d0%b8%d0%ba%d0%b8\/quadrone-giovanni-battista-biografia-quadri-in-vendita-postmacchiaioli-valutazione-stima-perizia-certificata-di-dipinti-di-quadrone-giovanni-battista\/#primaryimage"},"image":{"@id":"https:\/\/www.sba.it\/ru\/%d1%85%d1%83%d0%b4%d0%be%d0%b6%d0%bd%d0%b8%d0%ba%d0%b8\/quadrone-giovanni-battista-biografia-quadri-in-vendita-postmacchiaioli-valutazione-stima-perizia-certificata-di-dipinti-di-quadrone-giovanni-battista\/#primaryimage"},"thumbnailUrl":"https:\/\/www.sba.it\/wp-content\/uploads\/2018\/01\/images_artisti_Quadrone-Giovanni-Battista-immagine.jpg","datePublished":"2018-01-25T09:41:22+00:00","dateModified":"2021-10-29T08:29:19+00:00","description":"Quadrone Giovanni Battista leggi la vita del pittore dell'800, Giovanni Battista Quadrone quadri in vendita, dipinti italiani dell'800","breadcrumb":{"@id":"https:\/\/www.sba.it\/ru\/%d1%85%d1%83%d0%b4%d0%be%d0%b6%d0%bd%d0%b8%d0%ba%d0%b8\/quadrone-giovanni-battista-biografia-quadri-in-vendita-postmacchiaioli-valutazione-stima-perizia-certificata-di-dipinti-di-quadrone-giovanni-battista\/#breadcrumb"},"inLanguage":"ru-RU","potentialAction":[{"@type":"ReadAction","target":["https:\/\/www.sba.it\/ru\/%d1%85%d1%83%d0%b4%d0%be%d0%b6%d0%bd%d0%b8%d0%ba%d0%b8\/quadrone-giovanni-battista-biografia-quadri-in-vendita-postmacchiaioli-valutazione-stima-perizia-certificata-di-dipinti-di-quadrone-giovanni-battista\/"]}]},{"@type":"ImageObject","inLanguage":"ru-RU","@id":"https:\/\/www.sba.it\/ru\/%d1%85%d1%83%d0%b4%d0%be%d0%b6%d0%bd%d0%b8%d0%ba%d0%b8\/quadrone-giovanni-battista-biografia-quadri-in-vendita-postmacchiaioli-valutazione-stima-perizia-certificata-di-dipinti-di-quadrone-giovanni-battista\/#primaryimage","url":"https:\/\/www.sba.it\/wp-content\/uploads\/2018\/01\/images_artisti_Quadrone-Giovanni-Battista-immagine.jpg","contentUrl":"https:\/\/www.sba.it\/wp-content\/uploads\/2018\/01\/images_artisti_Quadrone-Giovanni-Battista-immagine.jpg","width":300,"height":422,"caption":"Foto di Giovanni Battista Quadrone"},{"@type":"BreadcrumbList","@id":"https:\/\/www.sba.it\/ru\/%d1%85%d1%83%d0%b4%d0%be%d0%b6%d0%bd%d0%b8%d0%ba%d0%b8\/quadrone-giovanni-battista-biografia-quadri-in-vendita-postmacchiaioli-valutazione-stima-perizia-certificata-di-dipinti-di-quadrone-giovanni-battista\/#breadcrumb","itemListElement":[{"@type":"ListItem","position":1,"name":"Home","item":"https:\/\/www.sba.it\/ru\/"},{"@type":"ListItem","position":2,"name":"\u0425\u0423\u0414\u041e\u0416\u041d\u0418\u041a\u0418","item":"https:\/\/www.sba.it\/ru\/%d1%85%d1%83%d0%b4%d0%be%d0%b6%d0%bd%d0%b8%d0%ba%d0%b8\/"},{"@type":"ListItem","position":3,"name":"Quadrone Giovanni Battista (1844-1898). Biografia. Quadri in vendita"}]},{"@type":"WebSite","@id":"https:\/\/www.sba.it\/#website","url":"https:\/\/www.sba.it\/","name":"Societ\u00e0 di Belle Arti","description":"Quadri macchiaioli e del 800 e 900 in vendita","publisher":{"@id":"https:\/\/www.sba.it\/#organization"},"potentialAction":[{"@type":"SearchAction","target":{"@type":"EntryPoint","urlTemplate":"https:\/\/www.sba.it\/?s={search_term_string}"},"query-input":{"@type":"PropertyValueSpecification","valueRequired":true,"valueName":"search_term_string"}}],"inLanguage":"ru-RU"},{"@type":"Organization","@id":"https:\/\/www.sba.it\/#organization","name":"Societ\u00e0 di Belle Arti","url":"https:\/\/www.sba.it\/","logo":{"@type":"ImageObject","inLanguage":"ru-RU","@id":"https:\/\/www.sba.it\/#\/schema\/logo\/image\/","url":"https:\/\/www.sba.it\/wp-content\/uploads\/2019\/04\/Logo-rosso_nero.png","contentUrl":"https:\/\/www.sba.it\/wp-content\/uploads\/2019\/04\/Logo-rosso_nero.png","width":2532,"height":1137,"caption":"Societ\u00e0 di Belle Arti"},"image":{"@id":"https:\/\/www.sba.it\/#\/schema\/logo\/image\/"},"sameAs":["https:\/\/www.facebook.com\/pitturaitaliana800e900\/","https:\/\/x.com\/SocietaArti","https:\/\/www.instagram.com\/societadibellearti","https:\/\/www.linkedin.com\/in\/societ\u00e0-di-belle-arti-363aa8191\/","https:\/\/www.youtube.com\/channel\/UC6fJlk-ajwhsnEIICATyXaQ"]}]}},"_links":{"self":[{"href":"https:\/\/www.sba.it\/ru\/wp-json\/wp\/v2\/pages\/74994","targetHints":{"allow":["GET"]}}],"collection":[{"href":"https:\/\/www.sba.it\/ru\/wp-json\/wp\/v2\/pages"}],"about":[{"href":"https:\/\/www.sba.it\/ru\/wp-json\/wp\/v2\/types\/page"}],"author":[{"embeddable":true,"href":"https:\/\/www.sba.it\/ru\/wp-json\/wp\/v2\/users\/2"}],"replies":[{"embeddable":true,"href":"https:\/\/www.sba.it\/ru\/wp-json\/wp\/v2\/comments?post=74994"}],"version-history":[{"count":5,"href":"https:\/\/www.sba.it\/ru\/wp-json\/wp\/v2\/pages\/74994\/revisions"}],"predecessor-version":[{"id":89306,"href":"https:\/\/www.sba.it\/ru\/wp-json\/wp\/v2\/pages\/74994\/revisions\/89306"}],"up":[{"embeddable":true,"href":"https:\/\/www.sba.it\/ru\/wp-json\/wp\/v2\/pages\/73491"}],"wp:featuredmedia":[{"embeddable":true,"href":"https:\/\/www.sba.it\/ru\/wp-json\/wp\/v2\/media\/3005"}],"wp:attachment":[{"href":"https:\/\/www.sba.it\/ru\/wp-json\/wp\/v2\/media?parent=74994"}],"curies":[{"name":"wp","href":"https:\/\/api.w.org\/{rel}","templated":true}]}}