{"id":74901,"date":"2017-10-23T08:05:02","date_gmt":"2017-10-23T06:05:02","guid":{"rendered":"http:\/\/www.sba.it\/repin-biografia-quadri-in-vendita\/"},"modified":"2019-04-29T11:17:51","modified_gmt":"2019-04-29T09:17:51","slug":"repin-biografia-quadri-in-vendita","status":"publish","type":"page","link":"https:\/\/www.sba.it\/ru\/%d1%85%d1%83%d0%b4%d0%be%d0%b6%d0%bd%d0%b8%d0%ba%d0%b8\/repin-biografia-quadri-in-vendita\/","title":{"rendered":"R\u00e9pin Ilja Jesemovitch (1844-1930). Biografia."},"content":{"rendered":"<p><img decoding=\"async\" class=\" alignleft size-full wp-image-2874\" style=\"margin-right: 20px; float: left;\" src=\"http:\/\/www.sba.it\/wp-content\/uploads\/2017\/10\/images_artisti_Repin-biografia.jpg\" alt=\"Repin-biografia\" width=\"300\" height=\"395\" srcset=\"https:\/\/www.sba.it\/wp-content\/uploads\/2017\/10\/images_artisti_Repin-biografia.jpg 300w, https:\/\/www.sba.it\/wp-content\/uploads\/2017\/10\/images_artisti_Repin-biografia-228x300.jpg 228w\" sizes=\"(max-width: 300px) 100vw, 300px\" \/>Nacque a Tchugnew nel 1844 e, dopo un breve periodo come pittore di icone sotto la guida di Ivan Bunakov, s\u2019iscrisse nel 1863 all\u2019Accademia di Belle Arti di Pietroburgo. Ancora studente prese parte alla cosiddetta \u201crivolta dei 14\u201d capeggiata da Kramskoj in opposizione ai rigidi canoni estetici dell\u2019Accademia. Ad essa segu\u00ec la nascita della \u201cSociet\u00e0 degli Ambulanti\u201d, la prima Associazione russa ad avviare il difficile passaggio dalla cultura tradizionale a nuove forme espressive. Fu questa fortemente condizionata dall\u2019impegno sociale e la scelta etica divenne quindi anche un indirizzo estetico. Pi\u00f9 di ogni altro, R\u00e9pin ader\u00ec all\u2019orientamento ideologico del gruppo. I temi sociali, infatti, interessarono tutta la sua produzione: da <em>I battellieri del Volga<\/em> (1873), con cui ottenne il primo premio all\u2019Esposizione della Societ\u00e0 di Incoraggiamento delle Arti di Pietroburgo, a Burlaki, sempre del 1873, a <em>La zarina Alekseevna<\/em> del 1879.<\/p>\n<p>Nel 1873, grazie ad una borsa di studio dell\u2019Accademia, si rec\u00f2 in Europa visitando Roma, Napoli e Parigi. Ebbe cos\u00ec modo di apprezzare le opere di <a href=\"http:\/\/www.sba.it\/domenico-morelli-biografia-quadri-vendita-stima-perizia-dipinti-domenico-morelli\/\"><strong>Domenico Morelli<\/strong><\/a>, Mariano Fortuny, <a href=\"http:\/\/www.sba.it\/dalbono-edoardo-quadri-in-vendita-perizie-stime-expertise\/\">Edoardo Dalbono<\/a>, Emile Zola e Emile Saint- Sa\u00ebns. Durante il soggiorno romano entr\u00f2 a far parte del Circolo Mamontov il cui influsso \u00e8 evidente nelle opere pi\u00f9 tarde.<\/p>\n<p>Tra i suoi lavori si impongono i grandi ritratti eseguiti per le personalit\u00e0 pi\u00f9 in vista dell\u2019alta societ\u00e0 russa: il Ritratto di Sofia Michailovna (1889), di Rubinstein, Tolstoj, Eleonora Duse etc. Sull\u2019onda del grande successo, il Museo di Mosca nel 1892 gli dedic\u00f2 una personale. Cinque anni pi\u00f9 tardi prese parte alle Biennali veneziane, dove, nel 1907, present\u00f2 il Ritratto del violoncellista Wierzbilovicz e un ritratto ad acquarello di Tolstoj.<\/p>\n<p>Mor\u00ec a Hukahave (Finlandia) nel 1930.<\/p>\n<p style=\"text-align: justify;\">Nello studio allestito nel 1906 a Kuokkala sono tuttora presenti alcune sue opere e l\u2019intero archivio.<\/p>\n<h3 style=\"font-size: 12pt;\"><a href=\"https:\/\/www.sba.it\/ru\/%d1%81%d0%be%d0%b2%d0%b5%d1%80%d1%88%d0%b5%d0%bd%d1%81%d1%82%d0%b2%d0%b0\/\"><strong>CATALOGO OPERE<\/strong>\u00a0|<\/a>\u00a0<a href=\"https:\/\/www.sba.it\/ru\/%d0%bf%d1%80%d0%be%d0%b4%d0%b0%d1%82%d1%8c\/\">V<strong>UOI VENDERE O COMPRARE UN QUADRO DI QUESTO ARTISTA?<\/strong><\/a><\/h3>\n","protected":false},"excerpt":{"rendered":"<p>Nacque a Tchugnew nel 1844 e, dopo un breve periodo come pittore di icone sotto la guida di Ivan Bunakov, [&hellip;]<\/p>\n","protected":false},"author":2,"featured_media":2877,"parent":73491,"menu_order":63,"comment_status":"closed","ping_status":"closed","template":"","meta":{"_monsterinsights_skip_tracking":false,"_monsterinsights_sitenote_active":false,"_monsterinsights_sitenote_note":"","_monsterinsights_sitenote_category":0,"footnotes":""},"class_list":["post-74901","page","type-page","status-publish","has-post-thumbnail","hentry","page_category-1277"],"yoast_head":"<!-- This site is optimized with the Yoast SEO plugin v27.5 - https:\/\/yoast.com\/product\/yoast-seo-wordpress\/ -->\n<title>R\u00e9pin Ilja Jesemovitch (1844-1930). Biografia. Quadri in vendita.<\/title>\n<meta name=\"description\" content=\"R\u00e9pin Ilja Jesemovitch leggi la vita del pittore russo del 900, vendita e acquisto online dipinti russi del 900 di R\u00e9pin Ilja Jesemovitch scopri come\" \/>\n<meta name=\"robots\" content=\"index, follow, max-snippet:-1, max-image-preview:large, max-video-preview:-1\" \/>\n<link rel=\"canonical\" href=\"https:\/\/www.sba.it\/ru\/\u0445\u0443\u0434\u043e\u0436\u043d\u0438\u043a\u0438\/repin-biografia-quadri-in-vendita\/\" \/>\n<meta property=\"og:locale\" content=\"ru_RU\" \/>\n<meta property=\"og:type\" content=\"article\" \/>\n<meta property=\"og:title\" content=\"R\u00e9pin Ilja Jesemovitch (1844-1930). Biografia. Quadri in vendita.\" \/>\n<meta property=\"og:description\" content=\"R\u00e9pin Ilja Jesemovitch leggi la vita del pittore russo del 900, vendita e acquisto online dipinti russi del 900 di R\u00e9pin Ilja Jesemovitch scopri come\" \/>\n<meta property=\"og:url\" content=\"https:\/\/www.sba.it\/ru\/\u0445\u0443\u0434\u043e\u0436\u043d\u0438\u043a\u0438\/repin-biografia-quadri-in-vendita\/\" \/>\n<meta property=\"og:site_name\" content=\"Societ\u00e0 di Belle Arti\" \/>\n<meta property=\"article:publisher\" content=\"https:\/\/www.facebook.com\/pitturaitaliana800e900\/\" \/>\n<meta property=\"article:modified_time\" content=\"2019-04-29T09:17:51+00:00\" \/>\n<meta property=\"og:image\" content=\"https:\/\/www.sba.it\/wp-content\/uploads\/2017\/10\/images_artisti_Repin-biografia.jpg\" \/>\n\t<meta property=\"og:image:width\" content=\"300\" \/>\n\t<meta property=\"og:image:height\" content=\"395\" \/>\n\t<meta property=\"og:image:type\" content=\"image\/jpeg\" \/>\n<meta name=\"twitter:card\" content=\"summary_large_image\" \/>\n<meta name=\"twitter:site\" content=\"@SocietaArti\" \/>\n<meta name=\"twitter:label1\" content=\"\u041f\u0440\u0438\u043c\u0435\u0440\u043d\u043e\u0435 \u0432\u0440\u0435\u043c\u044f \u0434\u043b\u044f \u0447\u0442\u0435\u043d\u0438\u044f\" \/>\n\t<meta name=\"twitter:data1\" content=\"2 \u043c\u0438\u043d\u0443\u0442\u044b\" \/>\n<script type=\"application\/ld+json\" class=\"yoast-schema-graph\">{\"@context\":\"https:\\\/\\\/schema.org\",\"@graph\":[{\"@type\":\"WebPage\",\"@id\":\"https:\\\/\\\/www.sba.it\\\/ru\\\/%d1%85%d1%83%d0%b4%d0%be%d0%b6%d0%bd%d0%b8%d0%ba%d0%b8\\\/repin-biografia-quadri-in-vendita\\\/\",\"url\":\"https:\\\/\\\/www.sba.it\\\/ru\\\/%d1%85%d1%83%d0%b4%d0%be%d0%b6%d0%bd%d0%b8%d0%ba%d0%b8\\\/repin-biografia-quadri-in-vendita\\\/\",\"name\":\"R\u00e9pin Ilja Jesemovitch (1844-1930). Biografia. Quadri in vendita.\",\"isPartOf\":{\"@id\":\"https:\\\/\\\/www.sba.it\\\/#website\"},\"primaryImageOfPage\":{\"@id\":\"https:\\\/\\\/www.sba.it\\\/ru\\\/%d1%85%d1%83%d0%b4%d0%be%d0%b6%d0%bd%d0%b8%d0%ba%d0%b8\\\/repin-biografia-quadri-in-vendita\\\/#primaryimage\"},\"image\":{\"@id\":\"https:\\\/\\\/www.sba.it\\\/ru\\\/%d1%85%d1%83%d0%b4%d0%be%d0%b6%d0%bd%d0%b8%d0%ba%d0%b8\\\/repin-biografia-quadri-in-vendita\\\/#primaryimage\"},\"thumbnailUrl\":\"https:\\\/\\\/www.sba.it\\\/wp-content\\\/uploads\\\/2017\\\/10\\\/images_artisti_Repin-biografia.jpg\",\"datePublished\":\"2017-10-23T06:05:02+00:00\",\"dateModified\":\"2019-04-29T09:17:51+00:00\",\"description\":\"R\u00e9pin Ilja Jesemovitch leggi la vita del pittore russo del 900, vendita e acquisto online dipinti russi del 900 di R\u00e9pin Ilja Jesemovitch scopri come\",\"breadcrumb\":{\"@id\":\"https:\\\/\\\/www.sba.it\\\/ru\\\/%d1%85%d1%83%d0%b4%d0%be%d0%b6%d0%bd%d0%b8%d0%ba%d0%b8\\\/repin-biografia-quadri-in-vendita\\\/#breadcrumb\"},\"inLanguage\":\"ru-RU\",\"potentialAction\":[{\"@type\":\"ReadAction\",\"target\":[\"https:\\\/\\\/www.sba.it\\\/ru\\\/%d1%85%d1%83%d0%b4%d0%be%d0%b6%d0%bd%d0%b8%d0%ba%d0%b8\\\/repin-biografia-quadri-in-vendita\\\/\"]}]},{\"@type\":\"ImageObject\",\"inLanguage\":\"ru-RU\",\"@id\":\"https:\\\/\\\/www.sba.it\\\/ru\\\/%d1%85%d1%83%d0%b4%d0%be%d0%b6%d0%bd%d0%b8%d0%ba%d0%b8\\\/repin-biografia-quadri-in-vendita\\\/#primaryimage\",\"url\":\"https:\\\/\\\/www.sba.it\\\/wp-content\\\/uploads\\\/2017\\\/10\\\/images_artisti_Repin-biografia.jpg\",\"contentUrl\":\"https:\\\/\\\/www.sba.it\\\/wp-content\\\/uploads\\\/2017\\\/10\\\/images_artisti_Repin-biografia.jpg\",\"width\":300,\"height\":395,\"caption\":\"Fotografia di Repin\"},{\"@type\":\"BreadcrumbList\",\"@id\":\"https:\\\/\\\/www.sba.it\\\/ru\\\/%d1%85%d1%83%d0%b4%d0%be%d0%b6%d0%bd%d0%b8%d0%ba%d0%b8\\\/repin-biografia-quadri-in-vendita\\\/#breadcrumb\",\"itemListElement\":[{\"@type\":\"ListItem\",\"position\":1,\"name\":\"Home\",\"item\":\"https:\\\/\\\/www.sba.it\\\/ru\\\/\"},{\"@type\":\"ListItem\",\"position\":2,\"name\":\"\u0425\u0423\u0414\u041e\u0416\u041d\u0418\u041a\u0418\",\"item\":\"https:\\\/\\\/www.sba.it\\\/ru\\\/%d1%85%d1%83%d0%b4%d0%be%d0%b6%d0%bd%d0%b8%d0%ba%d0%b8\\\/\"},{\"@type\":\"ListItem\",\"position\":3,\"name\":\"R\u00e9pin Ilja Jesemovitch (1844-1930). Biografia.\"}]},{\"@type\":\"WebSite\",\"@id\":\"https:\\\/\\\/www.sba.it\\\/#website\",\"url\":\"https:\\\/\\\/www.sba.it\\\/\",\"name\":\"Societ\u00e0 di Belle Arti\",\"description\":\"Quadri macchiaioli e del 800 e 900 in vendita\",\"publisher\":{\"@id\":\"https:\\\/\\\/www.sba.it\\\/#organization\"},\"potentialAction\":[{\"@type\":\"SearchAction\",\"target\":{\"@type\":\"EntryPoint\",\"urlTemplate\":\"https:\\\/\\\/www.sba.it\\\/?s={search_term_string}\"},\"query-input\":{\"@type\":\"PropertyValueSpecification\",\"valueRequired\":true,\"valueName\":\"search_term_string\"}}],\"inLanguage\":\"ru-RU\"},{\"@type\":\"Organization\",\"@id\":\"https:\\\/\\\/www.sba.it\\\/#organization\",\"name\":\"Societ\u00e0 di Belle Arti\",\"url\":\"https:\\\/\\\/www.sba.it\\\/\",\"logo\":{\"@type\":\"ImageObject\",\"inLanguage\":\"ru-RU\",\"@id\":\"https:\\\/\\\/www.sba.it\\\/#\\\/schema\\\/logo\\\/image\\\/\",\"url\":\"https:\\\/\\\/www.sba.it\\\/wp-content\\\/uploads\\\/2019\\\/04\\\/Logo-rosso_nero.png\",\"contentUrl\":\"https:\\\/\\\/www.sba.it\\\/wp-content\\\/uploads\\\/2019\\\/04\\\/Logo-rosso_nero.png\",\"width\":2532,\"height\":1137,\"caption\":\"Societ\u00e0 di Belle Arti\"},\"image\":{\"@id\":\"https:\\\/\\\/www.sba.it\\\/#\\\/schema\\\/logo\\\/image\\\/\"},\"sameAs\":[\"https:\\\/\\\/www.facebook.com\\\/pitturaitaliana800e900\\\/\",\"https:\\\/\\\/x.com\\\/SocietaArti\",\"https:\\\/\\\/www.instagram.com\\\/societadibellearti\",\"https:\\\/\\\/www.linkedin.com\\\/in\\\/societ\u00e0-di-belle-arti-363aa8191\\\/\",\"https:\\\/\\\/www.youtube.com\\\/channel\\\/UC6fJlk-ajwhsnEIICATyXaQ\"]}]}<\/script>\n<!-- \/ Yoast SEO plugin. -->","yoast_head_json":{"title":"R\u00e9pin Ilja Jesemovitch (1844-1930). Biografia. Quadri in vendita.","description":"R\u00e9pin Ilja Jesemovitch leggi la vita del pittore russo del 900, vendita e acquisto online dipinti russi del 900 di R\u00e9pin Ilja Jesemovitch scopri come","robots":{"index":"index","follow":"follow","max-snippet":"max-snippet:-1","max-image-preview":"max-image-preview:large","max-video-preview":"max-video-preview:-1"},"canonical":"https:\/\/www.sba.it\/ru\/\u0445\u0443\u0434\u043e\u0436\u043d\u0438\u043a\u0438\/repin-biografia-quadri-in-vendita\/","og_locale":"ru_RU","og_type":"article","og_title":"R\u00e9pin Ilja Jesemovitch (1844-1930). Biografia. Quadri in vendita.","og_description":"R\u00e9pin Ilja Jesemovitch leggi la vita del pittore russo del 900, vendita e acquisto online dipinti russi del 900 di R\u00e9pin Ilja Jesemovitch scopri come","og_url":"https:\/\/www.sba.it\/ru\/\u0445\u0443\u0434\u043e\u0436\u043d\u0438\u043a\u0438\/repin-biografia-quadri-in-vendita\/","og_site_name":"Societ\u00e0 di Belle Arti","article_publisher":"https:\/\/www.facebook.com\/pitturaitaliana800e900\/","article_modified_time":"2019-04-29T09:17:51+00:00","og_image":[{"width":300,"height":395,"url":"https:\/\/www.sba.it\/wp-content\/uploads\/2017\/10\/images_artisti_Repin-biografia.jpg","type":"image\/jpeg"}],"twitter_card":"summary_large_image","twitter_site":"@SocietaArti","twitter_misc":{"\u041f\u0440\u0438\u043c\u0435\u0440\u043d\u043e\u0435 \u0432\u0440\u0435\u043c\u044f \u0434\u043b\u044f \u0447\u0442\u0435\u043d\u0438\u044f":"2 \u043c\u0438\u043d\u0443\u0442\u044b"},"schema":{"@context":"https:\/\/schema.org","@graph":[{"@type":"WebPage","@id":"https:\/\/www.sba.it\/ru\/%d1%85%d1%83%d0%b4%d0%be%d0%b6%d0%bd%d0%b8%d0%ba%d0%b8\/repin-biografia-quadri-in-vendita\/","url":"https:\/\/www.sba.it\/ru\/%d1%85%d1%83%d0%b4%d0%be%d0%b6%d0%bd%d0%b8%d0%ba%d0%b8\/repin-biografia-quadri-in-vendita\/","name":"R\u00e9pin Ilja Jesemovitch (1844-1930). Biografia. Quadri in vendita.","isPartOf":{"@id":"https:\/\/www.sba.it\/#website"},"primaryImageOfPage":{"@id":"https:\/\/www.sba.it\/ru\/%d1%85%d1%83%d0%b4%d0%be%d0%b6%d0%bd%d0%b8%d0%ba%d0%b8\/repin-biografia-quadri-in-vendita\/#primaryimage"},"image":{"@id":"https:\/\/www.sba.it\/ru\/%d1%85%d1%83%d0%b4%d0%be%d0%b6%d0%bd%d0%b8%d0%ba%d0%b8\/repin-biografia-quadri-in-vendita\/#primaryimage"},"thumbnailUrl":"https:\/\/www.sba.it\/wp-content\/uploads\/2017\/10\/images_artisti_Repin-biografia.jpg","datePublished":"2017-10-23T06:05:02+00:00","dateModified":"2019-04-29T09:17:51+00:00","description":"R\u00e9pin Ilja Jesemovitch leggi la vita del pittore russo del 900, vendita e acquisto online dipinti russi del 900 di R\u00e9pin Ilja Jesemovitch scopri come","breadcrumb":{"@id":"https:\/\/www.sba.it\/ru\/%d1%85%d1%83%d0%b4%d0%be%d0%b6%d0%bd%d0%b8%d0%ba%d0%b8\/repin-biografia-quadri-in-vendita\/#breadcrumb"},"inLanguage":"ru-RU","potentialAction":[{"@type":"ReadAction","target":["https:\/\/www.sba.it\/ru\/%d1%85%d1%83%d0%b4%d0%be%d0%b6%d0%bd%d0%b8%d0%ba%d0%b8\/repin-biografia-quadri-in-vendita\/"]}]},{"@type":"ImageObject","inLanguage":"ru-RU","@id":"https:\/\/www.sba.it\/ru\/%d1%85%d1%83%d0%b4%d0%be%d0%b6%d0%bd%d0%b8%d0%ba%d0%b8\/repin-biografia-quadri-in-vendita\/#primaryimage","url":"https:\/\/www.sba.it\/wp-content\/uploads\/2017\/10\/images_artisti_Repin-biografia.jpg","contentUrl":"https:\/\/www.sba.it\/wp-content\/uploads\/2017\/10\/images_artisti_Repin-biografia.jpg","width":300,"height":395,"caption":"Fotografia di Repin"},{"@type":"BreadcrumbList","@id":"https:\/\/www.sba.it\/ru\/%d1%85%d1%83%d0%b4%d0%be%d0%b6%d0%bd%d0%b8%d0%ba%d0%b8\/repin-biografia-quadri-in-vendita\/#breadcrumb","itemListElement":[{"@type":"ListItem","position":1,"name":"Home","item":"https:\/\/www.sba.it\/ru\/"},{"@type":"ListItem","position":2,"name":"\u0425\u0423\u0414\u041e\u0416\u041d\u0418\u041a\u0418","item":"https:\/\/www.sba.it\/ru\/%d1%85%d1%83%d0%b4%d0%be%d0%b6%d0%bd%d0%b8%d0%ba%d0%b8\/"},{"@type":"ListItem","position":3,"name":"R\u00e9pin Ilja Jesemovitch (1844-1930). Biografia."}]},{"@type":"WebSite","@id":"https:\/\/www.sba.it\/#website","url":"https:\/\/www.sba.it\/","name":"Societ\u00e0 di Belle Arti","description":"Quadri macchiaioli e del 800 e 900 in vendita","publisher":{"@id":"https:\/\/www.sba.it\/#organization"},"potentialAction":[{"@type":"SearchAction","target":{"@type":"EntryPoint","urlTemplate":"https:\/\/www.sba.it\/?s={search_term_string}"},"query-input":{"@type":"PropertyValueSpecification","valueRequired":true,"valueName":"search_term_string"}}],"inLanguage":"ru-RU"},{"@type":"Organization","@id":"https:\/\/www.sba.it\/#organization","name":"Societ\u00e0 di Belle Arti","url":"https:\/\/www.sba.it\/","logo":{"@type":"ImageObject","inLanguage":"ru-RU","@id":"https:\/\/www.sba.it\/#\/schema\/logo\/image\/","url":"https:\/\/www.sba.it\/wp-content\/uploads\/2019\/04\/Logo-rosso_nero.png","contentUrl":"https:\/\/www.sba.it\/wp-content\/uploads\/2019\/04\/Logo-rosso_nero.png","width":2532,"height":1137,"caption":"Societ\u00e0 di Belle Arti"},"image":{"@id":"https:\/\/www.sba.it\/#\/schema\/logo\/image\/"},"sameAs":["https:\/\/www.facebook.com\/pitturaitaliana800e900\/","https:\/\/x.com\/SocietaArti","https:\/\/www.instagram.com\/societadibellearti","https:\/\/www.linkedin.com\/in\/societ\u00e0-di-belle-arti-363aa8191\/","https:\/\/www.youtube.com\/channel\/UC6fJlk-ajwhsnEIICATyXaQ"]}]}},"_links":{"self":[{"href":"https:\/\/www.sba.it\/ru\/wp-json\/wp\/v2\/pages\/74901","targetHints":{"allow":["GET"]}}],"collection":[{"href":"https:\/\/www.sba.it\/ru\/wp-json\/wp\/v2\/pages"}],"about":[{"href":"https:\/\/www.sba.it\/ru\/wp-json\/wp\/v2\/types\/page"}],"author":[{"embeddable":true,"href":"https:\/\/www.sba.it\/ru\/wp-json\/wp\/v2\/users\/2"}],"replies":[{"embeddable":true,"href":"https:\/\/www.sba.it\/ru\/wp-json\/wp\/v2\/comments?post=74901"}],"version-history":[{"count":2,"href":"https:\/\/www.sba.it\/ru\/wp-json\/wp\/v2\/pages\/74901\/revisions"}],"predecessor-version":[{"id":79982,"href":"https:\/\/www.sba.it\/ru\/wp-json\/wp\/v2\/pages\/74901\/revisions\/79982"}],"up":[{"embeddable":true,"href":"https:\/\/www.sba.it\/ru\/wp-json\/wp\/v2\/pages\/73491"}],"wp:featuredmedia":[{"embeddable":true,"href":"https:\/\/www.sba.it\/ru\/wp-json\/wp\/v2\/media\/2877"}],"wp:attachment":[{"href":"https:\/\/www.sba.it\/ru\/wp-json\/wp\/v2\/media?parent=74901"}],"curies":[{"name":"wp","href":"https:\/\/api.w.org\/{rel}","templated":true}]}}