{"id":74847,"date":"2017-04-28T07:49:28","date_gmt":"2017-04-28T05:49:28","guid":{"rendered":"http:\/\/www.sba.it\/andreotti-libero-biografia-sculture-in-vendita-valutazione-stima-perizia-certificata-di-sculture-di-andreotti-libero\/"},"modified":"2020-10-01T10:50:10","modified_gmt":"2020-10-01T08:50:10","slug":"andreotti-libero-biografia-sculture-in-vendita-valutazione-stima-perizia-certificata-di-sculture-di-andreotti-libero","status":"publish","type":"page","link":"https:\/\/www.sba.it\/ru\/%d1%85%d1%83%d0%b4%d0%be%d0%b6%d0%bd%d0%b8%d0%ba%d0%b8\/andreotti-libero-biografia-sculture-in-vendita-valutazione-stima-perizia-certificata-di-sculture-di-andreotti-libero\/","title":{"rendered":"Andreotti Libero (1875-1934). Biografia. Sculture in vendita."},"content":{"rendered":"<p><img decoding=\"async\" class=\" alignleft size-full wp-image-2593\" style=\"margin-right: 20px; float: left;\" src=\"http:\/\/www.sba.it\/wp-content\/uploads\/2017\/04\/images_artisti_Libero-Andreotti-biografia.gif\" alt=\"Libero-Andreotti-biografia\" width=\"300\" height=\"208\" \/><\/p>\n<h3><\/h3>\n<p>Libero Andreotti nacque \u00a0a Pescia il 15 giugno 1875.<\/p>\n<p>Dagli otto ai diciassette anni lavor\u00f2 nell&#8217;officina di un fabbro, frequentando un corso per il conseguimento del diploma di maestro elementare.<\/p>\n<p>A Lucca incontr\u00f2 Alfredo Caselli e Giovanni Pascoli stimolano i suoi interessi artistici e culturali.<\/p>\n<p>Nel frattempo lo zio Ferruccio Orsi gli trov\u00f2 un impiego presso la Libreria Sandron di Palermo; qui lo assunse il Principe Tasca di Cut\u00f2 come redattore e illustratore del settimanale La battaglia.<\/p>\n<p>Nel 1899 si rec\u00f2 a Firenze dove inizi\u00f2 l&#8217;attivit\u00e0 di caricaturista, illustratore e pittore. Strinse amicizia con Enrico Sacchetti che gli dedic\u00f2 il libro <em>Vita d&#8217;artista<\/em> e con lo \u00a0scultore Mario Galli nel cui studio inizi\u00f2 a modellare piccole statuine colorate.<\/p>\n<p>Trasferitosi a Milano si occup\u00f2 di scultura, catturando l&#8217;attenzione del noto pittore <strong><a href=\"http:\/\/www.sba.it\/grubicy-de-dragon-vittore-biografia-quadri-in-vendita-postmacchiaioli-valutazione-stima-perizia-certificata-di-dipinti-di-grubicy-de-dragon-vittore\/\">Vittore Grubicy<\/a> <\/strong>che inizi\u00f2 ad occuparsi della sua carriera.<\/p>\n<p>Nel 1905 espose per la prima volta alla <a href=\"https:\/\/www.labiennale.org\/it\">Biennale di Venezia<\/a> e due anni dopo si stabil\u00ec a Parigi; qui present\u00f2 una quarantina di dipinti alla mostra sui divisionisti italiani organizzata dallo stesso Grubicy nella Serre de l&#8217;Alma.<\/p>\n<p>Nel 1911 si tenne la sua prima grande mostra alla Galerie Bernheim Jeune, dove espose 51 opere. Tre anni pi\u00f9 tardi, con lo scoppio della guerra, \u00a0decise di tornare a Firenze dove strinse una grande amicizia con Ugo Ojetti che lo introdusse nei maggiori centri artistici del Nord Italia.<\/p>\n<p>Molte delle opere eseguite tra il 1914 e il &#8217;21 furono acquistate da Ojetti che nel 1920 gli dedic\u00f2 un importante saggio su &#171;Dedalo&#187;.<\/p>\n<p>Nel 1923 spos\u00f2 Margherita Carpi. L&#8217;anno successivo esegu\u00ec il monumento ai caduti di Saronno, in maggio vinse il concorso per il monumento alla Madre italiana per la chiesa di Santa Croce a Firenze.<\/p>\n<p>Con <strong><a href=\"http:\/\/www.sba.it\/carena-felice-biografia-quadri-in-vendita-del-900-valutazione-stima-perizia-certificata-di-dipinti-di-carena-felice\/\">Carena<\/a><\/strong> e Alberto Magnelli, nel 1929 dette vita a Firenze ai &#171;mercoled\u00ec dell&#8217;antico Fattore&#187;, dal nome della trattoria punto di ritrovo di artisti, letterati e musicisti.<\/p>\n<p>L&#8217;anno seguente istitu\u00ec il premio letterario dell&#8217;Antico Fattore.<\/p>\n<p>Libero Andreotti mor\u00ec improvvisamente il 4 aprile 1934.<\/p>\n<p>&nbsp;<\/p>\n<h3 style=\"font-size: 12pt;\"><a href=\"https:\/\/www.sba.it\/ru\/%d1%81%d0%be%d0%b2%d0%b5%d1%80%d1%88%d0%b5%d0%bd%d1%81%d1%82%d0%b2%d0%b0\/\">CATALOGO OPERE\u00a0<\/a> | \u00a0<a href=\"https:\/\/www.sba.it\/ru\/%d0%bf%d1%80%d0%be%d0%b4%d0%b0%d1%82%d1%8c\/\">VUOI VENDERE O COMPRARE UN QUADRO DI QUESTO ARTISTA?<\/a><\/h3>\n<p><strong>BOOKSHOP:<\/strong><\/p>\n<p><a href=\"http:\/\/www.istitutomatteucci.it\/component\/hikashop\/product\/296-libero-andreotti-antonio-mariani-romano-dazzi-gli-anni-di-dedalo\"><img decoding=\"async\" class=\"alignleft size-medium wp-image-86768\" src=\"http:\/\/www.sba.it\/wp-content\/uploads\/2020\/10\/libero_andreotti__antonio_maraini__romano_dazzi__gli_anni_di_dedalo-300x300.jpg\" alt=\"Libero Andreotti quadri e libri in vendita\" width=\"300\" height=\"300\" srcset=\"https:\/\/www.sba.it\/wp-content\/uploads\/2020\/10\/libero_andreotti__antonio_maraini__romano_dazzi__gli_anni_di_dedalo-300x300.jpg 300w, https:\/\/www.sba.it\/wp-content\/uploads\/2020\/10\/libero_andreotti__antonio_maraini__romano_dazzi__gli_anni_di_dedalo-150x150.jpg 150w, https:\/\/www.sba.it\/wp-content\/uploads\/2020\/10\/libero_andreotti__antonio_maraini__romano_dazzi__gli_anni_di_dedalo.jpg 350w\" sizes=\"(max-width: 300px) 100vw, 300px\" \/><\/a><\/p>\n","protected":false},"excerpt":{"rendered":"<p>Libero Andreotti nacque \u00a0a Pescia il 15 giugno 1875. Dagli otto ai diciassette anni lavor\u00f2 nell&#8217;officina di un fabbro, frequentando [&hellip;]<\/p>\n","protected":false},"author":2,"featured_media":2596,"parent":73491,"menu_order":74,"comment_status":"closed","ping_status":"closed","template":"","meta":{"_monsterinsights_skip_tracking":false,"_monsterinsights_sitenote_active":false,"_monsterinsights_sitenote_note":"","_monsterinsights_sitenote_category":0,"footnotes":""},"class_list":["post-74847","page","type-page","status-publish","has-post-thumbnail","hentry","page_category-1277"],"yoast_head":"<!-- This site is optimized with the Yoast SEO plugin v27.3 - https:\/\/yoast.com\/product\/yoast-seo-wordpress\/ -->\n<title>Andreotti Libero (1875-1934). Biografia. Sculture in vendita.<\/title>\n<meta name=\"description\" content=\"Libero Andreotti leggi la vita dello scultore toscano del 900, vendita e acquisto online sculture del 900 di Libero Andreotti scopri come,\" \/>\n<meta name=\"robots\" content=\"index, follow, max-snippet:-1, max-image-preview:large, max-video-preview:-1\" \/>\n<link rel=\"canonical\" href=\"https:\/\/www.sba.it\/ru\/\u0445\u0443\u0434\u043e\u0436\u043d\u0438\u043a\u0438\/andreotti-libero-biografia-sculture-in-vendita-valutazione-stima-perizia-certificata-di-sculture-di-andreotti-libero\/\" \/>\n<meta property=\"og:locale\" content=\"ru_RU\" \/>\n<meta property=\"og:type\" content=\"article\" \/>\n<meta property=\"og:title\" content=\"Andreotti Libero (1875-1934). Biografia. Sculture in vendita.\" \/>\n<meta property=\"og:description\" content=\"Libero Andreotti leggi la vita dello scultore toscano del 900, vendita e acquisto online sculture del 900 di Libero Andreotti scopri come,\" \/>\n<meta property=\"og:url\" content=\"https:\/\/www.sba.it\/ru\/\u0445\u0443\u0434\u043e\u0436\u043d\u0438\u043a\u0438\/andreotti-libero-biografia-sculture-in-vendita-valutazione-stima-perizia-certificata-di-sculture-di-andreotti-libero\/\" \/>\n<meta property=\"og:site_name\" content=\"Societ\u00e0 di Belle Arti\" \/>\n<meta property=\"article:publisher\" content=\"https:\/\/www.facebook.com\/pitturaitaliana800e900\/\" \/>\n<meta property=\"article:modified_time\" content=\"2020-10-01T08:50:10+00:00\" \/>\n<meta property=\"og:image\" content=\"https:\/\/www.sba.it\/wp-content\/uploads\/2017\/04\/images_artisti_Libero-Andreotti-biografia.gif\" \/>\n\t<meta property=\"og:image:width\" content=\"300\" \/>\n\t<meta property=\"og:image:height\" content=\"208\" \/>\n\t<meta property=\"og:image:type\" content=\"image\/gif\" \/>\n<meta name=\"twitter:card\" content=\"summary_large_image\" \/>\n<meta name=\"twitter:site\" content=\"@SocietaArti\" \/>\n<meta name=\"twitter:label1\" content=\"\u041f\u0440\u0438\u043c\u0435\u0440\u043d\u043e\u0435 \u0432\u0440\u0435\u043c\u044f \u0434\u043b\u044f \u0447\u0442\u0435\u043d\u0438\u044f\" \/>\n\t<meta name=\"twitter:data1\" content=\"2 \u043c\u0438\u043d\u0443\u0442\u044b\" \/>\n<script type=\"application\/ld+json\" class=\"yoast-schema-graph\">{\"@context\":\"https:\\\/\\\/schema.org\",\"@graph\":[{\"@type\":\"WebPage\",\"@id\":\"https:\\\/\\\/www.sba.it\\\/ru\\\/%d1%85%d1%83%d0%b4%d0%be%d0%b6%d0%bd%d0%b8%d0%ba%d0%b8\\\/andreotti-libero-biografia-sculture-in-vendita-valutazione-stima-perizia-certificata-di-sculture-di-andreotti-libero\\\/\",\"url\":\"https:\\\/\\\/www.sba.it\\\/ru\\\/%d1%85%d1%83%d0%b4%d0%be%d0%b6%d0%bd%d0%b8%d0%ba%d0%b8\\\/andreotti-libero-biografia-sculture-in-vendita-valutazione-stima-perizia-certificata-di-sculture-di-andreotti-libero\\\/\",\"name\":\"Andreotti Libero (1875-1934). Biografia. Sculture in vendita.\",\"isPartOf\":{\"@id\":\"https:\\\/\\\/www.sba.it\\\/#website\"},\"primaryImageOfPage\":{\"@id\":\"https:\\\/\\\/www.sba.it\\\/ru\\\/%d1%85%d1%83%d0%b4%d0%be%d0%b6%d0%bd%d0%b8%d0%ba%d0%b8\\\/andreotti-libero-biografia-sculture-in-vendita-valutazione-stima-perizia-certificata-di-sculture-di-andreotti-libero\\\/#primaryimage\"},\"image\":{\"@id\":\"https:\\\/\\\/www.sba.it\\\/ru\\\/%d1%85%d1%83%d0%b4%d0%be%d0%b6%d0%bd%d0%b8%d0%ba%d0%b8\\\/andreotti-libero-biografia-sculture-in-vendita-valutazione-stima-perizia-certificata-di-sculture-di-andreotti-libero\\\/#primaryimage\"},\"thumbnailUrl\":\"https:\\\/\\\/www.sba.it\\\/wp-content\\\/uploads\\\/2017\\\/04\\\/images_artisti_Libero-Andreotti-biografia.gif\",\"datePublished\":\"2017-04-28T05:49:28+00:00\",\"dateModified\":\"2020-10-01T08:50:10+00:00\",\"description\":\"Libero Andreotti leggi la vita dello scultore toscano del 900, vendita e acquisto online sculture del 900 di Libero Andreotti scopri come,\",\"breadcrumb\":{\"@id\":\"https:\\\/\\\/www.sba.it\\\/ru\\\/%d1%85%d1%83%d0%b4%d0%be%d0%b6%d0%bd%d0%b8%d0%ba%d0%b8\\\/andreotti-libero-biografia-sculture-in-vendita-valutazione-stima-perizia-certificata-di-sculture-di-andreotti-libero\\\/#breadcrumb\"},\"inLanguage\":\"ru-RU\",\"potentialAction\":[{\"@type\":\"ReadAction\",\"target\":[\"https:\\\/\\\/www.sba.it\\\/ru\\\/%d1%85%d1%83%d0%b4%d0%be%d0%b6%d0%bd%d0%b8%d0%ba%d0%b8\\\/andreotti-libero-biografia-sculture-in-vendita-valutazione-stima-perizia-certificata-di-sculture-di-andreotti-libero\\\/\"]}]},{\"@type\":\"ImageObject\",\"inLanguage\":\"ru-RU\",\"@id\":\"https:\\\/\\\/www.sba.it\\\/ru\\\/%d1%85%d1%83%d0%b4%d0%be%d0%b6%d0%bd%d0%b8%d0%ba%d0%b8\\\/andreotti-libero-biografia-sculture-in-vendita-valutazione-stima-perizia-certificata-di-sculture-di-andreotti-libero\\\/#primaryimage\",\"url\":\"https:\\\/\\\/www.sba.it\\\/wp-content\\\/uploads\\\/2017\\\/04\\\/images_artisti_Libero-Andreotti-biografia.gif\",\"contentUrl\":\"https:\\\/\\\/www.sba.it\\\/wp-content\\\/uploads\\\/2017\\\/04\\\/images_artisti_Libero-Andreotti-biografia.gif\",\"width\":300,\"height\":208},{\"@type\":\"BreadcrumbList\",\"@id\":\"https:\\\/\\\/www.sba.it\\\/ru\\\/%d1%85%d1%83%d0%b4%d0%be%d0%b6%d0%bd%d0%b8%d0%ba%d0%b8\\\/andreotti-libero-biografia-sculture-in-vendita-valutazione-stima-perizia-certificata-di-sculture-di-andreotti-libero\\\/#breadcrumb\",\"itemListElement\":[{\"@type\":\"ListItem\",\"position\":1,\"name\":\"Home\",\"item\":\"https:\\\/\\\/www.sba.it\\\/ru\\\/\"},{\"@type\":\"ListItem\",\"position\":2,\"name\":\"\u0425\u0423\u0414\u041e\u0416\u041d\u0418\u041a\u0418\",\"item\":\"https:\\\/\\\/www.sba.it\\\/ru\\\/%d1%85%d1%83%d0%b4%d0%be%d0%b6%d0%bd%d0%b8%d0%ba%d0%b8\\\/\"},{\"@type\":\"ListItem\",\"position\":3,\"name\":\"Andreotti Libero (1875-1934). Biografia. Sculture in vendita.\"}]},{\"@type\":\"WebSite\",\"@id\":\"https:\\\/\\\/www.sba.it\\\/#website\",\"url\":\"https:\\\/\\\/www.sba.it\\\/\",\"name\":\"Societ\u00e0 di Belle Arti\",\"description\":\"Quadri macchiaioli e del 800 e 900 in vendita\",\"publisher\":{\"@id\":\"https:\\\/\\\/www.sba.it\\\/#organization\"},\"potentialAction\":[{\"@type\":\"SearchAction\",\"target\":{\"@type\":\"EntryPoint\",\"urlTemplate\":\"https:\\\/\\\/www.sba.it\\\/?s={search_term_string}\"},\"query-input\":{\"@type\":\"PropertyValueSpecification\",\"valueRequired\":true,\"valueName\":\"search_term_string\"}}],\"inLanguage\":\"ru-RU\"},{\"@type\":\"Organization\",\"@id\":\"https:\\\/\\\/www.sba.it\\\/#organization\",\"name\":\"Societ\u00e0 di Belle Arti\",\"url\":\"https:\\\/\\\/www.sba.it\\\/\",\"logo\":{\"@type\":\"ImageObject\",\"inLanguage\":\"ru-RU\",\"@id\":\"https:\\\/\\\/www.sba.it\\\/#\\\/schema\\\/logo\\\/image\\\/\",\"url\":\"https:\\\/\\\/www.sba.it\\\/wp-content\\\/uploads\\\/2019\\\/04\\\/Logo-rosso_nero.png\",\"contentUrl\":\"https:\\\/\\\/www.sba.it\\\/wp-content\\\/uploads\\\/2019\\\/04\\\/Logo-rosso_nero.png\",\"width\":2532,\"height\":1137,\"caption\":\"Societ\u00e0 di Belle Arti\"},\"image\":{\"@id\":\"https:\\\/\\\/www.sba.it\\\/#\\\/schema\\\/logo\\\/image\\\/\"},\"sameAs\":[\"https:\\\/\\\/www.facebook.com\\\/pitturaitaliana800e900\\\/\",\"https:\\\/\\\/x.com\\\/SocietaArti\",\"https:\\\/\\\/www.instagram.com\\\/societadibellearti\",\"https:\\\/\\\/www.linkedin.com\\\/in\\\/societ\u00e0-di-belle-arti-363aa8191\\\/\",\"https:\\\/\\\/www.youtube.com\\\/channel\\\/UC6fJlk-ajwhsnEIICATyXaQ\"]}]}<\/script>\n<!-- \/ Yoast SEO plugin. -->","yoast_head_json":{"title":"Andreotti Libero (1875-1934). Biografia. Sculture in vendita.","description":"Libero Andreotti leggi la vita dello scultore toscano del 900, vendita e acquisto online sculture del 900 di Libero Andreotti scopri come,","robots":{"index":"index","follow":"follow","max-snippet":"max-snippet:-1","max-image-preview":"max-image-preview:large","max-video-preview":"max-video-preview:-1"},"canonical":"https:\/\/www.sba.it\/ru\/\u0445\u0443\u0434\u043e\u0436\u043d\u0438\u043a\u0438\/andreotti-libero-biografia-sculture-in-vendita-valutazione-stima-perizia-certificata-di-sculture-di-andreotti-libero\/","og_locale":"ru_RU","og_type":"article","og_title":"Andreotti Libero (1875-1934). Biografia. Sculture in vendita.","og_description":"Libero Andreotti leggi la vita dello scultore toscano del 900, vendita e acquisto online sculture del 900 di Libero Andreotti scopri come,","og_url":"https:\/\/www.sba.it\/ru\/\u0445\u0443\u0434\u043e\u0436\u043d\u0438\u043a\u0438\/andreotti-libero-biografia-sculture-in-vendita-valutazione-stima-perizia-certificata-di-sculture-di-andreotti-libero\/","og_site_name":"Societ\u00e0 di Belle Arti","article_publisher":"https:\/\/www.facebook.com\/pitturaitaliana800e900\/","article_modified_time":"2020-10-01T08:50:10+00:00","og_image":[{"width":300,"height":208,"url":"https:\/\/www.sba.it\/wp-content\/uploads\/2017\/04\/images_artisti_Libero-Andreotti-biografia.gif","type":"image\/gif"}],"twitter_card":"summary_large_image","twitter_site":"@SocietaArti","twitter_misc":{"\u041f\u0440\u0438\u043c\u0435\u0440\u043d\u043e\u0435 \u0432\u0440\u0435\u043c\u044f \u0434\u043b\u044f \u0447\u0442\u0435\u043d\u0438\u044f":"2 \u043c\u0438\u043d\u0443\u0442\u044b"},"schema":{"@context":"https:\/\/schema.org","@graph":[{"@type":"WebPage","@id":"https:\/\/www.sba.it\/ru\/%d1%85%d1%83%d0%b4%d0%be%d0%b6%d0%bd%d0%b8%d0%ba%d0%b8\/andreotti-libero-biografia-sculture-in-vendita-valutazione-stima-perizia-certificata-di-sculture-di-andreotti-libero\/","url":"https:\/\/www.sba.it\/ru\/%d1%85%d1%83%d0%b4%d0%be%d0%b6%d0%bd%d0%b8%d0%ba%d0%b8\/andreotti-libero-biografia-sculture-in-vendita-valutazione-stima-perizia-certificata-di-sculture-di-andreotti-libero\/","name":"Andreotti Libero (1875-1934). Biografia. Sculture in vendita.","isPartOf":{"@id":"https:\/\/www.sba.it\/#website"},"primaryImageOfPage":{"@id":"https:\/\/www.sba.it\/ru\/%d1%85%d1%83%d0%b4%d0%be%d0%b6%d0%bd%d0%b8%d0%ba%d0%b8\/andreotti-libero-biografia-sculture-in-vendita-valutazione-stima-perizia-certificata-di-sculture-di-andreotti-libero\/#primaryimage"},"image":{"@id":"https:\/\/www.sba.it\/ru\/%d1%85%d1%83%d0%b4%d0%be%d0%b6%d0%bd%d0%b8%d0%ba%d0%b8\/andreotti-libero-biografia-sculture-in-vendita-valutazione-stima-perizia-certificata-di-sculture-di-andreotti-libero\/#primaryimage"},"thumbnailUrl":"https:\/\/www.sba.it\/wp-content\/uploads\/2017\/04\/images_artisti_Libero-Andreotti-biografia.gif","datePublished":"2017-04-28T05:49:28+00:00","dateModified":"2020-10-01T08:50:10+00:00","description":"Libero Andreotti leggi la vita dello scultore toscano del 900, vendita e acquisto online sculture del 900 di Libero Andreotti scopri come,","breadcrumb":{"@id":"https:\/\/www.sba.it\/ru\/%d1%85%d1%83%d0%b4%d0%be%d0%b6%d0%bd%d0%b8%d0%ba%d0%b8\/andreotti-libero-biografia-sculture-in-vendita-valutazione-stima-perizia-certificata-di-sculture-di-andreotti-libero\/#breadcrumb"},"inLanguage":"ru-RU","potentialAction":[{"@type":"ReadAction","target":["https:\/\/www.sba.it\/ru\/%d1%85%d1%83%d0%b4%d0%be%d0%b6%d0%bd%d0%b8%d0%ba%d0%b8\/andreotti-libero-biografia-sculture-in-vendita-valutazione-stima-perizia-certificata-di-sculture-di-andreotti-libero\/"]}]},{"@type":"ImageObject","inLanguage":"ru-RU","@id":"https:\/\/www.sba.it\/ru\/%d1%85%d1%83%d0%b4%d0%be%d0%b6%d0%bd%d0%b8%d0%ba%d0%b8\/andreotti-libero-biografia-sculture-in-vendita-valutazione-stima-perizia-certificata-di-sculture-di-andreotti-libero\/#primaryimage","url":"https:\/\/www.sba.it\/wp-content\/uploads\/2017\/04\/images_artisti_Libero-Andreotti-biografia.gif","contentUrl":"https:\/\/www.sba.it\/wp-content\/uploads\/2017\/04\/images_artisti_Libero-Andreotti-biografia.gif","width":300,"height":208},{"@type":"BreadcrumbList","@id":"https:\/\/www.sba.it\/ru\/%d1%85%d1%83%d0%b4%d0%be%d0%b6%d0%bd%d0%b8%d0%ba%d0%b8\/andreotti-libero-biografia-sculture-in-vendita-valutazione-stima-perizia-certificata-di-sculture-di-andreotti-libero\/#breadcrumb","itemListElement":[{"@type":"ListItem","position":1,"name":"Home","item":"https:\/\/www.sba.it\/ru\/"},{"@type":"ListItem","position":2,"name":"\u0425\u0423\u0414\u041e\u0416\u041d\u0418\u041a\u0418","item":"https:\/\/www.sba.it\/ru\/%d1%85%d1%83%d0%b4%d0%be%d0%b6%d0%bd%d0%b8%d0%ba%d0%b8\/"},{"@type":"ListItem","position":3,"name":"Andreotti Libero (1875-1934). Biografia. Sculture in vendita."}]},{"@type":"WebSite","@id":"https:\/\/www.sba.it\/#website","url":"https:\/\/www.sba.it\/","name":"Societ\u00e0 di Belle Arti","description":"Quadri macchiaioli e del 800 e 900 in vendita","publisher":{"@id":"https:\/\/www.sba.it\/#organization"},"potentialAction":[{"@type":"SearchAction","target":{"@type":"EntryPoint","urlTemplate":"https:\/\/www.sba.it\/?s={search_term_string}"},"query-input":{"@type":"PropertyValueSpecification","valueRequired":true,"valueName":"search_term_string"}}],"inLanguage":"ru-RU"},{"@type":"Organization","@id":"https:\/\/www.sba.it\/#organization","name":"Societ\u00e0 di Belle Arti","url":"https:\/\/www.sba.it\/","logo":{"@type":"ImageObject","inLanguage":"ru-RU","@id":"https:\/\/www.sba.it\/#\/schema\/logo\/image\/","url":"https:\/\/www.sba.it\/wp-content\/uploads\/2019\/04\/Logo-rosso_nero.png","contentUrl":"https:\/\/www.sba.it\/wp-content\/uploads\/2019\/04\/Logo-rosso_nero.png","width":2532,"height":1137,"caption":"Societ\u00e0 di Belle Arti"},"image":{"@id":"https:\/\/www.sba.it\/#\/schema\/logo\/image\/"},"sameAs":["https:\/\/www.facebook.com\/pitturaitaliana800e900\/","https:\/\/x.com\/SocietaArti","https:\/\/www.instagram.com\/societadibellearti","https:\/\/www.linkedin.com\/in\/societ\u00e0-di-belle-arti-363aa8191\/","https:\/\/www.youtube.com\/channel\/UC6fJlk-ajwhsnEIICATyXaQ"]}]}},"_links":{"self":[{"href":"https:\/\/www.sba.it\/ru\/wp-json\/wp\/v2\/pages\/74847","targetHints":{"allow":["GET"]}}],"collection":[{"href":"https:\/\/www.sba.it\/ru\/wp-json\/wp\/v2\/pages"}],"about":[{"href":"https:\/\/www.sba.it\/ru\/wp-json\/wp\/v2\/types\/page"}],"author":[{"embeddable":true,"href":"https:\/\/www.sba.it\/ru\/wp-json\/wp\/v2\/users\/2"}],"replies":[{"embeddable":true,"href":"https:\/\/www.sba.it\/ru\/wp-json\/wp\/v2\/comments?post=74847"}],"version-history":[{"count":6,"href":"https:\/\/www.sba.it\/ru\/wp-json\/wp\/v2\/pages\/74847\/revisions"}],"predecessor-version":[{"id":86774,"href":"https:\/\/www.sba.it\/ru\/wp-json\/wp\/v2\/pages\/74847\/revisions\/86774"}],"up":[{"embeddable":true,"href":"https:\/\/www.sba.it\/ru\/wp-json\/wp\/v2\/pages\/73491"}],"wp:featuredmedia":[{"embeddable":true,"href":"https:\/\/www.sba.it\/ru\/wp-json\/wp\/v2\/media\/2596"}],"wp:attachment":[{"href":"https:\/\/www.sba.it\/ru\/wp-json\/wp\/v2\/media?parent=74847"}],"curies":[{"name":"wp","href":"https:\/\/api.w.org\/{rel}","templated":true}]}}