{"id":74626,"date":"2016-10-17T08:38:30","date_gmt":"2016-10-17T06:38:30","guid":{"rendered":"http:\/\/www.sba.it\/sorbi-raffaello-biografia-quadri-in-vendita-valutazione-stima-perizia-certificata-di-dipinti-di-sorbi-raffaello\/"},"modified":"2019-05-15T10:46:34","modified_gmt":"2019-05-15T08:46:34","slug":"sorbi-raffaello-biografia-quadri-in-vendita-valutazione-stima-perizia-certificata-di-dipinti-di-sorbi-raffaello","status":"publish","type":"page","link":"https:\/\/www.sba.it\/ru\/%d1%85%d1%83%d0%b4%d0%be%d0%b6%d0%bd%d0%b8%d0%ba%d0%b8\/sorbi-raffaello-biografia-quadri-in-vendita-valutazione-stima-perizia-certificata-di-dipinti-di-sorbi-raffaello\/","title":{"rendered":"Sorbi Raffaello(1844-1931). Biografia. Quadri in vendita."},"content":{"rendered":"<p>&nbsp;<\/p>\n<p><img decoding=\"async\" class=\" alignleft size-full wp-image-2122\" style=\"margin-right: 20px; float: left;\" src=\"http:\/\/www.sba.it\/wp-content\/uploads\/2016\/10\/images_artisti_sorbi-raffaello-biografia-quadri-in-vendita.jpg\" alt=\"sorbi-raffaello-biografia-quadri-in-vendita\" width=\"300\" height=\"400\" srcset=\"https:\/\/www.sba.it\/wp-content\/uploads\/2016\/10\/images_artisti_sorbi-raffaello-biografia-quadri-in-vendita.jpg 300w, https:\/\/www.sba.it\/wp-content\/uploads\/2016\/10\/images_artisti_sorbi-raffaello-biografia-quadri-in-vendita-225x300.jpg 225w\" sizes=\"(max-width: 300px) 100vw, 300px\" \/>Raffaello Sorbi nacque il 26 febbraio a Firenze da Andrea, pittore e copista e Erminia Aglietti.<\/p>\n<p>Avendo dimostrato sin da giovanissimo una spiccata inclinazione per la pittura, il padre decise di iscriverlo all&#8217;<a href=\"http:\/\/www.accademia.firenze.it\/it\/\">Accademia delle Belle Arti<\/a> dove segu\u00ec i corsi di pittura.<\/p>\n<p>Nel 1861 present\u00f2 al concorso triennale &#171;<em>La morte di Corso Donati<\/em>&#187; vincendo il primo premio.<\/p>\n<p>Due anni pi\u00f9 tardi partecip\u00f2 \u00a0a una borsa di studio a Roma con il dipinto &#171;<em>Savonarola che spiegala bibbia ai monaci e ad amici nel Convento di S. Marco&#187;<\/em>; pur essendo il vincitore ne rifiut\u00f2 l&#8217;assegnazione, preferendo rimanere nella sua amata Firenze.<\/p>\n<p>Qui, frequentando saltuariamente \u00a0il Caff\u00e8 Michelangiolo, conobbe gli artisti <a href=\"https:\/\/www.sba.it\/ru\/%d0%bc%d0%b0%d0%ba%d0%ba%d1%8c%d1%8f%d0%b9%d0%be%d0%bb%d0%b8\/\">macchiaioli<\/a>\u00a0dai quali venne influenzato in alcuni lavori eseguiti all&#8217;aperto.<\/p>\n<p>Nel 1872 firm\u00f2 un contratto con il famoso mercante parigino Goupil che si assicur\u00f2 la quasi totalit\u00e0 della sua produzione per ben sette anni.<\/p>\n<p>Seguirono numerose partecipazioni ad esposizioni italiane e ai salon parigini.<\/p>\n<p>Nel 1903 vinse una medaglia d&#8217;argento all&#8217;Accademia di Belle Arti di Firenze con &#171;<em>Idillio romano<\/em>&#171;.<\/p>\n<p>Nel 1927 partecip\u00f2 all&#8217;Esposizione Nazionale a Palazzo Pitti con &#171;<em>La Muscia e l&#8217;aratro<\/em>&#171;.<\/p>\n<p>Tre anni pi\u00f9 tardi realizz\u00f2 per l&#8217;amico Enrico \u00a0Piceni il dipinto &#171;<em>Omaggio a <a href=\"https:\/\/www.sba.it\/ru\/giuseppe-de-nittis-biografia-quadri-in-vendita-valutazione-stima-perizia-certificata-di-dipinti-di-giuseppe-de-nittis\/\">De Nittis<\/a><\/em>&#171;, uno dei suoi ultimi lavori.<\/p>\n<p>Raffaello Sorbi mor\u00ec\u00a0 infatti a dicembre nel 1931.<\/p>\n<p>&nbsp;<\/p>\n<h3 style=\"font-size: 12pt;\"><a href=\"https:\/\/www.sba.it\/ru\/%d1%81%d0%be%d0%b2%d0%b5%d1%80%d1%88%d0%b5%d0%bd%d1%81%d1%82%d0%b2%d0%b0\/\">CATALOGO OPERE\u00a0<\/a> | \u00a0<a href=\"https:\/\/www.sba.it\/ru\/%d0%bf%d1%80%d0%be%d0%b4%d0%b0%d1%82%d1%8c\/\">VUOI VENDERE O COMPRARE UN QUADRO DI QUESTO ARTISTA?<\/a><\/h3>\n","protected":false},"excerpt":{"rendered":"<p>&nbsp; Raffaello Sorbi nacque il 26 febbraio a Firenze da Andrea, pittore e copista e Erminia Aglietti. Avendo dimostrato sin [&hellip;]<\/p>\n","protected":false},"author":2,"featured_media":2125,"parent":73491,"menu_order":91,"comment_status":"closed","ping_status":"closed","template":"","meta":{"_monsterinsights_skip_tracking":false,"_monsterinsights_sitenote_active":false,"_monsterinsights_sitenote_note":"","_monsterinsights_sitenote_category":0,"footnotes":""},"class_list":["post-74626","page","type-page","status-publish","has-post-thumbnail","hentry","page_category-1277"],"yoast_head":"<!-- This site is optimized with the Yoast SEO plugin v27.5 - https:\/\/yoast.com\/product\/yoast-seo-wordpress\/ -->\n<title>Sorbi Raffaello(1844-1931). Biografia. Quadri in vendita.<\/title>\n<meta name=\"description\" content=\"Raffaello Sorbi leggi la vita del pittore toscano del 900, vendita e acquisto online dipinti del 900 di Raffaello Sorbi scopri come,\" \/>\n<meta name=\"robots\" content=\"index, follow, max-snippet:-1, max-image-preview:large, max-video-preview:-1\" \/>\n<link rel=\"canonical\" href=\"https:\/\/www.sba.it\/ru\/\u0445\u0443\u0434\u043e\u0436\u043d\u0438\u043a\u0438\/sorbi-raffaello-biografia-quadri-in-vendita-valutazione-stima-perizia-certificata-di-dipinti-di-sorbi-raffaello\/\" \/>\n<meta property=\"og:locale\" content=\"ru_RU\" \/>\n<meta property=\"og:type\" content=\"article\" \/>\n<meta property=\"og:title\" content=\"Sorbi Raffaello(1844-1931). Biografia. Quadri in vendita.\" \/>\n<meta property=\"og:description\" content=\"Raffaello Sorbi leggi la vita del pittore toscano del 900, vendita e acquisto online dipinti del 900 di Raffaello Sorbi scopri come,\" \/>\n<meta property=\"og:url\" content=\"https:\/\/www.sba.it\/ru\/\u0445\u0443\u0434\u043e\u0436\u043d\u0438\u043a\u0438\/sorbi-raffaello-biografia-quadri-in-vendita-valutazione-stima-perizia-certificata-di-dipinti-di-sorbi-raffaello\/\" \/>\n<meta property=\"og:site_name\" content=\"Societ\u00e0 di Belle Arti\" \/>\n<meta property=\"article:publisher\" content=\"https:\/\/www.facebook.com\/pitturaitaliana800e900\/\" \/>\n<meta property=\"article:modified_time\" content=\"2019-05-15T08:46:34+00:00\" \/>\n<meta property=\"og:image\" content=\"https:\/\/www.sba.it\/wp-content\/uploads\/2016\/10\/images_artisti_sorbi-raffaello-biografia-quadri-in-vendita.jpg\" \/>\n\t<meta property=\"og:image:width\" content=\"300\" \/>\n\t<meta property=\"og:image:height\" content=\"400\" \/>\n\t<meta property=\"og:image:type\" content=\"image\/jpeg\" \/>\n<meta name=\"twitter:card\" content=\"summary_large_image\" \/>\n<meta name=\"twitter:site\" content=\"@SocietaArti\" \/>\n<meta name=\"twitter:label1\" content=\"\u041f\u0440\u0438\u043c\u0435\u0440\u043d\u043e\u0435 \u0432\u0440\u0435\u043c\u044f \u0434\u043b\u044f \u0447\u0442\u0435\u043d\u0438\u044f\" \/>\n\t<meta name=\"twitter:data1\" content=\"1 \u043c\u0438\u043d\u0443\u0442\u0430\" \/>\n<script type=\"application\/ld+json\" class=\"yoast-schema-graph\">{\"@context\":\"https:\\\/\\\/schema.org\",\"@graph\":[{\"@type\":\"WebPage\",\"@id\":\"https:\\\/\\\/www.sba.it\\\/ru\\\/%d1%85%d1%83%d0%b4%d0%be%d0%b6%d0%bd%d0%b8%d0%ba%d0%b8\\\/sorbi-raffaello-biografia-quadri-in-vendita-valutazione-stima-perizia-certificata-di-dipinti-di-sorbi-raffaello\\\/\",\"url\":\"https:\\\/\\\/www.sba.it\\\/ru\\\/%d1%85%d1%83%d0%b4%d0%be%d0%b6%d0%bd%d0%b8%d0%ba%d0%b8\\\/sorbi-raffaello-biografia-quadri-in-vendita-valutazione-stima-perizia-certificata-di-dipinti-di-sorbi-raffaello\\\/\",\"name\":\"Sorbi Raffaello(1844-1931). Biografia. Quadri in vendita.\",\"isPartOf\":{\"@id\":\"https:\\\/\\\/www.sba.it\\\/#website\"},\"primaryImageOfPage\":{\"@id\":\"https:\\\/\\\/www.sba.it\\\/ru\\\/%d1%85%d1%83%d0%b4%d0%be%d0%b6%d0%bd%d0%b8%d0%ba%d0%b8\\\/sorbi-raffaello-biografia-quadri-in-vendita-valutazione-stima-perizia-certificata-di-dipinti-di-sorbi-raffaello\\\/#primaryimage\"},\"image\":{\"@id\":\"https:\\\/\\\/www.sba.it\\\/ru\\\/%d1%85%d1%83%d0%b4%d0%be%d0%b6%d0%bd%d0%b8%d0%ba%d0%b8\\\/sorbi-raffaello-biografia-quadri-in-vendita-valutazione-stima-perizia-certificata-di-dipinti-di-sorbi-raffaello\\\/#primaryimage\"},\"thumbnailUrl\":\"https:\\\/\\\/www.sba.it\\\/wp-content\\\/uploads\\\/2016\\\/10\\\/images_artisti_sorbi-raffaello-biografia-quadri-in-vendita.jpg\",\"datePublished\":\"2016-10-17T06:38:30+00:00\",\"dateModified\":\"2019-05-15T08:46:34+00:00\",\"description\":\"Raffaello Sorbi leggi la vita del pittore toscano del 900, vendita e acquisto online dipinti del 900 di Raffaello Sorbi scopri come,\",\"breadcrumb\":{\"@id\":\"https:\\\/\\\/www.sba.it\\\/ru\\\/%d1%85%d1%83%d0%b4%d0%be%d0%b6%d0%bd%d0%b8%d0%ba%d0%b8\\\/sorbi-raffaello-biografia-quadri-in-vendita-valutazione-stima-perizia-certificata-di-dipinti-di-sorbi-raffaello\\\/#breadcrumb\"},\"inLanguage\":\"ru-RU\",\"potentialAction\":[{\"@type\":\"ReadAction\",\"target\":[\"https:\\\/\\\/www.sba.it\\\/ru\\\/%d1%85%d1%83%d0%b4%d0%be%d0%b6%d0%bd%d0%b8%d0%ba%d0%b8\\\/sorbi-raffaello-biografia-quadri-in-vendita-valutazione-stima-perizia-certificata-di-dipinti-di-sorbi-raffaello\\\/\"]}]},{\"@type\":\"ImageObject\",\"inLanguage\":\"ru-RU\",\"@id\":\"https:\\\/\\\/www.sba.it\\\/ru\\\/%d1%85%d1%83%d0%b4%d0%be%d0%b6%d0%bd%d0%b8%d0%ba%d0%b8\\\/sorbi-raffaello-biografia-quadri-in-vendita-valutazione-stima-perizia-certificata-di-dipinti-di-sorbi-raffaello\\\/#primaryimage\",\"url\":\"https:\\\/\\\/www.sba.it\\\/wp-content\\\/uploads\\\/2016\\\/10\\\/images_artisti_sorbi-raffaello-biografia-quadri-in-vendita.jpg\",\"contentUrl\":\"https:\\\/\\\/www.sba.it\\\/wp-content\\\/uploads\\\/2016\\\/10\\\/images_artisti_sorbi-raffaello-biografia-quadri-in-vendita.jpg\",\"width\":300,\"height\":400,\"caption\":\"autoritratto di raffaello sorbi\"},{\"@type\":\"BreadcrumbList\",\"@id\":\"https:\\\/\\\/www.sba.it\\\/ru\\\/%d1%85%d1%83%d0%b4%d0%be%d0%b6%d0%bd%d0%b8%d0%ba%d0%b8\\\/sorbi-raffaello-biografia-quadri-in-vendita-valutazione-stima-perizia-certificata-di-dipinti-di-sorbi-raffaello\\\/#breadcrumb\",\"itemListElement\":[{\"@type\":\"ListItem\",\"position\":1,\"name\":\"Home\",\"item\":\"https:\\\/\\\/www.sba.it\\\/ru\\\/\"},{\"@type\":\"ListItem\",\"position\":2,\"name\":\"\u0425\u0423\u0414\u041e\u0416\u041d\u0418\u041a\u0418\",\"item\":\"https:\\\/\\\/www.sba.it\\\/ru\\\/%d1%85%d1%83%d0%b4%d0%be%d0%b6%d0%bd%d0%b8%d0%ba%d0%b8\\\/\"},{\"@type\":\"ListItem\",\"position\":3,\"name\":\"Sorbi Raffaello(1844-1931). Biografia. Quadri in vendita.\"}]},{\"@type\":\"WebSite\",\"@id\":\"https:\\\/\\\/www.sba.it\\\/#website\",\"url\":\"https:\\\/\\\/www.sba.it\\\/\",\"name\":\"Societ\u00e0 di Belle Arti\",\"description\":\"Quadri macchiaioli e del 800 e 900 in vendita\",\"publisher\":{\"@id\":\"https:\\\/\\\/www.sba.it\\\/#organization\"},\"potentialAction\":[{\"@type\":\"SearchAction\",\"target\":{\"@type\":\"EntryPoint\",\"urlTemplate\":\"https:\\\/\\\/www.sba.it\\\/?s={search_term_string}\"},\"query-input\":{\"@type\":\"PropertyValueSpecification\",\"valueRequired\":true,\"valueName\":\"search_term_string\"}}],\"inLanguage\":\"ru-RU\"},{\"@type\":\"Organization\",\"@id\":\"https:\\\/\\\/www.sba.it\\\/#organization\",\"name\":\"Societ\u00e0 di Belle Arti\",\"url\":\"https:\\\/\\\/www.sba.it\\\/\",\"logo\":{\"@type\":\"ImageObject\",\"inLanguage\":\"ru-RU\",\"@id\":\"https:\\\/\\\/www.sba.it\\\/#\\\/schema\\\/logo\\\/image\\\/\",\"url\":\"https:\\\/\\\/www.sba.it\\\/wp-content\\\/uploads\\\/2019\\\/04\\\/Logo-rosso_nero.png\",\"contentUrl\":\"https:\\\/\\\/www.sba.it\\\/wp-content\\\/uploads\\\/2019\\\/04\\\/Logo-rosso_nero.png\",\"width\":2532,\"height\":1137,\"caption\":\"Societ\u00e0 di Belle Arti\"},\"image\":{\"@id\":\"https:\\\/\\\/www.sba.it\\\/#\\\/schema\\\/logo\\\/image\\\/\"},\"sameAs\":[\"https:\\\/\\\/www.facebook.com\\\/pitturaitaliana800e900\\\/\",\"https:\\\/\\\/x.com\\\/SocietaArti\",\"https:\\\/\\\/www.instagram.com\\\/societadibellearti\",\"https:\\\/\\\/www.linkedin.com\\\/in\\\/societ\u00e0-di-belle-arti-363aa8191\\\/\",\"https:\\\/\\\/www.youtube.com\\\/channel\\\/UC6fJlk-ajwhsnEIICATyXaQ\"]}]}<\/script>\n<!-- \/ Yoast SEO plugin. -->","yoast_head_json":{"title":"Sorbi Raffaello(1844-1931). Biografia. Quadri in vendita.","description":"Raffaello Sorbi leggi la vita del pittore toscano del 900, vendita e acquisto online dipinti del 900 di Raffaello Sorbi scopri come,","robots":{"index":"index","follow":"follow","max-snippet":"max-snippet:-1","max-image-preview":"max-image-preview:large","max-video-preview":"max-video-preview:-1"},"canonical":"https:\/\/www.sba.it\/ru\/\u0445\u0443\u0434\u043e\u0436\u043d\u0438\u043a\u0438\/sorbi-raffaello-biografia-quadri-in-vendita-valutazione-stima-perizia-certificata-di-dipinti-di-sorbi-raffaello\/","og_locale":"ru_RU","og_type":"article","og_title":"Sorbi Raffaello(1844-1931). Biografia. Quadri in vendita.","og_description":"Raffaello Sorbi leggi la vita del pittore toscano del 900, vendita e acquisto online dipinti del 900 di Raffaello Sorbi scopri come,","og_url":"https:\/\/www.sba.it\/ru\/\u0445\u0443\u0434\u043e\u0436\u043d\u0438\u043a\u0438\/sorbi-raffaello-biografia-quadri-in-vendita-valutazione-stima-perizia-certificata-di-dipinti-di-sorbi-raffaello\/","og_site_name":"Societ\u00e0 di Belle Arti","article_publisher":"https:\/\/www.facebook.com\/pitturaitaliana800e900\/","article_modified_time":"2019-05-15T08:46:34+00:00","og_image":[{"width":300,"height":400,"url":"https:\/\/www.sba.it\/wp-content\/uploads\/2016\/10\/images_artisti_sorbi-raffaello-biografia-quadri-in-vendita.jpg","type":"image\/jpeg"}],"twitter_card":"summary_large_image","twitter_site":"@SocietaArti","twitter_misc":{"\u041f\u0440\u0438\u043c\u0435\u0440\u043d\u043e\u0435 \u0432\u0440\u0435\u043c\u044f \u0434\u043b\u044f \u0447\u0442\u0435\u043d\u0438\u044f":"1 \u043c\u0438\u043d\u0443\u0442\u0430"},"schema":{"@context":"https:\/\/schema.org","@graph":[{"@type":"WebPage","@id":"https:\/\/www.sba.it\/ru\/%d1%85%d1%83%d0%b4%d0%be%d0%b6%d0%bd%d0%b8%d0%ba%d0%b8\/sorbi-raffaello-biografia-quadri-in-vendita-valutazione-stima-perizia-certificata-di-dipinti-di-sorbi-raffaello\/","url":"https:\/\/www.sba.it\/ru\/%d1%85%d1%83%d0%b4%d0%be%d0%b6%d0%bd%d0%b8%d0%ba%d0%b8\/sorbi-raffaello-biografia-quadri-in-vendita-valutazione-stima-perizia-certificata-di-dipinti-di-sorbi-raffaello\/","name":"Sorbi Raffaello(1844-1931). Biografia. Quadri in vendita.","isPartOf":{"@id":"https:\/\/www.sba.it\/#website"},"primaryImageOfPage":{"@id":"https:\/\/www.sba.it\/ru\/%d1%85%d1%83%d0%b4%d0%be%d0%b6%d0%bd%d0%b8%d0%ba%d0%b8\/sorbi-raffaello-biografia-quadri-in-vendita-valutazione-stima-perizia-certificata-di-dipinti-di-sorbi-raffaello\/#primaryimage"},"image":{"@id":"https:\/\/www.sba.it\/ru\/%d1%85%d1%83%d0%b4%d0%be%d0%b6%d0%bd%d0%b8%d0%ba%d0%b8\/sorbi-raffaello-biografia-quadri-in-vendita-valutazione-stima-perizia-certificata-di-dipinti-di-sorbi-raffaello\/#primaryimage"},"thumbnailUrl":"https:\/\/www.sba.it\/wp-content\/uploads\/2016\/10\/images_artisti_sorbi-raffaello-biografia-quadri-in-vendita.jpg","datePublished":"2016-10-17T06:38:30+00:00","dateModified":"2019-05-15T08:46:34+00:00","description":"Raffaello Sorbi leggi la vita del pittore toscano del 900, vendita e acquisto online dipinti del 900 di Raffaello Sorbi scopri come,","breadcrumb":{"@id":"https:\/\/www.sba.it\/ru\/%d1%85%d1%83%d0%b4%d0%be%d0%b6%d0%bd%d0%b8%d0%ba%d0%b8\/sorbi-raffaello-biografia-quadri-in-vendita-valutazione-stima-perizia-certificata-di-dipinti-di-sorbi-raffaello\/#breadcrumb"},"inLanguage":"ru-RU","potentialAction":[{"@type":"ReadAction","target":["https:\/\/www.sba.it\/ru\/%d1%85%d1%83%d0%b4%d0%be%d0%b6%d0%bd%d0%b8%d0%ba%d0%b8\/sorbi-raffaello-biografia-quadri-in-vendita-valutazione-stima-perizia-certificata-di-dipinti-di-sorbi-raffaello\/"]}]},{"@type":"ImageObject","inLanguage":"ru-RU","@id":"https:\/\/www.sba.it\/ru\/%d1%85%d1%83%d0%b4%d0%be%d0%b6%d0%bd%d0%b8%d0%ba%d0%b8\/sorbi-raffaello-biografia-quadri-in-vendita-valutazione-stima-perizia-certificata-di-dipinti-di-sorbi-raffaello\/#primaryimage","url":"https:\/\/www.sba.it\/wp-content\/uploads\/2016\/10\/images_artisti_sorbi-raffaello-biografia-quadri-in-vendita.jpg","contentUrl":"https:\/\/www.sba.it\/wp-content\/uploads\/2016\/10\/images_artisti_sorbi-raffaello-biografia-quadri-in-vendita.jpg","width":300,"height":400,"caption":"autoritratto di raffaello sorbi"},{"@type":"BreadcrumbList","@id":"https:\/\/www.sba.it\/ru\/%d1%85%d1%83%d0%b4%d0%be%d0%b6%d0%bd%d0%b8%d0%ba%d0%b8\/sorbi-raffaello-biografia-quadri-in-vendita-valutazione-stima-perizia-certificata-di-dipinti-di-sorbi-raffaello\/#breadcrumb","itemListElement":[{"@type":"ListItem","position":1,"name":"Home","item":"https:\/\/www.sba.it\/ru\/"},{"@type":"ListItem","position":2,"name":"\u0425\u0423\u0414\u041e\u0416\u041d\u0418\u041a\u0418","item":"https:\/\/www.sba.it\/ru\/%d1%85%d1%83%d0%b4%d0%be%d0%b6%d0%bd%d0%b8%d0%ba%d0%b8\/"},{"@type":"ListItem","position":3,"name":"Sorbi Raffaello(1844-1931). Biografia. Quadri in vendita."}]},{"@type":"WebSite","@id":"https:\/\/www.sba.it\/#website","url":"https:\/\/www.sba.it\/","name":"Societ\u00e0 di Belle Arti","description":"Quadri macchiaioli e del 800 e 900 in vendita","publisher":{"@id":"https:\/\/www.sba.it\/#organization"},"potentialAction":[{"@type":"SearchAction","target":{"@type":"EntryPoint","urlTemplate":"https:\/\/www.sba.it\/?s={search_term_string}"},"query-input":{"@type":"PropertyValueSpecification","valueRequired":true,"valueName":"search_term_string"}}],"inLanguage":"ru-RU"},{"@type":"Organization","@id":"https:\/\/www.sba.it\/#organization","name":"Societ\u00e0 di Belle Arti","url":"https:\/\/www.sba.it\/","logo":{"@type":"ImageObject","inLanguage":"ru-RU","@id":"https:\/\/www.sba.it\/#\/schema\/logo\/image\/","url":"https:\/\/www.sba.it\/wp-content\/uploads\/2019\/04\/Logo-rosso_nero.png","contentUrl":"https:\/\/www.sba.it\/wp-content\/uploads\/2019\/04\/Logo-rosso_nero.png","width":2532,"height":1137,"caption":"Societ\u00e0 di Belle Arti"},"image":{"@id":"https:\/\/www.sba.it\/#\/schema\/logo\/image\/"},"sameAs":["https:\/\/www.facebook.com\/pitturaitaliana800e900\/","https:\/\/x.com\/SocietaArti","https:\/\/www.instagram.com\/societadibellearti","https:\/\/www.linkedin.com\/in\/societ\u00e0-di-belle-arti-363aa8191\/","https:\/\/www.youtube.com\/channel\/UC6fJlk-ajwhsnEIICATyXaQ"]}]}},"_links":{"self":[{"href":"https:\/\/www.sba.it\/ru\/wp-json\/wp\/v2\/pages\/74626","targetHints":{"allow":["GET"]}}],"collection":[{"href":"https:\/\/www.sba.it\/ru\/wp-json\/wp\/v2\/pages"}],"about":[{"href":"https:\/\/www.sba.it\/ru\/wp-json\/wp\/v2\/types\/page"}],"author":[{"embeddable":true,"href":"https:\/\/www.sba.it\/ru\/wp-json\/wp\/v2\/users\/2"}],"replies":[{"embeddable":true,"href":"https:\/\/www.sba.it\/ru\/wp-json\/wp\/v2\/comments?post=74626"}],"version-history":[{"count":3,"href":"https:\/\/www.sba.it\/ru\/wp-json\/wp\/v2\/pages\/74626\/revisions"}],"predecessor-version":[{"id":83204,"href":"https:\/\/www.sba.it\/ru\/wp-json\/wp\/v2\/pages\/74626\/revisions\/83204"}],"up":[{"embeddable":true,"href":"https:\/\/www.sba.it\/ru\/wp-json\/wp\/v2\/pages\/73491"}],"wp:featuredmedia":[{"embeddable":true,"href":"https:\/\/www.sba.it\/ru\/wp-json\/wp\/v2\/media\/2125"}],"wp:attachment":[{"href":"https:\/\/www.sba.it\/ru\/wp-json\/wp\/v2\/media?parent=74626"}],"curies":[{"name":"wp","href":"https:\/\/api.w.org\/{rel}","templated":true}]}}