{"id":74501,"date":"2016-02-04T10:36:11","date_gmt":"2016-02-04T09:36:11","guid":{"rendered":"http:\/\/www.sba.it\/tito-ettore-vendita-quadri-e-dipinti-di-ettore-tito-societa-di-belle-arti\/"},"modified":"2019-05-16T11:09:35","modified_gmt":"2019-05-16T09:09:35","slug":"tito-ettore-vendita-quadri-e-dipinti-di-ettore-tito-societa-di-belle-arti","status":"publish","type":"page","link":"https:\/\/www.sba.it\/ru\/%d1%85%d1%83%d0%b4%d0%be%d0%b6%d0%bd%d0%b8%d0%ba%d0%b8\/tito-ettore-vendita-quadri-e-dipinti-di-ettore-tito-societa-di-belle-arti\/","title":{"rendered":"Tito Ettore (1859-1941). Biografia. Quadri in vendita."},"content":{"rendered":"<p><img decoding=\"async\" class=\" alignleft size-full wp-image-1908\" style=\"margin-right: 20px; float: left;\" src=\"http:\/\/www.sba.it\/wp-content\/uploads\/2016\/02\/images_artisti_titooooooooooooooooooo.jpg\" alt=\"titooooooooooooooooooo\" width=\"300\" height=\"419\" srcset=\"https:\/\/www.sba.it\/wp-content\/uploads\/2016\/02\/images_artisti_titooooooooooooooooooo.jpg 300w, https:\/\/www.sba.it\/wp-content\/uploads\/2016\/02\/images_artisti_titooooooooooooooooooo-215x300.jpg 215w\" sizes=\"(max-width: 300px) 100vw, 300px\" \/><\/p>\n<p style=\"text-align: justify;\">Ettore Tito nacque\u00a0 \u00a0a Castellammare di Stabia il 17 dicembre 1859.<\/p>\n<p style=\"text-align: justify;\">Con la madre e i fratelli si trasfer\u00ec nel 1867 a Venezia.<\/p>\n<p style=\"text-align: justify;\">Qui\u00a0 frequent\u00f2 l&#8217;<a href=\"http:\/\/www.accademiavenezia.it\/\">Accademia di Belle Arti<\/a> dall&#8217;et\u00e0 di 12 anni grazie alle sue straordinarie capacit\u00e0 artistiche.<\/p>\n<p style=\"text-align: justify;\">Suoi maestri furono Giulio D&#8217;Andrea, Napoleone Nani e Pompeo Mariani Molmenti.<\/p>\n<p style=\"text-align: justify;\">Nel 1876 si diplom\u00f2 a pieni voti.<\/p>\n<p style=\"text-align: justify;\">Negli anni successivi, con il compagno di studi Pietro Fragiacomo, dipingeva dal vero traendo ispirazione dalle calli veneziane, dai sestrieri e dalle isole pi\u00f9 lontane.<\/p>\n<p>Nel frattempo strinse amicizia con Cecilia Van Haanen che, insieme a Ludwig Passini e Eugenio De Blaas rappresentavano gli stranieri le cui vedute di Venezia erano molto apprezzate all&#8217;estero.<\/p>\n<p style=\"text-align: justify;\">La sua prima partecipazione all&#8217;Esposizione Nazionale di Belle Arti di Brera fu nel 1882 dove espose Fondamenta di Venezia.<\/p>\n<p style=\"text-align: justify;\">Tra il 1885 e il 1889, probabilmente con l&#8217;aiuto di Molmenti, cominci\u00f2 a frequentare il salotto dei conti Nicola e Angelo Papadopoli.<\/p>\n<p style=\"text-align: justify;\">Esegu\u00ec\u00a0 numerosi ritratti delle signore di famiglia (Dama in rosa, Le gemelle Vera e Magda bambine etc.) e caricature di familiari e dei loro ospiti.<\/p>\n<p style=\"text-align: justify;\">La sua prima partecipazione straniera fu all\u2019Esposizione di Berlino del 1886.<\/p>\n<p style=\"text-align: justify;\">Divenne\u00a0 professore di figura \u00a0all&#8217;Accademia di Belle Arti di Venezia nel 1895.<\/p>\n<p style=\"text-align: justify;\">La\u00a0 sua presenza alle Biennali veneziane fu costante.<\/p>\n<p style=\"text-align: justify;\">Nel 1895 infatti\u00a0 present\u00f2 Processione e La ruota della Fortuna, un&#8217;opera simbolista che cre\u00f2 scandalo per il sensuale realismo dei nudi.<\/p>\n<p style=\"text-align: justify;\">Sei anni piu tardi present\u00f2\u00a0 Biancheria al vento, Chioggia e Sulla diga, opere dal solare carattere mediterraneo.<\/p>\n<p style=\"text-align: justify;\">L&#8217;anno successivo nacque \u00a0il primogenito Mario che diventer\u00e0 collezionista delle opere del padre riacquistandole dopo la sua morte.<\/p>\n<p style=\"text-align: justify;\">Quattro anni dopo, in occasione dei festeggiamenti per l\u2019apertura del nuovo valico del Sempione, \u00a0Milano dedic\u00f2 al pittore la sua prima sala personale a un&#8217;esposizione di Belle Arti.<\/p>\n<p style=\"text-align: justify;\">Tra le opere esposte\u00a0 si ricordi il celebre ritratto della moglie, L&#8217;Amazzone, che lo fece ammirare come ritrattista.<\/p>\n<p style=\"text-align: justify;\">A questo si aggiunse una grande tela rappresentante una scena bacchica, Baccanale, \u00a0acquistata poi dalla Galleria d&#8217;Arte Moderna di Milano.<\/p>\n<p style=\"text-align: justify;\">Un\u2019opera simile fu dipinta nello stesso periodo da Tito nella sala da pranzo della propria dimora.<\/p>\n<p style=\"text-align: justify;\">\u00a0Nel 1907 il mercante Ferruccio Stefani organizz\u00f2 una personale a Buenos Aires.<\/p>\n<p style=\"text-align: justify;\">Lo fece cos\u00ec conoscere ad acquirenti argentini tra cui il Museo di Buenos Aires che acquister\u00e0 nel 1922 la Deposizione.<\/p>\n<p style=\"text-align: justify;\">Nel 1927 lasci\u00f2 l&#8217;insegnamento accademico avendo cos\u00ec pi\u00f9 tempo per dipingere e suonare il pianoforte.<\/p>\n<p style=\"text-align: justify;\">La passione per la musica entr\u00f2 anche a soggetto dei quadri e infatti disegn\u00f2 spesso situazioni musicali (Canzone triste, Preludio, Musica, Sarabanda).<\/p>\n<p style=\"text-align: justify;\">Ettore Tito mor\u00ec a Venezia \u00a0nel 1941 per una grave infezione.<\/p>\n<p>&nbsp;<\/p>\n<h3 style=\"font-size: 12pt;\"><a href=\"https:\/\/www.sba.it\/ru\/%d1%81%d0%be%d0%b2%d0%b5%d1%80%d1%88%d0%b5%d0%bd%d1%81%d1%82%d0%b2%d0%b0\/\">CATALOGO OPERE\u00a0<\/a> | \u00a0<a href=\"https:\/\/www.sba.it\/ru\/%d0%bf%d1%80%d0%be%d0%b4%d0%b0%d1%82%d1%8c\/\">VUOI VENDERE O COMPRARE UN QUADRO DI QUESTO ARTISTA?<\/a><\/h3>\n","protected":false},"excerpt":{"rendered":"<p>Ettore Tito nacque\u00a0 \u00a0a Castellammare di Stabia il 17 dicembre 1859. Con la madre e i fratelli si trasfer\u00ec nel [&hellip;]<\/p>\n","protected":false},"author":2,"featured_media":1911,"parent":73491,"menu_order":98,"comment_status":"closed","ping_status":"closed","template":"","meta":{"_monsterinsights_skip_tracking":false,"_monsterinsights_sitenote_active":false,"_monsterinsights_sitenote_note":"","_monsterinsights_sitenote_category":0,"footnotes":""},"class_list":["post-74501","page","type-page","status-publish","has-post-thumbnail","hentry","page_category-1277"],"yoast_head":"<!-- This site is optimized with the Yoast SEO plugin v27.5 - https:\/\/yoast.com\/product\/yoast-seo-wordpress\/ -->\n<title>Tito Ettore (1859-1941). Biografia. Quadri in vendita.<\/title>\n<meta name=\"description\" content=\"Ettore Tito leggi la vita del pittore napoletano dell&#039;800, vendita e acquisto online quadri napoletani dell&#039;800 scopri come, dove comprare Ettore Tito\" \/>\n<meta name=\"robots\" content=\"index, follow, max-snippet:-1, max-image-preview:large, max-video-preview:-1\" \/>\n<link rel=\"canonical\" href=\"https:\/\/www.sba.it\/ru\/\u0445\u0443\u0434\u043e\u0436\u043d\u0438\u043a\u0438\/tito-ettore-vendita-quadri-e-dipinti-di-ettore-tito-societa-di-belle-arti\/\" \/>\n<meta property=\"og:locale\" content=\"ru_RU\" \/>\n<meta property=\"og:type\" content=\"article\" \/>\n<meta property=\"og:title\" content=\"Tito Ettore (1859-1941). Biografia. Quadri in vendita.\" \/>\n<meta property=\"og:description\" content=\"Ettore Tito leggi la vita del pittore napoletano dell&#039;800, vendita e acquisto online quadri napoletani dell&#039;800 scopri come, dove comprare Ettore Tito\" \/>\n<meta property=\"og:url\" content=\"https:\/\/www.sba.it\/ru\/\u0445\u0443\u0434\u043e\u0436\u043d\u0438\u043a\u0438\/tito-ettore-vendita-quadri-e-dipinti-di-ettore-tito-societa-di-belle-arti\/\" \/>\n<meta property=\"og:site_name\" content=\"Societ\u00e0 di Belle Arti\" \/>\n<meta property=\"article:publisher\" content=\"https:\/\/www.facebook.com\/pitturaitaliana800e900\/\" \/>\n<meta property=\"article:modified_time\" content=\"2019-05-16T09:09:35+00:00\" \/>\n<meta property=\"og:image\" content=\"https:\/\/www.sba.it\/wp-content\/uploads\/2016\/02\/images_artisti_titooooooooooooooooooo.jpg\" \/>\n\t<meta property=\"og:image:width\" content=\"300\" \/>\n\t<meta property=\"og:image:height\" content=\"419\" \/>\n\t<meta property=\"og:image:type\" content=\"image\/jpeg\" \/>\n<meta name=\"twitter:card\" content=\"summary_large_image\" \/>\n<meta name=\"twitter:site\" content=\"@SocietaArti\" \/>\n<meta name=\"twitter:label1\" content=\"\u041f\u0440\u0438\u043c\u0435\u0440\u043d\u043e\u0435 \u0432\u0440\u0435\u043c\u044f \u0434\u043b\u044f \u0447\u0442\u0435\u043d\u0438\u044f\" \/>\n\t<meta name=\"twitter:data1\" content=\"2 \u043c\u0438\u043d\u0443\u0442\u044b\" \/>\n<script type=\"application\/ld+json\" class=\"yoast-schema-graph\">{\"@context\":\"https:\\\/\\\/schema.org\",\"@graph\":[{\"@type\":\"WebPage\",\"@id\":\"https:\\\/\\\/www.sba.it\\\/ru\\\/%d1%85%d1%83%d0%b4%d0%be%d0%b6%d0%bd%d0%b8%d0%ba%d0%b8\\\/tito-ettore-vendita-quadri-e-dipinti-di-ettore-tito-societa-di-belle-arti\\\/\",\"url\":\"https:\\\/\\\/www.sba.it\\\/ru\\\/%d1%85%d1%83%d0%b4%d0%be%d0%b6%d0%bd%d0%b8%d0%ba%d0%b8\\\/tito-ettore-vendita-quadri-e-dipinti-di-ettore-tito-societa-di-belle-arti\\\/\",\"name\":\"Tito Ettore (1859-1941). Biografia. Quadri in vendita.\",\"isPartOf\":{\"@id\":\"https:\\\/\\\/www.sba.it\\\/#website\"},\"primaryImageOfPage\":{\"@id\":\"https:\\\/\\\/www.sba.it\\\/ru\\\/%d1%85%d1%83%d0%b4%d0%be%d0%b6%d0%bd%d0%b8%d0%ba%d0%b8\\\/tito-ettore-vendita-quadri-e-dipinti-di-ettore-tito-societa-di-belle-arti\\\/#primaryimage\"},\"image\":{\"@id\":\"https:\\\/\\\/www.sba.it\\\/ru\\\/%d1%85%d1%83%d0%b4%d0%be%d0%b6%d0%bd%d0%b8%d0%ba%d0%b8\\\/tito-ettore-vendita-quadri-e-dipinti-di-ettore-tito-societa-di-belle-arti\\\/#primaryimage\"},\"thumbnailUrl\":\"https:\\\/\\\/www.sba.it\\\/wp-content\\\/uploads\\\/2016\\\/02\\\/images_artisti_titooooooooooooooooooo.jpg\",\"datePublished\":\"2016-02-04T09:36:11+00:00\",\"dateModified\":\"2019-05-16T09:09:35+00:00\",\"description\":\"Ettore Tito leggi la vita del pittore napoletano dell'800, vendita e acquisto online quadri napoletani dell'800 scopri come, dove comprare Ettore Tito\",\"breadcrumb\":{\"@id\":\"https:\\\/\\\/www.sba.it\\\/ru\\\/%d1%85%d1%83%d0%b4%d0%be%d0%b6%d0%bd%d0%b8%d0%ba%d0%b8\\\/tito-ettore-vendita-quadri-e-dipinti-di-ettore-tito-societa-di-belle-arti\\\/#breadcrumb\"},\"inLanguage\":\"ru-RU\",\"potentialAction\":[{\"@type\":\"ReadAction\",\"target\":[\"https:\\\/\\\/www.sba.it\\\/ru\\\/%d1%85%d1%83%d0%b4%d0%be%d0%b6%d0%bd%d0%b8%d0%ba%d0%b8\\\/tito-ettore-vendita-quadri-e-dipinti-di-ettore-tito-societa-di-belle-arti\\\/\"]}]},{\"@type\":\"ImageObject\",\"inLanguage\":\"ru-RU\",\"@id\":\"https:\\\/\\\/www.sba.it\\\/ru\\\/%d1%85%d1%83%d0%b4%d0%be%d0%b6%d0%bd%d0%b8%d0%ba%d0%b8\\\/tito-ettore-vendita-quadri-e-dipinti-di-ettore-tito-societa-di-belle-arti\\\/#primaryimage\",\"url\":\"https:\\\/\\\/www.sba.it\\\/wp-content\\\/uploads\\\/2016\\\/02\\\/images_artisti_titooooooooooooooooooo.jpg\",\"contentUrl\":\"https:\\\/\\\/www.sba.it\\\/wp-content\\\/uploads\\\/2016\\\/02\\\/images_artisti_titooooooooooooooooooo.jpg\",\"width\":300,\"height\":419,\"caption\":\"foto di ettore tito\"},{\"@type\":\"BreadcrumbList\",\"@id\":\"https:\\\/\\\/www.sba.it\\\/ru\\\/%d1%85%d1%83%d0%b4%d0%be%d0%b6%d0%bd%d0%b8%d0%ba%d0%b8\\\/tito-ettore-vendita-quadri-e-dipinti-di-ettore-tito-societa-di-belle-arti\\\/#breadcrumb\",\"itemListElement\":[{\"@type\":\"ListItem\",\"position\":1,\"name\":\"Home\",\"item\":\"https:\\\/\\\/www.sba.it\\\/ru\\\/\"},{\"@type\":\"ListItem\",\"position\":2,\"name\":\"\u0425\u0423\u0414\u041e\u0416\u041d\u0418\u041a\u0418\",\"item\":\"https:\\\/\\\/www.sba.it\\\/ru\\\/%d1%85%d1%83%d0%b4%d0%be%d0%b6%d0%bd%d0%b8%d0%ba%d0%b8\\\/\"},{\"@type\":\"ListItem\",\"position\":3,\"name\":\"Tito Ettore (1859-1941). Biografia. Quadri in vendita.\"}]},{\"@type\":\"WebSite\",\"@id\":\"https:\\\/\\\/www.sba.it\\\/#website\",\"url\":\"https:\\\/\\\/www.sba.it\\\/\",\"name\":\"Societ\u00e0 di Belle Arti\",\"description\":\"Quadri macchiaioli e del 800 e 900 in vendita\",\"publisher\":{\"@id\":\"https:\\\/\\\/www.sba.it\\\/#organization\"},\"potentialAction\":[{\"@type\":\"SearchAction\",\"target\":{\"@type\":\"EntryPoint\",\"urlTemplate\":\"https:\\\/\\\/www.sba.it\\\/?s={search_term_string}\"},\"query-input\":{\"@type\":\"PropertyValueSpecification\",\"valueRequired\":true,\"valueName\":\"search_term_string\"}}],\"inLanguage\":\"ru-RU\"},{\"@type\":\"Organization\",\"@id\":\"https:\\\/\\\/www.sba.it\\\/#organization\",\"name\":\"Societ\u00e0 di Belle Arti\",\"url\":\"https:\\\/\\\/www.sba.it\\\/\",\"logo\":{\"@type\":\"ImageObject\",\"inLanguage\":\"ru-RU\",\"@id\":\"https:\\\/\\\/www.sba.it\\\/#\\\/schema\\\/logo\\\/image\\\/\",\"url\":\"https:\\\/\\\/www.sba.it\\\/wp-content\\\/uploads\\\/2019\\\/04\\\/Logo-rosso_nero.png\",\"contentUrl\":\"https:\\\/\\\/www.sba.it\\\/wp-content\\\/uploads\\\/2019\\\/04\\\/Logo-rosso_nero.png\",\"width\":2532,\"height\":1137,\"caption\":\"Societ\u00e0 di Belle Arti\"},\"image\":{\"@id\":\"https:\\\/\\\/www.sba.it\\\/#\\\/schema\\\/logo\\\/image\\\/\"},\"sameAs\":[\"https:\\\/\\\/www.facebook.com\\\/pitturaitaliana800e900\\\/\",\"https:\\\/\\\/x.com\\\/SocietaArti\",\"https:\\\/\\\/www.instagram.com\\\/societadibellearti\",\"https:\\\/\\\/www.linkedin.com\\\/in\\\/societ\u00e0-di-belle-arti-363aa8191\\\/\",\"https:\\\/\\\/www.youtube.com\\\/channel\\\/UC6fJlk-ajwhsnEIICATyXaQ\"]}]}<\/script>\n<!-- \/ Yoast SEO plugin. -->","yoast_head_json":{"title":"Tito Ettore (1859-1941). Biografia. Quadri in vendita.","description":"Ettore Tito leggi la vita del pittore napoletano dell'800, vendita e acquisto online quadri napoletani dell'800 scopri come, dove comprare Ettore Tito","robots":{"index":"index","follow":"follow","max-snippet":"max-snippet:-1","max-image-preview":"max-image-preview:large","max-video-preview":"max-video-preview:-1"},"canonical":"https:\/\/www.sba.it\/ru\/\u0445\u0443\u0434\u043e\u0436\u043d\u0438\u043a\u0438\/tito-ettore-vendita-quadri-e-dipinti-di-ettore-tito-societa-di-belle-arti\/","og_locale":"ru_RU","og_type":"article","og_title":"Tito Ettore (1859-1941). Biografia. Quadri in vendita.","og_description":"Ettore Tito leggi la vita del pittore napoletano dell'800, vendita e acquisto online quadri napoletani dell'800 scopri come, dove comprare Ettore Tito","og_url":"https:\/\/www.sba.it\/ru\/\u0445\u0443\u0434\u043e\u0436\u043d\u0438\u043a\u0438\/tito-ettore-vendita-quadri-e-dipinti-di-ettore-tito-societa-di-belle-arti\/","og_site_name":"Societ\u00e0 di Belle Arti","article_publisher":"https:\/\/www.facebook.com\/pitturaitaliana800e900\/","article_modified_time":"2019-05-16T09:09:35+00:00","og_image":[{"width":300,"height":419,"url":"https:\/\/www.sba.it\/wp-content\/uploads\/2016\/02\/images_artisti_titooooooooooooooooooo.jpg","type":"image\/jpeg"}],"twitter_card":"summary_large_image","twitter_site":"@SocietaArti","twitter_misc":{"\u041f\u0440\u0438\u043c\u0435\u0440\u043d\u043e\u0435 \u0432\u0440\u0435\u043c\u044f \u0434\u043b\u044f \u0447\u0442\u0435\u043d\u0438\u044f":"2 \u043c\u0438\u043d\u0443\u0442\u044b"},"schema":{"@context":"https:\/\/schema.org","@graph":[{"@type":"WebPage","@id":"https:\/\/www.sba.it\/ru\/%d1%85%d1%83%d0%b4%d0%be%d0%b6%d0%bd%d0%b8%d0%ba%d0%b8\/tito-ettore-vendita-quadri-e-dipinti-di-ettore-tito-societa-di-belle-arti\/","url":"https:\/\/www.sba.it\/ru\/%d1%85%d1%83%d0%b4%d0%be%d0%b6%d0%bd%d0%b8%d0%ba%d0%b8\/tito-ettore-vendita-quadri-e-dipinti-di-ettore-tito-societa-di-belle-arti\/","name":"Tito Ettore (1859-1941). Biografia. Quadri in vendita.","isPartOf":{"@id":"https:\/\/www.sba.it\/#website"},"primaryImageOfPage":{"@id":"https:\/\/www.sba.it\/ru\/%d1%85%d1%83%d0%b4%d0%be%d0%b6%d0%bd%d0%b8%d0%ba%d0%b8\/tito-ettore-vendita-quadri-e-dipinti-di-ettore-tito-societa-di-belle-arti\/#primaryimage"},"image":{"@id":"https:\/\/www.sba.it\/ru\/%d1%85%d1%83%d0%b4%d0%be%d0%b6%d0%bd%d0%b8%d0%ba%d0%b8\/tito-ettore-vendita-quadri-e-dipinti-di-ettore-tito-societa-di-belle-arti\/#primaryimage"},"thumbnailUrl":"https:\/\/www.sba.it\/wp-content\/uploads\/2016\/02\/images_artisti_titooooooooooooooooooo.jpg","datePublished":"2016-02-04T09:36:11+00:00","dateModified":"2019-05-16T09:09:35+00:00","description":"Ettore Tito leggi la vita del pittore napoletano dell'800, vendita e acquisto online quadri napoletani dell'800 scopri come, dove comprare Ettore Tito","breadcrumb":{"@id":"https:\/\/www.sba.it\/ru\/%d1%85%d1%83%d0%b4%d0%be%d0%b6%d0%bd%d0%b8%d0%ba%d0%b8\/tito-ettore-vendita-quadri-e-dipinti-di-ettore-tito-societa-di-belle-arti\/#breadcrumb"},"inLanguage":"ru-RU","potentialAction":[{"@type":"ReadAction","target":["https:\/\/www.sba.it\/ru\/%d1%85%d1%83%d0%b4%d0%be%d0%b6%d0%bd%d0%b8%d0%ba%d0%b8\/tito-ettore-vendita-quadri-e-dipinti-di-ettore-tito-societa-di-belle-arti\/"]}]},{"@type":"ImageObject","inLanguage":"ru-RU","@id":"https:\/\/www.sba.it\/ru\/%d1%85%d1%83%d0%b4%d0%be%d0%b6%d0%bd%d0%b8%d0%ba%d0%b8\/tito-ettore-vendita-quadri-e-dipinti-di-ettore-tito-societa-di-belle-arti\/#primaryimage","url":"https:\/\/www.sba.it\/wp-content\/uploads\/2016\/02\/images_artisti_titooooooooooooooooooo.jpg","contentUrl":"https:\/\/www.sba.it\/wp-content\/uploads\/2016\/02\/images_artisti_titooooooooooooooooooo.jpg","width":300,"height":419,"caption":"foto di ettore tito"},{"@type":"BreadcrumbList","@id":"https:\/\/www.sba.it\/ru\/%d1%85%d1%83%d0%b4%d0%be%d0%b6%d0%bd%d0%b8%d0%ba%d0%b8\/tito-ettore-vendita-quadri-e-dipinti-di-ettore-tito-societa-di-belle-arti\/#breadcrumb","itemListElement":[{"@type":"ListItem","position":1,"name":"Home","item":"https:\/\/www.sba.it\/ru\/"},{"@type":"ListItem","position":2,"name":"\u0425\u0423\u0414\u041e\u0416\u041d\u0418\u041a\u0418","item":"https:\/\/www.sba.it\/ru\/%d1%85%d1%83%d0%b4%d0%be%d0%b6%d0%bd%d0%b8%d0%ba%d0%b8\/"},{"@type":"ListItem","position":3,"name":"Tito Ettore (1859-1941). Biografia. Quadri in vendita."}]},{"@type":"WebSite","@id":"https:\/\/www.sba.it\/#website","url":"https:\/\/www.sba.it\/","name":"Societ\u00e0 di Belle Arti","description":"Quadri macchiaioli e del 800 e 900 in vendita","publisher":{"@id":"https:\/\/www.sba.it\/#organization"},"potentialAction":[{"@type":"SearchAction","target":{"@type":"EntryPoint","urlTemplate":"https:\/\/www.sba.it\/?s={search_term_string}"},"query-input":{"@type":"PropertyValueSpecification","valueRequired":true,"valueName":"search_term_string"}}],"inLanguage":"ru-RU"},{"@type":"Organization","@id":"https:\/\/www.sba.it\/#organization","name":"Societ\u00e0 di Belle Arti","url":"https:\/\/www.sba.it\/","logo":{"@type":"ImageObject","inLanguage":"ru-RU","@id":"https:\/\/www.sba.it\/#\/schema\/logo\/image\/","url":"https:\/\/www.sba.it\/wp-content\/uploads\/2019\/04\/Logo-rosso_nero.png","contentUrl":"https:\/\/www.sba.it\/wp-content\/uploads\/2019\/04\/Logo-rosso_nero.png","width":2532,"height":1137,"caption":"Societ\u00e0 di Belle Arti"},"image":{"@id":"https:\/\/www.sba.it\/#\/schema\/logo\/image\/"},"sameAs":["https:\/\/www.facebook.com\/pitturaitaliana800e900\/","https:\/\/x.com\/SocietaArti","https:\/\/www.instagram.com\/societadibellearti","https:\/\/www.linkedin.com\/in\/societ\u00e0-di-belle-arti-363aa8191\/","https:\/\/www.youtube.com\/channel\/UC6fJlk-ajwhsnEIICATyXaQ"]}]}},"_links":{"self":[{"href":"https:\/\/www.sba.it\/ru\/wp-json\/wp\/v2\/pages\/74501","targetHints":{"allow":["GET"]}}],"collection":[{"href":"https:\/\/www.sba.it\/ru\/wp-json\/wp\/v2\/pages"}],"about":[{"href":"https:\/\/www.sba.it\/ru\/wp-json\/wp\/v2\/types\/page"}],"author":[{"embeddable":true,"href":"https:\/\/www.sba.it\/ru\/wp-json\/wp\/v2\/users\/2"}],"replies":[{"embeddable":true,"href":"https:\/\/www.sba.it\/ru\/wp-json\/wp\/v2\/comments?post=74501"}],"version-history":[{"count":7,"href":"https:\/\/www.sba.it\/ru\/wp-json\/wp\/v2\/pages\/74501\/revisions"}],"predecessor-version":[{"id":83356,"href":"https:\/\/www.sba.it\/ru\/wp-json\/wp\/v2\/pages\/74501\/revisions\/83356"}],"up":[{"embeddable":true,"href":"https:\/\/www.sba.it\/ru\/wp-json\/wp\/v2\/pages\/73491"}],"wp:featuredmedia":[{"embeddable":true,"href":"https:\/\/www.sba.it\/ru\/wp-json\/wp\/v2\/media\/1911"}],"wp:attachment":[{"href":"https:\/\/www.sba.it\/ru\/wp-json\/wp\/v2\/media?parent=74501"}],"curies":[{"name":"wp","href":"https:\/\/api.w.org\/{rel}","templated":true}]}}