{"id":74470,"date":"2016-07-12T10:10:58","date_gmt":"2016-07-12T08:10:58","guid":{"rendered":"http:\/\/www.sba.it\/cavaglieri-mario-biografia-quadri-in-vendita-del-900-valutazione-stima-perizia-certificata-di-dipinti-di-mario-cavaglieri\/"},"modified":"2019-05-16T10:33:24","modified_gmt":"2019-05-16T08:33:24","slug":"cavaglieri-mario-biografia-quadri-in-vendita-del-900-valutazione-stima-perizia-certificata-di-dipinti-di-mario-cavaglieri","status":"publish","type":"page","link":"https:\/\/www.sba.it\/ru\/cavaglieri-mario-biografia-quadri-in-vendita-del-900-valutazione-stima-perizia-certificata-di-dipinti-di-mario-cavaglieri\/","title":{"rendered":"Cavaglieri Mario (1887-1969). Biografia. Quadri in vendita."},"content":{"rendered":"<p><img decoding=\"async\" class=\" alignleft size-full wp-image-1980\" style=\"margin-right: 20px; float: left;\" src=\"http:\/\/www.sba.it\/wp-content\/uploads\/2016\/07\/images_artisti_mario_cavaglieri_-_Copia.jpg\" alt=\"mario cavaglieri - Copia\" width=\"300\" height=\"430\" srcset=\"https:\/\/www.sba.it\/wp-content\/uploads\/2016\/07\/images_artisti_mario_cavaglieri_-_Copia.jpg 300w, https:\/\/www.sba.it\/wp-content\/uploads\/2016\/07\/images_artisti_mario_cavaglieri_-_Copia-209x300.jpg 209w\" sizes=\"(max-width: 300px) 100vw, 300px\" \/><\/p>\n<p>Mario Cavaglieri nasce a Rovigo nel 1887. La famiglia era israelita.<\/p>\n<p>A Padova, dove vive tra il 1900 e il 1917, frequenta lo studio del pittore Giovanni Vianello, conoscendovi <a href=\"https:\/\/www.sba.it\/ru\/casorati-felice-biografia-quadri-in-vendita-del-900-valutazione-stima-perizia-certificata-di-dipinti-di-felice-casorati\/\">Felice Casorati<\/a>.<\/p>\n<p>Non ancora ventenne, nel 1907, \u00e8 presente alla mostra Societ\u00e0 Amatori e Cultori di Belle Arti di Roma e, due anni pi\u00f9 tardi, a <a href=\"https:\/\/capesaro.visitmuve.it\/\">Ca\u2019 Pesaro<\/a>, dove esporr\u00e0 assiduamente fino al 1925.<\/p>\n<p>In seguito al soggiorno parigino del 1911, partecipa con una certa regolarit\u00e0 alla Biennale di Venezia.<\/p>\n<p>L\u2019intensa attivit\u00e0 espositiva del secondo e terzo decennio, che fra l\u2019altro registra la sua presenza a Milano, nelle edizioni della Permanente del 1914 e 1915 e alla Galleria Pesaro nel 1920, \u00e8 premiata con il successo di critica e pubblico.<\/p>\n<p>Tra il 1921, anno del matrimonio con Giulietta Catellini, e il 1925 soggiorna a Piacenza, per poi trasferirsi a Pavie-sur-Gers, in Guascogna, dove trascorrer\u00e0, alternando soggiorni in Italia e Francia, il resto della propria esistenza.<\/p>\n<p>Nel 1948, 1950 e 1952 partecipa alla Biennale di Venezia.<\/p>\n<p>Il riconoscimento pi\u00f9 importante gli viene tributato nel 1953 con un\u2019ampia antologica alla Strozzina di Firenze.<\/p>\n<p>Mario Cavaglieri muore\u00a0 a Pavie-sur-Gers il 23 settembre 1969.<\/p>\n<hr style=\"width: 1000px;\" \/>\n<h3 style=\"font-size: 12pt;\"><a href=\"https:\/\/www.sba.it\/ru\/%d1%81%d0%be%d0%b2%d0%b5%d1%80%d1%88%d0%b5%d0%bd%d1%81%d1%82%d0%b2%d0%b0\/\">CATALOGO OPERE<\/a>\u00a0| <a href=\"https:\/\/www.sba.it\/ru\/%d0%bf%d1%80%d0%be%d0%b4%d0%b0%d1%82%d1%8c\/\">VUOI VENDERE O COMPRARE UN QUADRO DI QUESTO ARTISTA?<\/a><\/h3>\n","protected":false},"excerpt":{"rendered":"<p>Mario Cavaglieri nasce a Rovigo nel 1887. La famiglia era israelita. A Padova, dove vive tra il 1900 e il [&hellip;]<\/p>\n","protected":false},"author":2,"featured_media":1983,"parent":0,"menu_order":96,"comment_status":"closed","ping_status":"closed","template":"","meta":{"_monsterinsights_skip_tracking":false,"_monsterinsights_sitenote_active":false,"_monsterinsights_sitenote_note":"","_monsterinsights_sitenote_category":0,"footnotes":""},"class_list":["post-74470","page","type-page","status-publish","has-post-thumbnail","hentry","page_category-1277"],"yoast_head":"<!-- This site is optimized with the Yoast SEO plugin v27.5 - https:\/\/yoast.com\/product\/yoast-seo-wordpress\/ -->\n<title>Cavaglieri Mario (1887-1969). Biografia. Quadri in vendita.<\/title>\n<meta name=\"description\" content=\"Mario Cavaglieri biografia e opere quadri in vendita di Mario Cavaglieri Societ\u00e0 di Belle Arti quadri del 900 in vendita.\" \/>\n<meta name=\"robots\" content=\"index, follow, max-snippet:-1, max-image-preview:large, max-video-preview:-1\" \/>\n<link rel=\"canonical\" href=\"https:\/\/www.sba.it\/ru\/cavaglieri-mario-biografia-quadri-in-vendita-del-900-valutazione-stima-perizia-certificata-di-dipinti-di-mario-cavaglieri\/\" \/>\n<meta property=\"og:locale\" content=\"ru_RU\" \/>\n<meta property=\"og:type\" content=\"article\" \/>\n<meta property=\"og:title\" content=\"Cavaglieri Mario (1887-1969). Biografia. Quadri in vendita.\" \/>\n<meta property=\"og:description\" content=\"Mario Cavaglieri biografia e opere quadri in vendita di Mario Cavaglieri Societ\u00e0 di Belle Arti quadri del 900 in vendita.\" \/>\n<meta property=\"og:url\" content=\"https:\/\/www.sba.it\/ru\/cavaglieri-mario-biografia-quadri-in-vendita-del-900-valutazione-stima-perizia-certificata-di-dipinti-di-mario-cavaglieri\/\" \/>\n<meta property=\"og:site_name\" content=\"Societ\u00e0 di Belle Arti\" \/>\n<meta property=\"article:publisher\" content=\"https:\/\/www.facebook.com\/pitturaitaliana800e900\/\" \/>\n<meta property=\"article:modified_time\" content=\"2019-05-16T08:33:24+00:00\" \/>\n<meta property=\"og:image\" content=\"https:\/\/www.sba.it\/wp-content\/uploads\/2016\/07\/images_artisti_mario_cavaglieri_-_Copia.jpg\" \/>\n\t<meta property=\"og:image:width\" content=\"300\" \/>\n\t<meta property=\"og:image:height\" content=\"430\" \/>\n\t<meta property=\"og:image:type\" content=\"image\/jpeg\" \/>\n<meta name=\"twitter:card\" content=\"summary_large_image\" \/>\n<meta name=\"twitter:site\" content=\"@SocietaArti\" \/>\n<meta name=\"twitter:label1\" content=\"\u041f\u0440\u0438\u043c\u0435\u0440\u043d\u043e\u0435 \u0432\u0440\u0435\u043c\u044f \u0434\u043b\u044f \u0447\u0442\u0435\u043d\u0438\u044f\" \/>\n\t<meta name=\"twitter:data1\" content=\"1 \u043c\u0438\u043d\u0443\u0442\u0430\" \/>\n<script type=\"application\/ld+json\" class=\"yoast-schema-graph\">{\"@context\":\"https:\\\/\\\/schema.org\",\"@graph\":[{\"@type\":\"WebPage\",\"@id\":\"https:\\\/\\\/www.sba.it\\\/ru\\\/cavaglieri-mario-biografia-quadri-in-vendita-del-900-valutazione-stima-perizia-certificata-di-dipinti-di-mario-cavaglieri\\\/\",\"url\":\"https:\\\/\\\/www.sba.it\\\/ru\\\/cavaglieri-mario-biografia-quadri-in-vendita-del-900-valutazione-stima-perizia-certificata-di-dipinti-di-mario-cavaglieri\\\/\",\"name\":\"Cavaglieri Mario (1887-1969). Biografia. Quadri in vendita.\",\"isPartOf\":{\"@id\":\"https:\\\/\\\/www.sba.it\\\/#website\"},\"primaryImageOfPage\":{\"@id\":\"https:\\\/\\\/www.sba.it\\\/ru\\\/cavaglieri-mario-biografia-quadri-in-vendita-del-900-valutazione-stima-perizia-certificata-di-dipinti-di-mario-cavaglieri\\\/#primaryimage\"},\"image\":{\"@id\":\"https:\\\/\\\/www.sba.it\\\/ru\\\/cavaglieri-mario-biografia-quadri-in-vendita-del-900-valutazione-stima-perizia-certificata-di-dipinti-di-mario-cavaglieri\\\/#primaryimage\"},\"thumbnailUrl\":\"https:\\\/\\\/www.sba.it\\\/wp-content\\\/uploads\\\/2016\\\/07\\\/images_artisti_mario_cavaglieri_-_Copia.jpg\",\"datePublished\":\"2016-07-12T08:10:58+00:00\",\"dateModified\":\"2019-05-16T08:33:24+00:00\",\"description\":\"Mario Cavaglieri biografia e opere quadri in vendita di Mario Cavaglieri Societ\u00e0 di Belle Arti quadri del 900 in vendita.\",\"breadcrumb\":{\"@id\":\"https:\\\/\\\/www.sba.it\\\/ru\\\/cavaglieri-mario-biografia-quadri-in-vendita-del-900-valutazione-stima-perizia-certificata-di-dipinti-di-mario-cavaglieri\\\/#breadcrumb\"},\"inLanguage\":\"ru-RU\",\"potentialAction\":[{\"@type\":\"ReadAction\",\"target\":[\"https:\\\/\\\/www.sba.it\\\/ru\\\/cavaglieri-mario-biografia-quadri-in-vendita-del-900-valutazione-stima-perizia-certificata-di-dipinti-di-mario-cavaglieri\\\/\"]}]},{\"@type\":\"ImageObject\",\"inLanguage\":\"ru-RU\",\"@id\":\"https:\\\/\\\/www.sba.it\\\/ru\\\/cavaglieri-mario-biografia-quadri-in-vendita-del-900-valutazione-stima-perizia-certificata-di-dipinti-di-mario-cavaglieri\\\/#primaryimage\",\"url\":\"https:\\\/\\\/www.sba.it\\\/wp-content\\\/uploads\\\/2016\\\/07\\\/images_artisti_mario_cavaglieri_-_Copia.jpg\",\"contentUrl\":\"https:\\\/\\\/www.sba.it\\\/wp-content\\\/uploads\\\/2016\\\/07\\\/images_artisti_mario_cavaglieri_-_Copia.jpg\",\"width\":300,\"height\":430,\"caption\":\"foto di Mario Cavaglieri\"},{\"@type\":\"BreadcrumbList\",\"@id\":\"https:\\\/\\\/www.sba.it\\\/ru\\\/cavaglieri-mario-biografia-quadri-in-vendita-del-900-valutazione-stima-perizia-certificata-di-dipinti-di-mario-cavaglieri\\\/#breadcrumb\",\"itemListElement\":[{\"@type\":\"ListItem\",\"position\":1,\"name\":\"Home\",\"item\":\"https:\\\/\\\/www.sba.it\\\/ru\\\/\"},{\"@type\":\"ListItem\",\"position\":2,\"name\":\"Cavaglieri Mario (1887-1969). Biografia. Quadri in vendita.\"}]},{\"@type\":\"WebSite\",\"@id\":\"https:\\\/\\\/www.sba.it\\\/#website\",\"url\":\"https:\\\/\\\/www.sba.it\\\/\",\"name\":\"Societ\u00e0 di Belle Arti\",\"description\":\"Quadri macchiaioli e del 800 e 900 in vendita\",\"publisher\":{\"@id\":\"https:\\\/\\\/www.sba.it\\\/#organization\"},\"potentialAction\":[{\"@type\":\"SearchAction\",\"target\":{\"@type\":\"EntryPoint\",\"urlTemplate\":\"https:\\\/\\\/www.sba.it\\\/?s={search_term_string}\"},\"query-input\":{\"@type\":\"PropertyValueSpecification\",\"valueRequired\":true,\"valueName\":\"search_term_string\"}}],\"inLanguage\":\"ru-RU\"},{\"@type\":\"Organization\",\"@id\":\"https:\\\/\\\/www.sba.it\\\/#organization\",\"name\":\"Societ\u00e0 di Belle Arti\",\"url\":\"https:\\\/\\\/www.sba.it\\\/\",\"logo\":{\"@type\":\"ImageObject\",\"inLanguage\":\"ru-RU\",\"@id\":\"https:\\\/\\\/www.sba.it\\\/#\\\/schema\\\/logo\\\/image\\\/\",\"url\":\"https:\\\/\\\/www.sba.it\\\/wp-content\\\/uploads\\\/2019\\\/04\\\/Logo-rosso_nero.png\",\"contentUrl\":\"https:\\\/\\\/www.sba.it\\\/wp-content\\\/uploads\\\/2019\\\/04\\\/Logo-rosso_nero.png\",\"width\":2532,\"height\":1137,\"caption\":\"Societ\u00e0 di Belle Arti\"},\"image\":{\"@id\":\"https:\\\/\\\/www.sba.it\\\/#\\\/schema\\\/logo\\\/image\\\/\"},\"sameAs\":[\"https:\\\/\\\/www.facebook.com\\\/pitturaitaliana800e900\\\/\",\"https:\\\/\\\/x.com\\\/SocietaArti\",\"https:\\\/\\\/www.instagram.com\\\/societadibellearti\",\"https:\\\/\\\/www.linkedin.com\\\/in\\\/societ\u00e0-di-belle-arti-363aa8191\\\/\",\"https:\\\/\\\/www.youtube.com\\\/channel\\\/UC6fJlk-ajwhsnEIICATyXaQ\"]}]}<\/script>\n<!-- \/ Yoast SEO plugin. -->","yoast_head_json":{"title":"Cavaglieri Mario (1887-1969). Biografia. Quadri in vendita.","description":"Mario Cavaglieri biografia e opere quadri in vendita di Mario Cavaglieri Societ\u00e0 di Belle Arti quadri del 900 in vendita.","robots":{"index":"index","follow":"follow","max-snippet":"max-snippet:-1","max-image-preview":"max-image-preview:large","max-video-preview":"max-video-preview:-1"},"canonical":"https:\/\/www.sba.it\/ru\/cavaglieri-mario-biografia-quadri-in-vendita-del-900-valutazione-stima-perizia-certificata-di-dipinti-di-mario-cavaglieri\/","og_locale":"ru_RU","og_type":"article","og_title":"Cavaglieri Mario (1887-1969). Biografia. Quadri in vendita.","og_description":"Mario Cavaglieri biografia e opere quadri in vendita di Mario Cavaglieri Societ\u00e0 di Belle Arti quadri del 900 in vendita.","og_url":"https:\/\/www.sba.it\/ru\/cavaglieri-mario-biografia-quadri-in-vendita-del-900-valutazione-stima-perizia-certificata-di-dipinti-di-mario-cavaglieri\/","og_site_name":"Societ\u00e0 di Belle Arti","article_publisher":"https:\/\/www.facebook.com\/pitturaitaliana800e900\/","article_modified_time":"2019-05-16T08:33:24+00:00","og_image":[{"width":300,"height":430,"url":"https:\/\/www.sba.it\/wp-content\/uploads\/2016\/07\/images_artisti_mario_cavaglieri_-_Copia.jpg","type":"image\/jpeg"}],"twitter_card":"summary_large_image","twitter_site":"@SocietaArti","twitter_misc":{"\u041f\u0440\u0438\u043c\u0435\u0440\u043d\u043e\u0435 \u0432\u0440\u0435\u043c\u044f \u0434\u043b\u044f \u0447\u0442\u0435\u043d\u0438\u044f":"1 \u043c\u0438\u043d\u0443\u0442\u0430"},"schema":{"@context":"https:\/\/schema.org","@graph":[{"@type":"WebPage","@id":"https:\/\/www.sba.it\/ru\/cavaglieri-mario-biografia-quadri-in-vendita-del-900-valutazione-stima-perizia-certificata-di-dipinti-di-mario-cavaglieri\/","url":"https:\/\/www.sba.it\/ru\/cavaglieri-mario-biografia-quadri-in-vendita-del-900-valutazione-stima-perizia-certificata-di-dipinti-di-mario-cavaglieri\/","name":"Cavaglieri Mario (1887-1969). Biografia. Quadri in vendita.","isPartOf":{"@id":"https:\/\/www.sba.it\/#website"},"primaryImageOfPage":{"@id":"https:\/\/www.sba.it\/ru\/cavaglieri-mario-biografia-quadri-in-vendita-del-900-valutazione-stima-perizia-certificata-di-dipinti-di-mario-cavaglieri\/#primaryimage"},"image":{"@id":"https:\/\/www.sba.it\/ru\/cavaglieri-mario-biografia-quadri-in-vendita-del-900-valutazione-stima-perizia-certificata-di-dipinti-di-mario-cavaglieri\/#primaryimage"},"thumbnailUrl":"https:\/\/www.sba.it\/wp-content\/uploads\/2016\/07\/images_artisti_mario_cavaglieri_-_Copia.jpg","datePublished":"2016-07-12T08:10:58+00:00","dateModified":"2019-05-16T08:33:24+00:00","description":"Mario Cavaglieri biografia e opere quadri in vendita di Mario Cavaglieri Societ\u00e0 di Belle Arti quadri del 900 in vendita.","breadcrumb":{"@id":"https:\/\/www.sba.it\/ru\/cavaglieri-mario-biografia-quadri-in-vendita-del-900-valutazione-stima-perizia-certificata-di-dipinti-di-mario-cavaglieri\/#breadcrumb"},"inLanguage":"ru-RU","potentialAction":[{"@type":"ReadAction","target":["https:\/\/www.sba.it\/ru\/cavaglieri-mario-biografia-quadri-in-vendita-del-900-valutazione-stima-perizia-certificata-di-dipinti-di-mario-cavaglieri\/"]}]},{"@type":"ImageObject","inLanguage":"ru-RU","@id":"https:\/\/www.sba.it\/ru\/cavaglieri-mario-biografia-quadri-in-vendita-del-900-valutazione-stima-perizia-certificata-di-dipinti-di-mario-cavaglieri\/#primaryimage","url":"https:\/\/www.sba.it\/wp-content\/uploads\/2016\/07\/images_artisti_mario_cavaglieri_-_Copia.jpg","contentUrl":"https:\/\/www.sba.it\/wp-content\/uploads\/2016\/07\/images_artisti_mario_cavaglieri_-_Copia.jpg","width":300,"height":430,"caption":"foto di Mario Cavaglieri"},{"@type":"BreadcrumbList","@id":"https:\/\/www.sba.it\/ru\/cavaglieri-mario-biografia-quadri-in-vendita-del-900-valutazione-stima-perizia-certificata-di-dipinti-di-mario-cavaglieri\/#breadcrumb","itemListElement":[{"@type":"ListItem","position":1,"name":"Home","item":"https:\/\/www.sba.it\/ru\/"},{"@type":"ListItem","position":2,"name":"Cavaglieri Mario (1887-1969). Biografia. Quadri in vendita."}]},{"@type":"WebSite","@id":"https:\/\/www.sba.it\/#website","url":"https:\/\/www.sba.it\/","name":"Societ\u00e0 di Belle Arti","description":"Quadri macchiaioli e del 800 e 900 in vendita","publisher":{"@id":"https:\/\/www.sba.it\/#organization"},"potentialAction":[{"@type":"SearchAction","target":{"@type":"EntryPoint","urlTemplate":"https:\/\/www.sba.it\/?s={search_term_string}"},"query-input":{"@type":"PropertyValueSpecification","valueRequired":true,"valueName":"search_term_string"}}],"inLanguage":"ru-RU"},{"@type":"Organization","@id":"https:\/\/www.sba.it\/#organization","name":"Societ\u00e0 di Belle Arti","url":"https:\/\/www.sba.it\/","logo":{"@type":"ImageObject","inLanguage":"ru-RU","@id":"https:\/\/www.sba.it\/#\/schema\/logo\/image\/","url":"https:\/\/www.sba.it\/wp-content\/uploads\/2019\/04\/Logo-rosso_nero.png","contentUrl":"https:\/\/www.sba.it\/wp-content\/uploads\/2019\/04\/Logo-rosso_nero.png","width":2532,"height":1137,"caption":"Societ\u00e0 di Belle Arti"},"image":{"@id":"https:\/\/www.sba.it\/#\/schema\/logo\/image\/"},"sameAs":["https:\/\/www.facebook.com\/pitturaitaliana800e900\/","https:\/\/x.com\/SocietaArti","https:\/\/www.instagram.com\/societadibellearti","https:\/\/www.linkedin.com\/in\/societ\u00e0-di-belle-arti-363aa8191\/","https:\/\/www.youtube.com\/channel\/UC6fJlk-ajwhsnEIICATyXaQ"]}]}},"_links":{"self":[{"href":"https:\/\/www.sba.it\/ru\/wp-json\/wp\/v2\/pages\/74470","targetHints":{"allow":["GET"]}}],"collection":[{"href":"https:\/\/www.sba.it\/ru\/wp-json\/wp\/v2\/pages"}],"about":[{"href":"https:\/\/www.sba.it\/ru\/wp-json\/wp\/v2\/types\/page"}],"author":[{"embeddable":true,"href":"https:\/\/www.sba.it\/ru\/wp-json\/wp\/v2\/users\/2"}],"replies":[{"embeddable":true,"href":"https:\/\/www.sba.it\/ru\/wp-json\/wp\/v2\/comments?post=74470"}],"version-history":[{"count":3,"href":"https:\/\/www.sba.it\/ru\/wp-json\/wp\/v2\/pages\/74470\/revisions"}],"predecessor-version":[{"id":83297,"href":"https:\/\/www.sba.it\/ru\/wp-json\/wp\/v2\/pages\/74470\/revisions\/83297"}],"wp:featuredmedia":[{"embeddable":true,"href":"https:\/\/www.sba.it\/ru\/wp-json\/wp\/v2\/media\/1983"}],"wp:attachment":[{"href":"https:\/\/www.sba.it\/ru\/wp-json\/wp\/v2\/media?parent=74470"}],"curies":[{"name":"wp","href":"https:\/\/api.w.org\/{rel}","templated":true}]}}