{"id":74250,"date":"2014-05-20T08:27:56","date_gmt":"2014-05-20T06:27:56","guid":{"rendered":"http:\/\/www.sba.it\/tommasi-angiolo-biografia-quadri-in-vendita-postmacchiaioli\/"},"modified":"2021-03-12T09:53:47","modified_gmt":"2021-03-12T08:53:47","slug":"tommasi-angiolo-biografia-quadri-in-vendita-postmacchiaioli","status":"publish","type":"page","link":"https:\/\/www.sba.it\/ru\/%d1%85%d1%83%d0%b4%d0%be%d0%b6%d0%bd%d0%b8%d0%ba%d0%b8\/tommasi-angiolo-biografia-quadri-in-vendita-postmacchiaioli\/","title":{"rendered":"Tommasi Angiolo (1858-1923). Biografia. Quadri in vendita."},"content":{"rendered":"<p>.<img decoding=\"async\" class=\" alignleft size-full wp-image-1698\" style=\"margin-right: 20px; float: left;\" src=\"http:\/\/www.sba.it\/wp-content\/uploads\/2014\/05\/images_artisti_angiolo-tommasi-biografia-quadri-in-vendita.jpg\" alt=\"angiolo-tommasi-biografia-quadri-in-vendita\" width=\"300\" height=\"415\" srcset=\"https:\/\/www.sba.it\/wp-content\/uploads\/2014\/05\/images_artisti_angiolo-tommasi-biografia-quadri-in-vendita.jpg 300w, https:\/\/www.sba.it\/wp-content\/uploads\/2014\/05\/images_artisti_angiolo-tommasi-biografia-quadri-in-vendita-217x300.jpg 217w\" sizes=\"(max-width: 300px) 100vw, 300px\" \/><\/p>\n<p>Angiolo Tommasi nacque a Livorno nel 1858.<\/p>\n<p>Nel 1887 si diplom\u00f2 all&#8217;Istituto Tecnico cittadino e il padre Luigi lo mand\u00f2 con il fratello maggiore, Eugenio, a Napoli presso un corrispondente in affari.<\/p>\n<p>Sar\u00e0 infatti Eugenio che curer\u00e0 l&#8217;attivit\u00e0 commerciale di Livorno quando Luigi, con la famiglia, si trasferir\u00e0 a Firenze dall&#8217;81 all&#8217;89 presso la villa della Casaccia\u00a0 di propriet\u00e0 seconda moglia Adele Bartolini Ved. Perti.<\/p>\n<p>La signora Adele si dedic\u00f2 con grande spirito materno alla cura dei piccoli Tommasi.<\/p>\n<p>Angiolo nel 1878 decise di dedicarsi alla pittura influenzato certamente dalla passione del cugino Adolfo e dalla personalit\u00e0 di <strong><a href=\"https:\/\/www.sba.it\/ru\/%d1%85%d1%83%d0%b4%d0%be%d0%b6%d0%bd%d0%b8%d0%ba%d0%b8\/lega-silvestro-biografia-quadri-macchiaioli-in-vendita-valutazione-stima-perzia-certificata-dipinti-macchiaioli-silvestro-lega\/\">Silvestro Lega<\/a><\/strong>.<\/p>\n<p>Cominci\u00f2 a frequentare lo studio del pittore livornese Marco Lemmi e del suo maestro Natale Betti facendo la conoscenza di Pagni (scopritore entusiasta delle bellezze naturali di Torre del lago, a quel tempo incontaminate) e <strong><a href=\"https:\/\/www.sba.it\/artisti-in-galleria\/nomellini-plinio-biografia-quadri-in-vendita-valutazione-stima-perizia-certificata-di-dipinti-di-nomellini-plinio\/\">Nomellini<\/a><\/strong>.<\/p>\n<p>Tale apprendistato dur\u00f2 due anni alla fine dei quali, su consiglio del cugino Adolfo e del <a href=\"https:\/\/www.sba.it\/ru\/%d1%85%d1%83%d0%b4%d0%be%d0%b6%d0%bd%d0%b8%d0%ba%d0%b8\/lega-silvestro-biografia-quadri-macchiaioli-in-vendita-valutazione-stima-perzia-certificata-dipinti-macchiaioli-silvestro-lega\/\"><strong>Lega<\/strong><\/a>, si trasfer\u00ec a Firenze per frequentare l&#8217;<a href=\"http:\/\/www.accademia.firenze.it\/it\/\">Accademia<\/a>.<\/p>\n<p>Adele raccolse con entusiasmo l&#8217;idea di Angiolo spingendo tutta la famiglia Tommasi a trasferirsi nella sua ex residenza alla Casaccia, non lontano da Bellariva.<\/p>\n<p>Angiolo prese a seguire i corsi i corsi del pistoiese Giuseppe Ciaranfi.<\/p>\n<p>La casa di Bellariva divenne un vero e proprio cenacolo culturale ove furono ospitati, fra gli altri, Carducci, <a href=\"http:\/\/www.sba.it\/fattori-giovanni-biografia-quadri-macchiaioli-in-vendita-valutazione-stima-perizia-certificata-di-dipinti-di-giovanni-fattori\/\"><strong>Fattori<\/strong><\/a>, <a href=\"https:\/\/www.sba.it\/ru\/%d1%85%d1%83%d0%b4%d0%be%d0%b6%d0%bd%d0%b8%d0%ba%d0%b8\/signorini-telemaco-biografia-quadri-in-vendita-macchiaioli-valutazione-stime-e-perizie-certificate-su-dipinti-macchiaioli-di-telemaco-signorini\/\"><strong>Signorini<\/strong><\/a>, Cecconi, Panzecchi, <a href=\"https:\/\/www.sba.it\/ru\/%d1%85%d1%83%d0%b4%d0%be%d0%b6%d0%bd%d0%b8%d0%ba%d0%b8\/cecconi-eugenio-biografia-quadri-in-vendita-del-800-valutazione-stima-perizia-certificata-di-dipinti-di-cecconi-eugenio\/\"><strong>Cecconi<\/strong><\/a> e <a href=\"https:\/\/www.sba.it\/artisti-in-galleria\/borrani-odoardo-biografia-quadri-in-vendita-macchiaioli-valutazione-stima-perizia-certificata-di-dipinti-di-borrani-odoardo\/\"><strong>Borrani<\/strong><\/a>.<\/p>\n<p>E fu proprio Fattori che, venuto a conoscenza che Angiolo era allievo del Ciaranfi, lo consigli\u00f2 &#171;tout court&#187; di lasciar perdere la scuola, di far da s\u00e9, di prendere tavolozza, cassetta dei colori e cavalletto, piantarlo su un prato e mettersi a dipingere.<\/p>\n<p>Anche <strong><a href=\"http:\/\/www.sba.it\/telemaco-signorini-macchiaioli-quadri-in-vendita-e-acquisto\/\">Telemaco Signorini <\/a><\/strong>e Silvestro Lega condividevano il pensiero di <a href=\"index.php?option=com_content&amp;view=article&amp;id=190:giovanni-fattori-vendita-quadri-800&amp;catid=14:macchiaioli-e-seguaci&amp;Itemid=137\"><strong>Fattori<\/strong><\/a> e quindi Angiolo, interruppe gli studi regolari cominciando a seguire l&#8217;insegnamenti del <a href=\"https:\/\/www.sba.it\/ru\/%d0%bc%d0%b0%d0%ba%d0%ba%d1%8c%d1%8f%d0%b9%d0%be%d0%bb%d0%b8\/\"><strong>macchiaiolo<\/strong><\/a>\u00a0 Lega. Nell&#8217;82 Angiolino debutta alla Promotrice fiorentina con i suoi primi studi &#171;<em>en plein air<\/em>&#171;. Nello stesso anno sposa Adele Bartolini e nell&#8217;85 con il loro primogenito Ugo lasciano Bellariva per Livorno.<\/p>\n<p>Muta cos\u00ec anche il teatro del suo operare: non pi\u00f9 solo l&#8217;Arno, i boschi di villa Cecchini a San Prugnano.<\/p>\n<p>A questi si aggiungono infatti l&#8217;entroterra livornese, il Gabbro, Livorno, le sue marine e Castiglioncello.<\/p>\n<p>Alla Promotrice Fiorentina dell&#8217;85 presenter\u00e0 l&#8217;opera &#171;<em>Studio dal vero<\/em>&#187; successivamente ripresentato a Livorno con il titolo &#171;<em>La benedizione<\/em>&#187; , successivamente rettificata in &#171;<em>All&#8217;elevazione<\/em>&#187; e presentata l&#8217;anno successivo a Venezia.<\/p>\n<p>Altro quadro di grande successo fu &#171;<em>Le ultime vangate<\/em>&#187;\u00a0 ma Angiolino dovr\u00e0 aspettare fino al &#8217;96 perch\u00e8 una sua opera &#171;<em>Gli emigranti<\/em>&#171;, sia finalmente acquistata dallo stato per figurare alla <a href=\"http:\/\/lagallerianazionale.com\/\">Galleria d&#8217;Arte Moderna di Roma<\/a>.<\/p>\n<p>Nel 1899 e si rec\u00f2 in America del sud spingendosi in Argentina, Patagonia e Terra del fuoco.<\/p>\n<p>Dipinse cos\u00ec tutte le cose e i paesaggi che lo colpivano\u00a0 ed ottenendo un grandissimo successo a Buenos Aires.<\/p>\n<p>Successivamnete segu\u00ec l&#8217;amico e collega Ferruccio Pagni a Torre del lago dove, con Puccini, <a href=\"http:\/\/www.sba.it\/plinio-nomellini-vendita-e-acquisto-di-quadri-dipinti\/\"><strong>Nomellini<\/strong><\/a>, Gambogi, anim\u00f2 il famoso &#171;Club dei Bohemiens&#187;.<\/p>\n<p>Angiolo Tommasi mor\u00ec nel 1923 a Torre del Lago\u00a0 a causa di una polmonite.<\/p>\n<p>_____________________________________________________________________________________________________________<\/p>\n<h3 style=\"font-size: 12pt;\"><a href=\"https:\/\/www.sba.it\/ru\/%d1%81%d0%be%d0%b2%d0%b5%d1%80%d1%88%d0%b5%d0%bd%d1%81%d1%82%d0%b2%d0%b0\/\">CATALOGO OPERE\u00a0<\/a> | \u00a0<a href=\"https:\/\/www.sba.it\/ru\/%d0%bf%d1%80%d0%be%d0%b4%d0%b0%d1%82%d1%8c\/\">VUOI VENDERE O COMPRARE UN QUADRO DI QUESTO ARTISTA?<\/a><\/h3>\n","protected":false},"excerpt":{"rendered":"<p>. Angiolo Tommasi nacque a Livorno nel 1858. Nel 1887 si diplom\u00f2 all&#8217;Istituto Tecnico cittadino e il padre Luigi lo [&hellip;]<\/p>\n","protected":false},"author":2,"featured_media":1701,"parent":73491,"menu_order":114,"comment_status":"closed","ping_status":"closed","template":"","meta":{"_monsterinsights_skip_tracking":false,"_monsterinsights_sitenote_active":false,"_monsterinsights_sitenote_note":"","_monsterinsights_sitenote_category":0,"footnotes":""},"class_list":["post-74250","page","type-page","status-publish","has-post-thumbnail","hentry","page_category-1277"],"yoast_head":"<!-- This site is optimized with the Yoast SEO plugin v27.5 - https:\/\/yoast.com\/product\/yoast-seo-wordpress\/ -->\n<title>Tommasi Angiolo (1858-1923). Biografia. Quadri in vendita.<\/title>\n<meta name=\"description\" content=\"Angiolo Tommasi leggi la vita del pittore toscano dell&#039;800, vendita e acquisto online quadri toscani dell&#039;800 di Angiolo Tommasi scopri come\" \/>\n<meta name=\"robots\" content=\"index, follow, max-snippet:-1, max-image-preview:large, max-video-preview:-1\" \/>\n<link rel=\"canonical\" href=\"https:\/\/www.sba.it\/ru\/\u0445\u0443\u0434\u043e\u0436\u043d\u0438\u043a\u0438\/tommasi-angiolo-biografia-quadri-in-vendita-postmacchiaioli\/\" \/>\n<meta property=\"og:locale\" content=\"ru_RU\" \/>\n<meta property=\"og:type\" content=\"article\" \/>\n<meta property=\"og:title\" content=\"Tommasi Angiolo (1858-1923). Biografia. Quadri in vendita.\" \/>\n<meta property=\"og:description\" content=\"Angiolo Tommasi leggi la vita del pittore toscano dell&#039;800, vendita e acquisto online quadri toscani dell&#039;800 di Angiolo Tommasi scopri come\" \/>\n<meta property=\"og:url\" content=\"https:\/\/www.sba.it\/ru\/\u0445\u0443\u0434\u043e\u0436\u043d\u0438\u043a\u0438\/tommasi-angiolo-biografia-quadri-in-vendita-postmacchiaioli\/\" \/>\n<meta property=\"og:site_name\" content=\"Societ\u00e0 di Belle Arti\" \/>\n<meta property=\"article:publisher\" content=\"https:\/\/www.facebook.com\/pitturaitaliana800e900\/\" \/>\n<meta property=\"article:modified_time\" content=\"2021-03-12T08:53:47+00:00\" \/>\n<meta property=\"og:image\" content=\"https:\/\/www.sba.it\/wp-content\/uploads\/2014\/05\/images_artisti_angiolo-tommasi-biografia-quadri-in-vendita.jpg\" \/>\n\t<meta property=\"og:image:width\" content=\"300\" \/>\n\t<meta property=\"og:image:height\" content=\"415\" \/>\n\t<meta property=\"og:image:type\" content=\"image\/jpeg\" \/>\n<meta name=\"twitter:card\" content=\"summary_large_image\" \/>\n<meta name=\"twitter:site\" content=\"@SocietaArti\" \/>\n<meta name=\"twitter:label1\" content=\"\u041f\u0440\u0438\u043c\u0435\u0440\u043d\u043e\u0435 \u0432\u0440\u0435\u043c\u044f \u0434\u043b\u044f \u0447\u0442\u0435\u043d\u0438\u044f\" \/>\n\t<meta name=\"twitter:data1\" content=\"2 \u043c\u0438\u043d\u0443\u0442\u044b\" \/>\n<script type=\"application\/ld+json\" class=\"yoast-schema-graph\">{\"@context\":\"https:\\\/\\\/schema.org\",\"@graph\":[{\"@type\":\"WebPage\",\"@id\":\"https:\\\/\\\/www.sba.it\\\/ru\\\/%d1%85%d1%83%d0%b4%d0%be%d0%b6%d0%bd%d0%b8%d0%ba%d0%b8\\\/tommasi-angiolo-biografia-quadri-in-vendita-postmacchiaioli\\\/\",\"url\":\"https:\\\/\\\/www.sba.it\\\/ru\\\/%d1%85%d1%83%d0%b4%d0%be%d0%b6%d0%bd%d0%b8%d0%ba%d0%b8\\\/tommasi-angiolo-biografia-quadri-in-vendita-postmacchiaioli\\\/\",\"name\":\"Tommasi Angiolo (1858-1923). Biografia. Quadri in vendita.\",\"isPartOf\":{\"@id\":\"https:\\\/\\\/www.sba.it\\\/#website\"},\"primaryImageOfPage\":{\"@id\":\"https:\\\/\\\/www.sba.it\\\/ru\\\/%d1%85%d1%83%d0%b4%d0%be%d0%b6%d0%bd%d0%b8%d0%ba%d0%b8\\\/tommasi-angiolo-biografia-quadri-in-vendita-postmacchiaioli\\\/#primaryimage\"},\"image\":{\"@id\":\"https:\\\/\\\/www.sba.it\\\/ru\\\/%d1%85%d1%83%d0%b4%d0%be%d0%b6%d0%bd%d0%b8%d0%ba%d0%b8\\\/tommasi-angiolo-biografia-quadri-in-vendita-postmacchiaioli\\\/#primaryimage\"},\"thumbnailUrl\":\"https:\\\/\\\/www.sba.it\\\/wp-content\\\/uploads\\\/2014\\\/05\\\/images_artisti_angiolo-tommasi-biografia-quadri-in-vendita.jpg\",\"datePublished\":\"2014-05-20T06:27:56+00:00\",\"dateModified\":\"2021-03-12T08:53:47+00:00\",\"description\":\"Angiolo Tommasi leggi la vita del pittore toscano dell'800, vendita e acquisto online quadri toscani dell'800 di Angiolo Tommasi scopri come\",\"breadcrumb\":{\"@id\":\"https:\\\/\\\/www.sba.it\\\/ru\\\/%d1%85%d1%83%d0%b4%d0%be%d0%b6%d0%bd%d0%b8%d0%ba%d0%b8\\\/tommasi-angiolo-biografia-quadri-in-vendita-postmacchiaioli\\\/#breadcrumb\"},\"inLanguage\":\"ru-RU\",\"potentialAction\":[{\"@type\":\"ReadAction\",\"target\":[\"https:\\\/\\\/www.sba.it\\\/ru\\\/%d1%85%d1%83%d0%b4%d0%be%d0%b6%d0%bd%d0%b8%d0%ba%d0%b8\\\/tommasi-angiolo-biografia-quadri-in-vendita-postmacchiaioli\\\/\"]}]},{\"@type\":\"ImageObject\",\"inLanguage\":\"ru-RU\",\"@id\":\"https:\\\/\\\/www.sba.it\\\/ru\\\/%d1%85%d1%83%d0%b4%d0%be%d0%b6%d0%bd%d0%b8%d0%ba%d0%b8\\\/tommasi-angiolo-biografia-quadri-in-vendita-postmacchiaioli\\\/#primaryimage\",\"url\":\"https:\\\/\\\/www.sba.it\\\/wp-content\\\/uploads\\\/2014\\\/05\\\/images_artisti_angiolo-tommasi-biografia-quadri-in-vendita.jpg\",\"contentUrl\":\"https:\\\/\\\/www.sba.it\\\/wp-content\\\/uploads\\\/2014\\\/05\\\/images_artisti_angiolo-tommasi-biografia-quadri-in-vendita.jpg\",\"width\":300,\"height\":415,\"caption\":\"Foto di Angiolo Tommasi\"},{\"@type\":\"BreadcrumbList\",\"@id\":\"https:\\\/\\\/www.sba.it\\\/ru\\\/%d1%85%d1%83%d0%b4%d0%be%d0%b6%d0%bd%d0%b8%d0%ba%d0%b8\\\/tommasi-angiolo-biografia-quadri-in-vendita-postmacchiaioli\\\/#breadcrumb\",\"itemListElement\":[{\"@type\":\"ListItem\",\"position\":1,\"name\":\"Home\",\"item\":\"https:\\\/\\\/www.sba.it\\\/ru\\\/\"},{\"@type\":\"ListItem\",\"position\":2,\"name\":\"\u0425\u0423\u0414\u041e\u0416\u041d\u0418\u041a\u0418\",\"item\":\"https:\\\/\\\/www.sba.it\\\/ru\\\/%d1%85%d1%83%d0%b4%d0%be%d0%b6%d0%bd%d0%b8%d0%ba%d0%b8\\\/\"},{\"@type\":\"ListItem\",\"position\":3,\"name\":\"Tommasi Angiolo (1858-1923). Biografia. Quadri in vendita.\"}]},{\"@type\":\"WebSite\",\"@id\":\"https:\\\/\\\/www.sba.it\\\/#website\",\"url\":\"https:\\\/\\\/www.sba.it\\\/\",\"name\":\"Societ\u00e0 di Belle Arti\",\"description\":\"Quadri macchiaioli e del 800 e 900 in vendita\",\"publisher\":{\"@id\":\"https:\\\/\\\/www.sba.it\\\/#organization\"},\"potentialAction\":[{\"@type\":\"SearchAction\",\"target\":{\"@type\":\"EntryPoint\",\"urlTemplate\":\"https:\\\/\\\/www.sba.it\\\/?s={search_term_string}\"},\"query-input\":{\"@type\":\"PropertyValueSpecification\",\"valueRequired\":true,\"valueName\":\"search_term_string\"}}],\"inLanguage\":\"ru-RU\"},{\"@type\":\"Organization\",\"@id\":\"https:\\\/\\\/www.sba.it\\\/#organization\",\"name\":\"Societ\u00e0 di Belle Arti\",\"url\":\"https:\\\/\\\/www.sba.it\\\/\",\"logo\":{\"@type\":\"ImageObject\",\"inLanguage\":\"ru-RU\",\"@id\":\"https:\\\/\\\/www.sba.it\\\/#\\\/schema\\\/logo\\\/image\\\/\",\"url\":\"https:\\\/\\\/www.sba.it\\\/wp-content\\\/uploads\\\/2019\\\/04\\\/Logo-rosso_nero.png\",\"contentUrl\":\"https:\\\/\\\/www.sba.it\\\/wp-content\\\/uploads\\\/2019\\\/04\\\/Logo-rosso_nero.png\",\"width\":2532,\"height\":1137,\"caption\":\"Societ\u00e0 di Belle Arti\"},\"image\":{\"@id\":\"https:\\\/\\\/www.sba.it\\\/#\\\/schema\\\/logo\\\/image\\\/\"},\"sameAs\":[\"https:\\\/\\\/www.facebook.com\\\/pitturaitaliana800e900\\\/\",\"https:\\\/\\\/x.com\\\/SocietaArti\",\"https:\\\/\\\/www.instagram.com\\\/societadibellearti\",\"https:\\\/\\\/www.linkedin.com\\\/in\\\/societ\u00e0-di-belle-arti-363aa8191\\\/\",\"https:\\\/\\\/www.youtube.com\\\/channel\\\/UC6fJlk-ajwhsnEIICATyXaQ\"]}]}<\/script>\n<!-- \/ Yoast SEO plugin. -->","yoast_head_json":{"title":"Tommasi Angiolo (1858-1923). Biografia. Quadri in vendita.","description":"Angiolo Tommasi leggi la vita del pittore toscano dell'800, vendita e acquisto online quadri toscani dell'800 di Angiolo Tommasi scopri come","robots":{"index":"index","follow":"follow","max-snippet":"max-snippet:-1","max-image-preview":"max-image-preview:large","max-video-preview":"max-video-preview:-1"},"canonical":"https:\/\/www.sba.it\/ru\/\u0445\u0443\u0434\u043e\u0436\u043d\u0438\u043a\u0438\/tommasi-angiolo-biografia-quadri-in-vendita-postmacchiaioli\/","og_locale":"ru_RU","og_type":"article","og_title":"Tommasi Angiolo (1858-1923). Biografia. Quadri in vendita.","og_description":"Angiolo Tommasi leggi la vita del pittore toscano dell'800, vendita e acquisto online quadri toscani dell'800 di Angiolo Tommasi scopri come","og_url":"https:\/\/www.sba.it\/ru\/\u0445\u0443\u0434\u043e\u0436\u043d\u0438\u043a\u0438\/tommasi-angiolo-biografia-quadri-in-vendita-postmacchiaioli\/","og_site_name":"Societ\u00e0 di Belle Arti","article_publisher":"https:\/\/www.facebook.com\/pitturaitaliana800e900\/","article_modified_time":"2021-03-12T08:53:47+00:00","og_image":[{"width":300,"height":415,"url":"https:\/\/www.sba.it\/wp-content\/uploads\/2014\/05\/images_artisti_angiolo-tommasi-biografia-quadri-in-vendita.jpg","type":"image\/jpeg"}],"twitter_card":"summary_large_image","twitter_site":"@SocietaArti","twitter_misc":{"\u041f\u0440\u0438\u043c\u0435\u0440\u043d\u043e\u0435 \u0432\u0440\u0435\u043c\u044f \u0434\u043b\u044f \u0447\u0442\u0435\u043d\u0438\u044f":"2 \u043c\u0438\u043d\u0443\u0442\u044b"},"schema":{"@context":"https:\/\/schema.org","@graph":[{"@type":"WebPage","@id":"https:\/\/www.sba.it\/ru\/%d1%85%d1%83%d0%b4%d0%be%d0%b6%d0%bd%d0%b8%d0%ba%d0%b8\/tommasi-angiolo-biografia-quadri-in-vendita-postmacchiaioli\/","url":"https:\/\/www.sba.it\/ru\/%d1%85%d1%83%d0%b4%d0%be%d0%b6%d0%bd%d0%b8%d0%ba%d0%b8\/tommasi-angiolo-biografia-quadri-in-vendita-postmacchiaioli\/","name":"Tommasi Angiolo (1858-1923). Biografia. Quadri in vendita.","isPartOf":{"@id":"https:\/\/www.sba.it\/#website"},"primaryImageOfPage":{"@id":"https:\/\/www.sba.it\/ru\/%d1%85%d1%83%d0%b4%d0%be%d0%b6%d0%bd%d0%b8%d0%ba%d0%b8\/tommasi-angiolo-biografia-quadri-in-vendita-postmacchiaioli\/#primaryimage"},"image":{"@id":"https:\/\/www.sba.it\/ru\/%d1%85%d1%83%d0%b4%d0%be%d0%b6%d0%bd%d0%b8%d0%ba%d0%b8\/tommasi-angiolo-biografia-quadri-in-vendita-postmacchiaioli\/#primaryimage"},"thumbnailUrl":"https:\/\/www.sba.it\/wp-content\/uploads\/2014\/05\/images_artisti_angiolo-tommasi-biografia-quadri-in-vendita.jpg","datePublished":"2014-05-20T06:27:56+00:00","dateModified":"2021-03-12T08:53:47+00:00","description":"Angiolo Tommasi leggi la vita del pittore toscano dell'800, vendita e acquisto online quadri toscani dell'800 di Angiolo Tommasi scopri come","breadcrumb":{"@id":"https:\/\/www.sba.it\/ru\/%d1%85%d1%83%d0%b4%d0%be%d0%b6%d0%bd%d0%b8%d0%ba%d0%b8\/tommasi-angiolo-biografia-quadri-in-vendita-postmacchiaioli\/#breadcrumb"},"inLanguage":"ru-RU","potentialAction":[{"@type":"ReadAction","target":["https:\/\/www.sba.it\/ru\/%d1%85%d1%83%d0%b4%d0%be%d0%b6%d0%bd%d0%b8%d0%ba%d0%b8\/tommasi-angiolo-biografia-quadri-in-vendita-postmacchiaioli\/"]}]},{"@type":"ImageObject","inLanguage":"ru-RU","@id":"https:\/\/www.sba.it\/ru\/%d1%85%d1%83%d0%b4%d0%be%d0%b6%d0%bd%d0%b8%d0%ba%d0%b8\/tommasi-angiolo-biografia-quadri-in-vendita-postmacchiaioli\/#primaryimage","url":"https:\/\/www.sba.it\/wp-content\/uploads\/2014\/05\/images_artisti_angiolo-tommasi-biografia-quadri-in-vendita.jpg","contentUrl":"https:\/\/www.sba.it\/wp-content\/uploads\/2014\/05\/images_artisti_angiolo-tommasi-biografia-quadri-in-vendita.jpg","width":300,"height":415,"caption":"Foto di Angiolo Tommasi"},{"@type":"BreadcrumbList","@id":"https:\/\/www.sba.it\/ru\/%d1%85%d1%83%d0%b4%d0%be%d0%b6%d0%bd%d0%b8%d0%ba%d0%b8\/tommasi-angiolo-biografia-quadri-in-vendita-postmacchiaioli\/#breadcrumb","itemListElement":[{"@type":"ListItem","position":1,"name":"Home","item":"https:\/\/www.sba.it\/ru\/"},{"@type":"ListItem","position":2,"name":"\u0425\u0423\u0414\u041e\u0416\u041d\u0418\u041a\u0418","item":"https:\/\/www.sba.it\/ru\/%d1%85%d1%83%d0%b4%d0%be%d0%b6%d0%bd%d0%b8%d0%ba%d0%b8\/"},{"@type":"ListItem","position":3,"name":"Tommasi Angiolo (1858-1923). Biografia. Quadri in vendita."}]},{"@type":"WebSite","@id":"https:\/\/www.sba.it\/#website","url":"https:\/\/www.sba.it\/","name":"Societ\u00e0 di Belle Arti","description":"Quadri macchiaioli e del 800 e 900 in vendita","publisher":{"@id":"https:\/\/www.sba.it\/#organization"},"potentialAction":[{"@type":"SearchAction","target":{"@type":"EntryPoint","urlTemplate":"https:\/\/www.sba.it\/?s={search_term_string}"},"query-input":{"@type":"PropertyValueSpecification","valueRequired":true,"valueName":"search_term_string"}}],"inLanguage":"ru-RU"},{"@type":"Organization","@id":"https:\/\/www.sba.it\/#organization","name":"Societ\u00e0 di Belle Arti","url":"https:\/\/www.sba.it\/","logo":{"@type":"ImageObject","inLanguage":"ru-RU","@id":"https:\/\/www.sba.it\/#\/schema\/logo\/image\/","url":"https:\/\/www.sba.it\/wp-content\/uploads\/2019\/04\/Logo-rosso_nero.png","contentUrl":"https:\/\/www.sba.it\/wp-content\/uploads\/2019\/04\/Logo-rosso_nero.png","width":2532,"height":1137,"caption":"Societ\u00e0 di Belle Arti"},"image":{"@id":"https:\/\/www.sba.it\/#\/schema\/logo\/image\/"},"sameAs":["https:\/\/www.facebook.com\/pitturaitaliana800e900\/","https:\/\/x.com\/SocietaArti","https:\/\/www.instagram.com\/societadibellearti","https:\/\/www.linkedin.com\/in\/societ\u00e0-di-belle-arti-363aa8191\/","https:\/\/www.youtube.com\/channel\/UC6fJlk-ajwhsnEIICATyXaQ"]}]}},"_links":{"self":[{"href":"https:\/\/www.sba.it\/ru\/wp-json\/wp\/v2\/pages\/74250","targetHints":{"allow":["GET"]}}],"collection":[{"href":"https:\/\/www.sba.it\/ru\/wp-json\/wp\/v2\/pages"}],"about":[{"href":"https:\/\/www.sba.it\/ru\/wp-json\/wp\/v2\/types\/page"}],"author":[{"embeddable":true,"href":"https:\/\/www.sba.it\/ru\/wp-json\/wp\/v2\/users\/2"}],"replies":[{"embeddable":true,"href":"https:\/\/www.sba.it\/ru\/wp-json\/wp\/v2\/comments?post=74250"}],"version-history":[{"count":4,"href":"https:\/\/www.sba.it\/ru\/wp-json\/wp\/v2\/pages\/74250\/revisions"}],"predecessor-version":[{"id":88674,"href":"https:\/\/www.sba.it\/ru\/wp-json\/wp\/v2\/pages\/74250\/revisions\/88674"}],"up":[{"embeddable":true,"href":"https:\/\/www.sba.it\/ru\/wp-json\/wp\/v2\/pages\/73491"}],"wp:featuredmedia":[{"embeddable":true,"href":"https:\/\/www.sba.it\/ru\/wp-json\/wp\/v2\/media\/1701"}],"wp:attachment":[{"href":"https:\/\/www.sba.it\/ru\/wp-json\/wp\/v2\/media?parent=74250"}],"curies":[{"name":"wp","href":"https:\/\/api.w.org\/{rel}","templated":true}]}}