{"id":74219,"date":"2014-07-09T08:17:39","date_gmt":"2014-07-09T06:17:39","guid":{"rendered":"http:\/\/www.sba.it\/benvenuto-benvenuti-biografia-quadri-in-vendita-postmacchiaioli-valutazione-stima-perizia-certificata-di-dipinti-di-benvenuto-benvenuti\/"},"modified":"2021-03-12T09:53:29","modified_gmt":"2021-03-12T08:53:29","slug":"benvenuto-benvenuti-biografia-quadri-in-vendita-postmacchiaioli-valutazione-stima-perizia-certificata-di-dipinti-di-benvenuto-benvenuti","status":"publish","type":"page","link":"https:\/\/www.sba.it\/ru\/%d1%85%d1%83%d0%b4%d0%be%d0%b6%d0%bd%d0%b8%d0%ba%d0%b8\/benvenuto-benvenuti-biografia-quadri-in-vendita-postmacchiaioli-valutazione-stima-perizia-certificata-di-dipinti-di-benvenuto-benvenuti\/","title":{"rendered":"Benvenuti Benvenuto (1881-1959). Biografia. Quadri in vendita."},"content":{"rendered":"<p><img decoding=\"async\" class=\" alignleft size-full wp-image-1718\" style=\"margin-right: 20px; float: left;\" src=\"http:\/\/www.sba.it\/wp-content\/uploads\/2014\/07\/images_artisti_Benvenuto-Benvenuti-quadri-in-vendita.jpg\" alt=\"Benvenuto-Benvenuti-quadri-in-vendita\" width=\"300\" height=\"368\" srcset=\"https:\/\/www.sba.it\/wp-content\/uploads\/2014\/07\/images_artisti_Benvenuto-Benvenuti-quadri-in-vendita.jpg 300w, https:\/\/www.sba.it\/wp-content\/uploads\/2014\/07\/images_artisti_Benvenuto-Benvenuti-quadri-in-vendita-245x300.jpg 245w\" sizes=\"(max-width: 300px) 100vw, 300px\" \/><\/p>\n<p>Benvenuto Benvenuti nasce a Livorno il 5 ottobre 1881.<\/p>\n<p>Frequenta i corsi di disegno della Scuola di Arti e Mestieri sotto la guida di Lorenzo Checchi.<\/p>\n<p>Si perfeziona poi all&#8217;<a href=\"http:\/\/www.accademia.firenze.it\/it\/\">Accademia di Firenze<\/a> tornando a Livorno nel 1896 e stringendo amicizia con altri coetanei, futuri protagonisti della vita culturale livornese, quali <strong><a href=\"https:\/\/www.sba.it\/ru\/%d1%85%d1%83%d0%b4%d0%be%d0%b6%d0%bd%d0%b8%d0%ba%d0%b8\/lloyd-llewelyn-biografia-quadri-in-vendita-valutazione-stima-perizia-certificata-di-dipinti-di-lloyd-llewelyn\/\">Llewelyn LLoyd<\/a><\/strong>, Renato Natali e Gino Romiti.<\/p>\n<p>I suoi primi lavori risentono della tradizione toscana tardomacchiaiola, oscillando tra l&#8217;influsso di <strong><a href=\"http:\/\/www.sba.it\/fattori-giovanni-biografia-quadri-macchiaioli-in-vendita-valutazione-stima-perizia-certificata-di-dipinti-di-giovanni-fattori\/\">Giovanni Fattori<\/a><\/strong> e <strong><a href=\"https:\/\/www.sba.it\/ru\/%d1%85%d1%83%d0%b4%d0%be%d0%b6%d0%bd%d0%b8%d0%ba%d0%b8\/signorini-telemaco-biografia-quadri-in-vendita-macchiaioli-valutazione-stime-e-perizie-certificate-su-dipinti-macchiaioli-di-telemaco-signorini\/\">Telemaco Signorini<\/a><\/strong> e quello di <strong><a href=\"https:\/\/www.sba.it\/ru\/%d1%85%d1%83%d0%b4%d0%be%d0%b6%d0%bd%d0%b8%d0%ba%d0%b8\/tommasi-adolfo-biografia-quadri-in-vendita-valutazione-stima-perizia-certificata-di-dipinti-di-tommasi-adolfo\/\">Adolfo Tommasi<\/a><\/strong>.<\/p>\n<p>Nel 1899 conosce<strong> <a href=\"https:\/\/www.sba.it\/ru\/%d1%85%d1%83%d0%b4%d0%be%d0%b6%d0%bd%d0%b8%d0%ba%d0%b8\/grubicy-de-dragon-vittore-biografia-quadri-in-vendita-postmacchiaioli-valutazione-stima-perizia-certificata-di-dipinti-di-grubicy-de-dragon-vittore\/\">Vittore Grubicy<\/a><\/strong> orientandosi cos\u00ec verso un tipo di pittura decisamente divisionista, a quel tempo gi\u00e0 diffusa a Livorno grazie a <a href=\"https:\/\/www.sba.it\/artisti-in-galleria\/nomellini-plinio-biografia-quadri-in-vendita-valutazione-stima-perizia-certificata-di-dipinti-di-nomellini-plinio\/\"><strong>Plinio Nomellini<\/strong><\/a>.<\/p>\n<p>Dopo aver partecipato all&#8217;Esposizione Nazionale di Milano nel 1906 con il trittico <em>Sensazioni luminose,<\/em> presenta alcuni suoi dipinti al Salon des Peintres divisionnistes italiens organizzato l&#8217;anno dopo\u00a0 a Parigi da Alberto Grubicy, fratello di Vittore, insieme a <strong><a href=\"https:\/\/www.sba.it\/ru\/%d1%85%d1%83%d0%b4%d0%be%d0%b6%d0%bd%d0%b8%d0%ba%d0%b8\/previati-gaetano-biografia-vendita-quadri-e-dipinti-di-gaetano-previati\/\">Gaetano Previati<\/a><\/strong>, <strong><a href=\"https:\/\/www.sba.it\/ru\/%d1%85%d1%83%d0%b4%d0%be%d0%b6%d0%bd%d0%b8%d0%ba%d0%b8\/fornara-carlo-biografia-quadri-in-vendita-valutazione-stima-perizia-certificata-di-dipinti-di-fornara-carlo\/\">Carlo Fornara<\/a>\u00a0<\/strong> e numerosi altri artisti.<\/p>\n<p>Nel 1921 sposa la cugina Vion Minelli dalla quale avr\u00e0 due figli: Vittore nel 1922 e Ettore quattro anni pi\u00f9 tardi.<\/p>\n<p>E&#8217;questo per lui un periodo di importanti rassegne personali presso la Bottega d&#8217;Arte di Livorno (1923,1930), il Circolo di Cultura di Bologna (1927), la Galleria Scopinich di Milano (1935) e la Saletta Rizzi di Firenze (1935).<\/p>\n<p>Dal 1940 al &#8217;43 soggiorna in Maremma dipingendo grandi opere dense di significati simbolici.<\/p>\n<p>Rientrato a Livorno vive nel suo &#171;Eremo&#187; sulle colline di Antignano.<\/p>\n<p>Una malattia lo sta portando alla cecit\u00e0 e non pu\u00f2 pi\u00f9 lavorare.<\/p>\n<p>Bottega d&#8217;Arte e la Galleria Cocchini di Livorno organizzano nel 1957 le sue ultime mostre personali.<\/p>\n<p>Benvenuto Benvenuti muore a Livorno il 15 gennaio 1959.<\/p>\n<p>&nbsp;<\/p>\n<p>&nbsp;<\/p>\n<h3 style=\"font-size: 12pt;\"><a href=\"https:\/\/www.sba.it\/ru\/%d1%81%d0%be%d0%b2%d0%b5%d1%80%d1%88%d0%b5%d0%bd%d1%81%d1%82%d0%b2%d0%b0\/\">CATALOGO OPERE\u00a0<\/a> | \u00a0<a href=\"https:\/\/www.sba.it\/ru\/%d0%bf%d1%80%d0%be%d0%b4%d0%b0%d1%82%d1%8c\/\">VUOI VENDERE O COMPRARE UN QUADRO DI QUESTO ARTISTA?<\/a><\/h3>\n","protected":false},"excerpt":{"rendered":"<p>Benvenuto Benvenuti nasce a Livorno il 5 ottobre 1881. Frequenta i corsi di disegno della Scuola di Arti e Mestieri [&hellip;]<\/p>\n","protected":false},"author":2,"featured_media":1721,"parent":73491,"menu_order":112,"comment_status":"closed","ping_status":"closed","template":"","meta":{"_monsterinsights_skip_tracking":false,"_monsterinsights_sitenote_active":false,"_monsterinsights_sitenote_note":"","_monsterinsights_sitenote_category":0,"footnotes":""},"class_list":["post-74219","page","type-page","status-publish","has-post-thumbnail","hentry","page_category-1277"],"yoast_head":"<!-- This site is optimized with the Yoast SEO plugin v27.5 - https:\/\/yoast.com\/product\/yoast-seo-wordpress\/ -->\n<title>Benvenuti Benvenuto (1881-1959). Biografia. Quadri in vendita.<\/title>\n<meta name=\"description\" content=\"Benvenuto Benvenutileggi la vita del pittore toscano del 900, vendita e acquisto online quadri del 900 di Benvenuto Benvenuti scopri come\" \/>\n<meta name=\"robots\" content=\"index, follow, max-snippet:-1, max-image-preview:large, max-video-preview:-1\" \/>\n<link rel=\"canonical\" href=\"https:\/\/www.sba.it\/ru\/\u0445\u0443\u0434\u043e\u0436\u043d\u0438\u043a\u0438\/benvenuto-benvenuti-biografia-quadri-in-vendita-postmacchiaioli-valutazione-stima-perizia-certificata-di-dipinti-di-benvenuto-benvenuti\/\" \/>\n<meta property=\"og:locale\" content=\"ru_RU\" \/>\n<meta property=\"og:type\" content=\"article\" \/>\n<meta property=\"og:title\" content=\"Benvenuti Benvenuto (1881-1959). Biografia. Quadri in vendita.\" \/>\n<meta property=\"og:description\" content=\"Benvenuto Benvenutileggi la vita del pittore toscano del 900, vendita e acquisto online quadri del 900 di Benvenuto Benvenuti scopri come\" \/>\n<meta property=\"og:url\" content=\"https:\/\/www.sba.it\/ru\/\u0445\u0443\u0434\u043e\u0436\u043d\u0438\u043a\u0438\/benvenuto-benvenuti-biografia-quadri-in-vendita-postmacchiaioli-valutazione-stima-perizia-certificata-di-dipinti-di-benvenuto-benvenuti\/\" \/>\n<meta property=\"og:site_name\" content=\"Societ\u00e0 di Belle Arti\" \/>\n<meta property=\"article:publisher\" content=\"https:\/\/www.facebook.com\/pitturaitaliana800e900\/\" \/>\n<meta property=\"article:modified_time\" content=\"2021-03-12T08:53:29+00:00\" \/>\n<meta property=\"og:image\" content=\"https:\/\/www.sba.it\/wp-content\/uploads\/2014\/07\/images_artisti_Benvenuto-Benvenuti-quadri-in-vendita.jpg\" \/>\n\t<meta property=\"og:image:width\" content=\"300\" \/>\n\t<meta property=\"og:image:height\" content=\"368\" \/>\n\t<meta property=\"og:image:type\" content=\"image\/jpeg\" \/>\n<meta name=\"twitter:card\" content=\"summary_large_image\" \/>\n<meta name=\"twitter:site\" content=\"@SocietaArti\" \/>\n<meta name=\"twitter:label1\" content=\"\u041f\u0440\u0438\u043c\u0435\u0440\u043d\u043e\u0435 \u0432\u0440\u0435\u043c\u044f \u0434\u043b\u044f \u0447\u0442\u0435\u043d\u0438\u044f\" \/>\n\t<meta name=\"twitter:data1\" content=\"1 \u043c\u0438\u043d\u0443\u0442\u0430\" \/>\n<script type=\"application\/ld+json\" class=\"yoast-schema-graph\">{\"@context\":\"https:\\\/\\\/schema.org\",\"@graph\":[{\"@type\":\"WebPage\",\"@id\":\"https:\\\/\\\/www.sba.it\\\/ru\\\/%d1%85%d1%83%d0%b4%d0%be%d0%b6%d0%bd%d0%b8%d0%ba%d0%b8\\\/benvenuto-benvenuti-biografia-quadri-in-vendita-postmacchiaioli-valutazione-stima-perizia-certificata-di-dipinti-di-benvenuto-benvenuti\\\/\",\"url\":\"https:\\\/\\\/www.sba.it\\\/ru\\\/%d1%85%d1%83%d0%b4%d0%be%d0%b6%d0%bd%d0%b8%d0%ba%d0%b8\\\/benvenuto-benvenuti-biografia-quadri-in-vendita-postmacchiaioli-valutazione-stima-perizia-certificata-di-dipinti-di-benvenuto-benvenuti\\\/\",\"name\":\"Benvenuti Benvenuto (1881-1959). Biografia. Quadri in vendita.\",\"isPartOf\":{\"@id\":\"https:\\\/\\\/www.sba.it\\\/#website\"},\"primaryImageOfPage\":{\"@id\":\"https:\\\/\\\/www.sba.it\\\/ru\\\/%d1%85%d1%83%d0%b4%d0%be%d0%b6%d0%bd%d0%b8%d0%ba%d0%b8\\\/benvenuto-benvenuti-biografia-quadri-in-vendita-postmacchiaioli-valutazione-stima-perizia-certificata-di-dipinti-di-benvenuto-benvenuti\\\/#primaryimage\"},\"image\":{\"@id\":\"https:\\\/\\\/www.sba.it\\\/ru\\\/%d1%85%d1%83%d0%b4%d0%be%d0%b6%d0%bd%d0%b8%d0%ba%d0%b8\\\/benvenuto-benvenuti-biografia-quadri-in-vendita-postmacchiaioli-valutazione-stima-perizia-certificata-di-dipinti-di-benvenuto-benvenuti\\\/#primaryimage\"},\"thumbnailUrl\":\"https:\\\/\\\/www.sba.it\\\/wp-content\\\/uploads\\\/2014\\\/07\\\/images_artisti_Benvenuto-Benvenuti-quadri-in-vendita.jpg\",\"datePublished\":\"2014-07-09T06:17:39+00:00\",\"dateModified\":\"2021-03-12T08:53:29+00:00\",\"description\":\"Benvenuto Benvenutileggi la vita del pittore toscano del 900, vendita e acquisto online quadri del 900 di Benvenuto Benvenuti scopri come\",\"breadcrumb\":{\"@id\":\"https:\\\/\\\/www.sba.it\\\/ru\\\/%d1%85%d1%83%d0%b4%d0%be%d0%b6%d0%bd%d0%b8%d0%ba%d0%b8\\\/benvenuto-benvenuti-biografia-quadri-in-vendita-postmacchiaioli-valutazione-stima-perizia-certificata-di-dipinti-di-benvenuto-benvenuti\\\/#breadcrumb\"},\"inLanguage\":\"ru-RU\",\"potentialAction\":[{\"@type\":\"ReadAction\",\"target\":[\"https:\\\/\\\/www.sba.it\\\/ru\\\/%d1%85%d1%83%d0%b4%d0%be%d0%b6%d0%bd%d0%b8%d0%ba%d0%b8\\\/benvenuto-benvenuti-biografia-quadri-in-vendita-postmacchiaioli-valutazione-stima-perizia-certificata-di-dipinti-di-benvenuto-benvenuti\\\/\"]}]},{\"@type\":\"ImageObject\",\"inLanguage\":\"ru-RU\",\"@id\":\"https:\\\/\\\/www.sba.it\\\/ru\\\/%d1%85%d1%83%d0%b4%d0%be%d0%b6%d0%bd%d0%b8%d0%ba%d0%b8\\\/benvenuto-benvenuti-biografia-quadri-in-vendita-postmacchiaioli-valutazione-stima-perizia-certificata-di-dipinti-di-benvenuto-benvenuti\\\/#primaryimage\",\"url\":\"https:\\\/\\\/www.sba.it\\\/wp-content\\\/uploads\\\/2014\\\/07\\\/images_artisti_Benvenuto-Benvenuti-quadri-in-vendita.jpg\",\"contentUrl\":\"https:\\\/\\\/www.sba.it\\\/wp-content\\\/uploads\\\/2014\\\/07\\\/images_artisti_Benvenuto-Benvenuti-quadri-in-vendita.jpg\",\"width\":300,\"height\":368,\"caption\":\"Foto di Benvenuto Benvenuti\"},{\"@type\":\"BreadcrumbList\",\"@id\":\"https:\\\/\\\/www.sba.it\\\/ru\\\/%d1%85%d1%83%d0%b4%d0%be%d0%b6%d0%bd%d0%b8%d0%ba%d0%b8\\\/benvenuto-benvenuti-biografia-quadri-in-vendita-postmacchiaioli-valutazione-stima-perizia-certificata-di-dipinti-di-benvenuto-benvenuti\\\/#breadcrumb\",\"itemListElement\":[{\"@type\":\"ListItem\",\"position\":1,\"name\":\"Home\",\"item\":\"https:\\\/\\\/www.sba.it\\\/ru\\\/\"},{\"@type\":\"ListItem\",\"position\":2,\"name\":\"\u0425\u0423\u0414\u041e\u0416\u041d\u0418\u041a\u0418\",\"item\":\"https:\\\/\\\/www.sba.it\\\/ru\\\/%d1%85%d1%83%d0%b4%d0%be%d0%b6%d0%bd%d0%b8%d0%ba%d0%b8\\\/\"},{\"@type\":\"ListItem\",\"position\":3,\"name\":\"Benvenuti Benvenuto (1881-1959). Biografia. Quadri in vendita.\"}]},{\"@type\":\"WebSite\",\"@id\":\"https:\\\/\\\/www.sba.it\\\/#website\",\"url\":\"https:\\\/\\\/www.sba.it\\\/\",\"name\":\"Societ\u00e0 di Belle Arti\",\"description\":\"Quadri macchiaioli e del 800 e 900 in vendita\",\"publisher\":{\"@id\":\"https:\\\/\\\/www.sba.it\\\/#organization\"},\"potentialAction\":[{\"@type\":\"SearchAction\",\"target\":{\"@type\":\"EntryPoint\",\"urlTemplate\":\"https:\\\/\\\/www.sba.it\\\/?s={search_term_string}\"},\"query-input\":{\"@type\":\"PropertyValueSpecification\",\"valueRequired\":true,\"valueName\":\"search_term_string\"}}],\"inLanguage\":\"ru-RU\"},{\"@type\":\"Organization\",\"@id\":\"https:\\\/\\\/www.sba.it\\\/#organization\",\"name\":\"Societ\u00e0 di Belle Arti\",\"url\":\"https:\\\/\\\/www.sba.it\\\/\",\"logo\":{\"@type\":\"ImageObject\",\"inLanguage\":\"ru-RU\",\"@id\":\"https:\\\/\\\/www.sba.it\\\/#\\\/schema\\\/logo\\\/image\\\/\",\"url\":\"https:\\\/\\\/www.sba.it\\\/wp-content\\\/uploads\\\/2019\\\/04\\\/Logo-rosso_nero.png\",\"contentUrl\":\"https:\\\/\\\/www.sba.it\\\/wp-content\\\/uploads\\\/2019\\\/04\\\/Logo-rosso_nero.png\",\"width\":2532,\"height\":1137,\"caption\":\"Societ\u00e0 di Belle Arti\"},\"image\":{\"@id\":\"https:\\\/\\\/www.sba.it\\\/#\\\/schema\\\/logo\\\/image\\\/\"},\"sameAs\":[\"https:\\\/\\\/www.facebook.com\\\/pitturaitaliana800e900\\\/\",\"https:\\\/\\\/x.com\\\/SocietaArti\",\"https:\\\/\\\/www.instagram.com\\\/societadibellearti\",\"https:\\\/\\\/www.linkedin.com\\\/in\\\/societ\u00e0-di-belle-arti-363aa8191\\\/\",\"https:\\\/\\\/www.youtube.com\\\/channel\\\/UC6fJlk-ajwhsnEIICATyXaQ\"]}]}<\/script>\n<!-- \/ Yoast SEO plugin. -->","yoast_head_json":{"title":"Benvenuti Benvenuto (1881-1959). Biografia. Quadri in vendita.","description":"Benvenuto Benvenutileggi la vita del pittore toscano del 900, vendita e acquisto online quadri del 900 di Benvenuto Benvenuti scopri come","robots":{"index":"index","follow":"follow","max-snippet":"max-snippet:-1","max-image-preview":"max-image-preview:large","max-video-preview":"max-video-preview:-1"},"canonical":"https:\/\/www.sba.it\/ru\/\u0445\u0443\u0434\u043e\u0436\u043d\u0438\u043a\u0438\/benvenuto-benvenuti-biografia-quadri-in-vendita-postmacchiaioli-valutazione-stima-perizia-certificata-di-dipinti-di-benvenuto-benvenuti\/","og_locale":"ru_RU","og_type":"article","og_title":"Benvenuti Benvenuto (1881-1959). Biografia. Quadri in vendita.","og_description":"Benvenuto Benvenutileggi la vita del pittore toscano del 900, vendita e acquisto online quadri del 900 di Benvenuto Benvenuti scopri come","og_url":"https:\/\/www.sba.it\/ru\/\u0445\u0443\u0434\u043e\u0436\u043d\u0438\u043a\u0438\/benvenuto-benvenuti-biografia-quadri-in-vendita-postmacchiaioli-valutazione-stima-perizia-certificata-di-dipinti-di-benvenuto-benvenuti\/","og_site_name":"Societ\u00e0 di Belle Arti","article_publisher":"https:\/\/www.facebook.com\/pitturaitaliana800e900\/","article_modified_time":"2021-03-12T08:53:29+00:00","og_image":[{"width":300,"height":368,"url":"https:\/\/www.sba.it\/wp-content\/uploads\/2014\/07\/images_artisti_Benvenuto-Benvenuti-quadri-in-vendita.jpg","type":"image\/jpeg"}],"twitter_card":"summary_large_image","twitter_site":"@SocietaArti","twitter_misc":{"\u041f\u0440\u0438\u043c\u0435\u0440\u043d\u043e\u0435 \u0432\u0440\u0435\u043c\u044f \u0434\u043b\u044f \u0447\u0442\u0435\u043d\u0438\u044f":"1 \u043c\u0438\u043d\u0443\u0442\u0430"},"schema":{"@context":"https:\/\/schema.org","@graph":[{"@type":"WebPage","@id":"https:\/\/www.sba.it\/ru\/%d1%85%d1%83%d0%b4%d0%be%d0%b6%d0%bd%d0%b8%d0%ba%d0%b8\/benvenuto-benvenuti-biografia-quadri-in-vendita-postmacchiaioli-valutazione-stima-perizia-certificata-di-dipinti-di-benvenuto-benvenuti\/","url":"https:\/\/www.sba.it\/ru\/%d1%85%d1%83%d0%b4%d0%be%d0%b6%d0%bd%d0%b8%d0%ba%d0%b8\/benvenuto-benvenuti-biografia-quadri-in-vendita-postmacchiaioli-valutazione-stima-perizia-certificata-di-dipinti-di-benvenuto-benvenuti\/","name":"Benvenuti Benvenuto (1881-1959). Biografia. Quadri in vendita.","isPartOf":{"@id":"https:\/\/www.sba.it\/#website"},"primaryImageOfPage":{"@id":"https:\/\/www.sba.it\/ru\/%d1%85%d1%83%d0%b4%d0%be%d0%b6%d0%bd%d0%b8%d0%ba%d0%b8\/benvenuto-benvenuti-biografia-quadri-in-vendita-postmacchiaioli-valutazione-stima-perizia-certificata-di-dipinti-di-benvenuto-benvenuti\/#primaryimage"},"image":{"@id":"https:\/\/www.sba.it\/ru\/%d1%85%d1%83%d0%b4%d0%be%d0%b6%d0%bd%d0%b8%d0%ba%d0%b8\/benvenuto-benvenuti-biografia-quadri-in-vendita-postmacchiaioli-valutazione-stima-perizia-certificata-di-dipinti-di-benvenuto-benvenuti\/#primaryimage"},"thumbnailUrl":"https:\/\/www.sba.it\/wp-content\/uploads\/2014\/07\/images_artisti_Benvenuto-Benvenuti-quadri-in-vendita.jpg","datePublished":"2014-07-09T06:17:39+00:00","dateModified":"2021-03-12T08:53:29+00:00","description":"Benvenuto Benvenutileggi la vita del pittore toscano del 900, vendita e acquisto online quadri del 900 di Benvenuto Benvenuti scopri come","breadcrumb":{"@id":"https:\/\/www.sba.it\/ru\/%d1%85%d1%83%d0%b4%d0%be%d0%b6%d0%bd%d0%b8%d0%ba%d0%b8\/benvenuto-benvenuti-biografia-quadri-in-vendita-postmacchiaioli-valutazione-stima-perizia-certificata-di-dipinti-di-benvenuto-benvenuti\/#breadcrumb"},"inLanguage":"ru-RU","potentialAction":[{"@type":"ReadAction","target":["https:\/\/www.sba.it\/ru\/%d1%85%d1%83%d0%b4%d0%be%d0%b6%d0%bd%d0%b8%d0%ba%d0%b8\/benvenuto-benvenuti-biografia-quadri-in-vendita-postmacchiaioli-valutazione-stima-perizia-certificata-di-dipinti-di-benvenuto-benvenuti\/"]}]},{"@type":"ImageObject","inLanguage":"ru-RU","@id":"https:\/\/www.sba.it\/ru\/%d1%85%d1%83%d0%b4%d0%be%d0%b6%d0%bd%d0%b8%d0%ba%d0%b8\/benvenuto-benvenuti-biografia-quadri-in-vendita-postmacchiaioli-valutazione-stima-perizia-certificata-di-dipinti-di-benvenuto-benvenuti\/#primaryimage","url":"https:\/\/www.sba.it\/wp-content\/uploads\/2014\/07\/images_artisti_Benvenuto-Benvenuti-quadri-in-vendita.jpg","contentUrl":"https:\/\/www.sba.it\/wp-content\/uploads\/2014\/07\/images_artisti_Benvenuto-Benvenuti-quadri-in-vendita.jpg","width":300,"height":368,"caption":"Foto di Benvenuto Benvenuti"},{"@type":"BreadcrumbList","@id":"https:\/\/www.sba.it\/ru\/%d1%85%d1%83%d0%b4%d0%be%d0%b6%d0%bd%d0%b8%d0%ba%d0%b8\/benvenuto-benvenuti-biografia-quadri-in-vendita-postmacchiaioli-valutazione-stima-perizia-certificata-di-dipinti-di-benvenuto-benvenuti\/#breadcrumb","itemListElement":[{"@type":"ListItem","position":1,"name":"Home","item":"https:\/\/www.sba.it\/ru\/"},{"@type":"ListItem","position":2,"name":"\u0425\u0423\u0414\u041e\u0416\u041d\u0418\u041a\u0418","item":"https:\/\/www.sba.it\/ru\/%d1%85%d1%83%d0%b4%d0%be%d0%b6%d0%bd%d0%b8%d0%ba%d0%b8\/"},{"@type":"ListItem","position":3,"name":"Benvenuti Benvenuto (1881-1959). Biografia. Quadri in vendita."}]},{"@type":"WebSite","@id":"https:\/\/www.sba.it\/#website","url":"https:\/\/www.sba.it\/","name":"Societ\u00e0 di Belle Arti","description":"Quadri macchiaioli e del 800 e 900 in vendita","publisher":{"@id":"https:\/\/www.sba.it\/#organization"},"potentialAction":[{"@type":"SearchAction","target":{"@type":"EntryPoint","urlTemplate":"https:\/\/www.sba.it\/?s={search_term_string}"},"query-input":{"@type":"PropertyValueSpecification","valueRequired":true,"valueName":"search_term_string"}}],"inLanguage":"ru-RU"},{"@type":"Organization","@id":"https:\/\/www.sba.it\/#organization","name":"Societ\u00e0 di Belle Arti","url":"https:\/\/www.sba.it\/","logo":{"@type":"ImageObject","inLanguage":"ru-RU","@id":"https:\/\/www.sba.it\/#\/schema\/logo\/image\/","url":"https:\/\/www.sba.it\/wp-content\/uploads\/2019\/04\/Logo-rosso_nero.png","contentUrl":"https:\/\/www.sba.it\/wp-content\/uploads\/2019\/04\/Logo-rosso_nero.png","width":2532,"height":1137,"caption":"Societ\u00e0 di Belle Arti"},"image":{"@id":"https:\/\/www.sba.it\/#\/schema\/logo\/image\/"},"sameAs":["https:\/\/www.facebook.com\/pitturaitaliana800e900\/","https:\/\/x.com\/SocietaArti","https:\/\/www.instagram.com\/societadibellearti","https:\/\/www.linkedin.com\/in\/societ\u00e0-di-belle-arti-363aa8191\/","https:\/\/www.youtube.com\/channel\/UC6fJlk-ajwhsnEIICATyXaQ"]}]}},"_links":{"self":[{"href":"https:\/\/www.sba.it\/ru\/wp-json\/wp\/v2\/pages\/74219","targetHints":{"allow":["GET"]}}],"collection":[{"href":"https:\/\/www.sba.it\/ru\/wp-json\/wp\/v2\/pages"}],"about":[{"href":"https:\/\/www.sba.it\/ru\/wp-json\/wp\/v2\/types\/page"}],"author":[{"embeddable":true,"href":"https:\/\/www.sba.it\/ru\/wp-json\/wp\/v2\/users\/2"}],"replies":[{"embeddable":true,"href":"https:\/\/www.sba.it\/ru\/wp-json\/wp\/v2\/comments?post=74219"}],"version-history":[{"count":3,"href":"https:\/\/www.sba.it\/ru\/wp-json\/wp\/v2\/pages\/74219\/revisions"}],"predecessor-version":[{"id":88669,"href":"https:\/\/www.sba.it\/ru\/wp-json\/wp\/v2\/pages\/74219\/revisions\/88669"}],"up":[{"embeddable":true,"href":"https:\/\/www.sba.it\/ru\/wp-json\/wp\/v2\/pages\/73491"}],"wp:featuredmedia":[{"embeddable":true,"href":"https:\/\/www.sba.it\/ru\/wp-json\/wp\/v2\/media\/1721"}],"wp:attachment":[{"href":"https:\/\/www.sba.it\/ru\/wp-json\/wp\/v2\/media?parent=74219"}],"curies":[{"name":"wp","href":"https:\/\/api.w.org\/{rel}","templated":true}]}}