{"id":74069,"date":"2013-11-28T16:29:01","date_gmt":"2013-11-28T15:29:01","guid":{"rendered":"http:\/\/www.sba.it\/pasini-alberto-biografia-quadri-in-vendita-valutazione-stima-perizia-certificata-di-dipinti-di-pasini-alberto\/"},"modified":"2020-10-07T10:03:08","modified_gmt":"2020-10-07T08:03:08","slug":"pasini-alberto-biografia-quadri-in-vendita-valutazione-stima-perizia-certificata-di-dipinti-di-pasini-alberto","status":"publish","type":"page","link":"https:\/\/www.sba.it\/ru\/%d1%85%d1%83%d0%b4%d0%be%d0%b6%d0%bd%d0%b8%d0%ba%d0%b8\/pasini-alberto-biografia-quadri-in-vendita-valutazione-stima-perizia-certificata-di-dipinti-di-pasini-alberto\/","title":{"rendered":"Pasini Alberto (1826-1899). Biografia. Quadri in vendita."},"content":{"rendered":"<p style=\"text-align: justify;\"><span style=\"line-height: 1.3em;\"><br \/>\n<\/span><br \/>\n<img decoding=\"async\" class=\" alignleft size-full wp-image-515\" style=\"margin-right: 20px; float: left;\" src=\"http:\/\/www.sba.it\/wp-content\/uploads\/2013\/11\/images_artisti_Pasini-Alberto-vendita-dipinti-orientali.jpg\" alt=\"Pasini-Alberto-vendita-dipinti-orientali\" width=\"300\" height=\"429\" srcset=\"https:\/\/www.sba.it\/wp-content\/uploads\/2013\/11\/images_artisti_Pasini-Alberto-vendita-dipinti-orientali.jpg 300w, https:\/\/www.sba.it\/wp-content\/uploads\/2013\/11\/images_artisti_Pasini-Alberto-vendita-dipinti-orientali-210x300.jpg 210w\" sizes=\"(max-width: 300px) 100vw, 300px\" \/>Alberto Pasini nacque a Busseto il 3 settembre 1826 da Giuseppe e Adelaide Crotti Balestra.<\/p>\n<p style=\"text-align: justify;\">Rimasto orfano di padre a soli due anni, si trasfer\u00ec con la madre a Parma.<\/p>\n<p style=\"text-align: justify;\">A 17 anni si iscrisse all\u2019<a href=\"https:\/\/accademianazionalebelleartiparma.it\/\">Accademia Parmense di Belle Arti,<\/a> assecondando le proprie naturali inclinazioni.<\/p>\n<p style=\"text-align: justify;\">Inizialmente segu\u00ec il corso di paesaggio per poi spostarsi alla classse di grafica e disegno.<\/p>\n<p style=\"text-align: justify;\">Gli studi anche se non portati a termine, ne influenzarono la formazione artistica fornendogli gli strumenti necessari per l&#8217;impostazione pittorica.<\/p>\n<p style=\"text-align: justify;\">Dopo aver partecipato come volontario alla I Guerra d\u2019Indipendenza si dedic\u00f2 con successo alla litografia.<\/p>\n<p style=\"text-align: justify;\">\u00a0Inizi\u00f2 infatti come \u00a0disegnatore e litografo eseguendo Trenta vedute di castelli del Piacentino in Lunigiana e nel Parmigiano (1850-51).<\/p>\n<p style=\"text-align: justify;\">Nel 1851, desideroso di uscire dall\u2019ambiente locale emiliano, grazie alla protezione di Paolo Toschi, allora direttore dell\u2019Accademia parmense e vecchio amico della famiglia Pasini, si rec\u00f2 a Parigi, fermandosi prima a Torino e a Ginevra.<\/p>\n<p style=\"text-align: justify;\">Nella capitale francese lavor\u00f2 presso il grande studio di litografia di Charles e Eug\u00e8ne Ciceri ( \u201c Ciceri fu subito contento di me, tanto che avrebbe voluto lasciar in libert\u00e0 un giovane artista per prender me a stipendio fisso; ma io rifiutai perch\u00e9 nel frattempo avevo cominciato ad entrar in buoni rapporti d\u2019amicizia con quel giovane. Continuai a frequentar lo studio del Ciceri, e quando non c\u2019erano litografie da fare egli mi lasciava dipingere, seguiva con vivo interesse i miei lavori, e mi incoraggiava calorosamente a proseguire, dicendomi che presto mi sarei fatto pittore per davvero\u201d E. Carotti, Alberto Pasini, In memoriam in &#171;Emporium&#187;, vol. 60 pg. 487) inserendosi completamente nello stimolante ambiente parigino.<\/p>\n<p style=\"text-align: justify;\">Nel 1853 partecip\u00f2 per la prima volta al Salon con la litografia intitolata La sera.<\/p>\n<p style=\"text-align: justify;\">L\u2019anno dopo, abbandonato lo studio Ciceri, and\u00f2 a lavorare presso Chass\u00e9riau che segn\u00f2 il suo destino inviandolo come pittore addetto al Ministro Bour\u00e9e in partenza per la Persia.<\/p>\n<p style=\"text-align: justify;\">Qui rimase per dieci mesi registrando con occhio attento i suggestivi paesaggi e riportandoli, disegno dopo disegno, su piccoli album portatili.<\/p>\n<p>Tornato a Parigi ,dopo aver attraversato l\u2019Egitto e l\u2019Armenia fino al Porto di Trebisonda, compose l\u2019ultima opera litografica:\u00a0Viaggio nell\u2019Egitto in Persia e nell\u2019Armenia.<\/p>\n<p>In seguito Pasini mise a frutto quell\u2019immenso patrimonio di memorie dando vita nei suoi dipinti ai piccoli caff\u00e8 persiani sotto gli alberi, alle caccie al falco, alle lunghe carovane.<\/p>\n<p>Al 1859 risale un secondo viaggio nel Desero Arabico, nel Sinai, sulle coste del Libano ed infine ad Atene.<\/p>\n<p>Un anno pi\u00f9 tardi spos\u00f2 Mariannina Celi di Borgotaro e nel 1862 nascer\u00e0 Claire.<\/p>\n<p>In Italia la critica ufficiale continuava ad essere piuttosto ostile nei suoi confronti mentre a Parigi la sua attivit\u00e0 aveva oramai raggiunto fama e notoriet\u00e0.<\/p>\n<p>Nel 1867, sempre al seguito del Ministro Bour\u00e9e, raggiunse Costantinopoli, dove lavor\u00f2 intensamente per nove mesi producendo 51 studi della citt\u00e0 con le sue cupole imponenti, i mercati e i venditori ambulanti.<br \/>\nNel 1868 torner\u00e0 in Turchia per consegnare quattro dipinti commissionatigli dal Sultano Abdul Aziz per abbellire il Palazzo del Dolmabah\u04ab\u00e9.<\/p>\n<p>La guerra del 1870 lo costrinse a rientrare in Italia e a stabilirsi a Cavoretto, presso Torino.<\/p>\n<p>Sei anni dopo tent\u00f2, nuovamente, di raggiungere la Turchia ma i disordini derivati dalla morte del Sultano Aziz lo bloccarono a Vienna.<\/p>\n<p>Sulla strada di ritorno si ferm\u00f2 a Venezia che da allora sostitu\u00ec per lui a pieno titolo l\u2019Oriente.<\/p>\n<p>Il grande successo fu infatti confermato nel 1876 quando a Parigi ricevette la nomina a Ufficiale della Legione d\u2019onore e la Medaglia d\u2019oro al Salon.<\/p>\n<p>Nel 1878 present\u00f2 undici dipinti all\u2019Esposizione Universale di Parigi che ben riassumevano il suo \u201corientalismo\u201d: &#171;in quelle undici tele di modeste dimensioni che, ingrandite, non avrebbero menomamente scapitato, si ammirava la fermezza del disegno; la prospettiva lineare ed aerea; il colore grasso, pastoso; la pennellata potente, maestra; la luce diffusa; l\u2019armonia delle tinte; la vaporosit\u00e0 dell\u2019atmosfera calda e imbalsamata; il tono verde scuro dei sicomori e il verde tenero delle aiuole, dei platani e dei palmizi; lo scoppiettio delle vesti; l\u2019intonazione d\u2019ambra delle carnagioni\u201d (E. Carotti, Alberto Pasini, In memoriam in &#171;Emporium&#187;, vol. 60 pg. 503).<\/p>\n<p>Seguirono due viaggi in Spagna e nell\u201988 esegu\u00ec il proprio Autoritratto per la <a href=\"https:\/\/www.uffizi.it\/magazine\/presentazione-vasariano-2019\">Galleria Vasariana degli Uffizi.<\/a><\/p>\n<p>L&#8217;ultima apparizione pubblica fu nel 1898 quando prese parte alla giuria dell\u2019Esposizione Nazionale di Torino del 1898.<\/p>\n<p>In quell\u2019occasione espose i suoi circa duecento studi dal vero conservati, fino ad allora, tra le mura domestiche.<\/p>\n<p>Alberto Pasini mor\u00ec\u00a0 a Cavoretto nel 1899.<\/p>\n<hr style=\"width: 1000px;\" \/>\n<h3 style=\"font-size: 12pt;\"><a href=\"https:\/\/www.sba.it\/ru\/%d1%81%d0%be%d0%b2%d0%b5%d1%80%d1%88%d0%b5%d0%bd%d1%81%d1%82%d0%b2%d0%b0\/\"><strong>CATALOGO OPERE<\/strong>\u00a0|<\/a>\u00a0<a href=\"https:\/\/www.sba.it\/ru\/%d0%bf%d1%80%d0%be%d0%b4%d0%b0%d1%82%d1%8c\/\">V<strong>UOI VENDERE O COMPRARE UN QUADRO DI QUESTO ARTISTA?\u00f9<\/strong><\/a><\/h3>\n<p><strong>BOOKSHOP:<a href=\"http:\/\/www.istitutomatteucci.it\/component\/hikashop\/product\/303-paesaggio-e-pittura-di-genere-nell-800-e-900-italiano\"><img decoding=\"async\" class=\"alignleft size-medium wp-image-86881\" src=\"http:\/\/www.sba.it\/wp-content\/uploads\/2020\/10\/Vincenzo-Caprile-vendita-quadri-e-libri-online-300x300.jpg\" alt=\"Alberto Pasini vendita quadri e libri online\" width=\"300\" height=\"300\" srcset=\"https:\/\/www.sba.it\/wp-content\/uploads\/2020\/10\/Vincenzo-Caprile-vendita-quadri-e-libri-online-300x300.jpg 300w, https:\/\/www.sba.it\/wp-content\/uploads\/2020\/10\/Vincenzo-Caprile-vendita-quadri-e-libri-online-150x150.jpg 150w, https:\/\/www.sba.it\/wp-content\/uploads\/2020\/10\/Vincenzo-Caprile-vendita-quadri-e-libri-online.jpg 350w\" sizes=\"(max-width: 300px) 100vw, 300px\" \/><\/a><\/strong><\/p>\n<p>&nbsp;<\/p>\n<p>&nbsp;<\/p>\n<p>&nbsp;<\/p>\n<p><a href=\"http:\/\/www.istitutomatteucci.it\/component\/hikashop\/product\/336-pasini-e-l-oriente-luci-e-colori-di-terre-lontane\"><img decoding=\"async\" class=\"alignleft size-medium wp-image-87676\" src=\"http:\/\/www.sba.it\/wp-content\/uploads\/2020\/10\/pasini-e-lorinete-300x300.jpg\" alt=\"Alberto pasini quadri e cataloghi in vendita online\" width=\"300\" height=\"300\" srcset=\"https:\/\/www.sba.it\/wp-content\/uploads\/2020\/10\/pasini-e-lorinete-300x300.jpg 300w, https:\/\/www.sba.it\/wp-content\/uploads\/2020\/10\/pasini-e-lorinete-150x150.jpg 150w, https:\/\/www.sba.it\/wp-content\/uploads\/2020\/10\/pasini-e-lorinete.jpg 350w\" sizes=\"(max-width: 300px) 100vw, 300px\" \/><\/a><\/p>\n","protected":false},"excerpt":{"rendered":"<p>Alberto Pasini nacque a Busseto il 3 settembre 1826 da Giuseppe e Adelaide Crotti Balestra. Rimasto orfano di padre a [&hellip;]<\/p>\n","protected":false},"author":1,"featured_media":518,"parent":73491,"menu_order":133,"comment_status":"closed","ping_status":"closed","template":"","meta":{"_monsterinsights_skip_tracking":false,"_monsterinsights_sitenote_active":false,"_monsterinsights_sitenote_note":"","_monsterinsights_sitenote_category":0,"footnotes":""},"class_list":["post-74069","page","type-page","status-publish","has-post-thumbnail","hentry","page_category-1277"],"yoast_head":"<!-- This site is optimized with the Yoast SEO plugin v27.4 - https:\/\/yoast.com\/product\/yoast-seo-wordpress\/ -->\n<title>Pasini Alberto (1826-1899). Biografia. Quadri in vendita.<\/title>\n<meta name=\"description\" content=\"Alberto Pasini leggi la vita del pittore dell&#039;800, vendita e acquisto online quadri dell&#039;800 scopri come, dove comprare Alberto Pasini\" \/>\n<meta name=\"robots\" content=\"index, follow, max-snippet:-1, max-image-preview:large, max-video-preview:-1\" \/>\n<link rel=\"canonical\" href=\"https:\/\/www.sba.it\/ru\/\u0445\u0443\u0434\u043e\u0436\u043d\u0438\u043a\u0438\/pasini-alberto-biografia-quadri-in-vendita-valutazione-stima-perizia-certificata-di-dipinti-di-pasini-alberto\/\" \/>\n<meta property=\"og:locale\" content=\"ru_RU\" \/>\n<meta property=\"og:type\" content=\"article\" \/>\n<meta property=\"og:title\" content=\"Pasini Alberto (1826-1899). Biografia. Quadri in vendita.\" \/>\n<meta property=\"og:description\" content=\"Alberto Pasini leggi la vita del pittore dell&#039;800, vendita e acquisto online quadri dell&#039;800 scopri come, dove comprare Alberto Pasini\" \/>\n<meta property=\"og:url\" content=\"https:\/\/www.sba.it\/ru\/\u0445\u0443\u0434\u043e\u0436\u043d\u0438\u043a\u0438\/pasini-alberto-biografia-quadri-in-vendita-valutazione-stima-perizia-certificata-di-dipinti-di-pasini-alberto\/\" \/>\n<meta property=\"og:site_name\" content=\"Societ\u00e0 di Belle Arti\" \/>\n<meta property=\"article:publisher\" content=\"https:\/\/www.facebook.com\/pitturaitaliana800e900\/\" \/>\n<meta property=\"article:modified_time\" content=\"2020-10-07T08:03:08+00:00\" \/>\n<meta property=\"og:image\" content=\"https:\/\/www.sba.it\/wp-content\/uploads\/2013\/11\/images_artisti_Pasini-Alberto-vendita-dipinti-orientali.jpg\" \/>\n\t<meta property=\"og:image:width\" content=\"300\" \/>\n\t<meta property=\"og:image:height\" content=\"429\" \/>\n\t<meta property=\"og:image:type\" content=\"image\/jpeg\" \/>\n<meta name=\"twitter:card\" content=\"summary_large_image\" \/>\n<meta name=\"twitter:site\" content=\"@SocietaArti\" \/>\n<meta name=\"twitter:label1\" content=\"\u041f\u0440\u0438\u043c\u0435\u0440\u043d\u043e\u0435 \u0432\u0440\u0435\u043c\u044f \u0434\u043b\u044f \u0447\u0442\u0435\u043d\u0438\u044f\" \/>\n\t<meta name=\"twitter:data1\" content=\"4 \u043c\u0438\u043d\u0443\u0442\u044b\" \/>\n<script type=\"application\/ld+json\" class=\"yoast-schema-graph\">{\"@context\":\"https:\\\/\\\/schema.org\",\"@graph\":[{\"@type\":\"WebPage\",\"@id\":\"https:\\\/\\\/www.sba.it\\\/ru\\\/%d1%85%d1%83%d0%b4%d0%be%d0%b6%d0%bd%d0%b8%d0%ba%d0%b8\\\/pasini-alberto-biografia-quadri-in-vendita-valutazione-stima-perizia-certificata-di-dipinti-di-pasini-alberto\\\/\",\"url\":\"https:\\\/\\\/www.sba.it\\\/ru\\\/%d1%85%d1%83%d0%b4%d0%be%d0%b6%d0%bd%d0%b8%d0%ba%d0%b8\\\/pasini-alberto-biografia-quadri-in-vendita-valutazione-stima-perizia-certificata-di-dipinti-di-pasini-alberto\\\/\",\"name\":\"Pasini Alberto (1826-1899). Biografia. Quadri in vendita.\",\"isPartOf\":{\"@id\":\"https:\\\/\\\/www.sba.it\\\/#website\"},\"primaryImageOfPage\":{\"@id\":\"https:\\\/\\\/www.sba.it\\\/ru\\\/%d1%85%d1%83%d0%b4%d0%be%d0%b6%d0%bd%d0%b8%d0%ba%d0%b8\\\/pasini-alberto-biografia-quadri-in-vendita-valutazione-stima-perizia-certificata-di-dipinti-di-pasini-alberto\\\/#primaryimage\"},\"image\":{\"@id\":\"https:\\\/\\\/www.sba.it\\\/ru\\\/%d1%85%d1%83%d0%b4%d0%be%d0%b6%d0%bd%d0%b8%d0%ba%d0%b8\\\/pasini-alberto-biografia-quadri-in-vendita-valutazione-stima-perizia-certificata-di-dipinti-di-pasini-alberto\\\/#primaryimage\"},\"thumbnailUrl\":\"https:\\\/\\\/www.sba.it\\\/wp-content\\\/uploads\\\/2013\\\/11\\\/images_artisti_Pasini-Alberto-vendita-dipinti-orientali.jpg\",\"datePublished\":\"2013-11-28T15:29:01+00:00\",\"dateModified\":\"2020-10-07T08:03:08+00:00\",\"description\":\"Alberto Pasini leggi la vita del pittore dell'800, vendita e acquisto online quadri dell'800 scopri come, dove comprare Alberto Pasini\",\"breadcrumb\":{\"@id\":\"https:\\\/\\\/www.sba.it\\\/ru\\\/%d1%85%d1%83%d0%b4%d0%be%d0%b6%d0%bd%d0%b8%d0%ba%d0%b8\\\/pasini-alberto-biografia-quadri-in-vendita-valutazione-stima-perizia-certificata-di-dipinti-di-pasini-alberto\\\/#breadcrumb\"},\"inLanguage\":\"ru-RU\",\"potentialAction\":[{\"@type\":\"ReadAction\",\"target\":[\"https:\\\/\\\/www.sba.it\\\/ru\\\/%d1%85%d1%83%d0%b4%d0%be%d0%b6%d0%bd%d0%b8%d0%ba%d0%b8\\\/pasini-alberto-biografia-quadri-in-vendita-valutazione-stima-perizia-certificata-di-dipinti-di-pasini-alberto\\\/\"]}]},{\"@type\":\"ImageObject\",\"inLanguage\":\"ru-RU\",\"@id\":\"https:\\\/\\\/www.sba.it\\\/ru\\\/%d1%85%d1%83%d0%b4%d0%be%d0%b6%d0%bd%d0%b8%d0%ba%d0%b8\\\/pasini-alberto-biografia-quadri-in-vendita-valutazione-stima-perizia-certificata-di-dipinti-di-pasini-alberto\\\/#primaryimage\",\"url\":\"https:\\\/\\\/www.sba.it\\\/wp-content\\\/uploads\\\/2013\\\/11\\\/images_artisti_Pasini-Alberto-vendita-dipinti-orientali.jpg\",\"contentUrl\":\"https:\\\/\\\/www.sba.it\\\/wp-content\\\/uploads\\\/2013\\\/11\\\/images_artisti_Pasini-Alberto-vendita-dipinti-orientali.jpg\",\"width\":300,\"height\":429,\"caption\":\"Foto di Alberto Pasini\"},{\"@type\":\"BreadcrumbList\",\"@id\":\"https:\\\/\\\/www.sba.it\\\/ru\\\/%d1%85%d1%83%d0%b4%d0%be%d0%b6%d0%bd%d0%b8%d0%ba%d0%b8\\\/pasini-alberto-biografia-quadri-in-vendita-valutazione-stima-perizia-certificata-di-dipinti-di-pasini-alberto\\\/#breadcrumb\",\"itemListElement\":[{\"@type\":\"ListItem\",\"position\":1,\"name\":\"Home\",\"item\":\"https:\\\/\\\/www.sba.it\\\/ru\\\/\"},{\"@type\":\"ListItem\",\"position\":2,\"name\":\"\u0425\u0423\u0414\u041e\u0416\u041d\u0418\u041a\u0418\",\"item\":\"https:\\\/\\\/www.sba.it\\\/ru\\\/%d1%85%d1%83%d0%b4%d0%be%d0%b6%d0%bd%d0%b8%d0%ba%d0%b8\\\/\"},{\"@type\":\"ListItem\",\"position\":3,\"name\":\"Pasini Alberto (1826-1899). Biografia. Quadri in vendita.\"}]},{\"@type\":\"WebSite\",\"@id\":\"https:\\\/\\\/www.sba.it\\\/#website\",\"url\":\"https:\\\/\\\/www.sba.it\\\/\",\"name\":\"Societ\u00e0 di Belle Arti\",\"description\":\"Quadri macchiaioli e del 800 e 900 in vendita\",\"publisher\":{\"@id\":\"https:\\\/\\\/www.sba.it\\\/#organization\"},\"potentialAction\":[{\"@type\":\"SearchAction\",\"target\":{\"@type\":\"EntryPoint\",\"urlTemplate\":\"https:\\\/\\\/www.sba.it\\\/?s={search_term_string}\"},\"query-input\":{\"@type\":\"PropertyValueSpecification\",\"valueRequired\":true,\"valueName\":\"search_term_string\"}}],\"inLanguage\":\"ru-RU\"},{\"@type\":\"Organization\",\"@id\":\"https:\\\/\\\/www.sba.it\\\/#organization\",\"name\":\"Societ\u00e0 di Belle Arti\",\"url\":\"https:\\\/\\\/www.sba.it\\\/\",\"logo\":{\"@type\":\"ImageObject\",\"inLanguage\":\"ru-RU\",\"@id\":\"https:\\\/\\\/www.sba.it\\\/#\\\/schema\\\/logo\\\/image\\\/\",\"url\":\"https:\\\/\\\/www.sba.it\\\/wp-content\\\/uploads\\\/2019\\\/04\\\/Logo-rosso_nero.png\",\"contentUrl\":\"https:\\\/\\\/www.sba.it\\\/wp-content\\\/uploads\\\/2019\\\/04\\\/Logo-rosso_nero.png\",\"width\":2532,\"height\":1137,\"caption\":\"Societ\u00e0 di Belle Arti\"},\"image\":{\"@id\":\"https:\\\/\\\/www.sba.it\\\/#\\\/schema\\\/logo\\\/image\\\/\"},\"sameAs\":[\"https:\\\/\\\/www.facebook.com\\\/pitturaitaliana800e900\\\/\",\"https:\\\/\\\/x.com\\\/SocietaArti\",\"https:\\\/\\\/www.instagram.com\\\/societadibellearti\",\"https:\\\/\\\/www.linkedin.com\\\/in\\\/societ\u00e0-di-belle-arti-363aa8191\\\/\",\"https:\\\/\\\/www.youtube.com\\\/channel\\\/UC6fJlk-ajwhsnEIICATyXaQ\"]}]}<\/script>\n<!-- \/ Yoast SEO plugin. -->","yoast_head_json":{"title":"Pasini Alberto (1826-1899). Biografia. Quadri in vendita.","description":"Alberto Pasini leggi la vita del pittore dell'800, vendita e acquisto online quadri dell'800 scopri come, dove comprare Alberto Pasini","robots":{"index":"index","follow":"follow","max-snippet":"max-snippet:-1","max-image-preview":"max-image-preview:large","max-video-preview":"max-video-preview:-1"},"canonical":"https:\/\/www.sba.it\/ru\/\u0445\u0443\u0434\u043e\u0436\u043d\u0438\u043a\u0438\/pasini-alberto-biografia-quadri-in-vendita-valutazione-stima-perizia-certificata-di-dipinti-di-pasini-alberto\/","og_locale":"ru_RU","og_type":"article","og_title":"Pasini Alberto (1826-1899). Biografia. Quadri in vendita.","og_description":"Alberto Pasini leggi la vita del pittore dell'800, vendita e acquisto online quadri dell'800 scopri come, dove comprare Alberto Pasini","og_url":"https:\/\/www.sba.it\/ru\/\u0445\u0443\u0434\u043e\u0436\u043d\u0438\u043a\u0438\/pasini-alberto-biografia-quadri-in-vendita-valutazione-stima-perizia-certificata-di-dipinti-di-pasini-alberto\/","og_site_name":"Societ\u00e0 di Belle Arti","article_publisher":"https:\/\/www.facebook.com\/pitturaitaliana800e900\/","article_modified_time":"2020-10-07T08:03:08+00:00","og_image":[{"width":300,"height":429,"url":"https:\/\/www.sba.it\/wp-content\/uploads\/2013\/11\/images_artisti_Pasini-Alberto-vendita-dipinti-orientali.jpg","type":"image\/jpeg"}],"twitter_card":"summary_large_image","twitter_site":"@SocietaArti","twitter_misc":{"\u041f\u0440\u0438\u043c\u0435\u0440\u043d\u043e\u0435 \u0432\u0440\u0435\u043c\u044f \u0434\u043b\u044f \u0447\u0442\u0435\u043d\u0438\u044f":"4 \u043c\u0438\u043d\u0443\u0442\u044b"},"schema":{"@context":"https:\/\/schema.org","@graph":[{"@type":"WebPage","@id":"https:\/\/www.sba.it\/ru\/%d1%85%d1%83%d0%b4%d0%be%d0%b6%d0%bd%d0%b8%d0%ba%d0%b8\/pasini-alberto-biografia-quadri-in-vendita-valutazione-stima-perizia-certificata-di-dipinti-di-pasini-alberto\/","url":"https:\/\/www.sba.it\/ru\/%d1%85%d1%83%d0%b4%d0%be%d0%b6%d0%bd%d0%b8%d0%ba%d0%b8\/pasini-alberto-biografia-quadri-in-vendita-valutazione-stima-perizia-certificata-di-dipinti-di-pasini-alberto\/","name":"Pasini Alberto (1826-1899). Biografia. Quadri in vendita.","isPartOf":{"@id":"https:\/\/www.sba.it\/#website"},"primaryImageOfPage":{"@id":"https:\/\/www.sba.it\/ru\/%d1%85%d1%83%d0%b4%d0%be%d0%b6%d0%bd%d0%b8%d0%ba%d0%b8\/pasini-alberto-biografia-quadri-in-vendita-valutazione-stima-perizia-certificata-di-dipinti-di-pasini-alberto\/#primaryimage"},"image":{"@id":"https:\/\/www.sba.it\/ru\/%d1%85%d1%83%d0%b4%d0%be%d0%b6%d0%bd%d0%b8%d0%ba%d0%b8\/pasini-alberto-biografia-quadri-in-vendita-valutazione-stima-perizia-certificata-di-dipinti-di-pasini-alberto\/#primaryimage"},"thumbnailUrl":"https:\/\/www.sba.it\/wp-content\/uploads\/2013\/11\/images_artisti_Pasini-Alberto-vendita-dipinti-orientali.jpg","datePublished":"2013-11-28T15:29:01+00:00","dateModified":"2020-10-07T08:03:08+00:00","description":"Alberto Pasini leggi la vita del pittore dell'800, vendita e acquisto online quadri dell'800 scopri come, dove comprare Alberto Pasini","breadcrumb":{"@id":"https:\/\/www.sba.it\/ru\/%d1%85%d1%83%d0%b4%d0%be%d0%b6%d0%bd%d0%b8%d0%ba%d0%b8\/pasini-alberto-biografia-quadri-in-vendita-valutazione-stima-perizia-certificata-di-dipinti-di-pasini-alberto\/#breadcrumb"},"inLanguage":"ru-RU","potentialAction":[{"@type":"ReadAction","target":["https:\/\/www.sba.it\/ru\/%d1%85%d1%83%d0%b4%d0%be%d0%b6%d0%bd%d0%b8%d0%ba%d0%b8\/pasini-alberto-biografia-quadri-in-vendita-valutazione-stima-perizia-certificata-di-dipinti-di-pasini-alberto\/"]}]},{"@type":"ImageObject","inLanguage":"ru-RU","@id":"https:\/\/www.sba.it\/ru\/%d1%85%d1%83%d0%b4%d0%be%d0%b6%d0%bd%d0%b8%d0%ba%d0%b8\/pasini-alberto-biografia-quadri-in-vendita-valutazione-stima-perizia-certificata-di-dipinti-di-pasini-alberto\/#primaryimage","url":"https:\/\/www.sba.it\/wp-content\/uploads\/2013\/11\/images_artisti_Pasini-Alberto-vendita-dipinti-orientali.jpg","contentUrl":"https:\/\/www.sba.it\/wp-content\/uploads\/2013\/11\/images_artisti_Pasini-Alberto-vendita-dipinti-orientali.jpg","width":300,"height":429,"caption":"Foto di Alberto Pasini"},{"@type":"BreadcrumbList","@id":"https:\/\/www.sba.it\/ru\/%d1%85%d1%83%d0%b4%d0%be%d0%b6%d0%bd%d0%b8%d0%ba%d0%b8\/pasini-alberto-biografia-quadri-in-vendita-valutazione-stima-perizia-certificata-di-dipinti-di-pasini-alberto\/#breadcrumb","itemListElement":[{"@type":"ListItem","position":1,"name":"Home","item":"https:\/\/www.sba.it\/ru\/"},{"@type":"ListItem","position":2,"name":"\u0425\u0423\u0414\u041e\u0416\u041d\u0418\u041a\u0418","item":"https:\/\/www.sba.it\/ru\/%d1%85%d1%83%d0%b4%d0%be%d0%b6%d0%bd%d0%b8%d0%ba%d0%b8\/"},{"@type":"ListItem","position":3,"name":"Pasini Alberto (1826-1899). Biografia. Quadri in vendita."}]},{"@type":"WebSite","@id":"https:\/\/www.sba.it\/#website","url":"https:\/\/www.sba.it\/","name":"Societ\u00e0 di Belle Arti","description":"Quadri macchiaioli e del 800 e 900 in vendita","publisher":{"@id":"https:\/\/www.sba.it\/#organization"},"potentialAction":[{"@type":"SearchAction","target":{"@type":"EntryPoint","urlTemplate":"https:\/\/www.sba.it\/?s={search_term_string}"},"query-input":{"@type":"PropertyValueSpecification","valueRequired":true,"valueName":"search_term_string"}}],"inLanguage":"ru-RU"},{"@type":"Organization","@id":"https:\/\/www.sba.it\/#organization","name":"Societ\u00e0 di Belle Arti","url":"https:\/\/www.sba.it\/","logo":{"@type":"ImageObject","inLanguage":"ru-RU","@id":"https:\/\/www.sba.it\/#\/schema\/logo\/image\/","url":"https:\/\/www.sba.it\/wp-content\/uploads\/2019\/04\/Logo-rosso_nero.png","contentUrl":"https:\/\/www.sba.it\/wp-content\/uploads\/2019\/04\/Logo-rosso_nero.png","width":2532,"height":1137,"caption":"Societ\u00e0 di Belle Arti"},"image":{"@id":"https:\/\/www.sba.it\/#\/schema\/logo\/image\/"},"sameAs":["https:\/\/www.facebook.com\/pitturaitaliana800e900\/","https:\/\/x.com\/SocietaArti","https:\/\/www.instagram.com\/societadibellearti","https:\/\/www.linkedin.com\/in\/societ\u00e0-di-belle-arti-363aa8191\/","https:\/\/www.youtube.com\/channel\/UC6fJlk-ajwhsnEIICATyXaQ"]}]}},"_links":{"self":[{"href":"https:\/\/www.sba.it\/ru\/wp-json\/wp\/v2\/pages\/74069","targetHints":{"allow":["GET"]}}],"collection":[{"href":"https:\/\/www.sba.it\/ru\/wp-json\/wp\/v2\/pages"}],"about":[{"href":"https:\/\/www.sba.it\/ru\/wp-json\/wp\/v2\/types\/page"}],"author":[{"embeddable":true,"href":"https:\/\/www.sba.it\/ru\/wp-json\/wp\/v2\/users\/1"}],"replies":[{"embeddable":true,"href":"https:\/\/www.sba.it\/ru\/wp-json\/wp\/v2\/comments?post=74069"}],"version-history":[{"count":5,"href":"https:\/\/www.sba.it\/ru\/wp-json\/wp\/v2\/pages\/74069\/revisions"}],"predecessor-version":[{"id":87687,"href":"https:\/\/www.sba.it\/ru\/wp-json\/wp\/v2\/pages\/74069\/revisions\/87687"}],"up":[{"embeddable":true,"href":"https:\/\/www.sba.it\/ru\/wp-json\/wp\/v2\/pages\/73491"}],"wp:featuredmedia":[{"embeddable":true,"href":"https:\/\/www.sba.it\/ru\/wp-json\/wp\/v2\/media\/518"}],"wp:attachment":[{"href":"https:\/\/www.sba.it\/ru\/wp-json\/wp\/v2\/media?parent=74069"}],"curies":[{"name":"wp","href":"https:\/\/api.w.org\/{rel}","templated":true}]}}