{"id":73915,"date":"2013-06-17T09:52:16","date_gmt":"2013-06-17T07:52:16","guid":{"rendered":"http:\/\/www.sba.it\/ranzoni-daniele-biografia-quadri-in-vendita\/"},"modified":"2019-05-23T11:29:07","modified_gmt":"2019-05-23T09:29:07","slug":"ranzoni-daniele-biografia-quadri-in-vendita","status":"publish","type":"page","link":"https:\/\/www.sba.it\/ru\/%d1%85%d1%83%d0%b4%d0%be%d0%b6%d0%bd%d0%b8%d0%ba%d0%b8\/ranzoni-daniele-biografia-quadri-in-vendita\/","title":{"rendered":"Ranzoni Daniele (1843-1889). Biografia. Quadri in vendita."},"content":{"rendered":"<p><img decoding=\"async\" class=\" alignleft size-full wp-image-415\" style=\"margin-right: 20px; float: left;\" src=\"http:\/\/www.sba.it\/wp-content\/uploads\/2013\/06\/images_artisti_Daniele-Ranzoni-vendita-quadri-scapigliatura.jpg\" alt=\"Daniele-Ranzoni-vendita-quadri-scapigliatura\" width=\"300\" height=\"367\" srcset=\"https:\/\/www.sba.it\/wp-content\/uploads\/2013\/06\/images_artisti_Daniele-Ranzoni-vendita-quadri-scapigliatura.jpg 300w, https:\/\/www.sba.it\/wp-content\/uploads\/2013\/06\/images_artisti_Daniele-Ranzoni-vendita-quadri-scapigliatura-245x300.jpg 245w\" sizes=\"(max-width: 300px) 100vw, 300px\" \/>Daniele Ranzoni nacque a Intra (Novara) nel 1843.<\/p>\n<p>Di umili origini, si appassion\u00f2 fina da piccolo all\u2019arte del disegno sotto la guida del pittore Litta.<\/p>\n<p>Appena tredicenne, grazie all\u2019aiuto di facoltose famiglie locali, s\u2019iscrisse all\u2019<a href=\"https:\/\/www.accademiadibrera.milano.it\/\">Accademia di Brera.<\/a><\/p>\n<p>Qui strinse amicizia con altri studenti quali <a href=\"https:\/\/www.sba.it\/ru\/biografia-cremona-tranquillo-vendere-comprare-quadri\/\"><strong>Tranquillo Cremona<\/strong><\/a>, <a href=\"https:\/\/www.sba.it\/ru\/bianchi-mose-biografia-quadri-in-vendita-valutazione-stima-perizia-certificata-di-dipinti-di-bianchii-mose\/\"><strong>Mos\u00e8 Bianchi<\/strong><\/a> e <a href=\"http:\/\/www.sba.it\/rosso-medardo-biografia-sculture-vendita\/\"><strong>Medardo Rosso<\/strong><\/a>.<\/p>\n<p>Nel 1857 ottenne il primo premio per la scuola di ornato.<\/p>\n<p>Tranne un breve periodo trascorso all\u2019<a href=\"http:\/\/www.pinacotecalbertina.it\/\">Accademia Albertina<\/a> di Torino ( dove, secondo quanto riportato in seguito da <strong><a href=\"http:\/\/www.sba.it\/grubicy-de-dragon-vittore-biografia-quadri-in-vendita-postmacchiaioli-valutazione-stima-perizia-certificata-di-dipinti-di-grubicy-de-dragon-vittore\/\">Vittore Grubicy<\/a><\/strong>, fu fortemente influenzato dalla pittura di Antonio Fontanesi), continu\u00f2 gli studi a Milano fino al 1863.<\/p>\n<p>Nel 1864 rientr\u00f2 nella citt\u00e0 natale dove apr\u00ec un piccolo studio.<\/p>\n<p>Nel 1865 con il pittore-fotografo Giacomo Imperatori fond\u00f2 il &#171;Circolo dell&#8217;Armonia&#187; che riuniva pittori, musicisti, fotografi, scrittori e professionisti vari.<\/p>\n<p>Oltre a dipingere insegne di locande, carri carnevaleschi e scene teatrali, Ranzoni si dedic\u00f2 principalmente ai ritratti.<\/p>\n<p>La svolta nella sua carriera artistica avvenne con \u2019incontro con l\u2019aristocrazia straniera, specialmente con i principi Troubetzkoy.<\/p>\n<p>Nella villa sul lago di quest&#8217;ultimi, in un&#8217;atmosfera di serenit\u00e0 e di grande fermento culturale, Ranzoni si stabil\u00ec a partire dal 1873.<\/p>\n<p>Si prese cura dell&#8217;educazione dei principini Pierre, Paolo e Gigi e, contemporaneamente, pot\u00e8 dedicarsi al lavoro e partecipare alla vita di societ\u00e0 aristocratica e cosmopolita dei suoi protettori.<\/p>\n<p>Fu questo \u00a0un periodo di copiosa produzione (<em>I Pizzoni <\/em>e<em> il Sasso di ferro veduti da villa Ada sul lago Maggiore, Chalet della villa Ada<\/em>, 1871;<em> Ritratto di fanciulli con cane<\/em>, 1874, Milano, Galleria d\u2019Arte Moderna).<\/p>\n<p>Alla fine del 1877, su insistenze della famiglia \u00a0Medlycott che soggiorn\u00f2 in quell&#8217;anno nei pressi di villa Troubetzkoy, Ranzoni decise di trasferirsi in Inghilterra.<\/p>\n<p>Fu ospite, nel Somerset, prima dei Medlycott, nella dimora di Ven House e poi dei Paget a Crammore Hall; successivamente nel palazzo di Edward Wood nello Shropshire e poi nel Kent presso i Nevill diventando cos\u00ec il ritrattista pi\u00f9 richiesto dalla nobilt\u00e0 terriera inglese.<\/p>\n<p>Il \u00a0rifiuto per\u00f2, nel &#8217;79, della Royal Academy di esporre alcuni suoi dipinti alla rassegna annuale lo spinse a rientrare in Italia.<\/p>\n<p>Qui soggiorn\u00f2 spesso nella villa comasca dei fratelli Pisani Dossi in un clima di vivace e fervido dibattito culturale.<\/p>\n<p>Risalgono a questo felice periodo \u00a0il Ritratto della contessa Arrivabene, della signora Pisani Dossi della giovinetta in bianco etc.<\/p>\n<p>Le forti depressioni a cui era soggetto cominciarono per\u00f2 a peggiorare.<\/p>\n<p>Daniele Ranzoni mor\u00ec\u00a0 il 29 ottobre del 1889 in totale solitudine.<\/p>\n<h3 style=\"font-size: 12pt;\">CATALOGO OPERE:\u00a0\u00a0<a href=\"http:\/\/www.sba.it\/ranzoni-daniele-vendita-e-acquisto-di-quadri-dipinti-dell-800\/\">Al Balcone. I curiosi<\/a>\u00a0&#8212;\u00a0<a href=\"http:\/\/www.sba.it\/ranzoni-daniele-vendita-e-acquisto-di-dipinti-dell-800\/\">Al balcone. Le curiose<\/a><br \/>\nANTOLOGIA CRITICA:\u00a0<a href=\"\/?p=1736\">Focus su daniele Ranzoni<\/a><\/h3>\n<h3><\/h3>\n<h3 style=\"font-size: 12pt;\"><a href=\"https:\/\/www.sba.it\/ru\/%d0%bf%d1%80%d0%be%d0%b4%d0%b0%d1%82%d1%8c\/\">V<strong>UOI VENDERE O COMPRARE UN QUADRO DI QUESTO ARTISTA?<\/strong><\/a><\/h3>\n","protected":false},"excerpt":{"rendered":"<p>Daniele Ranzoni nacque a Intra (Novara) nel 1843. Di umili origini, si appassion\u00f2 fina da piccolo all\u2019arte del disegno sotto [&hellip;]<\/p>\n","protected":false},"author":1,"featured_media":418,"parent":73491,"menu_order":143,"comment_status":"closed","ping_status":"closed","template":"","meta":{"_monsterinsights_skip_tracking":false,"_monsterinsights_sitenote_active":false,"_monsterinsights_sitenote_note":"","_monsterinsights_sitenote_category":0,"footnotes":""},"class_list":["post-73915","page","type-page","status-publish","has-post-thumbnail","hentry","page_category-1277"],"yoast_head":"<!-- This site is optimized with the Yoast SEO plugin v27.5 - https:\/\/yoast.com\/product\/yoast-seo-wordpress\/ -->\n<title>Ranzoni Daniele (1843-1889). Biografia. Quadri in vendita.<\/title>\n<meta name=\"description\" content=\"Daniele Ranzoni leggi la vita del pittore lombardo dell&#039;800, vendita e acquisto online quadri lombardi dell&#039;800 di Daniele Ranzoni scopri come, quadri\" \/>\n<meta name=\"robots\" content=\"index, follow, max-snippet:-1, max-image-preview:large, max-video-preview:-1\" \/>\n<link rel=\"canonical\" href=\"https:\/\/www.sba.it\/ru\/\u0445\u0443\u0434\u043e\u0436\u043d\u0438\u043a\u0438\/ranzoni-daniele-biografia-quadri-in-vendita\/\" \/>\n<meta property=\"og:locale\" content=\"ru_RU\" \/>\n<meta property=\"og:type\" content=\"article\" \/>\n<meta property=\"og:title\" content=\"Ranzoni Daniele (1843-1889). Biografia. Quadri in vendita.\" \/>\n<meta property=\"og:description\" content=\"Daniele Ranzoni leggi la vita del pittore lombardo dell&#039;800, vendita e acquisto online quadri lombardi dell&#039;800 di Daniele Ranzoni scopri come, quadri\" \/>\n<meta property=\"og:url\" content=\"https:\/\/www.sba.it\/ru\/\u0445\u0443\u0434\u043e\u0436\u043d\u0438\u043a\u0438\/ranzoni-daniele-biografia-quadri-in-vendita\/\" \/>\n<meta property=\"og:site_name\" content=\"Societ\u00e0 di Belle Arti\" \/>\n<meta property=\"article:publisher\" content=\"https:\/\/www.facebook.com\/pitturaitaliana800e900\/\" \/>\n<meta property=\"article:modified_time\" content=\"2019-05-23T09:29:07+00:00\" \/>\n<meta property=\"og:image\" content=\"https:\/\/www.sba.it\/wp-content\/uploads\/2013\/06\/images_artisti_Daniele-Ranzoni-vendita-quadri-scapigliatura.jpg\" \/>\n\t<meta property=\"og:image:width\" content=\"300\" \/>\n\t<meta property=\"og:image:height\" content=\"367\" \/>\n\t<meta property=\"og:image:type\" content=\"image\/jpeg\" \/>\n<meta name=\"twitter:card\" content=\"summary_large_image\" \/>\n<meta name=\"twitter:site\" content=\"@SocietaArti\" \/>\n<meta name=\"twitter:label1\" content=\"\u041f\u0440\u0438\u043c\u0435\u0440\u043d\u043e\u0435 \u0432\u0440\u0435\u043c\u044f \u0434\u043b\u044f \u0447\u0442\u0435\u043d\u0438\u044f\" \/>\n\t<meta name=\"twitter:data1\" content=\"2 \u043c\u0438\u043d\u0443\u0442\u044b\" \/>\n<script type=\"application\/ld+json\" class=\"yoast-schema-graph\">{\"@context\":\"https:\\\/\\\/schema.org\",\"@graph\":[{\"@type\":\"WebPage\",\"@id\":\"https:\\\/\\\/www.sba.it\\\/ru\\\/%d1%85%d1%83%d0%b4%d0%be%d0%b6%d0%bd%d0%b8%d0%ba%d0%b8\\\/ranzoni-daniele-biografia-quadri-in-vendita\\\/\",\"url\":\"https:\\\/\\\/www.sba.it\\\/ru\\\/%d1%85%d1%83%d0%b4%d0%be%d0%b6%d0%bd%d0%b8%d0%ba%d0%b8\\\/ranzoni-daniele-biografia-quadri-in-vendita\\\/\",\"name\":\"Ranzoni Daniele (1843-1889). Biografia. Quadri in vendita.\",\"isPartOf\":{\"@id\":\"https:\\\/\\\/www.sba.it\\\/#website\"},\"primaryImageOfPage\":{\"@id\":\"https:\\\/\\\/www.sba.it\\\/ru\\\/%d1%85%d1%83%d0%b4%d0%be%d0%b6%d0%bd%d0%b8%d0%ba%d0%b8\\\/ranzoni-daniele-biografia-quadri-in-vendita\\\/#primaryimage\"},\"image\":{\"@id\":\"https:\\\/\\\/www.sba.it\\\/ru\\\/%d1%85%d1%83%d0%b4%d0%be%d0%b6%d0%bd%d0%b8%d0%ba%d0%b8\\\/ranzoni-daniele-biografia-quadri-in-vendita\\\/#primaryimage\"},\"thumbnailUrl\":\"https:\\\/\\\/www.sba.it\\\/wp-content\\\/uploads\\\/2013\\\/06\\\/images_artisti_Daniele-Ranzoni-vendita-quadri-scapigliatura.jpg\",\"datePublished\":\"2013-06-17T07:52:16+00:00\",\"dateModified\":\"2019-05-23T09:29:07+00:00\",\"description\":\"Daniele Ranzoni leggi la vita del pittore lombardo dell'800, vendita e acquisto online quadri lombardi dell'800 di Daniele Ranzoni scopri come, quadri\",\"breadcrumb\":{\"@id\":\"https:\\\/\\\/www.sba.it\\\/ru\\\/%d1%85%d1%83%d0%b4%d0%be%d0%b6%d0%bd%d0%b8%d0%ba%d0%b8\\\/ranzoni-daniele-biografia-quadri-in-vendita\\\/#breadcrumb\"},\"inLanguage\":\"ru-RU\",\"potentialAction\":[{\"@type\":\"ReadAction\",\"target\":[\"https:\\\/\\\/www.sba.it\\\/ru\\\/%d1%85%d1%83%d0%b4%d0%be%d0%b6%d0%bd%d0%b8%d0%ba%d0%b8\\\/ranzoni-daniele-biografia-quadri-in-vendita\\\/\"]}]},{\"@type\":\"ImageObject\",\"inLanguage\":\"ru-RU\",\"@id\":\"https:\\\/\\\/www.sba.it\\\/ru\\\/%d1%85%d1%83%d0%b4%d0%be%d0%b6%d0%bd%d0%b8%d0%ba%d0%b8\\\/ranzoni-daniele-biografia-quadri-in-vendita\\\/#primaryimage\",\"url\":\"https:\\\/\\\/www.sba.it\\\/wp-content\\\/uploads\\\/2013\\\/06\\\/images_artisti_Daniele-Ranzoni-vendita-quadri-scapigliatura.jpg\",\"contentUrl\":\"https:\\\/\\\/www.sba.it\\\/wp-content\\\/uploads\\\/2013\\\/06\\\/images_artisti_Daniele-Ranzoni-vendita-quadri-scapigliatura.jpg\",\"width\":300,\"height\":367,\"caption\":\"Autoritratto di Daniele Ranzoni\"},{\"@type\":\"BreadcrumbList\",\"@id\":\"https:\\\/\\\/www.sba.it\\\/ru\\\/%d1%85%d1%83%d0%b4%d0%be%d0%b6%d0%bd%d0%b8%d0%ba%d0%b8\\\/ranzoni-daniele-biografia-quadri-in-vendita\\\/#breadcrumb\",\"itemListElement\":[{\"@type\":\"ListItem\",\"position\":1,\"name\":\"Home\",\"item\":\"https:\\\/\\\/www.sba.it\\\/ru\\\/\"},{\"@type\":\"ListItem\",\"position\":2,\"name\":\"\u0425\u0423\u0414\u041e\u0416\u041d\u0418\u041a\u0418\",\"item\":\"https:\\\/\\\/www.sba.it\\\/ru\\\/%d1%85%d1%83%d0%b4%d0%be%d0%b6%d0%bd%d0%b8%d0%ba%d0%b8\\\/\"},{\"@type\":\"ListItem\",\"position\":3,\"name\":\"Ranzoni Daniele (1843-1889). Biografia. Quadri in vendita.\"}]},{\"@type\":\"WebSite\",\"@id\":\"https:\\\/\\\/www.sba.it\\\/#website\",\"url\":\"https:\\\/\\\/www.sba.it\\\/\",\"name\":\"Societ\u00e0 di Belle Arti\",\"description\":\"Quadri macchiaioli e del 800 e 900 in vendita\",\"publisher\":{\"@id\":\"https:\\\/\\\/www.sba.it\\\/#organization\"},\"potentialAction\":[{\"@type\":\"SearchAction\",\"target\":{\"@type\":\"EntryPoint\",\"urlTemplate\":\"https:\\\/\\\/www.sba.it\\\/?s={search_term_string}\"},\"query-input\":{\"@type\":\"PropertyValueSpecification\",\"valueRequired\":true,\"valueName\":\"search_term_string\"}}],\"inLanguage\":\"ru-RU\"},{\"@type\":\"Organization\",\"@id\":\"https:\\\/\\\/www.sba.it\\\/#organization\",\"name\":\"Societ\u00e0 di Belle Arti\",\"url\":\"https:\\\/\\\/www.sba.it\\\/\",\"logo\":{\"@type\":\"ImageObject\",\"inLanguage\":\"ru-RU\",\"@id\":\"https:\\\/\\\/www.sba.it\\\/#\\\/schema\\\/logo\\\/image\\\/\",\"url\":\"https:\\\/\\\/www.sba.it\\\/wp-content\\\/uploads\\\/2019\\\/04\\\/Logo-rosso_nero.png\",\"contentUrl\":\"https:\\\/\\\/www.sba.it\\\/wp-content\\\/uploads\\\/2019\\\/04\\\/Logo-rosso_nero.png\",\"width\":2532,\"height\":1137,\"caption\":\"Societ\u00e0 di Belle Arti\"},\"image\":{\"@id\":\"https:\\\/\\\/www.sba.it\\\/#\\\/schema\\\/logo\\\/image\\\/\"},\"sameAs\":[\"https:\\\/\\\/www.facebook.com\\\/pitturaitaliana800e900\\\/\",\"https:\\\/\\\/x.com\\\/SocietaArti\",\"https:\\\/\\\/www.instagram.com\\\/societadibellearti\",\"https:\\\/\\\/www.linkedin.com\\\/in\\\/societ\u00e0-di-belle-arti-363aa8191\\\/\",\"https:\\\/\\\/www.youtube.com\\\/channel\\\/UC6fJlk-ajwhsnEIICATyXaQ\"]}]}<\/script>\n<!-- \/ Yoast SEO plugin. -->","yoast_head_json":{"title":"Ranzoni Daniele (1843-1889). Biografia. Quadri in vendita.","description":"Daniele Ranzoni leggi la vita del pittore lombardo dell'800, vendita e acquisto online quadri lombardi dell'800 di Daniele Ranzoni scopri come, quadri","robots":{"index":"index","follow":"follow","max-snippet":"max-snippet:-1","max-image-preview":"max-image-preview:large","max-video-preview":"max-video-preview:-1"},"canonical":"https:\/\/www.sba.it\/ru\/\u0445\u0443\u0434\u043e\u0436\u043d\u0438\u043a\u0438\/ranzoni-daniele-biografia-quadri-in-vendita\/","og_locale":"ru_RU","og_type":"article","og_title":"Ranzoni Daniele (1843-1889). Biografia. Quadri in vendita.","og_description":"Daniele Ranzoni leggi la vita del pittore lombardo dell'800, vendita e acquisto online quadri lombardi dell'800 di Daniele Ranzoni scopri come, quadri","og_url":"https:\/\/www.sba.it\/ru\/\u0445\u0443\u0434\u043e\u0436\u043d\u0438\u043a\u0438\/ranzoni-daniele-biografia-quadri-in-vendita\/","og_site_name":"Societ\u00e0 di Belle Arti","article_publisher":"https:\/\/www.facebook.com\/pitturaitaliana800e900\/","article_modified_time":"2019-05-23T09:29:07+00:00","og_image":[{"width":300,"height":367,"url":"https:\/\/www.sba.it\/wp-content\/uploads\/2013\/06\/images_artisti_Daniele-Ranzoni-vendita-quadri-scapigliatura.jpg","type":"image\/jpeg"}],"twitter_card":"summary_large_image","twitter_site":"@SocietaArti","twitter_misc":{"\u041f\u0440\u0438\u043c\u0435\u0440\u043d\u043e\u0435 \u0432\u0440\u0435\u043c\u044f \u0434\u043b\u044f \u0447\u0442\u0435\u043d\u0438\u044f":"2 \u043c\u0438\u043d\u0443\u0442\u044b"},"schema":{"@context":"https:\/\/schema.org","@graph":[{"@type":"WebPage","@id":"https:\/\/www.sba.it\/ru\/%d1%85%d1%83%d0%b4%d0%be%d0%b6%d0%bd%d0%b8%d0%ba%d0%b8\/ranzoni-daniele-biografia-quadri-in-vendita\/","url":"https:\/\/www.sba.it\/ru\/%d1%85%d1%83%d0%b4%d0%be%d0%b6%d0%bd%d0%b8%d0%ba%d0%b8\/ranzoni-daniele-biografia-quadri-in-vendita\/","name":"Ranzoni Daniele (1843-1889). Biografia. Quadri in vendita.","isPartOf":{"@id":"https:\/\/www.sba.it\/#website"},"primaryImageOfPage":{"@id":"https:\/\/www.sba.it\/ru\/%d1%85%d1%83%d0%b4%d0%be%d0%b6%d0%bd%d0%b8%d0%ba%d0%b8\/ranzoni-daniele-biografia-quadri-in-vendita\/#primaryimage"},"image":{"@id":"https:\/\/www.sba.it\/ru\/%d1%85%d1%83%d0%b4%d0%be%d0%b6%d0%bd%d0%b8%d0%ba%d0%b8\/ranzoni-daniele-biografia-quadri-in-vendita\/#primaryimage"},"thumbnailUrl":"https:\/\/www.sba.it\/wp-content\/uploads\/2013\/06\/images_artisti_Daniele-Ranzoni-vendita-quadri-scapigliatura.jpg","datePublished":"2013-06-17T07:52:16+00:00","dateModified":"2019-05-23T09:29:07+00:00","description":"Daniele Ranzoni leggi la vita del pittore lombardo dell'800, vendita e acquisto online quadri lombardi dell'800 di Daniele Ranzoni scopri come, quadri","breadcrumb":{"@id":"https:\/\/www.sba.it\/ru\/%d1%85%d1%83%d0%b4%d0%be%d0%b6%d0%bd%d0%b8%d0%ba%d0%b8\/ranzoni-daniele-biografia-quadri-in-vendita\/#breadcrumb"},"inLanguage":"ru-RU","potentialAction":[{"@type":"ReadAction","target":["https:\/\/www.sba.it\/ru\/%d1%85%d1%83%d0%b4%d0%be%d0%b6%d0%bd%d0%b8%d0%ba%d0%b8\/ranzoni-daniele-biografia-quadri-in-vendita\/"]}]},{"@type":"ImageObject","inLanguage":"ru-RU","@id":"https:\/\/www.sba.it\/ru\/%d1%85%d1%83%d0%b4%d0%be%d0%b6%d0%bd%d0%b8%d0%ba%d0%b8\/ranzoni-daniele-biografia-quadri-in-vendita\/#primaryimage","url":"https:\/\/www.sba.it\/wp-content\/uploads\/2013\/06\/images_artisti_Daniele-Ranzoni-vendita-quadri-scapigliatura.jpg","contentUrl":"https:\/\/www.sba.it\/wp-content\/uploads\/2013\/06\/images_artisti_Daniele-Ranzoni-vendita-quadri-scapigliatura.jpg","width":300,"height":367,"caption":"Autoritratto di Daniele Ranzoni"},{"@type":"BreadcrumbList","@id":"https:\/\/www.sba.it\/ru\/%d1%85%d1%83%d0%b4%d0%be%d0%b6%d0%bd%d0%b8%d0%ba%d0%b8\/ranzoni-daniele-biografia-quadri-in-vendita\/#breadcrumb","itemListElement":[{"@type":"ListItem","position":1,"name":"Home","item":"https:\/\/www.sba.it\/ru\/"},{"@type":"ListItem","position":2,"name":"\u0425\u0423\u0414\u041e\u0416\u041d\u0418\u041a\u0418","item":"https:\/\/www.sba.it\/ru\/%d1%85%d1%83%d0%b4%d0%be%d0%b6%d0%bd%d0%b8%d0%ba%d0%b8\/"},{"@type":"ListItem","position":3,"name":"Ranzoni Daniele (1843-1889). Biografia. Quadri in vendita."}]},{"@type":"WebSite","@id":"https:\/\/www.sba.it\/#website","url":"https:\/\/www.sba.it\/","name":"Societ\u00e0 di Belle Arti","description":"Quadri macchiaioli e del 800 e 900 in vendita","publisher":{"@id":"https:\/\/www.sba.it\/#organization"},"potentialAction":[{"@type":"SearchAction","target":{"@type":"EntryPoint","urlTemplate":"https:\/\/www.sba.it\/?s={search_term_string}"},"query-input":{"@type":"PropertyValueSpecification","valueRequired":true,"valueName":"search_term_string"}}],"inLanguage":"ru-RU"},{"@type":"Organization","@id":"https:\/\/www.sba.it\/#organization","name":"Societ\u00e0 di Belle Arti","url":"https:\/\/www.sba.it\/","logo":{"@type":"ImageObject","inLanguage":"ru-RU","@id":"https:\/\/www.sba.it\/#\/schema\/logo\/image\/","url":"https:\/\/www.sba.it\/wp-content\/uploads\/2019\/04\/Logo-rosso_nero.png","contentUrl":"https:\/\/www.sba.it\/wp-content\/uploads\/2019\/04\/Logo-rosso_nero.png","width":2532,"height":1137,"caption":"Societ\u00e0 di Belle Arti"},"image":{"@id":"https:\/\/www.sba.it\/#\/schema\/logo\/image\/"},"sameAs":["https:\/\/www.facebook.com\/pitturaitaliana800e900\/","https:\/\/x.com\/SocietaArti","https:\/\/www.instagram.com\/societadibellearti","https:\/\/www.linkedin.com\/in\/societ\u00e0-di-belle-arti-363aa8191\/","https:\/\/www.youtube.com\/channel\/UC6fJlk-ajwhsnEIICATyXaQ"]}]}},"_links":{"self":[{"href":"https:\/\/www.sba.it\/ru\/wp-json\/wp\/v2\/pages\/73915","targetHints":{"allow":["GET"]}}],"collection":[{"href":"https:\/\/www.sba.it\/ru\/wp-json\/wp\/v2\/pages"}],"about":[{"href":"https:\/\/www.sba.it\/ru\/wp-json\/wp\/v2\/types\/page"}],"author":[{"embeddable":true,"href":"https:\/\/www.sba.it\/ru\/wp-json\/wp\/v2\/users\/1"}],"replies":[{"embeddable":true,"href":"https:\/\/www.sba.it\/ru\/wp-json\/wp\/v2\/comments?post=73915"}],"version-history":[{"count":4,"href":"https:\/\/www.sba.it\/ru\/wp-json\/wp\/v2\/pages\/73915\/revisions"}],"predecessor-version":[{"id":83752,"href":"https:\/\/www.sba.it\/ru\/wp-json\/wp\/v2\/pages\/73915\/revisions\/83752"}],"up":[{"embeddable":true,"href":"https:\/\/www.sba.it\/ru\/wp-json\/wp\/v2\/pages\/73491"}],"wp:featuredmedia":[{"embeddable":true,"href":"https:\/\/www.sba.it\/ru\/wp-json\/wp\/v2\/media\/418"}],"wp:attachment":[{"href":"https:\/\/www.sba.it\/ru\/wp-json\/wp\/v2\/media?parent=73915"}],"curies":[{"name":"wp","href":"https:\/\/api.w.org\/{rel}","templated":true}]}}