{"id":73896,"date":"2013-06-17T10:02:54","date_gmt":"2013-06-17T08:02:54","guid":{"rendered":"http:\/\/www.sba.it\/sernesi-raffaello-biografia-quadri-macchiaioli-in-vendita-valutazione-e-stima-di-dipinti-macchiaioli-di-raffaello-sernesi\/"},"modified":"2019-04-12T10:24:29","modified_gmt":"2019-04-12T08:24:29","slug":"sernesi-raffaello-biografia-quadri-macchiaioli-in-vendita-valutazione-e-stima-di-dipinti-macchiaioli-di-raffaello-sernesi","status":"publish","type":"page","link":"https:\/\/www.sba.it\/ru\/%d1%85%d1%83%d0%b4%d0%be%d0%b6%d0%bd%d0%b8%d0%ba%d0%b8\/sernesi-raffaello-biografia-quadri-macchiaioli-in-vendita-valutazione-e-stima-di-dipinti-macchiaioli-di-raffaello-sernesi\/","title":{"rendered":"Sernesi Raffaello (1838-1866). Biografia. Quadri in vendita."},"content":{"rendered":"<p>&nbsp;<\/p>\n<p style=\"margin: 0cm 0cm 0.0001pt; background-image: initial; background-position: initial; background-repeat: initial; background-attachment: initial; vertical-align: baseline; text-align: justify;\"><span style=\"font-size: 20pt; font-family: Arial, sans-serif; color: #666666;\"><img decoding=\"async\" class=\" alignleft size-full wp-image-425\" style=\"margin-right: 20px; float: left;\" src=\"http:\/\/www.sba.it\/wp-content\/uploads\/2013\/06\/images_artisti_Sernesi-Raffaello-biografia-quadri-in-vendita-macchiaioli.jpg\" alt=\"Sernesi-Raffaello-biografia-quadri-in-vendita-macchiaioli\" width=\"300\" height=\"414\" srcset=\"https:\/\/www.sba.it\/wp-content\/uploads\/2013\/06\/images_artisti_Sernesi-Raffaello-biografia-quadri-in-vendita-macchiaioli.jpg 300w, https:\/\/www.sba.it\/wp-content\/uploads\/2013\/06\/images_artisti_Sernesi-Raffaello-biografia-quadri-in-vendita-macchiaioli-217x300.jpg 217w\" sizes=\"(max-width: 300px) 100vw, 300px\" \/><\/span>Raffello Sernesi nacque a Firenze nel 1838. Nel 1856 si iscrisse all\u2019Accademia di Belle Arti\u00a0 frequentando la scuola di statua diretta da Antonio Ciseri. Contemporaneamente\u00a0 inizi\u00f2 il lavoro di incisore presso l\u2019officina Mariotti. Nel \u201958 abbandon\u00f2 per\u00f2 gli studi poich\u00e9, con la morte del padre, dovette occuparsi del sostentamento della famiglia.<\/p>\n<p style=\"margin: 0cm 0cm 0.0001pt; background-image: initial; background-position: initial; background-repeat: initial; background-attachment: initial; vertical-align: baseline; text-align: justify;\">Questa necessit\u00e0 fece si che la sua attivit\u00e0 artistica fosse molto limitata per tutta la sua breve vita.\u00a0Inizialmente si esercit\u00f2 nei ritratti familiari seguendo gli insegnamenti del Ciseri e esprimendo \u00a0una certa modernit\u00e0 realistica &#8212; gi\u00e0 palese nell\u2019<em>Autoritratto<\/em> del \u201958, nel <em>Ritratto della madre<\/em>, in quello di <em>Bettino Ricasoli<\/em> e della <em>Sorella Olimpia<\/em>.<\/p>\n<p style=\"margin: 0cm 0cm 0.0001pt; background-image: initial; background-position: initial; background-repeat: initial; background-attachment: initial; vertical-align: baseline; text-align: justify;\">L\u2019amicizia con <a href=\"http:\/\/www.sba.it\/signorini-telemaco-biografia-quadri-in-vendita-macchiaioli-valutazione-stime-e-perizie-certificate-su-dipinti-macchiaioli-di-telemaco-signorini\/\">Telemaco Signorini <\/a>e <a href=\"http:\/\/www.sba.it\/borrani-odoardo-biografia-quadri-in-vendita-macchiaioli-valutazione-stima-perizia-certificata-di-dipinti-di-borrani-odoardo\/\">Odoardo Borrani\u00a0<\/a> e le sue assidue frequentazioni con gli artisti del Caff\u00e8 Michelangelo\u00a0 alimentarono \u00a0i suoi ideali risorgimentali e la sua necessit\u00e0 di un rinnovamento della pittura che, per essere autentica, come Sernesi sosteneva, \u00a0doveva essere all\u2019aperto , a contatto con la natura.\u00a0Nell\u2019estate del \u201961 partecip\u00f2 alla Promotrice di Firenze e all\u2019esposizione di Brera , rispettivamente, con <em>Il settembre<\/em> e <em>Pastura in montagna<\/em> , entrambe di influenza macchiaiola.<\/p>\n<p style=\"margin: 0cm 0cm 0.0001pt; background-image: initial; background-position: initial; background-repeat: initial; background-attachment: initial; vertical-align: baseline; text-align: justify;\">Nel 1862 fu presente alla Promotrice di Torino con <em>Paese con animali<\/em> e and\u00f2 per pochi giorni a Napoli\u00a0 sperando di vendere una medaglia commemorativa di Garibaldi.\u00a0Tornato a Firenze si rec\u00f2 occasionalmente\u00a0 a dipingere a Pigentina con Lega, Borrani, Abbati e Signorini; , nel 1864 trascorse un periodo nella tenuta di Diego Martelli a Castiglioncello. Qui lavor\u00f2 molto e present\u00f2 all\u2019esposizione della Nuova Societ\u00e0 Promotrice di Firenze quattro studi dal vero tra cui <em>Marina di Castiglioncello da Rosignano<\/em> e <em>Castiglioncello dalla punta della Bocca<\/em>.\u00a0L\u2019ultima presenza pubblica del pittore toscano si ebbe nel 1865 all\u2019esposizione di Brera con il dipinto <em>Sull\u2019aia<\/em>.<\/p>\n<p style=\"margin: 0cm 0cm 0.0001pt; background-image: initial; background-position: initial; background-repeat: initial; background-attachment: initial; vertical-align: baseline; text-align: justify;\">Nel 1866 il sentimento patriottico lo spinse ad arruolarsi volontario nella guerra contro l\u2019Austria. \u00a0Venne ferito ad una gamba ma si oppose all\u2019amputazione e, mutilato troppo tardi, mor\u00ec di cancrena il 14 agosto 1866 prigioniero all\u2019ospedale di Bolzano.<\/p>\n<p style=\"text-align: justify;\"><span style=\"line-height: 1.3em;\">\u00a0<\/span><\/p>\n<p>&nbsp;<\/p>\n<p>&nbsp;<\/p>\n<hr style=\"width: 1000px;\" \/>\n<h3 style=\"font-size: 12pt;\"><a href=\"vendita-quadri-macchiaioli-postmacchiaioli-800-900\">CATALOGO OPERE\u00a0<\/a>:<br \/>\n<a href=\"http:\/\/www.sba.it\/raffaello-sernesi-quadri-macchiaioli-vendere-comprare\/\">Pagliai a Castiglioncello<\/a><\/h3>\n<h3 style=\"font-size: 12pt;\"><a href=\"https:\/\/www.sba.it\/ru\/%d0%bf%d1%80%d0%be%d0%b4%d0%b0%d1%82%d1%8c\/\">V<strong>UOI VENDERE O COMPRARE UN QUADRO DI QUESTO ARTISTA?<\/strong><\/a><\/h3>\n","protected":false},"excerpt":{"rendered":"<p>&nbsp; Raffello Sernesi nacque a Firenze nel 1838. Nel 1856 si iscrisse all\u2019Accademia di Belle Arti\u00a0 frequentando la scuola di [&hellip;]<\/p>\n","protected":false},"author":1,"featured_media":428,"parent":73491,"menu_order":141,"comment_status":"closed","ping_status":"closed","template":"","meta":{"_monsterinsights_skip_tracking":false,"_monsterinsights_sitenote_active":false,"_monsterinsights_sitenote_note":"","_monsterinsights_sitenote_category":0,"footnotes":""},"class_list":["post-73896","page","type-page","status-publish","has-post-thumbnail","hentry","page_category-1277"],"yoast_head":"<!-- This site is optimized with the Yoast SEO plugin v27.5 - https:\/\/yoast.com\/product\/yoast-seo-wordpress\/ -->\n<title>Sernesi Raffaello (1838-1866). Biografia. Quadri in vendita.<\/title>\n<meta name=\"description\" content=\"Raffaello Sernesi biografia Raffaello Sernesi quadri macchiaioli in vendita valutazione e stima di dipinti di Raffaello Sernesi.\" \/>\n<meta name=\"robots\" content=\"index, follow, max-snippet:-1, max-image-preview:large, max-video-preview:-1\" \/>\n<link rel=\"canonical\" href=\"https:\/\/www.sba.it\/ru\/\u0445\u0443\u0434\u043e\u0436\u043d\u0438\u043a\u0438\/sernesi-raffaello-biografia-quadri-macchiaioli-in-vendita-valutazione-e-stima-di-dipinti-macchiaioli-di-raffaello-sernesi\/\" \/>\n<meta property=\"og:locale\" content=\"ru_RU\" \/>\n<meta property=\"og:type\" content=\"article\" \/>\n<meta property=\"og:title\" content=\"Sernesi Raffaello (1838-1866). Biografia. Quadri in vendita.\" \/>\n<meta property=\"og:description\" content=\"Raffaello Sernesi biografia Raffaello Sernesi quadri macchiaioli in vendita valutazione e stima di dipinti di Raffaello Sernesi.\" \/>\n<meta property=\"og:url\" content=\"https:\/\/www.sba.it\/ru\/\u0445\u0443\u0434\u043e\u0436\u043d\u0438\u043a\u0438\/sernesi-raffaello-biografia-quadri-macchiaioli-in-vendita-valutazione-e-stima-di-dipinti-macchiaioli-di-raffaello-sernesi\/\" \/>\n<meta property=\"og:site_name\" content=\"Societ\u00e0 di Belle Arti\" \/>\n<meta property=\"article:publisher\" content=\"https:\/\/www.facebook.com\/pitturaitaliana800e900\/\" \/>\n<meta property=\"article:modified_time\" content=\"2019-04-12T08:24:29+00:00\" \/>\n<meta property=\"og:image\" content=\"https:\/\/www.sba.it\/wp-content\/uploads\/2013\/06\/images_artisti_Sernesi-Raffaello-biografia-quadri-in-vendita-macchiaioli.jpg\" \/>\n\t<meta property=\"og:image:width\" content=\"300\" \/>\n\t<meta property=\"og:image:height\" content=\"414\" \/>\n\t<meta property=\"og:image:type\" content=\"image\/jpeg\" \/>\n<meta name=\"twitter:card\" content=\"summary_large_image\" \/>\n<meta name=\"twitter:site\" content=\"@SocietaArti\" \/>\n<meta name=\"twitter:label1\" content=\"\u041f\u0440\u0438\u043c\u0435\u0440\u043d\u043e\u0435 \u0432\u0440\u0435\u043c\u044f \u0434\u043b\u044f \u0447\u0442\u0435\u043d\u0438\u044f\" \/>\n\t<meta name=\"twitter:data1\" content=\"2 \u043c\u0438\u043d\u0443\u0442\u044b\" \/>\n<script type=\"application\/ld+json\" class=\"yoast-schema-graph\">{\"@context\":\"https:\\\/\\\/schema.org\",\"@graph\":[{\"@type\":\"WebPage\",\"@id\":\"https:\\\/\\\/www.sba.it\\\/ru\\\/%d1%85%d1%83%d0%b4%d0%be%d0%b6%d0%bd%d0%b8%d0%ba%d0%b8\\\/sernesi-raffaello-biografia-quadri-macchiaioli-in-vendita-valutazione-e-stima-di-dipinti-macchiaioli-di-raffaello-sernesi\\\/\",\"url\":\"https:\\\/\\\/www.sba.it\\\/ru\\\/%d1%85%d1%83%d0%b4%d0%be%d0%b6%d0%bd%d0%b8%d0%ba%d0%b8\\\/sernesi-raffaello-biografia-quadri-macchiaioli-in-vendita-valutazione-e-stima-di-dipinti-macchiaioli-di-raffaello-sernesi\\\/\",\"name\":\"Sernesi Raffaello (1838-1866). Biografia. Quadri in vendita.\",\"isPartOf\":{\"@id\":\"https:\\\/\\\/www.sba.it\\\/#website\"},\"primaryImageOfPage\":{\"@id\":\"https:\\\/\\\/www.sba.it\\\/ru\\\/%d1%85%d1%83%d0%b4%d0%be%d0%b6%d0%bd%d0%b8%d0%ba%d0%b8\\\/sernesi-raffaello-biografia-quadri-macchiaioli-in-vendita-valutazione-e-stima-di-dipinti-macchiaioli-di-raffaello-sernesi\\\/#primaryimage\"},\"image\":{\"@id\":\"https:\\\/\\\/www.sba.it\\\/ru\\\/%d1%85%d1%83%d0%b4%d0%be%d0%b6%d0%bd%d0%b8%d0%ba%d0%b8\\\/sernesi-raffaello-biografia-quadri-macchiaioli-in-vendita-valutazione-e-stima-di-dipinti-macchiaioli-di-raffaello-sernesi\\\/#primaryimage\"},\"thumbnailUrl\":\"https:\\\/\\\/www.sba.it\\\/wp-content\\\/uploads\\\/2013\\\/06\\\/images_artisti_Sernesi-Raffaello-biografia-quadri-in-vendita-macchiaioli.jpg\",\"datePublished\":\"2013-06-17T08:02:54+00:00\",\"dateModified\":\"2019-04-12T08:24:29+00:00\",\"description\":\"Raffaello Sernesi biografia Raffaello Sernesi quadri macchiaioli in vendita valutazione e stima di dipinti di Raffaello Sernesi.\",\"breadcrumb\":{\"@id\":\"https:\\\/\\\/www.sba.it\\\/ru\\\/%d1%85%d1%83%d0%b4%d0%be%d0%b6%d0%bd%d0%b8%d0%ba%d0%b8\\\/sernesi-raffaello-biografia-quadri-macchiaioli-in-vendita-valutazione-e-stima-di-dipinti-macchiaioli-di-raffaello-sernesi\\\/#breadcrumb\"},\"inLanguage\":\"ru-RU\",\"potentialAction\":[{\"@type\":\"ReadAction\",\"target\":[\"https:\\\/\\\/www.sba.it\\\/ru\\\/%d1%85%d1%83%d0%b4%d0%be%d0%b6%d0%bd%d0%b8%d0%ba%d0%b8\\\/sernesi-raffaello-biografia-quadri-macchiaioli-in-vendita-valutazione-e-stima-di-dipinti-macchiaioli-di-raffaello-sernesi\\\/\"]}]},{\"@type\":\"ImageObject\",\"inLanguage\":\"ru-RU\",\"@id\":\"https:\\\/\\\/www.sba.it\\\/ru\\\/%d1%85%d1%83%d0%b4%d0%be%d0%b6%d0%bd%d0%b8%d0%ba%d0%b8\\\/sernesi-raffaello-biografia-quadri-macchiaioli-in-vendita-valutazione-e-stima-di-dipinti-macchiaioli-di-raffaello-sernesi\\\/#primaryimage\",\"url\":\"https:\\\/\\\/www.sba.it\\\/wp-content\\\/uploads\\\/2013\\\/06\\\/images_artisti_Sernesi-Raffaello-biografia-quadri-in-vendita-macchiaioli.jpg\",\"contentUrl\":\"https:\\\/\\\/www.sba.it\\\/wp-content\\\/uploads\\\/2013\\\/06\\\/images_artisti_Sernesi-Raffaello-biografia-quadri-in-vendita-macchiaioli.jpg\",\"width\":300,\"height\":414,\"caption\":\"Foto del pittore macchiaioli dell'800 Raffaello Sernesi\"},{\"@type\":\"BreadcrumbList\",\"@id\":\"https:\\\/\\\/www.sba.it\\\/ru\\\/%d1%85%d1%83%d0%b4%d0%be%d0%b6%d0%bd%d0%b8%d0%ba%d0%b8\\\/sernesi-raffaello-biografia-quadri-macchiaioli-in-vendita-valutazione-e-stima-di-dipinti-macchiaioli-di-raffaello-sernesi\\\/#breadcrumb\",\"itemListElement\":[{\"@type\":\"ListItem\",\"position\":1,\"name\":\"Home\",\"item\":\"https:\\\/\\\/www.sba.it\\\/ru\\\/\"},{\"@type\":\"ListItem\",\"position\":2,\"name\":\"\u0425\u0423\u0414\u041e\u0416\u041d\u0418\u041a\u0418\",\"item\":\"https:\\\/\\\/www.sba.it\\\/ru\\\/%d1%85%d1%83%d0%b4%d0%be%d0%b6%d0%bd%d0%b8%d0%ba%d0%b8\\\/\"},{\"@type\":\"ListItem\",\"position\":3,\"name\":\"Sernesi Raffaello (1838-1866). Biografia. Quadri in vendita.\"}]},{\"@type\":\"WebSite\",\"@id\":\"https:\\\/\\\/www.sba.it\\\/#website\",\"url\":\"https:\\\/\\\/www.sba.it\\\/\",\"name\":\"Societ\u00e0 di Belle Arti\",\"description\":\"Quadri macchiaioli e del 800 e 900 in vendita\",\"publisher\":{\"@id\":\"https:\\\/\\\/www.sba.it\\\/#organization\"},\"potentialAction\":[{\"@type\":\"SearchAction\",\"target\":{\"@type\":\"EntryPoint\",\"urlTemplate\":\"https:\\\/\\\/www.sba.it\\\/?s={search_term_string}\"},\"query-input\":{\"@type\":\"PropertyValueSpecification\",\"valueRequired\":true,\"valueName\":\"search_term_string\"}}],\"inLanguage\":\"ru-RU\"},{\"@type\":\"Organization\",\"@id\":\"https:\\\/\\\/www.sba.it\\\/#organization\",\"name\":\"Societ\u00e0 di Belle Arti\",\"url\":\"https:\\\/\\\/www.sba.it\\\/\",\"logo\":{\"@type\":\"ImageObject\",\"inLanguage\":\"ru-RU\",\"@id\":\"https:\\\/\\\/www.sba.it\\\/#\\\/schema\\\/logo\\\/image\\\/\",\"url\":\"https:\\\/\\\/www.sba.it\\\/wp-content\\\/uploads\\\/2019\\\/04\\\/Logo-rosso_nero.png\",\"contentUrl\":\"https:\\\/\\\/www.sba.it\\\/wp-content\\\/uploads\\\/2019\\\/04\\\/Logo-rosso_nero.png\",\"width\":2532,\"height\":1137,\"caption\":\"Societ\u00e0 di Belle Arti\"},\"image\":{\"@id\":\"https:\\\/\\\/www.sba.it\\\/#\\\/schema\\\/logo\\\/image\\\/\"},\"sameAs\":[\"https:\\\/\\\/www.facebook.com\\\/pitturaitaliana800e900\\\/\",\"https:\\\/\\\/x.com\\\/SocietaArti\",\"https:\\\/\\\/www.instagram.com\\\/societadibellearti\",\"https:\\\/\\\/www.linkedin.com\\\/in\\\/societ\u00e0-di-belle-arti-363aa8191\\\/\",\"https:\\\/\\\/www.youtube.com\\\/channel\\\/UC6fJlk-ajwhsnEIICATyXaQ\"]}]}<\/script>\n<!-- \/ Yoast SEO plugin. -->","yoast_head_json":{"title":"Sernesi Raffaello (1838-1866). Biografia. Quadri in vendita.","description":"Raffaello Sernesi biografia Raffaello Sernesi quadri macchiaioli in vendita valutazione e stima di dipinti di Raffaello Sernesi.","robots":{"index":"index","follow":"follow","max-snippet":"max-snippet:-1","max-image-preview":"max-image-preview:large","max-video-preview":"max-video-preview:-1"},"canonical":"https:\/\/www.sba.it\/ru\/\u0445\u0443\u0434\u043e\u0436\u043d\u0438\u043a\u0438\/sernesi-raffaello-biografia-quadri-macchiaioli-in-vendita-valutazione-e-stima-di-dipinti-macchiaioli-di-raffaello-sernesi\/","og_locale":"ru_RU","og_type":"article","og_title":"Sernesi Raffaello (1838-1866). Biografia. Quadri in vendita.","og_description":"Raffaello Sernesi biografia Raffaello Sernesi quadri macchiaioli in vendita valutazione e stima di dipinti di Raffaello Sernesi.","og_url":"https:\/\/www.sba.it\/ru\/\u0445\u0443\u0434\u043e\u0436\u043d\u0438\u043a\u0438\/sernesi-raffaello-biografia-quadri-macchiaioli-in-vendita-valutazione-e-stima-di-dipinti-macchiaioli-di-raffaello-sernesi\/","og_site_name":"Societ\u00e0 di Belle Arti","article_publisher":"https:\/\/www.facebook.com\/pitturaitaliana800e900\/","article_modified_time":"2019-04-12T08:24:29+00:00","og_image":[{"width":300,"height":414,"url":"https:\/\/www.sba.it\/wp-content\/uploads\/2013\/06\/images_artisti_Sernesi-Raffaello-biografia-quadri-in-vendita-macchiaioli.jpg","type":"image\/jpeg"}],"twitter_card":"summary_large_image","twitter_site":"@SocietaArti","twitter_misc":{"\u041f\u0440\u0438\u043c\u0435\u0440\u043d\u043e\u0435 \u0432\u0440\u0435\u043c\u044f \u0434\u043b\u044f \u0447\u0442\u0435\u043d\u0438\u044f":"2 \u043c\u0438\u043d\u0443\u0442\u044b"},"schema":{"@context":"https:\/\/schema.org","@graph":[{"@type":"WebPage","@id":"https:\/\/www.sba.it\/ru\/%d1%85%d1%83%d0%b4%d0%be%d0%b6%d0%bd%d0%b8%d0%ba%d0%b8\/sernesi-raffaello-biografia-quadri-macchiaioli-in-vendita-valutazione-e-stima-di-dipinti-macchiaioli-di-raffaello-sernesi\/","url":"https:\/\/www.sba.it\/ru\/%d1%85%d1%83%d0%b4%d0%be%d0%b6%d0%bd%d0%b8%d0%ba%d0%b8\/sernesi-raffaello-biografia-quadri-macchiaioli-in-vendita-valutazione-e-stima-di-dipinti-macchiaioli-di-raffaello-sernesi\/","name":"Sernesi Raffaello (1838-1866). Biografia. Quadri in vendita.","isPartOf":{"@id":"https:\/\/www.sba.it\/#website"},"primaryImageOfPage":{"@id":"https:\/\/www.sba.it\/ru\/%d1%85%d1%83%d0%b4%d0%be%d0%b6%d0%bd%d0%b8%d0%ba%d0%b8\/sernesi-raffaello-biografia-quadri-macchiaioli-in-vendita-valutazione-e-stima-di-dipinti-macchiaioli-di-raffaello-sernesi\/#primaryimage"},"image":{"@id":"https:\/\/www.sba.it\/ru\/%d1%85%d1%83%d0%b4%d0%be%d0%b6%d0%bd%d0%b8%d0%ba%d0%b8\/sernesi-raffaello-biografia-quadri-macchiaioli-in-vendita-valutazione-e-stima-di-dipinti-macchiaioli-di-raffaello-sernesi\/#primaryimage"},"thumbnailUrl":"https:\/\/www.sba.it\/wp-content\/uploads\/2013\/06\/images_artisti_Sernesi-Raffaello-biografia-quadri-in-vendita-macchiaioli.jpg","datePublished":"2013-06-17T08:02:54+00:00","dateModified":"2019-04-12T08:24:29+00:00","description":"Raffaello Sernesi biografia Raffaello Sernesi quadri macchiaioli in vendita valutazione e stima di dipinti di Raffaello Sernesi.","breadcrumb":{"@id":"https:\/\/www.sba.it\/ru\/%d1%85%d1%83%d0%b4%d0%be%d0%b6%d0%bd%d0%b8%d0%ba%d0%b8\/sernesi-raffaello-biografia-quadri-macchiaioli-in-vendita-valutazione-e-stima-di-dipinti-macchiaioli-di-raffaello-sernesi\/#breadcrumb"},"inLanguage":"ru-RU","potentialAction":[{"@type":"ReadAction","target":["https:\/\/www.sba.it\/ru\/%d1%85%d1%83%d0%b4%d0%be%d0%b6%d0%bd%d0%b8%d0%ba%d0%b8\/sernesi-raffaello-biografia-quadri-macchiaioli-in-vendita-valutazione-e-stima-di-dipinti-macchiaioli-di-raffaello-sernesi\/"]}]},{"@type":"ImageObject","inLanguage":"ru-RU","@id":"https:\/\/www.sba.it\/ru\/%d1%85%d1%83%d0%b4%d0%be%d0%b6%d0%bd%d0%b8%d0%ba%d0%b8\/sernesi-raffaello-biografia-quadri-macchiaioli-in-vendita-valutazione-e-stima-di-dipinti-macchiaioli-di-raffaello-sernesi\/#primaryimage","url":"https:\/\/www.sba.it\/wp-content\/uploads\/2013\/06\/images_artisti_Sernesi-Raffaello-biografia-quadri-in-vendita-macchiaioli.jpg","contentUrl":"https:\/\/www.sba.it\/wp-content\/uploads\/2013\/06\/images_artisti_Sernesi-Raffaello-biografia-quadri-in-vendita-macchiaioli.jpg","width":300,"height":414,"caption":"Foto del pittore macchiaioli dell'800 Raffaello Sernesi"},{"@type":"BreadcrumbList","@id":"https:\/\/www.sba.it\/ru\/%d1%85%d1%83%d0%b4%d0%be%d0%b6%d0%bd%d0%b8%d0%ba%d0%b8\/sernesi-raffaello-biografia-quadri-macchiaioli-in-vendita-valutazione-e-stima-di-dipinti-macchiaioli-di-raffaello-sernesi\/#breadcrumb","itemListElement":[{"@type":"ListItem","position":1,"name":"Home","item":"https:\/\/www.sba.it\/ru\/"},{"@type":"ListItem","position":2,"name":"\u0425\u0423\u0414\u041e\u0416\u041d\u0418\u041a\u0418","item":"https:\/\/www.sba.it\/ru\/%d1%85%d1%83%d0%b4%d0%be%d0%b6%d0%bd%d0%b8%d0%ba%d0%b8\/"},{"@type":"ListItem","position":3,"name":"Sernesi Raffaello (1838-1866). Biografia. Quadri in vendita."}]},{"@type":"WebSite","@id":"https:\/\/www.sba.it\/#website","url":"https:\/\/www.sba.it\/","name":"Societ\u00e0 di Belle Arti","description":"Quadri macchiaioli e del 800 e 900 in vendita","publisher":{"@id":"https:\/\/www.sba.it\/#organization"},"potentialAction":[{"@type":"SearchAction","target":{"@type":"EntryPoint","urlTemplate":"https:\/\/www.sba.it\/?s={search_term_string}"},"query-input":{"@type":"PropertyValueSpecification","valueRequired":true,"valueName":"search_term_string"}}],"inLanguage":"ru-RU"},{"@type":"Organization","@id":"https:\/\/www.sba.it\/#organization","name":"Societ\u00e0 di Belle Arti","url":"https:\/\/www.sba.it\/","logo":{"@type":"ImageObject","inLanguage":"ru-RU","@id":"https:\/\/www.sba.it\/#\/schema\/logo\/image\/","url":"https:\/\/www.sba.it\/wp-content\/uploads\/2019\/04\/Logo-rosso_nero.png","contentUrl":"https:\/\/www.sba.it\/wp-content\/uploads\/2019\/04\/Logo-rosso_nero.png","width":2532,"height":1137,"caption":"Societ\u00e0 di Belle Arti"},"image":{"@id":"https:\/\/www.sba.it\/#\/schema\/logo\/image\/"},"sameAs":["https:\/\/www.facebook.com\/pitturaitaliana800e900\/","https:\/\/x.com\/SocietaArti","https:\/\/www.instagram.com\/societadibellearti","https:\/\/www.linkedin.com\/in\/societ\u00e0-di-belle-arti-363aa8191\/","https:\/\/www.youtube.com\/channel\/UC6fJlk-ajwhsnEIICATyXaQ"]}]}},"_links":{"self":[{"href":"https:\/\/www.sba.it\/ru\/wp-json\/wp\/v2\/pages\/73896","targetHints":{"allow":["GET"]}}],"collection":[{"href":"https:\/\/www.sba.it\/ru\/wp-json\/wp\/v2\/pages"}],"about":[{"href":"https:\/\/www.sba.it\/ru\/wp-json\/wp\/v2\/types\/page"}],"author":[{"embeddable":true,"href":"https:\/\/www.sba.it\/ru\/wp-json\/wp\/v2\/users\/1"}],"replies":[{"embeddable":true,"href":"https:\/\/www.sba.it\/ru\/wp-json\/wp\/v2\/comments?post=73896"}],"version-history":[{"count":4,"href":"https:\/\/www.sba.it\/ru\/wp-json\/wp\/v2\/pages\/73896\/revisions"}],"predecessor-version":[{"id":81832,"href":"https:\/\/www.sba.it\/ru\/wp-json\/wp\/v2\/pages\/73896\/revisions\/81832"}],"up":[{"embeddable":true,"href":"https:\/\/www.sba.it\/ru\/wp-json\/wp\/v2\/pages\/73491"}],"wp:featuredmedia":[{"embeddable":true,"href":"https:\/\/www.sba.it\/ru\/wp-json\/wp\/v2\/media\/428"}],"wp:attachment":[{"href":"https:\/\/www.sba.it\/ru\/wp-json\/wp\/v2\/media?parent=73896"}],"curies":[{"name":"wp","href":"https:\/\/api.w.org\/{rel}","templated":true}]}}