{"id":73818,"date":"2013-06-17T10:27:58","date_gmt":"2013-06-17T08:27:58","guid":{"rendered":"http:\/\/www.sba.it\/federico-zandomeneghi-biografia-quadri-in-vendita-valutazione-stima-perizia-certificata-di-dipinti-di-federico-zandomeneghi\/"},"modified":"2021-10-29T11:23:49","modified_gmt":"2021-10-29T09:23:49","slug":"federico-zandomeneghi-biografia-quadri-in-vendita-valutazione-stima-perizia-certificata-di-dipinti-di-federico-zandomeneghi","status":"publish","type":"page","link":"https:\/\/www.sba.it\/ru\/%d1%85%d1%83%d0%b4%d0%be%d0%b6%d0%bd%d0%b8%d0%ba%d0%b8\/federico-zandomeneghi-biografia-quadri-in-vendita-valutazione-stima-perizia-certificata-di-dipinti-di-federico-zandomeneghi\/","title":{"rendered":"Zandomeneghi Federico (1841-1917). Biografia. Quadri in vendita."},"content":{"rendered":"<p>Federico Zandomeneghi nacque a Venezia nel 1841.<\/p>\n<p>Nel 1856 s\u2019iscrisse all\u2019<a href=\"http:\/\/www.accademiavenezia.it\/\">Accademia di Belle Arti<\/a> veneziana, scoprendo tramite\u00a0 Michelangelo Grigoletti, l\u2019interesse per lo studio della figura umana.<\/p>\n<p>I rapporti con\u00a0 Giuseppe e Vincenzo <a href=\"http:\/\/www.sba.it\/abbati-giuseppe-biografia-quadri-in-vendita-macchiaioli-valutazione-stima-perizia-certificata-di-dipinti-di-abbati-giuseppe\/\"><strong>Abbati<\/strong><\/a> lo indirizzarono verso la pittura d\u2019interni successivamente testimoniata dai dipinti <em>Scalone del Palazzo Pretorio di Firenze <\/em>e<em> Interno della Chiesa di S. Marco in\u00a0<\/em><em>Venezia<\/em>.<\/p>\n<p>Nel \u201959 lasci\u00f2 Venezia per sfuggire alle armi e s\u2019iscrisse all\u2019<a href=\"https:\/\/www.accademiadibrera.milano.it\/\">Accademia di Belle Arti di Milano<\/a>, dove concluse il suo <em>curriculum<\/em> di studi.<\/p>\n<p>Prese parte alla spedizione garibaldina terminata\u00a0con il deludente armistizio di Villafranca e, nel \u201960, partecip\u00f2 all\u2019impresa dei Mille, seguendo Garibaldi in\u00a0Sicilia.<\/p>\n<p>Al\u00a0 ritorno, non potendo raggiungere Venezia in quanto ricercato per diserzione, fece tappa\u00a0 a Milano dove fu\u00a0 influenzato dalla\u00a0 pittura di chiaro orientamento \u201cindunesco\u201d.<\/p>\n<p>Durante l\u2019estate del \u201962, nel tentativo di rientrare nella sua citt\u00e0, fu arrestato dalla polizia austriaca.<\/p>\n<p>Grazie all\u2019aiuto di alcuni parenti riusc\u00ec a evadere e, nello stesso anno, giunse a Firenze appena in tempo per visitare la Prima Esposizione Nazionale.<\/p>\n<p>Qui entr\u00f2 in\u00a0contatto con l\u2019ambiente del <strong>caff\u00e8 Michelangiolo.<\/strong><\/p>\n<figure id=\"attachment_455\" aria-describedby=\"caption-attachment-455\" style=\"width: 221px\" class=\"wp-caption alignleft\"><img decoding=\"async\" class=\"size-medium wp-image-455\" src=\"http:\/\/www.sba.it\/wp-content\/uploads\/2013\/06\/images_artisti_Federico-Zandomeneghi-vendita-dipinti-impressionisti-221x300.jpg\" alt=\"Federico Zandomeneghi in una foto\" width=\"221\" height=\"300\" srcset=\"https:\/\/www.sba.it\/wp-content\/uploads\/2013\/06\/images_artisti_Federico-Zandomeneghi-vendita-dipinti-impressionisti-221x300.jpg 221w, https:\/\/www.sba.it\/wp-content\/uploads\/2013\/06\/images_artisti_Federico-Zandomeneghi-vendita-dipinti-impressionisti.jpg 300w\" sizes=\"(max-width: 221px) 100vw, 221px\" \/><figcaption id=\"caption-attachment-455\" class=\"wp-caption-text\">Federico Zandomeneghi in una foto d&#8217;epoca<\/figcaption><\/figure>\n<p>Legandosi soprattutto a Martelli, a <a href=\"http:\/\/www.sba.it\/cabianca-vincenzo-biografia-quadri-in-vendita-macchiaioli-valutazione-stima-perizia-certificata-sui-dipinti-di-cabianca-vincenzo\/\"><strong>Cabianca<\/strong><\/a>, <a href=\"http:\/\/www.sba.it\/abbati-giuseppe-biografia-quadri-in-vendita-macchiaioli-valutazione-stima-perizia-certificata-di-dipinti-di-abbati-giuseppe\/\"><strong>Abbati<\/strong><\/a>, <a href=\"http:\/\/www.sba.it\/borrani-odoardo-biografia-quadri-in-vendita-macchiaioli-valutazione-stima-perizia-certificata-di-dipinti-di-borrani-odoardo\/\"><strong>Borrani<\/strong><\/a>, <a href=\"http:\/\/www.sba.it\/signorini-telemaco-biografia-quadri-in-vendita-macchiaioli-valutazione-stime-e-perizie-certificate-su-dipinti-macchiaioli-di-telemaco-signorini\/\"><strong>Signorini<\/strong><\/a>, <a href=\"http:\/\/www.sba.it\/sernesi-raffaello-biografia-quadri-macchiaioli-in-vendita-valutazione-e-stima-di-dipinti-macchiaioli-di-raffaello-sernesi\/\"><strong>Sernesi<\/strong><\/a> e <a href=\"http:\/\/www.sba.it\/lega-silvestro-biografia-quadri-macchiaioli-in-vendita-valutazione-stima-perzia-certificata-dipinti-macchiaioli-silvestro-lega\/\"><strong>Lega<\/strong><\/a>, ne condivise le ricerche formali, senza prescindere da un delicato tonalismo di\u00a0 ascendenza veneta.<\/p>\n<p>Videro cos\u00ec la luce alcune tra le rare testimonianze di adesione alla poetica macchiaiola quali <em>La lettrice <\/em>e<em> Gli innamorati<\/em>.<\/p>\n<p>Tali testimonianze erano destinate ad incrementarsi anche dopo il rientro a Venezia, per il prolungato rapporto con gli amici toscani.<\/p>\n<p>Dal \u201966, dopo\u00a0essersi arruolato ancora una volta al seguito di Garibaldi, viaggi\u00f2 tra Venezia e Firenze, effettuando un\u00a0lungo soggiorno a Roma nell\u2019inverno \u201972.<\/p>\n<p>Nell\u2019occasione dimostr\u00f2 una momentanea adesione alle\u00a0istanze veriste (<em>Gli spazzini di campo San Rocco, I poveri sui gradini del convento di Aracoeli <\/em>e<em> Impressioni\u00a0<\/em><em>di Roma<\/em>).<\/p>\n<p>Intensific\u00f2 le presenze alle mostre ufficiali fino a quando nel \u201974 part\u00ec\u00a0 alla volta di Parigi per un soggiorno che si sarebbe protratto per tutta la vita.<\/p>\n<p>Superate le iniziali difficolt\u00e0 economiche,\u00a0 condivise\u00a0 le ricerche degli \u201cind\u00e9pendants\u201d, divenendo con Degas uno tra i pi\u00f9 assidui frequentatori del Caff\u00e8 de la Nouvelle Ath\u00e8nes.<\/p>\n<p>Ma fu dal\u201978 che si avvi\u00f2 a vivere da protagonista la vicenda umana e pittorica dell\u2019Impressionismo.<\/p>\n<p>Ader\u00ec completamente ai nuovi indirizzi della pittura francese sia nella gamma cromatica sia nella scelta dei temi.<\/p>\n<p>La presenza di Martelli a Parigi contribu\u00ec, inoltre, a avvicinarlo sempre pi\u00f9 a Pissarro, Sisley e Degas.<\/p>\n<p>Con questi\u00a0 dal \u201979, partecip\u00f2\u00a0 alle mostre degli Impressionisti, dove Karl Huysmans apprezz\u00f2\u00a0 \u00a0i suoi quadri <em>Violette\u00a0<\/em><em>d\u2019hiver <\/em>e<em> Madre e figlia.<\/em><\/p>\n<p>Nel \u201994 inizi\u00f2 il\u00a0 rapporto con il grande mercante Paul Durand-Ruel.<\/p>\n<p>Diventato\u00a0 &#171;parigino&#187;, non fu pi\u00f9 capito dagli\u00a0 amici italiani come attesta il modesto successo della mostra personale organizzata nel \u201914 alla Biennale di Venezia.<\/p>\n<p>Mor\u00ec a Parigi nel 1917.<\/p>\n<p>&nbsp;<\/p>\n<hr style=\"width: 1000px;\" \/>\n<h3 style=\"font-size: 12pt;\">CATALOGO OPERE:<br \/>\n<a href=\"http:\/\/www.sba.it\/federico-zandomeneghi-quadri-in-vendita-dell-800\/\">Violette<\/a><br \/>\n<a href=\"http:\/\/www.sba.it\/federico-zandomeneghi-vendita-di-quadri-dell-800\/\">La Lecture<\/a><br \/>\n<a href=\"http:\/\/www.sba.it\/federico-zandomeneghi-vendita-e-acquisto-di-quadri-e-dipinti\/\">Donna al balcone<\/a><br \/>\n<strong><a href=\"http:\/\/www.sba.it\/federico-zandomeneghi-dipinti-in-vendita\/\">Enfant \u00e0 la poup\u00e9e<\/a><\/strong><\/h3>\n<p><a href=\"http:\/\/www.sba.it\/zandomeneghi-dipinti-ottocento-vendere-comprare\/\"><strong>Le pot au lait<\/strong><\/a><\/p>\n<p><a style=\"font-size: 1.17em;\" href=\"https:\/\/www.sba.it\/ru\/%d0%bf%d1%80%d0%be%d0%b4%d0%b0%d1%82%d1%8c\/\">VUOI VENDERE O COMPRARE UN QUADRO DI QUESTO ARTISTA?<\/a><\/p>\n<p>&nbsp;<\/p>\n","protected":false},"excerpt":{"rendered":"<p>Federico Zandomeneghi nacque a Venezia nel 1841. Nel 1856 s\u2019iscrisse all\u2019Accademia di Belle Arti veneziana, scoprendo tramite\u00a0 Michelangelo Grigoletti, l\u2019interesse [&hellip;]<\/p>\n","protected":false},"author":1,"featured_media":458,"parent":73491,"menu_order":135,"comment_status":"closed","ping_status":"closed","template":"","meta":{"_monsterinsights_skip_tracking":false,"_monsterinsights_sitenote_active":false,"_monsterinsights_sitenote_note":"","_monsterinsights_sitenote_category":0,"footnotes":""},"class_list":["post-73818","page","type-page","status-publish","has-post-thumbnail","hentry","page_category-1277"],"yoast_head":"<!-- This site is optimized with the Yoast SEO plugin v27.5 - https:\/\/yoast.com\/product\/yoast-seo-wordpress\/ -->\n<title>Zandomeneghi Federico (1841-1917). Biografia. Quadri in vendita.<\/title>\n<meta name=\"description\" content=\"Federico Zandomeneghi leggi la vita del pittore veneto dell&#039;800 , Federico Zandomeneghi quadri in vendita, dipinti dell&#039;800 vendita\" \/>\n<meta name=\"robots\" content=\"index, follow, max-snippet:-1, max-image-preview:large, max-video-preview:-1\" \/>\n<link rel=\"canonical\" href=\"https:\/\/www.sba.it\/ru\/\u0445\u0443\u0434\u043e\u0436\u043d\u0438\u043a\u0438\/federico-zandomeneghi-biografia-quadri-in-vendita-valutazione-stima-perizia-certificata-di-dipinti-di-federico-zandomeneghi\/\" \/>\n<meta property=\"og:locale\" content=\"ru_RU\" \/>\n<meta property=\"og:type\" content=\"article\" \/>\n<meta property=\"og:title\" content=\"Zandomeneghi Federico (1841-1917). Biografia. Quadri in vendita.\" \/>\n<meta property=\"og:description\" content=\"Federico Zandomeneghi leggi la vita del pittore veneto dell&#039;800 , Federico Zandomeneghi quadri in vendita, dipinti dell&#039;800 vendita\" \/>\n<meta property=\"og:url\" content=\"https:\/\/www.sba.it\/ru\/\u0445\u0443\u0434\u043e\u0436\u043d\u0438\u043a\u0438\/federico-zandomeneghi-biografia-quadri-in-vendita-valutazione-stima-perizia-certificata-di-dipinti-di-federico-zandomeneghi\/\" \/>\n<meta property=\"og:site_name\" content=\"Societ\u00e0 di Belle Arti\" \/>\n<meta property=\"article:publisher\" content=\"https:\/\/www.facebook.com\/pitturaitaliana800e900\/\" \/>\n<meta property=\"article:modified_time\" content=\"2021-10-29T09:23:49+00:00\" \/>\n<meta property=\"og:image\" content=\"https:\/\/www.sba.it\/wp-content\/uploads\/2013\/06\/images_artisti_Federico-Zandomeneghi-vendita-dipinti-impressionisti.jpg\" \/>\n\t<meta property=\"og:image:width\" content=\"300\" \/>\n\t<meta property=\"og:image:height\" content=\"407\" \/>\n\t<meta property=\"og:image:type\" content=\"image\/jpeg\" \/>\n<meta name=\"twitter:card\" content=\"summary_large_image\" \/>\n<meta name=\"twitter:site\" content=\"@SocietaArti\" \/>\n<meta name=\"twitter:label1\" content=\"\u041f\u0440\u0438\u043c\u0435\u0440\u043d\u043e\u0435 \u0432\u0440\u0435\u043c\u044f \u0434\u043b\u044f \u0447\u0442\u0435\u043d\u0438\u044f\" \/>\n\t<meta name=\"twitter:data1\" content=\"3 \u043c\u0438\u043d\u0443\u0442\u044b\" \/>\n<script type=\"application\/ld+json\" class=\"yoast-schema-graph\">{\"@context\":\"https:\\\/\\\/schema.org\",\"@graph\":[{\"@type\":\"WebPage\",\"@id\":\"https:\\\/\\\/www.sba.it\\\/ru\\\/%d1%85%d1%83%d0%b4%d0%be%d0%b6%d0%bd%d0%b8%d0%ba%d0%b8\\\/federico-zandomeneghi-biografia-quadri-in-vendita-valutazione-stima-perizia-certificata-di-dipinti-di-federico-zandomeneghi\\\/\",\"url\":\"https:\\\/\\\/www.sba.it\\\/ru\\\/%d1%85%d1%83%d0%b4%d0%be%d0%b6%d0%bd%d0%b8%d0%ba%d0%b8\\\/federico-zandomeneghi-biografia-quadri-in-vendita-valutazione-stima-perizia-certificata-di-dipinti-di-federico-zandomeneghi\\\/\",\"name\":\"Zandomeneghi Federico (1841-1917). Biografia. Quadri in vendita.\",\"isPartOf\":{\"@id\":\"https:\\\/\\\/www.sba.it\\\/#website\"},\"primaryImageOfPage\":{\"@id\":\"https:\\\/\\\/www.sba.it\\\/ru\\\/%d1%85%d1%83%d0%b4%d0%be%d0%b6%d0%bd%d0%b8%d0%ba%d0%b8\\\/federico-zandomeneghi-biografia-quadri-in-vendita-valutazione-stima-perizia-certificata-di-dipinti-di-federico-zandomeneghi\\\/#primaryimage\"},\"image\":{\"@id\":\"https:\\\/\\\/www.sba.it\\\/ru\\\/%d1%85%d1%83%d0%b4%d0%be%d0%b6%d0%bd%d0%b8%d0%ba%d0%b8\\\/federico-zandomeneghi-biografia-quadri-in-vendita-valutazione-stima-perizia-certificata-di-dipinti-di-federico-zandomeneghi\\\/#primaryimage\"},\"thumbnailUrl\":\"https:\\\/\\\/www.sba.it\\\/wp-content\\\/uploads\\\/2013\\\/06\\\/images_artisti_Federico-Zandomeneghi-vendita-dipinti-impressionisti.jpg\",\"datePublished\":\"2013-06-17T08:27:58+00:00\",\"dateModified\":\"2021-10-29T09:23:49+00:00\",\"description\":\"Federico Zandomeneghi leggi la vita del pittore veneto dell'800 , Federico Zandomeneghi quadri in vendita, dipinti dell'800 vendita\",\"breadcrumb\":{\"@id\":\"https:\\\/\\\/www.sba.it\\\/ru\\\/%d1%85%d1%83%d0%b4%d0%be%d0%b6%d0%bd%d0%b8%d0%ba%d0%b8\\\/federico-zandomeneghi-biografia-quadri-in-vendita-valutazione-stima-perizia-certificata-di-dipinti-di-federico-zandomeneghi\\\/#breadcrumb\"},\"inLanguage\":\"ru-RU\",\"potentialAction\":[{\"@type\":\"ReadAction\",\"target\":[\"https:\\\/\\\/www.sba.it\\\/ru\\\/%d1%85%d1%83%d0%b4%d0%be%d0%b6%d0%bd%d0%b8%d0%ba%d0%b8\\\/federico-zandomeneghi-biografia-quadri-in-vendita-valutazione-stima-perizia-certificata-di-dipinti-di-federico-zandomeneghi\\\/\"]}]},{\"@type\":\"ImageObject\",\"inLanguage\":\"ru-RU\",\"@id\":\"https:\\\/\\\/www.sba.it\\\/ru\\\/%d1%85%d1%83%d0%b4%d0%be%d0%b6%d0%bd%d0%b8%d0%ba%d0%b8\\\/federico-zandomeneghi-biografia-quadri-in-vendita-valutazione-stima-perizia-certificata-di-dipinti-di-federico-zandomeneghi\\\/#primaryimage\",\"url\":\"https:\\\/\\\/www.sba.it\\\/wp-content\\\/uploads\\\/2013\\\/06\\\/images_artisti_Federico-Zandomeneghi-vendita-dipinti-impressionisti.jpg\",\"contentUrl\":\"https:\\\/\\\/www.sba.it\\\/wp-content\\\/uploads\\\/2013\\\/06\\\/images_artisti_Federico-Zandomeneghi-vendita-dipinti-impressionisti.jpg\",\"width\":300,\"height\":407,\"caption\":\"Federico Zandomeneghi in una foto d'epoca\"},{\"@type\":\"BreadcrumbList\",\"@id\":\"https:\\\/\\\/www.sba.it\\\/ru\\\/%d1%85%d1%83%d0%b4%d0%be%d0%b6%d0%bd%d0%b8%d0%ba%d0%b8\\\/federico-zandomeneghi-biografia-quadri-in-vendita-valutazione-stima-perizia-certificata-di-dipinti-di-federico-zandomeneghi\\\/#breadcrumb\",\"itemListElement\":[{\"@type\":\"ListItem\",\"position\":1,\"name\":\"Home\",\"item\":\"https:\\\/\\\/www.sba.it\\\/ru\\\/\"},{\"@type\":\"ListItem\",\"position\":2,\"name\":\"\u0425\u0423\u0414\u041e\u0416\u041d\u0418\u041a\u0418\",\"item\":\"https:\\\/\\\/www.sba.it\\\/ru\\\/%d1%85%d1%83%d0%b4%d0%be%d0%b6%d0%bd%d0%b8%d0%ba%d0%b8\\\/\"},{\"@type\":\"ListItem\",\"position\":3,\"name\":\"Zandomeneghi Federico (1841-1917). Biografia. Quadri in vendita.\"}]},{\"@type\":\"WebSite\",\"@id\":\"https:\\\/\\\/www.sba.it\\\/#website\",\"url\":\"https:\\\/\\\/www.sba.it\\\/\",\"name\":\"Societ\u00e0 di Belle Arti\",\"description\":\"Quadri macchiaioli e del 800 e 900 in vendita\",\"publisher\":{\"@id\":\"https:\\\/\\\/www.sba.it\\\/#organization\"},\"potentialAction\":[{\"@type\":\"SearchAction\",\"target\":{\"@type\":\"EntryPoint\",\"urlTemplate\":\"https:\\\/\\\/www.sba.it\\\/?s={search_term_string}\"},\"query-input\":{\"@type\":\"PropertyValueSpecification\",\"valueRequired\":true,\"valueName\":\"search_term_string\"}}],\"inLanguage\":\"ru-RU\"},{\"@type\":\"Organization\",\"@id\":\"https:\\\/\\\/www.sba.it\\\/#organization\",\"name\":\"Societ\u00e0 di Belle Arti\",\"url\":\"https:\\\/\\\/www.sba.it\\\/\",\"logo\":{\"@type\":\"ImageObject\",\"inLanguage\":\"ru-RU\",\"@id\":\"https:\\\/\\\/www.sba.it\\\/#\\\/schema\\\/logo\\\/image\\\/\",\"url\":\"https:\\\/\\\/www.sba.it\\\/wp-content\\\/uploads\\\/2019\\\/04\\\/Logo-rosso_nero.png\",\"contentUrl\":\"https:\\\/\\\/www.sba.it\\\/wp-content\\\/uploads\\\/2019\\\/04\\\/Logo-rosso_nero.png\",\"width\":2532,\"height\":1137,\"caption\":\"Societ\u00e0 di Belle Arti\"},\"image\":{\"@id\":\"https:\\\/\\\/www.sba.it\\\/#\\\/schema\\\/logo\\\/image\\\/\"},\"sameAs\":[\"https:\\\/\\\/www.facebook.com\\\/pitturaitaliana800e900\\\/\",\"https:\\\/\\\/x.com\\\/SocietaArti\",\"https:\\\/\\\/www.instagram.com\\\/societadibellearti\",\"https:\\\/\\\/www.linkedin.com\\\/in\\\/societ\u00e0-di-belle-arti-363aa8191\\\/\",\"https:\\\/\\\/www.youtube.com\\\/channel\\\/UC6fJlk-ajwhsnEIICATyXaQ\"]}]}<\/script>\n<!-- \/ Yoast SEO plugin. -->","yoast_head_json":{"title":"Zandomeneghi Federico (1841-1917). Biografia. Quadri in vendita.","description":"Federico Zandomeneghi leggi la vita del pittore veneto dell'800 , Federico Zandomeneghi quadri in vendita, dipinti dell'800 vendita","robots":{"index":"index","follow":"follow","max-snippet":"max-snippet:-1","max-image-preview":"max-image-preview:large","max-video-preview":"max-video-preview:-1"},"canonical":"https:\/\/www.sba.it\/ru\/\u0445\u0443\u0434\u043e\u0436\u043d\u0438\u043a\u0438\/federico-zandomeneghi-biografia-quadri-in-vendita-valutazione-stima-perizia-certificata-di-dipinti-di-federico-zandomeneghi\/","og_locale":"ru_RU","og_type":"article","og_title":"Zandomeneghi Federico (1841-1917). Biografia. Quadri in vendita.","og_description":"Federico Zandomeneghi leggi la vita del pittore veneto dell'800 , Federico Zandomeneghi quadri in vendita, dipinti dell'800 vendita","og_url":"https:\/\/www.sba.it\/ru\/\u0445\u0443\u0434\u043e\u0436\u043d\u0438\u043a\u0438\/federico-zandomeneghi-biografia-quadri-in-vendita-valutazione-stima-perizia-certificata-di-dipinti-di-federico-zandomeneghi\/","og_site_name":"Societ\u00e0 di Belle Arti","article_publisher":"https:\/\/www.facebook.com\/pitturaitaliana800e900\/","article_modified_time":"2021-10-29T09:23:49+00:00","og_image":[{"width":300,"height":407,"url":"https:\/\/www.sba.it\/wp-content\/uploads\/2013\/06\/images_artisti_Federico-Zandomeneghi-vendita-dipinti-impressionisti.jpg","type":"image\/jpeg"}],"twitter_card":"summary_large_image","twitter_site":"@SocietaArti","twitter_misc":{"\u041f\u0440\u0438\u043c\u0435\u0440\u043d\u043e\u0435 \u0432\u0440\u0435\u043c\u044f \u0434\u043b\u044f \u0447\u0442\u0435\u043d\u0438\u044f":"3 \u043c\u0438\u043d\u0443\u0442\u044b"},"schema":{"@context":"https:\/\/schema.org","@graph":[{"@type":"WebPage","@id":"https:\/\/www.sba.it\/ru\/%d1%85%d1%83%d0%b4%d0%be%d0%b6%d0%bd%d0%b8%d0%ba%d0%b8\/federico-zandomeneghi-biografia-quadri-in-vendita-valutazione-stima-perizia-certificata-di-dipinti-di-federico-zandomeneghi\/","url":"https:\/\/www.sba.it\/ru\/%d1%85%d1%83%d0%b4%d0%be%d0%b6%d0%bd%d0%b8%d0%ba%d0%b8\/federico-zandomeneghi-biografia-quadri-in-vendita-valutazione-stima-perizia-certificata-di-dipinti-di-federico-zandomeneghi\/","name":"Zandomeneghi Federico (1841-1917). Biografia. Quadri in vendita.","isPartOf":{"@id":"https:\/\/www.sba.it\/#website"},"primaryImageOfPage":{"@id":"https:\/\/www.sba.it\/ru\/%d1%85%d1%83%d0%b4%d0%be%d0%b6%d0%bd%d0%b8%d0%ba%d0%b8\/federico-zandomeneghi-biografia-quadri-in-vendita-valutazione-stima-perizia-certificata-di-dipinti-di-federico-zandomeneghi\/#primaryimage"},"image":{"@id":"https:\/\/www.sba.it\/ru\/%d1%85%d1%83%d0%b4%d0%be%d0%b6%d0%bd%d0%b8%d0%ba%d0%b8\/federico-zandomeneghi-biografia-quadri-in-vendita-valutazione-stima-perizia-certificata-di-dipinti-di-federico-zandomeneghi\/#primaryimage"},"thumbnailUrl":"https:\/\/www.sba.it\/wp-content\/uploads\/2013\/06\/images_artisti_Federico-Zandomeneghi-vendita-dipinti-impressionisti.jpg","datePublished":"2013-06-17T08:27:58+00:00","dateModified":"2021-10-29T09:23:49+00:00","description":"Federico Zandomeneghi leggi la vita del pittore veneto dell'800 , Federico Zandomeneghi quadri in vendita, dipinti dell'800 vendita","breadcrumb":{"@id":"https:\/\/www.sba.it\/ru\/%d1%85%d1%83%d0%b4%d0%be%d0%b6%d0%bd%d0%b8%d0%ba%d0%b8\/federico-zandomeneghi-biografia-quadri-in-vendita-valutazione-stima-perizia-certificata-di-dipinti-di-federico-zandomeneghi\/#breadcrumb"},"inLanguage":"ru-RU","potentialAction":[{"@type":"ReadAction","target":["https:\/\/www.sba.it\/ru\/%d1%85%d1%83%d0%b4%d0%be%d0%b6%d0%bd%d0%b8%d0%ba%d0%b8\/federico-zandomeneghi-biografia-quadri-in-vendita-valutazione-stima-perizia-certificata-di-dipinti-di-federico-zandomeneghi\/"]}]},{"@type":"ImageObject","inLanguage":"ru-RU","@id":"https:\/\/www.sba.it\/ru\/%d1%85%d1%83%d0%b4%d0%be%d0%b6%d0%bd%d0%b8%d0%ba%d0%b8\/federico-zandomeneghi-biografia-quadri-in-vendita-valutazione-stima-perizia-certificata-di-dipinti-di-federico-zandomeneghi\/#primaryimage","url":"https:\/\/www.sba.it\/wp-content\/uploads\/2013\/06\/images_artisti_Federico-Zandomeneghi-vendita-dipinti-impressionisti.jpg","contentUrl":"https:\/\/www.sba.it\/wp-content\/uploads\/2013\/06\/images_artisti_Federico-Zandomeneghi-vendita-dipinti-impressionisti.jpg","width":300,"height":407,"caption":"Federico Zandomeneghi in una foto d'epoca"},{"@type":"BreadcrumbList","@id":"https:\/\/www.sba.it\/ru\/%d1%85%d1%83%d0%b4%d0%be%d0%b6%d0%bd%d0%b8%d0%ba%d0%b8\/federico-zandomeneghi-biografia-quadri-in-vendita-valutazione-stima-perizia-certificata-di-dipinti-di-federico-zandomeneghi\/#breadcrumb","itemListElement":[{"@type":"ListItem","position":1,"name":"Home","item":"https:\/\/www.sba.it\/ru\/"},{"@type":"ListItem","position":2,"name":"\u0425\u0423\u0414\u041e\u0416\u041d\u0418\u041a\u0418","item":"https:\/\/www.sba.it\/ru\/%d1%85%d1%83%d0%b4%d0%be%d0%b6%d0%bd%d0%b8%d0%ba%d0%b8\/"},{"@type":"ListItem","position":3,"name":"Zandomeneghi Federico (1841-1917). Biografia. Quadri in vendita."}]},{"@type":"WebSite","@id":"https:\/\/www.sba.it\/#website","url":"https:\/\/www.sba.it\/","name":"Societ\u00e0 di Belle Arti","description":"Quadri macchiaioli e del 800 e 900 in vendita","publisher":{"@id":"https:\/\/www.sba.it\/#organization"},"potentialAction":[{"@type":"SearchAction","target":{"@type":"EntryPoint","urlTemplate":"https:\/\/www.sba.it\/?s={search_term_string}"},"query-input":{"@type":"PropertyValueSpecification","valueRequired":true,"valueName":"search_term_string"}}],"inLanguage":"ru-RU"},{"@type":"Organization","@id":"https:\/\/www.sba.it\/#organization","name":"Societ\u00e0 di Belle Arti","url":"https:\/\/www.sba.it\/","logo":{"@type":"ImageObject","inLanguage":"ru-RU","@id":"https:\/\/www.sba.it\/#\/schema\/logo\/image\/","url":"https:\/\/www.sba.it\/wp-content\/uploads\/2019\/04\/Logo-rosso_nero.png","contentUrl":"https:\/\/www.sba.it\/wp-content\/uploads\/2019\/04\/Logo-rosso_nero.png","width":2532,"height":1137,"caption":"Societ\u00e0 di Belle Arti"},"image":{"@id":"https:\/\/www.sba.it\/#\/schema\/logo\/image\/"},"sameAs":["https:\/\/www.facebook.com\/pitturaitaliana800e900\/","https:\/\/x.com\/SocietaArti","https:\/\/www.instagram.com\/societadibellearti","https:\/\/www.linkedin.com\/in\/societ\u00e0-di-belle-arti-363aa8191\/","https:\/\/www.youtube.com\/channel\/UC6fJlk-ajwhsnEIICATyXaQ"]}]}},"_links":{"self":[{"href":"https:\/\/www.sba.it\/ru\/wp-json\/wp\/v2\/pages\/73818","targetHints":{"allow":["GET"]}}],"collection":[{"href":"https:\/\/www.sba.it\/ru\/wp-json\/wp\/v2\/pages"}],"about":[{"href":"https:\/\/www.sba.it\/ru\/wp-json\/wp\/v2\/types\/page"}],"author":[{"embeddable":true,"href":"https:\/\/www.sba.it\/ru\/wp-json\/wp\/v2\/users\/1"}],"replies":[{"embeddable":true,"href":"https:\/\/www.sba.it\/ru\/wp-json\/wp\/v2\/comments?post=73818"}],"version-history":[{"count":47,"href":"https:\/\/www.sba.it\/ru\/wp-json\/wp\/v2\/pages\/73818\/revisions"}],"predecessor-version":[{"id":89371,"href":"https:\/\/www.sba.it\/ru\/wp-json\/wp\/v2\/pages\/73818\/revisions\/89371"}],"up":[{"embeddable":true,"href":"https:\/\/www.sba.it\/ru\/wp-json\/wp\/v2\/pages\/73491"}],"wp:featuredmedia":[{"embeddable":true,"href":"https:\/\/www.sba.it\/ru\/wp-json\/wp\/v2\/media\/458"}],"wp:attachment":[{"href":"https:\/\/www.sba.it\/ru\/wp-json\/wp\/v2\/media?parent=73818"}],"curies":[{"name":"wp","href":"https:\/\/api.w.org\/{rel}","templated":true}]}}