{"id":73686,"date":"2013-06-11T09:03:43","date_gmt":"2013-06-11T07:03:43","guid":{"rendered":"http:\/\/www.sba.it\/croatto-bruno-biografia-quadri-in-vendita-valutazione-stima-perizia-certificata-di-dipinti-di-croatto-bruno\/"},"modified":"2022-03-17T10:41:07","modified_gmt":"2022-03-17T09:41:07","slug":"croatto-bruno-biografia-quadri-in-vendita-valutazione-stima-perizia-certificata-di-dipinti-di-croatto-bruno","status":"publish","type":"page","link":"https:\/\/www.sba.it\/ru\/%d1%85%d1%83%d0%b4%d0%be%d0%b6%d0%bd%d0%b8%d0%ba%d0%b8\/croatto-bruno-biografia-quadri-in-vendita-valutazione-stima-perizia-certificata-di-dipinti-di-croatto-bruno\/","title":{"rendered":"Croatto Bruno (1875-1948). Biografia. Quadri in vendita."},"content":{"rendered":"<p>Bruno Croatto nacque a Trieste il 12 aprile 1875.<\/p>\n<p>Formatosi nella sua citt\u00e0 presso l\u2019Imperial Scuola Industriale dello Stato con Garzolini, si rec\u00f2 poi, dal 1892 al 1894, a Monaco di Baviera, per seguire\u00a0<span style=\"text-align: justify;\">all&#8217;<a href=\"https:\/\/www.adbk.de\/de\/\">Accademia<\/a><\/span> un corso di studi biennale \u00a0 tenuto dai \u00a0pittori Gabriel Von Hackl e Anton Aschbe.<\/p>\n<p><strong><span style=\"font-family: Verdana, sans-serif;\">\u00a0<\/span><\/strong>Rientrato a Trieste, nel 1897 \u00a0inizi\u00f2 ad esporre alla <a href=\"https:\/\/www.labiennale.org\/it\">Biennale di Venezia<\/a> e alla III Triennale di Milano.<\/p>\n<p><img decoding=\"async\" class=\"alignleft size-medium wp-image-90295\" src=\"http:\/\/www.sba.it\/wp-content\/uploads\/2022\/03\/croatto-autoritratto-253x300.jpg\" alt=\"Bruno Croatto quadri in vendita\" width=\"253\" height=\"300\" srcset=\"https:\/\/www.sba.it\/wp-content\/uploads\/2022\/03\/croatto-autoritratto-253x300.jpg 253w, https:\/\/www.sba.it\/wp-content\/uploads\/2022\/03\/croatto-autoritratto.jpg 430w\" sizes=\"(max-width: 253px) 100vw, 253px\" \/>Si iscrisse inoltre al Circolo Artistico di Trieste.<\/p>\n<p>Pur legato alla sua citt\u00e0 nel 1908 si trasfer\u00ec ad Orvieto in cerca di nuovi stimoli: qui inizi\u00f2 a dedicarsi all\u2019incisione, tecnica nella quale si distinguer\u00e0.<\/p>\n<p>Durante gli anni Dieci viaggi\u00f2 molto trascorrendo lunghi periodi a Venezia, Napoli e Roma.<\/p>\n<p>Durante la prima guerra mondiale evit\u00f2 la chiamata alle armi dell\u2019impero asburgico rifugiandosi in una clinica urbana.<\/p>\n<p>Attratto inizialmente dalla pittura impressionista di matrice tedesca, in seguito concentr\u00f2 le sue doti artistiche nel genere della natura morta, prendendo spunto dalla pittura olandese del Seicento e, dopo il 1931, nella ritrattistica subendo l\u2019influenza della pittura italiana del Quattrocento.<\/p>\n<p>Negli anni Venti, trasferitosi a Roma , ritorn\u00f2 alla pittura ad olio. In questo periodo partecip\u00f2 alle pi\u00f9 importanti manifestazioni espositive nazionali: nel 1920 fu alla Biennale di Venezia, alla Primaverile fiorentina \u00a0(dove ottenne il \u201cPrimo premio-Diploma d\u2019Onore\u201d)e alla Promotrice torinese ; l&#8217;anno dopo\u00a0 partecip\u00f2 alla I Biennale romana (dove torn\u00f2 nel 1923 e nel 1925).<\/p>\n<p>Nel 1924 espose, per l\u2019ultima volta, alla Biennale di Venezia e nel 1927 alla Quadriennale di Torino.<\/p>\n<p>Sei anni pi\u00f9 tardi tenne una personale alla Camera degli artisti di Roma.<\/p>\n<p>Per tutti gli anni Trenta continu\u00f2 a partecipare ad esposizioni collettive allestendo anche alcune personali.<\/p>\n<p>Ricordiamo le mostre presso la Bottega d\u2019Arte di Livorno nel 1932 e nel 1934 e quella alla Galleria Scopinich di Milano del 1935.<\/p>\n<p>Bruno Croatto mor\u00ec a Roma nel 1948.<\/p>\n<h3 style=\"font-size: 12pt;\"><a href=\"https:\/\/www.sba.it\/ru\/%d1%81%d0%be%d0%b2%d0%b5%d1%80%d1%88%d0%b5%d0%bd%d1%81%d1%82%d0%b2%d0%b0\/\">CATALOGO OPERE<\/a>\u00a0| <a href=\"https:\/\/www.sba.it\/ru\/%d0%bf%d1%80%d0%be%d0%b4%d0%b0%d1%82%d1%8c\/\">VUOI VENDERE O COMPRARE UN QUADRO DI QUESTO ARTISTA?<\/a><\/h3>\n","protected":false},"excerpt":{"rendered":"<p>Bruno Croatto nacque a Trieste il 12 aprile 1875. Formatosi nella sua citt\u00e0 presso l\u2019Imperial Scuola Industriale dello Stato con [&hellip;]<\/p>\n","protected":false},"author":1,"featured_media":90298,"parent":73491,"menu_order":166,"comment_status":"closed","ping_status":"closed","template":"","meta":{"_monsterinsights_skip_tracking":false,"_monsterinsights_sitenote_active":false,"_monsterinsights_sitenote_note":"","_monsterinsights_sitenote_category":0,"footnotes":""},"class_list":["post-73686","page","type-page","status-publish","has-post-thumbnail","hentry","page_category-1277"],"yoast_head":"<!-- This site is optimized with the Yoast SEO plugin v27.5 - https:\/\/yoast.com\/product\/yoast-seo-wordpress\/ -->\n<title>Croatto Bruno (1875-1948). Biografia. Quadri in vendita.<\/title>\n<meta name=\"description\" content=\"Bruno Croatto leggi la vita del pittore triestino del 900, vendita e acquisto online quadri di Bruno Croatto scopri come,\" \/>\n<meta name=\"robots\" content=\"index, follow, max-snippet:-1, max-image-preview:large, max-video-preview:-1\" \/>\n<link rel=\"canonical\" href=\"https:\/\/www.sba.it\/ru\/\u0445\u0443\u0434\u043e\u0436\u043d\u0438\u043a\u0438\/croatto-bruno-biografia-quadri-in-vendita-valutazione-stima-perizia-certificata-di-dipinti-di-croatto-bruno\/\" \/>\n<meta property=\"og:locale\" content=\"ru_RU\" \/>\n<meta property=\"og:type\" content=\"article\" \/>\n<meta property=\"og:title\" content=\"Croatto Bruno (1875-1948). Biografia. Quadri in vendita.\" \/>\n<meta property=\"og:description\" content=\"Bruno Croatto leggi la vita del pittore triestino del 900, vendita e acquisto online quadri di Bruno Croatto scopri come,\" \/>\n<meta property=\"og:url\" content=\"https:\/\/www.sba.it\/ru\/\u0445\u0443\u0434\u043e\u0436\u043d\u0438\u043a\u0438\/croatto-bruno-biografia-quadri-in-vendita-valutazione-stima-perizia-certificata-di-dipinti-di-croatto-bruno\/\" \/>\n<meta property=\"og:site_name\" content=\"Societ\u00e0 di Belle Arti\" \/>\n<meta property=\"article:publisher\" content=\"https:\/\/www.facebook.com\/pitturaitaliana800e900\/\" \/>\n<meta property=\"article:modified_time\" content=\"2022-03-17T09:41:07+00:00\" \/>\n<meta property=\"og:image\" content=\"https:\/\/www.sba.it\/wp-content\/uploads\/2022\/03\/croatto-autoritratto.jpg\" \/>\n\t<meta property=\"og:image:width\" content=\"430\" \/>\n\t<meta property=\"og:image:height\" content=\"510\" \/>\n\t<meta property=\"og:image:type\" content=\"image\/jpeg\" \/>\n<meta name=\"twitter:card\" content=\"summary_large_image\" \/>\n<meta name=\"twitter:site\" content=\"@SocietaArti\" \/>\n<meta name=\"twitter:label1\" content=\"\u041f\u0440\u0438\u043c\u0435\u0440\u043d\u043e\u0435 \u0432\u0440\u0435\u043c\u044f \u0434\u043b\u044f \u0447\u0442\u0435\u043d\u0438\u044f\" \/>\n\t<meta name=\"twitter:data1\" content=\"2 \u043c\u0438\u043d\u0443\u0442\u044b\" \/>\n<script type=\"application\/ld+json\" class=\"yoast-schema-graph\">{\"@context\":\"https:\\\/\\\/schema.org\",\"@graph\":[{\"@type\":\"WebPage\",\"@id\":\"https:\\\/\\\/www.sba.it\\\/ru\\\/%d1%85%d1%83%d0%b4%d0%be%d0%b6%d0%bd%d0%b8%d0%ba%d0%b8\\\/croatto-bruno-biografia-quadri-in-vendita-valutazione-stima-perizia-certificata-di-dipinti-di-croatto-bruno\\\/\",\"url\":\"https:\\\/\\\/www.sba.it\\\/ru\\\/%d1%85%d1%83%d0%b4%d0%be%d0%b6%d0%bd%d0%b8%d0%ba%d0%b8\\\/croatto-bruno-biografia-quadri-in-vendita-valutazione-stima-perizia-certificata-di-dipinti-di-croatto-bruno\\\/\",\"name\":\"Croatto Bruno (1875-1948). Biografia. Quadri in vendita.\",\"isPartOf\":{\"@id\":\"https:\\\/\\\/www.sba.it\\\/#website\"},\"primaryImageOfPage\":{\"@id\":\"https:\\\/\\\/www.sba.it\\\/ru\\\/%d1%85%d1%83%d0%b4%d0%be%d0%b6%d0%bd%d0%b8%d0%ba%d0%b8\\\/croatto-bruno-biografia-quadri-in-vendita-valutazione-stima-perizia-certificata-di-dipinti-di-croatto-bruno\\\/#primaryimage\"},\"image\":{\"@id\":\"https:\\\/\\\/www.sba.it\\\/ru\\\/%d1%85%d1%83%d0%b4%d0%be%d0%b6%d0%bd%d0%b8%d0%ba%d0%b8\\\/croatto-bruno-biografia-quadri-in-vendita-valutazione-stima-perizia-certificata-di-dipinti-di-croatto-bruno\\\/#primaryimage\"},\"thumbnailUrl\":\"https:\\\/\\\/www.sba.it\\\/wp-content\\\/uploads\\\/2022\\\/03\\\/croatto-autoritratto.jpg\",\"datePublished\":\"2013-06-11T07:03:43+00:00\",\"dateModified\":\"2022-03-17T09:41:07+00:00\",\"description\":\"Bruno Croatto leggi la vita del pittore triestino del 900, vendita e acquisto online quadri di Bruno Croatto scopri come,\",\"breadcrumb\":{\"@id\":\"https:\\\/\\\/www.sba.it\\\/ru\\\/%d1%85%d1%83%d0%b4%d0%be%d0%b6%d0%bd%d0%b8%d0%ba%d0%b8\\\/croatto-bruno-biografia-quadri-in-vendita-valutazione-stima-perizia-certificata-di-dipinti-di-croatto-bruno\\\/#breadcrumb\"},\"inLanguage\":\"ru-RU\",\"potentialAction\":[{\"@type\":\"ReadAction\",\"target\":[\"https:\\\/\\\/www.sba.it\\\/ru\\\/%d1%85%d1%83%d0%b4%d0%be%d0%b6%d0%bd%d0%b8%d0%ba%d0%b8\\\/croatto-bruno-biografia-quadri-in-vendita-valutazione-stima-perizia-certificata-di-dipinti-di-croatto-bruno\\\/\"]}]},{\"@type\":\"ImageObject\",\"inLanguage\":\"ru-RU\",\"@id\":\"https:\\\/\\\/www.sba.it\\\/ru\\\/%d1%85%d1%83%d0%b4%d0%be%d0%b6%d0%bd%d0%b8%d0%ba%d0%b8\\\/croatto-bruno-biografia-quadri-in-vendita-valutazione-stima-perizia-certificata-di-dipinti-di-croatto-bruno\\\/#primaryimage\",\"url\":\"https:\\\/\\\/www.sba.it\\\/wp-content\\\/uploads\\\/2022\\\/03\\\/croatto-autoritratto.jpg\",\"contentUrl\":\"https:\\\/\\\/www.sba.it\\\/wp-content\\\/uploads\\\/2022\\\/03\\\/croatto-autoritratto.jpg\",\"width\":430,\"height\":510,\"caption\":\"Bruno Croatto quadri in vendita\"},{\"@type\":\"BreadcrumbList\",\"@id\":\"https:\\\/\\\/www.sba.it\\\/ru\\\/%d1%85%d1%83%d0%b4%d0%be%d0%b6%d0%bd%d0%b8%d0%ba%d0%b8\\\/croatto-bruno-biografia-quadri-in-vendita-valutazione-stima-perizia-certificata-di-dipinti-di-croatto-bruno\\\/#breadcrumb\",\"itemListElement\":[{\"@type\":\"ListItem\",\"position\":1,\"name\":\"Home\",\"item\":\"https:\\\/\\\/www.sba.it\\\/ru\\\/\"},{\"@type\":\"ListItem\",\"position\":2,\"name\":\"\u0425\u0423\u0414\u041e\u0416\u041d\u0418\u041a\u0418\",\"item\":\"https:\\\/\\\/www.sba.it\\\/ru\\\/%d1%85%d1%83%d0%b4%d0%be%d0%b6%d0%bd%d0%b8%d0%ba%d0%b8\\\/\"},{\"@type\":\"ListItem\",\"position\":3,\"name\":\"Croatto Bruno (1875-1948). Biografia. Quadri in vendita.\"}]},{\"@type\":\"WebSite\",\"@id\":\"https:\\\/\\\/www.sba.it\\\/#website\",\"url\":\"https:\\\/\\\/www.sba.it\\\/\",\"name\":\"Societ\u00e0 di Belle Arti\",\"description\":\"Quadri macchiaioli e del 800 e 900 in vendita\",\"publisher\":{\"@id\":\"https:\\\/\\\/www.sba.it\\\/#organization\"},\"potentialAction\":[{\"@type\":\"SearchAction\",\"target\":{\"@type\":\"EntryPoint\",\"urlTemplate\":\"https:\\\/\\\/www.sba.it\\\/?s={search_term_string}\"},\"query-input\":{\"@type\":\"PropertyValueSpecification\",\"valueRequired\":true,\"valueName\":\"search_term_string\"}}],\"inLanguage\":\"ru-RU\"},{\"@type\":\"Organization\",\"@id\":\"https:\\\/\\\/www.sba.it\\\/#organization\",\"name\":\"Societ\u00e0 di Belle Arti\",\"url\":\"https:\\\/\\\/www.sba.it\\\/\",\"logo\":{\"@type\":\"ImageObject\",\"inLanguage\":\"ru-RU\",\"@id\":\"https:\\\/\\\/www.sba.it\\\/#\\\/schema\\\/logo\\\/image\\\/\",\"url\":\"https:\\\/\\\/www.sba.it\\\/wp-content\\\/uploads\\\/2019\\\/04\\\/Logo-rosso_nero.png\",\"contentUrl\":\"https:\\\/\\\/www.sba.it\\\/wp-content\\\/uploads\\\/2019\\\/04\\\/Logo-rosso_nero.png\",\"width\":2532,\"height\":1137,\"caption\":\"Societ\u00e0 di Belle Arti\"},\"image\":{\"@id\":\"https:\\\/\\\/www.sba.it\\\/#\\\/schema\\\/logo\\\/image\\\/\"},\"sameAs\":[\"https:\\\/\\\/www.facebook.com\\\/pitturaitaliana800e900\\\/\",\"https:\\\/\\\/x.com\\\/SocietaArti\",\"https:\\\/\\\/www.instagram.com\\\/societadibellearti\",\"https:\\\/\\\/www.linkedin.com\\\/in\\\/societ\u00e0-di-belle-arti-363aa8191\\\/\",\"https:\\\/\\\/www.youtube.com\\\/channel\\\/UC6fJlk-ajwhsnEIICATyXaQ\"]}]}<\/script>\n<!-- \/ Yoast SEO plugin. -->","yoast_head_json":{"title":"Croatto Bruno (1875-1948). Biografia. Quadri in vendita.","description":"Bruno Croatto leggi la vita del pittore triestino del 900, vendita e acquisto online quadri di Bruno Croatto scopri come,","robots":{"index":"index","follow":"follow","max-snippet":"max-snippet:-1","max-image-preview":"max-image-preview:large","max-video-preview":"max-video-preview:-1"},"canonical":"https:\/\/www.sba.it\/ru\/\u0445\u0443\u0434\u043e\u0436\u043d\u0438\u043a\u0438\/croatto-bruno-biografia-quadri-in-vendita-valutazione-stima-perizia-certificata-di-dipinti-di-croatto-bruno\/","og_locale":"ru_RU","og_type":"article","og_title":"Croatto Bruno (1875-1948). Biografia. Quadri in vendita.","og_description":"Bruno Croatto leggi la vita del pittore triestino del 900, vendita e acquisto online quadri di Bruno Croatto scopri come,","og_url":"https:\/\/www.sba.it\/ru\/\u0445\u0443\u0434\u043e\u0436\u043d\u0438\u043a\u0438\/croatto-bruno-biografia-quadri-in-vendita-valutazione-stima-perizia-certificata-di-dipinti-di-croatto-bruno\/","og_site_name":"Societ\u00e0 di Belle Arti","article_publisher":"https:\/\/www.facebook.com\/pitturaitaliana800e900\/","article_modified_time":"2022-03-17T09:41:07+00:00","og_image":[{"width":430,"height":510,"url":"https:\/\/www.sba.it\/wp-content\/uploads\/2022\/03\/croatto-autoritratto.jpg","type":"image\/jpeg"}],"twitter_card":"summary_large_image","twitter_site":"@SocietaArti","twitter_misc":{"\u041f\u0440\u0438\u043c\u0435\u0440\u043d\u043e\u0435 \u0432\u0440\u0435\u043c\u044f \u0434\u043b\u044f \u0447\u0442\u0435\u043d\u0438\u044f":"2 \u043c\u0438\u043d\u0443\u0442\u044b"},"schema":{"@context":"https:\/\/schema.org","@graph":[{"@type":"WebPage","@id":"https:\/\/www.sba.it\/ru\/%d1%85%d1%83%d0%b4%d0%be%d0%b6%d0%bd%d0%b8%d0%ba%d0%b8\/croatto-bruno-biografia-quadri-in-vendita-valutazione-stima-perizia-certificata-di-dipinti-di-croatto-bruno\/","url":"https:\/\/www.sba.it\/ru\/%d1%85%d1%83%d0%b4%d0%be%d0%b6%d0%bd%d0%b8%d0%ba%d0%b8\/croatto-bruno-biografia-quadri-in-vendita-valutazione-stima-perizia-certificata-di-dipinti-di-croatto-bruno\/","name":"Croatto Bruno (1875-1948). Biografia. Quadri in vendita.","isPartOf":{"@id":"https:\/\/www.sba.it\/#website"},"primaryImageOfPage":{"@id":"https:\/\/www.sba.it\/ru\/%d1%85%d1%83%d0%b4%d0%be%d0%b6%d0%bd%d0%b8%d0%ba%d0%b8\/croatto-bruno-biografia-quadri-in-vendita-valutazione-stima-perizia-certificata-di-dipinti-di-croatto-bruno\/#primaryimage"},"image":{"@id":"https:\/\/www.sba.it\/ru\/%d1%85%d1%83%d0%b4%d0%be%d0%b6%d0%bd%d0%b8%d0%ba%d0%b8\/croatto-bruno-biografia-quadri-in-vendita-valutazione-stima-perizia-certificata-di-dipinti-di-croatto-bruno\/#primaryimage"},"thumbnailUrl":"https:\/\/www.sba.it\/wp-content\/uploads\/2022\/03\/croatto-autoritratto.jpg","datePublished":"2013-06-11T07:03:43+00:00","dateModified":"2022-03-17T09:41:07+00:00","description":"Bruno Croatto leggi la vita del pittore triestino del 900, vendita e acquisto online quadri di Bruno Croatto scopri come,","breadcrumb":{"@id":"https:\/\/www.sba.it\/ru\/%d1%85%d1%83%d0%b4%d0%be%d0%b6%d0%bd%d0%b8%d0%ba%d0%b8\/croatto-bruno-biografia-quadri-in-vendita-valutazione-stima-perizia-certificata-di-dipinti-di-croatto-bruno\/#breadcrumb"},"inLanguage":"ru-RU","potentialAction":[{"@type":"ReadAction","target":["https:\/\/www.sba.it\/ru\/%d1%85%d1%83%d0%b4%d0%be%d0%b6%d0%bd%d0%b8%d0%ba%d0%b8\/croatto-bruno-biografia-quadri-in-vendita-valutazione-stima-perizia-certificata-di-dipinti-di-croatto-bruno\/"]}]},{"@type":"ImageObject","inLanguage":"ru-RU","@id":"https:\/\/www.sba.it\/ru\/%d1%85%d1%83%d0%b4%d0%be%d0%b6%d0%bd%d0%b8%d0%ba%d0%b8\/croatto-bruno-biografia-quadri-in-vendita-valutazione-stima-perizia-certificata-di-dipinti-di-croatto-bruno\/#primaryimage","url":"https:\/\/www.sba.it\/wp-content\/uploads\/2022\/03\/croatto-autoritratto.jpg","contentUrl":"https:\/\/www.sba.it\/wp-content\/uploads\/2022\/03\/croatto-autoritratto.jpg","width":430,"height":510,"caption":"Bruno Croatto quadri in vendita"},{"@type":"BreadcrumbList","@id":"https:\/\/www.sba.it\/ru\/%d1%85%d1%83%d0%b4%d0%be%d0%b6%d0%bd%d0%b8%d0%ba%d0%b8\/croatto-bruno-biografia-quadri-in-vendita-valutazione-stima-perizia-certificata-di-dipinti-di-croatto-bruno\/#breadcrumb","itemListElement":[{"@type":"ListItem","position":1,"name":"Home","item":"https:\/\/www.sba.it\/ru\/"},{"@type":"ListItem","position":2,"name":"\u0425\u0423\u0414\u041e\u0416\u041d\u0418\u041a\u0418","item":"https:\/\/www.sba.it\/ru\/%d1%85%d1%83%d0%b4%d0%be%d0%b6%d0%bd%d0%b8%d0%ba%d0%b8\/"},{"@type":"ListItem","position":3,"name":"Croatto Bruno (1875-1948). Biografia. Quadri in vendita."}]},{"@type":"WebSite","@id":"https:\/\/www.sba.it\/#website","url":"https:\/\/www.sba.it\/","name":"Societ\u00e0 di Belle Arti","description":"Quadri macchiaioli e del 800 e 900 in vendita","publisher":{"@id":"https:\/\/www.sba.it\/#organization"},"potentialAction":[{"@type":"SearchAction","target":{"@type":"EntryPoint","urlTemplate":"https:\/\/www.sba.it\/?s={search_term_string}"},"query-input":{"@type":"PropertyValueSpecification","valueRequired":true,"valueName":"search_term_string"}}],"inLanguage":"ru-RU"},{"@type":"Organization","@id":"https:\/\/www.sba.it\/#organization","name":"Societ\u00e0 di Belle Arti","url":"https:\/\/www.sba.it\/","logo":{"@type":"ImageObject","inLanguage":"ru-RU","@id":"https:\/\/www.sba.it\/#\/schema\/logo\/image\/","url":"https:\/\/www.sba.it\/wp-content\/uploads\/2019\/04\/Logo-rosso_nero.png","contentUrl":"https:\/\/www.sba.it\/wp-content\/uploads\/2019\/04\/Logo-rosso_nero.png","width":2532,"height":1137,"caption":"Societ\u00e0 di Belle Arti"},"image":{"@id":"https:\/\/www.sba.it\/#\/schema\/logo\/image\/"},"sameAs":["https:\/\/www.facebook.com\/pitturaitaliana800e900\/","https:\/\/x.com\/SocietaArti","https:\/\/www.instagram.com\/societadibellearti","https:\/\/www.linkedin.com\/in\/societ\u00e0-di-belle-arti-363aa8191\/","https:\/\/www.youtube.com\/channel\/UC6fJlk-ajwhsnEIICATyXaQ"]}]}},"_links":{"self":[{"href":"https:\/\/www.sba.it\/ru\/wp-json\/wp\/v2\/pages\/73686","targetHints":{"allow":["GET"]}}],"collection":[{"href":"https:\/\/www.sba.it\/ru\/wp-json\/wp\/v2\/pages"}],"about":[{"href":"https:\/\/www.sba.it\/ru\/wp-json\/wp\/v2\/types\/page"}],"author":[{"embeddable":true,"href":"https:\/\/www.sba.it\/ru\/wp-json\/wp\/v2\/users\/1"}],"replies":[{"embeddable":true,"href":"https:\/\/www.sba.it\/ru\/wp-json\/wp\/v2\/comments?post=73686"}],"version-history":[{"count":5,"href":"https:\/\/www.sba.it\/ru\/wp-json\/wp\/v2\/pages\/73686\/revisions"}],"predecessor-version":[{"id":90302,"href":"https:\/\/www.sba.it\/ru\/wp-json\/wp\/v2\/pages\/73686\/revisions\/90302"}],"up":[{"embeddable":true,"href":"https:\/\/www.sba.it\/ru\/wp-json\/wp\/v2\/pages\/73491"}],"wp:featuredmedia":[{"embeddable":true,"href":"https:\/\/www.sba.it\/ru\/wp-json\/wp\/v2\/media\/90298"}],"wp:attachment":[{"href":"https:\/\/www.sba.it\/ru\/wp-json\/wp\/v2\/media?parent=73686"}],"curies":[{"name":"wp","href":"https:\/\/api.w.org\/{rel}","templated":true}]}}