{"id":73670,"date":"2013-06-11T09:11:44","date_gmt":"2013-06-11T07:11:44","guid":{"rendered":"http:\/\/www.sba.it\/vito-d-ancona-biografia-quadri-macchiaioli-in-vendita-valutazione-stima-perizia-certificata-di-dipinti-macchiaioli-di-vito-d-ancona\/"},"modified":"2019-06-19T09:28:21","modified_gmt":"2019-06-19T07:28:21","slug":"vito-d-ancona-biografia-quadri-macchiaioli-in-vendita-valutazione-stima-perizia-certificata-di-dipinti-macchiaioli-di-vito-d-ancona","status":"publish","type":"page","link":"https:\/\/www.sba.it\/ru\/%d1%85%d1%83%d0%b4%d0%be%d0%b6%d0%bd%d0%b8%d0%ba%d0%b8\/vito-d-ancona-biografia-quadri-macchiaioli-in-vendita-valutazione-stima-perizia-certificata-di-dipinti-macchiaioli-di-vito-d-ancona\/","title":{"rendered":"D&#8217;ancona Vito (1825-1884). Biografia. Quadri in vendita."},"content":{"rendered":"<p>&nbsp;<\/p>\n<p style=\"text-align: justify;\"><img decoding=\"async\" class=\" alignleft size-full wp-image-310\" style=\"margin-right: 20px; float: left;\" src=\"http:\/\/www.sba.it\/wp-content\/uploads\/2013\/06\/images_artisti_Vito-DAncona-vendita-dipinti-macchiaioli.jpg\" alt=\"Vito-DAncona-vendita-dipinti-macchiaioli\" width=\"300\" height=\"405\" srcset=\"https:\/\/www.sba.it\/wp-content\/uploads\/2013\/06\/images_artisti_Vito-DAncona-vendita-dipinti-macchiaioli.jpg 300w, https:\/\/www.sba.it\/wp-content\/uploads\/2013\/06\/images_artisti_Vito-DAncona-vendita-dipinti-macchiaioli-222x300.jpg 222w\" sizes=\"(max-width: 300px) 100vw, 300px\" \/>Vito D&#8217;Ancona nacque a Pesaro nel 1825.<\/p>\n<p style=\"text-align: justify;\">Cresciuto nell\u2019ambiente ricercato e colto che circondava lo zio materno Laudadio Della Ripa, un ricco commerciante di origine ebraica e, seguendo gli insegnamenti dell\u2019incisore Samuele Jesi, dimostr\u00f2 una certa propensione per la pittura che si sarebbe manifestata appieno solo dopo il trasferimento a Firenze.<\/p>\n<p style=\"text-align: justify;\">Qui, frequentando i corsi di <strong>Giovanni Bezzuoli<\/strong>, ricevette\u201cil primo latte all\u2019<a href=\"http:\/\/www.accademia.firenze.it\/it\/\">Accademia<\/a>\u201d.<\/p>\n<p style=\"text-align: justify;\">Alternandosi tra Pisa, ove risiedeva la famiglia, e la dimora fiorentina dei Della Ripa in Via San\u2019Egidio, ebbe\u00a0 molteplici stimoli culturali.<\/p>\n<p style=\"text-align: justify;\">Nel 1846 esord\u00ec con <em>La preghiera,<\/em> uno \u201cstudio dal vero\u201d, come\u00a0indicato nel catalogo della Promotrice di Firenze.<\/p>\n<p style=\"text-align: justify;\">Poco pi\u00f9 che ventenne, perseguendo gli ideali\u00a0risorgimentali, prese parte, insieme a numerosi artisti e intellettuali fiorentini, all\u2019amico <strong><a href=\"http:\/\/www.sba.it\/de-tivoli-serafino-biografia-quadri-macchiaioili-in-vendita-valutazione-stima-perizia-certificata-di-dipinti-di-serafino-de-tivoli\/\">de Tivoli<\/a><\/strong>\u00a0e ad\u00a0altri allievi dell\u2019Accademia, tra cui <a href=\"http:\/\/www.sba.it\/stefano-ussi-biografia-quadri-vendita-stima-perizia-dipinti-stefano-ussi\/\"><strong>Ussi<\/strong><\/a> e <strong><a href=\"http:\/\/www.sba.it\/lega-silvestro-biografia-quadri-macchiaioli-in-vendita-valutazione-stima-perzia-certificata-dipinti-macchiaioli-silvestro-lega\/\">Lega<\/a><\/strong>, alla Campagna del\u201948.<\/p>\n<p style=\"text-align: justify;\">Ritornato a Firenze divise, per\u00a0breve tempo, con il francese Augusto Arnaud, uno studio in via della Pergola, nelle immediate vicinanze\u00a0del teatro; partecip\u00f2 di nuovo alla Promotrice del \u201851 con un accademico <em>Ritratto di Gioacchino Rossini<\/em>,\u00a0suo compatriota e amico di famiglia.<\/p>\n<p style=\"text-align: justify;\">Nel \u201955 incontr\u00f2 <a href=\"http:\/\/www.sba.it\/signorini-telemaco-biografia-quadri-in-vendita-macchiaioli-valutazione-stime-e-perizie-certificate-su-dipinti-macchiaioli-di-telemaco-signorini\/\"><strong>Signorini<\/strong><\/a> e, dopo averlo iniziato a Balzac e ai naturalisti francesi, intraprese con lui un viaggio nei principali centri artistici dell\u2019Italia settentrionale.<\/p>\n<p style=\"text-align: justify;\">Visit\u00f2 cos\u00ec Bologna, Mantova, Verona, Trieste e Venezia dove studi\u00f2 \u201cnei musei e nei canali\u201d e si intrattenne in piacevoli discussioni sulla \u201cpittura nuova\u201d al Caff\u00e8 Florian, con Leighton, Gamba e <a href=\"http:\/\/www.sba.it\/abbati-giuseppe-biografia-quadri-in-vendita-macchiaioli-valutazione-stima-perizia-certificata-di-dipinti-di-abbati-giuseppe\/\"><strong>Abbati.<\/strong><\/a><\/p>\n<p style=\"text-align: justify;\">Rientrato a Firenze espose <em>Il ritorno dal ballo<\/em>, uno dei primi soggetti di vita contemporanea.<\/p>\n<p style=\"text-align: justify;\">Non abbandon\u00f2, per\u00f2, la ricerca sul tema di storia.<\/p>\n<p style=\"text-align: justify;\">In occasione della Prima Esposizione Italiana del \u201961 infatti,\u00a0 si present\u00f2 con un dipinto tratto da un episodio della vita di Dante.<\/p>\n<p style=\"text-align: justify;\">Pur essendo premiato, rifiut\u00f2 il riconoscimento, solidale con un gruppo d\u2019artisti in polemica con la composizione della giuria.<\/p>\n<p style=\"text-align: justify;\">Prese intanto parte sempre pi\u00f9 assiduamente alle animate discussioni del Caff\u00e8 Michelangiolo, facendosi portavoce delle nuove sperimentazioni di \u201c<a href=\"https:\/\/www.sba.it\/ru\/%d0%bc%d0%b0%d0%ba%d0%ba%d1%8c%d1%8f%d0%b9%d0%be%d0%bb%d0%b8\/?lang=ru\"><strong>macchia<\/strong><\/a>\u201d.<\/p>\n<p style=\"text-align: justify;\">Ai primi anni \u201960\u00a0risale\u00a0<em>Portico<\/em>\u00a0che, insieme alla <em>Signora in giardino<\/em>, a\u00a0 <em>Studio di paese<\/em> e a pochi altri lavori, attesta partecipazione all\u2019esperienza macchiaiola.<\/p>\n<p style=\"text-align: justify;\">Nel \u201967 si rec\u00f2 a Parigi, lasciando la sua giovanissima compagna Elvira Caterina Bistondi e la figlia.<\/p>\n<p style=\"text-align: justify;\">Qui rest\u00f2 per sette anni frequentando, oltre agli artisti locali, tra cui Corot e Courbert, anche i pittori italiani.<\/p>\n<p style=\"text-align: justify;\">Si dedic\u00f2 essenzialmente, con quadri quali<em> La finestra sul pomaio, Al pianoforte<\/em> e\u00a0<em>Signora in conversazione<\/em>, a temi intimi e domestici legati alla vita agiata della famiglia del fratello presso il quale abitava.<\/p>\n<p style=\"text-align: justify;\">Nel frattempo cominci\u00f2 a eseguire nudi di donna e raffigurazioni di ciociare, soggetti che non avrebbe mai pi\u00f9 abbandonato.<\/p>\n<p style=\"text-align: justify;\">Quando <a href=\"http:\/\/www.sba.it\/signorini-telemaco-biografia-quadri-in-vendita-macchiaioli-valutazione-stime-e-perizie-certificate-su-dipinti-macchiaioli-di-telemaco-signorini\/\"><strong>Signorini<\/strong><\/a> lo ritrov\u00f2, nel \u201973, in occasione di un viaggio a Parigi riconobbe ancora in lui un vivo interesse per le novit\u00e0 in campo artistico.Ritornando a Firenze nel \u201974, s\u2019impegn\u00f2 in molteplici battaglie culturali.<\/p>\n<p style=\"text-align: justify;\">Ricordiamo soprattutto\u00a0 quella tesa ad\u00a0 impedire il crescente accentramento a Roma della vita artistica italiana.<br \/>\nNel \u201977\u00a0 all\u2019Esposizione di Napoli ricevette il premio per\u00a0 <em>A porte chiuse:<\/em><\/p>\n<p style=\"text-align: justify;\">L&#8217;anno successivo le complicazioni della malattia gli impedirono quasi del tutto di lavorare, fino alla morte.<\/p>\n<p>Vito D&#8217;Ancona mor\u00ec a Firenze nel 1884.<\/p>\n<p>&nbsp;<\/p>\n<h3 style=\"font-size: 12pt;\"><a href=\"https:\/\/www.sba.it\/ru\/%d1%81%d0%be%d0%b2%d0%b5%d1%80%d1%88%d0%b5%d0%bd%d1%81%d1%82%d0%b2%d0%b0\/\">CATALOGO OPERE<\/a>\u00a0| <a href=\"https:\/\/www.sba.it\/ru\/%d0%bf%d1%80%d0%be%d0%b4%d0%b0%d1%82%d1%8c\/\">VUOI VENDERE O COMPRARE UN QUADRO DI QUESTO ARTISTA?<\/a><\/h3>\n","protected":false},"excerpt":{"rendered":"<p>&nbsp; Vito D&#8217;Ancona nacque a Pesaro nel 1825. Cresciuto nell\u2019ambiente ricercato e colto che circondava lo zio materno Laudadio Della [&hellip;]<\/p>\n","protected":false},"author":1,"featured_media":313,"parent":73491,"menu_order":164,"comment_status":"closed","ping_status":"closed","template":"","meta":{"_monsterinsights_skip_tracking":false,"_monsterinsights_sitenote_active":false,"_monsterinsights_sitenote_note":"","_monsterinsights_sitenote_category":0,"footnotes":""},"class_list":["post-73670","page","type-page","status-publish","has-post-thumbnail","hentry","page_category-1277"],"yoast_head":"<!-- This site is optimized with the Yoast SEO plugin v27.5 - https:\/\/yoast.com\/product\/yoast-seo-wordpress\/ -->\n<title>D&#039;ancona Vito (1825-1884). Biografia. Quadri in vendita.<\/title>\n<meta name=\"description\" content=\"Vito D&#039;Ancona leggi la vita del pittore dell&#039;800, vendita e acquisto online dipinti macchiaioli dell&#039;800 di Vito D&#039;Ancona scopri come\" \/>\n<meta name=\"robots\" content=\"index, follow, max-snippet:-1, max-image-preview:large, max-video-preview:-1\" \/>\n<link rel=\"canonical\" href=\"https:\/\/www.sba.it\/ru\/\u0445\u0443\u0434\u043e\u0436\u043d\u0438\u043a\u0438\/vito-d-ancona-biografia-quadri-macchiaioli-in-vendita-valutazione-stima-perizia-certificata-di-dipinti-macchiaioli-di-vito-d-ancona\/\" \/>\n<meta property=\"og:locale\" content=\"ru_RU\" \/>\n<meta property=\"og:type\" content=\"article\" \/>\n<meta property=\"og:title\" content=\"D&#039;ancona Vito (1825-1884). Biografia. Quadri in vendita.\" \/>\n<meta property=\"og:description\" content=\"Vito D&#039;Ancona leggi la vita del pittore dell&#039;800, vendita e acquisto online dipinti macchiaioli dell&#039;800 di Vito D&#039;Ancona scopri come\" \/>\n<meta property=\"og:url\" content=\"https:\/\/www.sba.it\/ru\/\u0445\u0443\u0434\u043e\u0436\u043d\u0438\u043a\u0438\/vito-d-ancona-biografia-quadri-macchiaioli-in-vendita-valutazione-stima-perizia-certificata-di-dipinti-macchiaioli-di-vito-d-ancona\/\" \/>\n<meta property=\"og:site_name\" content=\"Societ\u00e0 di Belle Arti\" \/>\n<meta property=\"article:publisher\" content=\"https:\/\/www.facebook.com\/pitturaitaliana800e900\/\" \/>\n<meta property=\"article:modified_time\" content=\"2019-06-19T07:28:21+00:00\" \/>\n<meta property=\"og:image\" content=\"https:\/\/www.sba.it\/wp-content\/uploads\/2013\/06\/images_artisti_Vito-DAncona-vendita-dipinti-macchiaioli.jpg\" \/>\n\t<meta property=\"og:image:width\" content=\"300\" \/>\n\t<meta property=\"og:image:height\" content=\"405\" \/>\n\t<meta property=\"og:image:type\" content=\"image\/jpeg\" \/>\n<meta name=\"twitter:card\" content=\"summary_large_image\" \/>\n<meta name=\"twitter:site\" content=\"@SocietaArti\" \/>\n<meta name=\"twitter:label1\" content=\"\u041f\u0440\u0438\u043c\u0435\u0440\u043d\u043e\u0435 \u0432\u0440\u0435\u043c\u044f \u0434\u043b\u044f \u0447\u0442\u0435\u043d\u0438\u044f\" \/>\n\t<meta name=\"twitter:data1\" content=\"3 \u043c\u0438\u043d\u0443\u0442\u044b\" \/>\n<script type=\"application\/ld+json\" class=\"yoast-schema-graph\">{\"@context\":\"https:\\\/\\\/schema.org\",\"@graph\":[{\"@type\":\"WebPage\",\"@id\":\"https:\\\/\\\/www.sba.it\\\/ru\\\/%d1%85%d1%83%d0%b4%d0%be%d0%b6%d0%bd%d0%b8%d0%ba%d0%b8\\\/vito-d-ancona-biografia-quadri-macchiaioli-in-vendita-valutazione-stima-perizia-certificata-di-dipinti-macchiaioli-di-vito-d-ancona\\\/\",\"url\":\"https:\\\/\\\/www.sba.it\\\/ru\\\/%d1%85%d1%83%d0%b4%d0%be%d0%b6%d0%bd%d0%b8%d0%ba%d0%b8\\\/vito-d-ancona-biografia-quadri-macchiaioli-in-vendita-valutazione-stima-perizia-certificata-di-dipinti-macchiaioli-di-vito-d-ancona\\\/\",\"name\":\"D'ancona Vito (1825-1884). Biografia. Quadri in vendita.\",\"isPartOf\":{\"@id\":\"https:\\\/\\\/www.sba.it\\\/#website\"},\"primaryImageOfPage\":{\"@id\":\"https:\\\/\\\/www.sba.it\\\/ru\\\/%d1%85%d1%83%d0%b4%d0%be%d0%b6%d0%bd%d0%b8%d0%ba%d0%b8\\\/vito-d-ancona-biografia-quadri-macchiaioli-in-vendita-valutazione-stima-perizia-certificata-di-dipinti-macchiaioli-di-vito-d-ancona\\\/#primaryimage\"},\"image\":{\"@id\":\"https:\\\/\\\/www.sba.it\\\/ru\\\/%d1%85%d1%83%d0%b4%d0%be%d0%b6%d0%bd%d0%b8%d0%ba%d0%b8\\\/vito-d-ancona-biografia-quadri-macchiaioli-in-vendita-valutazione-stima-perizia-certificata-di-dipinti-macchiaioli-di-vito-d-ancona\\\/#primaryimage\"},\"thumbnailUrl\":\"https:\\\/\\\/www.sba.it\\\/wp-content\\\/uploads\\\/2013\\\/06\\\/images_artisti_Vito-DAncona-vendita-dipinti-macchiaioli.jpg\",\"datePublished\":\"2013-06-11T07:11:44+00:00\",\"dateModified\":\"2019-06-19T07:28:21+00:00\",\"description\":\"Vito D'Ancona leggi la vita del pittore dell'800, vendita e acquisto online dipinti macchiaioli dell'800 di Vito D'Ancona scopri come\",\"breadcrumb\":{\"@id\":\"https:\\\/\\\/www.sba.it\\\/ru\\\/%d1%85%d1%83%d0%b4%d0%be%d0%b6%d0%bd%d0%b8%d0%ba%d0%b8\\\/vito-d-ancona-biografia-quadri-macchiaioli-in-vendita-valutazione-stima-perizia-certificata-di-dipinti-macchiaioli-di-vito-d-ancona\\\/#breadcrumb\"},\"inLanguage\":\"ru-RU\",\"potentialAction\":[{\"@type\":\"ReadAction\",\"target\":[\"https:\\\/\\\/www.sba.it\\\/ru\\\/%d1%85%d1%83%d0%b4%d0%be%d0%b6%d0%bd%d0%b8%d0%ba%d0%b8\\\/vito-d-ancona-biografia-quadri-macchiaioli-in-vendita-valutazione-stima-perizia-certificata-di-dipinti-macchiaioli-di-vito-d-ancona\\\/\"]}]},{\"@type\":\"ImageObject\",\"inLanguage\":\"ru-RU\",\"@id\":\"https:\\\/\\\/www.sba.it\\\/ru\\\/%d1%85%d1%83%d0%b4%d0%be%d0%b6%d0%bd%d0%b8%d0%ba%d0%b8\\\/vito-d-ancona-biografia-quadri-macchiaioli-in-vendita-valutazione-stima-perizia-certificata-di-dipinti-macchiaioli-di-vito-d-ancona\\\/#primaryimage\",\"url\":\"https:\\\/\\\/www.sba.it\\\/wp-content\\\/uploads\\\/2013\\\/06\\\/images_artisti_Vito-DAncona-vendita-dipinti-macchiaioli.jpg\",\"contentUrl\":\"https:\\\/\\\/www.sba.it\\\/wp-content\\\/uploads\\\/2013\\\/06\\\/images_artisti_Vito-DAncona-vendita-dipinti-macchiaioli.jpg\",\"width\":300,\"height\":405,\"caption\":\"Foto di Vito D'Ancona, pittore macchiaiolo dell'800\"},{\"@type\":\"BreadcrumbList\",\"@id\":\"https:\\\/\\\/www.sba.it\\\/ru\\\/%d1%85%d1%83%d0%b4%d0%be%d0%b6%d0%bd%d0%b8%d0%ba%d0%b8\\\/vito-d-ancona-biografia-quadri-macchiaioli-in-vendita-valutazione-stima-perizia-certificata-di-dipinti-macchiaioli-di-vito-d-ancona\\\/#breadcrumb\",\"itemListElement\":[{\"@type\":\"ListItem\",\"position\":1,\"name\":\"Home\",\"item\":\"https:\\\/\\\/www.sba.it\\\/ru\\\/\"},{\"@type\":\"ListItem\",\"position\":2,\"name\":\"\u0425\u0423\u0414\u041e\u0416\u041d\u0418\u041a\u0418\",\"item\":\"https:\\\/\\\/www.sba.it\\\/ru\\\/%d1%85%d1%83%d0%b4%d0%be%d0%b6%d0%bd%d0%b8%d0%ba%d0%b8\\\/\"},{\"@type\":\"ListItem\",\"position\":3,\"name\":\"D&#8217;ancona Vito (1825-1884). Biografia. Quadri in vendita.\"}]},{\"@type\":\"WebSite\",\"@id\":\"https:\\\/\\\/www.sba.it\\\/#website\",\"url\":\"https:\\\/\\\/www.sba.it\\\/\",\"name\":\"Societ\u00e0 di Belle Arti\",\"description\":\"Quadri macchiaioli e del 800 e 900 in vendita\",\"publisher\":{\"@id\":\"https:\\\/\\\/www.sba.it\\\/#organization\"},\"potentialAction\":[{\"@type\":\"SearchAction\",\"target\":{\"@type\":\"EntryPoint\",\"urlTemplate\":\"https:\\\/\\\/www.sba.it\\\/?s={search_term_string}\"},\"query-input\":{\"@type\":\"PropertyValueSpecification\",\"valueRequired\":true,\"valueName\":\"search_term_string\"}}],\"inLanguage\":\"ru-RU\"},{\"@type\":\"Organization\",\"@id\":\"https:\\\/\\\/www.sba.it\\\/#organization\",\"name\":\"Societ\u00e0 di Belle Arti\",\"url\":\"https:\\\/\\\/www.sba.it\\\/\",\"logo\":{\"@type\":\"ImageObject\",\"inLanguage\":\"ru-RU\",\"@id\":\"https:\\\/\\\/www.sba.it\\\/#\\\/schema\\\/logo\\\/image\\\/\",\"url\":\"https:\\\/\\\/www.sba.it\\\/wp-content\\\/uploads\\\/2019\\\/04\\\/Logo-rosso_nero.png\",\"contentUrl\":\"https:\\\/\\\/www.sba.it\\\/wp-content\\\/uploads\\\/2019\\\/04\\\/Logo-rosso_nero.png\",\"width\":2532,\"height\":1137,\"caption\":\"Societ\u00e0 di Belle Arti\"},\"image\":{\"@id\":\"https:\\\/\\\/www.sba.it\\\/#\\\/schema\\\/logo\\\/image\\\/\"},\"sameAs\":[\"https:\\\/\\\/www.facebook.com\\\/pitturaitaliana800e900\\\/\",\"https:\\\/\\\/x.com\\\/SocietaArti\",\"https:\\\/\\\/www.instagram.com\\\/societadibellearti\",\"https:\\\/\\\/www.linkedin.com\\\/in\\\/societ\u00e0-di-belle-arti-363aa8191\\\/\",\"https:\\\/\\\/www.youtube.com\\\/channel\\\/UC6fJlk-ajwhsnEIICATyXaQ\"]}]}<\/script>\n<!-- \/ Yoast SEO plugin. -->","yoast_head_json":{"title":"D'ancona Vito (1825-1884). Biografia. Quadri in vendita.","description":"Vito D'Ancona leggi la vita del pittore dell'800, vendita e acquisto online dipinti macchiaioli dell'800 di Vito D'Ancona scopri come","robots":{"index":"index","follow":"follow","max-snippet":"max-snippet:-1","max-image-preview":"max-image-preview:large","max-video-preview":"max-video-preview:-1"},"canonical":"https:\/\/www.sba.it\/ru\/\u0445\u0443\u0434\u043e\u0436\u043d\u0438\u043a\u0438\/vito-d-ancona-biografia-quadri-macchiaioli-in-vendita-valutazione-stima-perizia-certificata-di-dipinti-macchiaioli-di-vito-d-ancona\/","og_locale":"ru_RU","og_type":"article","og_title":"D'ancona Vito (1825-1884). Biografia. Quadri in vendita.","og_description":"Vito D'Ancona leggi la vita del pittore dell'800, vendita e acquisto online dipinti macchiaioli dell'800 di Vito D'Ancona scopri come","og_url":"https:\/\/www.sba.it\/ru\/\u0445\u0443\u0434\u043e\u0436\u043d\u0438\u043a\u0438\/vito-d-ancona-biografia-quadri-macchiaioli-in-vendita-valutazione-stima-perizia-certificata-di-dipinti-macchiaioli-di-vito-d-ancona\/","og_site_name":"Societ\u00e0 di Belle Arti","article_publisher":"https:\/\/www.facebook.com\/pitturaitaliana800e900\/","article_modified_time":"2019-06-19T07:28:21+00:00","og_image":[{"width":300,"height":405,"url":"https:\/\/www.sba.it\/wp-content\/uploads\/2013\/06\/images_artisti_Vito-DAncona-vendita-dipinti-macchiaioli.jpg","type":"image\/jpeg"}],"twitter_card":"summary_large_image","twitter_site":"@SocietaArti","twitter_misc":{"\u041f\u0440\u0438\u043c\u0435\u0440\u043d\u043e\u0435 \u0432\u0440\u0435\u043c\u044f \u0434\u043b\u044f \u0447\u0442\u0435\u043d\u0438\u044f":"3 \u043c\u0438\u043d\u0443\u0442\u044b"},"schema":{"@context":"https:\/\/schema.org","@graph":[{"@type":"WebPage","@id":"https:\/\/www.sba.it\/ru\/%d1%85%d1%83%d0%b4%d0%be%d0%b6%d0%bd%d0%b8%d0%ba%d0%b8\/vito-d-ancona-biografia-quadri-macchiaioli-in-vendita-valutazione-stima-perizia-certificata-di-dipinti-macchiaioli-di-vito-d-ancona\/","url":"https:\/\/www.sba.it\/ru\/%d1%85%d1%83%d0%b4%d0%be%d0%b6%d0%bd%d0%b8%d0%ba%d0%b8\/vito-d-ancona-biografia-quadri-macchiaioli-in-vendita-valutazione-stima-perizia-certificata-di-dipinti-macchiaioli-di-vito-d-ancona\/","name":"D'ancona Vito (1825-1884). Biografia. Quadri in vendita.","isPartOf":{"@id":"https:\/\/www.sba.it\/#website"},"primaryImageOfPage":{"@id":"https:\/\/www.sba.it\/ru\/%d1%85%d1%83%d0%b4%d0%be%d0%b6%d0%bd%d0%b8%d0%ba%d0%b8\/vito-d-ancona-biografia-quadri-macchiaioli-in-vendita-valutazione-stima-perizia-certificata-di-dipinti-macchiaioli-di-vito-d-ancona\/#primaryimage"},"image":{"@id":"https:\/\/www.sba.it\/ru\/%d1%85%d1%83%d0%b4%d0%be%d0%b6%d0%bd%d0%b8%d0%ba%d0%b8\/vito-d-ancona-biografia-quadri-macchiaioli-in-vendita-valutazione-stima-perizia-certificata-di-dipinti-macchiaioli-di-vito-d-ancona\/#primaryimage"},"thumbnailUrl":"https:\/\/www.sba.it\/wp-content\/uploads\/2013\/06\/images_artisti_Vito-DAncona-vendita-dipinti-macchiaioli.jpg","datePublished":"2013-06-11T07:11:44+00:00","dateModified":"2019-06-19T07:28:21+00:00","description":"Vito D'Ancona leggi la vita del pittore dell'800, vendita e acquisto online dipinti macchiaioli dell'800 di Vito D'Ancona scopri come","breadcrumb":{"@id":"https:\/\/www.sba.it\/ru\/%d1%85%d1%83%d0%b4%d0%be%d0%b6%d0%bd%d0%b8%d0%ba%d0%b8\/vito-d-ancona-biografia-quadri-macchiaioli-in-vendita-valutazione-stima-perizia-certificata-di-dipinti-macchiaioli-di-vito-d-ancona\/#breadcrumb"},"inLanguage":"ru-RU","potentialAction":[{"@type":"ReadAction","target":["https:\/\/www.sba.it\/ru\/%d1%85%d1%83%d0%b4%d0%be%d0%b6%d0%bd%d0%b8%d0%ba%d0%b8\/vito-d-ancona-biografia-quadri-macchiaioli-in-vendita-valutazione-stima-perizia-certificata-di-dipinti-macchiaioli-di-vito-d-ancona\/"]}]},{"@type":"ImageObject","inLanguage":"ru-RU","@id":"https:\/\/www.sba.it\/ru\/%d1%85%d1%83%d0%b4%d0%be%d0%b6%d0%bd%d0%b8%d0%ba%d0%b8\/vito-d-ancona-biografia-quadri-macchiaioli-in-vendita-valutazione-stima-perizia-certificata-di-dipinti-macchiaioli-di-vito-d-ancona\/#primaryimage","url":"https:\/\/www.sba.it\/wp-content\/uploads\/2013\/06\/images_artisti_Vito-DAncona-vendita-dipinti-macchiaioli.jpg","contentUrl":"https:\/\/www.sba.it\/wp-content\/uploads\/2013\/06\/images_artisti_Vito-DAncona-vendita-dipinti-macchiaioli.jpg","width":300,"height":405,"caption":"Foto di Vito D'Ancona, pittore macchiaiolo dell'800"},{"@type":"BreadcrumbList","@id":"https:\/\/www.sba.it\/ru\/%d1%85%d1%83%d0%b4%d0%be%d0%b6%d0%bd%d0%b8%d0%ba%d0%b8\/vito-d-ancona-biografia-quadri-macchiaioli-in-vendita-valutazione-stima-perizia-certificata-di-dipinti-macchiaioli-di-vito-d-ancona\/#breadcrumb","itemListElement":[{"@type":"ListItem","position":1,"name":"Home","item":"https:\/\/www.sba.it\/ru\/"},{"@type":"ListItem","position":2,"name":"\u0425\u0423\u0414\u041e\u0416\u041d\u0418\u041a\u0418","item":"https:\/\/www.sba.it\/ru\/%d1%85%d1%83%d0%b4%d0%be%d0%b6%d0%bd%d0%b8%d0%ba%d0%b8\/"},{"@type":"ListItem","position":3,"name":"D&#8217;ancona Vito (1825-1884). Biografia. Quadri in vendita."}]},{"@type":"WebSite","@id":"https:\/\/www.sba.it\/#website","url":"https:\/\/www.sba.it\/","name":"Societ\u00e0 di Belle Arti","description":"Quadri macchiaioli e del 800 e 900 in vendita","publisher":{"@id":"https:\/\/www.sba.it\/#organization"},"potentialAction":[{"@type":"SearchAction","target":{"@type":"EntryPoint","urlTemplate":"https:\/\/www.sba.it\/?s={search_term_string}"},"query-input":{"@type":"PropertyValueSpecification","valueRequired":true,"valueName":"search_term_string"}}],"inLanguage":"ru-RU"},{"@type":"Organization","@id":"https:\/\/www.sba.it\/#organization","name":"Societ\u00e0 di Belle Arti","url":"https:\/\/www.sba.it\/","logo":{"@type":"ImageObject","inLanguage":"ru-RU","@id":"https:\/\/www.sba.it\/#\/schema\/logo\/image\/","url":"https:\/\/www.sba.it\/wp-content\/uploads\/2019\/04\/Logo-rosso_nero.png","contentUrl":"https:\/\/www.sba.it\/wp-content\/uploads\/2019\/04\/Logo-rosso_nero.png","width":2532,"height":1137,"caption":"Societ\u00e0 di Belle Arti"},"image":{"@id":"https:\/\/www.sba.it\/#\/schema\/logo\/image\/"},"sameAs":["https:\/\/www.facebook.com\/pitturaitaliana800e900\/","https:\/\/x.com\/SocietaArti","https:\/\/www.instagram.com\/societadibellearti","https:\/\/www.linkedin.com\/in\/societ\u00e0-di-belle-arti-363aa8191\/","https:\/\/www.youtube.com\/channel\/UC6fJlk-ajwhsnEIICATyXaQ"]}]}},"_links":{"self":[{"href":"https:\/\/www.sba.it\/ru\/wp-json\/wp\/v2\/pages\/73670","targetHints":{"allow":["GET"]}}],"collection":[{"href":"https:\/\/www.sba.it\/ru\/wp-json\/wp\/v2\/pages"}],"about":[{"href":"https:\/\/www.sba.it\/ru\/wp-json\/wp\/v2\/types\/page"}],"author":[{"embeddable":true,"href":"https:\/\/www.sba.it\/ru\/wp-json\/wp\/v2\/users\/1"}],"replies":[{"embeddable":true,"href":"https:\/\/www.sba.it\/ru\/wp-json\/wp\/v2\/comments?post=73670"}],"version-history":[{"count":17,"href":"https:\/\/www.sba.it\/ru\/wp-json\/wp\/v2\/pages\/73670\/revisions"}],"predecessor-version":[{"id":84454,"href":"https:\/\/www.sba.it\/ru\/wp-json\/wp\/v2\/pages\/73670\/revisions\/84454"}],"up":[{"embeddable":true,"href":"https:\/\/www.sba.it\/ru\/wp-json\/wp\/v2\/pages\/73491"}],"wp:featuredmedia":[{"embeddable":true,"href":"https:\/\/www.sba.it\/ru\/wp-json\/wp\/v2\/media\/313"}],"wp:attachment":[{"href":"https:\/\/www.sba.it\/ru\/wp-json\/wp\/v2\/media?parent=73670"}],"curies":[{"name":"wp","href":"https:\/\/api.w.org\/{rel}","templated":true}]}}