{"id":73651,"date":"2013-06-11T13:23:34","date_gmt":"2013-06-11T11:23:34","guid":{"rendered":"http:\/\/www.sba.it\/giuseppe-de-nittis-biografia-quadri-in-vendita-valutazione-stima-perizia-certificata-di-dipinti-di-giuseppe-de-nittis\/"},"modified":"2021-10-29T11:56:31","modified_gmt":"2021-10-29T09:56:31","slug":"giuseppe-de-nittis-biografia-quadri-in-vendita-valutazione-stima-perizia-certificata-di-dipinti-di-giuseppe-de-nittis","status":"publish","type":"page","link":"https:\/\/www.sba.it\/ru\/%d1%85%d1%83%d0%b4%d0%be%d0%b6%d0%bd%d0%b8%d0%ba%d0%b8\/giuseppe-de-nittis-biografia-quadri-in-vendita-valutazione-stima-perizia-certificata-di-dipinti-di-giuseppe-de-nittis\/","title":{"rendered":"De Nittis Giuseppe (1846-1884). Biografia. Quadri in vendita."},"content":{"rendered":"<p>&nbsp;<\/p>\n<p><img decoding=\"async\" class=\" alignleft size-full wp-image-315\" style=\"margin-right: 20px; float: left;\" src=\"http:\/\/www.sba.it\/wp-content\/uploads\/2013\/06\/images_artisti_Giuseppe-de-Nittis-vendita-dipinti.jpg\" alt=\"Giuseppe-de-Nittis-vendita-dipinti\" width=\"300\" height=\"411\" srcset=\"https:\/\/www.sba.it\/wp-content\/uploads\/2013\/06\/images_artisti_Giuseppe-de-Nittis-vendita-dipinti.jpg 300w, https:\/\/www.sba.it\/wp-content\/uploads\/2013\/06\/images_artisti_Giuseppe-de-Nittis-vendita-dipinti-219x300.jpg 219w\" sizes=\"(max-width: 300px) 100vw, 300px\" \/>Giuseppe De Nittis nacque a Barletta nel 1846.<\/p>\n<p>Dopo aver appreso i rudimenti dell\u2019arte dal concittadino Giambattista Cal\u00f2 ed essersi trasferito, a seguito del fratello maggiore Vincenzo, a Napoli, s\u2019iscrisse all\u2019<a href=\"http:\/\/www.abana.it\/it\/\">Istituto di Belle Arti<\/a>.<\/p>\n<p>Qui frequent\u00f2 i corsi di Giuseppe Mancinelli e Gabriele Smargiassi, e inizi\u00f2 a dedicarsi ad alcuni studi dal vero.<\/p>\n<p>Studi che, due anni dopo, esentato da ogni impegno scolastico in seguito all\u2019espulsione dall\u2019Accademia per motivi disciplinari, intensific\u00f2 cimentandosi, a diretto contatto con <a href=\"http:\/\/www.sba.it\/marco-de-gregorio-biografia-quadri-vendita-stima-perizie-dipinti-di-marco-de-gregorio\/\"><strong>Marco De Gregorio<\/strong><\/a>, Federico Rossano e\u00a0<a href=\"http:\/\/www.sba.it\/adriano-cecioni-biografia-quadri-in-vendita-macchiaioli-valutazione-stima-perizia-certificata-di-dipinti-di-adriano-cecioni\/\"><strong>Adriano Cecioni<\/strong><\/a>, in una rinnovata pittura di paesaggio dai tratti decisamente antiaccademici.<\/p>\n<p>Sono della\u00a0met\u00e0 degli anni Sessanta dipinti quali <em>Casale nei dintorni di Napoli <\/em>e<em> L\u2019Ofantino<\/em>.<\/p>\n<p>Erano questi caratterizzati da una resa nitida, quasi fotografica del reale, ma non esenti, talvolta, come nel sorprendentemente maturo <em>Appuntamento nel bosco di Portici,<\/em> da intuizioni analoghe alle ricerche coeve dei pittori toscani.<\/p>\n<p>Nel \u201867, terminata con la maggiore et\u00e0 la tutela del fratello Vincenzo, comp\u00ec un viaggio a Roma.<\/p>\n<p>Si rec\u00f2 poi per alcuni mesi a Parigi dove visit\u00f2 lo studio di Meissonier e conobbe il mercante d\u2019arte Goupil.<\/p>\n<p>Di ritorno fece tappa a Firenze.<\/p>\n<p>Pur sostandovi per un breve periodo, con due studi dal vero e tre quadri presentati alla Promotrice, ma non registrati in catalogo, lasci\u00f2 un segno profondo negli artisti, che lo accolsero benevolmente.<\/p>\n<p>Sul finire dell\u2019anno espose alla Promotrice di Napoli.<\/p>\n<p>Qui, nel \u201964, aveva esordito con le due versioni del dipinto <em>L\u2019avanzarsi della tempesta, Impressioni nelle\u00a0<\/em><em>pianure di Puglia <\/em>e<em> Una traversata negli Appennini-Ricordo<\/em>.<\/p>\n<p>Quest\u2019ultimo che venne acquistato dal re Vittorio Emanuele II per la <a href=\"http:\/\/www.museocapodimonte.beniculturali.it\/\">Reggia di Capodimonte<\/a>.<\/p>\n<p>Fermatosi in Puglia per alcuni mesi, nel \u201968 fu di\u00a0nuovo, salvo periodici rientri in Italia, a Parigi.<\/p>\n<p>Qui, dopo aver sottoscritto un vantaggioso contratto con la Maison Goupil e uno con il mercante tedesco Reitlinger, spos\u00f2 la giovane L\u00e9ontine Lucile Gruvelle.<\/p>\n<p>Cominci\u00f2 quindi\u00a0 a circondarsi delle personalit\u00e0 pi\u00f9 in vista della cultura del tempo tra cui Edmond de Goncourt, Dumas figlio, Daudet, Zol\u00e0, Degas e Manet.<\/p>\n<p>Al \u201969 risale il\u00a0 debutto al Salon con <em>Bosco di Puglia<\/em> e\u00a0alcuni quadri in costume alla maniera di Meissonier e Fortuny.<\/p>\n<p>Nella primavera del \u201970 rivide Cecioni che\u00a0fu suo ospite per un lungo periodo prima di trasferirsi in rue Lepic; ma fu proprio da alcuni contrasti sorti\u00a0durante questa stretta convivenza che l\u2019amicizia tra i due entr\u00f2 in una crisi profonda.<\/p>\n<p>Costretto dallo\u00a0scoppio della guerra franco-prussiana, torn\u00f2 in Italia dove, dopo aver confermato i noti accordi con\u00a0Goupil, si trattenne probabilmente per esigenze di mercato prima in Puglia poi in Campania, dipingendo\u00a0a fianco di <strong><a href=\"http:\/\/www.sba.it\/signorini-telemaco-biografia-quadri-in-vendita-macchiaioli-valutazione-stime-e-perizie-certificate-su-dipinti-macchiaioli-di-telemaco-signorini\/\">Signorini,<\/a><\/strong> Rossano e De Gregorio, la serie delle <em>Vedute del Vesuvio,<\/em> secondo una rinnovata\u00a0semplificazione cromatica e formale perfettamente in linea con il gusto del tempo.<\/p>\n<p>Rientrato a Parigi a\u00a0met\u00e0 febbraio del \u201973, si dedic\u00f2 a una pittura d\u2019immediata notazione di costume, attenta ai simboli\u00a0della modernit\u00e0, restituendo in opere come <em>Guidando al Bois, Ritorno dalle corse <\/em>e<em> Che freddo<\/em> (con il\u00a0quale si distinse al Salon del \u201974) un vivace spaccato della vita della capitale.<\/p>\n<p>Su invito di Degas, partecip\u00f2,\u00a0inoltre, con cinque dipinti alla prima Esposizione degli Impressionisti al Boulevard des Capucines, nello\u00a0studio del fotografo Nadar.<\/p>\n<p>Trascorse la primavera e l\u2019estate del\u201974 a Londra dove ottenne altrettanto\u00a0successo che in Francia.<\/p>\n<p>Da allora, dividendosi tra Parigi, Londra e l\u2019Italia, ebbe modo di affinare sempre pi\u00f9 le capacit\u00e0 di acuto osservatore della realt\u00e0.<\/p>\n<p>Si concentr\u00f2\u00a0 soprattutto su alcuni aspetti \u00a0della vita metropolitana legati \u00a0alla mondanit\u00e0, all\u2019eleganza, al brulichio di figure colte nei momenti di tempo libero o di svago, cos\u00ec ben rappresentato in<em> Place des Pyramides<\/em>.<\/p>\n<p>Uno dei suoi temi prediletti continu\u00f2, per\u00f2, ad essere quello delle corse e delle passeggiate equestri, amate dagli impressionisti e in particolare da Degas.<\/p>\n<p>Lo attestano oltre che il dipinto\u00a0 <em>Flirtation<\/em>, il trittico delle <em>Corse ad\u00a0<\/em><em>Auteuil<\/em> e i quadri delle <em>Corse a Longchamps<\/em>.<\/p>\n<p>Fu, frattanto, introdotto dall\u2019amico Edmond de Goncourt, con il quale condivise la passione per l\u2019arte giapponese, nel salotto della principessa Matilde Bonaparte, rievocato in un grande quadro dell\u201983 (<a href=\"http:\/\/www.barlettamusei.it\/collez_museo.html\">Barletta, Museo Civico<\/a>).<\/p>\n<p>Giuseppe De Nittis mor\u00ec a \u00a0Saint-Germain-en-Laye (Francia)\u00a0 nel 1884.<\/p>\n<p>&nbsp;<\/p>\n<p>&nbsp;<\/p>\n<h3 style=\"font-size: 12pt;\">CATALOGO OPERE:<\/h3>\n<p><a href=\"http:\/\/www.sba.it\/giuseppe-de-nittis-vendita-quadri-dell-800\/\"><strong>La domenica a Londra\u00a0<\/strong><\/a><\/p>\n<p><a href=\"http:\/\/www.sba.it\/giuseppe-de-nittis-quadri-in-vendita-comprare\/\"><strong>Donna sul barchino<\/strong><\/a><\/p>\n<p><a href=\"http:\/\/www.sba.it\/de-nittis-dipinti-in-vendita-quadri-ottocento\/\"><strong>Paesaggio lungo la Senna<\/strong><\/a><\/p>\n<p>&nbsp;<\/p>\n<h3 style=\"font-size: 12pt;\"><a href=\"https:\/\/www.sba.it\/ru\/%d0%bf%d1%80%d0%be%d0%b4%d0%b0%d1%82%d1%8c\/\">VUOI VENDERE O COMPRARE UN QUADRO DI QUESTO ARTISTA?<\/a><\/h3>\n<p>&nbsp;<\/p>\n<p>&nbsp;<\/p>\n<p>&nbsp;<\/p>\n<p>&nbsp;<\/p>\n<p>&nbsp;<\/p>\n<p>&nbsp;<\/p>\n<p>&nbsp;<\/p>\n<p>&nbsp;<\/p>\n<p>&nbsp;<\/p>\n<p>&nbsp;<\/p>\n<p>&nbsp;<\/p>\n<p>&nbsp;<\/p>\n<p>&nbsp;<\/p>\n<p>&nbsp;<\/p>\n<p>&nbsp;<\/p>\n<p>&nbsp;<\/p>\n<p>&nbsp;<\/p>\n<p>&nbsp;<\/p>\n<p>&nbsp;<\/p>\n<p>&nbsp;<\/p>\n<p>&nbsp;<\/p>\n<p>&nbsp;<\/p>\n<p>&nbsp;<\/p>\n<p>&nbsp;<\/p>\n<p>&nbsp;<\/p>\n<p>&nbsp;<\/p>\n","protected":false},"excerpt":{"rendered":"<p>&nbsp; Giuseppe De Nittis nacque a Barletta nel 1846. Dopo aver appreso i rudimenti dell\u2019arte dal concittadino Giambattista Cal\u00f2 ed [&hellip;]<\/p>\n","protected":false},"author":1,"featured_media":318,"parent":73491,"menu_order":163,"comment_status":"closed","ping_status":"closed","template":"","meta":{"_monsterinsights_skip_tracking":false,"_monsterinsights_sitenote_active":false,"_monsterinsights_sitenote_note":"","_monsterinsights_sitenote_category":0,"footnotes":""},"class_list":["post-73651","page","type-page","status-publish","has-post-thumbnail","hentry","page_category-1277"],"yoast_head":"<!-- This site is optimized with the Yoast SEO plugin v27.5 - https:\/\/yoast.com\/product\/yoast-seo-wordpress\/ -->\n<title>De Nittis Giuseppe (1846-1884). Biografia. Quadri in vendita.<\/title>\n<meta name=\"description\" content=\"De Nittis Giuseppe leggi la vita del pittore dell&#039;800, Giuseppe De Nittis quadri in vendita, dipinti italiani dell&#039;800 in vendita\" \/>\n<meta name=\"robots\" content=\"index, follow, max-snippet:-1, max-image-preview:large, max-video-preview:-1\" \/>\n<link rel=\"canonical\" href=\"https:\/\/www.sba.it\/ru\/\u0445\u0443\u0434\u043e\u0436\u043d\u0438\u043a\u0438\/giuseppe-de-nittis-biografia-quadri-in-vendita-valutazione-stima-perizia-certificata-di-dipinti-di-giuseppe-de-nittis\/\" \/>\n<meta property=\"og:locale\" content=\"ru_RU\" \/>\n<meta property=\"og:type\" content=\"article\" \/>\n<meta property=\"og:title\" content=\"De Nittis Giuseppe (1846-1884). Biografia. Quadri in vendita.\" \/>\n<meta property=\"og:description\" content=\"De Nittis Giuseppe leggi la vita del pittore dell&#039;800, Giuseppe De Nittis quadri in vendita, dipinti italiani dell&#039;800 in vendita\" \/>\n<meta property=\"og:url\" content=\"https:\/\/www.sba.it\/ru\/\u0445\u0443\u0434\u043e\u0436\u043d\u0438\u043a\u0438\/giuseppe-de-nittis-biografia-quadri-in-vendita-valutazione-stima-perizia-certificata-di-dipinti-di-giuseppe-de-nittis\/\" \/>\n<meta property=\"og:site_name\" content=\"Societ\u00e0 di Belle Arti\" \/>\n<meta property=\"article:publisher\" content=\"https:\/\/www.facebook.com\/pitturaitaliana800e900\/\" \/>\n<meta property=\"article:modified_time\" content=\"2021-10-29T09:56:31+00:00\" \/>\n<meta property=\"og:image\" content=\"https:\/\/www.sba.it\/wp-content\/uploads\/2013\/06\/images_artisti_Giuseppe-de-Nittis-vendita-dipinti.jpg\" \/>\n\t<meta property=\"og:image:width\" content=\"300\" \/>\n\t<meta property=\"og:image:height\" content=\"411\" \/>\n\t<meta property=\"og:image:type\" content=\"image\/jpeg\" \/>\n<meta name=\"twitter:card\" content=\"summary_large_image\" \/>\n<meta name=\"twitter:site\" content=\"@SocietaArti\" \/>\n<meta name=\"twitter:label1\" content=\"\u041f\u0440\u0438\u043c\u0435\u0440\u043d\u043e\u0435 \u0432\u0440\u0435\u043c\u044f \u0434\u043b\u044f \u0447\u0442\u0435\u043d\u0438\u044f\" \/>\n\t<meta name=\"twitter:data1\" content=\"4 \u043c\u0438\u043d\u0443\u0442\u044b\" \/>\n<script type=\"application\/ld+json\" class=\"yoast-schema-graph\">{\"@context\":\"https:\\\/\\\/schema.org\",\"@graph\":[{\"@type\":\"WebPage\",\"@id\":\"https:\\\/\\\/www.sba.it\\\/ru\\\/%d1%85%d1%83%d0%b4%d0%be%d0%b6%d0%bd%d0%b8%d0%ba%d0%b8\\\/giuseppe-de-nittis-biografia-quadri-in-vendita-valutazione-stima-perizia-certificata-di-dipinti-di-giuseppe-de-nittis\\\/\",\"url\":\"https:\\\/\\\/www.sba.it\\\/ru\\\/%d1%85%d1%83%d0%b4%d0%be%d0%b6%d0%bd%d0%b8%d0%ba%d0%b8\\\/giuseppe-de-nittis-biografia-quadri-in-vendita-valutazione-stima-perizia-certificata-di-dipinti-di-giuseppe-de-nittis\\\/\",\"name\":\"De Nittis Giuseppe (1846-1884). Biografia. Quadri in vendita.\",\"isPartOf\":{\"@id\":\"https:\\\/\\\/www.sba.it\\\/#website\"},\"primaryImageOfPage\":{\"@id\":\"https:\\\/\\\/www.sba.it\\\/ru\\\/%d1%85%d1%83%d0%b4%d0%be%d0%b6%d0%bd%d0%b8%d0%ba%d0%b8\\\/giuseppe-de-nittis-biografia-quadri-in-vendita-valutazione-stima-perizia-certificata-di-dipinti-di-giuseppe-de-nittis\\\/#primaryimage\"},\"image\":{\"@id\":\"https:\\\/\\\/www.sba.it\\\/ru\\\/%d1%85%d1%83%d0%b4%d0%be%d0%b6%d0%bd%d0%b8%d0%ba%d0%b8\\\/giuseppe-de-nittis-biografia-quadri-in-vendita-valutazione-stima-perizia-certificata-di-dipinti-di-giuseppe-de-nittis\\\/#primaryimage\"},\"thumbnailUrl\":\"https:\\\/\\\/www.sba.it\\\/wp-content\\\/uploads\\\/2013\\\/06\\\/images_artisti_Giuseppe-de-Nittis-vendita-dipinti.jpg\",\"datePublished\":\"2013-06-11T11:23:34+00:00\",\"dateModified\":\"2021-10-29T09:56:31+00:00\",\"description\":\"De Nittis Giuseppe leggi la vita del pittore dell'800, Giuseppe De Nittis quadri in vendita, dipinti italiani dell'800 in vendita\",\"breadcrumb\":{\"@id\":\"https:\\\/\\\/www.sba.it\\\/ru\\\/%d1%85%d1%83%d0%b4%d0%be%d0%b6%d0%bd%d0%b8%d0%ba%d0%b8\\\/giuseppe-de-nittis-biografia-quadri-in-vendita-valutazione-stima-perizia-certificata-di-dipinti-di-giuseppe-de-nittis\\\/#breadcrumb\"},\"inLanguage\":\"ru-RU\",\"potentialAction\":[{\"@type\":\"ReadAction\",\"target\":[\"https:\\\/\\\/www.sba.it\\\/ru\\\/%d1%85%d1%83%d0%b4%d0%be%d0%b6%d0%bd%d0%b8%d0%ba%d0%b8\\\/giuseppe-de-nittis-biografia-quadri-in-vendita-valutazione-stima-perizia-certificata-di-dipinti-di-giuseppe-de-nittis\\\/\"]}]},{\"@type\":\"ImageObject\",\"inLanguage\":\"ru-RU\",\"@id\":\"https:\\\/\\\/www.sba.it\\\/ru\\\/%d1%85%d1%83%d0%b4%d0%be%d0%b6%d0%bd%d0%b8%d0%ba%d0%b8\\\/giuseppe-de-nittis-biografia-quadri-in-vendita-valutazione-stima-perizia-certificata-di-dipinti-di-giuseppe-de-nittis\\\/#primaryimage\",\"url\":\"https:\\\/\\\/www.sba.it\\\/wp-content\\\/uploads\\\/2013\\\/06\\\/images_artisti_Giuseppe-de-Nittis-vendita-dipinti.jpg\",\"contentUrl\":\"https:\\\/\\\/www.sba.it\\\/wp-content\\\/uploads\\\/2013\\\/06\\\/images_artisti_Giuseppe-de-Nittis-vendita-dipinti.jpg\",\"width\":300,\"height\":411,\"caption\":\"Foto di Giuseppe De Nittis\"},{\"@type\":\"BreadcrumbList\",\"@id\":\"https:\\\/\\\/www.sba.it\\\/ru\\\/%d1%85%d1%83%d0%b4%d0%be%d0%b6%d0%bd%d0%b8%d0%ba%d0%b8\\\/giuseppe-de-nittis-biografia-quadri-in-vendita-valutazione-stima-perizia-certificata-di-dipinti-di-giuseppe-de-nittis\\\/#breadcrumb\",\"itemListElement\":[{\"@type\":\"ListItem\",\"position\":1,\"name\":\"Home\",\"item\":\"https:\\\/\\\/www.sba.it\\\/ru\\\/\"},{\"@type\":\"ListItem\",\"position\":2,\"name\":\"\u0425\u0423\u0414\u041e\u0416\u041d\u0418\u041a\u0418\",\"item\":\"https:\\\/\\\/www.sba.it\\\/ru\\\/%d1%85%d1%83%d0%b4%d0%be%d0%b6%d0%bd%d0%b8%d0%ba%d0%b8\\\/\"},{\"@type\":\"ListItem\",\"position\":3,\"name\":\"De Nittis Giuseppe (1846-1884). Biografia. Quadri in vendita.\"}]},{\"@type\":\"WebSite\",\"@id\":\"https:\\\/\\\/www.sba.it\\\/#website\",\"url\":\"https:\\\/\\\/www.sba.it\\\/\",\"name\":\"Societ\u00e0 di Belle Arti\",\"description\":\"Quadri macchiaioli e del 800 e 900 in vendita\",\"publisher\":{\"@id\":\"https:\\\/\\\/www.sba.it\\\/#organization\"},\"potentialAction\":[{\"@type\":\"SearchAction\",\"target\":{\"@type\":\"EntryPoint\",\"urlTemplate\":\"https:\\\/\\\/www.sba.it\\\/?s={search_term_string}\"},\"query-input\":{\"@type\":\"PropertyValueSpecification\",\"valueRequired\":true,\"valueName\":\"search_term_string\"}}],\"inLanguage\":\"ru-RU\"},{\"@type\":\"Organization\",\"@id\":\"https:\\\/\\\/www.sba.it\\\/#organization\",\"name\":\"Societ\u00e0 di Belle Arti\",\"url\":\"https:\\\/\\\/www.sba.it\\\/\",\"logo\":{\"@type\":\"ImageObject\",\"inLanguage\":\"ru-RU\",\"@id\":\"https:\\\/\\\/www.sba.it\\\/#\\\/schema\\\/logo\\\/image\\\/\",\"url\":\"https:\\\/\\\/www.sba.it\\\/wp-content\\\/uploads\\\/2019\\\/04\\\/Logo-rosso_nero.png\",\"contentUrl\":\"https:\\\/\\\/www.sba.it\\\/wp-content\\\/uploads\\\/2019\\\/04\\\/Logo-rosso_nero.png\",\"width\":2532,\"height\":1137,\"caption\":\"Societ\u00e0 di Belle Arti\"},\"image\":{\"@id\":\"https:\\\/\\\/www.sba.it\\\/#\\\/schema\\\/logo\\\/image\\\/\"},\"sameAs\":[\"https:\\\/\\\/www.facebook.com\\\/pitturaitaliana800e900\\\/\",\"https:\\\/\\\/x.com\\\/SocietaArti\",\"https:\\\/\\\/www.instagram.com\\\/societadibellearti\",\"https:\\\/\\\/www.linkedin.com\\\/in\\\/societ\u00e0-di-belle-arti-363aa8191\\\/\",\"https:\\\/\\\/www.youtube.com\\\/channel\\\/UC6fJlk-ajwhsnEIICATyXaQ\"]}]}<\/script>\n<!-- \/ Yoast SEO plugin. -->","yoast_head_json":{"title":"De Nittis Giuseppe (1846-1884). Biografia. Quadri in vendita.","description":"De Nittis Giuseppe leggi la vita del pittore dell'800, Giuseppe De Nittis quadri in vendita, dipinti italiani dell'800 in vendita","robots":{"index":"index","follow":"follow","max-snippet":"max-snippet:-1","max-image-preview":"max-image-preview:large","max-video-preview":"max-video-preview:-1"},"canonical":"https:\/\/www.sba.it\/ru\/\u0445\u0443\u0434\u043e\u0436\u043d\u0438\u043a\u0438\/giuseppe-de-nittis-biografia-quadri-in-vendita-valutazione-stima-perizia-certificata-di-dipinti-di-giuseppe-de-nittis\/","og_locale":"ru_RU","og_type":"article","og_title":"De Nittis Giuseppe (1846-1884). Biografia. Quadri in vendita.","og_description":"De Nittis Giuseppe leggi la vita del pittore dell'800, Giuseppe De Nittis quadri in vendita, dipinti italiani dell'800 in vendita","og_url":"https:\/\/www.sba.it\/ru\/\u0445\u0443\u0434\u043e\u0436\u043d\u0438\u043a\u0438\/giuseppe-de-nittis-biografia-quadri-in-vendita-valutazione-stima-perizia-certificata-di-dipinti-di-giuseppe-de-nittis\/","og_site_name":"Societ\u00e0 di Belle Arti","article_publisher":"https:\/\/www.facebook.com\/pitturaitaliana800e900\/","article_modified_time":"2021-10-29T09:56:31+00:00","og_image":[{"width":300,"height":411,"url":"https:\/\/www.sba.it\/wp-content\/uploads\/2013\/06\/images_artisti_Giuseppe-de-Nittis-vendita-dipinti.jpg","type":"image\/jpeg"}],"twitter_card":"summary_large_image","twitter_site":"@SocietaArti","twitter_misc":{"\u041f\u0440\u0438\u043c\u0435\u0440\u043d\u043e\u0435 \u0432\u0440\u0435\u043c\u044f \u0434\u043b\u044f \u0447\u0442\u0435\u043d\u0438\u044f":"4 \u043c\u0438\u043d\u0443\u0442\u044b"},"schema":{"@context":"https:\/\/schema.org","@graph":[{"@type":"WebPage","@id":"https:\/\/www.sba.it\/ru\/%d1%85%d1%83%d0%b4%d0%be%d0%b6%d0%bd%d0%b8%d0%ba%d0%b8\/giuseppe-de-nittis-biografia-quadri-in-vendita-valutazione-stima-perizia-certificata-di-dipinti-di-giuseppe-de-nittis\/","url":"https:\/\/www.sba.it\/ru\/%d1%85%d1%83%d0%b4%d0%be%d0%b6%d0%bd%d0%b8%d0%ba%d0%b8\/giuseppe-de-nittis-biografia-quadri-in-vendita-valutazione-stima-perizia-certificata-di-dipinti-di-giuseppe-de-nittis\/","name":"De Nittis Giuseppe (1846-1884). Biografia. Quadri in vendita.","isPartOf":{"@id":"https:\/\/www.sba.it\/#website"},"primaryImageOfPage":{"@id":"https:\/\/www.sba.it\/ru\/%d1%85%d1%83%d0%b4%d0%be%d0%b6%d0%bd%d0%b8%d0%ba%d0%b8\/giuseppe-de-nittis-biografia-quadri-in-vendita-valutazione-stima-perizia-certificata-di-dipinti-di-giuseppe-de-nittis\/#primaryimage"},"image":{"@id":"https:\/\/www.sba.it\/ru\/%d1%85%d1%83%d0%b4%d0%be%d0%b6%d0%bd%d0%b8%d0%ba%d0%b8\/giuseppe-de-nittis-biografia-quadri-in-vendita-valutazione-stima-perizia-certificata-di-dipinti-di-giuseppe-de-nittis\/#primaryimage"},"thumbnailUrl":"https:\/\/www.sba.it\/wp-content\/uploads\/2013\/06\/images_artisti_Giuseppe-de-Nittis-vendita-dipinti.jpg","datePublished":"2013-06-11T11:23:34+00:00","dateModified":"2021-10-29T09:56:31+00:00","description":"De Nittis Giuseppe leggi la vita del pittore dell'800, Giuseppe De Nittis quadri in vendita, dipinti italiani dell'800 in vendita","breadcrumb":{"@id":"https:\/\/www.sba.it\/ru\/%d1%85%d1%83%d0%b4%d0%be%d0%b6%d0%bd%d0%b8%d0%ba%d0%b8\/giuseppe-de-nittis-biografia-quadri-in-vendita-valutazione-stima-perizia-certificata-di-dipinti-di-giuseppe-de-nittis\/#breadcrumb"},"inLanguage":"ru-RU","potentialAction":[{"@type":"ReadAction","target":["https:\/\/www.sba.it\/ru\/%d1%85%d1%83%d0%b4%d0%be%d0%b6%d0%bd%d0%b8%d0%ba%d0%b8\/giuseppe-de-nittis-biografia-quadri-in-vendita-valutazione-stima-perizia-certificata-di-dipinti-di-giuseppe-de-nittis\/"]}]},{"@type":"ImageObject","inLanguage":"ru-RU","@id":"https:\/\/www.sba.it\/ru\/%d1%85%d1%83%d0%b4%d0%be%d0%b6%d0%bd%d0%b8%d0%ba%d0%b8\/giuseppe-de-nittis-biografia-quadri-in-vendita-valutazione-stima-perizia-certificata-di-dipinti-di-giuseppe-de-nittis\/#primaryimage","url":"https:\/\/www.sba.it\/wp-content\/uploads\/2013\/06\/images_artisti_Giuseppe-de-Nittis-vendita-dipinti.jpg","contentUrl":"https:\/\/www.sba.it\/wp-content\/uploads\/2013\/06\/images_artisti_Giuseppe-de-Nittis-vendita-dipinti.jpg","width":300,"height":411,"caption":"Foto di Giuseppe De Nittis"},{"@type":"BreadcrumbList","@id":"https:\/\/www.sba.it\/ru\/%d1%85%d1%83%d0%b4%d0%be%d0%b6%d0%bd%d0%b8%d0%ba%d0%b8\/giuseppe-de-nittis-biografia-quadri-in-vendita-valutazione-stima-perizia-certificata-di-dipinti-di-giuseppe-de-nittis\/#breadcrumb","itemListElement":[{"@type":"ListItem","position":1,"name":"Home","item":"https:\/\/www.sba.it\/ru\/"},{"@type":"ListItem","position":2,"name":"\u0425\u0423\u0414\u041e\u0416\u041d\u0418\u041a\u0418","item":"https:\/\/www.sba.it\/ru\/%d1%85%d1%83%d0%b4%d0%be%d0%b6%d0%bd%d0%b8%d0%ba%d0%b8\/"},{"@type":"ListItem","position":3,"name":"De Nittis Giuseppe (1846-1884). Biografia. Quadri in vendita."}]},{"@type":"WebSite","@id":"https:\/\/www.sba.it\/#website","url":"https:\/\/www.sba.it\/","name":"Societ\u00e0 di Belle Arti","description":"Quadri macchiaioli e del 800 e 900 in vendita","publisher":{"@id":"https:\/\/www.sba.it\/#organization"},"potentialAction":[{"@type":"SearchAction","target":{"@type":"EntryPoint","urlTemplate":"https:\/\/www.sba.it\/?s={search_term_string}"},"query-input":{"@type":"PropertyValueSpecification","valueRequired":true,"valueName":"search_term_string"}}],"inLanguage":"ru-RU"},{"@type":"Organization","@id":"https:\/\/www.sba.it\/#organization","name":"Societ\u00e0 di Belle Arti","url":"https:\/\/www.sba.it\/","logo":{"@type":"ImageObject","inLanguage":"ru-RU","@id":"https:\/\/www.sba.it\/#\/schema\/logo\/image\/","url":"https:\/\/www.sba.it\/wp-content\/uploads\/2019\/04\/Logo-rosso_nero.png","contentUrl":"https:\/\/www.sba.it\/wp-content\/uploads\/2019\/04\/Logo-rosso_nero.png","width":2532,"height":1137,"caption":"Societ\u00e0 di Belle Arti"},"image":{"@id":"https:\/\/www.sba.it\/#\/schema\/logo\/image\/"},"sameAs":["https:\/\/www.facebook.com\/pitturaitaliana800e900\/","https:\/\/x.com\/SocietaArti","https:\/\/www.instagram.com\/societadibellearti","https:\/\/www.linkedin.com\/in\/societ\u00e0-di-belle-arti-363aa8191\/","https:\/\/www.youtube.com\/channel\/UC6fJlk-ajwhsnEIICATyXaQ"]}]}},"_links":{"self":[{"href":"https:\/\/www.sba.it\/ru\/wp-json\/wp\/v2\/pages\/73651","targetHints":{"allow":["GET"]}}],"collection":[{"href":"https:\/\/www.sba.it\/ru\/wp-json\/wp\/v2\/pages"}],"about":[{"href":"https:\/\/www.sba.it\/ru\/wp-json\/wp\/v2\/types\/page"}],"author":[{"embeddable":true,"href":"https:\/\/www.sba.it\/ru\/wp-json\/wp\/v2\/users\/1"}],"replies":[{"embeddable":true,"href":"https:\/\/www.sba.it\/ru\/wp-json\/wp\/v2\/comments?post=73651"}],"version-history":[{"count":14,"href":"https:\/\/www.sba.it\/ru\/wp-json\/wp\/v2\/pages\/73651\/revisions"}],"predecessor-version":[{"id":89412,"href":"https:\/\/www.sba.it\/ru\/wp-json\/wp\/v2\/pages\/73651\/revisions\/89412"}],"up":[{"embeddable":true,"href":"https:\/\/www.sba.it\/ru\/wp-json\/wp\/v2\/pages\/73491"}],"wp:featuredmedia":[{"embeddable":true,"href":"https:\/\/www.sba.it\/ru\/wp-json\/wp\/v2\/media\/318"}],"wp:attachment":[{"href":"https:\/\/www.sba.it\/ru\/wp-json\/wp\/v2\/media?parent=73651"}],"curies":[{"name":"wp","href":"https:\/\/api.w.org\/{rel}","templated":true}]}}