{"id":73639,"date":"2013-06-11T13:26:58","date_gmt":"2013-06-11T11:26:58","guid":{"rendered":"http:\/\/www.sba.it\/de-pisis-filippo-biografia-quadri-in-vendita-valutazione-stima-perizia-certificata-di-dipinti-di-altamura-francesco-saveriode-pisis-filippo\/"},"modified":"2021-10-29T11:54:12","modified_gmt":"2021-10-29T09:54:12","slug":"de-pisis-filippo-biografia-quadri-in-vendita-valutazione-stima-perizia-certificata-di-dipinti-di-altamura-francesco-saveriode-pisis-filippo","status":"publish","type":"page","link":"https:\/\/www.sba.it\/ru\/%d1%85%d1%83%d0%b4%d0%be%d0%b6%d0%bd%d0%b8%d0%ba%d0%b8\/de-pisis-filippo-biografia-quadri-in-vendita-valutazione-stima-perizia-certificata-di-dipinti-di-altamura-francesco-saveriode-pisis-filippo\/","title":{"rendered":"De Pisis Filippo (1896-1956). Biografia. Quadri in vendita."},"content":{"rendered":"<p><img decoding=\"async\" class=\" alignleft size-full wp-image-320\" style=\"margin-right: 20px; float: left;\" src=\"http:\/\/www.sba.it\/wp-content\/uploads\/2013\/06\/images_artisti_Filippo-De-Pisis-vendita-quadri.jpg\" alt=\"Filippo-De-Pisis-vendita-quadri\" width=\"300\" height=\"331\" srcset=\"https:\/\/www.sba.it\/wp-content\/uploads\/2013\/06\/images_artisti_Filippo-De-Pisis-vendita-quadri.jpg 300w, https:\/\/www.sba.it\/wp-content\/uploads\/2013\/06\/images_artisti_Filippo-De-Pisis-vendita-quadri-272x300.jpg 272w\" sizes=\"(max-width: 300px) 100vw, 300px\" \/>Filippo De Pisis nacque a Ferrara nel 1896.<\/p>\n<p>Terzo di sette fratelli, Filippo de Pisis (pseudonimo di Luigi Filippo Tibertelli) non frequent\u00f2 le scuole pubbliche ma segu\u00ec privatamente gli insegnamenti di alcuni precettori.<\/p>\n<p>Nel 1904 inizi\u00f2 a disegnare sotto la guida del professore Odoardo Domenichini.<\/p>\n<p>Di nascosto, per\u00f2, per non ferire il professore, prese lezioni di disegno anche da Angelo e Giovanni Longanesi.<\/p>\n<p>Le sue due prime tavolette &#8212;\u00a0 <em>Uccelli<\/em> e <em>Le passere<\/em> &#8212;\u00a0risalgono al 1908.<\/p>\n<p>Chiamato a Venezia per la visita militare, venne riformato ma colse l\u2019occasione per studiare Tiziano, Tintoretto e Tiepolo.<\/p>\n<p>Spirito versatile, fu pittore, scrittore e appassionato di botanica (il suo erbario era composto da 1200 fogli).<\/p>\n<p>Nel 1914 si interess\u00f2 alla poesia futurista e si stabil\u00ec a Bologna per frequentare la Facolt\u00e0 di Lettere.<\/p>\n<p>Tenne corrispondenza con Pascoli e il giovane Gabriele D\u2019Annunzio.<\/p>\n<p>Dopo aver scritto prose, liriche e poesie riunite ne<em> I Canti della Croara<\/em> e in <em>Emporio<\/em>, nel 1920, trasferitosi a Roma,si dedic\u00f2 alla stesura del saggio <em>La citt\u00e0 delle 100 meraviglie<\/em> dove \u00e8 evidente l\u2019influenza dei fratelli <a href=\"http:\/\/www.sba.it\/giorgio-de-chirico-biografia-dipinti-in-vendita-del-900\/\"><strong>de Chirico<\/strong><\/a>.<\/p>\n<p>Nel 1925, in cerca di nuovi stimoli per\u00a0l&#8217;arte, si\u00a0rec\u00f2 a Parigi per rimanervi quattordici anni.<\/p>\n<p>Qui conobbe Braque, Picasso, Matisse, Cocteau, Max Jacob e Joyce.<\/p>\n<p>Nell\u2019aprile dello stesso anno espose alla Galleria Carmine e, nel 1926, alla Galleria Au Sacre du Printemps, in una mostra organizzata dal mercante Siews.<\/p>\n<p>Sempre in quell\u2019anno fu invitato\u00a0 per la prima volta alla <a href=\"https:\/\/www.labiennale.org\/it\">Biennale veneziana<\/a>.<\/p>\n<p>Nel 1928 prese parte\u00a0al Salon de l\u2019Escolier in occasione della mostra<em> Les artistes italiens de Paris;<\/em> usc\u00ec inoltre la prima monografia a lui dedicata scritta da Waldemar George.<\/p>\n<p>Negli anni seguenti si susseguirono senza sosta le partecipazioni dell\u2019artista ferrarese alle pi\u00f9 importanti rassegne espositive milanesi, romane e parigine.<\/p>\n<p>Nel \u201833 si rec\u00f2 a Londra dove fiss\u00f2 alcuni scorci urbani.<\/p>\n<p>Sei anni dopo , in seguito allo scoppio della Seconda Guerra Mondiale, dovette lasciare Parigi e far ritorno in Italia: qui trascorse brevi soggiorni a Venezia, Rimini, Bologna, Vicenza per poi sostare a Milano presso l\u2019albergo &#171;Vittoria&#187; in via Durini.<\/p>\n<p>Quattro anni pi\u00f9 tardi, a seguito dei bombardamenti nel capoluogo lombardo, si trasfer\u00ec a Venezia dove, l\u2019anno successivo, acquist\u00f2 una casa.<\/p>\n<p>Girando per le calli in tenuta da \u201cpittore\u201d, con il cavalletto e il pappagallo Coc\u00f2 sulla spalla, esegu\u00ec splendide vedute della citt\u00e0 lagunare.<\/p>\n<p>Nel \u201947 espose a New York, l\u2019anno seguente alla Biennale (dove fu presente dagli anni Trenta al \u201956, con una vasta retrospettiva).<\/p>\n<p>Si manifestarono intanto i primi sintomi della malattia nervosa che lo avrebbe portato a lunghe degenze in clinica.<\/p>\n<p>Dal \u201949, tranne brevi soggiorni, fu a Brugherio a Villa Fiorita, dove rest\u00f2 fino alla morte.<\/p>\n<p>Nella serra della casa di cura dipinse le sue ultime nature morte.<\/p>\n<p>Nel \u201951 il Castello Estense di Ferrara ospit\u00f2 la sua prima antologica.<\/p>\n<p>Nel 2006 la citt\u00e0 natale gli ha dedicato una mostra commemorativa a 50 anni dalla scomparsa.<\/p>\n<p>Filippo De Pisis mor\u00ec a Ferrara nel 1956.<\/p>\n<p>&nbsp;<\/p>\n<p>&nbsp;<\/p>\n<hr style=\"width: 1000px;\" \/>\n<h3 style=\"font-size: 12pt;\"><a href=\"https:\/\/www.sba.it\/ru\/%d1%81%d0%be%d0%b2%d0%b5%d1%80%d1%88%d0%b5%d0%bd%d1%81%d1%82%d0%b2%d0%b0\/\">CATALOGO OPERE<\/a>\u00a0| <a href=\"https:\/\/www.sba.it\/ru\/%d0%bf%d1%80%d0%be%d0%b4%d0%b0%d1%82%d1%8c\/\">VUOI VENDERE O COMPRARE UN QUADRO DI QUESTO ARTISTA?<\/a><\/h3>\n<p>&nbsp;<\/p>\n<p>&nbsp;<\/p>\n<p>&nbsp;<\/p>\n<p>&nbsp;<\/p>\n<p>&nbsp;<\/p>\n","protected":false},"excerpt":{"rendered":"<p>Filippo De Pisis nacque a Ferrara nel 1896. Terzo di sette fratelli, Filippo de Pisis (pseudonimo di Luigi Filippo Tibertelli) [&hellip;]<\/p>\n","protected":false},"author":1,"featured_media":323,"parent":73491,"menu_order":162,"comment_status":"closed","ping_status":"closed","template":"","meta":{"_monsterinsights_skip_tracking":false,"_monsterinsights_sitenote_active":false,"_monsterinsights_sitenote_note":"","_monsterinsights_sitenote_category":0,"footnotes":""},"class_list":["post-73639","page","type-page","status-publish","has-post-thumbnail","hentry","page_category-1277"],"yoast_head":"<!-- This site is optimized with the Yoast SEO plugin v27.5 - https:\/\/yoast.com\/product\/yoast-seo-wordpress\/ -->\n<title>De Pisis Filippo (1896-1956). Biografia. Quadri in vendita.<\/title>\n<meta name=\"description\" content=\"Filippo De Pisis leggi la vita del pittore del 900, Filippo De Pisis quadri in vendita, dipinti italiani del 900 in vendita\" \/>\n<meta name=\"robots\" content=\"index, follow, max-snippet:-1, max-image-preview:large, max-video-preview:-1\" \/>\n<link rel=\"canonical\" href=\"https:\/\/www.sba.it\/ru\/\u0445\u0443\u0434\u043e\u0436\u043d\u0438\u043a\u0438\/de-pisis-filippo-biografia-quadri-in-vendita-valutazione-stima-perizia-certificata-di-dipinti-di-altamura-francesco-saveriode-pisis-filippo\/\" \/>\n<meta property=\"og:locale\" content=\"ru_RU\" \/>\n<meta property=\"og:type\" content=\"article\" \/>\n<meta property=\"og:title\" content=\"De Pisis Filippo (1896-1956). Biografia. Quadri in vendita.\" \/>\n<meta property=\"og:description\" content=\"Filippo De Pisis leggi la vita del pittore del 900, Filippo De Pisis quadri in vendita, dipinti italiani del 900 in vendita\" \/>\n<meta property=\"og:url\" content=\"https:\/\/www.sba.it\/ru\/\u0445\u0443\u0434\u043e\u0436\u043d\u0438\u043a\u0438\/de-pisis-filippo-biografia-quadri-in-vendita-valutazione-stima-perizia-certificata-di-dipinti-di-altamura-francesco-saveriode-pisis-filippo\/\" \/>\n<meta property=\"og:site_name\" content=\"Societ\u00e0 di Belle Arti\" \/>\n<meta property=\"article:publisher\" content=\"https:\/\/www.facebook.com\/pitturaitaliana800e900\/\" \/>\n<meta property=\"article:modified_time\" content=\"2021-10-29T09:54:12+00:00\" \/>\n<meta property=\"og:image\" content=\"https:\/\/www.sba.it\/wp-content\/uploads\/2013\/06\/images_artisti_Filippo-De-Pisis-vendita-quadri.jpg\" \/>\n\t<meta property=\"og:image:width\" content=\"300\" \/>\n\t<meta property=\"og:image:height\" content=\"331\" \/>\n\t<meta property=\"og:image:type\" content=\"image\/jpeg\" \/>\n<meta name=\"twitter:card\" content=\"summary_large_image\" \/>\n<meta name=\"twitter:site\" content=\"@SocietaArti\" \/>\n<meta name=\"twitter:label1\" content=\"\u041f\u0440\u0438\u043c\u0435\u0440\u043d\u043e\u0435 \u0432\u0440\u0435\u043c\u044f \u0434\u043b\u044f \u0447\u0442\u0435\u043d\u0438\u044f\" \/>\n\t<meta name=\"twitter:data1\" content=\"3 \u043c\u0438\u043d\u0443\u0442\u044b\" \/>\n<script type=\"application\/ld+json\" class=\"yoast-schema-graph\">{\"@context\":\"https:\\\/\\\/schema.org\",\"@graph\":[{\"@type\":\"WebPage\",\"@id\":\"https:\\\/\\\/www.sba.it\\\/ru\\\/%d1%85%d1%83%d0%b4%d0%be%d0%b6%d0%bd%d0%b8%d0%ba%d0%b8\\\/de-pisis-filippo-biografia-quadri-in-vendita-valutazione-stima-perizia-certificata-di-dipinti-di-altamura-francesco-saveriode-pisis-filippo\\\/\",\"url\":\"https:\\\/\\\/www.sba.it\\\/ru\\\/%d1%85%d1%83%d0%b4%d0%be%d0%b6%d0%bd%d0%b8%d0%ba%d0%b8\\\/de-pisis-filippo-biografia-quadri-in-vendita-valutazione-stima-perizia-certificata-di-dipinti-di-altamura-francesco-saveriode-pisis-filippo\\\/\",\"name\":\"De Pisis Filippo (1896-1956). Biografia. Quadri in vendita.\",\"isPartOf\":{\"@id\":\"https:\\\/\\\/www.sba.it\\\/#website\"},\"primaryImageOfPage\":{\"@id\":\"https:\\\/\\\/www.sba.it\\\/ru\\\/%d1%85%d1%83%d0%b4%d0%be%d0%b6%d0%bd%d0%b8%d0%ba%d0%b8\\\/de-pisis-filippo-biografia-quadri-in-vendita-valutazione-stima-perizia-certificata-di-dipinti-di-altamura-francesco-saveriode-pisis-filippo\\\/#primaryimage\"},\"image\":{\"@id\":\"https:\\\/\\\/www.sba.it\\\/ru\\\/%d1%85%d1%83%d0%b4%d0%be%d0%b6%d0%bd%d0%b8%d0%ba%d0%b8\\\/de-pisis-filippo-biografia-quadri-in-vendita-valutazione-stima-perizia-certificata-di-dipinti-di-altamura-francesco-saveriode-pisis-filippo\\\/#primaryimage\"},\"thumbnailUrl\":\"https:\\\/\\\/www.sba.it\\\/wp-content\\\/uploads\\\/2013\\\/06\\\/images_artisti_Filippo-De-Pisis-vendita-quadri.jpg\",\"datePublished\":\"2013-06-11T11:26:58+00:00\",\"dateModified\":\"2021-10-29T09:54:12+00:00\",\"description\":\"Filippo De Pisis leggi la vita del pittore del 900, Filippo De Pisis quadri in vendita, dipinti italiani del 900 in vendita\",\"breadcrumb\":{\"@id\":\"https:\\\/\\\/www.sba.it\\\/ru\\\/%d1%85%d1%83%d0%b4%d0%be%d0%b6%d0%bd%d0%b8%d0%ba%d0%b8\\\/de-pisis-filippo-biografia-quadri-in-vendita-valutazione-stima-perizia-certificata-di-dipinti-di-altamura-francesco-saveriode-pisis-filippo\\\/#breadcrumb\"},\"inLanguage\":\"ru-RU\",\"potentialAction\":[{\"@type\":\"ReadAction\",\"target\":[\"https:\\\/\\\/www.sba.it\\\/ru\\\/%d1%85%d1%83%d0%b4%d0%be%d0%b6%d0%bd%d0%b8%d0%ba%d0%b8\\\/de-pisis-filippo-biografia-quadri-in-vendita-valutazione-stima-perizia-certificata-di-dipinti-di-altamura-francesco-saveriode-pisis-filippo\\\/\"]}]},{\"@type\":\"ImageObject\",\"inLanguage\":\"ru-RU\",\"@id\":\"https:\\\/\\\/www.sba.it\\\/ru\\\/%d1%85%d1%83%d0%b4%d0%be%d0%b6%d0%bd%d0%b8%d0%ba%d0%b8\\\/de-pisis-filippo-biografia-quadri-in-vendita-valutazione-stima-perizia-certificata-di-dipinti-di-altamura-francesco-saveriode-pisis-filippo\\\/#primaryimage\",\"url\":\"https:\\\/\\\/www.sba.it\\\/wp-content\\\/uploads\\\/2013\\\/06\\\/images_artisti_Filippo-De-Pisis-vendita-quadri.jpg\",\"contentUrl\":\"https:\\\/\\\/www.sba.it\\\/wp-content\\\/uploads\\\/2013\\\/06\\\/images_artisti_Filippo-De-Pisis-vendita-quadri.jpg\",\"width\":300,\"height\":331,\"caption\":\"Foto di Filippo De Pisis\"},{\"@type\":\"BreadcrumbList\",\"@id\":\"https:\\\/\\\/www.sba.it\\\/ru\\\/%d1%85%d1%83%d0%b4%d0%be%d0%b6%d0%bd%d0%b8%d0%ba%d0%b8\\\/de-pisis-filippo-biografia-quadri-in-vendita-valutazione-stima-perizia-certificata-di-dipinti-di-altamura-francesco-saveriode-pisis-filippo\\\/#breadcrumb\",\"itemListElement\":[{\"@type\":\"ListItem\",\"position\":1,\"name\":\"Home\",\"item\":\"https:\\\/\\\/www.sba.it\\\/ru\\\/\"},{\"@type\":\"ListItem\",\"position\":2,\"name\":\"\u0425\u0423\u0414\u041e\u0416\u041d\u0418\u041a\u0418\",\"item\":\"https:\\\/\\\/www.sba.it\\\/ru\\\/%d1%85%d1%83%d0%b4%d0%be%d0%b6%d0%bd%d0%b8%d0%ba%d0%b8\\\/\"},{\"@type\":\"ListItem\",\"position\":3,\"name\":\"De Pisis Filippo (1896-1956). Biografia. Quadri in vendita.\"}]},{\"@type\":\"WebSite\",\"@id\":\"https:\\\/\\\/www.sba.it\\\/#website\",\"url\":\"https:\\\/\\\/www.sba.it\\\/\",\"name\":\"Societ\u00e0 di Belle Arti\",\"description\":\"Quadri macchiaioli e del 800 e 900 in vendita\",\"publisher\":{\"@id\":\"https:\\\/\\\/www.sba.it\\\/#organization\"},\"potentialAction\":[{\"@type\":\"SearchAction\",\"target\":{\"@type\":\"EntryPoint\",\"urlTemplate\":\"https:\\\/\\\/www.sba.it\\\/?s={search_term_string}\"},\"query-input\":{\"@type\":\"PropertyValueSpecification\",\"valueRequired\":true,\"valueName\":\"search_term_string\"}}],\"inLanguage\":\"ru-RU\"},{\"@type\":\"Organization\",\"@id\":\"https:\\\/\\\/www.sba.it\\\/#organization\",\"name\":\"Societ\u00e0 di Belle Arti\",\"url\":\"https:\\\/\\\/www.sba.it\\\/\",\"logo\":{\"@type\":\"ImageObject\",\"inLanguage\":\"ru-RU\",\"@id\":\"https:\\\/\\\/www.sba.it\\\/#\\\/schema\\\/logo\\\/image\\\/\",\"url\":\"https:\\\/\\\/www.sba.it\\\/wp-content\\\/uploads\\\/2019\\\/04\\\/Logo-rosso_nero.png\",\"contentUrl\":\"https:\\\/\\\/www.sba.it\\\/wp-content\\\/uploads\\\/2019\\\/04\\\/Logo-rosso_nero.png\",\"width\":2532,\"height\":1137,\"caption\":\"Societ\u00e0 di Belle Arti\"},\"image\":{\"@id\":\"https:\\\/\\\/www.sba.it\\\/#\\\/schema\\\/logo\\\/image\\\/\"},\"sameAs\":[\"https:\\\/\\\/www.facebook.com\\\/pitturaitaliana800e900\\\/\",\"https:\\\/\\\/x.com\\\/SocietaArti\",\"https:\\\/\\\/www.instagram.com\\\/societadibellearti\",\"https:\\\/\\\/www.linkedin.com\\\/in\\\/societ\u00e0-di-belle-arti-363aa8191\\\/\",\"https:\\\/\\\/www.youtube.com\\\/channel\\\/UC6fJlk-ajwhsnEIICATyXaQ\"]}]}<\/script>\n<!-- \/ Yoast SEO plugin. -->","yoast_head_json":{"title":"De Pisis Filippo (1896-1956). Biografia. Quadri in vendita.","description":"Filippo De Pisis leggi la vita del pittore del 900, Filippo De Pisis quadri in vendita, dipinti italiani del 900 in vendita","robots":{"index":"index","follow":"follow","max-snippet":"max-snippet:-1","max-image-preview":"max-image-preview:large","max-video-preview":"max-video-preview:-1"},"canonical":"https:\/\/www.sba.it\/ru\/\u0445\u0443\u0434\u043e\u0436\u043d\u0438\u043a\u0438\/de-pisis-filippo-biografia-quadri-in-vendita-valutazione-stima-perizia-certificata-di-dipinti-di-altamura-francesco-saveriode-pisis-filippo\/","og_locale":"ru_RU","og_type":"article","og_title":"De Pisis Filippo (1896-1956). Biografia. Quadri in vendita.","og_description":"Filippo De Pisis leggi la vita del pittore del 900, Filippo De Pisis quadri in vendita, dipinti italiani del 900 in vendita","og_url":"https:\/\/www.sba.it\/ru\/\u0445\u0443\u0434\u043e\u0436\u043d\u0438\u043a\u0438\/de-pisis-filippo-biografia-quadri-in-vendita-valutazione-stima-perizia-certificata-di-dipinti-di-altamura-francesco-saveriode-pisis-filippo\/","og_site_name":"Societ\u00e0 di Belle Arti","article_publisher":"https:\/\/www.facebook.com\/pitturaitaliana800e900\/","article_modified_time":"2021-10-29T09:54:12+00:00","og_image":[{"width":300,"height":331,"url":"https:\/\/www.sba.it\/wp-content\/uploads\/2013\/06\/images_artisti_Filippo-De-Pisis-vendita-quadri.jpg","type":"image\/jpeg"}],"twitter_card":"summary_large_image","twitter_site":"@SocietaArti","twitter_misc":{"\u041f\u0440\u0438\u043c\u0435\u0440\u043d\u043e\u0435 \u0432\u0440\u0435\u043c\u044f \u0434\u043b\u044f \u0447\u0442\u0435\u043d\u0438\u044f":"3 \u043c\u0438\u043d\u0443\u0442\u044b"},"schema":{"@context":"https:\/\/schema.org","@graph":[{"@type":"WebPage","@id":"https:\/\/www.sba.it\/ru\/%d1%85%d1%83%d0%b4%d0%be%d0%b6%d0%bd%d0%b8%d0%ba%d0%b8\/de-pisis-filippo-biografia-quadri-in-vendita-valutazione-stima-perizia-certificata-di-dipinti-di-altamura-francesco-saveriode-pisis-filippo\/","url":"https:\/\/www.sba.it\/ru\/%d1%85%d1%83%d0%b4%d0%be%d0%b6%d0%bd%d0%b8%d0%ba%d0%b8\/de-pisis-filippo-biografia-quadri-in-vendita-valutazione-stima-perizia-certificata-di-dipinti-di-altamura-francesco-saveriode-pisis-filippo\/","name":"De Pisis Filippo (1896-1956). Biografia. Quadri in vendita.","isPartOf":{"@id":"https:\/\/www.sba.it\/#website"},"primaryImageOfPage":{"@id":"https:\/\/www.sba.it\/ru\/%d1%85%d1%83%d0%b4%d0%be%d0%b6%d0%bd%d0%b8%d0%ba%d0%b8\/de-pisis-filippo-biografia-quadri-in-vendita-valutazione-stima-perizia-certificata-di-dipinti-di-altamura-francesco-saveriode-pisis-filippo\/#primaryimage"},"image":{"@id":"https:\/\/www.sba.it\/ru\/%d1%85%d1%83%d0%b4%d0%be%d0%b6%d0%bd%d0%b8%d0%ba%d0%b8\/de-pisis-filippo-biografia-quadri-in-vendita-valutazione-stima-perizia-certificata-di-dipinti-di-altamura-francesco-saveriode-pisis-filippo\/#primaryimage"},"thumbnailUrl":"https:\/\/www.sba.it\/wp-content\/uploads\/2013\/06\/images_artisti_Filippo-De-Pisis-vendita-quadri.jpg","datePublished":"2013-06-11T11:26:58+00:00","dateModified":"2021-10-29T09:54:12+00:00","description":"Filippo De Pisis leggi la vita del pittore del 900, Filippo De Pisis quadri in vendita, dipinti italiani del 900 in vendita","breadcrumb":{"@id":"https:\/\/www.sba.it\/ru\/%d1%85%d1%83%d0%b4%d0%be%d0%b6%d0%bd%d0%b8%d0%ba%d0%b8\/de-pisis-filippo-biografia-quadri-in-vendita-valutazione-stima-perizia-certificata-di-dipinti-di-altamura-francesco-saveriode-pisis-filippo\/#breadcrumb"},"inLanguage":"ru-RU","potentialAction":[{"@type":"ReadAction","target":["https:\/\/www.sba.it\/ru\/%d1%85%d1%83%d0%b4%d0%be%d0%b6%d0%bd%d0%b8%d0%ba%d0%b8\/de-pisis-filippo-biografia-quadri-in-vendita-valutazione-stima-perizia-certificata-di-dipinti-di-altamura-francesco-saveriode-pisis-filippo\/"]}]},{"@type":"ImageObject","inLanguage":"ru-RU","@id":"https:\/\/www.sba.it\/ru\/%d1%85%d1%83%d0%b4%d0%be%d0%b6%d0%bd%d0%b8%d0%ba%d0%b8\/de-pisis-filippo-biografia-quadri-in-vendita-valutazione-stima-perizia-certificata-di-dipinti-di-altamura-francesco-saveriode-pisis-filippo\/#primaryimage","url":"https:\/\/www.sba.it\/wp-content\/uploads\/2013\/06\/images_artisti_Filippo-De-Pisis-vendita-quadri.jpg","contentUrl":"https:\/\/www.sba.it\/wp-content\/uploads\/2013\/06\/images_artisti_Filippo-De-Pisis-vendita-quadri.jpg","width":300,"height":331,"caption":"Foto di Filippo De Pisis"},{"@type":"BreadcrumbList","@id":"https:\/\/www.sba.it\/ru\/%d1%85%d1%83%d0%b4%d0%be%d0%b6%d0%bd%d0%b8%d0%ba%d0%b8\/de-pisis-filippo-biografia-quadri-in-vendita-valutazione-stima-perizia-certificata-di-dipinti-di-altamura-francesco-saveriode-pisis-filippo\/#breadcrumb","itemListElement":[{"@type":"ListItem","position":1,"name":"Home","item":"https:\/\/www.sba.it\/ru\/"},{"@type":"ListItem","position":2,"name":"\u0425\u0423\u0414\u041e\u0416\u041d\u0418\u041a\u0418","item":"https:\/\/www.sba.it\/ru\/%d1%85%d1%83%d0%b4%d0%be%d0%b6%d0%bd%d0%b8%d0%ba%d0%b8\/"},{"@type":"ListItem","position":3,"name":"De Pisis Filippo (1896-1956). Biografia. Quadri in vendita."}]},{"@type":"WebSite","@id":"https:\/\/www.sba.it\/#website","url":"https:\/\/www.sba.it\/","name":"Societ\u00e0 di Belle Arti","description":"Quadri macchiaioli e del 800 e 900 in vendita","publisher":{"@id":"https:\/\/www.sba.it\/#organization"},"potentialAction":[{"@type":"SearchAction","target":{"@type":"EntryPoint","urlTemplate":"https:\/\/www.sba.it\/?s={search_term_string}"},"query-input":{"@type":"PropertyValueSpecification","valueRequired":true,"valueName":"search_term_string"}}],"inLanguage":"ru-RU"},{"@type":"Organization","@id":"https:\/\/www.sba.it\/#organization","name":"Societ\u00e0 di Belle Arti","url":"https:\/\/www.sba.it\/","logo":{"@type":"ImageObject","inLanguage":"ru-RU","@id":"https:\/\/www.sba.it\/#\/schema\/logo\/image\/","url":"https:\/\/www.sba.it\/wp-content\/uploads\/2019\/04\/Logo-rosso_nero.png","contentUrl":"https:\/\/www.sba.it\/wp-content\/uploads\/2019\/04\/Logo-rosso_nero.png","width":2532,"height":1137,"caption":"Societ\u00e0 di Belle Arti"},"image":{"@id":"https:\/\/www.sba.it\/#\/schema\/logo\/image\/"},"sameAs":["https:\/\/www.facebook.com\/pitturaitaliana800e900\/","https:\/\/x.com\/SocietaArti","https:\/\/www.instagram.com\/societadibellearti","https:\/\/www.linkedin.com\/in\/societ\u00e0-di-belle-arti-363aa8191\/","https:\/\/www.youtube.com\/channel\/UC6fJlk-ajwhsnEIICATyXaQ"]}]}},"_links":{"self":[{"href":"https:\/\/www.sba.it\/ru\/wp-json\/wp\/v2\/pages\/73639","targetHints":{"allow":["GET"]}}],"collection":[{"href":"https:\/\/www.sba.it\/ru\/wp-json\/wp\/v2\/pages"}],"about":[{"href":"https:\/\/www.sba.it\/ru\/wp-json\/wp\/v2\/types\/page"}],"author":[{"embeddable":true,"href":"https:\/\/www.sba.it\/ru\/wp-json\/wp\/v2\/users\/1"}],"replies":[{"embeddable":true,"href":"https:\/\/www.sba.it\/ru\/wp-json\/wp\/v2\/comments?post=73639"}],"version-history":[{"count":6,"href":"https:\/\/www.sba.it\/ru\/wp-json\/wp\/v2\/pages\/73639\/revisions"}],"predecessor-version":[{"id":89408,"href":"https:\/\/www.sba.it\/ru\/wp-json\/wp\/v2\/pages\/73639\/revisions\/89408"}],"up":[{"embeddable":true,"href":"https:\/\/www.sba.it\/ru\/wp-json\/wp\/v2\/pages\/73491"}],"wp:featuredmedia":[{"embeddable":true,"href":"https:\/\/www.sba.it\/ru\/wp-json\/wp\/v2\/media\/323"}],"wp:attachment":[{"href":"https:\/\/www.sba.it\/ru\/wp-json\/wp\/v2\/media?parent=73639"}],"curies":[{"name":"wp","href":"https:\/\/api.w.org\/{rel}","templated":true}]}}