{"id":73566,"date":"2013-06-17T09:02:42","date_gmt":"2013-06-17T07:02:42","guid":{"rendered":"http:\/\/www.sba.it\/ghiglia-oscar-biografia-quadri-in-vendita-valutazione-stima-perizia-certificata-di-dipinti-di-ghiglia-oscar\/"},"modified":"2021-10-28T11:09:10","modified_gmt":"2021-10-28T09:09:10","slug":"ghiglia-oscar-biografia-quadri-in-vendita-valutazione-stima-perizia-certificata-di-dipinti-di-ghiglia-oscar","status":"publish","type":"page","link":"https:\/\/www.sba.it\/ru\/ghiglia-oscar-biografia-quadri-in-vendita-valutazione-stima-perizia-certificata-di-dipinti-di-ghiglia-oscar\/","title":{"rendered":"Ghiglia Oscar (1876-1945). Biografia. Quadri in vendita."},"content":{"rendered":"<p>&nbsp;<\/p>\n<p>Iniziata la carriera artistica come autodidatta, negli anni Novanta Oscar Ghiglia\u00a0 frequent\u00f2 i pittori livornesi <strong><a href=\"http:\/\/www.sba.it\/manaresi-ugo-biografia-quadri-in-vendita-valutazione-stima-perizia-certificata-di-dipinti-di-manaresi-ugo\/\">Manaresi<\/a><\/strong>\u00a0e Micheli, nel cui \u00a0studio\u00a0conobbe\u00a0<strong><a href=\"http:\/\/www.sba.it\/amedeo-modigliani-biografia\/\">Modigliani<\/a><\/strong>,\u00a0<a href=\"http:\/\/www.sba.it\/de-witt-antonio-biografia-quadri-in-vendita-stima-perizia-certificata-dipinti-antonio-de-witt\/\">De Witt<\/a>\u00a0e\u00a0<strong><a href=\"http:\/\/www.sba.it\/lloyd-llewelyn-biografia-quadri-in-vendita-valutazione-stima-perizia-certificata-di-dipinti-di-lloyd-llewelyn\/\">Lloyd<\/a><\/strong>.<\/p>\n<p>Nel 1900 si trasfer\u00ec a Firenze per studiare le opere conservate nei musei e\u00a0 per frequentare l\u2019atelier di Fattori.<\/p>\n<p>Qui, su consiglio di quest\u2019ultimo, segu\u00ec la Scuola libera di nudo entrando in contatto con \u00a0Vinzio, <strong><a href=\"http:\/\/www.sba.it\/ardengo-soffici-biografia-quadri-in-vendita-ardengo-soffici\/\">Soffici<\/a><\/strong>\u00a0e Melis.<\/p>\n<p>Esord\u00ec con successo nel 1901 alla Biennale veneziana con un <em>Autoritratto<\/em>.<\/p>\n<p>Il 1902 fu l&#8217;anno in cui\u00a0 espose alla mostra della Societ\u00e0 Promotrice di Belle Arti di Firenze.<\/p>\n<p>Nello stesso periodo spos\u00f2 Elisa Morandini.<\/p>\n<p>Il <em>Ritratto <\/em>della moglie fu presentato nel 1903 nella \u201csala toscana\u201d alla <a href=\"https:\/\/www.labiennale.org\/it\">Biennale di Venezia<\/a>.<\/p>\n<p>Fondamentale per il pittore livornese fu, intorno al 1908-\u201909, l\u2019incontro con Gustavo Sforni, anch\u2019egli pittore e amico di\u00a0<strong><a href=\"http:\/\/www.sba.it\/fattori-giovanni-biografia-quadri-macchiaioli-in-vendita-valutazione-stima-perizia-certificata-di-dipinti-di-giovanni-fattori\/\">Fattori<\/a><\/strong>, nonch\u00e9 uno dei primi italiani a collezionare opere di Degas, Van Gogh e C\u00e9zanne.<\/p>\n<p>Fu\u00a0 infatti Sforni che, nel 1911, propose a Ghiglia un contratto per tutta la vita di lire 500 al mese, in cambio di un diritto di prelazione sulle opere.<\/p>\n<p>Nel 1910 Soffici organizz\u00f2 al Lyceum fiorentino una mostra sugli Impressionisti, in cui Ghiglia trov\u00f2 conferma alla sua volont\u00e0 di integrare la pittura della \u201cmacchia\u201d con l\u2019arte francese.<\/p>\n<p>Sono di questi anni\u00a0 infatti le celebri opere che testimoniano tale sintesi (<em>Anfore e zucca<\/em>, 1912-\u201813; <em>La sedia rossa<\/em> e <em>Calle e arance<\/em>,1913; l\u2019<em>Autoritratto con Sforni<\/em>, 1913-\u201914 ca.).<\/p>\n<p>Dal 1914\u00a0 Oscar Ghiglia trascorse lunghi periodi a Castiglioncello, dedicandosi alla realizzazione di nature morte, tema a lui molto caro.<\/p>\n<p>Il critico Ugo Ojetti fu per l&#8217;intera \u00a0carriera suo fervente sostenitore. Fu certamente per questo motivo che, nel 1908,\u00a0 l\u2019artista toscano esegu\u00ec una delle sue opere pi\u00f9 rappresentative, <em>La signora Ojetti nel roseto<\/em>.<\/p>\n<p>Oltre a questa, nel 1909-\u201910 realizz\u00f2\u00a0 <em>La toilette della signora Ojetti<\/em> e il\u00a0<em>Ritratto di Ugo Ojetti nello studio<\/em>.<\/p>\n<p>Verso il 1929 prese\u00a0 parte a una mostra della Galleria Pesaro di Milano insieme ai due figli Valentino e Paulo, anch\u2019essi pittori.<\/p>\n<p>Nel 1935 si colloca\u00a0 \u00a0la sua ultima partecipazione di rilievo, quella alla seconda Quadriennale di Roma, con \u00a0un numero notevole di opere.<\/p>\n<h3 style=\"font-size: 12pt;\">CATALOGO OPERE:<\/h3>\n<p><strong><a href=\"http:\/\/www.sba.it\/oscar-ghiglia-vendita-e-acquisto-quadri-dipinti\/\">Natura morta con uva<\/a><\/strong><\/p>\n<p><strong>\u00a0<a href=\"http:\/\/www.sba.it\/oscar-ghiglia-vendita-di-quadri-dipinti-900\/\">Donna allo specchio<\/a><\/strong><\/p>\n<p><strong><a href=\"http:\/\/www.sba.it\/oscar-ghiglia-vendita-e-acquisto-di-quadri-dipinti-di-oscar-ghiglia\/\">La signora Ojetti nel roseto<\/a><\/strong><\/p>\n<p><strong><a href=\"http:\/\/www.sba.it\/oscar-ghiglia-vendita-e-acquisto-quadri-dipinti-di-oscar-ghiglia\/\">Limoni<\/a>\u00a0<\/strong><\/p>\n<p><strong>\u00a0<a href=\"http:\/\/www.sba.it\/ghiglia-quadri-in-vendita-900-opere-in-catalogo\/\">Fanciullo con basco<\/a><\/strong><\/p>\n<p><a href=\"http:\/\/www.sba.it\/osca-ghiglia-opere-in-catalogo-vendita-dipinti\/\"><strong>Autoritratto<\/strong><\/a><\/p>\n<p><a href=\"http:\/\/www.sba.it\/ghiglia-quadri-in-vendita-900\/\"><strong>Composizione con arancia e foglia rossa<\/strong><\/a><\/p>\n<p><a href=\"http:\/\/www.sba.it\/ghiglia-quadri-in-vendita\/\"><strong>Natura morta con chitarra e limoni<\/strong><\/a><\/p>\n<h3 style=\"font-size: 12pt;\"><a href=\"https:\/\/www.sba.it\/ru\/%d0%bf%d1%80%d0%be%d0%b4%d0%b0%d1%82%d1%8c\/\">V<strong>UOI VENDERE O COMPRARE UN QUADRO DI QUESTO ARTISTA?<\/strong><\/a><\/h3>\n<p>&nbsp;<\/p>\n<p>&nbsp;<\/p>\n<p>&nbsp;<\/p>\n<p>&nbsp;<\/p>\n<p>&nbsp;<\/p>\n<p>&nbsp;<\/p>\n<p>&nbsp;<\/p>\n<p>&nbsp;<\/p>\n<p>&nbsp;<\/p>\n<p>&nbsp;<\/p>\n<p>&nbsp;<\/p>\n<p>&nbsp;<\/p>\n<p>&nbsp;<\/p>\n<p>&nbsp;<\/p>\n<p>&nbsp;<\/p>\n<p>&nbsp;<\/p>\n<p>&nbsp;<\/p>\n<p>&nbsp;<\/p>\n","protected":false},"excerpt":{"rendered":"<p>&nbsp; Iniziata la carriera artistica come autodidatta, negli anni Novanta Oscar Ghiglia\u00a0 frequent\u00f2 i pittori livornesi Manaresi\u00a0e Micheli, nel cui [&hellip;]<\/p>\n","protected":false},"author":1,"featured_media":353,"parent":0,"menu_order":156,"comment_status":"closed","ping_status":"closed","template":"","meta":{"_monsterinsights_skip_tracking":false,"_monsterinsights_sitenote_active":false,"_monsterinsights_sitenote_note":"","_monsterinsights_sitenote_category":0,"footnotes":""},"class_list":["post-73566","page","type-page","status-publish","has-post-thumbnail","hentry","page_category-1277"],"yoast_head":"<!-- This site is optimized with the Yoast SEO plugin v27.3 - https:\/\/yoast.com\/product\/yoast-seo-wordpress\/ -->\n<title>Ghiglia Oscar (1876-1945). Biografia. Quadri in vendita.<\/title>\n<meta name=\"description\" content=\"Ghiglia Oscar biografia, Oscar Ghiglia quadri in vendita, dove comprare dipinti Oscar Ghiglia, 900 italiano dipinti in vendita\" \/>\n<meta name=\"robots\" content=\"index, follow, max-snippet:-1, max-image-preview:large, max-video-preview:-1\" \/>\n<link rel=\"canonical\" href=\"https:\/\/www.sba.it\/ru\/ghiglia-oscar-biografia-quadri-in-vendita-valutazione-stima-perizia-certificata-di-dipinti-di-ghiglia-oscar\/\" \/>\n<meta property=\"og:locale\" content=\"ru_RU\" \/>\n<meta property=\"og:type\" content=\"article\" \/>\n<meta property=\"og:title\" content=\"Ghiglia Oscar (1876-1945). Biografia. Quadri in vendita.\" \/>\n<meta property=\"og:description\" content=\"Ghiglia Oscar biografia, Oscar Ghiglia quadri in vendita, dove comprare dipinti Oscar Ghiglia, 900 italiano dipinti in vendita\" \/>\n<meta property=\"og:url\" content=\"https:\/\/www.sba.it\/ru\/ghiglia-oscar-biografia-quadri-in-vendita-valutazione-stima-perizia-certificata-di-dipinti-di-ghiglia-oscar\/\" \/>\n<meta property=\"og:site_name\" content=\"Societ\u00e0 di Belle Arti\" \/>\n<meta property=\"article:publisher\" content=\"https:\/\/www.facebook.com\/pitturaitaliana800e900\/\" \/>\n<meta property=\"article:modified_time\" content=\"2021-10-28T09:09:10+00:00\" \/>\n<meta property=\"og:image\" content=\"https:\/\/www.sba.it\/wp-content\/uploads\/2013\/06\/images_artisti_Oscar-Ghiglia-vendita-dipinti.jpg\" \/>\n\t<meta property=\"og:image:width\" content=\"300\" \/>\n\t<meta property=\"og:image:height\" content=\"399\" \/>\n\t<meta property=\"og:image:type\" content=\"image\/jpeg\" \/>\n<meta name=\"twitter:card\" content=\"summary_large_image\" \/>\n<meta name=\"twitter:site\" content=\"@SocietaArti\" \/>\n<meta name=\"twitter:label1\" content=\"\u041f\u0440\u0438\u043c\u0435\u0440\u043d\u043e\u0435 \u0432\u0440\u0435\u043c\u044f \u0434\u043b\u044f \u0447\u0442\u0435\u043d\u0438\u044f\" \/>\n\t<meta name=\"twitter:data1\" content=\"2 \u043c\u0438\u043d\u0443\u0442\u044b\" \/>\n<script type=\"application\/ld+json\" class=\"yoast-schema-graph\">{\"@context\":\"https:\\\/\\\/schema.org\",\"@graph\":[{\"@type\":\"WebPage\",\"@id\":\"https:\\\/\\\/www.sba.it\\\/ru\\\/ghiglia-oscar-biografia-quadri-in-vendita-valutazione-stima-perizia-certificata-di-dipinti-di-ghiglia-oscar\\\/\",\"url\":\"https:\\\/\\\/www.sba.it\\\/ru\\\/ghiglia-oscar-biografia-quadri-in-vendita-valutazione-stima-perizia-certificata-di-dipinti-di-ghiglia-oscar\\\/\",\"name\":\"Ghiglia Oscar (1876-1945). Biografia. Quadri in vendita.\",\"isPartOf\":{\"@id\":\"https:\\\/\\\/www.sba.it\\\/#website\"},\"primaryImageOfPage\":{\"@id\":\"https:\\\/\\\/www.sba.it\\\/ru\\\/ghiglia-oscar-biografia-quadri-in-vendita-valutazione-stima-perizia-certificata-di-dipinti-di-ghiglia-oscar\\\/#primaryimage\"},\"image\":{\"@id\":\"https:\\\/\\\/www.sba.it\\\/ru\\\/ghiglia-oscar-biografia-quadri-in-vendita-valutazione-stima-perizia-certificata-di-dipinti-di-ghiglia-oscar\\\/#primaryimage\"},\"thumbnailUrl\":\"https:\\\/\\\/www.sba.it\\\/wp-content\\\/uploads\\\/2013\\\/06\\\/images_artisti_Oscar-Ghiglia-vendita-dipinti.jpg\",\"datePublished\":\"2013-06-17T07:02:42+00:00\",\"dateModified\":\"2021-10-28T09:09:10+00:00\",\"description\":\"Ghiglia Oscar biografia, Oscar Ghiglia quadri in vendita, dove comprare dipinti Oscar Ghiglia, 900 italiano dipinti in vendita\",\"breadcrumb\":{\"@id\":\"https:\\\/\\\/www.sba.it\\\/ru\\\/ghiglia-oscar-biografia-quadri-in-vendita-valutazione-stima-perizia-certificata-di-dipinti-di-ghiglia-oscar\\\/#breadcrumb\"},\"inLanguage\":\"ru-RU\",\"potentialAction\":[{\"@type\":\"ReadAction\",\"target\":[\"https:\\\/\\\/www.sba.it\\\/ru\\\/ghiglia-oscar-biografia-quadri-in-vendita-valutazione-stima-perizia-certificata-di-dipinti-di-ghiglia-oscar\\\/\"]}]},{\"@type\":\"ImageObject\",\"inLanguage\":\"ru-RU\",\"@id\":\"https:\\\/\\\/www.sba.it\\\/ru\\\/ghiglia-oscar-biografia-quadri-in-vendita-valutazione-stima-perizia-certificata-di-dipinti-di-ghiglia-oscar\\\/#primaryimage\",\"url\":\"https:\\\/\\\/www.sba.it\\\/wp-content\\\/uploads\\\/2013\\\/06\\\/images_artisti_Oscar-Ghiglia-vendita-dipinti.jpg\",\"contentUrl\":\"https:\\\/\\\/www.sba.it\\\/wp-content\\\/uploads\\\/2013\\\/06\\\/images_artisti_Oscar-Ghiglia-vendita-dipinti.jpg\",\"width\":300,\"height\":399},{\"@type\":\"BreadcrumbList\",\"@id\":\"https:\\\/\\\/www.sba.it\\\/ru\\\/ghiglia-oscar-biografia-quadri-in-vendita-valutazione-stima-perizia-certificata-di-dipinti-di-ghiglia-oscar\\\/#breadcrumb\",\"itemListElement\":[{\"@type\":\"ListItem\",\"position\":1,\"name\":\"Home\",\"item\":\"https:\\\/\\\/www.sba.it\\\/ru\\\/\"},{\"@type\":\"ListItem\",\"position\":2,\"name\":\"Ghiglia Oscar (1876-1945). Biografia. Quadri in vendita.\"}]},{\"@type\":\"WebSite\",\"@id\":\"https:\\\/\\\/www.sba.it\\\/#website\",\"url\":\"https:\\\/\\\/www.sba.it\\\/\",\"name\":\"Societ\u00e0 di Belle Arti\",\"description\":\"Quadri macchiaioli e del 800 e 900 in vendita\",\"publisher\":{\"@id\":\"https:\\\/\\\/www.sba.it\\\/#organization\"},\"potentialAction\":[{\"@type\":\"SearchAction\",\"target\":{\"@type\":\"EntryPoint\",\"urlTemplate\":\"https:\\\/\\\/www.sba.it\\\/?s={search_term_string}\"},\"query-input\":{\"@type\":\"PropertyValueSpecification\",\"valueRequired\":true,\"valueName\":\"search_term_string\"}}],\"inLanguage\":\"ru-RU\"},{\"@type\":\"Organization\",\"@id\":\"https:\\\/\\\/www.sba.it\\\/#organization\",\"name\":\"Societ\u00e0 di Belle Arti\",\"url\":\"https:\\\/\\\/www.sba.it\\\/\",\"logo\":{\"@type\":\"ImageObject\",\"inLanguage\":\"ru-RU\",\"@id\":\"https:\\\/\\\/www.sba.it\\\/#\\\/schema\\\/logo\\\/image\\\/\",\"url\":\"https:\\\/\\\/www.sba.it\\\/wp-content\\\/uploads\\\/2019\\\/04\\\/Logo-rosso_nero.png\",\"contentUrl\":\"https:\\\/\\\/www.sba.it\\\/wp-content\\\/uploads\\\/2019\\\/04\\\/Logo-rosso_nero.png\",\"width\":2532,\"height\":1137,\"caption\":\"Societ\u00e0 di Belle Arti\"},\"image\":{\"@id\":\"https:\\\/\\\/www.sba.it\\\/#\\\/schema\\\/logo\\\/image\\\/\"},\"sameAs\":[\"https:\\\/\\\/www.facebook.com\\\/pitturaitaliana800e900\\\/\",\"https:\\\/\\\/x.com\\\/SocietaArti\",\"https:\\\/\\\/www.instagram.com\\\/societadibellearti\",\"https:\\\/\\\/www.linkedin.com\\\/in\\\/societ\u00e0-di-belle-arti-363aa8191\\\/\",\"https:\\\/\\\/www.youtube.com\\\/channel\\\/UC6fJlk-ajwhsnEIICATyXaQ\"]}]}<\/script>\n<!-- \/ Yoast SEO plugin. -->","yoast_head_json":{"title":"Ghiglia Oscar (1876-1945). Biografia. Quadri in vendita.","description":"Ghiglia Oscar biografia, Oscar Ghiglia quadri in vendita, dove comprare dipinti Oscar Ghiglia, 900 italiano dipinti in vendita","robots":{"index":"index","follow":"follow","max-snippet":"max-snippet:-1","max-image-preview":"max-image-preview:large","max-video-preview":"max-video-preview:-1"},"canonical":"https:\/\/www.sba.it\/ru\/ghiglia-oscar-biografia-quadri-in-vendita-valutazione-stima-perizia-certificata-di-dipinti-di-ghiglia-oscar\/","og_locale":"ru_RU","og_type":"article","og_title":"Ghiglia Oscar (1876-1945). Biografia. Quadri in vendita.","og_description":"Ghiglia Oscar biografia, Oscar Ghiglia quadri in vendita, dove comprare dipinti Oscar Ghiglia, 900 italiano dipinti in vendita","og_url":"https:\/\/www.sba.it\/ru\/ghiglia-oscar-biografia-quadri-in-vendita-valutazione-stima-perizia-certificata-di-dipinti-di-ghiglia-oscar\/","og_site_name":"Societ\u00e0 di Belle Arti","article_publisher":"https:\/\/www.facebook.com\/pitturaitaliana800e900\/","article_modified_time":"2021-10-28T09:09:10+00:00","og_image":[{"width":300,"height":399,"url":"https:\/\/www.sba.it\/wp-content\/uploads\/2013\/06\/images_artisti_Oscar-Ghiglia-vendita-dipinti.jpg","type":"image\/jpeg"}],"twitter_card":"summary_large_image","twitter_site":"@SocietaArti","twitter_misc":{"\u041f\u0440\u0438\u043c\u0435\u0440\u043d\u043e\u0435 \u0432\u0440\u0435\u043c\u044f \u0434\u043b\u044f \u0447\u0442\u0435\u043d\u0438\u044f":"2 \u043c\u0438\u043d\u0443\u0442\u044b"},"schema":{"@context":"https:\/\/schema.org","@graph":[{"@type":"WebPage","@id":"https:\/\/www.sba.it\/ru\/ghiglia-oscar-biografia-quadri-in-vendita-valutazione-stima-perizia-certificata-di-dipinti-di-ghiglia-oscar\/","url":"https:\/\/www.sba.it\/ru\/ghiglia-oscar-biografia-quadri-in-vendita-valutazione-stima-perizia-certificata-di-dipinti-di-ghiglia-oscar\/","name":"Ghiglia Oscar (1876-1945). Biografia. Quadri in vendita.","isPartOf":{"@id":"https:\/\/www.sba.it\/#website"},"primaryImageOfPage":{"@id":"https:\/\/www.sba.it\/ru\/ghiglia-oscar-biografia-quadri-in-vendita-valutazione-stima-perizia-certificata-di-dipinti-di-ghiglia-oscar\/#primaryimage"},"image":{"@id":"https:\/\/www.sba.it\/ru\/ghiglia-oscar-biografia-quadri-in-vendita-valutazione-stima-perizia-certificata-di-dipinti-di-ghiglia-oscar\/#primaryimage"},"thumbnailUrl":"https:\/\/www.sba.it\/wp-content\/uploads\/2013\/06\/images_artisti_Oscar-Ghiglia-vendita-dipinti.jpg","datePublished":"2013-06-17T07:02:42+00:00","dateModified":"2021-10-28T09:09:10+00:00","description":"Ghiglia Oscar biografia, Oscar Ghiglia quadri in vendita, dove comprare dipinti Oscar Ghiglia, 900 italiano dipinti in vendita","breadcrumb":{"@id":"https:\/\/www.sba.it\/ru\/ghiglia-oscar-biografia-quadri-in-vendita-valutazione-stima-perizia-certificata-di-dipinti-di-ghiglia-oscar\/#breadcrumb"},"inLanguage":"ru-RU","potentialAction":[{"@type":"ReadAction","target":["https:\/\/www.sba.it\/ru\/ghiglia-oscar-biografia-quadri-in-vendita-valutazione-stima-perizia-certificata-di-dipinti-di-ghiglia-oscar\/"]}]},{"@type":"ImageObject","inLanguage":"ru-RU","@id":"https:\/\/www.sba.it\/ru\/ghiglia-oscar-biografia-quadri-in-vendita-valutazione-stima-perizia-certificata-di-dipinti-di-ghiglia-oscar\/#primaryimage","url":"https:\/\/www.sba.it\/wp-content\/uploads\/2013\/06\/images_artisti_Oscar-Ghiglia-vendita-dipinti.jpg","contentUrl":"https:\/\/www.sba.it\/wp-content\/uploads\/2013\/06\/images_artisti_Oscar-Ghiglia-vendita-dipinti.jpg","width":300,"height":399},{"@type":"BreadcrumbList","@id":"https:\/\/www.sba.it\/ru\/ghiglia-oscar-biografia-quadri-in-vendita-valutazione-stima-perizia-certificata-di-dipinti-di-ghiglia-oscar\/#breadcrumb","itemListElement":[{"@type":"ListItem","position":1,"name":"Home","item":"https:\/\/www.sba.it\/ru\/"},{"@type":"ListItem","position":2,"name":"Ghiglia Oscar (1876-1945). Biografia. Quadri in vendita."}]},{"@type":"WebSite","@id":"https:\/\/www.sba.it\/#website","url":"https:\/\/www.sba.it\/","name":"Societ\u00e0 di Belle Arti","description":"Quadri macchiaioli e del 800 e 900 in vendita","publisher":{"@id":"https:\/\/www.sba.it\/#organization"},"potentialAction":[{"@type":"SearchAction","target":{"@type":"EntryPoint","urlTemplate":"https:\/\/www.sba.it\/?s={search_term_string}"},"query-input":{"@type":"PropertyValueSpecification","valueRequired":true,"valueName":"search_term_string"}}],"inLanguage":"ru-RU"},{"@type":"Organization","@id":"https:\/\/www.sba.it\/#organization","name":"Societ\u00e0 di Belle Arti","url":"https:\/\/www.sba.it\/","logo":{"@type":"ImageObject","inLanguage":"ru-RU","@id":"https:\/\/www.sba.it\/#\/schema\/logo\/image\/","url":"https:\/\/www.sba.it\/wp-content\/uploads\/2019\/04\/Logo-rosso_nero.png","contentUrl":"https:\/\/www.sba.it\/wp-content\/uploads\/2019\/04\/Logo-rosso_nero.png","width":2532,"height":1137,"caption":"Societ\u00e0 di Belle Arti"},"image":{"@id":"https:\/\/www.sba.it\/#\/schema\/logo\/image\/"},"sameAs":["https:\/\/www.facebook.com\/pitturaitaliana800e900\/","https:\/\/x.com\/SocietaArti","https:\/\/www.instagram.com\/societadibellearti","https:\/\/www.linkedin.com\/in\/societ\u00e0-di-belle-arti-363aa8191\/","https:\/\/www.youtube.com\/channel\/UC6fJlk-ajwhsnEIICATyXaQ"]}]}},"_links":{"self":[{"href":"https:\/\/www.sba.it\/ru\/wp-json\/wp\/v2\/pages\/73566","targetHints":{"allow":["GET"]}}],"collection":[{"href":"https:\/\/www.sba.it\/ru\/wp-json\/wp\/v2\/pages"}],"about":[{"href":"https:\/\/www.sba.it\/ru\/wp-json\/wp\/v2\/types\/page"}],"author":[{"embeddable":true,"href":"https:\/\/www.sba.it\/ru\/wp-json\/wp\/v2\/users\/1"}],"replies":[{"embeddable":true,"href":"https:\/\/www.sba.it\/ru\/wp-json\/wp\/v2\/comments?post=73566"}],"version-history":[{"count":40,"href":"https:\/\/www.sba.it\/ru\/wp-json\/wp\/v2\/pages\/73566\/revisions"}],"predecessor-version":[{"id":89235,"href":"https:\/\/www.sba.it\/ru\/wp-json\/wp\/v2\/pages\/73566\/revisions\/89235"}],"wp:featuredmedia":[{"embeddable":true,"href":"https:\/\/www.sba.it\/ru\/wp-json\/wp\/v2\/media\/353"}],"wp:attachment":[{"href":"https:\/\/www.sba.it\/ru\/wp-json\/wp\/v2\/media?parent=73566"}],"curies":[{"name":"wp","href":"https:\/\/api.w.org\/{rel}","templated":true}]}}