{"id":73554,"date":"2013-06-17T09:07:19","date_gmt":"2013-06-17T07:07:19","guid":{"rendered":"http:\/\/www.sba.it\/gigante-giacinto-biografia-quadri-in-vendita-stima-perizia-expertse-dipinti-di-giacinto-gigante\/"},"modified":"2019-05-27T12:17:05","modified_gmt":"2019-05-27T10:17:05","slug":"gigante-giacinto-biografia-quadri-in-vendita-stima-perizia-expertse-dipinti-di-giacinto-gigante","status":"publish","type":"page","link":"https:\/\/www.sba.it\/ru\/%d1%85%d1%83%d0%b4%d0%be%d0%b6%d0%bd%d0%b8%d0%ba%d0%b8\/gigante-giacinto-biografia-quadri-in-vendita-stima-perizia-expertse-dipinti-di-giacinto-gigante\/","title":{"rendered":"Gigante Giacinto (1806-1876). Biografia. Quadri in vendita."},"content":{"rendered":"<p style=\"text-align: justify;\"><span style=\"line-height: 1.3em;\"><img decoding=\"async\" class=\" alignleft size-full wp-image-355\" style=\"margin-right: 20px; float: left;\" src=\"http:\/\/www.sba.it\/wp-content\/uploads\/2013\/06\/images_artisti_Gigante-Giacinto-ritratto.jpg\" alt=\"Gigante-Giacinto-ritratto\" width=\"300\" height=\"412\" srcset=\"https:\/\/www.sba.it\/wp-content\/uploads\/2013\/06\/images_artisti_Gigante-Giacinto-ritratto.jpg 300w, https:\/\/www.sba.it\/wp-content\/uploads\/2013\/06\/images_artisti_Gigante-Giacinto-ritratto-218x300.jpg 218w\" sizes=\"(max-width: 300px) 100vw, 300px\" \/><\/span><br \/>\nGiacinto Gigante nacque a Napoli nel 1806.<\/p>\n<p style=\"text-align: justify;\">Dopo aver ricevuto i primi rudimenti di pittura dal padre Gaetano, noto frescante napoletano, inizi\u00f2 la carriera eseguendo soprattutto paesaggi e ritratti (<em>Vecchio pescatore seduto<\/em>, 1818).<\/p>\n<p style=\"text-align: justify;\">Nel 1820, con l\u2019amico Achille Vianelli, frequent\u00f2 lo studio dello svizzero Huber.<\/p>\n<p style=\"text-align: justify;\">Da questo\u00a0 impar\u00f2 l\u2019uso dell\u2019acquerello e della camera ottica.<\/p>\n<p style=\"text-align: justify;\">Era\u00a0 questa una tecnica che permetteva di tracciare il contorno del paesaggio su un supporto lucido e poi ricalcarlo su un foglio da disegno).<\/p>\n<p style=\"text-align: justify;\">Nello stesso anno venne assunto come disegnatore presso il Real Ufficio Topografico di Napoli dove approfond\u00ec, oltre all\u2019acquaforte, la tecnica della litografia (<em>Marina grande di Capri<\/em>, Napoli, <a href=\"http:\/\/www.museocapodimonte.beniculturali.it\/\">Museo di Capodimonte<\/a>).<\/p>\n<p style=\"text-align: justify;\">Con la partenza di Huber da Napoli nel 1822, Giacinto Gigante entr\u00f2 nella scuola di Sminck van Pitloo a Vico del Vasto (Chiaia).<\/p>\n<p style=\"text-align: justify;\">Qui esegu\u00ec il suo primo dipinto ad olio (<em>Il lago di Lucrino<\/em>, 1824, <a href=\"http:\/\/www.polomusealecampania.beniculturali.it\/index.php\/certosa-e-museo\">Napoli, Museo di San Martino<\/a>), <em>en plein air<\/em>, e frequent\u00f2 molto assiduamente Ducl\u00e8re, Carelli e Smargiassi che costituiranno, insieme a lui, il nucleo\u00a0centrale della Scuola di Posillipo.<\/p>\n<p style=\"text-align: justify;\">Nel 1826 si trasfer\u00ec a Roma frequentando lo studio di Wolfenberger per il quale esegu\u00ec numerosi paesaggi.<\/p>\n<p style=\"text-align: justify;\">Nello stesso anno partecip\u00f2 alla I Esposizione Borbonica di Napoli esponendo due vedute romane e due paesaggi campani.<\/p>\n<p style=\"text-align: justify;\">Nel febbraio 1831 spos\u00f2 Eloisa Vianelli, sorella di Achille.<\/p>\n<p style=\"text-align: justify;\">Tra il 1929 e il 1932 si dedic\u00f2 all\u2019attivit\u00e0 grafica illustrando con <em>Vedute di Napoli e dintorni<\/em> l\u2019opera <em>Viaggio pittorico nel Regno delle Due Sicilie<\/em>.<\/p>\n<p style=\"text-align: justify;\">Durante gli anni Venti Gigante fece la conoscenza del pittore russo Sil&#8217;vestr Feodosievi\u010d \u0160\u010dedrin.<\/p>\n<p style=\"text-align: justify;\">Tramite lui\u00a0 entr\u00f2 in contatto con l\u2019ambasciata russa e gli aristocratici di passaggio a Napoli.<\/p>\n<p style=\"text-align: justify;\">Divenne cos\u00ec, a met\u00e0 degli anni \u201930, uno dei loro artisti preferiti (<em>Veduta di Napoli dalla Tomba di Virgilio <\/em>e<em> Veduta di Napoli dalla villa Graven<\/em>, eseguite per lo zar Nicola I, i ritratti del principe <em>Hotgetrouby<\/em>, di <em>Dolgoruki<\/em> e del conte <em>Potosky<\/em>, Napoli, Museo di Capodimonte e Museo di San Martino).<\/p>\n<p style=\"text-align: justify;\">Nel 1846 lo Zar Nicola I lo invi\u00f2 in Sicilia come maestro di disegno della Zarina Alessandra (<em>Il teatro di Taormina<\/em>). Tre anni pi\u00f9 tardi sar\u00e0 l\u2019insegnante delle figlie di Ferdinando II e esecutore di vedute di Gaeta per la regina Maria Teresa.<\/p>\n<p style=\"text-align: justify;\">Dagli inizi degli anni \u201960 si concentr\u00f2 sulla pittura di interni preferendo chiese e conventi (<em>Interno di San Giovanni a Carbonara <\/em>e<em> Interno di Donnaregina<\/em>, Napoli, Museo di San Martino; <em>Cappella del tesoro di San Gennaro<\/em>, 1863, Napoli, Museo di Capodimonte).<\/p>\n<p>Giacinto Gigante mor\u00ec a Napoli nel 1876.<\/p>\n<hr style=\"width: 1000px;\" \/>\n<h3 style=\"font-size: 12pt;\"><a href=\"https:\/\/www.sba.it\/ru\/%d1%81%d0%be%d0%b2%d0%b5%d1%80%d1%88%d0%b5%d0%bd%d1%81%d1%82%d0%b2%d0%b0\/\"><strong>CATALOGO OPERE<\/strong>\u00a0|\u00a0<\/a>\u00a0<a href=\"https:\/\/www.sba.it\/ru\/%d0%bf%d1%80%d0%be%d0%b4%d0%b0%d1%82%d1%8c\/\">V<strong>UOI VENDERE O COMPRARE UN QUADRO DI QUESTO ARTISTA?<\/strong><\/a><\/h3>\n","protected":false},"excerpt":{"rendered":"<p>Giacinto Gigante nacque a Napoli nel 1806. Dopo aver ricevuto i primi rudimenti di pittura dal padre Gaetano, noto frescante [&hellip;]<\/p>\n","protected":false},"author":1,"featured_media":358,"parent":73491,"menu_order":155,"comment_status":"closed","ping_status":"closed","template":"","meta":{"_monsterinsights_skip_tracking":false,"_monsterinsights_sitenote_active":false,"_monsterinsights_sitenote_note":"","_monsterinsights_sitenote_category":0,"footnotes":""},"class_list":["post-73554","page","type-page","status-publish","has-post-thumbnail","hentry","page_category-1277"],"yoast_head":"<!-- This site is optimized with the Yoast SEO plugin v27.5 - https:\/\/yoast.com\/product\/yoast-seo-wordpress\/ -->\n<title>Gigante Giacinto (1806-1876). Biografia. Quadri in vendita.<\/title>\n<meta name=\"description\" content=\"Gigante Giacinto leggi la vita del pittorenapoletano dell&#039;800, vendita e acquisto online quadri napoletani dell&#039;800 di Giacinto Gigante scopri come,\" \/>\n<meta name=\"robots\" content=\"index, follow, max-snippet:-1, max-image-preview:large, max-video-preview:-1\" \/>\n<link rel=\"canonical\" href=\"https:\/\/www.sba.it\/ru\/\u0445\u0443\u0434\u043e\u0436\u043d\u0438\u043a\u0438\/gigante-giacinto-biografia-quadri-in-vendita-stima-perizia-expertse-dipinti-di-giacinto-gigante\/\" \/>\n<meta property=\"og:locale\" content=\"ru_RU\" \/>\n<meta property=\"og:type\" content=\"article\" \/>\n<meta property=\"og:title\" content=\"Gigante Giacinto (1806-1876). Biografia. Quadri in vendita.\" \/>\n<meta property=\"og:description\" content=\"Gigante Giacinto leggi la vita del pittorenapoletano dell&#039;800, vendita e acquisto online quadri napoletani dell&#039;800 di Giacinto Gigante scopri come,\" \/>\n<meta property=\"og:url\" content=\"https:\/\/www.sba.it\/ru\/\u0445\u0443\u0434\u043e\u0436\u043d\u0438\u043a\u0438\/gigante-giacinto-biografia-quadri-in-vendita-stima-perizia-expertse-dipinti-di-giacinto-gigante\/\" \/>\n<meta property=\"og:site_name\" content=\"Societ\u00e0 di Belle Arti\" \/>\n<meta property=\"article:publisher\" content=\"https:\/\/www.facebook.com\/pitturaitaliana800e900\/\" \/>\n<meta property=\"article:modified_time\" content=\"2019-05-27T10:17:05+00:00\" \/>\n<meta property=\"og:image\" content=\"https:\/\/www.sba.it\/wp-content\/uploads\/2013\/06\/images_artisti_Gigante-Giacinto-ritratto.jpg\" \/>\n\t<meta property=\"og:image:width\" content=\"300\" \/>\n\t<meta property=\"og:image:height\" content=\"412\" \/>\n\t<meta property=\"og:image:type\" content=\"image\/jpeg\" \/>\n<meta name=\"twitter:card\" content=\"summary_large_image\" \/>\n<meta name=\"twitter:site\" content=\"@SocietaArti\" \/>\n<meta name=\"twitter:label1\" content=\"\u041f\u0440\u0438\u043c\u0435\u0440\u043d\u043e\u0435 \u0432\u0440\u0435\u043c\u044f \u0434\u043b\u044f \u0447\u0442\u0435\u043d\u0438\u044f\" \/>\n\t<meta name=\"twitter:data1\" content=\"2 \u043c\u0438\u043d\u0443\u0442\u044b\" \/>\n<script type=\"application\/ld+json\" class=\"yoast-schema-graph\">{\"@context\":\"https:\\\/\\\/schema.org\",\"@graph\":[{\"@type\":\"WebPage\",\"@id\":\"https:\\\/\\\/www.sba.it\\\/ru\\\/%d1%85%d1%83%d0%b4%d0%be%d0%b6%d0%bd%d0%b8%d0%ba%d0%b8\\\/gigante-giacinto-biografia-quadri-in-vendita-stima-perizia-expertse-dipinti-di-giacinto-gigante\\\/\",\"url\":\"https:\\\/\\\/www.sba.it\\\/ru\\\/%d1%85%d1%83%d0%b4%d0%be%d0%b6%d0%bd%d0%b8%d0%ba%d0%b8\\\/gigante-giacinto-biografia-quadri-in-vendita-stima-perizia-expertse-dipinti-di-giacinto-gigante\\\/\",\"name\":\"Gigante Giacinto (1806-1876). Biografia. Quadri in vendita.\",\"isPartOf\":{\"@id\":\"https:\\\/\\\/www.sba.it\\\/#website\"},\"primaryImageOfPage\":{\"@id\":\"https:\\\/\\\/www.sba.it\\\/ru\\\/%d1%85%d1%83%d0%b4%d0%be%d0%b6%d0%bd%d0%b8%d0%ba%d0%b8\\\/gigante-giacinto-biografia-quadri-in-vendita-stima-perizia-expertse-dipinti-di-giacinto-gigante\\\/#primaryimage\"},\"image\":{\"@id\":\"https:\\\/\\\/www.sba.it\\\/ru\\\/%d1%85%d1%83%d0%b4%d0%be%d0%b6%d0%bd%d0%b8%d0%ba%d0%b8\\\/gigante-giacinto-biografia-quadri-in-vendita-stima-perizia-expertse-dipinti-di-giacinto-gigante\\\/#primaryimage\"},\"thumbnailUrl\":\"https:\\\/\\\/www.sba.it\\\/wp-content\\\/uploads\\\/2013\\\/06\\\/images_artisti_Gigante-Giacinto-ritratto.jpg\",\"datePublished\":\"2013-06-17T07:07:19+00:00\",\"dateModified\":\"2019-05-27T10:17:05+00:00\",\"description\":\"Gigante Giacinto leggi la vita del pittorenapoletano dell'800, vendita e acquisto online quadri napoletani dell'800 di Giacinto Gigante scopri come,\",\"breadcrumb\":{\"@id\":\"https:\\\/\\\/www.sba.it\\\/ru\\\/%d1%85%d1%83%d0%b4%d0%be%d0%b6%d0%bd%d0%b8%d0%ba%d0%b8\\\/gigante-giacinto-biografia-quadri-in-vendita-stima-perizia-expertse-dipinti-di-giacinto-gigante\\\/#breadcrumb\"},\"inLanguage\":\"ru-RU\",\"potentialAction\":[{\"@type\":\"ReadAction\",\"target\":[\"https:\\\/\\\/www.sba.it\\\/ru\\\/%d1%85%d1%83%d0%b4%d0%be%d0%b6%d0%bd%d0%b8%d0%ba%d0%b8\\\/gigante-giacinto-biografia-quadri-in-vendita-stima-perizia-expertse-dipinti-di-giacinto-gigante\\\/\"]}]},{\"@type\":\"ImageObject\",\"inLanguage\":\"ru-RU\",\"@id\":\"https:\\\/\\\/www.sba.it\\\/ru\\\/%d1%85%d1%83%d0%b4%d0%be%d0%b6%d0%bd%d0%b8%d0%ba%d0%b8\\\/gigante-giacinto-biografia-quadri-in-vendita-stima-perizia-expertse-dipinti-di-giacinto-gigante\\\/#primaryimage\",\"url\":\"https:\\\/\\\/www.sba.it\\\/wp-content\\\/uploads\\\/2013\\\/06\\\/images_artisti_Gigante-Giacinto-ritratto.jpg\",\"contentUrl\":\"https:\\\/\\\/www.sba.it\\\/wp-content\\\/uploads\\\/2013\\\/06\\\/images_artisti_Gigante-Giacinto-ritratto.jpg\",\"width\":300,\"height\":412,\"caption\":\"Ritratto di Giacinto Gigante\"},{\"@type\":\"BreadcrumbList\",\"@id\":\"https:\\\/\\\/www.sba.it\\\/ru\\\/%d1%85%d1%83%d0%b4%d0%be%d0%b6%d0%bd%d0%b8%d0%ba%d0%b8\\\/gigante-giacinto-biografia-quadri-in-vendita-stima-perizia-expertse-dipinti-di-giacinto-gigante\\\/#breadcrumb\",\"itemListElement\":[{\"@type\":\"ListItem\",\"position\":1,\"name\":\"Home\",\"item\":\"https:\\\/\\\/www.sba.it\\\/ru\\\/\"},{\"@type\":\"ListItem\",\"position\":2,\"name\":\"\u0425\u0423\u0414\u041e\u0416\u041d\u0418\u041a\u0418\",\"item\":\"https:\\\/\\\/www.sba.it\\\/ru\\\/%d1%85%d1%83%d0%b4%d0%be%d0%b6%d0%bd%d0%b8%d0%ba%d0%b8\\\/\"},{\"@type\":\"ListItem\",\"position\":3,\"name\":\"Gigante Giacinto (1806-1876). Biografia. Quadri in vendita.\"}]},{\"@type\":\"WebSite\",\"@id\":\"https:\\\/\\\/www.sba.it\\\/#website\",\"url\":\"https:\\\/\\\/www.sba.it\\\/\",\"name\":\"Societ\u00e0 di Belle Arti\",\"description\":\"Quadri macchiaioli e del 800 e 900 in vendita\",\"publisher\":{\"@id\":\"https:\\\/\\\/www.sba.it\\\/#organization\"},\"potentialAction\":[{\"@type\":\"SearchAction\",\"target\":{\"@type\":\"EntryPoint\",\"urlTemplate\":\"https:\\\/\\\/www.sba.it\\\/?s={search_term_string}\"},\"query-input\":{\"@type\":\"PropertyValueSpecification\",\"valueRequired\":true,\"valueName\":\"search_term_string\"}}],\"inLanguage\":\"ru-RU\"},{\"@type\":\"Organization\",\"@id\":\"https:\\\/\\\/www.sba.it\\\/#organization\",\"name\":\"Societ\u00e0 di Belle Arti\",\"url\":\"https:\\\/\\\/www.sba.it\\\/\",\"logo\":{\"@type\":\"ImageObject\",\"inLanguage\":\"ru-RU\",\"@id\":\"https:\\\/\\\/www.sba.it\\\/#\\\/schema\\\/logo\\\/image\\\/\",\"url\":\"https:\\\/\\\/www.sba.it\\\/wp-content\\\/uploads\\\/2019\\\/04\\\/Logo-rosso_nero.png\",\"contentUrl\":\"https:\\\/\\\/www.sba.it\\\/wp-content\\\/uploads\\\/2019\\\/04\\\/Logo-rosso_nero.png\",\"width\":2532,\"height\":1137,\"caption\":\"Societ\u00e0 di Belle Arti\"},\"image\":{\"@id\":\"https:\\\/\\\/www.sba.it\\\/#\\\/schema\\\/logo\\\/image\\\/\"},\"sameAs\":[\"https:\\\/\\\/www.facebook.com\\\/pitturaitaliana800e900\\\/\",\"https:\\\/\\\/x.com\\\/SocietaArti\",\"https:\\\/\\\/www.instagram.com\\\/societadibellearti\",\"https:\\\/\\\/www.linkedin.com\\\/in\\\/societ\u00e0-di-belle-arti-363aa8191\\\/\",\"https:\\\/\\\/www.youtube.com\\\/channel\\\/UC6fJlk-ajwhsnEIICATyXaQ\"]}]}<\/script>\n<!-- \/ Yoast SEO plugin. -->","yoast_head_json":{"title":"Gigante Giacinto (1806-1876). Biografia. Quadri in vendita.","description":"Gigante Giacinto leggi la vita del pittorenapoletano dell'800, vendita e acquisto online quadri napoletani dell'800 di Giacinto Gigante scopri come,","robots":{"index":"index","follow":"follow","max-snippet":"max-snippet:-1","max-image-preview":"max-image-preview:large","max-video-preview":"max-video-preview:-1"},"canonical":"https:\/\/www.sba.it\/ru\/\u0445\u0443\u0434\u043e\u0436\u043d\u0438\u043a\u0438\/gigante-giacinto-biografia-quadri-in-vendita-stima-perizia-expertse-dipinti-di-giacinto-gigante\/","og_locale":"ru_RU","og_type":"article","og_title":"Gigante Giacinto (1806-1876). Biografia. Quadri in vendita.","og_description":"Gigante Giacinto leggi la vita del pittorenapoletano dell'800, vendita e acquisto online quadri napoletani dell'800 di Giacinto Gigante scopri come,","og_url":"https:\/\/www.sba.it\/ru\/\u0445\u0443\u0434\u043e\u0436\u043d\u0438\u043a\u0438\/gigante-giacinto-biografia-quadri-in-vendita-stima-perizia-expertse-dipinti-di-giacinto-gigante\/","og_site_name":"Societ\u00e0 di Belle Arti","article_publisher":"https:\/\/www.facebook.com\/pitturaitaliana800e900\/","article_modified_time":"2019-05-27T10:17:05+00:00","og_image":[{"width":300,"height":412,"url":"https:\/\/www.sba.it\/wp-content\/uploads\/2013\/06\/images_artisti_Gigante-Giacinto-ritratto.jpg","type":"image\/jpeg"}],"twitter_card":"summary_large_image","twitter_site":"@SocietaArti","twitter_misc":{"\u041f\u0440\u0438\u043c\u0435\u0440\u043d\u043e\u0435 \u0432\u0440\u0435\u043c\u044f \u0434\u043b\u044f \u0447\u0442\u0435\u043d\u0438\u044f":"2 \u043c\u0438\u043d\u0443\u0442\u044b"},"schema":{"@context":"https:\/\/schema.org","@graph":[{"@type":"WebPage","@id":"https:\/\/www.sba.it\/ru\/%d1%85%d1%83%d0%b4%d0%be%d0%b6%d0%bd%d0%b8%d0%ba%d0%b8\/gigante-giacinto-biografia-quadri-in-vendita-stima-perizia-expertse-dipinti-di-giacinto-gigante\/","url":"https:\/\/www.sba.it\/ru\/%d1%85%d1%83%d0%b4%d0%be%d0%b6%d0%bd%d0%b8%d0%ba%d0%b8\/gigante-giacinto-biografia-quadri-in-vendita-stima-perizia-expertse-dipinti-di-giacinto-gigante\/","name":"Gigante Giacinto (1806-1876). Biografia. Quadri in vendita.","isPartOf":{"@id":"https:\/\/www.sba.it\/#website"},"primaryImageOfPage":{"@id":"https:\/\/www.sba.it\/ru\/%d1%85%d1%83%d0%b4%d0%be%d0%b6%d0%bd%d0%b8%d0%ba%d0%b8\/gigante-giacinto-biografia-quadri-in-vendita-stima-perizia-expertse-dipinti-di-giacinto-gigante\/#primaryimage"},"image":{"@id":"https:\/\/www.sba.it\/ru\/%d1%85%d1%83%d0%b4%d0%be%d0%b6%d0%bd%d0%b8%d0%ba%d0%b8\/gigante-giacinto-biografia-quadri-in-vendita-stima-perizia-expertse-dipinti-di-giacinto-gigante\/#primaryimage"},"thumbnailUrl":"https:\/\/www.sba.it\/wp-content\/uploads\/2013\/06\/images_artisti_Gigante-Giacinto-ritratto.jpg","datePublished":"2013-06-17T07:07:19+00:00","dateModified":"2019-05-27T10:17:05+00:00","description":"Gigante Giacinto leggi la vita del pittorenapoletano dell'800, vendita e acquisto online quadri napoletani dell'800 di Giacinto Gigante scopri come,","breadcrumb":{"@id":"https:\/\/www.sba.it\/ru\/%d1%85%d1%83%d0%b4%d0%be%d0%b6%d0%bd%d0%b8%d0%ba%d0%b8\/gigante-giacinto-biografia-quadri-in-vendita-stima-perizia-expertse-dipinti-di-giacinto-gigante\/#breadcrumb"},"inLanguage":"ru-RU","potentialAction":[{"@type":"ReadAction","target":["https:\/\/www.sba.it\/ru\/%d1%85%d1%83%d0%b4%d0%be%d0%b6%d0%bd%d0%b8%d0%ba%d0%b8\/gigante-giacinto-biografia-quadri-in-vendita-stima-perizia-expertse-dipinti-di-giacinto-gigante\/"]}]},{"@type":"ImageObject","inLanguage":"ru-RU","@id":"https:\/\/www.sba.it\/ru\/%d1%85%d1%83%d0%b4%d0%be%d0%b6%d0%bd%d0%b8%d0%ba%d0%b8\/gigante-giacinto-biografia-quadri-in-vendita-stima-perizia-expertse-dipinti-di-giacinto-gigante\/#primaryimage","url":"https:\/\/www.sba.it\/wp-content\/uploads\/2013\/06\/images_artisti_Gigante-Giacinto-ritratto.jpg","contentUrl":"https:\/\/www.sba.it\/wp-content\/uploads\/2013\/06\/images_artisti_Gigante-Giacinto-ritratto.jpg","width":300,"height":412,"caption":"Ritratto di Giacinto Gigante"},{"@type":"BreadcrumbList","@id":"https:\/\/www.sba.it\/ru\/%d1%85%d1%83%d0%b4%d0%be%d0%b6%d0%bd%d0%b8%d0%ba%d0%b8\/gigante-giacinto-biografia-quadri-in-vendita-stima-perizia-expertse-dipinti-di-giacinto-gigante\/#breadcrumb","itemListElement":[{"@type":"ListItem","position":1,"name":"Home","item":"https:\/\/www.sba.it\/ru\/"},{"@type":"ListItem","position":2,"name":"\u0425\u0423\u0414\u041e\u0416\u041d\u0418\u041a\u0418","item":"https:\/\/www.sba.it\/ru\/%d1%85%d1%83%d0%b4%d0%be%d0%b6%d0%bd%d0%b8%d0%ba%d0%b8\/"},{"@type":"ListItem","position":3,"name":"Gigante Giacinto (1806-1876). Biografia. Quadri in vendita."}]},{"@type":"WebSite","@id":"https:\/\/www.sba.it\/#website","url":"https:\/\/www.sba.it\/","name":"Societ\u00e0 di Belle Arti","description":"Quadri macchiaioli e del 800 e 900 in vendita","publisher":{"@id":"https:\/\/www.sba.it\/#organization"},"potentialAction":[{"@type":"SearchAction","target":{"@type":"EntryPoint","urlTemplate":"https:\/\/www.sba.it\/?s={search_term_string}"},"query-input":{"@type":"PropertyValueSpecification","valueRequired":true,"valueName":"search_term_string"}}],"inLanguage":"ru-RU"},{"@type":"Organization","@id":"https:\/\/www.sba.it\/#organization","name":"Societ\u00e0 di Belle Arti","url":"https:\/\/www.sba.it\/","logo":{"@type":"ImageObject","inLanguage":"ru-RU","@id":"https:\/\/www.sba.it\/#\/schema\/logo\/image\/","url":"https:\/\/www.sba.it\/wp-content\/uploads\/2019\/04\/Logo-rosso_nero.png","contentUrl":"https:\/\/www.sba.it\/wp-content\/uploads\/2019\/04\/Logo-rosso_nero.png","width":2532,"height":1137,"caption":"Societ\u00e0 di Belle Arti"},"image":{"@id":"https:\/\/www.sba.it\/#\/schema\/logo\/image\/"},"sameAs":["https:\/\/www.facebook.com\/pitturaitaliana800e900\/","https:\/\/x.com\/SocietaArti","https:\/\/www.instagram.com\/societadibellearti","https:\/\/www.linkedin.com\/in\/societ\u00e0-di-belle-arti-363aa8191\/","https:\/\/www.youtube.com\/channel\/UC6fJlk-ajwhsnEIICATyXaQ"]}]}},"_links":{"self":[{"href":"https:\/\/www.sba.it\/ru\/wp-json\/wp\/v2\/pages\/73554","targetHints":{"allow":["GET"]}}],"collection":[{"href":"https:\/\/www.sba.it\/ru\/wp-json\/wp\/v2\/pages"}],"about":[{"href":"https:\/\/www.sba.it\/ru\/wp-json\/wp\/v2\/types\/page"}],"author":[{"embeddable":true,"href":"https:\/\/www.sba.it\/ru\/wp-json\/wp\/v2\/users\/1"}],"replies":[{"embeddable":true,"href":"https:\/\/www.sba.it\/ru\/wp-json\/wp\/v2\/comments?post=73554"}],"version-history":[{"count":5,"href":"https:\/\/www.sba.it\/ru\/wp-json\/wp\/v2\/pages\/73554\/revisions"}],"predecessor-version":[{"id":83840,"href":"https:\/\/www.sba.it\/ru\/wp-json\/wp\/v2\/pages\/73554\/revisions\/83840"}],"up":[{"embeddable":true,"href":"https:\/\/www.sba.it\/ru\/wp-json\/wp\/v2\/pages\/73491"}],"wp:featuredmedia":[{"embeddable":true,"href":"https:\/\/www.sba.it\/ru\/wp-json\/wp\/v2\/media\/358"}],"wp:attachment":[{"href":"https:\/\/www.sba.it\/ru\/wp-json\/wp\/v2\/media?parent=73554"}],"curies":[{"name":"wp","href":"https:\/\/api.w.org\/{rel}","templated":true}]}}