{"id":78494,"date":"2014-01-14T10:52:33","date_gmt":"2014-01-14T09:52:33","guid":{"rendered":"http:\/\/www.sba.it\/apertura-della-nuova-galleria-le-muse-a-cortina\/"},"modified":"2021-11-08T12:23:05","modified_gmt":"2021-11-08T11:23:05","slug":"apertura-della-nuova-galleria-le-muse-a-cortina","status":"publish","type":"page","link":"https:\/\/www.sba.it\/en\/apertura-della-nuova-galleria-le-muse-a-cortina\/","title":{"rendered":"Apertura della nuova Galleria Le Muse a Cortina"},"content":{"rendered":"<h3>Cortina d\u2019Ampezzo<br \/>\n26 dicembre 2013 &#8211; 6 gennaio 2014<\/h3>\n<p><img decoding=\"async\" class=\" alignleft size-full wp-image-1324\" style=\"margin-right: 20px; float: left;\" src=\"http:\/\/www.sba.it\/wp-content\/uploads\/2014\/01\/images_eventi_Cortina-Magazine_210x297mm.jpg\" alt=\"Cortina-Magazine 210x297mm\" width=\"400\" height=\"560\" srcset=\"https:\/\/www.sba.it\/wp-content\/uploads\/2014\/01\/images_eventi_Cortina-Magazine_210x297mm.jpg 400w, https:\/\/www.sba.it\/wp-content\/uploads\/2014\/01\/images_eventi_Cortina-Magazine_210x297mm-214x300.jpg 214w\" sizes=\"(max-width: 400px) 100vw, 400px\" \/><\/p>\n<h3>Inaugurazione del nuovo spazio espositivo a Cortina d&#8217;Ampezzo<\/h3>\n<h3><a href=\"https:\/\/www.sba.it\/nuova-sede-per-le-muse-a-cortina-2\/\"><strong>leggi il comunicato<\/strong><\/a><\/h3>\n<p>&nbsp;<\/p>\n<h3>IL LINGUAGGIO DELLA REALTA&#8217;.<br \/>\nVenti capolavori dell&#8217;Ottocento italiano<br \/>\n&#8220;Le Muse&#8221; Galleria d&#8217;Arte &#8211; piazza S. Franceschi, 6 &#8211; Cortina d&#8217;Ampezzo<\/h3>\n<h3><a href=\"https:\/\/www.sba.it\/l-arno-a-varlungo-di-odoardo-borrani\/\">leggi l&#8217;introduzione critica<\/a><\/h3>\n<h3><a href=\"https:\/\/www.sba.it\/capolavori-dell-800-in-vendita-societa-di-belle-arti\/\">leggi il comunicato<\/a><\/h3>\n<p>RAM<br \/>\nLa realt\u00e0 metafisica<br \/>\n&#8220;Le Muse&#8221; Galleria d&#8217;Arte &#8211; corso Italia, 21 &#8211; Cortina d&#8217;Ampezzo<\/p>\n<h3><strong><a href=\"https:\/\/www.sba.it\/ram-testo-critico\/\">leggi l&#8217;introduzione critica<\/a><\/strong><\/h3>\n<p><strong><a style=\"font-size: 1.17em;\" href=\"https:\/\/www.sba.it\/ram-la-realta-metafisica-quadri-in-vendita\/\">leggi il comunicato<\/a><span style=\"text-decoration: underline;\"><br \/>\n<\/span><\/strong><\/p>\n<p>Nel segno della continuit\u00e0, ma anche di un naturale ricambio generazionale visto che al suo fondatore <strong>Giuliano Matteucci<\/strong> si sono affiancati con grande impegno da molti anni la figlia Elisabetta e il genero Francesco Palminteri, la gallerie \u201cLe Muse\u201d inaugura il <strong>26 dicembre 2013<\/strong> la sua <a href=\"https:\/\/www.sba.it\/nuova-sede-per-le-muse-a-cortina-2\/\"><strong>nuova sede<\/strong><\/a>, spostandosi da corso Italia, dove aveva iniziato nel 1968, a piazza Franceschi 6, sempre nel centro di Cortina. La fisionomia rimarr\u00e0 la stessa, quella di un raffinato luogo i incontro per un pubblico colto ed eterogeneo, ma sempre motivato: esponenti dell\u2019 imprenditoria e della finanza, intellettuali, ma anche addetti ai lavori, i collezionisti e gli storici dell\u2019 arte che hanno riconosciuto nelle mostre organizzate, tre all\u2019anno a dicembre \u2013gennaio, febbraio-marzo e agosto, degli appuntamenti imprescindibili proprio per la qualit\u00e0 delle proposte, articolate lungo una coerente linea di rivalutazione della pittura italiana della seconda met\u00e0 del XIX secolo.<br \/>\nEnzo Biagi, Indro Montanelli, Giorgio Soavi, Piero Chiara, Neri Pozza, Giovanni Spadolini, Giulio Nascimbeni, Antonio Morassi, Riccardo Marchi, Massimo Carr\u00e0, Milena Milani si sono ritrovati in stagioni felici e indimenticabili a dialogare davanti ai dipinti di <strong><a href=\"http:\/\/www.sba.it\/signorini-telemaco-biografia-quadri-in-vendita-macchiaioli-valutazione-stime-e-perizie-certificate-su-dipinti-macchiaioli-di-telemaco-signorini\/\">Signorini<\/a><\/strong>,<strong> <a href=\"http:\/\/www.sba.it\/fattori-giovanni-biografia-quadri-macchiaioli-in-vendita-valutazione-stima-perizia-certificata-di-dipinti-di-giovanni-fattori\/\">Fattori<\/a><\/strong>,\u00a0<strong><a href=\"http:\/\/www.sba.it\/lega-silvestro-biografia-quadri-macchiaioli-in-vendita-valutazione-stima-perzia-certificata-dipinti-macchiaioli-silvestro-lega\/\">Lega<\/a><\/strong>, cui sono state dedicate rispettivamente nel 1970, 1972 e 1977 delle monografiche memorabili per la bellezza delle opere presentate e un taglio esegetico mai scontato. Per il resto da questa sorta di \u201csalotto artistico\u201d si pu\u00f2 dire che sia transitata, prima di approdare a sedi pi\u00f9 istituzionali, la rinnovata fortuna dei Macchiaioli toscani. In un centro dove per la figura storica di Mario Rimoldi (cui \u00e8 dedicato la locale pinacoteca pubblica), ma anche pensando all\u2019 attivit\u00e0 delle altre gallerie, l\u2019attenzione era tradizionalmente rivolta al Novecento, la proposta di Giuliano Matteucci si \u00e8 coraggiosamente orientata in un\u2019 altra direzione, privilegiando i Macchiaioli, ma aprendo nuovi fronti verso protagonisti come <strong><a href=\"http:\/\/www.sba.it\/boldini-giovanni-biografia-quadri-in-vendita-valutazione-stima-perizia-certificata-di-dipinti-di-boldini-giovanni\/\">Boldini<\/a><\/strong>, <strong><a href=\"http:\/\/www.sba.it\/federico-zandomeneghi-biografia-quadri-in-vendita-valutazione-stima-perizia-certificata-di-dipinti-di-federico-zandomeneghi\/\">Zandomeneghi<\/a><\/strong>, <strong><a href=\"http:\/\/www.sba.it\/giuseppe-de-nittis-biografia-quadri-in-vendita-valutazione-stima-perizia-certificata-di-dipinti-di-giuseppe-de-nittis\/\">de Nittis<\/a><\/strong>, <strong><a href=\"http:\/\/www.sba.it\/cabianca-vincenzo-biografia-quadri-in-vendita-macchiaioli-valutazione-stima-perizia-certificata-sui-dipinti-di-cabianca-vincenzo\/\">Cabianca<\/a><\/strong>, <strong><a href=\"http:\/\/www.sba.it\/guglielmo-ciardi-biografia-quadri-in-vendita-valutazione-stima-perizia-certificata-di-dipinti-di-guglielmo-ciardi\/\">Guglielmo Ciardi<\/a><\/strong>, <strong><a href=\"http:\/\/www.sba.it\/fragiacomo-pietro-biografia-quadri-in-vendita-valutazione-stima-perizia-certificata-di-dipinti-di-fragiacomo-pietro\/\">Fragiacomo<\/a><\/strong>, <strong><a href=\"http:\/\/www.sba.it\/mancini-antonio-quadri-in-vendita-valutazione-stime-biografia\/\">Mancini<\/a><\/strong>. Ad ogni occasione emergevano nuovi capolavori, come <em>Liston moderno<\/em> di <strong><a href=\"http:\/\/www.sba.it\/favretto-giacomo-biografia-quadri-in-vendita-valutazione-stima-perizia-certificata-di-dipinti-di-favretto-giacomo\/\">Favretto<\/a><\/strong>, la <em>Fanfara dei granatieri<\/em> di <strong><a href=\"http:\/\/www.sba.it\/nono-luigi-biografia-quadri-in-vendita-valutazione-stima-perizia-certificata-di-dipinti-di-nono-luigi\/\">Nono<\/a><\/strong>, la <em>Mucca all\u2019abbeverata<\/em> di <strong><a href=\"http:\/\/www.sba.it\/segantini-giovanni-biografia-quadri-in-vendita-valutazione-stima-perizia-certificata-di-dipinti-di-segantini-giovanni\/\">Segantini<\/a><\/strong>; mentre lo spessore storico critico delle proposte veniva consegnato alle preziose e ormai introvabili brochure.<\/p>\n<p>Fernando Mazzocca<\/p>\n<p>&nbsp;<\/p>\n<p><strong>DALLA RASSEGNA STAMPA<\/strong>:<\/p>\n<p><strong>Il Sole 24 Ore, DOMENICA 29 dicembre 2013, n. 356<\/strong><\/p>\n<p>di Marina Mojana<\/p>\n<p style=\"text-align: justify;\">&#8220;La miglior difesa \u00e8 il contrattacco e in un momento storico di vacche magre, anche per il mercato dell&#8217;arte italiana dell&#8217;Otto e Novecento, che fa Giuliano Matteucci? Non si piange addosso ma rilancia e apre a Cortina d&#8217;Ampezzo &#8211; dove nel 1868 inizi\u00f2 la sua avventura di mercante d&#8217;arte &#8211; la seconda galleria &#8220;Le Muse 2&#8221; in piazza Franceschi, 6. Nella nuova ampia sede espositiva, gestita dal genero Francesco Palminteri, non lontano dalla sede storica de &#8220;Le Muse&#8221; \u00e8 in corso fino al 6 gennaio la mostra &#8220;<a href=\"https:\/\/www.sba.it\/capolavori-dell-800-in-vendita-societa-di-belle-arti\/\"><strong>Il linguaggio della realt\u00e0: venti capolavori dell&#8217;Ottocento Italiano<\/strong><\/a>&#8221; di <strong>Giovanni Fattori<\/strong>, <strong>Silvestro Lega<\/strong>, <strong>Filippo Palizzi<\/strong>, <strong>Telemaco Signorini<\/strong>, <strong>Antonio Mancini<\/strong>, <strong>Angelo Morbelli<\/strong>, <strong>Giovanni Segnatini<\/strong> e altri interpreti del secondo Otocento; venti selezionate opere tra cui la maestosa Veduta dell&#8217;Arno di Odoardo Borrani.&#8221;<\/p>\n<p style=\"text-align: justify;\">\n<p>&nbsp;<\/p>\n","protected":false},"excerpt":{"rendered":"<p>Cortina d\u2019Ampezzo 26 dicembre 2013 &#8211; 6 gennaio 2014 Inaugurazione del nuovo spazio espositivo a Cortina d&#8217;Ampezzo leggi il comunicato [&hellip;]<\/p>\n","protected":false},"author":2,"featured_media":1326,"parent":0,"menu_order":6,"comment_status":"closed","ping_status":"closed","template":"","meta":{"_monsterinsights_skip_tracking":false,"_monsterinsights_sitenote_active":false,"_monsterinsights_sitenote_note":"","_monsterinsights_sitenote_category":0,"footnotes":""},"class_list":["post-78494","page","type-page","status-publish","has-post-thumbnail","hentry","page_category-2014-en"],"yoast_head":"<!-- This site is optimized with the Yoast SEO plugin v27.3 - https:\/\/yoast.com\/product\/yoast-seo-wordpress\/ -->\n<title>Apertura della nuova Galleria Le Muse a Cortina - Societ\u00e0 di Belle Arti<\/title>\n<meta name=\"description\" content=\"Apertura nuova galleria le Muse a Cortina d\u00ecAmpezzo Societ\u00e0 di belle Arti vendita quadri dipinti dell&#039;800 e macchiaioli e 900\" \/>\n<meta name=\"robots\" content=\"index, follow, max-snippet:-1, max-image-preview:large, max-video-preview:-1\" \/>\n<link rel=\"canonical\" href=\"https:\/\/www.sba.it\/en\/apertura-della-nuova-galleria-le-muse-a-cortina\/\" \/>\n<meta property=\"og:locale\" content=\"en_US\" \/>\n<meta property=\"og:type\" content=\"article\" \/>\n<meta property=\"og:title\" content=\"Apertura della nuova Galleria Le Muse a Cortina - Societ\u00e0 di Belle Arti\" \/>\n<meta property=\"og:description\" content=\"Apertura nuova galleria le Muse a Cortina d\u00ecAmpezzo Societ\u00e0 di belle Arti vendita quadri dipinti dell&#039;800 e macchiaioli e 900\" \/>\n<meta property=\"og:url\" content=\"https:\/\/www.sba.it\/en\/apertura-della-nuova-galleria-le-muse-a-cortina\/\" \/>\n<meta property=\"og:site_name\" content=\"Societ\u00e0 di Belle Arti\" \/>\n<meta property=\"article:publisher\" content=\"https:\/\/www.facebook.com\/pitturaitaliana800e900\/\" \/>\n<meta property=\"article:modified_time\" content=\"2021-11-08T11:23:05+00:00\" \/>\n<meta property=\"og:image\" content=\"https:\/\/www.sba.it\/wp-content\/uploads\/2014\/01\/images_eventi_Cortina-Magazine_210x297mm.jpg\" \/>\n\t<meta property=\"og:image:width\" content=\"400\" \/>\n\t<meta property=\"og:image:height\" content=\"560\" \/>\n\t<meta property=\"og:image:type\" content=\"image\/jpeg\" \/>\n<meta name=\"twitter:card\" content=\"summary_large_image\" \/>\n<meta name=\"twitter:site\" content=\"@SocietaArti\" \/>\n<meta name=\"twitter:label1\" content=\"Est. reading time\" \/>\n\t<meta name=\"twitter:data1\" content=\"3 minutes\" \/>\n<script type=\"application\/ld+json\" class=\"yoast-schema-graph\">{\"@context\":\"https:\\\/\\\/schema.org\",\"@graph\":[{\"@type\":\"WebPage\",\"@id\":\"https:\\\/\\\/www.sba.it\\\/en\\\/apertura-della-nuova-galleria-le-muse-a-cortina\\\/\",\"url\":\"https:\\\/\\\/www.sba.it\\\/en\\\/apertura-della-nuova-galleria-le-muse-a-cortina\\\/\",\"name\":\"Apertura della nuova Galleria Le Muse a Cortina - Societ\u00e0 di Belle Arti\",\"isPartOf\":{\"@id\":\"https:\\\/\\\/www.sba.it\\\/#website\"},\"primaryImageOfPage\":{\"@id\":\"https:\\\/\\\/www.sba.it\\\/en\\\/apertura-della-nuova-galleria-le-muse-a-cortina\\\/#primaryimage\"},\"image\":{\"@id\":\"https:\\\/\\\/www.sba.it\\\/en\\\/apertura-della-nuova-galleria-le-muse-a-cortina\\\/#primaryimage\"},\"thumbnailUrl\":\"https:\\\/\\\/www.sba.it\\\/wp-content\\\/uploads\\\/2014\\\/01\\\/images_eventi_Cortina-Magazine_210x297mm.jpg\",\"datePublished\":\"2014-01-14T09:52:33+00:00\",\"dateModified\":\"2021-11-08T11:23:05+00:00\",\"description\":\"Apertura nuova galleria le Muse a Cortina d\u00ecAmpezzo Societ\u00e0 di belle Arti vendita quadri dipinti dell'800 e macchiaioli e 900\",\"breadcrumb\":{\"@id\":\"https:\\\/\\\/www.sba.it\\\/en\\\/apertura-della-nuova-galleria-le-muse-a-cortina\\\/#breadcrumb\"},\"inLanguage\":\"en-US\",\"potentialAction\":[{\"@type\":\"ReadAction\",\"target\":[\"https:\\\/\\\/www.sba.it\\\/en\\\/apertura-della-nuova-galleria-le-muse-a-cortina\\\/\"]}]},{\"@type\":\"ImageObject\",\"inLanguage\":\"en-US\",\"@id\":\"https:\\\/\\\/www.sba.it\\\/en\\\/apertura-della-nuova-galleria-le-muse-a-cortina\\\/#primaryimage\",\"url\":\"https:\\\/\\\/www.sba.it\\\/wp-content\\\/uploads\\\/2014\\\/01\\\/images_eventi_Cortina-Magazine_210x297mm.jpg\",\"contentUrl\":\"https:\\\/\\\/www.sba.it\\\/wp-content\\\/uploads\\\/2014\\\/01\\\/images_eventi_Cortina-Magazine_210x297mm.jpg\",\"width\":400,\"height\":560},{\"@type\":\"BreadcrumbList\",\"@id\":\"https:\\\/\\\/www.sba.it\\\/en\\\/apertura-della-nuova-galleria-le-muse-a-cortina\\\/#breadcrumb\",\"itemListElement\":[{\"@type\":\"ListItem\",\"position\":1,\"name\":\"Home\",\"item\":\"https:\\\/\\\/www.sba.it\\\/en\\\/\"},{\"@type\":\"ListItem\",\"position\":2,\"name\":\"Apertura della nuova Galleria Le Muse a Cortina\"}]},{\"@type\":\"WebSite\",\"@id\":\"https:\\\/\\\/www.sba.it\\\/#website\",\"url\":\"https:\\\/\\\/www.sba.it\\\/\",\"name\":\"Societ\u00e0 di Belle Arti\",\"description\":\"Quadri macchiaioli e del 800 e 900 in vendita\",\"publisher\":{\"@id\":\"https:\\\/\\\/www.sba.it\\\/#organization\"},\"potentialAction\":[{\"@type\":\"SearchAction\",\"target\":{\"@type\":\"EntryPoint\",\"urlTemplate\":\"https:\\\/\\\/www.sba.it\\\/?s={search_term_string}\"},\"query-input\":{\"@type\":\"PropertyValueSpecification\",\"valueRequired\":true,\"valueName\":\"search_term_string\"}}],\"inLanguage\":\"en-US\"},{\"@type\":\"Organization\",\"@id\":\"https:\\\/\\\/www.sba.it\\\/#organization\",\"name\":\"Societ\u00e0 di Belle Arti\",\"url\":\"https:\\\/\\\/www.sba.it\\\/\",\"logo\":{\"@type\":\"ImageObject\",\"inLanguage\":\"en-US\",\"@id\":\"https:\\\/\\\/www.sba.it\\\/#\\\/schema\\\/logo\\\/image\\\/\",\"url\":\"https:\\\/\\\/www.sba.it\\\/wp-content\\\/uploads\\\/2019\\\/04\\\/Logo-rosso_nero.png\",\"contentUrl\":\"https:\\\/\\\/www.sba.it\\\/wp-content\\\/uploads\\\/2019\\\/04\\\/Logo-rosso_nero.png\",\"width\":2532,\"height\":1137,\"caption\":\"Societ\u00e0 di Belle Arti\"},\"image\":{\"@id\":\"https:\\\/\\\/www.sba.it\\\/#\\\/schema\\\/logo\\\/image\\\/\"},\"sameAs\":[\"https:\\\/\\\/www.facebook.com\\\/pitturaitaliana800e900\\\/\",\"https:\\\/\\\/x.com\\\/SocietaArti\",\"https:\\\/\\\/www.instagram.com\\\/societadibellearti\",\"https:\\\/\\\/www.linkedin.com\\\/in\\\/societ\u00e0-di-belle-arti-363aa8191\\\/\",\"https:\\\/\\\/www.youtube.com\\\/channel\\\/UC6fJlk-ajwhsnEIICATyXaQ\"]}]}<\/script>\n<!-- \/ Yoast SEO plugin. -->","yoast_head_json":{"title":"Apertura della nuova Galleria Le Muse a Cortina - Societ\u00e0 di Belle Arti","description":"Apertura nuova galleria le Muse a Cortina d\u00ecAmpezzo Societ\u00e0 di belle Arti vendita quadri dipinti dell'800 e macchiaioli e 900","robots":{"index":"index","follow":"follow","max-snippet":"max-snippet:-1","max-image-preview":"max-image-preview:large","max-video-preview":"max-video-preview:-1"},"canonical":"https:\/\/www.sba.it\/en\/apertura-della-nuova-galleria-le-muse-a-cortina\/","og_locale":"en_US","og_type":"article","og_title":"Apertura della nuova Galleria Le Muse a Cortina - Societ\u00e0 di Belle Arti","og_description":"Apertura nuova galleria le Muse a Cortina d\u00ecAmpezzo Societ\u00e0 di belle Arti vendita quadri dipinti dell'800 e macchiaioli e 900","og_url":"https:\/\/www.sba.it\/en\/apertura-della-nuova-galleria-le-muse-a-cortina\/","og_site_name":"Societ\u00e0 di Belle Arti","article_publisher":"https:\/\/www.facebook.com\/pitturaitaliana800e900\/","article_modified_time":"2021-11-08T11:23:05+00:00","og_image":[{"width":400,"height":560,"url":"https:\/\/www.sba.it\/wp-content\/uploads\/2014\/01\/images_eventi_Cortina-Magazine_210x297mm.jpg","type":"image\/jpeg"}],"twitter_card":"summary_large_image","twitter_site":"@SocietaArti","twitter_misc":{"Est. reading time":"3 minutes"},"schema":{"@context":"https:\/\/schema.org","@graph":[{"@type":"WebPage","@id":"https:\/\/www.sba.it\/en\/apertura-della-nuova-galleria-le-muse-a-cortina\/","url":"https:\/\/www.sba.it\/en\/apertura-della-nuova-galleria-le-muse-a-cortina\/","name":"Apertura della nuova Galleria Le Muse a Cortina - Societ\u00e0 di Belle Arti","isPartOf":{"@id":"https:\/\/www.sba.it\/#website"},"primaryImageOfPage":{"@id":"https:\/\/www.sba.it\/en\/apertura-della-nuova-galleria-le-muse-a-cortina\/#primaryimage"},"image":{"@id":"https:\/\/www.sba.it\/en\/apertura-della-nuova-galleria-le-muse-a-cortina\/#primaryimage"},"thumbnailUrl":"https:\/\/www.sba.it\/wp-content\/uploads\/2014\/01\/images_eventi_Cortina-Magazine_210x297mm.jpg","datePublished":"2014-01-14T09:52:33+00:00","dateModified":"2021-11-08T11:23:05+00:00","description":"Apertura nuova galleria le Muse a Cortina d\u00ecAmpezzo Societ\u00e0 di belle Arti vendita quadri dipinti dell'800 e macchiaioli e 900","breadcrumb":{"@id":"https:\/\/www.sba.it\/en\/apertura-della-nuova-galleria-le-muse-a-cortina\/#breadcrumb"},"inLanguage":"en-US","potentialAction":[{"@type":"ReadAction","target":["https:\/\/www.sba.it\/en\/apertura-della-nuova-galleria-le-muse-a-cortina\/"]}]},{"@type":"ImageObject","inLanguage":"en-US","@id":"https:\/\/www.sba.it\/en\/apertura-della-nuova-galleria-le-muse-a-cortina\/#primaryimage","url":"https:\/\/www.sba.it\/wp-content\/uploads\/2014\/01\/images_eventi_Cortina-Magazine_210x297mm.jpg","contentUrl":"https:\/\/www.sba.it\/wp-content\/uploads\/2014\/01\/images_eventi_Cortina-Magazine_210x297mm.jpg","width":400,"height":560},{"@type":"BreadcrumbList","@id":"https:\/\/www.sba.it\/en\/apertura-della-nuova-galleria-le-muse-a-cortina\/#breadcrumb","itemListElement":[{"@type":"ListItem","position":1,"name":"Home","item":"https:\/\/www.sba.it\/en\/"},{"@type":"ListItem","position":2,"name":"Apertura della nuova Galleria Le Muse a Cortina"}]},{"@type":"WebSite","@id":"https:\/\/www.sba.it\/#website","url":"https:\/\/www.sba.it\/","name":"Societ\u00e0 di Belle Arti","description":"Quadri macchiaioli e del 800 e 900 in vendita","publisher":{"@id":"https:\/\/www.sba.it\/#organization"},"potentialAction":[{"@type":"SearchAction","target":{"@type":"EntryPoint","urlTemplate":"https:\/\/www.sba.it\/?s={search_term_string}"},"query-input":{"@type":"PropertyValueSpecification","valueRequired":true,"valueName":"search_term_string"}}],"inLanguage":"en-US"},{"@type":"Organization","@id":"https:\/\/www.sba.it\/#organization","name":"Societ\u00e0 di Belle Arti","url":"https:\/\/www.sba.it\/","logo":{"@type":"ImageObject","inLanguage":"en-US","@id":"https:\/\/www.sba.it\/#\/schema\/logo\/image\/","url":"https:\/\/www.sba.it\/wp-content\/uploads\/2019\/04\/Logo-rosso_nero.png","contentUrl":"https:\/\/www.sba.it\/wp-content\/uploads\/2019\/04\/Logo-rosso_nero.png","width":2532,"height":1137,"caption":"Societ\u00e0 di Belle Arti"},"image":{"@id":"https:\/\/www.sba.it\/#\/schema\/logo\/image\/"},"sameAs":["https:\/\/www.facebook.com\/pitturaitaliana800e900\/","https:\/\/x.com\/SocietaArti","https:\/\/www.instagram.com\/societadibellearti","https:\/\/www.linkedin.com\/in\/societ\u00e0-di-belle-arti-363aa8191\/","https:\/\/www.youtube.com\/channel\/UC6fJlk-ajwhsnEIICATyXaQ"]}]}},"_links":{"self":[{"href":"https:\/\/www.sba.it\/en\/wp-json\/wp\/v2\/pages\/78494","targetHints":{"allow":["GET"]}}],"collection":[{"href":"https:\/\/www.sba.it\/en\/wp-json\/wp\/v2\/pages"}],"about":[{"href":"https:\/\/www.sba.it\/en\/wp-json\/wp\/v2\/types\/page"}],"author":[{"embeddable":true,"href":"https:\/\/www.sba.it\/en\/wp-json\/wp\/v2\/users\/2"}],"replies":[{"embeddable":true,"href":"https:\/\/www.sba.it\/en\/wp-json\/wp\/v2\/comments?post=78494"}],"version-history":[{"count":1,"href":"https:\/\/www.sba.it\/en\/wp-json\/wp\/v2\/pages\/78494\/revisions"}],"predecessor-version":[{"id":89516,"href":"https:\/\/www.sba.it\/en\/wp-json\/wp\/v2\/pages\/78494\/revisions\/89516"}],"wp:featuredmedia":[{"embeddable":true,"href":"https:\/\/www.sba.it\/en\/wp-json\/wp\/v2\/media\/1326"}],"wp:attachment":[{"href":"https:\/\/www.sba.it\/en\/wp-json\/wp\/v2\/media?parent=78494"}],"curies":[{"name":"wp","href":"https:\/\/api.w.org\/{rel}","templated":true}]}}