{"id":75280,"date":"2018-02-28T09:54:09","date_gmt":"2018-02-28T08:54:09","guid":{"rendered":"http:\/\/www.sba.it\/lupo-alessandro-biografia-quadri-in-vendita-stima-perizia-certificata-dipinti-di-lupo-alessandro\/"},"modified":"2022-05-26T12:07:16","modified_gmt":"2022-05-26T10:07:16","slug":"lupo-alessandro-biografia-quadri-in-vendita-stima-perizia-certificata-dipinti-di-lupo-alessandro","status":"publish","type":"page","link":"https:\/\/www.sba.it\/en\/artists\/lupo-alessandro-biografia-quadri-in-vendita-stima-perizia-certificata-dipinti-di-lupo-alessandro\/","title":{"rendered":"Lupo Alessandro (1876-1953). Biografia. Quadri in vendita."},"content":{"rendered":"<p style=\"text-align: justify;\">Alessandro Lupo nacque a Torino nel 1876. Iscrittosi alla facolt\u00e0 di legge, contemporaneamente ai corsi tenuti all\u2019<a href=\"https:\/\/www.albertina.academy\/\">Accademia Albertina<\/a> frequent\u00f2 lo studio del pittore Vittorio Cavalleri. Debutt\u00f2 alla Societ\u00e0 Promotrice delle Belle Arti di Torino del 1901 con tre impressioni dal vero che ottennero i favori della critica e del pubblico. Partecip\u00f2, quindi, alle Quadriennali torinesi del 1902 e del 1906, alle mostra annuali della Promotrice e del Circolo degli artisti e a numerose esposizioni pubbliche nazionali ed internazionali. Nel 1914 si present\u00f2 al Salon des Artistes a Lione e, in pi\u00f9 occasioni, al Salon di Parigi.<\/p>\n<p style=\"text-align: justify;\">Artista versatile, fu autore di vedute alpine, scorci di mercato e paesaggi con cavalli. Dipinse in Piemonte, in Valle d&#8217;Aosta, in Lombardia, a Capri, a Venezia e sull&#8217;isola di Ponza. Nel \u201825 tenne a Genova una mostra personale con quarantacinque opere, perlopi\u00f9 studi e impressioni dal vero eseguiti a Gressoney La Trinit\u00e9 come <em>Bucato mattutino<\/em>, <em>Ultimi raggi<\/em> e <em>Tempo splendido<\/em>. Nel maggio del \u201833 in una mostra presso Bottega d\u2019Arte di Livorno present\u00f2 quasi cento dipinti fra cui i caratteristici <em>Mercati,<\/em> che riscossero grande successo. Mor\u00ec a Torino il 22 giugno 1953.<\/p>\n<h3 style=\"font-size: 12pt;\"><a href=\"https:\/\/www.sba.it\/en\/paintings\/\"><strong>CATALOGO OPERE<\/strong>\u00a0|<\/a>\u00a0<a href=\"https:\/\/www.sba.it\/en\/to-sell\/\">V<strong>UOI VENDERE O COMPRARE UN QUADRO DI QUESTO ARTISTA?<\/strong><\/a><\/h3>\n","protected":false},"excerpt":{"rendered":"<p>Alessandro Lupo nacque a Torino nel 1876. Iscrittosi alla facolt\u00e0 di legge, contemporaneamente ai corsi tenuti all\u2019Accademia Albertina frequent\u00f2 lo [&hellip;]<\/p>\n","protected":false},"author":2,"featured_media":88986,"parent":73496,"menu_order":42,"comment_status":"closed","ping_status":"closed","template":"","meta":{"_monsterinsights_skip_tracking":false,"_monsterinsights_sitenote_active":false,"_monsterinsights_sitenote_note":"","_monsterinsights_sitenote_category":0,"footnotes":""},"class_list":["post-75280","page","type-page","status-publish","has-post-thumbnail","hentry","page_category-artists"],"yoast_head":"<!-- This site is optimized with the Yoast SEO plugin v27.5 - https:\/\/yoast.com\/product\/yoast-seo-wordpress\/ -->\n<title>Lupo Alessandro (1876-1953). Biografia. Quadri in vendita.<\/title>\n<meta name=\"description\" content=\"Alessandro Lupo leggi la vita del pittore piemontese dell&#039;800, Alessandro Lupo quadri in vendita, dipinti piemontesi dell&#039;800 dove comprarli\" \/>\n<meta name=\"robots\" content=\"index, follow, max-snippet:-1, max-image-preview:large, max-video-preview:-1\" \/>\n<link rel=\"canonical\" href=\"https:\/\/www.sba.it\/en\/artists\/lupo-alessandro-biografia-quadri-in-vendita-stima-perizia-certificata-dipinti-di-lupo-alessandro\/\" \/>\n<meta property=\"og:locale\" content=\"en_US\" \/>\n<meta property=\"og:type\" content=\"article\" \/>\n<meta property=\"og:title\" content=\"Lupo Alessandro (1876-1953). Biografia. Quadri in vendita.\" \/>\n<meta property=\"og:description\" content=\"Alessandro Lupo leggi la vita del pittore piemontese dell&#039;800, Alessandro Lupo quadri in vendita, dipinti piemontesi dell&#039;800 dove comprarli\" \/>\n<meta property=\"og:url\" content=\"https:\/\/www.sba.it\/en\/artists\/lupo-alessandro-biografia-quadri-in-vendita-stima-perizia-certificata-dipinti-di-lupo-alessandro\/\" \/>\n<meta property=\"og:site_name\" content=\"Societ\u00e0 di Belle Arti\" \/>\n<meta property=\"article:publisher\" content=\"https:\/\/www.facebook.com\/pitturaitaliana800e900\/\" \/>\n<meta property=\"article:modified_time\" content=\"2022-05-26T10:07:16+00:00\" \/>\n<meta property=\"og:image\" content=\"https:\/\/www.sba.it\/wp-content\/uploads\/2021\/05\/alessandro-lupo-dipinti-in-vendita.jpg\" \/>\n\t<meta property=\"og:image:width\" content=\"135\" \/>\n\t<meta property=\"og:image:height\" content=\"66\" \/>\n\t<meta property=\"og:image:type\" content=\"image\/jpeg\" \/>\n<meta name=\"twitter:card\" content=\"summary_large_image\" \/>\n<meta name=\"twitter:site\" content=\"@SocietaArti\" \/>\n<meta name=\"twitter:label1\" content=\"Est. reading time\" \/>\n\t<meta name=\"twitter:data1\" content=\"1 minute\" \/>\n<script type=\"application\/ld+json\" class=\"yoast-schema-graph\">{\"@context\":\"https:\\\/\\\/schema.org\",\"@graph\":[{\"@type\":\"WebPage\",\"@id\":\"https:\\\/\\\/www.sba.it\\\/en\\\/artists\\\/lupo-alessandro-biografia-quadri-in-vendita-stima-perizia-certificata-dipinti-di-lupo-alessandro\\\/\",\"url\":\"https:\\\/\\\/www.sba.it\\\/en\\\/artists\\\/lupo-alessandro-biografia-quadri-in-vendita-stima-perizia-certificata-dipinti-di-lupo-alessandro\\\/\",\"name\":\"Lupo Alessandro (1876-1953). Biografia. Quadri in vendita.\",\"isPartOf\":{\"@id\":\"https:\\\/\\\/www.sba.it\\\/#website\"},\"primaryImageOfPage\":{\"@id\":\"https:\\\/\\\/www.sba.it\\\/en\\\/artists\\\/lupo-alessandro-biografia-quadri-in-vendita-stima-perizia-certificata-dipinti-di-lupo-alessandro\\\/#primaryimage\"},\"image\":{\"@id\":\"https:\\\/\\\/www.sba.it\\\/en\\\/artists\\\/lupo-alessandro-biografia-quadri-in-vendita-stima-perizia-certificata-dipinti-di-lupo-alessandro\\\/#primaryimage\"},\"thumbnailUrl\":\"https:\\\/\\\/www.sba.it\\\/wp-content\\\/uploads\\\/2021\\\/05\\\/alessandro-lupo-dipinti-in-vendita.jpg\",\"datePublished\":\"2018-02-28T08:54:09+00:00\",\"dateModified\":\"2022-05-26T10:07:16+00:00\",\"description\":\"Alessandro Lupo leggi la vita del pittore piemontese dell'800, Alessandro Lupo quadri in vendita, dipinti piemontesi dell'800 dove comprarli\",\"breadcrumb\":{\"@id\":\"https:\\\/\\\/www.sba.it\\\/en\\\/artists\\\/lupo-alessandro-biografia-quadri-in-vendita-stima-perizia-certificata-dipinti-di-lupo-alessandro\\\/#breadcrumb\"},\"inLanguage\":\"en-US\",\"potentialAction\":[{\"@type\":\"ReadAction\",\"target\":[\"https:\\\/\\\/www.sba.it\\\/en\\\/artists\\\/lupo-alessandro-biografia-quadri-in-vendita-stima-perizia-certificata-dipinti-di-lupo-alessandro\\\/\"]}]},{\"@type\":\"ImageObject\",\"inLanguage\":\"en-US\",\"@id\":\"https:\\\/\\\/www.sba.it\\\/en\\\/artists\\\/lupo-alessandro-biografia-quadri-in-vendita-stima-perizia-certificata-dipinti-di-lupo-alessandro\\\/#primaryimage\",\"url\":\"https:\\\/\\\/www.sba.it\\\/wp-content\\\/uploads\\\/2021\\\/05\\\/alessandro-lupo-dipinti-in-vendita.jpg\",\"contentUrl\":\"https:\\\/\\\/www.sba.it\\\/wp-content\\\/uploads\\\/2021\\\/05\\\/alessandro-lupo-dipinti-in-vendita.jpg\",\"width\":135,\"height\":66,\"caption\":\"alessandro lupo dipinti in vendita\"},{\"@type\":\"BreadcrumbList\",\"@id\":\"https:\\\/\\\/www.sba.it\\\/en\\\/artists\\\/lupo-alessandro-biografia-quadri-in-vendita-stima-perizia-certificata-dipinti-di-lupo-alessandro\\\/#breadcrumb\",\"itemListElement\":[{\"@type\":\"ListItem\",\"position\":1,\"name\":\"Home\",\"item\":\"https:\\\/\\\/www.sba.it\\\/en\\\/\"},{\"@type\":\"ListItem\",\"position\":2,\"name\":\"Artists\",\"item\":\"https:\\\/\\\/www.sba.it\\\/en\\\/artists\\\/\"},{\"@type\":\"ListItem\",\"position\":3,\"name\":\"Lupo Alessandro (1876-1953). Biografia. Quadri in vendita.\"}]},{\"@type\":\"WebSite\",\"@id\":\"https:\\\/\\\/www.sba.it\\\/#website\",\"url\":\"https:\\\/\\\/www.sba.it\\\/\",\"name\":\"Societ\u00e0 di Belle Arti\",\"description\":\"Quadri macchiaioli e del 800 e 900 in vendita\",\"publisher\":{\"@id\":\"https:\\\/\\\/www.sba.it\\\/#organization\"},\"potentialAction\":[{\"@type\":\"SearchAction\",\"target\":{\"@type\":\"EntryPoint\",\"urlTemplate\":\"https:\\\/\\\/www.sba.it\\\/?s={search_term_string}\"},\"query-input\":{\"@type\":\"PropertyValueSpecification\",\"valueRequired\":true,\"valueName\":\"search_term_string\"}}],\"inLanguage\":\"en-US\"},{\"@type\":\"Organization\",\"@id\":\"https:\\\/\\\/www.sba.it\\\/#organization\",\"name\":\"Societ\u00e0 di Belle Arti\",\"url\":\"https:\\\/\\\/www.sba.it\\\/\",\"logo\":{\"@type\":\"ImageObject\",\"inLanguage\":\"en-US\",\"@id\":\"https:\\\/\\\/www.sba.it\\\/#\\\/schema\\\/logo\\\/image\\\/\",\"url\":\"https:\\\/\\\/www.sba.it\\\/wp-content\\\/uploads\\\/2019\\\/04\\\/Logo-rosso_nero.png\",\"contentUrl\":\"https:\\\/\\\/www.sba.it\\\/wp-content\\\/uploads\\\/2019\\\/04\\\/Logo-rosso_nero.png\",\"width\":2532,\"height\":1137,\"caption\":\"Societ\u00e0 di Belle Arti\"},\"image\":{\"@id\":\"https:\\\/\\\/www.sba.it\\\/#\\\/schema\\\/logo\\\/image\\\/\"},\"sameAs\":[\"https:\\\/\\\/www.facebook.com\\\/pitturaitaliana800e900\\\/\",\"https:\\\/\\\/x.com\\\/SocietaArti\",\"https:\\\/\\\/www.instagram.com\\\/societadibellearti\",\"https:\\\/\\\/www.linkedin.com\\\/in\\\/societ\u00e0-di-belle-arti-363aa8191\\\/\",\"https:\\\/\\\/www.youtube.com\\\/channel\\\/UC6fJlk-ajwhsnEIICATyXaQ\"]}]}<\/script>\n<!-- \/ Yoast SEO plugin. -->","yoast_head_json":{"title":"Lupo Alessandro (1876-1953). Biografia. Quadri in vendita.","description":"Alessandro Lupo leggi la vita del pittore piemontese dell'800, Alessandro Lupo quadri in vendita, dipinti piemontesi dell'800 dove comprarli","robots":{"index":"index","follow":"follow","max-snippet":"max-snippet:-1","max-image-preview":"max-image-preview:large","max-video-preview":"max-video-preview:-1"},"canonical":"https:\/\/www.sba.it\/en\/artists\/lupo-alessandro-biografia-quadri-in-vendita-stima-perizia-certificata-dipinti-di-lupo-alessandro\/","og_locale":"en_US","og_type":"article","og_title":"Lupo Alessandro (1876-1953). Biografia. Quadri in vendita.","og_description":"Alessandro Lupo leggi la vita del pittore piemontese dell'800, Alessandro Lupo quadri in vendita, dipinti piemontesi dell'800 dove comprarli","og_url":"https:\/\/www.sba.it\/en\/artists\/lupo-alessandro-biografia-quadri-in-vendita-stima-perizia-certificata-dipinti-di-lupo-alessandro\/","og_site_name":"Societ\u00e0 di Belle Arti","article_publisher":"https:\/\/www.facebook.com\/pitturaitaliana800e900\/","article_modified_time":"2022-05-26T10:07:16+00:00","og_image":[{"width":135,"height":66,"url":"https:\/\/www.sba.it\/wp-content\/uploads\/2021\/05\/alessandro-lupo-dipinti-in-vendita.jpg","type":"image\/jpeg"}],"twitter_card":"summary_large_image","twitter_site":"@SocietaArti","twitter_misc":{"Est. reading time":"1 minute"},"schema":{"@context":"https:\/\/schema.org","@graph":[{"@type":"WebPage","@id":"https:\/\/www.sba.it\/en\/artists\/lupo-alessandro-biografia-quadri-in-vendita-stima-perizia-certificata-dipinti-di-lupo-alessandro\/","url":"https:\/\/www.sba.it\/en\/artists\/lupo-alessandro-biografia-quadri-in-vendita-stima-perizia-certificata-dipinti-di-lupo-alessandro\/","name":"Lupo Alessandro (1876-1953). Biografia. Quadri in vendita.","isPartOf":{"@id":"https:\/\/www.sba.it\/#website"},"primaryImageOfPage":{"@id":"https:\/\/www.sba.it\/en\/artists\/lupo-alessandro-biografia-quadri-in-vendita-stima-perizia-certificata-dipinti-di-lupo-alessandro\/#primaryimage"},"image":{"@id":"https:\/\/www.sba.it\/en\/artists\/lupo-alessandro-biografia-quadri-in-vendita-stima-perizia-certificata-dipinti-di-lupo-alessandro\/#primaryimage"},"thumbnailUrl":"https:\/\/www.sba.it\/wp-content\/uploads\/2021\/05\/alessandro-lupo-dipinti-in-vendita.jpg","datePublished":"2018-02-28T08:54:09+00:00","dateModified":"2022-05-26T10:07:16+00:00","description":"Alessandro Lupo leggi la vita del pittore piemontese dell'800, Alessandro Lupo quadri in vendita, dipinti piemontesi dell'800 dove comprarli","breadcrumb":{"@id":"https:\/\/www.sba.it\/en\/artists\/lupo-alessandro-biografia-quadri-in-vendita-stima-perizia-certificata-dipinti-di-lupo-alessandro\/#breadcrumb"},"inLanguage":"en-US","potentialAction":[{"@type":"ReadAction","target":["https:\/\/www.sba.it\/en\/artists\/lupo-alessandro-biografia-quadri-in-vendita-stima-perizia-certificata-dipinti-di-lupo-alessandro\/"]}]},{"@type":"ImageObject","inLanguage":"en-US","@id":"https:\/\/www.sba.it\/en\/artists\/lupo-alessandro-biografia-quadri-in-vendita-stima-perizia-certificata-dipinti-di-lupo-alessandro\/#primaryimage","url":"https:\/\/www.sba.it\/wp-content\/uploads\/2021\/05\/alessandro-lupo-dipinti-in-vendita.jpg","contentUrl":"https:\/\/www.sba.it\/wp-content\/uploads\/2021\/05\/alessandro-lupo-dipinti-in-vendita.jpg","width":135,"height":66,"caption":"alessandro lupo dipinti in vendita"},{"@type":"BreadcrumbList","@id":"https:\/\/www.sba.it\/en\/artists\/lupo-alessandro-biografia-quadri-in-vendita-stima-perizia-certificata-dipinti-di-lupo-alessandro\/#breadcrumb","itemListElement":[{"@type":"ListItem","position":1,"name":"Home","item":"https:\/\/www.sba.it\/en\/"},{"@type":"ListItem","position":2,"name":"Artists","item":"https:\/\/www.sba.it\/en\/artists\/"},{"@type":"ListItem","position":3,"name":"Lupo Alessandro (1876-1953). Biografia. Quadri in vendita."}]},{"@type":"WebSite","@id":"https:\/\/www.sba.it\/#website","url":"https:\/\/www.sba.it\/","name":"Societ\u00e0 di Belle Arti","description":"Quadri macchiaioli e del 800 e 900 in vendita","publisher":{"@id":"https:\/\/www.sba.it\/#organization"},"potentialAction":[{"@type":"SearchAction","target":{"@type":"EntryPoint","urlTemplate":"https:\/\/www.sba.it\/?s={search_term_string}"},"query-input":{"@type":"PropertyValueSpecification","valueRequired":true,"valueName":"search_term_string"}}],"inLanguage":"en-US"},{"@type":"Organization","@id":"https:\/\/www.sba.it\/#organization","name":"Societ\u00e0 di Belle Arti","url":"https:\/\/www.sba.it\/","logo":{"@type":"ImageObject","inLanguage":"en-US","@id":"https:\/\/www.sba.it\/#\/schema\/logo\/image\/","url":"https:\/\/www.sba.it\/wp-content\/uploads\/2019\/04\/Logo-rosso_nero.png","contentUrl":"https:\/\/www.sba.it\/wp-content\/uploads\/2019\/04\/Logo-rosso_nero.png","width":2532,"height":1137,"caption":"Societ\u00e0 di Belle Arti"},"image":{"@id":"https:\/\/www.sba.it\/#\/schema\/logo\/image\/"},"sameAs":["https:\/\/www.facebook.com\/pitturaitaliana800e900\/","https:\/\/x.com\/SocietaArti","https:\/\/www.instagram.com\/societadibellearti","https:\/\/www.linkedin.com\/in\/societ\u00e0-di-belle-arti-363aa8191\/","https:\/\/www.youtube.com\/channel\/UC6fJlk-ajwhsnEIICATyXaQ"]}]}},"_links":{"self":[{"href":"https:\/\/www.sba.it\/en\/wp-json\/wp\/v2\/pages\/75280","targetHints":{"allow":["GET"]}}],"collection":[{"href":"https:\/\/www.sba.it\/en\/wp-json\/wp\/v2\/pages"}],"about":[{"href":"https:\/\/www.sba.it\/en\/wp-json\/wp\/v2\/types\/page"}],"author":[{"embeddable":true,"href":"https:\/\/www.sba.it\/en\/wp-json\/wp\/v2\/users\/2"}],"replies":[{"embeddable":true,"href":"https:\/\/www.sba.it\/en\/wp-json\/wp\/v2\/comments?post=75280"}],"version-history":[{"count":3,"href":"https:\/\/www.sba.it\/en\/wp-json\/wp\/v2\/pages\/75280\/revisions"}],"predecessor-version":[{"id":89293,"href":"https:\/\/www.sba.it\/en\/wp-json\/wp\/v2\/pages\/75280\/revisions\/89293"}],"up":[{"embeddable":true,"href":"https:\/\/www.sba.it\/en\/wp-json\/wp\/v2\/pages\/73496"}],"wp:featuredmedia":[{"embeddable":true,"href":"https:\/\/www.sba.it\/en\/wp-json\/wp\/v2\/media\/88986"}],"wp:attachment":[{"href":"https:\/\/www.sba.it\/en\/wp-json\/wp\/v2\/media?parent=75280"}],"curies":[{"name":"wp","href":"https:\/\/api.w.org\/{rel}","templated":true}]}}