{"id":75264,"date":"2018-02-28T10:12:43","date_gmt":"2018-02-28T09:12:43","guid":{"rendered":"http:\/\/www.sba.it\/maggi-cesare-biografia-quadri-in-vendita-stima-perizia-certificata-dipinti-di-maggi-cesare\/"},"modified":"2021-10-29T10:16:23","modified_gmt":"2021-10-29T08:16:23","slug":"maggi-cesare-biografia-quadri-in-vendita-stima-perizia-certificata-dipinti-di-maggi-cesare","status":"publish","type":"page","link":"https:\/\/www.sba.it\/en\/artists\/maggi-cesare-biografia-quadri-in-vendita-stima-perizia-certificata-dipinti-di-maggi-cesare\/","title":{"rendered":"Maggi Cesare (1881-1961). Biografia. Quadri in vendita."},"content":{"rendered":"<p style=\"text-align: justify;\">Cesare Maggi nacque a Roma il 13 gennaio 1881 durante una tappa della tourn\u00e9e teatrale dei genitori.<\/p>\n<p style=\"text-align: justify;\">Giovanissimo cominci\u00f2 a frequentare lo studio di <a href=\"http:\/\/www.sba.it\/corcos-vittorio-matteo-biografia-quadri-postmacchiaioli-in-vendita-valutazione-stima-perizia-certificata-di-dipinti-postmacchiaioli-di-corcos-vittorio-matteo\/\"><strong>Vittorio Corcos<\/strong><\/a> a Firenze; segu\u00ec poi a Napoli i corsi di Gaetano Esposito.<\/p>\n<p style=\"text-align: justify;\">Dopo un breve viaggio a Parigi, dove fu allievo di Fernand Cormon, si trasfer\u00ec a Torino iscrivendosi \u00a0all\u2019Accademia Albertina.<\/p>\n<p style=\"text-align: justify;\">Noto soprattutto per le raffigurazioni di paesaggi di alta montagna, si dedic\u00f2 con successo anche al ritratto.<\/p>\n<p style=\"text-align: justify;\">Esord\u00ec nel 1898 alla mostra annuale fiorentina della Societ\u00e0 di Belle Arti.<\/p>\n<p style=\"text-align: justify;\">Colpito dai dipinti di Segantini, che ebbe modo di ammirare alla mostra commemorativa del 1899, speriment\u00f2 la tecnica divisionista, lavorando in Engandina nel tentativo di emularne la pittura.<\/p>\n<p style=\"text-align: justify;\">Nel 1901 stipul\u00f2 un contratto con la galleria di Alberto Grubicy (interrotto nel 1904) grazie al quale, un anno pi\u00f9 tardi, pot\u00e9 allestire la prima personale presso la Societ\u00e0 per le Belle Arti di Milano.<\/p>\n<p style=\"text-align: justify;\">Nel 1905 partecip\u00f2 alla Biennale di Venezia con <em>Mattino in festa<\/em>, acquistato dalla New South Wales Gallery di Sidney.<\/p>\n<p style=\"text-align: justify;\">Nell\u2019edizione successiva vendette <em>La prima neve<\/em> alla Galleria d\u2019Arte Moderna di Roma, \u00a0dopo una lunga \u00a0contesa tra il museo romano e \u00a0il Museo Revoltella di Trieste.<\/p>\n<p style=\"text-align: justify;\">Nel 1903 vinse il premio Fumagalli con il quadro <em>La montagna<\/em>, intensific\u00f2, inoltre, la presenza alle rassegne ufficiali tra cui la Promotrice di Firenze (1907), dove present\u00f2<\/p>\n<p style=\"text-align: justify;\">Almeno c\u2019\u00e8 il fuoco e le\u00a0Biennali, esponendovi ininterrottamente dal 1905 al \u201826.<\/p>\n<p style=\"text-align: justify;\">Nel 1910 ottenne la medaglia d\u2019oro a Monaco con <em>Thuile d\u2019inverno<\/em>, che \u00a0l\u2019anno seguente gli valse la targa d\u2019argento del Club Alpino di Torino.<\/p>\n<p style=\"text-align: justify;\">Dal 1912 al \u201840 tenne numerose mostre personali.<\/p>\n<p style=\"text-align: justify;\">Nel 1914 vinse il premio Cremona con <em>Italica Gens<\/em>.<\/p>\n<p style=\"text-align: justify;\">Nel \u201835 fu nominato professore supplente all\u2019Accademia Albertina; divenuto ordinario l\u2019anno successivo, mantenne l\u2019incarico fino al 1952.<\/p>\n<p style=\"text-align: justify;\">Dopo il pensionamento non abbandon\u00f2, comunque, l\u2019attivit\u00e0 didattica continuando a ricevere gli allievi nel suo studio sino alla morte nel 1961.<\/p>\n<h3 style=\"font-size: 12pt;\"><a href=\"https:\/\/www.sba.it\/en\/paintings\/\"><strong>CATALOGO OPERE<\/strong>\u00a0|<\/a>\u00a0<a href=\"https:\/\/www.sba.it\/en\/to-sell\/\">V<strong>UOI VENDERE O COMPRARE UN QUADRO DI QUESTO ARTISTA?<\/strong><\/a><\/h3>\n","protected":false},"excerpt":{"rendered":"<p>Cesare Maggi nacque a Roma il 13 gennaio 1881 durante una tappa della tourn\u00e9e teatrale dei genitori. Giovanissimo cominci\u00f2 a [&hellip;]<\/p>\n","protected":false},"author":2,"featured_media":88994,"parent":73496,"menu_order":41,"comment_status":"closed","ping_status":"closed","template":"","meta":{"_monsterinsights_skip_tracking":false,"_monsterinsights_sitenote_active":false,"_monsterinsights_sitenote_note":"","_monsterinsights_sitenote_category":0,"footnotes":""},"class_list":["post-75264","page","type-page","status-publish","has-post-thumbnail","hentry","page_category-artists"],"yoast_head":"<!-- This site is optimized with the Yoast SEO plugin v27.5 - https:\/\/yoast.com\/product\/yoast-seo-wordpress\/ -->\n<title>Maggi Cesare (1881-1961). Biografia. Quadri in vendita.<\/title>\n<meta name=\"description\" content=\"Cesare Maggi leggi la vita del pittore toscano dell&#039;800, Cesare Maggi quadri in vendita, dipinti italiani dell&#039;800 dove acquistarli\" \/>\n<meta name=\"robots\" content=\"index, follow, max-snippet:-1, max-image-preview:large, max-video-preview:-1\" \/>\n<link rel=\"canonical\" href=\"https:\/\/www.sba.it\/en\/artists\/maggi-cesare-biografia-quadri-in-vendita-stima-perizia-certificata-dipinti-di-maggi-cesare\/\" \/>\n<meta property=\"og:locale\" content=\"en_US\" \/>\n<meta property=\"og:type\" content=\"article\" \/>\n<meta property=\"og:title\" content=\"Maggi Cesare (1881-1961). Biografia. Quadri in vendita.\" \/>\n<meta property=\"og:description\" content=\"Cesare Maggi leggi la vita del pittore toscano dell&#039;800, Cesare Maggi quadri in vendita, dipinti italiani dell&#039;800 dove acquistarli\" \/>\n<meta property=\"og:url\" content=\"https:\/\/www.sba.it\/en\/artists\/maggi-cesare-biografia-quadri-in-vendita-stima-perizia-certificata-dipinti-di-maggi-cesare\/\" \/>\n<meta property=\"og:site_name\" content=\"Societ\u00e0 di Belle Arti\" \/>\n<meta property=\"article:publisher\" content=\"https:\/\/www.facebook.com\/pitturaitaliana800e900\/\" \/>\n<meta property=\"article:modified_time\" content=\"2021-10-29T08:16:23+00:00\" \/>\n<meta property=\"og:image\" content=\"https:\/\/www.sba.it\/wp-content\/uploads\/2021\/05\/images-1.jpg\" \/>\n\t<meta property=\"og:image:width\" content=\"196\" \/>\n\t<meta property=\"og:image:height\" content=\"257\" \/>\n\t<meta property=\"og:image:type\" content=\"image\/jpeg\" \/>\n<meta name=\"twitter:card\" content=\"summary_large_image\" \/>\n<meta name=\"twitter:site\" content=\"@SocietaArti\" \/>\n<meta name=\"twitter:label1\" content=\"Est. reading time\" \/>\n\t<meta name=\"twitter:data1\" content=\"2 minutes\" \/>\n<script type=\"application\/ld+json\" class=\"yoast-schema-graph\">{\"@context\":\"https:\\\/\\\/schema.org\",\"@graph\":[{\"@type\":\"WebPage\",\"@id\":\"https:\\\/\\\/www.sba.it\\\/en\\\/artists\\\/maggi-cesare-biografia-quadri-in-vendita-stima-perizia-certificata-dipinti-di-maggi-cesare\\\/\",\"url\":\"https:\\\/\\\/www.sba.it\\\/en\\\/artists\\\/maggi-cesare-biografia-quadri-in-vendita-stima-perizia-certificata-dipinti-di-maggi-cesare\\\/\",\"name\":\"Maggi Cesare (1881-1961). Biografia. Quadri in vendita.\",\"isPartOf\":{\"@id\":\"https:\\\/\\\/www.sba.it\\\/#website\"},\"primaryImageOfPage\":{\"@id\":\"https:\\\/\\\/www.sba.it\\\/en\\\/artists\\\/maggi-cesare-biografia-quadri-in-vendita-stima-perizia-certificata-dipinti-di-maggi-cesare\\\/#primaryimage\"},\"image\":{\"@id\":\"https:\\\/\\\/www.sba.it\\\/en\\\/artists\\\/maggi-cesare-biografia-quadri-in-vendita-stima-perizia-certificata-dipinti-di-maggi-cesare\\\/#primaryimage\"},\"thumbnailUrl\":\"https:\\\/\\\/www.sba.it\\\/wp-content\\\/uploads\\\/2021\\\/05\\\/images-1.jpg\",\"datePublished\":\"2018-02-28T09:12:43+00:00\",\"dateModified\":\"2021-10-29T08:16:23+00:00\",\"description\":\"Cesare Maggi leggi la vita del pittore toscano dell'800, Cesare Maggi quadri in vendita, dipinti italiani dell'800 dove acquistarli\",\"breadcrumb\":{\"@id\":\"https:\\\/\\\/www.sba.it\\\/en\\\/artists\\\/maggi-cesare-biografia-quadri-in-vendita-stima-perizia-certificata-dipinti-di-maggi-cesare\\\/#breadcrumb\"},\"inLanguage\":\"en-US\",\"potentialAction\":[{\"@type\":\"ReadAction\",\"target\":[\"https:\\\/\\\/www.sba.it\\\/en\\\/artists\\\/maggi-cesare-biografia-quadri-in-vendita-stima-perizia-certificata-dipinti-di-maggi-cesare\\\/\"]}]},{\"@type\":\"ImageObject\",\"inLanguage\":\"en-US\",\"@id\":\"https:\\\/\\\/www.sba.it\\\/en\\\/artists\\\/maggi-cesare-biografia-quadri-in-vendita-stima-perizia-certificata-dipinti-di-maggi-cesare\\\/#primaryimage\",\"url\":\"https:\\\/\\\/www.sba.it\\\/wp-content\\\/uploads\\\/2021\\\/05\\\/images-1.jpg\",\"contentUrl\":\"https:\\\/\\\/www.sba.it\\\/wp-content\\\/uploads\\\/2021\\\/05\\\/images-1.jpg\",\"width\":196,\"height\":257,\"caption\":\"Cesare maggi vendita quadri\"},{\"@type\":\"BreadcrumbList\",\"@id\":\"https:\\\/\\\/www.sba.it\\\/en\\\/artists\\\/maggi-cesare-biografia-quadri-in-vendita-stima-perizia-certificata-dipinti-di-maggi-cesare\\\/#breadcrumb\",\"itemListElement\":[{\"@type\":\"ListItem\",\"position\":1,\"name\":\"Home\",\"item\":\"https:\\\/\\\/www.sba.it\\\/en\\\/\"},{\"@type\":\"ListItem\",\"position\":2,\"name\":\"Artists\",\"item\":\"https:\\\/\\\/www.sba.it\\\/en\\\/artists\\\/\"},{\"@type\":\"ListItem\",\"position\":3,\"name\":\"Maggi Cesare (1881-1961). Biografia. Quadri in vendita.\"}]},{\"@type\":\"WebSite\",\"@id\":\"https:\\\/\\\/www.sba.it\\\/#website\",\"url\":\"https:\\\/\\\/www.sba.it\\\/\",\"name\":\"Societ\u00e0 di Belle Arti\",\"description\":\"Quadri macchiaioli e del 800 e 900 in vendita\",\"publisher\":{\"@id\":\"https:\\\/\\\/www.sba.it\\\/#organization\"},\"potentialAction\":[{\"@type\":\"SearchAction\",\"target\":{\"@type\":\"EntryPoint\",\"urlTemplate\":\"https:\\\/\\\/www.sba.it\\\/?s={search_term_string}\"},\"query-input\":{\"@type\":\"PropertyValueSpecification\",\"valueRequired\":true,\"valueName\":\"search_term_string\"}}],\"inLanguage\":\"en-US\"},{\"@type\":\"Organization\",\"@id\":\"https:\\\/\\\/www.sba.it\\\/#organization\",\"name\":\"Societ\u00e0 di Belle Arti\",\"url\":\"https:\\\/\\\/www.sba.it\\\/\",\"logo\":{\"@type\":\"ImageObject\",\"inLanguage\":\"en-US\",\"@id\":\"https:\\\/\\\/www.sba.it\\\/#\\\/schema\\\/logo\\\/image\\\/\",\"url\":\"https:\\\/\\\/www.sba.it\\\/wp-content\\\/uploads\\\/2019\\\/04\\\/Logo-rosso_nero.png\",\"contentUrl\":\"https:\\\/\\\/www.sba.it\\\/wp-content\\\/uploads\\\/2019\\\/04\\\/Logo-rosso_nero.png\",\"width\":2532,\"height\":1137,\"caption\":\"Societ\u00e0 di Belle Arti\"},\"image\":{\"@id\":\"https:\\\/\\\/www.sba.it\\\/#\\\/schema\\\/logo\\\/image\\\/\"},\"sameAs\":[\"https:\\\/\\\/www.facebook.com\\\/pitturaitaliana800e900\\\/\",\"https:\\\/\\\/x.com\\\/SocietaArti\",\"https:\\\/\\\/www.instagram.com\\\/societadibellearti\",\"https:\\\/\\\/www.linkedin.com\\\/in\\\/societ\u00e0-di-belle-arti-363aa8191\\\/\",\"https:\\\/\\\/www.youtube.com\\\/channel\\\/UC6fJlk-ajwhsnEIICATyXaQ\"]}]}<\/script>\n<!-- \/ Yoast SEO plugin. -->","yoast_head_json":{"title":"Maggi Cesare (1881-1961). Biografia. Quadri in vendita.","description":"Cesare Maggi leggi la vita del pittore toscano dell'800, Cesare Maggi quadri in vendita, dipinti italiani dell'800 dove acquistarli","robots":{"index":"index","follow":"follow","max-snippet":"max-snippet:-1","max-image-preview":"max-image-preview:large","max-video-preview":"max-video-preview:-1"},"canonical":"https:\/\/www.sba.it\/en\/artists\/maggi-cesare-biografia-quadri-in-vendita-stima-perizia-certificata-dipinti-di-maggi-cesare\/","og_locale":"en_US","og_type":"article","og_title":"Maggi Cesare (1881-1961). Biografia. Quadri in vendita.","og_description":"Cesare Maggi leggi la vita del pittore toscano dell'800, Cesare Maggi quadri in vendita, dipinti italiani dell'800 dove acquistarli","og_url":"https:\/\/www.sba.it\/en\/artists\/maggi-cesare-biografia-quadri-in-vendita-stima-perizia-certificata-dipinti-di-maggi-cesare\/","og_site_name":"Societ\u00e0 di Belle Arti","article_publisher":"https:\/\/www.facebook.com\/pitturaitaliana800e900\/","article_modified_time":"2021-10-29T08:16:23+00:00","og_image":[{"width":196,"height":257,"url":"https:\/\/www.sba.it\/wp-content\/uploads\/2021\/05\/images-1.jpg","type":"image\/jpeg"}],"twitter_card":"summary_large_image","twitter_site":"@SocietaArti","twitter_misc":{"Est. reading time":"2 minutes"},"schema":{"@context":"https:\/\/schema.org","@graph":[{"@type":"WebPage","@id":"https:\/\/www.sba.it\/en\/artists\/maggi-cesare-biografia-quadri-in-vendita-stima-perizia-certificata-dipinti-di-maggi-cesare\/","url":"https:\/\/www.sba.it\/en\/artists\/maggi-cesare-biografia-quadri-in-vendita-stima-perizia-certificata-dipinti-di-maggi-cesare\/","name":"Maggi Cesare (1881-1961). Biografia. Quadri in vendita.","isPartOf":{"@id":"https:\/\/www.sba.it\/#website"},"primaryImageOfPage":{"@id":"https:\/\/www.sba.it\/en\/artists\/maggi-cesare-biografia-quadri-in-vendita-stima-perizia-certificata-dipinti-di-maggi-cesare\/#primaryimage"},"image":{"@id":"https:\/\/www.sba.it\/en\/artists\/maggi-cesare-biografia-quadri-in-vendita-stima-perizia-certificata-dipinti-di-maggi-cesare\/#primaryimage"},"thumbnailUrl":"https:\/\/www.sba.it\/wp-content\/uploads\/2021\/05\/images-1.jpg","datePublished":"2018-02-28T09:12:43+00:00","dateModified":"2021-10-29T08:16:23+00:00","description":"Cesare Maggi leggi la vita del pittore toscano dell'800, Cesare Maggi quadri in vendita, dipinti italiani dell'800 dove acquistarli","breadcrumb":{"@id":"https:\/\/www.sba.it\/en\/artists\/maggi-cesare-biografia-quadri-in-vendita-stima-perizia-certificata-dipinti-di-maggi-cesare\/#breadcrumb"},"inLanguage":"en-US","potentialAction":[{"@type":"ReadAction","target":["https:\/\/www.sba.it\/en\/artists\/maggi-cesare-biografia-quadri-in-vendita-stima-perizia-certificata-dipinti-di-maggi-cesare\/"]}]},{"@type":"ImageObject","inLanguage":"en-US","@id":"https:\/\/www.sba.it\/en\/artists\/maggi-cesare-biografia-quadri-in-vendita-stima-perizia-certificata-dipinti-di-maggi-cesare\/#primaryimage","url":"https:\/\/www.sba.it\/wp-content\/uploads\/2021\/05\/images-1.jpg","contentUrl":"https:\/\/www.sba.it\/wp-content\/uploads\/2021\/05\/images-1.jpg","width":196,"height":257,"caption":"Cesare maggi vendita quadri"},{"@type":"BreadcrumbList","@id":"https:\/\/www.sba.it\/en\/artists\/maggi-cesare-biografia-quadri-in-vendita-stima-perizia-certificata-dipinti-di-maggi-cesare\/#breadcrumb","itemListElement":[{"@type":"ListItem","position":1,"name":"Home","item":"https:\/\/www.sba.it\/en\/"},{"@type":"ListItem","position":2,"name":"Artists","item":"https:\/\/www.sba.it\/en\/artists\/"},{"@type":"ListItem","position":3,"name":"Maggi Cesare (1881-1961). Biografia. Quadri in vendita."}]},{"@type":"WebSite","@id":"https:\/\/www.sba.it\/#website","url":"https:\/\/www.sba.it\/","name":"Societ\u00e0 di Belle Arti","description":"Quadri macchiaioli e del 800 e 900 in vendita","publisher":{"@id":"https:\/\/www.sba.it\/#organization"},"potentialAction":[{"@type":"SearchAction","target":{"@type":"EntryPoint","urlTemplate":"https:\/\/www.sba.it\/?s={search_term_string}"},"query-input":{"@type":"PropertyValueSpecification","valueRequired":true,"valueName":"search_term_string"}}],"inLanguage":"en-US"},{"@type":"Organization","@id":"https:\/\/www.sba.it\/#organization","name":"Societ\u00e0 di Belle Arti","url":"https:\/\/www.sba.it\/","logo":{"@type":"ImageObject","inLanguage":"en-US","@id":"https:\/\/www.sba.it\/#\/schema\/logo\/image\/","url":"https:\/\/www.sba.it\/wp-content\/uploads\/2019\/04\/Logo-rosso_nero.png","contentUrl":"https:\/\/www.sba.it\/wp-content\/uploads\/2019\/04\/Logo-rosso_nero.png","width":2532,"height":1137,"caption":"Societ\u00e0 di Belle Arti"},"image":{"@id":"https:\/\/www.sba.it\/#\/schema\/logo\/image\/"},"sameAs":["https:\/\/www.facebook.com\/pitturaitaliana800e900\/","https:\/\/x.com\/SocietaArti","https:\/\/www.instagram.com\/societadibellearti","https:\/\/www.linkedin.com\/in\/societ\u00e0-di-belle-arti-363aa8191\/","https:\/\/www.youtube.com\/channel\/UC6fJlk-ajwhsnEIICATyXaQ"]}]}},"_links":{"self":[{"href":"https:\/\/www.sba.it\/en\/wp-json\/wp\/v2\/pages\/75264","targetHints":{"allow":["GET"]}}],"collection":[{"href":"https:\/\/www.sba.it\/en\/wp-json\/wp\/v2\/pages"}],"about":[{"href":"https:\/\/www.sba.it\/en\/wp-json\/wp\/v2\/types\/page"}],"author":[{"embeddable":true,"href":"https:\/\/www.sba.it\/en\/wp-json\/wp\/v2\/users\/2"}],"replies":[{"embeddable":true,"href":"https:\/\/www.sba.it\/en\/wp-json\/wp\/v2\/comments?post=75264"}],"version-history":[{"count":4,"href":"https:\/\/www.sba.it\/en\/wp-json\/wp\/v2\/pages\/75264\/revisions"}],"predecessor-version":[{"id":88997,"href":"https:\/\/www.sba.it\/en\/wp-json\/wp\/v2\/pages\/75264\/revisions\/88997"}],"up":[{"embeddable":true,"href":"https:\/\/www.sba.it\/en\/wp-json\/wp\/v2\/pages\/73496"}],"wp:featuredmedia":[{"embeddable":true,"href":"https:\/\/www.sba.it\/en\/wp-json\/wp\/v2\/media\/88994"}],"wp:attachment":[{"href":"https:\/\/www.sba.it\/en\/wp-json\/wp\/v2\/media?parent=75264"}],"curies":[{"name":"wp","href":"https:\/\/api.w.org\/{rel}","templated":true}]}}