{"id":75177,"date":"2018-03-23T09:53:43","date_gmt":"2018-03-23T08:53:43","guid":{"rendered":"http:\/\/www.sba.it\/cammarano-michele-biografia-quadri-vendita-stima-perizia-expertise-dipinti-di-michele-cammarano\/"},"modified":"2019-04-15T10:56:03","modified_gmt":"2019-04-15T08:56:03","slug":"cammarano-michele-biografia-quadri-vendita-stima-perizia-expertise-dipinti-di-michele-cammarano","status":"publish","type":"page","link":"https:\/\/www.sba.it\/en\/artists\/cammarano-michele-biografia-quadri-vendita-stima-perizia-expertise-dipinti-di-michele-cammarano\/","title":{"rendered":"Cammarano Michele (1835-1920). Biografia. Quadri in vendita."},"content":{"rendered":"<p style=\"text-align: justify;\"><img decoding=\"async\" class=\" alignleft size-full wp-image-3096\" style=\"margin-right: 20px; float: left;\" src=\"http:\/\/www.sba.it\/wp-content\/uploads\/2018\/03\/images_artisti_cammarano-michele-autoritratto.jpg\" alt=\"cammarano-michele-autoritratto\" width=\"300\" height=\"366\" srcset=\"https:\/\/www.sba.it\/wp-content\/uploads\/2018\/03\/images_artisti_cammarano-michele-autoritratto.jpg 300w, https:\/\/www.sba.it\/wp-content\/uploads\/2018\/03\/images_artisti_cammarano-michele-autoritratto-246x300.jpg 246w\" sizes=\"(max-width: 300px) 100vw, 300px\" \/>Michele Cammarano nacque a Napoli nel 1835 e ricevette i primi insegnamenti artistici dal nonno paterno Giuseppe e dal prozio Antonio.<\/p>\n<p style=\"text-align: justify;\">Nel 1853 si iscrisse al Real Istituto di Belle Arti di Napoli.<\/p>\n<p style=\"text-align: justify;\">Qui\u00a0 frequent\u00f2 la scuola di Paesaggio di Gabriele Smargiassi e quella di Scenografia di Pietro Venier.<\/p>\n<p style=\"text-align: justify;\">Tra il 1854 e il \u201855 entr\u00f2 in contatto con Nicola Palizzi eseguendo con lui studi all\u2019aperto a Capri, Cava e a Campobasso.<\/p>\n<p style=\"text-align: justify;\">L&#8217;anno successivo\u00a0 conobbe il fratello Filippo.<\/p>\n<p style=\"text-align: justify;\">La loro influenza\u00a0 \u00e8 evidente nel dipinto<em> I crociati che tagliano un bosco<\/em>\u00a0e nel <em>Paesaggio invernale o giornata triste<\/em> del 1861.<\/p>\n<p style=\"text-align: justify;\">Nel 1859 al concorso per il pensionato di Roma present\u00f2 il paesaggio storico <em>Anacoreta presso una spelonca<\/em>, che se nell\u2019impostazione compositiva evidenzia ancora legami con Smargiassi, nella tensione luministica denota piuttosto un\u2019attenzione ai modi di <strong><a href=\"http:\/\/www.sba.it\/nicola-palizzi-biografia-quadri-vendita-stima-perizia-dipinti-800\/\">Nicola Palizzi<\/a><\/strong>.<\/p>\n<p style=\"text-align: justify;\">Nel 1860 partecip\u00f2 ai moti risorgimentali seguendo Garibaldi e arruolandosi nella Guardia Nazionale contro il brigantaggio.<\/p>\n<p style=\"text-align: justify;\">Frutto di tali esperienze \u00e8 il dipinto <em>Due martiri della Patria<\/em> presentato all\u2019esposizione di Firenze del 1861, citt\u00e0 nella quale entr\u00f2 in contatto con i <a href=\"https:\/\/www.sba.it\/en\/macchiaioli-paintings-for-sale-19th-20th-century-italian-paintings-for-sale\/\"><strong>Macchiaioli<\/strong><\/a>.<\/p>\n<p style=\"text-align: justify;\">\u00a0Nel 1862 Cammarano partecip\u00f2 alla\u00a0 napoletana Societ\u00e0 promotrice\u00a0 di Belle Arti con <em>Napoli 2 novembre<\/em>, <em>Episodio del terremoto di Torre del Greco nel 1862.<\/em> Quetso fu acquistato dal barone Vonwiller.<\/p>\n<p style=\"text-align: justify;\">L\u2019anno seguente\u00a0 vi present\u00f2 <em>Ozio e lavoro<\/em>.<\/p>\n<p style=\"text-align: justify;\">Sempre nel \u201863 prese parte al concorso bandito dal Municipio di Napoli per l\u2019acquisto di un quadro storico con<em> Le stragi di Altamura<\/em>.<\/p>\n<p style=\"text-align: justify;\">Il dipinto era ispirato ai delitti \u00a0del cardinale Ruffo al tempo della repubblica napoletana del 1799.<\/p>\n<p style=\"text-align: justify;\">Nel 1865 si trasfer\u00ec a Roma dedicandosi a quadri di soggetto popolare in cui \u00e8 forte la vena polemica nei confronti della societ\u00e0 dell\u2019epoca.<\/p>\n<p style=\"text-align: justify;\">Tra il 1868 e \u201969, durante il soggiorno veneziano, present\u00f2 alcune opere come <em>Piazza San Marco<\/em> e<em> Le risorse della povera gente<\/em>, che suscitarono grande interesse da parte di <a href=\"\/?page_id=271\"><strong>Guglielmo Ciardi<\/strong><\/a>, <a href=\"https:\/\/www.sba.it\/en\/nono-luigi-biografia-quadri-in-vendita-valutazione-stima-perizia-certificata-di-dipinti-di-nono-luigi\/\"><strong>Luigi Nono<\/strong><\/a> e <a href=\"https:\/\/www.sba.it\/en\/favretto-giacomo-biografia-quadri-in-vendita-valutazione-stima-perizia-certificata-di-dipinti-di-favretto-giacomo\/\"><strong>Giacomo Favretto<\/strong><\/a>.<\/p>\n<p style=\"text-align: justify;\">Rientrato a Roma, si rec\u00f2 a Parigi nel 1870 per conoscere Courbet; apprezz\u00f2 anche opere di Gericault, Delacroix, Ingres, Millet e Rousseau. Per il Salon realizz\u00f2 <em>Debito di gioco<\/em>.<\/p>\n<p style=\"text-align: justify;\">Di nuovo a Roma, ne celebr\u00f2 la liberazione con <em>La Carica dei Bersaglieri a Porta Pia<\/em> del 1871.<\/p>\n<p style=\"text-align: justify;\">A questo\u00a0 altri dipinti di carattere storico, quali <em>Il 24 giugno 1859 a San Martino<\/em> (1853) e<em> La battaglia di Dogali<\/em>, commissionatagli dal governo italiano nel 1888 e terminata solo nel 1895.<\/p>\n<p style=\"text-align: justify;\">Nel 1900 rientr\u00f2 a Napoli e ricopr\u00ec, all\u2019Istituto di Belle Arti, sino alla morte nel \u201920, la Cattedra di pittura di paesaggio, gi\u00e0 di <strong><a href=\"https:\/\/www.sba.it\/en\/palizzi-filippo-biografia-quadri-in-vendita-valutazione-stima-perizia-certificata-di-dipinti-di-palizzi-filippo\/\">Filippo Palizzi<\/a><\/strong>.<\/p>\n<h3 style=\"font-size: 12pt;\"><\/h3>\n<h3 style=\"font-size: 12pt;\"><a href=\"https:\/\/www.sba.it\/en\/excellence\/\">CATALOGO OPERE<\/a>\u00a0| <a href=\"https:\/\/www.sba.it\/en\/to-sell\/\">VUOI VENDERE O COMPRARE UN QUADRO DI QUESTO ARTISTA?<\/a><\/h3>\n","protected":false},"excerpt":{"rendered":"<p>Michele Cammarano nacque a Napoli nel 1835 e ricevette i primi insegnamenti artistici dal nonno paterno Giuseppe e dal prozio [&hellip;]<\/p>\n","protected":false},"author":2,"featured_media":3098,"parent":73496,"menu_order":34,"comment_status":"closed","ping_status":"closed","template":"","meta":{"_monsterinsights_skip_tracking":false,"_monsterinsights_sitenote_active":false,"_monsterinsights_sitenote_note":"","_monsterinsights_sitenote_category":0,"footnotes":""},"class_list":["post-75177","page","type-page","status-publish","has-post-thumbnail","hentry","page_category-artists"],"yoast_head":"<!-- This site is optimized with the Yoast SEO plugin v27.4 - https:\/\/yoast.com\/product\/yoast-seo-wordpress\/ -->\n<title>Cammarano Michele (1835-1920). Biografia. Quadri in vendita.<\/title>\n<meta name=\"description\" content=\"Michele Cammarano biografia e quadri in vendita pittori napoletani dell&#039;800 e 900 galleria online dipinti 800 e 900 societ\u00e0 di belle arti.\" \/>\n<meta name=\"robots\" content=\"index, follow, max-snippet:-1, max-image-preview:large, max-video-preview:-1\" \/>\n<link rel=\"canonical\" href=\"https:\/\/www.sba.it\/en\/artists\/cammarano-michele-biografia-quadri-vendita-stima-perizia-expertise-dipinti-di-michele-cammarano\/\" \/>\n<meta property=\"og:locale\" content=\"en_US\" \/>\n<meta property=\"og:type\" content=\"article\" \/>\n<meta property=\"og:title\" content=\"Cammarano Michele (1835-1920). Biografia. Quadri in vendita.\" \/>\n<meta property=\"og:description\" content=\"Michele Cammarano biografia e quadri in vendita pittori napoletani dell&#039;800 e 900 galleria online dipinti 800 e 900 societ\u00e0 di belle arti.\" \/>\n<meta property=\"og:url\" content=\"https:\/\/www.sba.it\/en\/artists\/cammarano-michele-biografia-quadri-vendita-stima-perizia-expertise-dipinti-di-michele-cammarano\/\" \/>\n<meta property=\"og:site_name\" content=\"Societ\u00e0 di Belle Arti\" \/>\n<meta property=\"article:publisher\" content=\"https:\/\/www.facebook.com\/pitturaitaliana800e900\/\" \/>\n<meta property=\"article:modified_time\" content=\"2019-04-15T08:56:03+00:00\" \/>\n<meta property=\"og:image\" content=\"https:\/\/www.sba.it\/wp-content\/uploads\/2018\/03\/images_artisti_cammarano-michele-autoritratto.jpg\" \/>\n\t<meta property=\"og:image:width\" content=\"300\" \/>\n\t<meta property=\"og:image:height\" content=\"366\" \/>\n\t<meta property=\"og:image:type\" content=\"image\/jpeg\" \/>\n<meta name=\"twitter:card\" content=\"summary_large_image\" \/>\n<meta name=\"twitter:site\" content=\"@SocietaArti\" \/>\n<meta name=\"twitter:label1\" content=\"Est. reading time\" \/>\n\t<meta name=\"twitter:data1\" content=\"2 minutes\" \/>\n<script type=\"application\/ld+json\" class=\"yoast-schema-graph\">{\"@context\":\"https:\\\/\\\/schema.org\",\"@graph\":[{\"@type\":\"WebPage\",\"@id\":\"https:\\\/\\\/www.sba.it\\\/en\\\/artists\\\/cammarano-michele-biografia-quadri-vendita-stima-perizia-expertise-dipinti-di-michele-cammarano\\\/\",\"url\":\"https:\\\/\\\/www.sba.it\\\/en\\\/artists\\\/cammarano-michele-biografia-quadri-vendita-stima-perizia-expertise-dipinti-di-michele-cammarano\\\/\",\"name\":\"Cammarano Michele (1835-1920). Biografia. Quadri in vendita.\",\"isPartOf\":{\"@id\":\"https:\\\/\\\/www.sba.it\\\/#website\"},\"primaryImageOfPage\":{\"@id\":\"https:\\\/\\\/www.sba.it\\\/en\\\/artists\\\/cammarano-michele-biografia-quadri-vendita-stima-perizia-expertise-dipinti-di-michele-cammarano\\\/#primaryimage\"},\"image\":{\"@id\":\"https:\\\/\\\/www.sba.it\\\/en\\\/artists\\\/cammarano-michele-biografia-quadri-vendita-stima-perizia-expertise-dipinti-di-michele-cammarano\\\/#primaryimage\"},\"thumbnailUrl\":\"https:\\\/\\\/www.sba.it\\\/wp-content\\\/uploads\\\/2018\\\/03\\\/images_artisti_cammarano-michele-autoritratto.jpg\",\"datePublished\":\"2018-03-23T08:53:43+00:00\",\"dateModified\":\"2019-04-15T08:56:03+00:00\",\"description\":\"Michele Cammarano biografia e quadri in vendita pittori napoletani dell'800 e 900 galleria online dipinti 800 e 900 societ\u00e0 di belle arti.\",\"breadcrumb\":{\"@id\":\"https:\\\/\\\/www.sba.it\\\/en\\\/artists\\\/cammarano-michele-biografia-quadri-vendita-stima-perizia-expertise-dipinti-di-michele-cammarano\\\/#breadcrumb\"},\"inLanguage\":\"en-US\",\"potentialAction\":[{\"@type\":\"ReadAction\",\"target\":[\"https:\\\/\\\/www.sba.it\\\/en\\\/artists\\\/cammarano-michele-biografia-quadri-vendita-stima-perizia-expertise-dipinti-di-michele-cammarano\\\/\"]}]},{\"@type\":\"ImageObject\",\"inLanguage\":\"en-US\",\"@id\":\"https:\\\/\\\/www.sba.it\\\/en\\\/artists\\\/cammarano-michele-biografia-quadri-vendita-stima-perizia-expertise-dipinti-di-michele-cammarano\\\/#primaryimage\",\"url\":\"https:\\\/\\\/www.sba.it\\\/wp-content\\\/uploads\\\/2018\\\/03\\\/images_artisti_cammarano-michele-autoritratto.jpg\",\"contentUrl\":\"https:\\\/\\\/www.sba.it\\\/wp-content\\\/uploads\\\/2018\\\/03\\\/images_artisti_cammarano-michele-autoritratto.jpg\",\"width\":300,\"height\":366,\"caption\":\"Autoritratto di Michele Cammarano\"},{\"@type\":\"BreadcrumbList\",\"@id\":\"https:\\\/\\\/www.sba.it\\\/en\\\/artists\\\/cammarano-michele-biografia-quadri-vendita-stima-perizia-expertise-dipinti-di-michele-cammarano\\\/#breadcrumb\",\"itemListElement\":[{\"@type\":\"ListItem\",\"position\":1,\"name\":\"Home\",\"item\":\"https:\\\/\\\/www.sba.it\\\/en\\\/\"},{\"@type\":\"ListItem\",\"position\":2,\"name\":\"Artists\",\"item\":\"https:\\\/\\\/www.sba.it\\\/en\\\/artists\\\/\"},{\"@type\":\"ListItem\",\"position\":3,\"name\":\"Cammarano Michele (1835-1920). Biografia. Quadri in vendita.\"}]},{\"@type\":\"WebSite\",\"@id\":\"https:\\\/\\\/www.sba.it\\\/#website\",\"url\":\"https:\\\/\\\/www.sba.it\\\/\",\"name\":\"Societ\u00e0 di Belle Arti\",\"description\":\"Quadri macchiaioli e del 800 e 900 in vendita\",\"publisher\":{\"@id\":\"https:\\\/\\\/www.sba.it\\\/#organization\"},\"potentialAction\":[{\"@type\":\"SearchAction\",\"target\":{\"@type\":\"EntryPoint\",\"urlTemplate\":\"https:\\\/\\\/www.sba.it\\\/?s={search_term_string}\"},\"query-input\":{\"@type\":\"PropertyValueSpecification\",\"valueRequired\":true,\"valueName\":\"search_term_string\"}}],\"inLanguage\":\"en-US\"},{\"@type\":\"Organization\",\"@id\":\"https:\\\/\\\/www.sba.it\\\/#organization\",\"name\":\"Societ\u00e0 di Belle Arti\",\"url\":\"https:\\\/\\\/www.sba.it\\\/\",\"logo\":{\"@type\":\"ImageObject\",\"inLanguage\":\"en-US\",\"@id\":\"https:\\\/\\\/www.sba.it\\\/#\\\/schema\\\/logo\\\/image\\\/\",\"url\":\"https:\\\/\\\/www.sba.it\\\/wp-content\\\/uploads\\\/2019\\\/04\\\/Logo-rosso_nero.png\",\"contentUrl\":\"https:\\\/\\\/www.sba.it\\\/wp-content\\\/uploads\\\/2019\\\/04\\\/Logo-rosso_nero.png\",\"width\":2532,\"height\":1137,\"caption\":\"Societ\u00e0 di Belle Arti\"},\"image\":{\"@id\":\"https:\\\/\\\/www.sba.it\\\/#\\\/schema\\\/logo\\\/image\\\/\"},\"sameAs\":[\"https:\\\/\\\/www.facebook.com\\\/pitturaitaliana800e900\\\/\",\"https:\\\/\\\/x.com\\\/SocietaArti\",\"https:\\\/\\\/www.instagram.com\\\/societadibellearti\",\"https:\\\/\\\/www.linkedin.com\\\/in\\\/societ\u00e0-di-belle-arti-363aa8191\\\/\",\"https:\\\/\\\/www.youtube.com\\\/channel\\\/UC6fJlk-ajwhsnEIICATyXaQ\"]}]}<\/script>\n<!-- \/ Yoast SEO plugin. -->","yoast_head_json":{"title":"Cammarano Michele (1835-1920). Biografia. Quadri in vendita.","description":"Michele Cammarano biografia e quadri in vendita pittori napoletani dell'800 e 900 galleria online dipinti 800 e 900 societ\u00e0 di belle arti.","robots":{"index":"index","follow":"follow","max-snippet":"max-snippet:-1","max-image-preview":"max-image-preview:large","max-video-preview":"max-video-preview:-1"},"canonical":"https:\/\/www.sba.it\/en\/artists\/cammarano-michele-biografia-quadri-vendita-stima-perizia-expertise-dipinti-di-michele-cammarano\/","og_locale":"en_US","og_type":"article","og_title":"Cammarano Michele (1835-1920). Biografia. Quadri in vendita.","og_description":"Michele Cammarano biografia e quadri in vendita pittori napoletani dell'800 e 900 galleria online dipinti 800 e 900 societ\u00e0 di belle arti.","og_url":"https:\/\/www.sba.it\/en\/artists\/cammarano-michele-biografia-quadri-vendita-stima-perizia-expertise-dipinti-di-michele-cammarano\/","og_site_name":"Societ\u00e0 di Belle Arti","article_publisher":"https:\/\/www.facebook.com\/pitturaitaliana800e900\/","article_modified_time":"2019-04-15T08:56:03+00:00","og_image":[{"width":300,"height":366,"url":"https:\/\/www.sba.it\/wp-content\/uploads\/2018\/03\/images_artisti_cammarano-michele-autoritratto.jpg","type":"image\/jpeg"}],"twitter_card":"summary_large_image","twitter_site":"@SocietaArti","twitter_misc":{"Est. reading time":"2 minutes"},"schema":{"@context":"https:\/\/schema.org","@graph":[{"@type":"WebPage","@id":"https:\/\/www.sba.it\/en\/artists\/cammarano-michele-biografia-quadri-vendita-stima-perizia-expertise-dipinti-di-michele-cammarano\/","url":"https:\/\/www.sba.it\/en\/artists\/cammarano-michele-biografia-quadri-vendita-stima-perizia-expertise-dipinti-di-michele-cammarano\/","name":"Cammarano Michele (1835-1920). Biografia. Quadri in vendita.","isPartOf":{"@id":"https:\/\/www.sba.it\/#website"},"primaryImageOfPage":{"@id":"https:\/\/www.sba.it\/en\/artists\/cammarano-michele-biografia-quadri-vendita-stima-perizia-expertise-dipinti-di-michele-cammarano\/#primaryimage"},"image":{"@id":"https:\/\/www.sba.it\/en\/artists\/cammarano-michele-biografia-quadri-vendita-stima-perizia-expertise-dipinti-di-michele-cammarano\/#primaryimage"},"thumbnailUrl":"https:\/\/www.sba.it\/wp-content\/uploads\/2018\/03\/images_artisti_cammarano-michele-autoritratto.jpg","datePublished":"2018-03-23T08:53:43+00:00","dateModified":"2019-04-15T08:56:03+00:00","description":"Michele Cammarano biografia e quadri in vendita pittori napoletani dell'800 e 900 galleria online dipinti 800 e 900 societ\u00e0 di belle arti.","breadcrumb":{"@id":"https:\/\/www.sba.it\/en\/artists\/cammarano-michele-biografia-quadri-vendita-stima-perizia-expertise-dipinti-di-michele-cammarano\/#breadcrumb"},"inLanguage":"en-US","potentialAction":[{"@type":"ReadAction","target":["https:\/\/www.sba.it\/en\/artists\/cammarano-michele-biografia-quadri-vendita-stima-perizia-expertise-dipinti-di-michele-cammarano\/"]}]},{"@type":"ImageObject","inLanguage":"en-US","@id":"https:\/\/www.sba.it\/en\/artists\/cammarano-michele-biografia-quadri-vendita-stima-perizia-expertise-dipinti-di-michele-cammarano\/#primaryimage","url":"https:\/\/www.sba.it\/wp-content\/uploads\/2018\/03\/images_artisti_cammarano-michele-autoritratto.jpg","contentUrl":"https:\/\/www.sba.it\/wp-content\/uploads\/2018\/03\/images_artisti_cammarano-michele-autoritratto.jpg","width":300,"height":366,"caption":"Autoritratto di Michele Cammarano"},{"@type":"BreadcrumbList","@id":"https:\/\/www.sba.it\/en\/artists\/cammarano-michele-biografia-quadri-vendita-stima-perizia-expertise-dipinti-di-michele-cammarano\/#breadcrumb","itemListElement":[{"@type":"ListItem","position":1,"name":"Home","item":"https:\/\/www.sba.it\/en\/"},{"@type":"ListItem","position":2,"name":"Artists","item":"https:\/\/www.sba.it\/en\/artists\/"},{"@type":"ListItem","position":3,"name":"Cammarano Michele (1835-1920). Biografia. Quadri in vendita."}]},{"@type":"WebSite","@id":"https:\/\/www.sba.it\/#website","url":"https:\/\/www.sba.it\/","name":"Societ\u00e0 di Belle Arti","description":"Quadri macchiaioli e del 800 e 900 in vendita","publisher":{"@id":"https:\/\/www.sba.it\/#organization"},"potentialAction":[{"@type":"SearchAction","target":{"@type":"EntryPoint","urlTemplate":"https:\/\/www.sba.it\/?s={search_term_string}"},"query-input":{"@type":"PropertyValueSpecification","valueRequired":true,"valueName":"search_term_string"}}],"inLanguage":"en-US"},{"@type":"Organization","@id":"https:\/\/www.sba.it\/#organization","name":"Societ\u00e0 di Belle Arti","url":"https:\/\/www.sba.it\/","logo":{"@type":"ImageObject","inLanguage":"en-US","@id":"https:\/\/www.sba.it\/#\/schema\/logo\/image\/","url":"https:\/\/www.sba.it\/wp-content\/uploads\/2019\/04\/Logo-rosso_nero.png","contentUrl":"https:\/\/www.sba.it\/wp-content\/uploads\/2019\/04\/Logo-rosso_nero.png","width":2532,"height":1137,"caption":"Societ\u00e0 di Belle Arti"},"image":{"@id":"https:\/\/www.sba.it\/#\/schema\/logo\/image\/"},"sameAs":["https:\/\/www.facebook.com\/pitturaitaliana800e900\/","https:\/\/x.com\/SocietaArti","https:\/\/www.instagram.com\/societadibellearti","https:\/\/www.linkedin.com\/in\/societ\u00e0-di-belle-arti-363aa8191\/","https:\/\/www.youtube.com\/channel\/UC6fJlk-ajwhsnEIICATyXaQ"]}]}},"_links":{"self":[{"href":"https:\/\/www.sba.it\/en\/wp-json\/wp\/v2\/pages\/75177","targetHints":{"allow":["GET"]}}],"collection":[{"href":"https:\/\/www.sba.it\/en\/wp-json\/wp\/v2\/pages"}],"about":[{"href":"https:\/\/www.sba.it\/en\/wp-json\/wp\/v2\/types\/page"}],"author":[{"embeddable":true,"href":"https:\/\/www.sba.it\/en\/wp-json\/wp\/v2\/users\/2"}],"replies":[{"embeddable":true,"href":"https:\/\/www.sba.it\/en\/wp-json\/wp\/v2\/comments?post=75177"}],"version-history":[{"count":11,"href":"https:\/\/www.sba.it\/en\/wp-json\/wp\/v2\/pages\/75177\/revisions"}],"predecessor-version":[{"id":82140,"href":"https:\/\/www.sba.it\/en\/wp-json\/wp\/v2\/pages\/75177\/revisions\/82140"}],"up":[{"embeddable":true,"href":"https:\/\/www.sba.it\/en\/wp-json\/wp\/v2\/pages\/73496"}],"wp:featuredmedia":[{"embeddable":true,"href":"https:\/\/www.sba.it\/en\/wp-json\/wp\/v2\/media\/3098"}],"wp:attachment":[{"href":"https:\/\/www.sba.it\/en\/wp-json\/wp\/v2\/media?parent=75177"}],"curies":[{"name":"wp","href":"https:\/\/api.w.org\/{rel}","templated":true}]}}