{"id":75122,"date":"2017-11-17T10:21:24","date_gmt":"2017-11-17T09:21:24","guid":{"rendered":"http:\/\/www.sba.it\/wostry-carlo-biografia-quadri-vendita-stima-valutazione-perizia-certificata-di-dipinti-di-wostry-carlo\/"},"modified":"2019-04-29T10:58:42","modified_gmt":"2019-04-29T08:58:42","slug":"wostry-carlo-biografia-quadri-vendita-stima-valutazione-perizia-certificata-di-dipinti-di-wostry-carlo","status":"publish","type":"page","link":"https:\/\/www.sba.it\/en\/artists\/wostry-carlo-biografia-quadri-vendita-stima-valutazione-perizia-certificata-di-dipinti-di-wostry-carlo\/","title":{"rendered":"Wostry Carlo (1865-1943). Biografia."},"content":{"rendered":"<p style=\"text-align: justify;\"><img decoding=\"async\" class=\" alignleft size-full wp-image-2899\" style=\"margin-right: 20px; float: left;\" src=\"http:\/\/www.sba.it\/wp-content\/uploads\/2017\/11\/images_artisti_carlo-wostry-foto-gia-pronta.jpg\" alt=\"carlo-wostry-foto-gia-pronta\" width=\"300\" height=\"306\" srcset=\"https:\/\/www.sba.it\/wp-content\/uploads\/2017\/11\/images_artisti_carlo-wostry-foto-gia-pronta.jpg 300w, https:\/\/www.sba.it\/wp-content\/uploads\/2017\/11\/images_artisti_carlo-wostry-foto-gia-pronta-294x300.jpg 294w\" sizes=\"(max-width: 300px) 100vw, 300px\" \/>Carlo Wostry \u00a0nacque a Trieste nel 1865 da padre irlandese e madre veneziana.\u00a0 Frequent\u00f2 l\u2019Accademia di Belle Arti di Vienna dal 1882 all\u2019 \u201885, esercitandosi nel genere ritrattistico e rivelandosi un abile disegnatore. Nel 1884 a Trieste venne fondato il Circolo Artistico a cui prese parte \u00a0dal 1887 partecipando alle principali iniziative e eseguendo caricature. Socio animatore, nel 1934 avrebbe pubblicato la Storia del Circolo Artistico di Trieste. Nel 1885 si trasfer\u00ec a Monaco rimanendo influenzato dall\u2019impressionismo tedesco ed entrando in contatto con Liebermann. \u00a0Due anni dopo torn\u00f2 a Trieste, dove inizi\u00f2 la sua carriera artistica : esegu\u00ec le 14 stazioni della Via Crucis per la chiesa di Santa Maria Maggiore. Dopo aver vinto il premio Rittmeyer\u00a0 con <em>La piccola convalescente<\/em>, si trasfer\u00ec a Roma, trattenendovisi per due anni grazie ad una borsa di studio. Una grave malattia agli occhi lo costrinse ad un periodo d\u2019inattivit\u00e0. Artista di mondo viaggi\u00f2 a lungo.<\/p>\n<p style=\"text-align: justify;\">\u00a0Nel 1888 vinse a Budapest un premio per il ritratto di Giuseppe Garzolini; esegu\u00ec poi quello del Barone\u00a0 Pietro Sartorio e alcune vedute paesaggistiche triestine. Nello stesso anno espose alcune opere a Barcellona vincendo una medaglia d\u2019argento. Nel 1892 partecip\u00f2 \u00a0alla Permanente di Milano,\u00a0 successivamente soggiorn\u00f2 a\u00a0 Budapest per tre anni raggiungendo una discreta notoriet\u00e0 come ritrattista. Dal 1896 al 1902 si rec\u00f2 a Parigi. Qui lavor\u00f2 molto, collaborando con riviste e interessandosi anche di fotografia. Partecip\u00f2 alla Biennale di Venezia dal 1907 al \u201835, si rec\u00f2 quindi in America, lavorando tra New York, San Francisco e Los Angeles.\u00a0 Rientrato in Italia nel 1937 continu\u00f2 a dipingere fino alla morte sopraggiunta per una broncopolmonite nel 1943.<\/p>\n<p>&nbsp;<\/p>\n<h3 style=\"font-size: 12pt;\"><a href=\"https:\/\/www.sba.it\/en\/excellence\/\">CATALOGO OPERE\u00a0<\/a> | \u00a0<a href=\"https:\/\/www.sba.it\/en\/to-sell\/\">VUOI VENDERE O COMPRARE UN QUADRO DI QUESTO ARTISTA?<\/a><\/h3>\n","protected":false},"excerpt":{"rendered":"<p>Carlo Wostry \u00a0nacque a Trieste nel 1865 da padre irlandese e madre veneziana.\u00a0 Frequent\u00f2 l\u2019Accademia di Belle Arti di Vienna [&hellip;]<\/p>\n","protected":false},"author":2,"featured_media":2901,"parent":73496,"menu_order":61,"comment_status":"closed","ping_status":"closed","template":"","meta":{"_monsterinsights_skip_tracking":false,"_monsterinsights_sitenote_active":false,"_monsterinsights_sitenote_note":"","_monsterinsights_sitenote_category":0,"footnotes":""},"class_list":["post-75122","page","type-page","status-publish","has-post-thumbnail","hentry","page_category-artists"],"yoast_head":"<!-- This site is optimized with the Yoast SEO plugin v27.4 - https:\/\/yoast.com\/product\/yoast-seo-wordpress\/ -->\n<title>Wostry Carlo (1865-1943). Biografia. - Societ\u00e0 di Belle Arti<\/title>\n<meta name=\"description\" content=\"Carlo Wostry biografia e vendita quadri pittori triestini del &#039;900.\" \/>\n<meta name=\"robots\" content=\"index, follow, max-snippet:-1, max-image-preview:large, max-video-preview:-1\" \/>\n<link rel=\"canonical\" href=\"https:\/\/www.sba.it\/en\/artists\/wostry-carlo-biografia-quadri-vendita-stima-valutazione-perizia-certificata-di-dipinti-di-wostry-carlo\/\" \/>\n<meta property=\"og:locale\" content=\"en_US\" \/>\n<meta property=\"og:type\" content=\"article\" \/>\n<meta property=\"og:title\" content=\"Wostry Carlo (1865-1943). Biografia. - Societ\u00e0 di Belle Arti\" \/>\n<meta property=\"og:description\" content=\"Carlo Wostry biografia e vendita quadri pittori triestini del &#039;900.\" \/>\n<meta property=\"og:url\" content=\"https:\/\/www.sba.it\/en\/artists\/wostry-carlo-biografia-quadri-vendita-stima-valutazione-perizia-certificata-di-dipinti-di-wostry-carlo\/\" \/>\n<meta property=\"og:site_name\" content=\"Societ\u00e0 di Belle Arti\" \/>\n<meta property=\"article:publisher\" content=\"https:\/\/www.facebook.com\/pitturaitaliana800e900\/\" \/>\n<meta property=\"article:modified_time\" content=\"2019-04-29T08:58:42+00:00\" \/>\n<meta property=\"og:image\" content=\"https:\/\/www.sba.it\/wp-content\/uploads\/2017\/11\/images_artisti_carlo-wostry-foto-gia-pronta.jpg\" \/>\n\t<meta property=\"og:image:width\" content=\"300\" \/>\n\t<meta property=\"og:image:height\" content=\"306\" \/>\n\t<meta property=\"og:image:type\" content=\"image\/jpeg\" \/>\n<meta name=\"twitter:card\" content=\"summary_large_image\" \/>\n<meta name=\"twitter:site\" content=\"@SocietaArti\" \/>\n<meta name=\"twitter:label1\" content=\"Est. reading time\" \/>\n\t<meta name=\"twitter:data1\" content=\"1 minute\" \/>\n<script type=\"application\/ld+json\" class=\"yoast-schema-graph\">{\"@context\":\"https:\\\/\\\/schema.org\",\"@graph\":[{\"@type\":\"WebPage\",\"@id\":\"https:\\\/\\\/www.sba.it\\\/en\\\/artists\\\/wostry-carlo-biografia-quadri-vendita-stima-valutazione-perizia-certificata-di-dipinti-di-wostry-carlo\\\/\",\"url\":\"https:\\\/\\\/www.sba.it\\\/en\\\/artists\\\/wostry-carlo-biografia-quadri-vendita-stima-valutazione-perizia-certificata-di-dipinti-di-wostry-carlo\\\/\",\"name\":\"Wostry Carlo (1865-1943). Biografia. - Societ\u00e0 di Belle Arti\",\"isPartOf\":{\"@id\":\"https:\\\/\\\/www.sba.it\\\/#website\"},\"primaryImageOfPage\":{\"@id\":\"https:\\\/\\\/www.sba.it\\\/en\\\/artists\\\/wostry-carlo-biografia-quadri-vendita-stima-valutazione-perizia-certificata-di-dipinti-di-wostry-carlo\\\/#primaryimage\"},\"image\":{\"@id\":\"https:\\\/\\\/www.sba.it\\\/en\\\/artists\\\/wostry-carlo-biografia-quadri-vendita-stima-valutazione-perizia-certificata-di-dipinti-di-wostry-carlo\\\/#primaryimage\"},\"thumbnailUrl\":\"https:\\\/\\\/www.sba.it\\\/wp-content\\\/uploads\\\/2017\\\/11\\\/images_artisti_carlo-wostry-foto-gia-pronta.jpg\",\"datePublished\":\"2017-11-17T09:21:24+00:00\",\"dateModified\":\"2019-04-29T08:58:42+00:00\",\"description\":\"Carlo Wostry biografia e vendita quadri pittori triestini del '900.\",\"breadcrumb\":{\"@id\":\"https:\\\/\\\/www.sba.it\\\/en\\\/artists\\\/wostry-carlo-biografia-quadri-vendita-stima-valutazione-perizia-certificata-di-dipinti-di-wostry-carlo\\\/#breadcrumb\"},\"inLanguage\":\"en-US\",\"potentialAction\":[{\"@type\":\"ReadAction\",\"target\":[\"https:\\\/\\\/www.sba.it\\\/en\\\/artists\\\/wostry-carlo-biografia-quadri-vendita-stima-valutazione-perizia-certificata-di-dipinti-di-wostry-carlo\\\/\"]}]},{\"@type\":\"ImageObject\",\"inLanguage\":\"en-US\",\"@id\":\"https:\\\/\\\/www.sba.it\\\/en\\\/artists\\\/wostry-carlo-biografia-quadri-vendita-stima-valutazione-perizia-certificata-di-dipinti-di-wostry-carlo\\\/#primaryimage\",\"url\":\"https:\\\/\\\/www.sba.it\\\/wp-content\\\/uploads\\\/2017\\\/11\\\/images_artisti_carlo-wostry-foto-gia-pronta.jpg\",\"contentUrl\":\"https:\\\/\\\/www.sba.it\\\/wp-content\\\/uploads\\\/2017\\\/11\\\/images_artisti_carlo-wostry-foto-gia-pronta.jpg\",\"width\":300,\"height\":306,\"caption\":\"Immagine di Carlo Wostry\"},{\"@type\":\"BreadcrumbList\",\"@id\":\"https:\\\/\\\/www.sba.it\\\/en\\\/artists\\\/wostry-carlo-biografia-quadri-vendita-stima-valutazione-perizia-certificata-di-dipinti-di-wostry-carlo\\\/#breadcrumb\",\"itemListElement\":[{\"@type\":\"ListItem\",\"position\":1,\"name\":\"Home\",\"item\":\"https:\\\/\\\/www.sba.it\\\/en\\\/\"},{\"@type\":\"ListItem\",\"position\":2,\"name\":\"Artists\",\"item\":\"https:\\\/\\\/www.sba.it\\\/en\\\/artists\\\/\"},{\"@type\":\"ListItem\",\"position\":3,\"name\":\"Wostry Carlo (1865-1943). Biografia.\"}]},{\"@type\":\"WebSite\",\"@id\":\"https:\\\/\\\/www.sba.it\\\/#website\",\"url\":\"https:\\\/\\\/www.sba.it\\\/\",\"name\":\"Societ\u00e0 di Belle Arti\",\"description\":\"Quadri macchiaioli e del 800 e 900 in vendita\",\"publisher\":{\"@id\":\"https:\\\/\\\/www.sba.it\\\/#organization\"},\"potentialAction\":[{\"@type\":\"SearchAction\",\"target\":{\"@type\":\"EntryPoint\",\"urlTemplate\":\"https:\\\/\\\/www.sba.it\\\/?s={search_term_string}\"},\"query-input\":{\"@type\":\"PropertyValueSpecification\",\"valueRequired\":true,\"valueName\":\"search_term_string\"}}],\"inLanguage\":\"en-US\"},{\"@type\":\"Organization\",\"@id\":\"https:\\\/\\\/www.sba.it\\\/#organization\",\"name\":\"Societ\u00e0 di Belle Arti\",\"url\":\"https:\\\/\\\/www.sba.it\\\/\",\"logo\":{\"@type\":\"ImageObject\",\"inLanguage\":\"en-US\",\"@id\":\"https:\\\/\\\/www.sba.it\\\/#\\\/schema\\\/logo\\\/image\\\/\",\"url\":\"https:\\\/\\\/www.sba.it\\\/wp-content\\\/uploads\\\/2019\\\/04\\\/Logo-rosso_nero.png\",\"contentUrl\":\"https:\\\/\\\/www.sba.it\\\/wp-content\\\/uploads\\\/2019\\\/04\\\/Logo-rosso_nero.png\",\"width\":2532,\"height\":1137,\"caption\":\"Societ\u00e0 di Belle Arti\"},\"image\":{\"@id\":\"https:\\\/\\\/www.sba.it\\\/#\\\/schema\\\/logo\\\/image\\\/\"},\"sameAs\":[\"https:\\\/\\\/www.facebook.com\\\/pitturaitaliana800e900\\\/\",\"https:\\\/\\\/x.com\\\/SocietaArti\",\"https:\\\/\\\/www.instagram.com\\\/societadibellearti\",\"https:\\\/\\\/www.linkedin.com\\\/in\\\/societ\u00e0-di-belle-arti-363aa8191\\\/\",\"https:\\\/\\\/www.youtube.com\\\/channel\\\/UC6fJlk-ajwhsnEIICATyXaQ\"]}]}<\/script>\n<!-- \/ Yoast SEO plugin. -->","yoast_head_json":{"title":"Wostry Carlo (1865-1943). Biografia. - Societ\u00e0 di Belle Arti","description":"Carlo Wostry biografia e vendita quadri pittori triestini del '900.","robots":{"index":"index","follow":"follow","max-snippet":"max-snippet:-1","max-image-preview":"max-image-preview:large","max-video-preview":"max-video-preview:-1"},"canonical":"https:\/\/www.sba.it\/en\/artists\/wostry-carlo-biografia-quadri-vendita-stima-valutazione-perizia-certificata-di-dipinti-di-wostry-carlo\/","og_locale":"en_US","og_type":"article","og_title":"Wostry Carlo (1865-1943). Biografia. - Societ\u00e0 di Belle Arti","og_description":"Carlo Wostry biografia e vendita quadri pittori triestini del '900.","og_url":"https:\/\/www.sba.it\/en\/artists\/wostry-carlo-biografia-quadri-vendita-stima-valutazione-perizia-certificata-di-dipinti-di-wostry-carlo\/","og_site_name":"Societ\u00e0 di Belle Arti","article_publisher":"https:\/\/www.facebook.com\/pitturaitaliana800e900\/","article_modified_time":"2019-04-29T08:58:42+00:00","og_image":[{"width":300,"height":306,"url":"https:\/\/www.sba.it\/wp-content\/uploads\/2017\/11\/images_artisti_carlo-wostry-foto-gia-pronta.jpg","type":"image\/jpeg"}],"twitter_card":"summary_large_image","twitter_site":"@SocietaArti","twitter_misc":{"Est. reading time":"1 minute"},"schema":{"@context":"https:\/\/schema.org","@graph":[{"@type":"WebPage","@id":"https:\/\/www.sba.it\/en\/artists\/wostry-carlo-biografia-quadri-vendita-stima-valutazione-perizia-certificata-di-dipinti-di-wostry-carlo\/","url":"https:\/\/www.sba.it\/en\/artists\/wostry-carlo-biografia-quadri-vendita-stima-valutazione-perizia-certificata-di-dipinti-di-wostry-carlo\/","name":"Wostry Carlo (1865-1943). Biografia. - Societ\u00e0 di Belle Arti","isPartOf":{"@id":"https:\/\/www.sba.it\/#website"},"primaryImageOfPage":{"@id":"https:\/\/www.sba.it\/en\/artists\/wostry-carlo-biografia-quadri-vendita-stima-valutazione-perizia-certificata-di-dipinti-di-wostry-carlo\/#primaryimage"},"image":{"@id":"https:\/\/www.sba.it\/en\/artists\/wostry-carlo-biografia-quadri-vendita-stima-valutazione-perizia-certificata-di-dipinti-di-wostry-carlo\/#primaryimage"},"thumbnailUrl":"https:\/\/www.sba.it\/wp-content\/uploads\/2017\/11\/images_artisti_carlo-wostry-foto-gia-pronta.jpg","datePublished":"2017-11-17T09:21:24+00:00","dateModified":"2019-04-29T08:58:42+00:00","description":"Carlo Wostry biografia e vendita quadri pittori triestini del '900.","breadcrumb":{"@id":"https:\/\/www.sba.it\/en\/artists\/wostry-carlo-biografia-quadri-vendita-stima-valutazione-perizia-certificata-di-dipinti-di-wostry-carlo\/#breadcrumb"},"inLanguage":"en-US","potentialAction":[{"@type":"ReadAction","target":["https:\/\/www.sba.it\/en\/artists\/wostry-carlo-biografia-quadri-vendita-stima-valutazione-perizia-certificata-di-dipinti-di-wostry-carlo\/"]}]},{"@type":"ImageObject","inLanguage":"en-US","@id":"https:\/\/www.sba.it\/en\/artists\/wostry-carlo-biografia-quadri-vendita-stima-valutazione-perizia-certificata-di-dipinti-di-wostry-carlo\/#primaryimage","url":"https:\/\/www.sba.it\/wp-content\/uploads\/2017\/11\/images_artisti_carlo-wostry-foto-gia-pronta.jpg","contentUrl":"https:\/\/www.sba.it\/wp-content\/uploads\/2017\/11\/images_artisti_carlo-wostry-foto-gia-pronta.jpg","width":300,"height":306,"caption":"Immagine di Carlo Wostry"},{"@type":"BreadcrumbList","@id":"https:\/\/www.sba.it\/en\/artists\/wostry-carlo-biografia-quadri-vendita-stima-valutazione-perizia-certificata-di-dipinti-di-wostry-carlo\/#breadcrumb","itemListElement":[{"@type":"ListItem","position":1,"name":"Home","item":"https:\/\/www.sba.it\/en\/"},{"@type":"ListItem","position":2,"name":"Artists","item":"https:\/\/www.sba.it\/en\/artists\/"},{"@type":"ListItem","position":3,"name":"Wostry Carlo (1865-1943). Biografia."}]},{"@type":"WebSite","@id":"https:\/\/www.sba.it\/#website","url":"https:\/\/www.sba.it\/","name":"Societ\u00e0 di Belle Arti","description":"Quadri macchiaioli e del 800 e 900 in vendita","publisher":{"@id":"https:\/\/www.sba.it\/#organization"},"potentialAction":[{"@type":"SearchAction","target":{"@type":"EntryPoint","urlTemplate":"https:\/\/www.sba.it\/?s={search_term_string}"},"query-input":{"@type":"PropertyValueSpecification","valueRequired":true,"valueName":"search_term_string"}}],"inLanguage":"en-US"},{"@type":"Organization","@id":"https:\/\/www.sba.it\/#organization","name":"Societ\u00e0 di Belle Arti","url":"https:\/\/www.sba.it\/","logo":{"@type":"ImageObject","inLanguage":"en-US","@id":"https:\/\/www.sba.it\/#\/schema\/logo\/image\/","url":"https:\/\/www.sba.it\/wp-content\/uploads\/2019\/04\/Logo-rosso_nero.png","contentUrl":"https:\/\/www.sba.it\/wp-content\/uploads\/2019\/04\/Logo-rosso_nero.png","width":2532,"height":1137,"caption":"Societ\u00e0 di Belle Arti"},"image":{"@id":"https:\/\/www.sba.it\/#\/schema\/logo\/image\/"},"sameAs":["https:\/\/www.facebook.com\/pitturaitaliana800e900\/","https:\/\/x.com\/SocietaArti","https:\/\/www.instagram.com\/societadibellearti","https:\/\/www.linkedin.com\/in\/societ\u00e0-di-belle-arti-363aa8191\/","https:\/\/www.youtube.com\/channel\/UC6fJlk-ajwhsnEIICATyXaQ"]}]}},"_links":{"self":[{"href":"https:\/\/www.sba.it\/en\/wp-json\/wp\/v2\/pages\/75122","targetHints":{"allow":["GET"]}}],"collection":[{"href":"https:\/\/www.sba.it\/en\/wp-json\/wp\/v2\/pages"}],"about":[{"href":"https:\/\/www.sba.it\/en\/wp-json\/wp\/v2\/types\/page"}],"author":[{"embeddable":true,"href":"https:\/\/www.sba.it\/en\/wp-json\/wp\/v2\/users\/2"}],"replies":[{"embeddable":true,"href":"https:\/\/www.sba.it\/en\/wp-json\/wp\/v2\/comments?post=75122"}],"version-history":[{"count":1,"href":"https:\/\/www.sba.it\/en\/wp-json\/wp\/v2\/pages\/75122\/revisions"}],"predecessor-version":[{"id":80133,"href":"https:\/\/www.sba.it\/en\/wp-json\/wp\/v2\/pages\/75122\/revisions\/80133"}],"up":[{"embeddable":true,"href":"https:\/\/www.sba.it\/en\/wp-json\/wp\/v2\/pages\/73496"}],"wp:featuredmedia":[{"embeddable":true,"href":"https:\/\/www.sba.it\/en\/wp-json\/wp\/v2\/media\/2901"}],"wp:attachment":[{"href":"https:\/\/www.sba.it\/en\/wp-json\/wp\/v2\/media?parent=75122"}],"curies":[{"name":"wp","href":"https:\/\/api.w.org\/{rel}","templated":true}]}}