{"id":75068,"date":"2017-11-24T09:06:50","date_gmt":"2017-11-24T08:06:50","guid":{"rendered":"http:\/\/www.sba.it\/lorenzo-gelati-biografia-quadri-in-vendita\/"},"modified":"2021-03-12T09:49:04","modified_gmt":"2021-03-12T08:49:04","slug":"lorenzo-gelati-biografia-quadri-in-vendita","status":"publish","type":"page","link":"https:\/\/www.sba.it\/en\/artists\/lorenzo-gelati-biografia-quadri-in-vendita\/","title":{"rendered":"Gelati Lorenzo (1824-1899). Biografia. Quadri in vendita."},"content":{"rendered":"<p style=\"text-align: justify;\"><img decoding=\"async\" class=\" alignleft size-full wp-image-2919\" style=\"margin-right: 20px; float: left;\" src=\"http:\/\/www.sba.it\/wp-content\/uploads\/2017\/11\/images_artisti_Lorenzo-Gelati-foto.jpg\" alt=\"Lorenzo-Gelati-foto\" width=\"300\" height=\"422\" srcset=\"https:\/\/www.sba.it\/wp-content\/uploads\/2017\/11\/images_artisti_Lorenzo-Gelati-foto.jpg 300w, https:\/\/www.sba.it\/wp-content\/uploads\/2017\/11\/images_artisti_Lorenzo-Gelati-foto-213x300.jpg 213w\" sizes=\"(max-width: 300px) 100vw, 300px\" \/>Lorenzo Gelati nacque a Firenze nel 1824. Allievo di Carlo Mark\u00f2 padre, esord\u00ec alla Promotrice fiorentina nel 1848 con l&#8217;opera <em>Veduta del Forte di S. Miniato al Monte<\/em>. L\u2019anno successivo present\u00f2 all\u2019Accademia la Veduta del Valdarno, chiara testimonianza di pittura dal vero. Frequentatore del Caff\u00e8 Michelangelo, nel 1852 ne decor\u00f2 la sala degli artisti con i dipinti murali <em>Tramonto<\/em> e <em>Ruderi con la luna<\/em>. Due anni pi\u00f9 tardi lavor\u00f2 molto a Staggia, nella campagna senese, insieme agli amici Carlo e Andrea Mark\u00f2, Emilio Donnini, <a href=\"https:\/\/www.sba.it\/en\/artists\/de-tivoli-serafino-biografia-quadri-macchiaioili-in-vendita-valutazione-stima-perizia-certificata-di-dipinti-di-serafino-de-tivoli\/\">Serafino De Tivoli<\/a>, <a href=\"https:\/\/www.sba.it\/en\/artists\/ademollo-carlo-biografia-quadri-in-vendita-stima-perizia-certificata-dipinti-di-ademollo-carlo\/\">Carlo Ademollo<\/a>, Alessandro La Volpe e <a href=\"https:\/\/www.sba.it\/en\/altamura-francesco-saverio-biografia-quadri-in-vendita-valutazione-stima-perizia-certificata-di-dipinti-di-altamura-francesco-saverio\/\">Saverio Altamura<\/a>.Nel 1858 present\u00f2 alla Promotrice di Genova la prima vera e propria <em>Veduta di Firenze<\/em>. Nel \u201873 partecip\u00f2 alla Mostra degli Amatori e Cultori con tre paesaggi toscani. Ebbe costanti rapporti con il gruppo macchiaiolo. Nel 1860 a Seravezza dipinse con <a href=\"https:\/\/www.sba.it\/en\/artists\/signorini-telemaco-biografia-quadri-in-vendita-macchiaioli-valutazione-stime-e-perizie-certificate-su-dipinti-macchiaioli-di-telemaco-signorini\/\">Telemaco Signorini<\/a>, <a href=\"https:\/\/www.sba.it\/en\/artists\/cabianca-vincenzo-biografia-quadri-in-vendita-macchiaioli-valutazione-stima-perizia-certificata-sui-dipinti-di-cabianca-vincenzo\/\">Vincenzo Cabianca<\/a> e <a href=\"https:\/\/www.sba.it\/en\/artists\/banti-cristiano-biografia-quadri-in-vendita-macchiaioli-valutazione-stima-perizia-certificata-di-dipinti-di-banti-cristiano\/\">Cristiano Banti<\/a>. Fu spesso ospite nella tenuta di Diego Martelli a Castiglioncello e, nel 1872, incontr\u00f2 a Venezia Signorini, <a href=\"https:\/\/www.sba.it\/en\/artists\/federico-zandomeneghi-biografia-quadri-in-vendita-valutazione-stima-perizia-certificata-di-dipinti-di-federico-zandomeneghi\/\">Federico Zandomeneghi<\/a>, <a href=\"http:\/\/www.sba.it\/fattori-giovanni-biografia-quadri-macchiaioli-in-vendita-valutazione-stima-perizia-certificata-di-dipinti-di-giovanni-fattori\/\">Fattori <\/a>e <a href=\"https:\/\/www.sba.it\/artisti-in-galleria\/borrani-odoardo-biografia-quadri-in-vendita-macchiaioli-valutazione-stima-perizia-certificata-di-dipinti-di-borrani-odoardo\/\">Borrani<\/a>.<\/p>\n<p style=\"text-align: justify;\">Mor\u00ec a Firenze nel maggio 1899.<\/p>\n<p>&nbsp;<\/p>\n<h3 style=\"font-size: 12pt;\"><a href=\"https:\/\/www.sba.it\/en\/paintings\/\">CATALOGO OPERE<\/a>\u00a0| <a href=\"https:\/\/www.sba.it\/en\/to-sell\/\">VUOI VENDERE O COMPRARE UN QUADRO DI QUESTO ARTISTA?<\/a><\/h3>\n","protected":false},"excerpt":{"rendered":"<p>Lorenzo Gelati nacque a Firenze nel 1824. Allievo di Carlo Mark\u00f2 padre, esord\u00ec alla Promotrice fiorentina nel 1848 con l&#8217;opera [&hellip;]<\/p>\n","protected":false},"author":2,"featured_media":2921,"parent":73496,"menu_order":57,"comment_status":"closed","ping_status":"closed","template":"","meta":{"_monsterinsights_skip_tracking":false,"_monsterinsights_sitenote_active":false,"_monsterinsights_sitenote_note":"","_monsterinsights_sitenote_category":0,"footnotes":""},"class_list":["post-75068","page","type-page","status-publish","has-post-thumbnail","hentry","page_category-artists"],"yoast_head":"<!-- This site is optimized with the Yoast SEO plugin v27.3 - https:\/\/yoast.com\/product\/yoast-seo-wordpress\/ -->\n<title>Gelati Lorenzo (1824-1899). Biografia. Quadri in vendita.<\/title>\n<meta name=\"description\" content=\"Lorenzo Gelati leggi la vita del pittore toscano dell&#039;800, vendita e acquisto online dipinti toscani dell&#039;800 di Lorenzo Gelati scopri come\" \/>\n<meta name=\"robots\" content=\"index, follow, max-snippet:-1, max-image-preview:large, max-video-preview:-1\" \/>\n<link rel=\"canonical\" href=\"https:\/\/www.sba.it\/en\/artists\/lorenzo-gelati-biografia-quadri-in-vendita\/\" \/>\n<meta property=\"og:locale\" content=\"en_US\" \/>\n<meta property=\"og:type\" content=\"article\" \/>\n<meta property=\"og:title\" content=\"Gelati Lorenzo (1824-1899). Biografia. Quadri in vendita.\" \/>\n<meta property=\"og:description\" content=\"Lorenzo Gelati leggi la vita del pittore toscano dell&#039;800, vendita e acquisto online dipinti toscani dell&#039;800 di Lorenzo Gelati scopri come\" \/>\n<meta property=\"og:url\" content=\"https:\/\/www.sba.it\/en\/artists\/lorenzo-gelati-biografia-quadri-in-vendita\/\" \/>\n<meta property=\"og:site_name\" content=\"Societ\u00e0 di Belle Arti\" \/>\n<meta property=\"article:publisher\" content=\"https:\/\/www.facebook.com\/pitturaitaliana800e900\/\" \/>\n<meta property=\"article:modified_time\" content=\"2021-03-12T08:49:04+00:00\" \/>\n<meta property=\"og:image\" content=\"https:\/\/www.sba.it\/wp-content\/uploads\/2017\/11\/images_artisti_Lorenzo-Gelati-foto.jpg\" \/>\n\t<meta property=\"og:image:width\" content=\"300\" \/>\n\t<meta property=\"og:image:height\" content=\"422\" \/>\n\t<meta property=\"og:image:type\" content=\"image\/jpeg\" \/>\n<meta name=\"twitter:card\" content=\"summary_large_image\" \/>\n<meta name=\"twitter:site\" content=\"@SocietaArti\" \/>\n<meta name=\"twitter:label1\" content=\"Est. reading time\" \/>\n\t<meta name=\"twitter:data1\" content=\"1 minute\" \/>\n<script type=\"application\/ld+json\" class=\"yoast-schema-graph\">{\"@context\":\"https:\\\/\\\/schema.org\",\"@graph\":[{\"@type\":\"WebPage\",\"@id\":\"https:\\\/\\\/www.sba.it\\\/en\\\/artists\\\/lorenzo-gelati-biografia-quadri-in-vendita\\\/\",\"url\":\"https:\\\/\\\/www.sba.it\\\/en\\\/artists\\\/lorenzo-gelati-biografia-quadri-in-vendita\\\/\",\"name\":\"Gelati Lorenzo (1824-1899). Biografia. Quadri in vendita.\",\"isPartOf\":{\"@id\":\"https:\\\/\\\/www.sba.it\\\/#website\"},\"primaryImageOfPage\":{\"@id\":\"https:\\\/\\\/www.sba.it\\\/en\\\/artists\\\/lorenzo-gelati-biografia-quadri-in-vendita\\\/#primaryimage\"},\"image\":{\"@id\":\"https:\\\/\\\/www.sba.it\\\/en\\\/artists\\\/lorenzo-gelati-biografia-quadri-in-vendita\\\/#primaryimage\"},\"thumbnailUrl\":\"https:\\\/\\\/www.sba.it\\\/wp-content\\\/uploads\\\/2017\\\/11\\\/images_artisti_Lorenzo-Gelati-foto.jpg\",\"datePublished\":\"2017-11-24T08:06:50+00:00\",\"dateModified\":\"2021-03-12T08:49:04+00:00\",\"description\":\"Lorenzo Gelati leggi la vita del pittore toscano dell'800, vendita e acquisto online dipinti toscani dell'800 di Lorenzo Gelati scopri come\",\"breadcrumb\":{\"@id\":\"https:\\\/\\\/www.sba.it\\\/en\\\/artists\\\/lorenzo-gelati-biografia-quadri-in-vendita\\\/#breadcrumb\"},\"inLanguage\":\"en-US\",\"potentialAction\":[{\"@type\":\"ReadAction\",\"target\":[\"https:\\\/\\\/www.sba.it\\\/en\\\/artists\\\/lorenzo-gelati-biografia-quadri-in-vendita\\\/\"]}]},{\"@type\":\"ImageObject\",\"inLanguage\":\"en-US\",\"@id\":\"https:\\\/\\\/www.sba.it\\\/en\\\/artists\\\/lorenzo-gelati-biografia-quadri-in-vendita\\\/#primaryimage\",\"url\":\"https:\\\/\\\/www.sba.it\\\/wp-content\\\/uploads\\\/2017\\\/11\\\/images_artisti_Lorenzo-Gelati-foto.jpg\",\"contentUrl\":\"https:\\\/\\\/www.sba.it\\\/wp-content\\\/uploads\\\/2017\\\/11\\\/images_artisti_Lorenzo-Gelati-foto.jpg\",\"width\":300,\"height\":422,\"caption\":\"Caricatura di Lorenzo Gelati.\"},{\"@type\":\"BreadcrumbList\",\"@id\":\"https:\\\/\\\/www.sba.it\\\/en\\\/artists\\\/lorenzo-gelati-biografia-quadri-in-vendita\\\/#breadcrumb\",\"itemListElement\":[{\"@type\":\"ListItem\",\"position\":1,\"name\":\"Home\",\"item\":\"https:\\\/\\\/www.sba.it\\\/en\\\/\"},{\"@type\":\"ListItem\",\"position\":2,\"name\":\"Artists\",\"item\":\"https:\\\/\\\/www.sba.it\\\/en\\\/artists\\\/\"},{\"@type\":\"ListItem\",\"position\":3,\"name\":\"Gelati Lorenzo (1824-1899). Biografia. Quadri in vendita.\"}]},{\"@type\":\"WebSite\",\"@id\":\"https:\\\/\\\/www.sba.it\\\/#website\",\"url\":\"https:\\\/\\\/www.sba.it\\\/\",\"name\":\"Societ\u00e0 di Belle Arti\",\"description\":\"Quadri macchiaioli e del 800 e 900 in vendita\",\"publisher\":{\"@id\":\"https:\\\/\\\/www.sba.it\\\/#organization\"},\"potentialAction\":[{\"@type\":\"SearchAction\",\"target\":{\"@type\":\"EntryPoint\",\"urlTemplate\":\"https:\\\/\\\/www.sba.it\\\/?s={search_term_string}\"},\"query-input\":{\"@type\":\"PropertyValueSpecification\",\"valueRequired\":true,\"valueName\":\"search_term_string\"}}],\"inLanguage\":\"en-US\"},{\"@type\":\"Organization\",\"@id\":\"https:\\\/\\\/www.sba.it\\\/#organization\",\"name\":\"Societ\u00e0 di Belle Arti\",\"url\":\"https:\\\/\\\/www.sba.it\\\/\",\"logo\":{\"@type\":\"ImageObject\",\"inLanguage\":\"en-US\",\"@id\":\"https:\\\/\\\/www.sba.it\\\/#\\\/schema\\\/logo\\\/image\\\/\",\"url\":\"https:\\\/\\\/www.sba.it\\\/wp-content\\\/uploads\\\/2019\\\/04\\\/Logo-rosso_nero.png\",\"contentUrl\":\"https:\\\/\\\/www.sba.it\\\/wp-content\\\/uploads\\\/2019\\\/04\\\/Logo-rosso_nero.png\",\"width\":2532,\"height\":1137,\"caption\":\"Societ\u00e0 di Belle Arti\"},\"image\":{\"@id\":\"https:\\\/\\\/www.sba.it\\\/#\\\/schema\\\/logo\\\/image\\\/\"},\"sameAs\":[\"https:\\\/\\\/www.facebook.com\\\/pitturaitaliana800e900\\\/\",\"https:\\\/\\\/x.com\\\/SocietaArti\",\"https:\\\/\\\/www.instagram.com\\\/societadibellearti\",\"https:\\\/\\\/www.linkedin.com\\\/in\\\/societ\u00e0-di-belle-arti-363aa8191\\\/\",\"https:\\\/\\\/www.youtube.com\\\/channel\\\/UC6fJlk-ajwhsnEIICATyXaQ\"]}]}<\/script>\n<!-- \/ Yoast SEO plugin. -->","yoast_head_json":{"title":"Gelati Lorenzo (1824-1899). Biografia. Quadri in vendita.","description":"Lorenzo Gelati leggi la vita del pittore toscano dell'800, vendita e acquisto online dipinti toscani dell'800 di Lorenzo Gelati scopri come","robots":{"index":"index","follow":"follow","max-snippet":"max-snippet:-1","max-image-preview":"max-image-preview:large","max-video-preview":"max-video-preview:-1"},"canonical":"https:\/\/www.sba.it\/en\/artists\/lorenzo-gelati-biografia-quadri-in-vendita\/","og_locale":"en_US","og_type":"article","og_title":"Gelati Lorenzo (1824-1899). Biografia. Quadri in vendita.","og_description":"Lorenzo Gelati leggi la vita del pittore toscano dell'800, vendita e acquisto online dipinti toscani dell'800 di Lorenzo Gelati scopri come","og_url":"https:\/\/www.sba.it\/en\/artists\/lorenzo-gelati-biografia-quadri-in-vendita\/","og_site_name":"Societ\u00e0 di Belle Arti","article_publisher":"https:\/\/www.facebook.com\/pitturaitaliana800e900\/","article_modified_time":"2021-03-12T08:49:04+00:00","og_image":[{"width":300,"height":422,"url":"https:\/\/www.sba.it\/wp-content\/uploads\/2017\/11\/images_artisti_Lorenzo-Gelati-foto.jpg","type":"image\/jpeg"}],"twitter_card":"summary_large_image","twitter_site":"@SocietaArti","twitter_misc":{"Est. reading time":"1 minute"},"schema":{"@context":"https:\/\/schema.org","@graph":[{"@type":"WebPage","@id":"https:\/\/www.sba.it\/en\/artists\/lorenzo-gelati-biografia-quadri-in-vendita\/","url":"https:\/\/www.sba.it\/en\/artists\/lorenzo-gelati-biografia-quadri-in-vendita\/","name":"Gelati Lorenzo (1824-1899). Biografia. Quadri in vendita.","isPartOf":{"@id":"https:\/\/www.sba.it\/#website"},"primaryImageOfPage":{"@id":"https:\/\/www.sba.it\/en\/artists\/lorenzo-gelati-biografia-quadri-in-vendita\/#primaryimage"},"image":{"@id":"https:\/\/www.sba.it\/en\/artists\/lorenzo-gelati-biografia-quadri-in-vendita\/#primaryimage"},"thumbnailUrl":"https:\/\/www.sba.it\/wp-content\/uploads\/2017\/11\/images_artisti_Lorenzo-Gelati-foto.jpg","datePublished":"2017-11-24T08:06:50+00:00","dateModified":"2021-03-12T08:49:04+00:00","description":"Lorenzo Gelati leggi la vita del pittore toscano dell'800, vendita e acquisto online dipinti toscani dell'800 di Lorenzo Gelati scopri come","breadcrumb":{"@id":"https:\/\/www.sba.it\/en\/artists\/lorenzo-gelati-biografia-quadri-in-vendita\/#breadcrumb"},"inLanguage":"en-US","potentialAction":[{"@type":"ReadAction","target":["https:\/\/www.sba.it\/en\/artists\/lorenzo-gelati-biografia-quadri-in-vendita\/"]}]},{"@type":"ImageObject","inLanguage":"en-US","@id":"https:\/\/www.sba.it\/en\/artists\/lorenzo-gelati-biografia-quadri-in-vendita\/#primaryimage","url":"https:\/\/www.sba.it\/wp-content\/uploads\/2017\/11\/images_artisti_Lorenzo-Gelati-foto.jpg","contentUrl":"https:\/\/www.sba.it\/wp-content\/uploads\/2017\/11\/images_artisti_Lorenzo-Gelati-foto.jpg","width":300,"height":422,"caption":"Caricatura di Lorenzo Gelati."},{"@type":"BreadcrumbList","@id":"https:\/\/www.sba.it\/en\/artists\/lorenzo-gelati-biografia-quadri-in-vendita\/#breadcrumb","itemListElement":[{"@type":"ListItem","position":1,"name":"Home","item":"https:\/\/www.sba.it\/en\/"},{"@type":"ListItem","position":2,"name":"Artists","item":"https:\/\/www.sba.it\/en\/artists\/"},{"@type":"ListItem","position":3,"name":"Gelati Lorenzo (1824-1899). Biografia. Quadri in vendita."}]},{"@type":"WebSite","@id":"https:\/\/www.sba.it\/#website","url":"https:\/\/www.sba.it\/","name":"Societ\u00e0 di Belle Arti","description":"Quadri macchiaioli e del 800 e 900 in vendita","publisher":{"@id":"https:\/\/www.sba.it\/#organization"},"potentialAction":[{"@type":"SearchAction","target":{"@type":"EntryPoint","urlTemplate":"https:\/\/www.sba.it\/?s={search_term_string}"},"query-input":{"@type":"PropertyValueSpecification","valueRequired":true,"valueName":"search_term_string"}}],"inLanguage":"en-US"},{"@type":"Organization","@id":"https:\/\/www.sba.it\/#organization","name":"Societ\u00e0 di Belle Arti","url":"https:\/\/www.sba.it\/","logo":{"@type":"ImageObject","inLanguage":"en-US","@id":"https:\/\/www.sba.it\/#\/schema\/logo\/image\/","url":"https:\/\/www.sba.it\/wp-content\/uploads\/2019\/04\/Logo-rosso_nero.png","contentUrl":"https:\/\/www.sba.it\/wp-content\/uploads\/2019\/04\/Logo-rosso_nero.png","width":2532,"height":1137,"caption":"Societ\u00e0 di Belle Arti"},"image":{"@id":"https:\/\/www.sba.it\/#\/schema\/logo\/image\/"},"sameAs":["https:\/\/www.facebook.com\/pitturaitaliana800e900\/","https:\/\/x.com\/SocietaArti","https:\/\/www.instagram.com\/societadibellearti","https:\/\/www.linkedin.com\/in\/societ\u00e0-di-belle-arti-363aa8191\/","https:\/\/www.youtube.com\/channel\/UC6fJlk-ajwhsnEIICATyXaQ"]}]}},"_links":{"self":[{"href":"https:\/\/www.sba.it\/en\/wp-json\/wp\/v2\/pages\/75068","targetHints":{"allow":["GET"]}}],"collection":[{"href":"https:\/\/www.sba.it\/en\/wp-json\/wp\/v2\/pages"}],"about":[{"href":"https:\/\/www.sba.it\/en\/wp-json\/wp\/v2\/types\/page"}],"author":[{"embeddable":true,"href":"https:\/\/www.sba.it\/en\/wp-json\/wp\/v2\/users\/2"}],"replies":[{"embeddable":true,"href":"https:\/\/www.sba.it\/en\/wp-json\/wp\/v2\/comments?post=75068"}],"version-history":[{"count":2,"href":"https:\/\/www.sba.it\/en\/wp-json\/wp\/v2\/pages\/75068\/revisions"}],"predecessor-version":[{"id":79707,"href":"https:\/\/www.sba.it\/en\/wp-json\/wp\/v2\/pages\/75068\/revisions\/79707"}],"up":[{"embeddable":true,"href":"https:\/\/www.sba.it\/en\/wp-json\/wp\/v2\/pages\/73496"}],"wp:featuredmedia":[{"embeddable":true,"href":"https:\/\/www.sba.it\/en\/wp-json\/wp\/v2\/media\/2921"}],"wp:attachment":[{"href":"https:\/\/www.sba.it\/en\/wp-json\/wp\/v2\/media?parent=75068"}],"curies":[{"name":"wp","href":"https:\/\/api.w.org\/{rel}","templated":true}]}}