{"id":75056,"date":"2017-12-19T12:22:43","date_gmt":"2017-12-19T11:22:43","guid":{"rendered":"http:\/\/www.sba.it\/edoardo-gordigiani-biografia-quadri-in-vendita-macchiaioli-valutazione-stima-perizia-certificata-di-dipinti-di-gordigiani-edoardo\/"},"modified":"2021-10-29T10:33:01","modified_gmt":"2021-10-29T08:33:01","slug":"edoardo-gordigiani-biografia-quadri-in-vendita-macchiaioli-valutazione-stima-perizia-certificata-di-dipinti-di-gordigiani-edoardo","status":"publish","type":"page","link":"https:\/\/www.sba.it\/en\/artists\/edoardo-gordigiani-biografia-quadri-in-vendita-macchiaioli-valutazione-stima-perizia-certificata-di-dipinti-di-gordigiani-edoardo\/","title":{"rendered":"Gordigiani Edoardo (1866-1961). Biografia. Quadri in vendita"},"content":{"rendered":"<p style=\"text-align: justify;\">Edoardo Gordigiani nacque a Firenze il 18 gennaio 1866 dal pittore Michele, figlio del famoso compositore di musica Luigi Gordigiani. Trascorse i primi anni tra Firenze e la campagna circostante: Bellosguardo, Montughi e Striano in Mugello.<\/p>\n<p style=\"text-align: justify;\">Terminati gli studi al Domeng\u00e9 entr\u00f2 nel 1880 nel Collegio militare di Firenze, dal quale usc\u00ec un anno dopo per frequentare l\u2019Accademia di Belle Arti. Qui, sotto la guida di Rivalta e Ciaranfi termin\u00f2 la sua preparazione artistica, sempre per\u00f2 seguendo la lezione di <strong><a href=\"http:\/\/www.sba.it\/fattori-giovanni-biografia-quadri-macchiaioli-in-vendita-valutazione-stima-perizia-certificata-di-dipinti-di-giovanni-fattori\/\">Giovanni Fattori<\/a><\/strong>. Nel 1885 Gordigiani dipinse una testa di contadino grande al naturale e per la prima volta il padre Michele, da sempre ostile alla sua inclinazione artistica, dovette riconoscerne le grandi capacit\u00e0. Nello stesso anno il pittore fiorentino strinse amicizia con Egisto Fabbri e<strong><a href=\"http:\/\/www.sba.it\/muller-alfredo-quadri-postmacchiaioli-in-vendita\/\"> Alfredo M\u00fcller<\/a><\/strong> . Con quest\u2019ultimo si rec\u00f2 in Francia avendo cos\u00ec la possibilit\u00e0 di apprezzare gli impressionisti francesi, soprattutto C\u00e9zanne.<\/p>\n<p style=\"text-align: justify;\">La prima rassegna a cui prese parte fu nel 1880 in occasione della Promotrice Fiorentina dove espose il dipinto <em>Nevicata<\/em>, non ben accolto dalla critica.<\/p>\n<p style=\"text-align: justify;\">Nel 1893 si rec\u00f2 a New York dove conobbe Eleonora Duse e le fece un ritratto. Present\u00f2 quest&#8217;ultimo\u00a0 nel 1895 alla Galleria di Durand Ruel ed ebbe un tale successo che l\u2019anno successivo lo present\u00f2 all\u2019Esposizione annuale di New York.<\/p>\n<p style=\"text-align: justify;\">Nonostante i successi ottenuti oltre oceano Edoardo fece ritorno in Italia definitivamente nel 1900 stabilendosi a Villa Vors\u00e9 a Settignano.<\/p>\n<p style=\"text-align: justify;\">In questo periodo la pittura di Gordigiani sub\u00ec un profonda metamorfosi: non segu\u00ec pi\u00f9 la corrente, di ispirazione classica, del padre n\u00e9 quella macchiaiola di Fattori e neppure quella c\u00e9zanniana di M\u00fcller ma divent\u00f2 una pittura fatta di emozioni personali di origine impressionista.<\/p>\n<p style=\"text-align: justify;\">Nel 1906 si trasfer\u00ec a Pisa dove rimase fino al 1915, anno in cui rientr\u00f2 a Firenze ed allest\u00ec una personale a Palazzo Antinori.<\/p>\n<p style=\"text-align: justify;\">\u00a0Divise lo studio paterno con il pittore Federico Andreotti e l\u2019amico Alfredo M\u00fcller.<\/p>\n<p style=\"text-align: justify;\">La notoriet\u00e0 arriv\u00f2 con l\u2019esposizione fiorentina del 1937 in via Ricasoli dove finalmente riusc\u00ec a vendere l&#8217;intera produzione. Due anni pi\u00f9 tardi ottenne la medaglia d\u2019oro all\u2019Esposizione internazionale di Parigi.<\/p>\n<p style=\"text-align: justify;\">Mor\u00ec nel 1961 a Popolano di Marradi.<\/p>\n<p>&nbsp;<\/p>\n<h3 style=\"font-size: inherit; margin: 0px; padding: 0px; border: 0px none; line-height: 21px; font-family: Arial, sans-serif; vertical-align: baseline; color: #666666;\"><a href=\"https:\/\/www.sba.it\/en\/to-sell\/\">VUOI VENDERE O COMPRARE UN QUADRO DI QUESTO ARTISTA?<\/a><\/h3>\n<p>&nbsp;<\/p>\n<h3><\/h3>\n","protected":false},"excerpt":{"rendered":"<p>Edoardo Gordigiani nacque a Firenze il 18 gennaio 1866 dal pittore Michele, figlio del famoso compositore di musica Luigi Gordigiani. [&hellip;]<\/p>\n","protected":false},"author":2,"featured_media":88941,"parent":73496,"menu_order":56,"comment_status":"closed","ping_status":"closed","template":"","meta":{"_monsterinsights_skip_tracking":false,"_monsterinsights_sitenote_active":false,"_monsterinsights_sitenote_note":"","_monsterinsights_sitenote_category":0,"footnotes":""},"class_list":["post-75056","page","type-page","status-publish","has-post-thumbnail","hentry","page_category-artists"],"yoast_head":"<!-- This site is optimized with the Yoast SEO plugin v27.4 - https:\/\/yoast.com\/product\/yoast-seo-wordpress\/ -->\n<title>Gordigiani Edoardo (1866-1961). Biografia. Quadri in vendita<\/title>\n<meta name=\"description\" content=\"Edoardo Gordigiani leggi la vita del pittore toscano dell&#039;800, vendita e acquisto online dipinti toscani dell&#039;800 di Edoardo Gordigiani scopri come\" \/>\n<meta name=\"robots\" content=\"index, follow, max-snippet:-1, max-image-preview:large, max-video-preview:-1\" \/>\n<link rel=\"canonical\" href=\"https:\/\/www.sba.it\/en\/artists\/edoardo-gordigiani-biografia-quadri-in-vendita-macchiaioli-valutazione-stima-perizia-certificata-di-dipinti-di-gordigiani-edoardo\/\" \/>\n<meta property=\"og:locale\" content=\"en_US\" \/>\n<meta property=\"og:type\" content=\"article\" \/>\n<meta property=\"og:title\" content=\"Gordigiani Edoardo (1866-1961). Biografia. Quadri in vendita\" \/>\n<meta property=\"og:description\" content=\"Edoardo Gordigiani leggi la vita del pittore toscano dell&#039;800, vendita e acquisto online dipinti toscani dell&#039;800 di Edoardo Gordigiani scopri come\" \/>\n<meta property=\"og:url\" content=\"https:\/\/www.sba.it\/en\/artists\/edoardo-gordigiani-biografia-quadri-in-vendita-macchiaioli-valutazione-stima-perizia-certificata-di-dipinti-di-gordigiani-edoardo\/\" \/>\n<meta property=\"og:site_name\" content=\"Societ\u00e0 di Belle Arti\" \/>\n<meta property=\"article:publisher\" content=\"https:\/\/www.facebook.com\/pitturaitaliana800e900\/\" \/>\n<meta property=\"article:modified_time\" content=\"2021-10-29T08:33:01+00:00\" \/>\n<meta property=\"og:image\" content=\"https:\/\/www.sba.it\/wp-content\/uploads\/2021\/05\/edoardo-gordigiani-vendita-quadri.jpg\" \/>\n\t<meta property=\"og:image:width\" content=\"178\" \/>\n\t<meta property=\"og:image:height\" content=\"223\" \/>\n\t<meta property=\"og:image:type\" content=\"image\/jpeg\" \/>\n<meta name=\"twitter:card\" content=\"summary_large_image\" \/>\n<meta name=\"twitter:site\" content=\"@SocietaArti\" \/>\n<meta name=\"twitter:label1\" content=\"Est. reading time\" \/>\n\t<meta name=\"twitter:data1\" content=\"2 minutes\" \/>\n<script type=\"application\/ld+json\" class=\"yoast-schema-graph\">{\"@context\":\"https:\\\/\\\/schema.org\",\"@graph\":[{\"@type\":\"WebPage\",\"@id\":\"https:\\\/\\\/www.sba.it\\\/en\\\/artists\\\/edoardo-gordigiani-biografia-quadri-in-vendita-macchiaioli-valutazione-stima-perizia-certificata-di-dipinti-di-gordigiani-edoardo\\\/\",\"url\":\"https:\\\/\\\/www.sba.it\\\/en\\\/artists\\\/edoardo-gordigiani-biografia-quadri-in-vendita-macchiaioli-valutazione-stima-perizia-certificata-di-dipinti-di-gordigiani-edoardo\\\/\",\"name\":\"Gordigiani Edoardo (1866-1961). Biografia. Quadri in vendita\",\"isPartOf\":{\"@id\":\"https:\\\/\\\/www.sba.it\\\/#website\"},\"primaryImageOfPage\":{\"@id\":\"https:\\\/\\\/www.sba.it\\\/en\\\/artists\\\/edoardo-gordigiani-biografia-quadri-in-vendita-macchiaioli-valutazione-stima-perizia-certificata-di-dipinti-di-gordigiani-edoardo\\\/#primaryimage\"},\"image\":{\"@id\":\"https:\\\/\\\/www.sba.it\\\/en\\\/artists\\\/edoardo-gordigiani-biografia-quadri-in-vendita-macchiaioli-valutazione-stima-perizia-certificata-di-dipinti-di-gordigiani-edoardo\\\/#primaryimage\"},\"thumbnailUrl\":\"https:\\\/\\\/www.sba.it\\\/wp-content\\\/uploads\\\/2021\\\/05\\\/edoardo-gordigiani-vendita-quadri.jpg\",\"datePublished\":\"2017-12-19T11:22:43+00:00\",\"dateModified\":\"2021-10-29T08:33:01+00:00\",\"description\":\"Edoardo Gordigiani leggi la vita del pittore toscano dell'800, vendita e acquisto online dipinti toscani dell'800 di Edoardo Gordigiani scopri come\",\"breadcrumb\":{\"@id\":\"https:\\\/\\\/www.sba.it\\\/en\\\/artists\\\/edoardo-gordigiani-biografia-quadri-in-vendita-macchiaioli-valutazione-stima-perizia-certificata-di-dipinti-di-gordigiani-edoardo\\\/#breadcrumb\"},\"inLanguage\":\"en-US\",\"potentialAction\":[{\"@type\":\"ReadAction\",\"target\":[\"https:\\\/\\\/www.sba.it\\\/en\\\/artists\\\/edoardo-gordigiani-biografia-quadri-in-vendita-macchiaioli-valutazione-stima-perizia-certificata-di-dipinti-di-gordigiani-edoardo\\\/\"]}]},{\"@type\":\"ImageObject\",\"inLanguage\":\"en-US\",\"@id\":\"https:\\\/\\\/www.sba.it\\\/en\\\/artists\\\/edoardo-gordigiani-biografia-quadri-in-vendita-macchiaioli-valutazione-stima-perizia-certificata-di-dipinti-di-gordigiani-edoardo\\\/#primaryimage\",\"url\":\"https:\\\/\\\/www.sba.it\\\/wp-content\\\/uploads\\\/2021\\\/05\\\/edoardo-gordigiani-vendita-quadri.jpg\",\"contentUrl\":\"https:\\\/\\\/www.sba.it\\\/wp-content\\\/uploads\\\/2021\\\/05\\\/edoardo-gordigiani-vendita-quadri.jpg\",\"width\":178,\"height\":223,\"caption\":\"edoardo gordigiani vendita quadri\"},{\"@type\":\"BreadcrumbList\",\"@id\":\"https:\\\/\\\/www.sba.it\\\/en\\\/artists\\\/edoardo-gordigiani-biografia-quadri-in-vendita-macchiaioli-valutazione-stima-perizia-certificata-di-dipinti-di-gordigiani-edoardo\\\/#breadcrumb\",\"itemListElement\":[{\"@type\":\"ListItem\",\"position\":1,\"name\":\"Home\",\"item\":\"https:\\\/\\\/www.sba.it\\\/en\\\/\"},{\"@type\":\"ListItem\",\"position\":2,\"name\":\"Artists\",\"item\":\"https:\\\/\\\/www.sba.it\\\/en\\\/artists\\\/\"},{\"@type\":\"ListItem\",\"position\":3,\"name\":\"Gordigiani Edoardo (1866-1961). Biografia. Quadri in vendita\"}]},{\"@type\":\"WebSite\",\"@id\":\"https:\\\/\\\/www.sba.it\\\/#website\",\"url\":\"https:\\\/\\\/www.sba.it\\\/\",\"name\":\"Societ\u00e0 di Belle Arti\",\"description\":\"Quadri macchiaioli e del 800 e 900 in vendita\",\"publisher\":{\"@id\":\"https:\\\/\\\/www.sba.it\\\/#organization\"},\"potentialAction\":[{\"@type\":\"SearchAction\",\"target\":{\"@type\":\"EntryPoint\",\"urlTemplate\":\"https:\\\/\\\/www.sba.it\\\/?s={search_term_string}\"},\"query-input\":{\"@type\":\"PropertyValueSpecification\",\"valueRequired\":true,\"valueName\":\"search_term_string\"}}],\"inLanguage\":\"en-US\"},{\"@type\":\"Organization\",\"@id\":\"https:\\\/\\\/www.sba.it\\\/#organization\",\"name\":\"Societ\u00e0 di Belle Arti\",\"url\":\"https:\\\/\\\/www.sba.it\\\/\",\"logo\":{\"@type\":\"ImageObject\",\"inLanguage\":\"en-US\",\"@id\":\"https:\\\/\\\/www.sba.it\\\/#\\\/schema\\\/logo\\\/image\\\/\",\"url\":\"https:\\\/\\\/www.sba.it\\\/wp-content\\\/uploads\\\/2019\\\/04\\\/Logo-rosso_nero.png\",\"contentUrl\":\"https:\\\/\\\/www.sba.it\\\/wp-content\\\/uploads\\\/2019\\\/04\\\/Logo-rosso_nero.png\",\"width\":2532,\"height\":1137,\"caption\":\"Societ\u00e0 di Belle Arti\"},\"image\":{\"@id\":\"https:\\\/\\\/www.sba.it\\\/#\\\/schema\\\/logo\\\/image\\\/\"},\"sameAs\":[\"https:\\\/\\\/www.facebook.com\\\/pitturaitaliana800e900\\\/\",\"https:\\\/\\\/x.com\\\/SocietaArti\",\"https:\\\/\\\/www.instagram.com\\\/societadibellearti\",\"https:\\\/\\\/www.linkedin.com\\\/in\\\/societ\u00e0-di-belle-arti-363aa8191\\\/\",\"https:\\\/\\\/www.youtube.com\\\/channel\\\/UC6fJlk-ajwhsnEIICATyXaQ\"]}]}<\/script>\n<!-- \/ Yoast SEO plugin. -->","yoast_head_json":{"title":"Gordigiani Edoardo (1866-1961). Biografia. Quadri in vendita","description":"Edoardo Gordigiani leggi la vita del pittore toscano dell'800, vendita e acquisto online dipinti toscani dell'800 di Edoardo Gordigiani scopri come","robots":{"index":"index","follow":"follow","max-snippet":"max-snippet:-1","max-image-preview":"max-image-preview:large","max-video-preview":"max-video-preview:-1"},"canonical":"https:\/\/www.sba.it\/en\/artists\/edoardo-gordigiani-biografia-quadri-in-vendita-macchiaioli-valutazione-stima-perizia-certificata-di-dipinti-di-gordigiani-edoardo\/","og_locale":"en_US","og_type":"article","og_title":"Gordigiani Edoardo (1866-1961). Biografia. Quadri in vendita","og_description":"Edoardo Gordigiani leggi la vita del pittore toscano dell'800, vendita e acquisto online dipinti toscani dell'800 di Edoardo Gordigiani scopri come","og_url":"https:\/\/www.sba.it\/en\/artists\/edoardo-gordigiani-biografia-quadri-in-vendita-macchiaioli-valutazione-stima-perizia-certificata-di-dipinti-di-gordigiani-edoardo\/","og_site_name":"Societ\u00e0 di Belle Arti","article_publisher":"https:\/\/www.facebook.com\/pitturaitaliana800e900\/","article_modified_time":"2021-10-29T08:33:01+00:00","og_image":[{"width":178,"height":223,"url":"https:\/\/www.sba.it\/wp-content\/uploads\/2021\/05\/edoardo-gordigiani-vendita-quadri.jpg","type":"image\/jpeg"}],"twitter_card":"summary_large_image","twitter_site":"@SocietaArti","twitter_misc":{"Est. reading time":"2 minutes"},"schema":{"@context":"https:\/\/schema.org","@graph":[{"@type":"WebPage","@id":"https:\/\/www.sba.it\/en\/artists\/edoardo-gordigiani-biografia-quadri-in-vendita-macchiaioli-valutazione-stima-perizia-certificata-di-dipinti-di-gordigiani-edoardo\/","url":"https:\/\/www.sba.it\/en\/artists\/edoardo-gordigiani-biografia-quadri-in-vendita-macchiaioli-valutazione-stima-perizia-certificata-di-dipinti-di-gordigiani-edoardo\/","name":"Gordigiani Edoardo (1866-1961). Biografia. Quadri in vendita","isPartOf":{"@id":"https:\/\/www.sba.it\/#website"},"primaryImageOfPage":{"@id":"https:\/\/www.sba.it\/en\/artists\/edoardo-gordigiani-biografia-quadri-in-vendita-macchiaioli-valutazione-stima-perizia-certificata-di-dipinti-di-gordigiani-edoardo\/#primaryimage"},"image":{"@id":"https:\/\/www.sba.it\/en\/artists\/edoardo-gordigiani-biografia-quadri-in-vendita-macchiaioli-valutazione-stima-perizia-certificata-di-dipinti-di-gordigiani-edoardo\/#primaryimage"},"thumbnailUrl":"https:\/\/www.sba.it\/wp-content\/uploads\/2021\/05\/edoardo-gordigiani-vendita-quadri.jpg","datePublished":"2017-12-19T11:22:43+00:00","dateModified":"2021-10-29T08:33:01+00:00","description":"Edoardo Gordigiani leggi la vita del pittore toscano dell'800, vendita e acquisto online dipinti toscani dell'800 di Edoardo Gordigiani scopri come","breadcrumb":{"@id":"https:\/\/www.sba.it\/en\/artists\/edoardo-gordigiani-biografia-quadri-in-vendita-macchiaioli-valutazione-stima-perizia-certificata-di-dipinti-di-gordigiani-edoardo\/#breadcrumb"},"inLanguage":"en-US","potentialAction":[{"@type":"ReadAction","target":["https:\/\/www.sba.it\/en\/artists\/edoardo-gordigiani-biografia-quadri-in-vendita-macchiaioli-valutazione-stima-perizia-certificata-di-dipinti-di-gordigiani-edoardo\/"]}]},{"@type":"ImageObject","inLanguage":"en-US","@id":"https:\/\/www.sba.it\/en\/artists\/edoardo-gordigiani-biografia-quadri-in-vendita-macchiaioli-valutazione-stima-perizia-certificata-di-dipinti-di-gordigiani-edoardo\/#primaryimage","url":"https:\/\/www.sba.it\/wp-content\/uploads\/2021\/05\/edoardo-gordigiani-vendita-quadri.jpg","contentUrl":"https:\/\/www.sba.it\/wp-content\/uploads\/2021\/05\/edoardo-gordigiani-vendita-quadri.jpg","width":178,"height":223,"caption":"edoardo gordigiani vendita quadri"},{"@type":"BreadcrumbList","@id":"https:\/\/www.sba.it\/en\/artists\/edoardo-gordigiani-biografia-quadri-in-vendita-macchiaioli-valutazione-stima-perizia-certificata-di-dipinti-di-gordigiani-edoardo\/#breadcrumb","itemListElement":[{"@type":"ListItem","position":1,"name":"Home","item":"https:\/\/www.sba.it\/en\/"},{"@type":"ListItem","position":2,"name":"Artists","item":"https:\/\/www.sba.it\/en\/artists\/"},{"@type":"ListItem","position":3,"name":"Gordigiani Edoardo (1866-1961). Biografia. Quadri in vendita"}]},{"@type":"WebSite","@id":"https:\/\/www.sba.it\/#website","url":"https:\/\/www.sba.it\/","name":"Societ\u00e0 di Belle Arti","description":"Quadri macchiaioli e del 800 e 900 in vendita","publisher":{"@id":"https:\/\/www.sba.it\/#organization"},"potentialAction":[{"@type":"SearchAction","target":{"@type":"EntryPoint","urlTemplate":"https:\/\/www.sba.it\/?s={search_term_string}"},"query-input":{"@type":"PropertyValueSpecification","valueRequired":true,"valueName":"search_term_string"}}],"inLanguage":"en-US"},{"@type":"Organization","@id":"https:\/\/www.sba.it\/#organization","name":"Societ\u00e0 di Belle Arti","url":"https:\/\/www.sba.it\/","logo":{"@type":"ImageObject","inLanguage":"en-US","@id":"https:\/\/www.sba.it\/#\/schema\/logo\/image\/","url":"https:\/\/www.sba.it\/wp-content\/uploads\/2019\/04\/Logo-rosso_nero.png","contentUrl":"https:\/\/www.sba.it\/wp-content\/uploads\/2019\/04\/Logo-rosso_nero.png","width":2532,"height":1137,"caption":"Societ\u00e0 di Belle Arti"},"image":{"@id":"https:\/\/www.sba.it\/#\/schema\/logo\/image\/"},"sameAs":["https:\/\/www.facebook.com\/pitturaitaliana800e900\/","https:\/\/x.com\/SocietaArti","https:\/\/www.instagram.com\/societadibellearti","https:\/\/www.linkedin.com\/in\/societ\u00e0-di-belle-arti-363aa8191\/","https:\/\/www.youtube.com\/channel\/UC6fJlk-ajwhsnEIICATyXaQ"]}]}},"_links":{"self":[{"href":"https:\/\/www.sba.it\/en\/wp-json\/wp\/v2\/pages\/75056","targetHints":{"allow":["GET"]}}],"collection":[{"href":"https:\/\/www.sba.it\/en\/wp-json\/wp\/v2\/pages"}],"about":[{"href":"https:\/\/www.sba.it\/en\/wp-json\/wp\/v2\/types\/page"}],"author":[{"embeddable":true,"href":"https:\/\/www.sba.it\/en\/wp-json\/wp\/v2\/users\/2"}],"replies":[{"embeddable":true,"href":"https:\/\/www.sba.it\/en\/wp-json\/wp\/v2\/comments?post=75056"}],"version-history":[{"count":4,"href":"https:\/\/www.sba.it\/en\/wp-json\/wp\/v2\/pages\/75056\/revisions"}],"predecessor-version":[{"id":88945,"href":"https:\/\/www.sba.it\/en\/wp-json\/wp\/v2\/pages\/75056\/revisions\/88945"}],"up":[{"embeddable":true,"href":"https:\/\/www.sba.it\/en\/wp-json\/wp\/v2\/pages\/73496"}],"wp:featuredmedia":[{"embeddable":true,"href":"https:\/\/www.sba.it\/en\/wp-json\/wp\/v2\/media\/88941"}],"wp:attachment":[{"href":"https:\/\/www.sba.it\/en\/wp-json\/wp\/v2\/media?parent=75056"}],"curies":[{"name":"wp","href":"https:\/\/api.w.org\/{rel}","templated":true}]}}