{"id":74982,"date":"2017-08-28T10:08:36","date_gmt":"2017-08-28T08:08:36","guid":{"rendered":"http:\/\/www.sba.it\/carlo-carra-biografia-quadri-in-vendita-del-900-valutazione-stima-perizia-certificata-di-dipinti-di-carlo-carra\/"},"modified":"2021-03-12T09:59:30","modified_gmt":"2021-03-12T08:59:30","slug":"carlo-carra-biografia-quadri-in-vendita-del-900-valutazione-stima-perizia-certificata-di-dipinti-di-carlo-carra","status":"publish","type":"page","link":"https:\/\/www.sba.it\/en\/artists\/carlo-carra-biografia-quadri-in-vendita-del-900-valutazione-stima-perizia-certificata-di-dipinti-di-carlo-carra\/","title":{"rendered":"Carr\u00e0 Carlo (1881-1966). Biografia. Quadri in vendita."},"content":{"rendered":"<p style=\"text-align: justify;\">\u00a0Carlo Carr\u00e0 nasce l\u201911 febbrai 1881 a Quargnento (Alessandria).<\/p>\n<p style=\"text-align: justify;\">Durante una lunga convalescenza per una polmonite scopre il disegno.<\/p>\n<p style=\"text-align: justify;\">Inizia la carriera artistica decorando a tempera con paesaggi e testine di angeli le pareti della soffitta della casa paterna.<\/p>\n<p style=\"text-align: justify;\">Con l\u2019aiuto del padre, nel 1895, si trasferisce a Milano dove segue alcuni decoratori e visita spesso la Pinacoteca di Brera, il Museo Poldi Pezzoli, la Galleria d\u2019Arte <img decoding=\"async\" class=\" alignleft size-full wp-image-2797\" style=\"margin-right: 20px; float: left;\" src=\"http:\/\/www.sba.it\/wp-content\/uploads\/2017\/08\/images_artisti_carr%C3%A0ok.jpg\" alt=\"carr\u00e0ok\" width=\"300\" height=\"211\" \/>Moderna e le esposizioni della Permanente.<\/p>\n<p style=\"text-align: justify;\">Attratto dall\u2019idea di lavorare alla decorazione di qualche padiglione della Exposition Universelle che si sta preparando, emigra a Parigi consolidando cos\u00ec la sua educazione artistica e ottenendo i primi guadagni.<\/p>\n<p style=\"text-align: justify;\">Al Louvre \u00e8 incantato dalle opere di Delacroix, G\u00e9ricault, Manet; al Luxembourg dai dipinti degli Impressionisti.<\/p>\n<p style=\"text-align: justify;\">Terminati i lavori all\u2019Esposizione di Parigi, emigra a Londra in cerca di nuove commissioni.<\/p>\n<p style=\"text-align: justify;\">Ha modo di conoscere la pittura di Turner e Constable.<\/p>\n<p style=\"text-align: justify;\">Dopo un soggiorno di sei mesi, per mancanza di lavoro, rientra in Italia e, durate una breve visita al padre, dipinge\u00a0<em>La strada di casa<\/em>, una sorta di anticipazione divisionista.<\/p>\n<p style=\"text-align: justify;\">Lavor\u00f2\u00a0 fino al 1905, come \u201coperaio pittore\u201d nella\u00a0 Cooperativa pittori e imbiancatori con la paga settimanale di 31,62 lire.<\/p>\n<p style=\"text-align: justify;\">Prosegue nell\u2019attivit\u00e0 di decoratore murale accompagnata dallo studio alla scuola serale d\u2019 arte applicata del Castello Sforzesco, dove ottiene due premi di merito, che inducono uno zio a passargli un modesto mensile perch\u00e9 possa iscriversi all\u2019<a href=\"https:\/\/www.accademiadibrera.milano.it\/\">Accademia di Belle Arti di Brera<\/a>, sotto la guida di <a href=\"https:\/\/www.sba.it\/en\/artists\/tallone-cesare-biografia-quadri-in-vendita-stima-perizia-certificata-dipinti-di-tallone-cesare\/\"><strong>Cesare Tallone<\/strong><\/a>.<\/p>\n<p style=\"text-align: justify;\">Dopo una breve fase Divisionista, durante il quale dipinge <em>I cavalieri dell\u2019Apocalisse<\/em>,\u00a0<em>Paesaggio nella campagna biellese <\/em>e<em>\u00a0Autunno,<\/em>\u00a0nel 1911 si dedica completamente alla corrente futurista.<\/p>\n<p style=\"text-align: justify;\">Nell\u2019autunno dello stesso anno compie il secondo viaggio a Parigi e stabilisce i primi contatti con il mondo cubista: conosce Braque e Picasso.<\/p>\n<p style=\"text-align: justify;\">Nel febbraio 1912 partecipa all\u2019esposizione futurista alla Galleria Bernheim Jeune con 11 opere tra cui\u00a0<em>I funerali dell\u2019anarchico Galli<\/em>,\u00a0<em>La stazione di Milan<\/em>o\u00a0e<em>\u00a0Sobbalzi di carrozza<\/em>.<\/p>\n<p style=\"text-align: justify;\">Conosce Matisse, <a href=\"https:\/\/www.sba.it\/artisti-in-galleria\/amedeo-modigliani-biografia\/\"><strong>Modigliani<\/strong><\/a> e <a href=\"https:\/\/www.sba.it\/en\/artists\/rosso-medardo-biografia-sculture-vendita\/\"><strong>Medardo Rosso<\/strong><\/a>.<\/p>\n<p style=\"text-align: justify;\">Al termine del 1915 si allontana dal futurismo.<\/p>\n<p style=\"text-align: justify;\">Chiamato alle armi viene inviato nel Ferrarese. Impossibilitato a dipingere e avvilito dalla vita militare scrive brevi testi poetici.<\/p>\n<p style=\"text-align: justify;\">Stringe contatti con <a href=\"https:\/\/www.sba.it\/en\/artists\/giorgio-de-chirico-biografia-dipinti-in-vendita-del-900\/\"><strong>de Chirico<\/strong><\/a>, Savinio, <strong><a href=\"https:\/\/www.sba.it\/en\/artists\/de-pisis-filippo-biografia-quadri-in-vendita-valutazione-stima-perizia-certificata-di-dipinti-di-altamura-francesco-saveriode-pisis-filippo\/\">de Pisis<\/a>\u00a0<\/strong>e Ravegnani.<\/p>\n<p style=\"text-align: justify;\">Vive un nuovo periodo di fervore pittorico: \u00e8 la \u201cstagione metafisica\u201d.<\/p>\n<p style=\"text-align: justify;\">Alla fine del 1917 espone alla Galleria Chini di Milano 29 opere.<\/p>\n<p style=\"text-align: justify;\">Sposa Ines Minoja, pubblica, presso Vallecchi, una raccolta di saggi col titolo\u00a0Pittura metafisica.<\/p>\n<p style=\"text-align: justify;\">Collabora alla rivista \u201cValori Plastici\u201d con scritti e illustrazioni.<\/p>\n<p style=\"text-align: justify;\">Carlo Carr\u00e0 porta avanti le sue idee sull\u2019arte, secondo le quali la pittura \u201cdeve cogliere quel rapporto che comprende il bisogno di immedesimazione con le cose e il bisogno di astrazione.<\/p>\n<p style=\"text-align: justify;\">Sotto questo duplice stimolo il pittore potenzia la sua capacit\u00e0 di sottrarre le cose alle contingenze, purificandole e conferendo loro un valore assoluto.<\/p>\n<p style=\"text-align: justify;\">La pittura crea cos\u00ec una cosa nuova, una entit\u00e0 nuova\u201d.<\/p>\n<p style=\"text-align: justify;\">Durante l\u2019estate del 1924 dipinge con grande impegno in Valsesia.<\/p>\n<p style=\"text-align: justify;\">In inverno, a Milano, incide una serie di 35 acqueforti e pubblica su \u201cValori Plastici\u201d\u00a0un vasto studio su Giotto.<\/p>\n<p style=\"text-align: justify;\">All\u2019estate del 1926 risale il primo soggiorno a Forte dei Marmi, su invito di Arturo Dazzi: qui dipinge paesaggi della Versilia, le spiagge deserte, i capanni.<\/p>\n<p style=\"text-align: justify;\">Da questo momento risieder\u00e0 parecchi mesi ogni anno nella cittadina versiliese in una casetta tra i pini da lui stesso progettata.<\/p>\n<p style=\"text-align: justify;\">In inverno a Milano espone 21 dipinti alla Galleria Pesaro con <a href=\"https:\/\/www.sba.it\/en\/artists\/giorgio-de-chirico-biografia-dipinti-in-vendita-del-900\/\"><strong>Giorgio de Chirico<\/strong><\/a> e Rubaldo Merello.<\/p>\n<p style=\"text-align: justify;\">Nel 1928 tiene la prima personale esponendo 14 opere alla Biennale veneziana.<\/p>\n<p style=\"text-align: justify;\">Due anni pi\u00f9 tardi una mostra, con <a href=\"https:\/\/www.sba.it\/en\/artists\/ardengo-soffici-biografia-quadri-in-vendita-ardengo-soffici\/\"><strong>Soffici<\/strong><\/a>, alla Galleria Bardi di Milano suscita reazioni diverse da parte del pubblico.<\/p>\n<p style=\"text-align: justify;\">Nel 1932 si reca in Germania, Austria e Cecoslovacchia dove tiene conferenze sull\u2019arte italiana e una mostra personale all\u2019Associazione Umelecka Beseda di Praga.<\/p>\n<p style=\"text-align: justify;\">L\u2019anno successivo realizza l\u2019originaria aspirazione di dedicarsi alla pittura murale, eseguendo per la V Triennale di Arte Decorativa a Milano una tempera sul tema obbligato dell\u2019Italia romana.<\/p>\n<p style=\"text-align: justify;\">Al termine della manifestazione l\u2019opera viene, per\u00f2, distrutta.<\/p>\n<p style=\"text-align: justify;\">Nel 1935 intraprende un viaggio in Campania, Algeria e Malta per dipingere.<\/p>\n<p style=\"text-align: justify;\">Allestisce una personale di 46 opere presso la Galleria del Milione a Milano.<\/p>\n<p style=\"text-align: justify;\">Il suo studio \u00e8 punto d\u2019incontro di artisti tra cui Arturo Martini, Savinio, <strong>Tosi<\/strong>, <a href=\"https:\/\/www.sba.it\/en\/artists\/mario-sironi-biografia-quadri-vendita-stima-perizia-dipinti-900-mario-sroni\/\"><strong>Sironi<\/strong><\/a>, <strong>Campigli<\/strong> ma soprattutto dei pi\u00f9 giovani Manz\u00f9, Marini e Tomea.<\/p>\n<p style=\"text-align: justify;\">Grazie all\u2019interessamento di Arturo Dazzi, viene invitato ad affrescare due grandi pareti del nuovo Palazzo di Giustizia di Milano.<\/p>\n<p style=\"text-align: justify;\">Tra i temi proposti inerenti la giustizia, la Bibbia o la storia, Carr\u00e0 ne sceglie uno religioso: il Giudizio universale, uno relativo al riordinamento giuridico dell\u2019imperatore Giustiniano:\u00a0Giustiniano libera lo schiavo.<\/p>\n<p style=\"text-align: justify;\">Entrambi gli affreschi, terminati nel 1938, sono oggetto di attacchi politici perch\u00e9 privi di riferimenti al regime; vengono, dunque, coperti con juta sino al 1845, quando sono, nuovamente, resi visibili.<\/p>\n<p style=\"text-align: justify;\">Nel 1941 ottiene\u00a0 la cattedra di pittura all\u2019Accademia di Brera e l\u2019anno successivo gli viene dedicata una mostra antologica in sei sale della <a href=\"https:\/\/pinacotecabrera.org\/\">Pinacoteca di Brera<\/a>, nelle quali figurano 114 opere giunte da tutta l\u2019Italia.<\/p>\n<p style=\"text-align: justify;\">Nello stesso anno il pittore scrive si dedicata alla stesura della propria biografia pubblicata da Longanesi l\u2019anno dopo.<\/p>\n<p style=\"text-align: justify;\">Nel 1943, in seguito ai bombardamenti di Milano, si rifugia a Corenno Plinio, sul lago di Como.<\/p>\n<p style=\"text-align: justify;\">Qui dipinge una serie di paesaggi e segue un centinaio di disegni per l\u2019illustrazione dell\u2019edizione del\u00a0Don Chisciotte\u00a0curata da Giampiero Giani.<\/p>\n<p style=\"text-align: justify;\">Dopo essere rientrato a Milano nel 1946, lavora ancora assiduamente soprattutto a Forte dei Marmi e a Venezia dedicandosi al disegno e alle litografie.<\/p>\n<p style=\"text-align: justify;\">Nel 1948 tiene una mostra a Bologna e poi a Milano.<\/p>\n<p style=\"text-align: justify;\">Nel 1955 esce in Germania la\u00a0Storia della pittura del XX secolo\u00a0di Werner Haftmann che conduce una profonda analisi sull\u2019arte di Carr\u00e0.<\/p>\n<p style=\"text-align: justify;\">Nell\u2019aprile del \u201962 viene realizzata una mostra storica a Palazzo Reale di Milano promossa dal Comune e dall\u2019Ente manifestazioni, vi figurano 106 quadri a olio e 100 fra disegni e opere grafiche.<\/p>\n<p style=\"text-align: justify;\">Carlo Carr\u00e0 muore a Milano il 13 aprile 1966.<\/p>\n<p style=\"text-align: justify;\"><span style=\"font-size: 18pt; line-height: 115%;\"><span style=\"font-size: 11px;\">da M. Carr\u00e0<\/span><span style=\"font-size: 11px;\">\u00a0<\/span><span style=\"font-size: 11px;\">Stralci di biografia<\/span><span style=\"font-size: 11px;\">\u00a0<\/span><span style=\"font-size: 11px;\">in<\/span><span style=\"font-size: 11px;\">\u00a0<\/span><span style=\"font-size: 11px;\">Carr\u00e0 Oggi<\/span><span style=\"font-size: 11px;\">\u00a0<\/span><span style=\"font-size: 11px;\">a cura di L. Cavallo, edizioni Galleria Marescalchi, Bologna anno 1989<\/span><\/span><\/p>\n<h3 style=\"font-size: 12pt;\"><a href=\"https:\/\/www.sba.it\/en\/paintings\/\">CATALOGO OPERE<\/a>\u00a0| <a href=\"https:\/\/www.sba.it\/en\/to-sell\/\">VUOI VENDERE O COMPRARE UN QUADRO DI QUESTO ARTISTA?<\/a><\/h3>\n","protected":false},"excerpt":{"rendered":"<p>\u00a0Carlo Carr\u00e0 nasce l\u201911 febbrai 1881 a Quargnento (Alessandria). Durante una lunga convalescenza per una polmonite scopre il disegno. Inizia [&hellip;]<\/p>\n","protected":false},"author":2,"featured_media":2799,"parent":73496,"menu_order":69,"comment_status":"closed","ping_status":"closed","template":"","meta":{"_monsterinsights_skip_tracking":false,"_monsterinsights_sitenote_active":false,"_monsterinsights_sitenote_note":"","_monsterinsights_sitenote_category":0,"footnotes":""},"class_list":["post-74982","page","type-page","status-publish","has-post-thumbnail","hentry","page_category-artists"],"yoast_head":"<!-- This site is optimized with the Yoast SEO plugin v27.4 - https:\/\/yoast.com\/product\/yoast-seo-wordpress\/ -->\n<title>Carr\u00e0 Carlo (1881-1966). Biografia. Quadri in vendita.<\/title>\n<meta name=\"description\" content=\"carlo carr\u00e0 leggi la vita del pittore del 900, vendita e acquisto online dipinti del 900 di Carlo Carr\u00e0 scopri come\" \/>\n<meta name=\"robots\" content=\"index, follow, max-snippet:-1, max-image-preview:large, max-video-preview:-1\" \/>\n<link rel=\"canonical\" href=\"https:\/\/www.sba.it\/en\/artists\/carlo-carra-biografia-quadri-in-vendita-del-900-valutazione-stima-perizia-certificata-di-dipinti-di-carlo-carra\/\" \/>\n<meta property=\"og:locale\" content=\"en_US\" \/>\n<meta property=\"og:type\" content=\"article\" \/>\n<meta property=\"og:title\" content=\"Carr\u00e0 Carlo (1881-1966). Biografia. Quadri in vendita.\" \/>\n<meta property=\"og:description\" content=\"carlo carr\u00e0 leggi la vita del pittore del 900, vendita e acquisto online dipinti del 900 di Carlo Carr\u00e0 scopri come\" \/>\n<meta property=\"og:url\" content=\"https:\/\/www.sba.it\/en\/artists\/carlo-carra-biografia-quadri-in-vendita-del-900-valutazione-stima-perizia-certificata-di-dipinti-di-carlo-carra\/\" \/>\n<meta property=\"og:site_name\" content=\"Societ\u00e0 di Belle Arti\" \/>\n<meta property=\"article:publisher\" content=\"https:\/\/www.facebook.com\/pitturaitaliana800e900\/\" \/>\n<meta property=\"article:modified_time\" content=\"2021-03-12T08:59:30+00:00\" \/>\n<meta property=\"og:image\" content=\"https:\/\/www.sba.it\/wp-content\/uploads\/2017\/08\/images_artisti_carr\u00e0ok.jpg\" \/>\n\t<meta property=\"og:image:width\" content=\"300\" \/>\n\t<meta property=\"og:image:height\" content=\"211\" \/>\n\t<meta property=\"og:image:type\" content=\"image\/jpeg\" \/>\n<meta name=\"twitter:card\" content=\"summary_large_image\" \/>\n<meta name=\"twitter:site\" content=\"@SocietaArti\" \/>\n<meta name=\"twitter:label1\" content=\"Est. reading time\" \/>\n\t<meta name=\"twitter:data1\" content=\"5 minutes\" \/>\n<script type=\"application\/ld+json\" class=\"yoast-schema-graph\">{\"@context\":\"https:\\\/\\\/schema.org\",\"@graph\":[{\"@type\":\"WebPage\",\"@id\":\"https:\\\/\\\/www.sba.it\\\/en\\\/artists\\\/carlo-carra-biografia-quadri-in-vendita-del-900-valutazione-stima-perizia-certificata-di-dipinti-di-carlo-carra\\\/\",\"url\":\"https:\\\/\\\/www.sba.it\\\/en\\\/artists\\\/carlo-carra-biografia-quadri-in-vendita-del-900-valutazione-stima-perizia-certificata-di-dipinti-di-carlo-carra\\\/\",\"name\":\"Carr\u00e0 Carlo (1881-1966). Biografia. Quadri in vendita.\",\"isPartOf\":{\"@id\":\"https:\\\/\\\/www.sba.it\\\/#website\"},\"primaryImageOfPage\":{\"@id\":\"https:\\\/\\\/www.sba.it\\\/en\\\/artists\\\/carlo-carra-biografia-quadri-in-vendita-del-900-valutazione-stima-perizia-certificata-di-dipinti-di-carlo-carra\\\/#primaryimage\"},\"image\":{\"@id\":\"https:\\\/\\\/www.sba.it\\\/en\\\/artists\\\/carlo-carra-biografia-quadri-in-vendita-del-900-valutazione-stima-perizia-certificata-di-dipinti-di-carlo-carra\\\/#primaryimage\"},\"thumbnailUrl\":\"https:\\\/\\\/www.sba.it\\\/wp-content\\\/uploads\\\/2017\\\/08\\\/images_artisti_carr\u00e0ok.jpg\",\"datePublished\":\"2017-08-28T08:08:36+00:00\",\"dateModified\":\"2021-03-12T08:59:30+00:00\",\"description\":\"carlo carr\u00e0 leggi la vita del pittore del 900, vendita e acquisto online dipinti del 900 di Carlo Carr\u00e0 scopri come\",\"breadcrumb\":{\"@id\":\"https:\\\/\\\/www.sba.it\\\/en\\\/artists\\\/carlo-carra-biografia-quadri-in-vendita-del-900-valutazione-stima-perizia-certificata-di-dipinti-di-carlo-carra\\\/#breadcrumb\"},\"inLanguage\":\"en-US\",\"potentialAction\":[{\"@type\":\"ReadAction\",\"target\":[\"https:\\\/\\\/www.sba.it\\\/en\\\/artists\\\/carlo-carra-biografia-quadri-in-vendita-del-900-valutazione-stima-perizia-certificata-di-dipinti-di-carlo-carra\\\/\"]}]},{\"@type\":\"ImageObject\",\"inLanguage\":\"en-US\",\"@id\":\"https:\\\/\\\/www.sba.it\\\/en\\\/artists\\\/carlo-carra-biografia-quadri-in-vendita-del-900-valutazione-stima-perizia-certificata-di-dipinti-di-carlo-carra\\\/#primaryimage\",\"url\":\"https:\\\/\\\/www.sba.it\\\/wp-content\\\/uploads\\\/2017\\\/08\\\/images_artisti_carr\u00e0ok.jpg\",\"contentUrl\":\"https:\\\/\\\/www.sba.it\\\/wp-content\\\/uploads\\\/2017\\\/08\\\/images_artisti_carr\u00e0ok.jpg\",\"width\":300,\"height\":211,\"caption\":\"Foto di Carlo Carr\u00e0\"},{\"@type\":\"BreadcrumbList\",\"@id\":\"https:\\\/\\\/www.sba.it\\\/en\\\/artists\\\/carlo-carra-biografia-quadri-in-vendita-del-900-valutazione-stima-perizia-certificata-di-dipinti-di-carlo-carra\\\/#breadcrumb\",\"itemListElement\":[{\"@type\":\"ListItem\",\"position\":1,\"name\":\"Home\",\"item\":\"https:\\\/\\\/www.sba.it\\\/en\\\/\"},{\"@type\":\"ListItem\",\"position\":2,\"name\":\"Artists\",\"item\":\"https:\\\/\\\/www.sba.it\\\/en\\\/artists\\\/\"},{\"@type\":\"ListItem\",\"position\":3,\"name\":\"Carr\u00e0 Carlo (1881-1966). Biografia. Quadri in vendita.\"}]},{\"@type\":\"WebSite\",\"@id\":\"https:\\\/\\\/www.sba.it\\\/#website\",\"url\":\"https:\\\/\\\/www.sba.it\\\/\",\"name\":\"Societ\u00e0 di Belle Arti\",\"description\":\"Quadri macchiaioli e del 800 e 900 in vendita\",\"publisher\":{\"@id\":\"https:\\\/\\\/www.sba.it\\\/#organization\"},\"potentialAction\":[{\"@type\":\"SearchAction\",\"target\":{\"@type\":\"EntryPoint\",\"urlTemplate\":\"https:\\\/\\\/www.sba.it\\\/?s={search_term_string}\"},\"query-input\":{\"@type\":\"PropertyValueSpecification\",\"valueRequired\":true,\"valueName\":\"search_term_string\"}}],\"inLanguage\":\"en-US\"},{\"@type\":\"Organization\",\"@id\":\"https:\\\/\\\/www.sba.it\\\/#organization\",\"name\":\"Societ\u00e0 di Belle Arti\",\"url\":\"https:\\\/\\\/www.sba.it\\\/\",\"logo\":{\"@type\":\"ImageObject\",\"inLanguage\":\"en-US\",\"@id\":\"https:\\\/\\\/www.sba.it\\\/#\\\/schema\\\/logo\\\/image\\\/\",\"url\":\"https:\\\/\\\/www.sba.it\\\/wp-content\\\/uploads\\\/2019\\\/04\\\/Logo-rosso_nero.png\",\"contentUrl\":\"https:\\\/\\\/www.sba.it\\\/wp-content\\\/uploads\\\/2019\\\/04\\\/Logo-rosso_nero.png\",\"width\":2532,\"height\":1137,\"caption\":\"Societ\u00e0 di Belle Arti\"},\"image\":{\"@id\":\"https:\\\/\\\/www.sba.it\\\/#\\\/schema\\\/logo\\\/image\\\/\"},\"sameAs\":[\"https:\\\/\\\/www.facebook.com\\\/pitturaitaliana800e900\\\/\",\"https:\\\/\\\/x.com\\\/SocietaArti\",\"https:\\\/\\\/www.instagram.com\\\/societadibellearti\",\"https:\\\/\\\/www.linkedin.com\\\/in\\\/societ\u00e0-di-belle-arti-363aa8191\\\/\",\"https:\\\/\\\/www.youtube.com\\\/channel\\\/UC6fJlk-ajwhsnEIICATyXaQ\"]}]}<\/script>\n<!-- \/ Yoast SEO plugin. -->","yoast_head_json":{"title":"Carr\u00e0 Carlo (1881-1966). Biografia. Quadri in vendita.","description":"carlo carr\u00e0 leggi la vita del pittore del 900, vendita e acquisto online dipinti del 900 di Carlo Carr\u00e0 scopri come","robots":{"index":"index","follow":"follow","max-snippet":"max-snippet:-1","max-image-preview":"max-image-preview:large","max-video-preview":"max-video-preview:-1"},"canonical":"https:\/\/www.sba.it\/en\/artists\/carlo-carra-biografia-quadri-in-vendita-del-900-valutazione-stima-perizia-certificata-di-dipinti-di-carlo-carra\/","og_locale":"en_US","og_type":"article","og_title":"Carr\u00e0 Carlo (1881-1966). Biografia. Quadri in vendita.","og_description":"carlo carr\u00e0 leggi la vita del pittore del 900, vendita e acquisto online dipinti del 900 di Carlo Carr\u00e0 scopri come","og_url":"https:\/\/www.sba.it\/en\/artists\/carlo-carra-biografia-quadri-in-vendita-del-900-valutazione-stima-perizia-certificata-di-dipinti-di-carlo-carra\/","og_site_name":"Societ\u00e0 di Belle Arti","article_publisher":"https:\/\/www.facebook.com\/pitturaitaliana800e900\/","article_modified_time":"2021-03-12T08:59:30+00:00","og_image":[{"width":300,"height":211,"url":"https:\/\/www.sba.it\/wp-content\/uploads\/2017\/08\/images_artisti_carr\u00e0ok.jpg","type":"image\/jpeg"}],"twitter_card":"summary_large_image","twitter_site":"@SocietaArti","twitter_misc":{"Est. reading time":"5 minutes"},"schema":{"@context":"https:\/\/schema.org","@graph":[{"@type":"WebPage","@id":"https:\/\/www.sba.it\/en\/artists\/carlo-carra-biografia-quadri-in-vendita-del-900-valutazione-stima-perizia-certificata-di-dipinti-di-carlo-carra\/","url":"https:\/\/www.sba.it\/en\/artists\/carlo-carra-biografia-quadri-in-vendita-del-900-valutazione-stima-perizia-certificata-di-dipinti-di-carlo-carra\/","name":"Carr\u00e0 Carlo (1881-1966). Biografia. Quadri in vendita.","isPartOf":{"@id":"https:\/\/www.sba.it\/#website"},"primaryImageOfPage":{"@id":"https:\/\/www.sba.it\/en\/artists\/carlo-carra-biografia-quadri-in-vendita-del-900-valutazione-stima-perizia-certificata-di-dipinti-di-carlo-carra\/#primaryimage"},"image":{"@id":"https:\/\/www.sba.it\/en\/artists\/carlo-carra-biografia-quadri-in-vendita-del-900-valutazione-stima-perizia-certificata-di-dipinti-di-carlo-carra\/#primaryimage"},"thumbnailUrl":"https:\/\/www.sba.it\/wp-content\/uploads\/2017\/08\/images_artisti_carr\u00e0ok.jpg","datePublished":"2017-08-28T08:08:36+00:00","dateModified":"2021-03-12T08:59:30+00:00","description":"carlo carr\u00e0 leggi la vita del pittore del 900, vendita e acquisto online dipinti del 900 di Carlo Carr\u00e0 scopri come","breadcrumb":{"@id":"https:\/\/www.sba.it\/en\/artists\/carlo-carra-biografia-quadri-in-vendita-del-900-valutazione-stima-perizia-certificata-di-dipinti-di-carlo-carra\/#breadcrumb"},"inLanguage":"en-US","potentialAction":[{"@type":"ReadAction","target":["https:\/\/www.sba.it\/en\/artists\/carlo-carra-biografia-quadri-in-vendita-del-900-valutazione-stima-perizia-certificata-di-dipinti-di-carlo-carra\/"]}]},{"@type":"ImageObject","inLanguage":"en-US","@id":"https:\/\/www.sba.it\/en\/artists\/carlo-carra-biografia-quadri-in-vendita-del-900-valutazione-stima-perizia-certificata-di-dipinti-di-carlo-carra\/#primaryimage","url":"https:\/\/www.sba.it\/wp-content\/uploads\/2017\/08\/images_artisti_carr\u00e0ok.jpg","contentUrl":"https:\/\/www.sba.it\/wp-content\/uploads\/2017\/08\/images_artisti_carr\u00e0ok.jpg","width":300,"height":211,"caption":"Foto di Carlo Carr\u00e0"},{"@type":"BreadcrumbList","@id":"https:\/\/www.sba.it\/en\/artists\/carlo-carra-biografia-quadri-in-vendita-del-900-valutazione-stima-perizia-certificata-di-dipinti-di-carlo-carra\/#breadcrumb","itemListElement":[{"@type":"ListItem","position":1,"name":"Home","item":"https:\/\/www.sba.it\/en\/"},{"@type":"ListItem","position":2,"name":"Artists","item":"https:\/\/www.sba.it\/en\/artists\/"},{"@type":"ListItem","position":3,"name":"Carr\u00e0 Carlo (1881-1966). Biografia. Quadri in vendita."}]},{"@type":"WebSite","@id":"https:\/\/www.sba.it\/#website","url":"https:\/\/www.sba.it\/","name":"Societ\u00e0 di Belle Arti","description":"Quadri macchiaioli e del 800 e 900 in vendita","publisher":{"@id":"https:\/\/www.sba.it\/#organization"},"potentialAction":[{"@type":"SearchAction","target":{"@type":"EntryPoint","urlTemplate":"https:\/\/www.sba.it\/?s={search_term_string}"},"query-input":{"@type":"PropertyValueSpecification","valueRequired":true,"valueName":"search_term_string"}}],"inLanguage":"en-US"},{"@type":"Organization","@id":"https:\/\/www.sba.it\/#organization","name":"Societ\u00e0 di Belle Arti","url":"https:\/\/www.sba.it\/","logo":{"@type":"ImageObject","inLanguage":"en-US","@id":"https:\/\/www.sba.it\/#\/schema\/logo\/image\/","url":"https:\/\/www.sba.it\/wp-content\/uploads\/2019\/04\/Logo-rosso_nero.png","contentUrl":"https:\/\/www.sba.it\/wp-content\/uploads\/2019\/04\/Logo-rosso_nero.png","width":2532,"height":1137,"caption":"Societ\u00e0 di Belle Arti"},"image":{"@id":"https:\/\/www.sba.it\/#\/schema\/logo\/image\/"},"sameAs":["https:\/\/www.facebook.com\/pitturaitaliana800e900\/","https:\/\/x.com\/SocietaArti","https:\/\/www.instagram.com\/societadibellearti","https:\/\/www.linkedin.com\/in\/societ\u00e0-di-belle-arti-363aa8191\/","https:\/\/www.youtube.com\/channel\/UC6fJlk-ajwhsnEIICATyXaQ"]}]}},"_links":{"self":[{"href":"https:\/\/www.sba.it\/en\/wp-json\/wp\/v2\/pages\/74982","targetHints":{"allow":["GET"]}}],"collection":[{"href":"https:\/\/www.sba.it\/en\/wp-json\/wp\/v2\/pages"}],"about":[{"href":"https:\/\/www.sba.it\/en\/wp-json\/wp\/v2\/types\/page"}],"author":[{"embeddable":true,"href":"https:\/\/www.sba.it\/en\/wp-json\/wp\/v2\/users\/2"}],"replies":[{"embeddable":true,"href":"https:\/\/www.sba.it\/en\/wp-json\/wp\/v2\/comments?post=74982"}],"version-history":[{"count":6,"href":"https:\/\/www.sba.it\/en\/wp-json\/wp\/v2\/pages\/74982\/revisions"}],"predecessor-version":[{"id":88700,"href":"https:\/\/www.sba.it\/en\/wp-json\/wp\/v2\/pages\/74982\/revisions\/88700"}],"up":[{"embeddable":true,"href":"https:\/\/www.sba.it\/en\/wp-json\/wp\/v2\/pages\/73496"}],"wp:featuredmedia":[{"embeddable":true,"href":"https:\/\/www.sba.it\/en\/wp-json\/wp\/v2\/media\/2799"}],"wp:attachment":[{"href":"https:\/\/www.sba.it\/en\/wp-json\/wp\/v2\/media?parent=74982"}],"curies":[{"name":"wp","href":"https:\/\/api.w.org\/{rel}","templated":true}]}}