{"id":74859,"date":"2017-04-06T10:46:18","date_gmt":"2017-04-06T08:46:18","guid":{"rendered":"http:\/\/www.sba.it\/rubens-santoro-biografia-quadri-vendita-perizia\/"},"modified":"2020-10-07T10:24:48","modified_gmt":"2020-10-07T08:24:48","slug":"rubens-santoro-biografia-quadri-vendita-perizia","status":"publish","type":"page","link":"https:\/\/www.sba.it\/en\/artists\/rubens-santoro-biografia-quadri-vendita-perizia\/","title":{"rendered":"Santoro Rubens (1859-1942). Biografia. Quadri in vendita."},"content":{"rendered":"<p>&nbsp;<\/p>\n<p><img decoding=\"async\" class=\" alignleft size-full wp-image-2569\" style=\"margin-right: 20px; float: left;\" src=\"http:\/\/www.sba.it\/wp-content\/uploads\/2017\/04\/images_artisti_Santoro-Rubens-biografia-vendita-dipinti.jpg\" alt=\"Santoro-Rubens-biografia-vendita-dipinti\" width=\"300\" height=\"350\" srcset=\"https:\/\/www.sba.it\/wp-content\/uploads\/2017\/04\/images_artisti_Santoro-Rubens-biografia-vendita-dipinti.jpg 300w, https:\/\/www.sba.it\/wp-content\/uploads\/2017\/04\/images_artisti_Santoro-Rubens-biografia-vendita-dipinti-257x300.jpg 257w\" sizes=\"(max-width: 300px) 100vw, 300px\" \/>Rubens Santoro nacque\u00a0 a Mongrassano il 26 ottobre 1859.<\/p>\n<p>Frequent\u00f2 il Regio Istituto di Belle Arti a Napoli sotto la guida di Domenico Morelli che, apprezzandone l&#8217;eccezionale capacit\u00e0 artistica, lo raccomand\u00f2 a Pompeo Molmenti.<\/p>\n<p>Seguendo l&#8217;indirizzo di Filippo Palizzi e Domenico Morelli, sin dalle prime opere Santoro manifest\u00f2 la sua adesione al vero.<\/p>\n<p>Nel 1874, a soli 15 anni, esord\u00ec\u00a0 presentandosi alla undicesima mostra della societ\u00e0 Promotrice di Belle Arti di Napoli con tre dipinti ad olio: <em>Una fanciulla che ride<\/em>, acquistato da <a href=\"http:\/\/www.sba.it\/domenico-morelli-biografia-quadri-vendita-stima-perizia-dipinti-domenico-morelli\/\">Domenico Morelli <\/a>e ripresentato all&#8217;esposizione dell&#8217;<a href=\"https:\/\/www.accademiadibrera.milano.it\/\">Accademia di Brera<\/a> di Milano nel 1877, <em>Un balcone<\/em> e <em>Un&#8217;impressione<\/em>, acquistati il primo da Augusto Monaco e il secondo dallo scultore Emanuele Caggiano.<\/p>\n<p>L&#8217;incontro nel 1874 con Mariano Fortuny lo influenz\u00f2 notevolmente manifestando cos\u00ec il gusto innato per il colore e l&#8217;abilit\u00e0 tecnica.<\/p>\n<p>A questo periodo sono da ricondurre varie opere tra cui <em>Mezza figura di donna<\/em>, <em>Idillio<\/em> e <em>Terrazzo<\/em>, tutte esposte alla Promotrice di Torino del 1879.<\/p>\n<p>Nel 1877 partecip\u00f2 alla Mostra Nazionale di Napoli con alcuni dipinti.<\/p>\n<p>Tra questi, vale la pena di ricordare<em> La grotta degli zingari<\/em> grazie al quale riscosse un grande successo tanto da ottenere l&#8217;invito da parte del Ministero per l&#8217;Agricoltura, l&#8217;Industria e il Commercio a esporla\u00a0 alla Mostra Universale di Parigi nel 1878 in rappresentanza della pittura italiana.<\/p>\n<p>Il 1880 rappresent\u00f2 una svolta per la sua produzione pittorica grazie alla scoperta\u00a0 di Venezia.<\/p>\n<p>Le assolate vedute di\u00a0 Venezia e Capri\u00a0 entusiasmarono infatti\u00a0 il famoso mercante francese Goupil che gli apr\u00ec la strada del collezionismo europeo e americano.<\/p>\n<p>Il primo dipinto dedicato a Venezia compare nella Promotrice napoletana del 1881: Ricordo di Venezia.<\/p>\n<p>Partecip\u00f2 a numerose esposizioni: Esposizione Mondiale Colombiana di Chicago nel 1893, Mostra Nazionale di Milano nel 1906, l&#8217;Internazionale di Buenos Aires nel 1910,e poi Ia I Mostra d&#8217;Arte Moderna promossa nel 1925 dal &#8220;Giornale d&#8217;Arte&#8221; alla Galleria Corona con Filatrice, Preghiera e Meriggio estivo.<\/p>\n<p>A Napoli frequent\u00f2\u00a0 assiduamente la Promotrice: prese parte al consiglio artistico della mostra del 1911 e figur\u00f2 in quelle del 1912, 1915, 1916 e 1924.<\/p>\n<p>Nel 1902 divenne\u00a0 professore onorario dell&#8217;<a href=\"http:\/\/www.abana.it\/it\/\">Accademia di Belle Arti di Napoli.<\/a><\/p>\n<p>Il re Vittorio Emanuele III lo nomin\u00f2 Grande Ufficiale della Corona d&#8217;Italia..<\/p>\n<p>Rubens Santoro mor\u00ec a Napoli il 1 gennaio 1942.<\/p>\n<p>&nbsp;<\/p>\n<h3 style=\"font-size: 12pt;\"><a href=\"https:\/\/www.sba.it\/en\/paintings\/\"><strong>CATALOGO OPERE<\/strong>\u00a0|<\/a>\u00a0<a href=\"https:\/\/www.sba.it\/en\/to-sell\/\">V<strong>UOI VENDERE O COMPRARE UN QUADRO DI QUESTO ARTISTA?<\/strong><\/a><\/h3>\n<p><strong>BOOKSHOP:<\/strong><\/p>\n<p><a href=\"http:\/\/www.istitutomatteucci.it\/component\/hikashop\/product\/215-rubens-santoro-e-i-pittori-della-provincia-di-cosenza-fra-otto-e-novecento\"><img decoding=\"async\" class=\"alignleft size-medium wp-image-87750\" src=\"http:\/\/www.sba.it\/wp-content\/uploads\/2020\/10\/santoro_ok-300x300.jpg\" alt=\"Rubens Santoro quadri e cataloghi in vendita\" width=\"300\" height=\"300\" srcset=\"https:\/\/www.sba.it\/wp-content\/uploads\/2020\/10\/santoro_ok-300x300.jpg 300w, https:\/\/www.sba.it\/wp-content\/uploads\/2020\/10\/santoro_ok-150x150.jpg 150w, https:\/\/www.sba.it\/wp-content\/uploads\/2020\/10\/santoro_ok.jpg 350w\" sizes=\"(max-width: 300px) 100vw, 300px\" \/><\/a><\/p>\n","protected":false},"excerpt":{"rendered":"<p>&nbsp; Rubens Santoro nacque\u00a0 a Mongrassano il 26 ottobre 1859. Frequent\u00f2 il Regio Istituto di Belle Arti a Napoli sotto [&hellip;]<\/p>\n","protected":false},"author":2,"featured_media":2571,"parent":73496,"menu_order":75,"comment_status":"closed","ping_status":"closed","template":"","meta":{"_monsterinsights_skip_tracking":false,"_monsterinsights_sitenote_active":false,"_monsterinsights_sitenote_note":"","_monsterinsights_sitenote_category":0,"footnotes":""},"class_list":["post-74859","page","type-page","status-publish","has-post-thumbnail","hentry","page_category-artists"],"yoast_head":"<!-- This site is optimized with the Yoast SEO plugin v27.4 - https:\/\/yoast.com\/product\/yoast-seo-wordpress\/ -->\n<title>Santoro Rubens (1859-1942). Biografia. Quadri in vendita.<\/title>\n<meta name=\"description\" content=\"Rubens Santoro leggi la vita del pittore dell&#039;800, vendita e acquisto online quadri macchiaioli dell&#039;800 di Rubens Santoro scopri come\" \/>\n<meta name=\"robots\" content=\"index, follow, max-snippet:-1, max-image-preview:large, max-video-preview:-1\" \/>\n<link rel=\"canonical\" href=\"https:\/\/www.sba.it\/en\/artists\/rubens-santoro-biografia-quadri-vendita-perizia\/\" \/>\n<meta property=\"og:locale\" content=\"en_US\" \/>\n<meta property=\"og:type\" content=\"article\" \/>\n<meta property=\"og:title\" content=\"Santoro Rubens (1859-1942). Biografia. Quadri in vendita.\" \/>\n<meta property=\"og:description\" content=\"Rubens Santoro leggi la vita del pittore dell&#039;800, vendita e acquisto online quadri macchiaioli dell&#039;800 di Rubens Santoro scopri come\" \/>\n<meta property=\"og:url\" content=\"https:\/\/www.sba.it\/en\/artists\/rubens-santoro-biografia-quadri-vendita-perizia\/\" \/>\n<meta property=\"og:site_name\" content=\"Societ\u00e0 di Belle Arti\" \/>\n<meta property=\"article:publisher\" content=\"https:\/\/www.facebook.com\/pitturaitaliana800e900\/\" \/>\n<meta property=\"article:modified_time\" content=\"2020-10-07T08:24:48+00:00\" \/>\n<meta property=\"og:image\" content=\"https:\/\/www.sba.it\/wp-content\/uploads\/2017\/04\/images_artisti_Santoro-Rubens-biografia-vendita-dipinti.jpg\" \/>\n\t<meta property=\"og:image:width\" content=\"300\" \/>\n\t<meta property=\"og:image:height\" content=\"350\" \/>\n\t<meta property=\"og:image:type\" content=\"image\/jpeg\" \/>\n<meta name=\"twitter:card\" content=\"summary_large_image\" \/>\n<meta name=\"twitter:site\" content=\"@SocietaArti\" \/>\n<meta name=\"twitter:label1\" content=\"Est. reading time\" \/>\n\t<meta name=\"twitter:data1\" content=\"2 minutes\" \/>\n<script type=\"application\/ld+json\" class=\"yoast-schema-graph\">{\"@context\":\"https:\\\/\\\/schema.org\",\"@graph\":[{\"@type\":\"WebPage\",\"@id\":\"https:\\\/\\\/www.sba.it\\\/en\\\/artists\\\/rubens-santoro-biografia-quadri-vendita-perizia\\\/\",\"url\":\"https:\\\/\\\/www.sba.it\\\/en\\\/artists\\\/rubens-santoro-biografia-quadri-vendita-perizia\\\/\",\"name\":\"Santoro Rubens (1859-1942). Biografia. Quadri in vendita.\",\"isPartOf\":{\"@id\":\"https:\\\/\\\/www.sba.it\\\/#website\"},\"primaryImageOfPage\":{\"@id\":\"https:\\\/\\\/www.sba.it\\\/en\\\/artists\\\/rubens-santoro-biografia-quadri-vendita-perizia\\\/#primaryimage\"},\"image\":{\"@id\":\"https:\\\/\\\/www.sba.it\\\/en\\\/artists\\\/rubens-santoro-biografia-quadri-vendita-perizia\\\/#primaryimage\"},\"thumbnailUrl\":\"https:\\\/\\\/www.sba.it\\\/wp-content\\\/uploads\\\/2017\\\/04\\\/images_artisti_Santoro-Rubens-biografia-vendita-dipinti.jpg\",\"datePublished\":\"2017-04-06T08:46:18+00:00\",\"dateModified\":\"2020-10-07T08:24:48+00:00\",\"description\":\"Rubens Santoro leggi la vita del pittore dell'800, vendita e acquisto online quadri macchiaioli dell'800 di Rubens Santoro scopri come\",\"breadcrumb\":{\"@id\":\"https:\\\/\\\/www.sba.it\\\/en\\\/artists\\\/rubens-santoro-biografia-quadri-vendita-perizia\\\/#breadcrumb\"},\"inLanguage\":\"en-US\",\"potentialAction\":[{\"@type\":\"ReadAction\",\"target\":[\"https:\\\/\\\/www.sba.it\\\/en\\\/artists\\\/rubens-santoro-biografia-quadri-vendita-perizia\\\/\"]}]},{\"@type\":\"ImageObject\",\"inLanguage\":\"en-US\",\"@id\":\"https:\\\/\\\/www.sba.it\\\/en\\\/artists\\\/rubens-santoro-biografia-quadri-vendita-perizia\\\/#primaryimage\",\"url\":\"https:\\\/\\\/www.sba.it\\\/wp-content\\\/uploads\\\/2017\\\/04\\\/images_artisti_Santoro-Rubens-biografia-vendita-dipinti.jpg\",\"contentUrl\":\"https:\\\/\\\/www.sba.it\\\/wp-content\\\/uploads\\\/2017\\\/04\\\/images_artisti_Santoro-Rubens-biografia-vendita-dipinti.jpg\",\"width\":300,\"height\":350,\"caption\":\"Foto di Rubens Santoro\"},{\"@type\":\"BreadcrumbList\",\"@id\":\"https:\\\/\\\/www.sba.it\\\/en\\\/artists\\\/rubens-santoro-biografia-quadri-vendita-perizia\\\/#breadcrumb\",\"itemListElement\":[{\"@type\":\"ListItem\",\"position\":1,\"name\":\"Home\",\"item\":\"https:\\\/\\\/www.sba.it\\\/en\\\/\"},{\"@type\":\"ListItem\",\"position\":2,\"name\":\"Artists\",\"item\":\"https:\\\/\\\/www.sba.it\\\/en\\\/artists\\\/\"},{\"@type\":\"ListItem\",\"position\":3,\"name\":\"Santoro Rubens (1859-1942). Biografia. Quadri in vendita.\"}]},{\"@type\":\"WebSite\",\"@id\":\"https:\\\/\\\/www.sba.it\\\/#website\",\"url\":\"https:\\\/\\\/www.sba.it\\\/\",\"name\":\"Societ\u00e0 di Belle Arti\",\"description\":\"Quadri macchiaioli e del 800 e 900 in vendita\",\"publisher\":{\"@id\":\"https:\\\/\\\/www.sba.it\\\/#organization\"},\"potentialAction\":[{\"@type\":\"SearchAction\",\"target\":{\"@type\":\"EntryPoint\",\"urlTemplate\":\"https:\\\/\\\/www.sba.it\\\/?s={search_term_string}\"},\"query-input\":{\"@type\":\"PropertyValueSpecification\",\"valueRequired\":true,\"valueName\":\"search_term_string\"}}],\"inLanguage\":\"en-US\"},{\"@type\":\"Organization\",\"@id\":\"https:\\\/\\\/www.sba.it\\\/#organization\",\"name\":\"Societ\u00e0 di Belle Arti\",\"url\":\"https:\\\/\\\/www.sba.it\\\/\",\"logo\":{\"@type\":\"ImageObject\",\"inLanguage\":\"en-US\",\"@id\":\"https:\\\/\\\/www.sba.it\\\/#\\\/schema\\\/logo\\\/image\\\/\",\"url\":\"https:\\\/\\\/www.sba.it\\\/wp-content\\\/uploads\\\/2019\\\/04\\\/Logo-rosso_nero.png\",\"contentUrl\":\"https:\\\/\\\/www.sba.it\\\/wp-content\\\/uploads\\\/2019\\\/04\\\/Logo-rosso_nero.png\",\"width\":2532,\"height\":1137,\"caption\":\"Societ\u00e0 di Belle Arti\"},\"image\":{\"@id\":\"https:\\\/\\\/www.sba.it\\\/#\\\/schema\\\/logo\\\/image\\\/\"},\"sameAs\":[\"https:\\\/\\\/www.facebook.com\\\/pitturaitaliana800e900\\\/\",\"https:\\\/\\\/x.com\\\/SocietaArti\",\"https:\\\/\\\/www.instagram.com\\\/societadibellearti\",\"https:\\\/\\\/www.linkedin.com\\\/in\\\/societ\u00e0-di-belle-arti-363aa8191\\\/\",\"https:\\\/\\\/www.youtube.com\\\/channel\\\/UC6fJlk-ajwhsnEIICATyXaQ\"]}]}<\/script>\n<!-- \/ Yoast SEO plugin. -->","yoast_head_json":{"title":"Santoro Rubens (1859-1942). Biografia. Quadri in vendita.","description":"Rubens Santoro leggi la vita del pittore dell'800, vendita e acquisto online quadri macchiaioli dell'800 di Rubens Santoro scopri come","robots":{"index":"index","follow":"follow","max-snippet":"max-snippet:-1","max-image-preview":"max-image-preview:large","max-video-preview":"max-video-preview:-1"},"canonical":"https:\/\/www.sba.it\/en\/artists\/rubens-santoro-biografia-quadri-vendita-perizia\/","og_locale":"en_US","og_type":"article","og_title":"Santoro Rubens (1859-1942). Biografia. Quadri in vendita.","og_description":"Rubens Santoro leggi la vita del pittore dell'800, vendita e acquisto online quadri macchiaioli dell'800 di Rubens Santoro scopri come","og_url":"https:\/\/www.sba.it\/en\/artists\/rubens-santoro-biografia-quadri-vendita-perizia\/","og_site_name":"Societ\u00e0 di Belle Arti","article_publisher":"https:\/\/www.facebook.com\/pitturaitaliana800e900\/","article_modified_time":"2020-10-07T08:24:48+00:00","og_image":[{"width":300,"height":350,"url":"https:\/\/www.sba.it\/wp-content\/uploads\/2017\/04\/images_artisti_Santoro-Rubens-biografia-vendita-dipinti.jpg","type":"image\/jpeg"}],"twitter_card":"summary_large_image","twitter_site":"@SocietaArti","twitter_misc":{"Est. reading time":"2 minutes"},"schema":{"@context":"https:\/\/schema.org","@graph":[{"@type":"WebPage","@id":"https:\/\/www.sba.it\/en\/artists\/rubens-santoro-biografia-quadri-vendita-perizia\/","url":"https:\/\/www.sba.it\/en\/artists\/rubens-santoro-biografia-quadri-vendita-perizia\/","name":"Santoro Rubens (1859-1942). Biografia. Quadri in vendita.","isPartOf":{"@id":"https:\/\/www.sba.it\/#website"},"primaryImageOfPage":{"@id":"https:\/\/www.sba.it\/en\/artists\/rubens-santoro-biografia-quadri-vendita-perizia\/#primaryimage"},"image":{"@id":"https:\/\/www.sba.it\/en\/artists\/rubens-santoro-biografia-quadri-vendita-perizia\/#primaryimage"},"thumbnailUrl":"https:\/\/www.sba.it\/wp-content\/uploads\/2017\/04\/images_artisti_Santoro-Rubens-biografia-vendita-dipinti.jpg","datePublished":"2017-04-06T08:46:18+00:00","dateModified":"2020-10-07T08:24:48+00:00","description":"Rubens Santoro leggi la vita del pittore dell'800, vendita e acquisto online quadri macchiaioli dell'800 di Rubens Santoro scopri come","breadcrumb":{"@id":"https:\/\/www.sba.it\/en\/artists\/rubens-santoro-biografia-quadri-vendita-perizia\/#breadcrumb"},"inLanguage":"en-US","potentialAction":[{"@type":"ReadAction","target":["https:\/\/www.sba.it\/en\/artists\/rubens-santoro-biografia-quadri-vendita-perizia\/"]}]},{"@type":"ImageObject","inLanguage":"en-US","@id":"https:\/\/www.sba.it\/en\/artists\/rubens-santoro-biografia-quadri-vendita-perizia\/#primaryimage","url":"https:\/\/www.sba.it\/wp-content\/uploads\/2017\/04\/images_artisti_Santoro-Rubens-biografia-vendita-dipinti.jpg","contentUrl":"https:\/\/www.sba.it\/wp-content\/uploads\/2017\/04\/images_artisti_Santoro-Rubens-biografia-vendita-dipinti.jpg","width":300,"height":350,"caption":"Foto di Rubens Santoro"},{"@type":"BreadcrumbList","@id":"https:\/\/www.sba.it\/en\/artists\/rubens-santoro-biografia-quadri-vendita-perizia\/#breadcrumb","itemListElement":[{"@type":"ListItem","position":1,"name":"Home","item":"https:\/\/www.sba.it\/en\/"},{"@type":"ListItem","position":2,"name":"Artists","item":"https:\/\/www.sba.it\/en\/artists\/"},{"@type":"ListItem","position":3,"name":"Santoro Rubens (1859-1942). Biografia. Quadri in vendita."}]},{"@type":"WebSite","@id":"https:\/\/www.sba.it\/#website","url":"https:\/\/www.sba.it\/","name":"Societ\u00e0 di Belle Arti","description":"Quadri macchiaioli e del 800 e 900 in vendita","publisher":{"@id":"https:\/\/www.sba.it\/#organization"},"potentialAction":[{"@type":"SearchAction","target":{"@type":"EntryPoint","urlTemplate":"https:\/\/www.sba.it\/?s={search_term_string}"},"query-input":{"@type":"PropertyValueSpecification","valueRequired":true,"valueName":"search_term_string"}}],"inLanguage":"en-US"},{"@type":"Organization","@id":"https:\/\/www.sba.it\/#organization","name":"Societ\u00e0 di Belle Arti","url":"https:\/\/www.sba.it\/","logo":{"@type":"ImageObject","inLanguage":"en-US","@id":"https:\/\/www.sba.it\/#\/schema\/logo\/image\/","url":"https:\/\/www.sba.it\/wp-content\/uploads\/2019\/04\/Logo-rosso_nero.png","contentUrl":"https:\/\/www.sba.it\/wp-content\/uploads\/2019\/04\/Logo-rosso_nero.png","width":2532,"height":1137,"caption":"Societ\u00e0 di Belle Arti"},"image":{"@id":"https:\/\/www.sba.it\/#\/schema\/logo\/image\/"},"sameAs":["https:\/\/www.facebook.com\/pitturaitaliana800e900\/","https:\/\/x.com\/SocietaArti","https:\/\/www.instagram.com\/societadibellearti","https:\/\/www.linkedin.com\/in\/societ\u00e0-di-belle-arti-363aa8191\/","https:\/\/www.youtube.com\/channel\/UC6fJlk-ajwhsnEIICATyXaQ"]}]}},"_links":{"self":[{"href":"https:\/\/www.sba.it\/en\/wp-json\/wp\/v2\/pages\/74859","targetHints":{"allow":["GET"]}}],"collection":[{"href":"https:\/\/www.sba.it\/en\/wp-json\/wp\/v2\/pages"}],"about":[{"href":"https:\/\/www.sba.it\/en\/wp-json\/wp\/v2\/types\/page"}],"author":[{"embeddable":true,"href":"https:\/\/www.sba.it\/en\/wp-json\/wp\/v2\/users\/2"}],"replies":[{"embeddable":true,"href":"https:\/\/www.sba.it\/en\/wp-json\/wp\/v2\/comments?post=74859"}],"version-history":[{"count":10,"href":"https:\/\/www.sba.it\/en\/wp-json\/wp\/v2\/pages\/74859\/revisions"}],"predecessor-version":[{"id":87756,"href":"https:\/\/www.sba.it\/en\/wp-json\/wp\/v2\/pages\/74859\/revisions\/87756"}],"up":[{"embeddable":true,"href":"https:\/\/www.sba.it\/en\/wp-json\/wp\/v2\/pages\/73496"}],"wp:featuredmedia":[{"embeddable":true,"href":"https:\/\/www.sba.it\/en\/wp-json\/wp\/v2\/media\/2571"}],"wp:attachment":[{"href":"https:\/\/www.sba.it\/en\/wp-json\/wp\/v2\/media?parent=74859"}],"curies":[{"name":"wp","href":"https:\/\/api.w.org\/{rel}","templated":true}]}}