{"id":74835,"date":"2017-04-28T10:39:01","date_gmt":"2017-04-28T08:39:01","guid":{"rendered":"http:\/\/www.sba.it\/emma-ciardi-biografia-quadri-in-vendita-valutazione-stima-perizia-certificata-di-dipinti-di-emma-ciardi\/"},"modified":"2019-05-13T11:56:53","modified_gmt":"2019-05-13T09:56:53","slug":"emma-ciardi-biografia-quadri-in-vendita-valutazione-stima-perizia-certificata-di-dipinti-di-emma-ciardi","status":"publish","type":"page","link":"https:\/\/www.sba.it\/en\/artists\/emma-ciardi-biografia-quadri-in-vendita-valutazione-stima-perizia-certificata-di-dipinti-di-emma-ciardi\/","title":{"rendered":"Ciardi-Emma (1879-1933). Biografia. Quadri in vendita."},"content":{"rendered":"<p style=\"text-align: justify;\"><img decoding=\"async\" class=\" alignleft size-full wp-image-2598\" style=\"margin-right: 20px; float: left;\" src=\"http:\/\/www.sba.it\/wp-content\/uploads\/2017\/04\/images_artisti_ciardi-emma-immagine.jpg\" alt=\"ciardi-emma-immagine\" width=\"300\" height=\"430\" srcset=\"https:\/\/www.sba.it\/wp-content\/uploads\/2017\/04\/images_artisti_ciardi-emma-immagine.jpg 300w, https:\/\/www.sba.it\/wp-content\/uploads\/2017\/04\/images_artisti_ciardi-emma-immagine-209x300.jpg 209w\" sizes=\"(max-width: 300px) 100vw, 300px\" \/><\/p>\n<p style=\"text-align: justify;\">Emma Ciardi nacque il 13 gennaio 1879 a Venezia.<\/p>\n<p style=\"text-align: justify;\">Dopo aver compiuto i primi studi a Treviso, frequent\u00f2 l&#8217;Istituto Superiore femminile veneziano &#8220;G. B. Giustinian&#8221; a San Trovaso.<\/p>\n<p style=\"text-align: justify;\">Venne aiutata nella formazione artistica dal padre\u00a0<a href=\"\/?page_id=271\"><strong>Guglielmo<\/strong>,<\/a>\u00a0pittore affermato.<\/p>\n<p style=\"text-align: justify;\">Emma Ciardi, come il fratello <a href=\"https:\/\/www.sba.it\/en\/beppe-ciardii-biografia-quadri-in-vendita-valutazione-stima-perizia-certificata-di-dipinti-di-beppe-ciardi\/\"><strong>Beppe<\/strong><\/a>, inizialmente raffigur\u00f2 la campagna trevigiana e l\u2019altopiano di Asiago.<\/p>\n<p style=\"text-align: justify;\">Ben presto per\u00f2 il suo stile si caratterizz\u00f2 per la presenza di temi neosettecenteschi.<\/p>\n<p style=\"text-align: justify;\">Il 1903 fu per lei l&#8217;anno di debutto alla Biennale; vi parteciper\u00e0 ventotto volte.<\/p>\n<p style=\"text-align: justify;\">\u00a0Gradualmente l\u2019apprezzamento della sua pittura , ove in paesaggi e giardini passeggiavano figure in abiti del Settecento, super\u00f2 i confini nazionali.<\/p>\n<p style=\"text-align: justify;\">Nel 1904 partecip\u00f2 alla Promotrice di Torino vendendo i dipinti <em>Berlina\u00a0<\/em>e <em>All&#8217;ombra<\/em>.<\/p>\n<p style=\"text-align: justify;\">\u00a0L\u2019anno successivo vinse, a Monaco,\u00a0 la medaglia d\u2019oro; nel 1910 tenne una personale a Londra alle Leicester Galleries e nel 1941 una alla Galleria George Petit di Parigi.<\/p>\n<p style=\"text-align: justify;\">Nel 1911 inaugur\u00f2 a Venezia uno studio proprio ed inizi\u00f2 ad esporre le opere in mostre personali.<\/p>\n<p style=\"text-align: justify;\">Quattro anni pi\u00f9 tardi l&#8217;Italia entr\u00f2 in guerra e Venezia fu bombardata; la famiglia Ciardi si trasfer\u00ec a Villa Maria al Lido.<\/p>\n<p style=\"text-align: justify;\">Il 5 ottobre 1917 mor\u00ec Guglielmo ormai costretto all&#8217;immobilit\u00e0 da un paio d&#8217;anni; cos\u00ec Emma, la madre e i fratelli si spostarono a Milano per sfuggire ai pericoli della guerra.<\/p>\n<p style=\"text-align: justify;\">L&#8217;anno successivo Emma, prima che fosse \u00a0firmato l&#8217;armistizio, rientr\u00f2 a Venezia.<\/p>\n<p style=\"text-align: justify;\">Nel 1923 entr\u00f2 in contatto con la Howard Young di New York che le assicur\u00f2 il mercato americano.<\/p>\n<p style=\"text-align: justify;\">Durante i suoi numerosi soggiorni in Inghilterra ritrasse alcuni scorci londinesi.<\/p>\n<p style=\"text-align: justify;\">Gli ultimi anni li trascorse nella campagna trevigiana di Refrontolo.<\/p>\n<p style=\"text-align: justify;\">Emma Ciardi mor\u00ec\u00a0 a Venezia il \u00a0\u00a016 novembre 1933.<\/p>\n<p>&nbsp;<\/p>\n<h3 style=\"font-size: 12pt;\"><a href=\"https:\/\/www.sba.it\/en\/excellence\/\">CATALOGO OPERE<\/a>\u00a0| <a href=\"https:\/\/www.sba.it\/en\/to-sell\/\">VUOI VENDERE O COMPRARE UN QUADRO DI QUESTO ARTISTA?<\/a><\/h3>\n","protected":false},"excerpt":{"rendered":"<p>Emma Ciardi nacque il 13 gennaio 1879 a Venezia. Dopo aver compiuto i primi studi a Treviso, frequent\u00f2 l&#8217;Istituto Superiore [&hellip;]<\/p>\n","protected":false},"author":2,"featured_media":2600,"parent":73496,"menu_order":73,"comment_status":"closed","ping_status":"closed","template":"","meta":{"_monsterinsights_skip_tracking":false,"_monsterinsights_sitenote_active":false,"_monsterinsights_sitenote_note":"","_monsterinsights_sitenote_category":0,"footnotes":""},"class_list":["post-74835","page","type-page","status-publish","has-post-thumbnail","hentry","page_category-artists"],"yoast_head":"<!-- This site is optimized with the Yoast SEO plugin v27.6 - https:\/\/yoast.com\/product\/yoast-seo-wordpress\/ -->\n<title>Ciardi-Emma (1879-1933). Biografia. Quadri in vendita.<\/title>\n<meta name=\"description\" content=\"Emma Ciardi leggi la vita della pittrice veneziana dell&#039;800, vendita e acquisto online dipinti veneti dell&#039;800 di Emma Ciardi scopri come\" \/>\n<meta name=\"robots\" content=\"index, follow, max-snippet:-1, max-image-preview:large, max-video-preview:-1\" \/>\n<link rel=\"canonical\" href=\"https:\/\/www.sba.it\/en\/artists\/emma-ciardi-biografia-quadri-in-vendita-valutazione-stima-perizia-certificata-di-dipinti-di-emma-ciardi\/\" \/>\n<meta property=\"og:locale\" content=\"en_US\" \/>\n<meta property=\"og:type\" content=\"article\" \/>\n<meta property=\"og:title\" content=\"Ciardi-Emma (1879-1933). Biografia. Quadri in vendita.\" \/>\n<meta property=\"og:description\" content=\"Emma Ciardi leggi la vita della pittrice veneziana dell&#039;800, vendita e acquisto online dipinti veneti dell&#039;800 di Emma Ciardi scopri come\" \/>\n<meta property=\"og:url\" content=\"https:\/\/www.sba.it\/en\/artists\/emma-ciardi-biografia-quadri-in-vendita-valutazione-stima-perizia-certificata-di-dipinti-di-emma-ciardi\/\" \/>\n<meta property=\"og:site_name\" content=\"Societ\u00e0 di Belle Arti\" \/>\n<meta property=\"article:publisher\" content=\"https:\/\/www.facebook.com\/pitturaitaliana800e900\/\" \/>\n<meta property=\"article:modified_time\" content=\"2019-05-13T09:56:53+00:00\" \/>\n<meta property=\"og:image\" content=\"https:\/\/www.sba.it\/wp-content\/uploads\/2017\/04\/images_artisti_ciardi-emma-immagine.jpg\" \/>\n\t<meta property=\"og:image:width\" content=\"300\" \/>\n\t<meta property=\"og:image:height\" content=\"430\" \/>\n\t<meta property=\"og:image:type\" content=\"image\/jpeg\" \/>\n<meta name=\"twitter:card\" content=\"summary_large_image\" \/>\n<meta name=\"twitter:site\" content=\"@SocietaArti\" \/>\n<meta name=\"twitter:label1\" content=\"Est. reading time\" \/>\n\t<meta name=\"twitter:data1\" content=\"1 minute\" \/>\n<script type=\"application\/ld+json\" class=\"yoast-schema-graph\">{\"@context\":\"https:\\\/\\\/schema.org\",\"@graph\":[{\"@type\":\"WebPage\",\"@id\":\"https:\\\/\\\/www.sba.it\\\/en\\\/artists\\\/emma-ciardi-biografia-quadri-in-vendita-valutazione-stima-perizia-certificata-di-dipinti-di-emma-ciardi\\\/\",\"url\":\"https:\\\/\\\/www.sba.it\\\/en\\\/artists\\\/emma-ciardi-biografia-quadri-in-vendita-valutazione-stima-perizia-certificata-di-dipinti-di-emma-ciardi\\\/\",\"name\":\"Ciardi-Emma (1879-1933). Biografia. Quadri in vendita.\",\"isPartOf\":{\"@id\":\"https:\\\/\\\/www.sba.it\\\/#website\"},\"primaryImageOfPage\":{\"@id\":\"https:\\\/\\\/www.sba.it\\\/en\\\/artists\\\/emma-ciardi-biografia-quadri-in-vendita-valutazione-stima-perizia-certificata-di-dipinti-di-emma-ciardi\\\/#primaryimage\"},\"image\":{\"@id\":\"https:\\\/\\\/www.sba.it\\\/en\\\/artists\\\/emma-ciardi-biografia-quadri-in-vendita-valutazione-stima-perizia-certificata-di-dipinti-di-emma-ciardi\\\/#primaryimage\"},\"thumbnailUrl\":\"https:\\\/\\\/www.sba.it\\\/wp-content\\\/uploads\\\/2017\\\/04\\\/images_artisti_ciardi-emma-immagine.jpg\",\"datePublished\":\"2017-04-28T08:39:01+00:00\",\"dateModified\":\"2019-05-13T09:56:53+00:00\",\"description\":\"Emma Ciardi leggi la vita della pittrice veneziana dell'800, vendita e acquisto online dipinti veneti dell'800 di Emma Ciardi scopri come\",\"breadcrumb\":{\"@id\":\"https:\\\/\\\/www.sba.it\\\/en\\\/artists\\\/emma-ciardi-biografia-quadri-in-vendita-valutazione-stima-perizia-certificata-di-dipinti-di-emma-ciardi\\\/#breadcrumb\"},\"inLanguage\":\"en-US\",\"potentialAction\":[{\"@type\":\"ReadAction\",\"target\":[\"https:\\\/\\\/www.sba.it\\\/en\\\/artists\\\/emma-ciardi-biografia-quadri-in-vendita-valutazione-stima-perizia-certificata-di-dipinti-di-emma-ciardi\\\/\"]}]},{\"@type\":\"ImageObject\",\"inLanguage\":\"en-US\",\"@id\":\"https:\\\/\\\/www.sba.it\\\/en\\\/artists\\\/emma-ciardi-biografia-quadri-in-vendita-valutazione-stima-perizia-certificata-di-dipinti-di-emma-ciardi\\\/#primaryimage\",\"url\":\"https:\\\/\\\/www.sba.it\\\/wp-content\\\/uploads\\\/2017\\\/04\\\/images_artisti_ciardi-emma-immagine.jpg\",\"contentUrl\":\"https:\\\/\\\/www.sba.it\\\/wp-content\\\/uploads\\\/2017\\\/04\\\/images_artisti_ciardi-emma-immagine.jpg\",\"width\":300,\"height\":430,\"caption\":\"Emma Ciardi foto\"},{\"@type\":\"BreadcrumbList\",\"@id\":\"https:\\\/\\\/www.sba.it\\\/en\\\/artists\\\/emma-ciardi-biografia-quadri-in-vendita-valutazione-stima-perizia-certificata-di-dipinti-di-emma-ciardi\\\/#breadcrumb\",\"itemListElement\":[{\"@type\":\"ListItem\",\"position\":1,\"name\":\"Home\",\"item\":\"https:\\\/\\\/www.sba.it\\\/en\\\/\"},{\"@type\":\"ListItem\",\"position\":2,\"name\":\"Artists\",\"item\":\"https:\\\/\\\/www.sba.it\\\/en\\\/artists\\\/\"},{\"@type\":\"ListItem\",\"position\":3,\"name\":\"Ciardi-Emma (1879-1933). Biografia. Quadri in vendita.\"}]},{\"@type\":\"WebSite\",\"@id\":\"https:\\\/\\\/www.sba.it\\\/#website\",\"url\":\"https:\\\/\\\/www.sba.it\\\/\",\"name\":\"Societ\u00e0 di Belle Arti\",\"description\":\"Quadri macchiaioli e del 800 e 900 in vendita\",\"publisher\":{\"@id\":\"https:\\\/\\\/www.sba.it\\\/#organization\"},\"potentialAction\":[{\"@type\":\"SearchAction\",\"target\":{\"@type\":\"EntryPoint\",\"urlTemplate\":\"https:\\\/\\\/www.sba.it\\\/?s={search_term_string}\"},\"query-input\":{\"@type\":\"PropertyValueSpecification\",\"valueRequired\":true,\"valueName\":\"search_term_string\"}}],\"inLanguage\":\"en-US\"},{\"@type\":\"Organization\",\"@id\":\"https:\\\/\\\/www.sba.it\\\/#organization\",\"name\":\"Societ\u00e0 di Belle Arti\",\"url\":\"https:\\\/\\\/www.sba.it\\\/\",\"logo\":{\"@type\":\"ImageObject\",\"inLanguage\":\"en-US\",\"@id\":\"https:\\\/\\\/www.sba.it\\\/#\\\/schema\\\/logo\\\/image\\\/\",\"url\":\"https:\\\/\\\/www.sba.it\\\/wp-content\\\/uploads\\\/2019\\\/04\\\/Logo-rosso_nero.png\",\"contentUrl\":\"https:\\\/\\\/www.sba.it\\\/wp-content\\\/uploads\\\/2019\\\/04\\\/Logo-rosso_nero.png\",\"width\":2532,\"height\":1137,\"caption\":\"Societ\u00e0 di Belle Arti\"},\"image\":{\"@id\":\"https:\\\/\\\/www.sba.it\\\/#\\\/schema\\\/logo\\\/image\\\/\"},\"sameAs\":[\"https:\\\/\\\/www.facebook.com\\\/pitturaitaliana800e900\\\/\",\"https:\\\/\\\/x.com\\\/SocietaArti\",\"https:\\\/\\\/www.instagram.com\\\/societadibellearti\",\"https:\\\/\\\/www.linkedin.com\\\/in\\\/societ\u00e0-di-belle-arti-363aa8191\\\/\",\"https:\\\/\\\/www.youtube.com\\\/channel\\\/UC6fJlk-ajwhsnEIICATyXaQ\"]}]}<\/script>\n<!-- \/ Yoast SEO plugin. -->","yoast_head_json":{"title":"Ciardi-Emma (1879-1933). Biografia. Quadri in vendita.","description":"Emma Ciardi leggi la vita della pittrice veneziana dell'800, vendita e acquisto online dipinti veneti dell'800 di Emma Ciardi scopri come","robots":{"index":"index","follow":"follow","max-snippet":"max-snippet:-1","max-image-preview":"max-image-preview:large","max-video-preview":"max-video-preview:-1"},"canonical":"https:\/\/www.sba.it\/en\/artists\/emma-ciardi-biografia-quadri-in-vendita-valutazione-stima-perizia-certificata-di-dipinti-di-emma-ciardi\/","og_locale":"en_US","og_type":"article","og_title":"Ciardi-Emma (1879-1933). Biografia. Quadri in vendita.","og_description":"Emma Ciardi leggi la vita della pittrice veneziana dell'800, vendita e acquisto online dipinti veneti dell'800 di Emma Ciardi scopri come","og_url":"https:\/\/www.sba.it\/en\/artists\/emma-ciardi-biografia-quadri-in-vendita-valutazione-stima-perizia-certificata-di-dipinti-di-emma-ciardi\/","og_site_name":"Societ\u00e0 di Belle Arti","article_publisher":"https:\/\/www.facebook.com\/pitturaitaliana800e900\/","article_modified_time":"2019-05-13T09:56:53+00:00","og_image":[{"width":300,"height":430,"url":"https:\/\/www.sba.it\/wp-content\/uploads\/2017\/04\/images_artisti_ciardi-emma-immagine.jpg","type":"image\/jpeg"}],"twitter_card":"summary_large_image","twitter_site":"@SocietaArti","twitter_misc":{"Est. reading time":"1 minute"},"schema":{"@context":"https:\/\/schema.org","@graph":[{"@type":"WebPage","@id":"https:\/\/www.sba.it\/en\/artists\/emma-ciardi-biografia-quadri-in-vendita-valutazione-stima-perizia-certificata-di-dipinti-di-emma-ciardi\/","url":"https:\/\/www.sba.it\/en\/artists\/emma-ciardi-biografia-quadri-in-vendita-valutazione-stima-perizia-certificata-di-dipinti-di-emma-ciardi\/","name":"Ciardi-Emma (1879-1933). Biografia. Quadri in vendita.","isPartOf":{"@id":"https:\/\/www.sba.it\/#website"},"primaryImageOfPage":{"@id":"https:\/\/www.sba.it\/en\/artists\/emma-ciardi-biografia-quadri-in-vendita-valutazione-stima-perizia-certificata-di-dipinti-di-emma-ciardi\/#primaryimage"},"image":{"@id":"https:\/\/www.sba.it\/en\/artists\/emma-ciardi-biografia-quadri-in-vendita-valutazione-stima-perizia-certificata-di-dipinti-di-emma-ciardi\/#primaryimage"},"thumbnailUrl":"https:\/\/www.sba.it\/wp-content\/uploads\/2017\/04\/images_artisti_ciardi-emma-immagine.jpg","datePublished":"2017-04-28T08:39:01+00:00","dateModified":"2019-05-13T09:56:53+00:00","description":"Emma Ciardi leggi la vita della pittrice veneziana dell'800, vendita e acquisto online dipinti veneti dell'800 di Emma Ciardi scopri come","breadcrumb":{"@id":"https:\/\/www.sba.it\/en\/artists\/emma-ciardi-biografia-quadri-in-vendita-valutazione-stima-perizia-certificata-di-dipinti-di-emma-ciardi\/#breadcrumb"},"inLanguage":"en-US","potentialAction":[{"@type":"ReadAction","target":["https:\/\/www.sba.it\/en\/artists\/emma-ciardi-biografia-quadri-in-vendita-valutazione-stima-perizia-certificata-di-dipinti-di-emma-ciardi\/"]}]},{"@type":"ImageObject","inLanguage":"en-US","@id":"https:\/\/www.sba.it\/en\/artists\/emma-ciardi-biografia-quadri-in-vendita-valutazione-stima-perizia-certificata-di-dipinti-di-emma-ciardi\/#primaryimage","url":"https:\/\/www.sba.it\/wp-content\/uploads\/2017\/04\/images_artisti_ciardi-emma-immagine.jpg","contentUrl":"https:\/\/www.sba.it\/wp-content\/uploads\/2017\/04\/images_artisti_ciardi-emma-immagine.jpg","width":300,"height":430,"caption":"Emma Ciardi foto"},{"@type":"BreadcrumbList","@id":"https:\/\/www.sba.it\/en\/artists\/emma-ciardi-biografia-quadri-in-vendita-valutazione-stima-perizia-certificata-di-dipinti-di-emma-ciardi\/#breadcrumb","itemListElement":[{"@type":"ListItem","position":1,"name":"Home","item":"https:\/\/www.sba.it\/en\/"},{"@type":"ListItem","position":2,"name":"Artists","item":"https:\/\/www.sba.it\/en\/artists\/"},{"@type":"ListItem","position":3,"name":"Ciardi-Emma (1879-1933). Biografia. Quadri in vendita."}]},{"@type":"WebSite","@id":"https:\/\/www.sba.it\/#website","url":"https:\/\/www.sba.it\/","name":"Societ\u00e0 di Belle Arti","description":"Quadri macchiaioli e del 800 e 900 in vendita","publisher":{"@id":"https:\/\/www.sba.it\/#organization"},"potentialAction":[{"@type":"SearchAction","target":{"@type":"EntryPoint","urlTemplate":"https:\/\/www.sba.it\/?s={search_term_string}"},"query-input":{"@type":"PropertyValueSpecification","valueRequired":true,"valueName":"search_term_string"}}],"inLanguage":"en-US"},{"@type":"Organization","@id":"https:\/\/www.sba.it\/#organization","name":"Societ\u00e0 di Belle Arti","url":"https:\/\/www.sba.it\/","logo":{"@type":"ImageObject","inLanguage":"en-US","@id":"https:\/\/www.sba.it\/#\/schema\/logo\/image\/","url":"https:\/\/www.sba.it\/wp-content\/uploads\/2019\/04\/Logo-rosso_nero.png","contentUrl":"https:\/\/www.sba.it\/wp-content\/uploads\/2019\/04\/Logo-rosso_nero.png","width":2532,"height":1137,"caption":"Societ\u00e0 di Belle Arti"},"image":{"@id":"https:\/\/www.sba.it\/#\/schema\/logo\/image\/"},"sameAs":["https:\/\/www.facebook.com\/pitturaitaliana800e900\/","https:\/\/x.com\/SocietaArti","https:\/\/www.instagram.com\/societadibellearti","https:\/\/www.linkedin.com\/in\/societ\u00e0-di-belle-arti-363aa8191\/","https:\/\/www.youtube.com\/channel\/UC6fJlk-ajwhsnEIICATyXaQ"]}]}},"_links":{"self":[{"href":"https:\/\/www.sba.it\/en\/wp-json\/wp\/v2\/pages\/74835","targetHints":{"allow":["GET"]}}],"collection":[{"href":"https:\/\/www.sba.it\/en\/wp-json\/wp\/v2\/pages"}],"about":[{"href":"https:\/\/www.sba.it\/en\/wp-json\/wp\/v2\/types\/page"}],"author":[{"embeddable":true,"href":"https:\/\/www.sba.it\/en\/wp-json\/wp\/v2\/users\/2"}],"replies":[{"embeddable":true,"href":"https:\/\/www.sba.it\/en\/wp-json\/wp\/v2\/comments?post=74835"}],"version-history":[{"count":4,"href":"https:\/\/www.sba.it\/en\/wp-json\/wp\/v2\/pages\/74835\/revisions"}],"predecessor-version":[{"id":82940,"href":"https:\/\/www.sba.it\/en\/wp-json\/wp\/v2\/pages\/74835\/revisions\/82940"}],"up":[{"embeddable":true,"href":"https:\/\/www.sba.it\/en\/wp-json\/wp\/v2\/pages\/73496"}],"wp:featuredmedia":[{"embeddable":true,"href":"https:\/\/www.sba.it\/en\/wp-json\/wp\/v2\/media\/2600"}],"wp:attachment":[{"href":"https:\/\/www.sba.it\/en\/wp-json\/wp\/v2\/media?parent=74835"}],"curies":[{"name":"wp","href":"https:\/\/api.w.org\/{rel}","templated":true}]}}