{"id":74738,"date":"2017-02-16T15:22:41","date_gmt":"2017-02-16T14:22:41","guid":{"rendered":"http:\/\/www.sba.it\/fanelli-francesco-biografia-quadri-in-vendita\/"},"modified":"2021-03-12T09:51:19","modified_gmt":"2021-03-12T08:51:19","slug":"fanelli-francesco-biografia-quadri-in-vendita","status":"publish","type":"page","link":"https:\/\/www.sba.it\/en\/artists\/fanelli-francesco-biografia-quadri-in-vendita\/","title":{"rendered":"Fanelli Francesco (1869-1924). Biografia. Quadri in vendita"},"content":{"rendered":"<p>&nbsp;<\/p>\n<p><strong><img decoding=\"async\" class=\" alignleft size-full wp-image-2470\" style=\"margin-right: 20px; float: left;\" src=\"http:\/\/www.sba.it\/wp-content\/uploads\/2017\/02\/images_artisti_fanelli-biografia-quadri-in-vendita.jpg\" alt=\"fanelli-biografia-quadri-in-vendita\" width=\"300\" height=\"324\" srcset=\"https:\/\/www.sba.it\/wp-content\/uploads\/2017\/02\/images_artisti_fanelli-biografia-quadri-in-vendita.jpg 300w, https:\/\/www.sba.it\/wp-content\/uploads\/2017\/02\/images_artisti_fanelli-biografia-quadri-in-vendita-278x300.jpg 278w\" sizes=\"(max-width: 300px) 100vw, 300px\" \/><\/strong>Francesco Fanelli nasce a Livorno il 9 marzo 1869.<\/p>\n<p>Conclusa la scuola elementare frequenta l&#8217;<a href=\"https:\/\/www.liceoartisticomusicalelucca.gov.it\/\">Istituto d&#8217;Arte &#8220;A. Passaglia&#8221;<\/a> di Lucca dall&#8217;83 all&#8217;87 sotto la guida di Luigi Norfini e Michele Marcucci.<\/p>\n<p>Qui ottiene, come premio di incoraggiamento, la medaglia di bronzo nello studio dal gesso.<\/p>\n<p>Come molti suoi giovani concittadini, entra nell&#8217;orbita di <strong><a href=\"https:\/\/www.sba.it\/en\/artists\/lega-silvestro-biografia-quadri-macchiaioli-in-vendita-valutazione-stima-perzia-certificata-dipinti-macchiaioli-silvestro-lega\/\">Silvestro Lega <\/a><\/strong>e , dopo la chiusura della mostra livornese dell&#8217;86, \u00e8 tra i partecipanti alle riunioni della trattoria del Volturno a Firenze, dove si dibatte il problema della mutazione della macchia in senso impressionista.<\/p>\n<p>Nell&#8217;omaggio dedicato all&#8217;amico Vestro, da poco scomparso, Signorini lo ricorder\u00e0 insieme ai tre Tommasi, al <a href=\"https:\/\/www.sba.it\/artisti-in-galleria\/nomellini-plinio-biografia-quadri-in-vendita-valutazione-stima-perizia-certificata-di-dipinti-di-nomellini-plinio\/\"><strong>Nomellini<\/strong><\/a>, al <a href=\"https:\/\/www.sba.it\/en\/artists\/kienerk-giorgio-biografia-quadri-in-vendita-valutazione-stima-perizia-certificata-di-dipinti-di-kienerk-giorgio\/\"><strong>Kienerk<\/strong><\/a>, al <a href=\"https:\/\/www.sba.it\/en\/artists\/torchi-angelo-biografia-completa-dipinti-postmacchiaioli-vendere-comprare\/\"><strong>Torchi<\/strong><\/a>, al <a href=\"https:\/\/www.sba.it\/en\/artists\/panerai-ruggero-biografia-quadri-in-vendita-valutazione-stima-perizia-certificata-di-dipinti-di-panerai-ruggero\/\"><strong>Panerai<\/strong><\/a> e al Bois per aver dipinto &#8220;ritratti o animali o paesi d&#8217;ogni genere&#8221;, sulle pareti del proverbiato locale, assecondando quel talento decorativo \u00a0che in lui \u00e8 innato e che avr\u00e0 in seguito altre e migliori occasioni di rivelarsi.<\/p>\n<p style=\"text-align: justify;\">N\u00e9 il proselitismo leghiano, tuttavia, n\u00e9 quello pi\u00f9 clamoroso di <strong><a href=\"https:\/\/www.sba.it\/en\/artists\/muller-alfredo-quadri-postmacchiaioli-in-vendita\/\">Alfredo Muller<\/a> <\/strong>che da Parigi interviene a rinforzo, hanno su di lui effetti dirompenti e tali da provocare un&#8217;immediata conversione al verbo di Monet e Pizzarro.<\/p>\n<p style=\"text-align: justify;\">Alla Promotrice fiorentina del &#8217;91-&#8217;92, dove figurano a suo nome solo alcuni <em>Studi dal vero<\/em>.<\/p>\n<p style=\"text-align: justify;\">Per <strong>Fanelli<\/strong>, del resto, questo \u00e8 ancora un periodo di formazione.<\/p>\n<p style=\"text-align: justify;\">A Firenze, nel gennaio del &#8217;92, s&#8217;iscrive alla Scuola libera del Nudo presso l&#8217;<a href=\"http:\/\/www.accademia.firenze.it\/it\/\">Accademia di Belle Arti .<\/a><\/p>\n<p style=\"text-align: justify;\">La frequenta con assiduit\u00e0 sino al&#8217;95 e poi in seconda ripresa tra il 1902 e il 1905.<\/p>\n<p style=\"text-align: justify;\">Gli \u00e8 compagno di studi il concittadino <strong><a href=\"https:\/\/www.sba.it\/en\/pagni-ferruccio-biografia-quadri-in-vendita-valutazione-stima-perizia-certificata-di-dipinti-di-pagni-ferruccio\/\">Ferruccio Pagni<\/a>\u00a0<\/strong>con cui si lega di fraterna amicizia, prendendo alloggio vicino a lui in via dei Pilastri.<\/p>\n<p style=\"text-align: justify;\">Un sodalizio determinante per le sorti della sua vita e della sua pittura. Tramite Pagni, scopre Torre del lago, terra ancora inviolata agli estremi confini della Toscana.<\/p>\n<p style=\"text-align: justify;\">Sono gli anni dell&#8217;ascesa e del rapido declino del Club &#8220;La Boh\u00e8me&#8221;, compagnia artistico-musicale- goliardica fondata da Pagni insieme allo stesso<strong> Fanelli<\/strong>, Gambogi, <strong><a href=\"https:\/\/www.sba.it\/artisti-in-galleria\/nomellini-plinio-biografia-quadri-in-vendita-valutazione-stima-perizia-certificata-di-dipinti-di-nomellini-plinio\/\">Nomellini<\/a><\/strong> e i fratelli<strong> <a href=\"https:\/\/www.sba.it\/en\/artists\/tommasi-angiolo-biografia-quadri-in-vendita-postmacchiaioli\/\">Angiolo<\/a><\/strong> e <strong><a href=\"https:\/\/www.sba.it\/en\/artists\/tommasi-lodovico-biografia-quadri-in-vendita-valutazione-stima-perizia-certificata-di-dipinti-di-tommasi-lodovico\/\">Lodovico Tommasi<\/a> <\/strong>sulle rive del lago, dove Giacomo Puccini ha da poco fissato la sua dimora divenendo l&#8217;ospite d&#8217;onore e un modello di riferimento per tutti.<\/p>\n<p style=\"text-align: justify;\">La lontananza da Livorno e dai luoghi storici della &#8220;macchia&#8221; non resta senza conseguenze per lil suo stile.<\/p>\n<p style=\"text-align: justify;\">Pur in sott&#8217;ordine rispetto all&#8217;amico Pagni e conservando pi\u00f9 d&#8217;un debito con la tradizione <strong><a href=\"https:\/\/www.sba.it\/en\/macchiaioli-paintings-for-sale-19th-20th-century-italian-paintings-for-sale\/\">macchiaiola<\/a>, <\/strong>anch&#8217;egli tenta la via dell&#8217;Impressionismo.<strong>\u00a0<\/strong><\/p>\n<p style=\"text-align: justify;\">Alle Promotrici di Firenze, cui continua a partecipare regolarmente, si aggiunge nel 1902 la Quadriennale di Torino.<\/p>\n<p style=\"text-align: justify;\">Presenta paesaggi \u00a0di Torre del Lago, della darsena viareggina e alcuni ritratti,<\/p>\n<p style=\"text-align: justify;\">In queste opere pu\u00f2 mettere a frutto quelle doti di aggraziato colorista e abile disegnatore ormai da tempo sperimentate.<\/p>\n<p style=\"text-align: justify;\">Dopo la diaspora dei Boh\u00e9miens e la partenza di Pagni per l&#8217;America del Sud, \u00a0il pittore si trasferisce a Viareggio.<\/p>\n<p style=\"text-align: justify;\">Partecipa alla nascita dei nuovi cenacoli culturali, quali il Club &#8220;Gianni Schicchi&#8221; fondato nel &#8217;19 in onore di Puccini e l'&#8221;Accademia gli Zeteti&#8221;, dove stringe amicizia con Enrico Pea, <a href=\"https:\/\/www.sba.it\/en\/artists\/moses-levy-biografia-quadri-in-vendita-stime-valutazioni-perizie-certificate-su-dipinti-di-mose-levy\/\">Moses Levy<\/a> e il poeta casertano Elpidio Jenco che nel &#8217;23 gli dedica un articolo sul &#8220;Sagittario&#8221;.<\/p>\n<p style=\"text-align: justify;\">Francesco Fanelli\u00a0 muore l&#8217;anno dopo, durante un soggiorno a Bagno a Ripoli, il 16 luglio 1924.<\/p>\n<p>&nbsp;<\/p>\n<h3 style=\"font-size: 12pt;\"><a href=\"https:\/\/www.sba.it\/en\/paintings\/\">CATALOGO OPERE<\/a>\u00a0| <a href=\"https:\/\/www.sba.it\/en\/to-sell\/\">VUOI VENDERE O COMPRARE UN QUADRO DI QUESTO ARTISTA?<\/a><\/h3>\n","protected":false},"excerpt":{"rendered":"<p>&nbsp; Francesco Fanelli nasce a Livorno il 9 marzo 1869. Conclusa la scuola elementare frequenta l&#8217;Istituto d&#8217;Arte &#8220;A. Passaglia&#8221; di [&hellip;]<\/p>\n","protected":false},"author":2,"featured_media":2472,"parent":73496,"menu_order":84,"comment_status":"closed","ping_status":"closed","template":"","meta":{"_monsterinsights_skip_tracking":false,"_monsterinsights_sitenote_active":false,"_monsterinsights_sitenote_note":"","_monsterinsights_sitenote_category":0,"footnotes":""},"class_list":["post-74738","page","type-page","status-publish","has-post-thumbnail","hentry","page_category-artists"],"yoast_head":"<!-- This site is optimized with the Yoast SEO plugin v27.3 - https:\/\/yoast.com\/product\/yoast-seo-wordpress\/ -->\n<title>Fanelli Francesco (1869-1924). Biografia. Quadri in vendita<\/title>\n<meta name=\"description\" content=\"Fanelli Francesco leggi la vita del pittore postmacchiaiolo del 900, vendita e acquisto online dipinti postmacchiaioli di Francesco Fanelli scopri come\" \/>\n<meta name=\"robots\" content=\"index, follow, max-snippet:-1, max-image-preview:large, max-video-preview:-1\" \/>\n<link rel=\"canonical\" href=\"https:\/\/www.sba.it\/en\/artists\/fanelli-francesco-biografia-quadri-in-vendita\/\" \/>\n<meta property=\"og:locale\" content=\"en_US\" \/>\n<meta property=\"og:type\" content=\"article\" \/>\n<meta property=\"og:title\" content=\"Fanelli Francesco (1869-1924). Biografia. Quadri in vendita\" \/>\n<meta property=\"og:description\" content=\"Fanelli Francesco leggi la vita del pittore postmacchiaiolo del 900, vendita e acquisto online dipinti postmacchiaioli di Francesco Fanelli scopri come\" \/>\n<meta property=\"og:url\" content=\"https:\/\/www.sba.it\/en\/artists\/fanelli-francesco-biografia-quadri-in-vendita\/\" \/>\n<meta property=\"og:site_name\" content=\"Societ\u00e0 di Belle Arti\" \/>\n<meta property=\"article:publisher\" content=\"https:\/\/www.facebook.com\/pitturaitaliana800e900\/\" \/>\n<meta property=\"article:modified_time\" content=\"2021-03-12T08:51:19+00:00\" \/>\n<meta property=\"og:image\" content=\"https:\/\/www.sba.it\/wp-content\/uploads\/2017\/02\/images_artisti_fanelli-biografia-quadri-in-vendita.jpg\" \/>\n\t<meta property=\"og:image:width\" content=\"300\" \/>\n\t<meta property=\"og:image:height\" content=\"324\" \/>\n\t<meta property=\"og:image:type\" content=\"image\/jpeg\" \/>\n<meta name=\"twitter:card\" content=\"summary_large_image\" \/>\n<meta name=\"twitter:site\" content=\"@SocietaArti\" \/>\n<meta name=\"twitter:label1\" content=\"Est. reading time\" \/>\n\t<meta name=\"twitter:data1\" content=\"3 minutes\" \/>\n<script type=\"application\/ld+json\" class=\"yoast-schema-graph\">{\"@context\":\"https:\\\/\\\/schema.org\",\"@graph\":[{\"@type\":\"WebPage\",\"@id\":\"https:\\\/\\\/www.sba.it\\\/en\\\/artists\\\/fanelli-francesco-biografia-quadri-in-vendita\\\/\",\"url\":\"https:\\\/\\\/www.sba.it\\\/en\\\/artists\\\/fanelli-francesco-biografia-quadri-in-vendita\\\/\",\"name\":\"Fanelli Francesco (1869-1924). Biografia. Quadri in vendita\",\"isPartOf\":{\"@id\":\"https:\\\/\\\/www.sba.it\\\/#website\"},\"primaryImageOfPage\":{\"@id\":\"https:\\\/\\\/www.sba.it\\\/en\\\/artists\\\/fanelli-francesco-biografia-quadri-in-vendita\\\/#primaryimage\"},\"image\":{\"@id\":\"https:\\\/\\\/www.sba.it\\\/en\\\/artists\\\/fanelli-francesco-biografia-quadri-in-vendita\\\/#primaryimage\"},\"thumbnailUrl\":\"https:\\\/\\\/www.sba.it\\\/wp-content\\\/uploads\\\/2017\\\/02\\\/images_artisti_fanelli-biografia-quadri-in-vendita.jpg\",\"datePublished\":\"2017-02-16T14:22:41+00:00\",\"dateModified\":\"2021-03-12T08:51:19+00:00\",\"description\":\"Fanelli Francesco leggi la vita del pittore postmacchiaiolo del 900, vendita e acquisto online dipinti postmacchiaioli di Francesco Fanelli scopri come\",\"breadcrumb\":{\"@id\":\"https:\\\/\\\/www.sba.it\\\/en\\\/artists\\\/fanelli-francesco-biografia-quadri-in-vendita\\\/#breadcrumb\"},\"inLanguage\":\"en-US\",\"potentialAction\":[{\"@type\":\"ReadAction\",\"target\":[\"https:\\\/\\\/www.sba.it\\\/en\\\/artists\\\/fanelli-francesco-biografia-quadri-in-vendita\\\/\"]}]},{\"@type\":\"ImageObject\",\"inLanguage\":\"en-US\",\"@id\":\"https:\\\/\\\/www.sba.it\\\/en\\\/artists\\\/fanelli-francesco-biografia-quadri-in-vendita\\\/#primaryimage\",\"url\":\"https:\\\/\\\/www.sba.it\\\/wp-content\\\/uploads\\\/2017\\\/02\\\/images_artisti_fanelli-biografia-quadri-in-vendita.jpg\",\"contentUrl\":\"https:\\\/\\\/www.sba.it\\\/wp-content\\\/uploads\\\/2017\\\/02\\\/images_artisti_fanelli-biografia-quadri-in-vendita.jpg\",\"width\":300,\"height\":324,\"caption\":\"Autoritratto di Francesco fanelliu\"},{\"@type\":\"BreadcrumbList\",\"@id\":\"https:\\\/\\\/www.sba.it\\\/en\\\/artists\\\/fanelli-francesco-biografia-quadri-in-vendita\\\/#breadcrumb\",\"itemListElement\":[{\"@type\":\"ListItem\",\"position\":1,\"name\":\"Home\",\"item\":\"https:\\\/\\\/www.sba.it\\\/en\\\/\"},{\"@type\":\"ListItem\",\"position\":2,\"name\":\"Artists\",\"item\":\"https:\\\/\\\/www.sba.it\\\/en\\\/artists\\\/\"},{\"@type\":\"ListItem\",\"position\":3,\"name\":\"Fanelli Francesco (1869-1924). Biografia. Quadri in vendita\"}]},{\"@type\":\"WebSite\",\"@id\":\"https:\\\/\\\/www.sba.it\\\/#website\",\"url\":\"https:\\\/\\\/www.sba.it\\\/\",\"name\":\"Societ\u00e0 di Belle Arti\",\"description\":\"Quadri macchiaioli e del 800 e 900 in vendita\",\"publisher\":{\"@id\":\"https:\\\/\\\/www.sba.it\\\/#organization\"},\"potentialAction\":[{\"@type\":\"SearchAction\",\"target\":{\"@type\":\"EntryPoint\",\"urlTemplate\":\"https:\\\/\\\/www.sba.it\\\/?s={search_term_string}\"},\"query-input\":{\"@type\":\"PropertyValueSpecification\",\"valueRequired\":true,\"valueName\":\"search_term_string\"}}],\"inLanguage\":\"en-US\"},{\"@type\":\"Organization\",\"@id\":\"https:\\\/\\\/www.sba.it\\\/#organization\",\"name\":\"Societ\u00e0 di Belle Arti\",\"url\":\"https:\\\/\\\/www.sba.it\\\/\",\"logo\":{\"@type\":\"ImageObject\",\"inLanguage\":\"en-US\",\"@id\":\"https:\\\/\\\/www.sba.it\\\/#\\\/schema\\\/logo\\\/image\\\/\",\"url\":\"https:\\\/\\\/www.sba.it\\\/wp-content\\\/uploads\\\/2019\\\/04\\\/Logo-rosso_nero.png\",\"contentUrl\":\"https:\\\/\\\/www.sba.it\\\/wp-content\\\/uploads\\\/2019\\\/04\\\/Logo-rosso_nero.png\",\"width\":2532,\"height\":1137,\"caption\":\"Societ\u00e0 di Belle Arti\"},\"image\":{\"@id\":\"https:\\\/\\\/www.sba.it\\\/#\\\/schema\\\/logo\\\/image\\\/\"},\"sameAs\":[\"https:\\\/\\\/www.facebook.com\\\/pitturaitaliana800e900\\\/\",\"https:\\\/\\\/x.com\\\/SocietaArti\",\"https:\\\/\\\/www.instagram.com\\\/societadibellearti\",\"https:\\\/\\\/www.linkedin.com\\\/in\\\/societ\u00e0-di-belle-arti-363aa8191\\\/\",\"https:\\\/\\\/www.youtube.com\\\/channel\\\/UC6fJlk-ajwhsnEIICATyXaQ\"]}]}<\/script>\n<!-- \/ Yoast SEO plugin. -->","yoast_head_json":{"title":"Fanelli Francesco (1869-1924). Biografia. Quadri in vendita","description":"Fanelli Francesco leggi la vita del pittore postmacchiaiolo del 900, vendita e acquisto online dipinti postmacchiaioli di Francesco Fanelli scopri come","robots":{"index":"index","follow":"follow","max-snippet":"max-snippet:-1","max-image-preview":"max-image-preview:large","max-video-preview":"max-video-preview:-1"},"canonical":"https:\/\/www.sba.it\/en\/artists\/fanelli-francesco-biografia-quadri-in-vendita\/","og_locale":"en_US","og_type":"article","og_title":"Fanelli Francesco (1869-1924). Biografia. Quadri in vendita","og_description":"Fanelli Francesco leggi la vita del pittore postmacchiaiolo del 900, vendita e acquisto online dipinti postmacchiaioli di Francesco Fanelli scopri come","og_url":"https:\/\/www.sba.it\/en\/artists\/fanelli-francesco-biografia-quadri-in-vendita\/","og_site_name":"Societ\u00e0 di Belle Arti","article_publisher":"https:\/\/www.facebook.com\/pitturaitaliana800e900\/","article_modified_time":"2021-03-12T08:51:19+00:00","og_image":[{"width":300,"height":324,"url":"https:\/\/www.sba.it\/wp-content\/uploads\/2017\/02\/images_artisti_fanelli-biografia-quadri-in-vendita.jpg","type":"image\/jpeg"}],"twitter_card":"summary_large_image","twitter_site":"@SocietaArti","twitter_misc":{"Est. reading time":"3 minutes"},"schema":{"@context":"https:\/\/schema.org","@graph":[{"@type":"WebPage","@id":"https:\/\/www.sba.it\/en\/artists\/fanelli-francesco-biografia-quadri-in-vendita\/","url":"https:\/\/www.sba.it\/en\/artists\/fanelli-francesco-biografia-quadri-in-vendita\/","name":"Fanelli Francesco (1869-1924). Biografia. Quadri in vendita","isPartOf":{"@id":"https:\/\/www.sba.it\/#website"},"primaryImageOfPage":{"@id":"https:\/\/www.sba.it\/en\/artists\/fanelli-francesco-biografia-quadri-in-vendita\/#primaryimage"},"image":{"@id":"https:\/\/www.sba.it\/en\/artists\/fanelli-francesco-biografia-quadri-in-vendita\/#primaryimage"},"thumbnailUrl":"https:\/\/www.sba.it\/wp-content\/uploads\/2017\/02\/images_artisti_fanelli-biografia-quadri-in-vendita.jpg","datePublished":"2017-02-16T14:22:41+00:00","dateModified":"2021-03-12T08:51:19+00:00","description":"Fanelli Francesco leggi la vita del pittore postmacchiaiolo del 900, vendita e acquisto online dipinti postmacchiaioli di Francesco Fanelli scopri come","breadcrumb":{"@id":"https:\/\/www.sba.it\/en\/artists\/fanelli-francesco-biografia-quadri-in-vendita\/#breadcrumb"},"inLanguage":"en-US","potentialAction":[{"@type":"ReadAction","target":["https:\/\/www.sba.it\/en\/artists\/fanelli-francesco-biografia-quadri-in-vendita\/"]}]},{"@type":"ImageObject","inLanguage":"en-US","@id":"https:\/\/www.sba.it\/en\/artists\/fanelli-francesco-biografia-quadri-in-vendita\/#primaryimage","url":"https:\/\/www.sba.it\/wp-content\/uploads\/2017\/02\/images_artisti_fanelli-biografia-quadri-in-vendita.jpg","contentUrl":"https:\/\/www.sba.it\/wp-content\/uploads\/2017\/02\/images_artisti_fanelli-biografia-quadri-in-vendita.jpg","width":300,"height":324,"caption":"Autoritratto di Francesco fanelliu"},{"@type":"BreadcrumbList","@id":"https:\/\/www.sba.it\/en\/artists\/fanelli-francesco-biografia-quadri-in-vendita\/#breadcrumb","itemListElement":[{"@type":"ListItem","position":1,"name":"Home","item":"https:\/\/www.sba.it\/en\/"},{"@type":"ListItem","position":2,"name":"Artists","item":"https:\/\/www.sba.it\/en\/artists\/"},{"@type":"ListItem","position":3,"name":"Fanelli Francesco (1869-1924). Biografia. Quadri in vendita"}]},{"@type":"WebSite","@id":"https:\/\/www.sba.it\/#website","url":"https:\/\/www.sba.it\/","name":"Societ\u00e0 di Belle Arti","description":"Quadri macchiaioli e del 800 e 900 in vendita","publisher":{"@id":"https:\/\/www.sba.it\/#organization"},"potentialAction":[{"@type":"SearchAction","target":{"@type":"EntryPoint","urlTemplate":"https:\/\/www.sba.it\/?s={search_term_string}"},"query-input":{"@type":"PropertyValueSpecification","valueRequired":true,"valueName":"search_term_string"}}],"inLanguage":"en-US"},{"@type":"Organization","@id":"https:\/\/www.sba.it\/#organization","name":"Societ\u00e0 di Belle Arti","url":"https:\/\/www.sba.it\/","logo":{"@type":"ImageObject","inLanguage":"en-US","@id":"https:\/\/www.sba.it\/#\/schema\/logo\/image\/","url":"https:\/\/www.sba.it\/wp-content\/uploads\/2019\/04\/Logo-rosso_nero.png","contentUrl":"https:\/\/www.sba.it\/wp-content\/uploads\/2019\/04\/Logo-rosso_nero.png","width":2532,"height":1137,"caption":"Societ\u00e0 di Belle Arti"},"image":{"@id":"https:\/\/www.sba.it\/#\/schema\/logo\/image\/"},"sameAs":["https:\/\/www.facebook.com\/pitturaitaliana800e900\/","https:\/\/x.com\/SocietaArti","https:\/\/www.instagram.com\/societadibellearti","https:\/\/www.linkedin.com\/in\/societ\u00e0-di-belle-arti-363aa8191\/","https:\/\/www.youtube.com\/channel\/UC6fJlk-ajwhsnEIICATyXaQ"]}]}},"_links":{"self":[{"href":"https:\/\/www.sba.it\/en\/wp-json\/wp\/v2\/pages\/74738","targetHints":{"allow":["GET"]}}],"collection":[{"href":"https:\/\/www.sba.it\/en\/wp-json\/wp\/v2\/pages"}],"about":[{"href":"https:\/\/www.sba.it\/en\/wp-json\/wp\/v2\/types\/page"}],"author":[{"embeddable":true,"href":"https:\/\/www.sba.it\/en\/wp-json\/wp\/v2\/users\/2"}],"replies":[{"embeddable":true,"href":"https:\/\/www.sba.it\/en\/wp-json\/wp\/v2\/comments?post=74738"}],"version-history":[{"count":15,"href":"https:\/\/www.sba.it\/en\/wp-json\/wp\/v2\/pages\/74738\/revisions"}],"predecessor-version":[{"id":88646,"href":"https:\/\/www.sba.it\/en\/wp-json\/wp\/v2\/pages\/74738\/revisions\/88646"}],"up":[{"embeddable":true,"href":"https:\/\/www.sba.it\/en\/wp-json\/wp\/v2\/pages\/73496"}],"wp:featuredmedia":[{"embeddable":true,"href":"https:\/\/www.sba.it\/en\/wp-json\/wp\/v2\/media\/2472"}],"wp:attachment":[{"href":"https:\/\/www.sba.it\/en\/wp-json\/wp\/v2\/media?parent=74738"}],"curies":[{"name":"wp","href":"https:\/\/api.w.org\/{rel}","templated":true}]}}