{"id":74726,"date":"2017-02-23T08:52:16","date_gmt":"2017-02-23T07:52:16","guid":{"rendered":"http:\/\/www.sba.it\/irolli-vincenzo-biografia-quadri-in-vendita-valutazione-stima-perizia-certificata-di-dipinti-di-irolli-vincenzo\/"},"modified":"2020-10-06T11:43:57","modified_gmt":"2020-10-06T09:43:57","slug":"irolli-vincenzo-biografia-quadri-in-vendita-valutazione-stima-perizia-certificata-di-dipinti-di-irolli-vincenzo","status":"publish","type":"page","link":"https:\/\/www.sba.it\/en\/artists\/irolli-vincenzo-biografia-quadri-in-vendita-valutazione-stima-perizia-certificata-di-dipinti-di-irolli-vincenzo\/","title":{"rendered":"Irolli Vincenzo (1860-1949). Biografia. Quadri in vendita."},"content":{"rendered":"<p style=\"text-align: justify;\"><img decoding=\"async\" class=\" alignleft size-full wp-image-2534\" style=\"margin-right: 20px; float: left;\" src=\"http:\/\/www.sba.it\/wp-content\/uploads\/2017\/02\/images_artisti_Irolli-Vincenzo-biografia-completa.jpg\" alt=\"Irolli-Vincenzo-biografia-completa\" width=\"300\" height=\"403\" srcset=\"https:\/\/www.sba.it\/wp-content\/uploads\/2017\/02\/images_artisti_Irolli-Vincenzo-biografia-completa.jpg 300w, https:\/\/www.sba.it\/wp-content\/uploads\/2017\/02\/images_artisti_Irolli-Vincenzo-biografia-completa-223x300.jpg 223w\" sizes=\"(max-width: 300px) 100vw, 300px\" \/>Vincenzo Irolli nasce a Napoli il 30 settembre 1860.<\/p>\n<p style=\"text-align: justify;\">Nel 1877, visitando nel capoluogo campano l&#8217;Esposizione Nazionale rimane colpito dal <em>Corpus Domini<\/em> di Francesco Paolo Michetti, dai <em>Parassiti<\/em> di Achille D&#8217;Orsi e dalle opere del giovane <strong><a href=\"http:\/\/www.sba.it\/mancini-antonio-quadri-in-vendita-valutazione-stime-biografia\/\">Mancini<\/a>\u00a0<\/strong>che lo stimolano verso la pittura.<\/p>\n<p style=\"text-align: justify;\">Contro la volont\u00e0 della famiglia si iscrive, quell&#8217;anno, all&#8217;<a href=\"http:\/\/www.abana.it\/it\/\">Istituto di Belle Arti<\/a> \u00a0dove conosce Stanislao Lista, <a href=\"http:\/\/www.sba.it\/palizzi-filippo-biografia-quadri-in-vendita-valutazione-stima-perizia-certificata-di-dipinti-di-palizzi-filippo\/\"><strong>Filippo Palizzi<\/strong><\/a>, e <a href=\"http:\/\/www.sba.it\/domenico-morelli-biografia-quadri-vendita-stima-perizia-dipinti-domenico-morelli\/\"><strong>Domenico Morelli<\/strong><\/a>.<\/p>\n<p style=\"text-align: justify;\">Sar\u00e0 quest&#8217;ultimo a spronarlo a proseguire gli studi dopo averne apprezzato il <em>Ritratto del pittore Salvatore Izzo<\/em>.<\/p>\n<p style=\"text-align: justify;\">Terminato l&#8217;apprendistato accademico nel 1880, avvia un&#8217;intensa produzione pittorica, portata avanti anche durante il servizio militare svolto a Pavia dal 1881 al 1883.<\/p>\n<p style=\"text-align: justify;\">Rientrato a Napoli, collabora l&#8217;anno seguente con <a href=\"http:\/\/www.sba.it\/casciaro-giuseppe-quadri-vendita-stima-perizia-dipinti-giuseppe-casciaro\/\">Casciaro<\/a>, Esposito, Volpe, Migliaro e Caprile alla decorazione dello storico Caff\u00e8 Gambrinus.<\/p>\n<p style=\"text-align: justify;\">Il decennio &#8217;85-&#8217;95 \u00e8 segnato dalla <strong>vendita<\/strong> di numerosi <strong>dipinti\u00a0<\/strong>inviati alle rassegne ufficiali di Torino, Firenze, Milano, Amburgo, Berlino e Londra.<\/p>\n<p style=\"text-align: justify;\">Nell&#8217;ottobre del 1909 espone al XIX Salon d&#8217;Automne <em>Spannocchiatrici,\u00a0<\/em>quadro acquistato dal Comune per il Museo Municipale degli Champs- Elys\u00e9e.<\/p>\n<p style=\"text-align: justify;\">Affermatosi dunque anche fuori d&#8217;Italia, \u00e8 indicato come &#8220;il pittore del sole, della vita e dell&#8217;amore&#8221;.<\/p>\n<p style=\"text-align: justify;\">La sua notoriet\u00e0 a Parigi si accresce quando il critico d&#8217;arte L\u00e9on Talboum, visitandone la personale alla Galerie Alder\u00e8te lo definisce &#8220;astro di prima grandezza&#8221;.<\/p>\n<p style=\"text-align: justify;\">Nel 1911 partecipa all&#8217;Esposizione internazionale di Barcellona venendo premiato con la medaglia di bronzo.<\/p>\n<p style=\"text-align: justify;\">La Commissione della Biennale lo escude dall&#8217;edizione del 1910 per &#8220;inclinazione ad accettare le committenze della borghesia&#8221;.<\/p>\n<p style=\"text-align: justify;\">Otterr\u00e0 il riconoscimento da parte della critica dell&#8217;importante manifestazione veneziana solo nel 1922.<\/p>\n<p style=\"text-align: justify;\">Questo sar\u00e0 possibile perch\u00e8\u00a0 i quattro dipinti <em>Pesci<\/em>, <em>L&#8217;inascoltato<\/em>, <em>L&#8217;invito<\/em> e <em>Amici dell&#8217;arte <\/em>verranno presentati con grande risalto in una delle sale principali.<\/p>\n<p style=\"text-align: justify;\">Il periodo d&#8217;oro di questi anni si conferma nell&#8217;esposizione di Bari del &#8217;33, in occasione della quale concretizza la vendita di tutti i dipinti esposti, ottenendo il riconoscimento della critica come &#8220;il figlio legittimo di Michetti e Gemito&#8221;.<\/p>\n<p style=\"text-align: justify;\">L&#8217;anno seguente espone a Bergamo e a Trieste, dove il dipinto Appena pescato colpisce il pubblico per la figura del pescatore ritratta senza testa.<\/p>\n<p style=\"text-align: justify;\">Nel 1935 gli amici festeggiano la sua lingua carriera con una medaglia d&#8217;oro e una pergamena decorata da Silvio Bicchi.<\/p>\n<p style=\"text-align: justify;\">L&#8217;ultima partecipazione pubblica risale al 1936, quando\u00a0 alla Mostra di Arte Sacra organizzata al Convento \u00a0Domenicano di Roma propone dieci tele entusiasmando gli amici artisti che lo definiscono un meraviglioso &#8220;poema evangelico&#8221;.<\/p>\n<p style=\"text-align: justify;\">Vincenzo Irolli muore\u00a0 a Napoli nel novembre 1949.<\/p>\n<h3 style=\"font-size: 12pt;\"><a href=\"https:\/\/www.sba.it\/en\/paintings\/\"><strong>CATALOGO OPERE<\/strong>\u00a0|<\/a>\u00a0<a href=\"https:\/\/www.sba.it\/en\/to-sell\/\">V<strong>UOI VENDERE O COMPRARE UN QUADRO DI QUESTO ARTISTA?<\/strong><\/a><\/h3>\n<p><strong>BOOKSHOP:<\/strong><\/p>\n<p><a href=\"http:\/\/www.istitutomatteucci.it\/component\/hikashop\/product\/304-due-secoli-di-pittura-nelle-collezioni-piemontesi\"><img decoding=\"async\" class=\"alignleft size-medium wp-image-87183\" src=\"http:\/\/www.sba.it\/wp-content\/uploads\/2020\/10\/okkk-300x300.jpg\" alt=\"Vicenzo Irolli  quadri e libri in vendita\" width=\"300\" height=\"300\" srcset=\"https:\/\/www.sba.it\/wp-content\/uploads\/2020\/10\/okkk-300x300.jpg 300w, https:\/\/www.sba.it\/wp-content\/uploads\/2020\/10\/okkk-150x150.jpg 150w, https:\/\/www.sba.it\/wp-content\/uploads\/2020\/10\/okkk.jpg 350w\" sizes=\"(max-width: 300px) 100vw, 300px\" \/><\/a><\/p>\n<p>&nbsp;<\/p>\n<p>&nbsp;<\/p>\n<p>&nbsp;<\/p>\n<p><a href=\"http:\/\/www.istitutomatteucci.it\/component\/hikashop\/product\/303-paesaggio-e-pittura-di-genere-nell-800-e-900-italiano\"><img decoding=\"async\" class=\"alignleft size-medium wp-image-86881\" src=\"http:\/\/www.sba.it\/wp-content\/uploads\/2020\/10\/Vincenzo-Caprile-vendita-quadri-e-libri-online-300x300.jpg\" alt=\"Vincenzo Irolli vendita quadri e libri online\" width=\"300\" height=\"300\" srcset=\"https:\/\/www.sba.it\/wp-content\/uploads\/2020\/10\/Vincenzo-Caprile-vendita-quadri-e-libri-online-300x300.jpg 300w, https:\/\/www.sba.it\/wp-content\/uploads\/2020\/10\/Vincenzo-Caprile-vendita-quadri-e-libri-online-150x150.jpg 150w, https:\/\/www.sba.it\/wp-content\/uploads\/2020\/10\/Vincenzo-Caprile-vendita-quadri-e-libri-online.jpg 350w\" sizes=\"(max-width: 300px) 100vw, 300px\" \/><\/a><\/p>\n","protected":false},"excerpt":{"rendered":"<p>Vincenzo Irolli nasce a Napoli il 30 settembre 1860. Nel 1877, visitando nel capoluogo campano l&#8217;Esposizione Nazionale rimane colpito dal [&hellip;]<\/p>\n","protected":false},"author":2,"featured_media":2536,"parent":73496,"menu_order":82,"comment_status":"closed","ping_status":"closed","template":"","meta":{"_monsterinsights_skip_tracking":false,"_monsterinsights_sitenote_active":false,"_monsterinsights_sitenote_note":"","_monsterinsights_sitenote_category":0,"footnotes":""},"class_list":["post-74726","page","type-page","status-publish","has-post-thumbnail","hentry","page_category-artists"],"yoast_head":"<!-- This site is optimized with the Yoast SEO plugin v27.5 - https:\/\/yoast.com\/product\/yoast-seo-wordpress\/ -->\n<title>Irolli Vincenzo (1860-1949). Biografia. Quadri in vendita.<\/title>\n<meta name=\"description\" content=\"Vincenzo Irolli leggi la vita del pittore napoletano dell&#039;800, vendita e acquisto online dipinti napoletani dell&#039;800 di Vincenzo Irolli scopri come\" \/>\n<meta name=\"robots\" content=\"index, follow, max-snippet:-1, max-image-preview:large, max-video-preview:-1\" \/>\n<link rel=\"canonical\" href=\"https:\/\/www.sba.it\/en\/artists\/irolli-vincenzo-biografia-quadri-in-vendita-valutazione-stima-perizia-certificata-di-dipinti-di-irolli-vincenzo\/\" \/>\n<meta property=\"og:locale\" content=\"en_US\" \/>\n<meta property=\"og:type\" content=\"article\" \/>\n<meta property=\"og:title\" content=\"Irolli Vincenzo (1860-1949). Biografia. Quadri in vendita.\" \/>\n<meta property=\"og:description\" content=\"Vincenzo Irolli leggi la vita del pittore napoletano dell&#039;800, vendita e acquisto online dipinti napoletani dell&#039;800 di Vincenzo Irolli scopri come\" \/>\n<meta property=\"og:url\" content=\"https:\/\/www.sba.it\/en\/artists\/irolli-vincenzo-biografia-quadri-in-vendita-valutazione-stima-perizia-certificata-di-dipinti-di-irolli-vincenzo\/\" \/>\n<meta property=\"og:site_name\" content=\"Societ\u00e0 di Belle Arti\" \/>\n<meta property=\"article:publisher\" content=\"https:\/\/www.facebook.com\/pitturaitaliana800e900\/\" \/>\n<meta property=\"article:modified_time\" content=\"2020-10-06T09:43:57+00:00\" \/>\n<meta property=\"og:image\" content=\"https:\/\/www.sba.it\/wp-content\/uploads\/2017\/02\/images_artisti_Irolli-Vincenzo-biografia-completa.jpg\" \/>\n\t<meta property=\"og:image:width\" content=\"300\" \/>\n\t<meta property=\"og:image:height\" content=\"403\" \/>\n\t<meta property=\"og:image:type\" content=\"image\/jpeg\" \/>\n<meta name=\"twitter:card\" content=\"summary_large_image\" \/>\n<meta name=\"twitter:site\" content=\"@SocietaArti\" \/>\n<meta name=\"twitter:label1\" content=\"Est. reading time\" \/>\n\t<meta name=\"twitter:data1\" content=\"2 minutes\" \/>\n<script type=\"application\/ld+json\" class=\"yoast-schema-graph\">{\"@context\":\"https:\\\/\\\/schema.org\",\"@graph\":[{\"@type\":\"WebPage\",\"@id\":\"https:\\\/\\\/www.sba.it\\\/en\\\/artists\\\/irolli-vincenzo-biografia-quadri-in-vendita-valutazione-stima-perizia-certificata-di-dipinti-di-irolli-vincenzo\\\/\",\"url\":\"https:\\\/\\\/www.sba.it\\\/en\\\/artists\\\/irolli-vincenzo-biografia-quadri-in-vendita-valutazione-stima-perizia-certificata-di-dipinti-di-irolli-vincenzo\\\/\",\"name\":\"Irolli Vincenzo (1860-1949). Biografia. Quadri in vendita.\",\"isPartOf\":{\"@id\":\"https:\\\/\\\/www.sba.it\\\/#website\"},\"primaryImageOfPage\":{\"@id\":\"https:\\\/\\\/www.sba.it\\\/en\\\/artists\\\/irolli-vincenzo-biografia-quadri-in-vendita-valutazione-stima-perizia-certificata-di-dipinti-di-irolli-vincenzo\\\/#primaryimage\"},\"image\":{\"@id\":\"https:\\\/\\\/www.sba.it\\\/en\\\/artists\\\/irolli-vincenzo-biografia-quadri-in-vendita-valutazione-stima-perizia-certificata-di-dipinti-di-irolli-vincenzo\\\/#primaryimage\"},\"thumbnailUrl\":\"https:\\\/\\\/www.sba.it\\\/wp-content\\\/uploads\\\/2017\\\/02\\\/images_artisti_Irolli-Vincenzo-biografia-completa.jpg\",\"datePublished\":\"2017-02-23T07:52:16+00:00\",\"dateModified\":\"2020-10-06T09:43:57+00:00\",\"description\":\"Vincenzo Irolli leggi la vita del pittore napoletano dell'800, vendita e acquisto online dipinti napoletani dell'800 di Vincenzo Irolli scopri come\",\"breadcrumb\":{\"@id\":\"https:\\\/\\\/www.sba.it\\\/en\\\/artists\\\/irolli-vincenzo-biografia-quadri-in-vendita-valutazione-stima-perizia-certificata-di-dipinti-di-irolli-vincenzo\\\/#breadcrumb\"},\"inLanguage\":\"en-US\",\"potentialAction\":[{\"@type\":\"ReadAction\",\"target\":[\"https:\\\/\\\/www.sba.it\\\/en\\\/artists\\\/irolli-vincenzo-biografia-quadri-in-vendita-valutazione-stima-perizia-certificata-di-dipinti-di-irolli-vincenzo\\\/\"]}]},{\"@type\":\"ImageObject\",\"inLanguage\":\"en-US\",\"@id\":\"https:\\\/\\\/www.sba.it\\\/en\\\/artists\\\/irolli-vincenzo-biografia-quadri-in-vendita-valutazione-stima-perizia-certificata-di-dipinti-di-irolli-vincenzo\\\/#primaryimage\",\"url\":\"https:\\\/\\\/www.sba.it\\\/wp-content\\\/uploads\\\/2017\\\/02\\\/images_artisti_Irolli-Vincenzo-biografia-completa.jpg\",\"contentUrl\":\"https:\\\/\\\/www.sba.it\\\/wp-content\\\/uploads\\\/2017\\\/02\\\/images_artisti_Irolli-Vincenzo-biografia-completa.jpg\",\"width\":300,\"height\":403,\"caption\":\"Autoritratto di Vincenzo Irolli\"},{\"@type\":\"BreadcrumbList\",\"@id\":\"https:\\\/\\\/www.sba.it\\\/en\\\/artists\\\/irolli-vincenzo-biografia-quadri-in-vendita-valutazione-stima-perizia-certificata-di-dipinti-di-irolli-vincenzo\\\/#breadcrumb\",\"itemListElement\":[{\"@type\":\"ListItem\",\"position\":1,\"name\":\"Home\",\"item\":\"https:\\\/\\\/www.sba.it\\\/en\\\/\"},{\"@type\":\"ListItem\",\"position\":2,\"name\":\"Artists\",\"item\":\"https:\\\/\\\/www.sba.it\\\/en\\\/artists\\\/\"},{\"@type\":\"ListItem\",\"position\":3,\"name\":\"Irolli Vincenzo (1860-1949). Biografia. Quadri in vendita.\"}]},{\"@type\":\"WebSite\",\"@id\":\"https:\\\/\\\/www.sba.it\\\/#website\",\"url\":\"https:\\\/\\\/www.sba.it\\\/\",\"name\":\"Societ\u00e0 di Belle Arti\",\"description\":\"Quadri macchiaioli e del 800 e 900 in vendita\",\"publisher\":{\"@id\":\"https:\\\/\\\/www.sba.it\\\/#organization\"},\"potentialAction\":[{\"@type\":\"SearchAction\",\"target\":{\"@type\":\"EntryPoint\",\"urlTemplate\":\"https:\\\/\\\/www.sba.it\\\/?s={search_term_string}\"},\"query-input\":{\"@type\":\"PropertyValueSpecification\",\"valueRequired\":true,\"valueName\":\"search_term_string\"}}],\"inLanguage\":\"en-US\"},{\"@type\":\"Organization\",\"@id\":\"https:\\\/\\\/www.sba.it\\\/#organization\",\"name\":\"Societ\u00e0 di Belle Arti\",\"url\":\"https:\\\/\\\/www.sba.it\\\/\",\"logo\":{\"@type\":\"ImageObject\",\"inLanguage\":\"en-US\",\"@id\":\"https:\\\/\\\/www.sba.it\\\/#\\\/schema\\\/logo\\\/image\\\/\",\"url\":\"https:\\\/\\\/www.sba.it\\\/wp-content\\\/uploads\\\/2019\\\/04\\\/Logo-rosso_nero.png\",\"contentUrl\":\"https:\\\/\\\/www.sba.it\\\/wp-content\\\/uploads\\\/2019\\\/04\\\/Logo-rosso_nero.png\",\"width\":2532,\"height\":1137,\"caption\":\"Societ\u00e0 di Belle Arti\"},\"image\":{\"@id\":\"https:\\\/\\\/www.sba.it\\\/#\\\/schema\\\/logo\\\/image\\\/\"},\"sameAs\":[\"https:\\\/\\\/www.facebook.com\\\/pitturaitaliana800e900\\\/\",\"https:\\\/\\\/x.com\\\/SocietaArti\",\"https:\\\/\\\/www.instagram.com\\\/societadibellearti\",\"https:\\\/\\\/www.linkedin.com\\\/in\\\/societ\u00e0-di-belle-arti-363aa8191\\\/\",\"https:\\\/\\\/www.youtube.com\\\/channel\\\/UC6fJlk-ajwhsnEIICATyXaQ\"]}]}<\/script>\n<!-- \/ Yoast SEO plugin. -->","yoast_head_json":{"title":"Irolli Vincenzo (1860-1949). Biografia. Quadri in vendita.","description":"Vincenzo Irolli leggi la vita del pittore napoletano dell'800, vendita e acquisto online dipinti napoletani dell'800 di Vincenzo Irolli scopri come","robots":{"index":"index","follow":"follow","max-snippet":"max-snippet:-1","max-image-preview":"max-image-preview:large","max-video-preview":"max-video-preview:-1"},"canonical":"https:\/\/www.sba.it\/en\/artists\/irolli-vincenzo-biografia-quadri-in-vendita-valutazione-stima-perizia-certificata-di-dipinti-di-irolli-vincenzo\/","og_locale":"en_US","og_type":"article","og_title":"Irolli Vincenzo (1860-1949). Biografia. Quadri in vendita.","og_description":"Vincenzo Irolli leggi la vita del pittore napoletano dell'800, vendita e acquisto online dipinti napoletani dell'800 di Vincenzo Irolli scopri come","og_url":"https:\/\/www.sba.it\/en\/artists\/irolli-vincenzo-biografia-quadri-in-vendita-valutazione-stima-perizia-certificata-di-dipinti-di-irolli-vincenzo\/","og_site_name":"Societ\u00e0 di Belle Arti","article_publisher":"https:\/\/www.facebook.com\/pitturaitaliana800e900\/","article_modified_time":"2020-10-06T09:43:57+00:00","og_image":[{"width":300,"height":403,"url":"https:\/\/www.sba.it\/wp-content\/uploads\/2017\/02\/images_artisti_Irolli-Vincenzo-biografia-completa.jpg","type":"image\/jpeg"}],"twitter_card":"summary_large_image","twitter_site":"@SocietaArti","twitter_misc":{"Est. reading time":"2 minutes"},"schema":{"@context":"https:\/\/schema.org","@graph":[{"@type":"WebPage","@id":"https:\/\/www.sba.it\/en\/artists\/irolli-vincenzo-biografia-quadri-in-vendita-valutazione-stima-perizia-certificata-di-dipinti-di-irolli-vincenzo\/","url":"https:\/\/www.sba.it\/en\/artists\/irolli-vincenzo-biografia-quadri-in-vendita-valutazione-stima-perizia-certificata-di-dipinti-di-irolli-vincenzo\/","name":"Irolli Vincenzo (1860-1949). Biografia. Quadri in vendita.","isPartOf":{"@id":"https:\/\/www.sba.it\/#website"},"primaryImageOfPage":{"@id":"https:\/\/www.sba.it\/en\/artists\/irolli-vincenzo-biografia-quadri-in-vendita-valutazione-stima-perizia-certificata-di-dipinti-di-irolli-vincenzo\/#primaryimage"},"image":{"@id":"https:\/\/www.sba.it\/en\/artists\/irolli-vincenzo-biografia-quadri-in-vendita-valutazione-stima-perizia-certificata-di-dipinti-di-irolli-vincenzo\/#primaryimage"},"thumbnailUrl":"https:\/\/www.sba.it\/wp-content\/uploads\/2017\/02\/images_artisti_Irolli-Vincenzo-biografia-completa.jpg","datePublished":"2017-02-23T07:52:16+00:00","dateModified":"2020-10-06T09:43:57+00:00","description":"Vincenzo Irolli leggi la vita del pittore napoletano dell'800, vendita e acquisto online dipinti napoletani dell'800 di Vincenzo Irolli scopri come","breadcrumb":{"@id":"https:\/\/www.sba.it\/en\/artists\/irolli-vincenzo-biografia-quadri-in-vendita-valutazione-stima-perizia-certificata-di-dipinti-di-irolli-vincenzo\/#breadcrumb"},"inLanguage":"en-US","potentialAction":[{"@type":"ReadAction","target":["https:\/\/www.sba.it\/en\/artists\/irolli-vincenzo-biografia-quadri-in-vendita-valutazione-stima-perizia-certificata-di-dipinti-di-irolli-vincenzo\/"]}]},{"@type":"ImageObject","inLanguage":"en-US","@id":"https:\/\/www.sba.it\/en\/artists\/irolli-vincenzo-biografia-quadri-in-vendita-valutazione-stima-perizia-certificata-di-dipinti-di-irolli-vincenzo\/#primaryimage","url":"https:\/\/www.sba.it\/wp-content\/uploads\/2017\/02\/images_artisti_Irolli-Vincenzo-biografia-completa.jpg","contentUrl":"https:\/\/www.sba.it\/wp-content\/uploads\/2017\/02\/images_artisti_Irolli-Vincenzo-biografia-completa.jpg","width":300,"height":403,"caption":"Autoritratto di Vincenzo Irolli"},{"@type":"BreadcrumbList","@id":"https:\/\/www.sba.it\/en\/artists\/irolli-vincenzo-biografia-quadri-in-vendita-valutazione-stima-perizia-certificata-di-dipinti-di-irolli-vincenzo\/#breadcrumb","itemListElement":[{"@type":"ListItem","position":1,"name":"Home","item":"https:\/\/www.sba.it\/en\/"},{"@type":"ListItem","position":2,"name":"Artists","item":"https:\/\/www.sba.it\/en\/artists\/"},{"@type":"ListItem","position":3,"name":"Irolli Vincenzo (1860-1949). Biografia. Quadri in vendita."}]},{"@type":"WebSite","@id":"https:\/\/www.sba.it\/#website","url":"https:\/\/www.sba.it\/","name":"Societ\u00e0 di Belle Arti","description":"Quadri macchiaioli e del 800 e 900 in vendita","publisher":{"@id":"https:\/\/www.sba.it\/#organization"},"potentialAction":[{"@type":"SearchAction","target":{"@type":"EntryPoint","urlTemplate":"https:\/\/www.sba.it\/?s={search_term_string}"},"query-input":{"@type":"PropertyValueSpecification","valueRequired":true,"valueName":"search_term_string"}}],"inLanguage":"en-US"},{"@type":"Organization","@id":"https:\/\/www.sba.it\/#organization","name":"Societ\u00e0 di Belle Arti","url":"https:\/\/www.sba.it\/","logo":{"@type":"ImageObject","inLanguage":"en-US","@id":"https:\/\/www.sba.it\/#\/schema\/logo\/image\/","url":"https:\/\/www.sba.it\/wp-content\/uploads\/2019\/04\/Logo-rosso_nero.png","contentUrl":"https:\/\/www.sba.it\/wp-content\/uploads\/2019\/04\/Logo-rosso_nero.png","width":2532,"height":1137,"caption":"Societ\u00e0 di Belle Arti"},"image":{"@id":"https:\/\/www.sba.it\/#\/schema\/logo\/image\/"},"sameAs":["https:\/\/www.facebook.com\/pitturaitaliana800e900\/","https:\/\/x.com\/SocietaArti","https:\/\/www.instagram.com\/societadibellearti","https:\/\/www.linkedin.com\/in\/societ\u00e0-di-belle-arti-363aa8191\/","https:\/\/www.youtube.com\/channel\/UC6fJlk-ajwhsnEIICATyXaQ"]}]}},"_links":{"self":[{"href":"https:\/\/www.sba.it\/en\/wp-json\/wp\/v2\/pages\/74726","targetHints":{"allow":["GET"]}}],"collection":[{"href":"https:\/\/www.sba.it\/en\/wp-json\/wp\/v2\/pages"}],"about":[{"href":"https:\/\/www.sba.it\/en\/wp-json\/wp\/v2\/types\/page"}],"author":[{"embeddable":true,"href":"https:\/\/www.sba.it\/en\/wp-json\/wp\/v2\/users\/2"}],"replies":[{"embeddable":true,"href":"https:\/\/www.sba.it\/en\/wp-json\/wp\/v2\/comments?post=74726"}],"version-history":[{"count":9,"href":"https:\/\/www.sba.it\/en\/wp-json\/wp\/v2\/pages\/74726\/revisions"}],"predecessor-version":[{"id":87416,"href":"https:\/\/www.sba.it\/en\/wp-json\/wp\/v2\/pages\/74726\/revisions\/87416"}],"up":[{"embeddable":true,"href":"https:\/\/www.sba.it\/en\/wp-json\/wp\/v2\/pages\/73496"}],"wp:featuredmedia":[{"embeddable":true,"href":"https:\/\/www.sba.it\/en\/wp-json\/wp\/v2\/media\/2536"}],"wp:attachment":[{"href":"https:\/\/www.sba.it\/en\/wp-json\/wp\/v2\/media?parent=74726"}],"curies":[{"name":"wp","href":"https:\/\/api.w.org\/{rel}","templated":true}]}}