{"id":74622,"date":"2016-10-18T10:02:16","date_gmt":"2016-10-18T08:02:16","guid":{"rendered":"http:\/\/www.sba.it\/agazzi-ermenedildo-biografia-quadri-in-vendita-stima-perizia-certificata-dipinti-di-agazzi-ermenegildo\/"},"modified":"2019-11-11T10:46:20","modified_gmt":"2019-11-11T09:46:20","slug":"agazzi-ermenedildo-biografia-quadri-in-vendita-stima-perizia-certificata-dipinti-di-agazzi-ermenegildo","status":"publish","type":"page","link":"https:\/\/www.sba.it\/en\/artists\/agazzi-ermenedildo-biografia-quadri-in-vendita-stima-perizia-certificata-dipinti-di-agazzi-ermenegildo\/","title":{"rendered":"Agazzi Ermenegildo (1866-1945). Biografia."},"content":{"rendered":"<p>Mapello 1866 &#8211; Bergamo 1945<\/p>\n<p><img decoding=\"async\" class=\" alignleft size-full wp-image-2127\" style=\"margin-right: 20px; float: left;\" src=\"http:\/\/www.sba.it\/wp-content\/uploads\/2016\/10\/images_artisti_agazzi.jpg\" alt=\"agazzi\" width=\"300\" height=\"339\" srcset=\"https:\/\/www.sba.it\/wp-content\/uploads\/2016\/10\/images_artisti_agazzi.jpg 300w, https:\/\/www.sba.it\/wp-content\/uploads\/2016\/10\/images_artisti_agazzi-265x300.jpg 265w\" sizes=\"(max-width: 300px) 100vw, 300px\" \/>Ermenegildo Agazzi nacque il 24 luglio 1866 a Mapello da Francesco e Pierina Moscheni, proprietari di un&#8217;osteria.<\/p>\n<p>Nel 1871 la famiglia si trasfer\u00ec a Bergamo dove, nel 1885, si iscrisse all&#8217;<a href=\"https:\/\/www.lacarrara.it\/\">Accademia Carrara<\/a> diretta, allora, da Cesare Tallone.<\/p>\n<p>Nel 1888, a 22 anni, richiam\u00f2 l&#8217;attenzione con alcune opere di innegabile eccellenza, quali &#8220;<em>Il Fortino di Bergamo<\/em>&#8221; e &#8220;<em>La Rocca di Bergamo<\/em>&#8220;.<\/p>\n<p>Si trasferi, quattro anni pi\u00f9 tardi, a Milano dove stava imponendosi la pittura Divisionista rappresentata da <a href=\"http:\/\/www.sba.it\/segantini-giovanni-biografia-quadri-in-vendita-valutazione-stima-perizia-certificata-di-dipinti-di-segantini-giovanni\/\">Segantini<\/a>, <a href=\"http:\/\/www.sba.it\/previati-gaetano-biografia-vendita-quadri-e-dipinti-di-gaetano-previati\/\">Previati<\/a>, <a href=\"http:\/\/www.sba.it\/morbelli-angelo-biografia-quadri-in-vendita\/\">Morbelli <\/a>e <a href=\"http:\/\/www.sba.it\/pellizza-da-volpedo-giuseppe-biografia-quadri-in-vendita-valutazione-stima-perizia-certificata-di-dipinti-di-pellizza-da-volpedo-giuseppe\/\">Pellizza da Volpedo<\/a>.<\/p>\n<p>Per niente interessato alla nuova corrente artistica Agazzi limit\u00f2 le sue relazioni a pochi artisti che, come <a href=\"http:\/\/www.sba.it\/carcano-filippo-biografia-quadri-in-vendita-valutazione-stima-perizia-certificata-di-dipinti-di-carcano-filippo\/\">Filippo Carcano<\/a>, si riunivano talvolta al Biffi.<\/p>\n<p>Il suo primo ufficiale riconoscimento giunse nel 1900.<\/p>\n<p>Con una semplice figura di uomo a mezzo busto, inviato a Parigi alla Mostra Universale, ottenne la medaglia d&#8217;oro per la sua solida costruzione e per la sua singolare forza espressiva.<\/p>\n<p>Sempre nel periodo milanese gli venne assegnata una medaglia d&#8217;oro all&#8217;Esposizione Internazionale di Bruxelles nel 1910 e il premio Fornara nel 1928.<\/p>\n<p>Ma il premio di cui and\u00f2\u00a0 maggiormente orgoglioso fu la medaglia d&#8217;argento al Premio Internazionale di Parigi nel 1935.<\/p>\n<p>Ottenne il riconoscimento con il famoso quadro &#8220;<em>I Pesci&#8221;<\/em> che destin\u00f2 in seguito all&#8217;Accademia Carrara.<\/p>\n<p>Nel 1938 il Ministero dell&#8217;Educazione nazionale di Roma confer\u00ec la medaglia d&#8217;oro all&#8217;opera &#8220;<em>Ritratto dell&#8217;architetto Gattermayer<\/em>&#8221; esposta alla Mostra Interprovinciale del Sindacato Belle Arti di Milano.<\/p>\n<p>La notoriet\u00e0 di Agazzi divenne quindi sempre pi\u00f9 ampia e la sua attivit\u00e0 fu seguita ed illustrata da celebri critici del tempo.<\/p>\n<p>Nel 1942 fece ritorno a Bergamo a causa dei bombardamenti aerei sulla capitale lombarda.<\/p>\n<p>Si occup\u00f2 personalmente del trasporto delle proprie opere da Milano a Bergamo. Qui continu\u00f2 a dipingere avendo come temi preferiti le nature morte e le composizioni.<\/p>\n<p>Anche nei ritratti era possibile ritrovare la vigoria del maestro.<\/p>\n<p>In questi ultimi infatti, permanevano le doti del valentissimo colorista.<\/p>\n<p>Cos\u00ec si pu\u00f2 dire del ritratto a grandezza naturale ed a figura intera della signora Civetta-Carminati.<\/p>\n<p>Ermenegildo Agazzi mor\u00ec il 15 ottobre 1945 ucciso a scopo di rapina.<\/p>\n<p>&nbsp;<\/p>\n<h3 style=\"font-size: 12pt;\"><a href=\"https:\/\/www.sba.it\/en\/excellence\/\">CATALOGO OPERE\u00a0<\/a> | \u00a0<a href=\"https:\/\/www.sba.it\/en\/to-sell\/\">VUOI VENDERE O COMPRARE UN QUADRO DI QUESTO ARTISTA?<\/a><\/h3>\n","protected":false},"excerpt":{"rendered":"<p>Mapello 1866 &#8211; Bergamo 1945 Ermenegildo Agazzi nacque il 24 luglio 1866 a Mapello da Francesco e Pierina Moscheni, proprietari [&hellip;]<\/p>\n","protected":false},"author":2,"featured_media":2129,"parent":73496,"menu_order":90,"comment_status":"closed","ping_status":"closed","template":"","meta":{"_monsterinsights_skip_tracking":false,"_monsterinsights_sitenote_active":false,"_monsterinsights_sitenote_note":"","_monsterinsights_sitenote_category":0,"footnotes":""},"class_list":["post-74622","page","type-page","status-publish","has-post-thumbnail","hentry","page_category-artists"],"yoast_head":"<!-- This site is optimized with the Yoast SEO plugin v27.3 - https:\/\/yoast.com\/product\/yoast-seo-wordpress\/ -->\n<title>Agazzi Ermenegildo (1866-1945). Biografia. Quadri in vendita<\/title>\n<meta name=\"description\" content=\"Agazzi Ermenegildo leggi la vita del pittore dell&#039;800, vendita e acquisto online dipinti dell&#039;800 di Ermenegildo Agazzi scopri come\" \/>\n<meta name=\"robots\" content=\"index, follow, max-snippet:-1, max-image-preview:large, max-video-preview:-1\" \/>\n<link rel=\"canonical\" href=\"https:\/\/www.sba.it\/en\/artists\/agazzi-ermenedildo-biografia-quadri-in-vendita-stima-perizia-certificata-dipinti-di-agazzi-ermenegildo\/\" \/>\n<meta property=\"og:locale\" content=\"en_US\" \/>\n<meta property=\"og:type\" content=\"article\" \/>\n<meta property=\"og:title\" content=\"Agazzi Ermenegildo (1866-1945). Biografia. Quadri in vendita\" \/>\n<meta property=\"og:description\" content=\"Agazzi Ermenegildo leggi la vita del pittore dell&#039;800, vendita e acquisto online dipinti dell&#039;800 di Ermenegildo Agazzi scopri come\" \/>\n<meta property=\"og:url\" content=\"https:\/\/www.sba.it\/en\/artists\/agazzi-ermenedildo-biografia-quadri-in-vendita-stima-perizia-certificata-dipinti-di-agazzi-ermenegildo\/\" \/>\n<meta property=\"og:site_name\" content=\"Societ\u00e0 di Belle Arti\" \/>\n<meta property=\"article:publisher\" content=\"https:\/\/www.facebook.com\/pitturaitaliana800e900\/\" \/>\n<meta property=\"article:modified_time\" content=\"2019-11-11T09:46:20+00:00\" \/>\n<meta property=\"og:image\" content=\"https:\/\/www.sba.it\/wp-content\/uploads\/2016\/10\/images_artisti_agazzi.jpg\" \/>\n\t<meta property=\"og:image:width\" content=\"300\" \/>\n\t<meta property=\"og:image:height\" content=\"339\" \/>\n\t<meta property=\"og:image:type\" content=\"image\/jpeg\" \/>\n<meta name=\"twitter:card\" content=\"summary_large_image\" \/>\n<meta name=\"twitter:site\" content=\"@SocietaArti\" \/>\n<meta name=\"twitter:label1\" content=\"Est. reading time\" \/>\n\t<meta name=\"twitter:data1\" content=\"2 minutes\" \/>\n<script type=\"application\/ld+json\" class=\"yoast-schema-graph\">{\"@context\":\"https:\\\/\\\/schema.org\",\"@graph\":[{\"@type\":\"WebPage\",\"@id\":\"https:\\\/\\\/www.sba.it\\\/en\\\/artists\\\/agazzi-ermenedildo-biografia-quadri-in-vendita-stima-perizia-certificata-dipinti-di-agazzi-ermenegildo\\\/\",\"url\":\"https:\\\/\\\/www.sba.it\\\/en\\\/artists\\\/agazzi-ermenedildo-biografia-quadri-in-vendita-stima-perizia-certificata-dipinti-di-agazzi-ermenegildo\\\/\",\"name\":\"Agazzi Ermenegildo (1866-1945). Biografia. Quadri in vendita\",\"isPartOf\":{\"@id\":\"https:\\\/\\\/www.sba.it\\\/#website\"},\"primaryImageOfPage\":{\"@id\":\"https:\\\/\\\/www.sba.it\\\/en\\\/artists\\\/agazzi-ermenedildo-biografia-quadri-in-vendita-stima-perizia-certificata-dipinti-di-agazzi-ermenegildo\\\/#primaryimage\"},\"image\":{\"@id\":\"https:\\\/\\\/www.sba.it\\\/en\\\/artists\\\/agazzi-ermenedildo-biografia-quadri-in-vendita-stima-perizia-certificata-dipinti-di-agazzi-ermenegildo\\\/#primaryimage\"},\"thumbnailUrl\":\"https:\\\/\\\/www.sba.it\\\/wp-content\\\/uploads\\\/2016\\\/10\\\/images_artisti_agazzi.jpg\",\"datePublished\":\"2016-10-18T08:02:16+00:00\",\"dateModified\":\"2019-11-11T09:46:20+00:00\",\"description\":\"Agazzi Ermenegildo leggi la vita del pittore dell'800, vendita e acquisto online dipinti dell'800 di Ermenegildo Agazzi scopri come\",\"breadcrumb\":{\"@id\":\"https:\\\/\\\/www.sba.it\\\/en\\\/artists\\\/agazzi-ermenedildo-biografia-quadri-in-vendita-stima-perizia-certificata-dipinti-di-agazzi-ermenegildo\\\/#breadcrumb\"},\"inLanguage\":\"en-US\",\"potentialAction\":[{\"@type\":\"ReadAction\",\"target\":[\"https:\\\/\\\/www.sba.it\\\/en\\\/artists\\\/agazzi-ermenedildo-biografia-quadri-in-vendita-stima-perizia-certificata-dipinti-di-agazzi-ermenegildo\\\/\"]}]},{\"@type\":\"ImageObject\",\"inLanguage\":\"en-US\",\"@id\":\"https:\\\/\\\/www.sba.it\\\/en\\\/artists\\\/agazzi-ermenedildo-biografia-quadri-in-vendita-stima-perizia-certificata-dipinti-di-agazzi-ermenegildo\\\/#primaryimage\",\"url\":\"https:\\\/\\\/www.sba.it\\\/wp-content\\\/uploads\\\/2016\\\/10\\\/images_artisti_agazzi.jpg\",\"contentUrl\":\"https:\\\/\\\/www.sba.it\\\/wp-content\\\/uploads\\\/2016\\\/10\\\/images_artisti_agazzi.jpg\",\"width\":300,\"height\":339,\"caption\":\"autoritratto di ermenegildo agazzi\"},{\"@type\":\"BreadcrumbList\",\"@id\":\"https:\\\/\\\/www.sba.it\\\/en\\\/artists\\\/agazzi-ermenedildo-biografia-quadri-in-vendita-stima-perizia-certificata-dipinti-di-agazzi-ermenegildo\\\/#breadcrumb\",\"itemListElement\":[{\"@type\":\"ListItem\",\"position\":1,\"name\":\"Home\",\"item\":\"https:\\\/\\\/www.sba.it\\\/en\\\/\"},{\"@type\":\"ListItem\",\"position\":2,\"name\":\"Artists\",\"item\":\"https:\\\/\\\/www.sba.it\\\/en\\\/artists\\\/\"},{\"@type\":\"ListItem\",\"position\":3,\"name\":\"Agazzi Ermenegildo (1866-1945). Biografia.\"}]},{\"@type\":\"WebSite\",\"@id\":\"https:\\\/\\\/www.sba.it\\\/#website\",\"url\":\"https:\\\/\\\/www.sba.it\\\/\",\"name\":\"Societ\u00e0 di Belle Arti\",\"description\":\"Quadri macchiaioli e del 800 e 900 in vendita\",\"publisher\":{\"@id\":\"https:\\\/\\\/www.sba.it\\\/#organization\"},\"potentialAction\":[{\"@type\":\"SearchAction\",\"target\":{\"@type\":\"EntryPoint\",\"urlTemplate\":\"https:\\\/\\\/www.sba.it\\\/?s={search_term_string}\"},\"query-input\":{\"@type\":\"PropertyValueSpecification\",\"valueRequired\":true,\"valueName\":\"search_term_string\"}}],\"inLanguage\":\"en-US\"},{\"@type\":\"Organization\",\"@id\":\"https:\\\/\\\/www.sba.it\\\/#organization\",\"name\":\"Societ\u00e0 di Belle Arti\",\"url\":\"https:\\\/\\\/www.sba.it\\\/\",\"logo\":{\"@type\":\"ImageObject\",\"inLanguage\":\"en-US\",\"@id\":\"https:\\\/\\\/www.sba.it\\\/#\\\/schema\\\/logo\\\/image\\\/\",\"url\":\"https:\\\/\\\/www.sba.it\\\/wp-content\\\/uploads\\\/2019\\\/04\\\/Logo-rosso_nero.png\",\"contentUrl\":\"https:\\\/\\\/www.sba.it\\\/wp-content\\\/uploads\\\/2019\\\/04\\\/Logo-rosso_nero.png\",\"width\":2532,\"height\":1137,\"caption\":\"Societ\u00e0 di Belle Arti\"},\"image\":{\"@id\":\"https:\\\/\\\/www.sba.it\\\/#\\\/schema\\\/logo\\\/image\\\/\"},\"sameAs\":[\"https:\\\/\\\/www.facebook.com\\\/pitturaitaliana800e900\\\/\",\"https:\\\/\\\/x.com\\\/SocietaArti\",\"https:\\\/\\\/www.instagram.com\\\/societadibellearti\",\"https:\\\/\\\/www.linkedin.com\\\/in\\\/societ\u00e0-di-belle-arti-363aa8191\\\/\",\"https:\\\/\\\/www.youtube.com\\\/channel\\\/UC6fJlk-ajwhsnEIICATyXaQ\"]}]}<\/script>\n<!-- \/ Yoast SEO plugin. -->","yoast_head_json":{"title":"Agazzi Ermenegildo (1866-1945). Biografia. Quadri in vendita","description":"Agazzi Ermenegildo leggi la vita del pittore dell'800, vendita e acquisto online dipinti dell'800 di Ermenegildo Agazzi scopri come","robots":{"index":"index","follow":"follow","max-snippet":"max-snippet:-1","max-image-preview":"max-image-preview:large","max-video-preview":"max-video-preview:-1"},"canonical":"https:\/\/www.sba.it\/en\/artists\/agazzi-ermenedildo-biografia-quadri-in-vendita-stima-perizia-certificata-dipinti-di-agazzi-ermenegildo\/","og_locale":"en_US","og_type":"article","og_title":"Agazzi Ermenegildo (1866-1945). Biografia. Quadri in vendita","og_description":"Agazzi Ermenegildo leggi la vita del pittore dell'800, vendita e acquisto online dipinti dell'800 di Ermenegildo Agazzi scopri come","og_url":"https:\/\/www.sba.it\/en\/artists\/agazzi-ermenedildo-biografia-quadri-in-vendita-stima-perizia-certificata-dipinti-di-agazzi-ermenegildo\/","og_site_name":"Societ\u00e0 di Belle Arti","article_publisher":"https:\/\/www.facebook.com\/pitturaitaliana800e900\/","article_modified_time":"2019-11-11T09:46:20+00:00","og_image":[{"width":300,"height":339,"url":"https:\/\/www.sba.it\/wp-content\/uploads\/2016\/10\/images_artisti_agazzi.jpg","type":"image\/jpeg"}],"twitter_card":"summary_large_image","twitter_site":"@SocietaArti","twitter_misc":{"Est. reading time":"2 minutes"},"schema":{"@context":"https:\/\/schema.org","@graph":[{"@type":"WebPage","@id":"https:\/\/www.sba.it\/en\/artists\/agazzi-ermenedildo-biografia-quadri-in-vendita-stima-perizia-certificata-dipinti-di-agazzi-ermenegildo\/","url":"https:\/\/www.sba.it\/en\/artists\/agazzi-ermenedildo-biografia-quadri-in-vendita-stima-perizia-certificata-dipinti-di-agazzi-ermenegildo\/","name":"Agazzi Ermenegildo (1866-1945). Biografia. Quadri in vendita","isPartOf":{"@id":"https:\/\/www.sba.it\/#website"},"primaryImageOfPage":{"@id":"https:\/\/www.sba.it\/en\/artists\/agazzi-ermenedildo-biografia-quadri-in-vendita-stima-perizia-certificata-dipinti-di-agazzi-ermenegildo\/#primaryimage"},"image":{"@id":"https:\/\/www.sba.it\/en\/artists\/agazzi-ermenedildo-biografia-quadri-in-vendita-stima-perizia-certificata-dipinti-di-agazzi-ermenegildo\/#primaryimage"},"thumbnailUrl":"https:\/\/www.sba.it\/wp-content\/uploads\/2016\/10\/images_artisti_agazzi.jpg","datePublished":"2016-10-18T08:02:16+00:00","dateModified":"2019-11-11T09:46:20+00:00","description":"Agazzi Ermenegildo leggi la vita del pittore dell'800, vendita e acquisto online dipinti dell'800 di Ermenegildo Agazzi scopri come","breadcrumb":{"@id":"https:\/\/www.sba.it\/en\/artists\/agazzi-ermenedildo-biografia-quadri-in-vendita-stima-perizia-certificata-dipinti-di-agazzi-ermenegildo\/#breadcrumb"},"inLanguage":"en-US","potentialAction":[{"@type":"ReadAction","target":["https:\/\/www.sba.it\/en\/artists\/agazzi-ermenedildo-biografia-quadri-in-vendita-stima-perizia-certificata-dipinti-di-agazzi-ermenegildo\/"]}]},{"@type":"ImageObject","inLanguage":"en-US","@id":"https:\/\/www.sba.it\/en\/artists\/agazzi-ermenedildo-biografia-quadri-in-vendita-stima-perizia-certificata-dipinti-di-agazzi-ermenegildo\/#primaryimage","url":"https:\/\/www.sba.it\/wp-content\/uploads\/2016\/10\/images_artisti_agazzi.jpg","contentUrl":"https:\/\/www.sba.it\/wp-content\/uploads\/2016\/10\/images_artisti_agazzi.jpg","width":300,"height":339,"caption":"autoritratto di ermenegildo agazzi"},{"@type":"BreadcrumbList","@id":"https:\/\/www.sba.it\/en\/artists\/agazzi-ermenedildo-biografia-quadri-in-vendita-stima-perizia-certificata-dipinti-di-agazzi-ermenegildo\/#breadcrumb","itemListElement":[{"@type":"ListItem","position":1,"name":"Home","item":"https:\/\/www.sba.it\/en\/"},{"@type":"ListItem","position":2,"name":"Artists","item":"https:\/\/www.sba.it\/en\/artists\/"},{"@type":"ListItem","position":3,"name":"Agazzi Ermenegildo (1866-1945). Biografia."}]},{"@type":"WebSite","@id":"https:\/\/www.sba.it\/#website","url":"https:\/\/www.sba.it\/","name":"Societ\u00e0 di Belle Arti","description":"Quadri macchiaioli e del 800 e 900 in vendita","publisher":{"@id":"https:\/\/www.sba.it\/#organization"},"potentialAction":[{"@type":"SearchAction","target":{"@type":"EntryPoint","urlTemplate":"https:\/\/www.sba.it\/?s={search_term_string}"},"query-input":{"@type":"PropertyValueSpecification","valueRequired":true,"valueName":"search_term_string"}}],"inLanguage":"en-US"},{"@type":"Organization","@id":"https:\/\/www.sba.it\/#organization","name":"Societ\u00e0 di Belle Arti","url":"https:\/\/www.sba.it\/","logo":{"@type":"ImageObject","inLanguage":"en-US","@id":"https:\/\/www.sba.it\/#\/schema\/logo\/image\/","url":"https:\/\/www.sba.it\/wp-content\/uploads\/2019\/04\/Logo-rosso_nero.png","contentUrl":"https:\/\/www.sba.it\/wp-content\/uploads\/2019\/04\/Logo-rosso_nero.png","width":2532,"height":1137,"caption":"Societ\u00e0 di Belle Arti"},"image":{"@id":"https:\/\/www.sba.it\/#\/schema\/logo\/image\/"},"sameAs":["https:\/\/www.facebook.com\/pitturaitaliana800e900\/","https:\/\/x.com\/SocietaArti","https:\/\/www.instagram.com\/societadibellearti","https:\/\/www.linkedin.com\/in\/societ\u00e0-di-belle-arti-363aa8191\/","https:\/\/www.youtube.com\/channel\/UC6fJlk-ajwhsnEIICATyXaQ"]}]}},"_links":{"self":[{"href":"https:\/\/www.sba.it\/en\/wp-json\/wp\/v2\/pages\/74622","targetHints":{"allow":["GET"]}}],"collection":[{"href":"https:\/\/www.sba.it\/en\/wp-json\/wp\/v2\/pages"}],"about":[{"href":"https:\/\/www.sba.it\/en\/wp-json\/wp\/v2\/types\/page"}],"author":[{"embeddable":true,"href":"https:\/\/www.sba.it\/en\/wp-json\/wp\/v2\/users\/2"}],"replies":[{"embeddable":true,"href":"https:\/\/www.sba.it\/en\/wp-json\/wp\/v2\/comments?post=74622"}],"version-history":[{"count":3,"href":"https:\/\/www.sba.it\/en\/wp-json\/wp\/v2\/pages\/74622\/revisions"}],"predecessor-version":[{"id":83201,"href":"https:\/\/www.sba.it\/en\/wp-json\/wp\/v2\/pages\/74622\/revisions\/83201"}],"up":[{"embeddable":true,"href":"https:\/\/www.sba.it\/en\/wp-json\/wp\/v2\/pages\/73496"}],"wp:featuredmedia":[{"embeddable":true,"href":"https:\/\/www.sba.it\/en\/wp-json\/wp\/v2\/media\/2129"}],"wp:attachment":[{"href":"https:\/\/www.sba.it\/en\/wp-json\/wp\/v2\/media?parent=74622"}],"curies":[{"name":"wp","href":"https:\/\/api.w.org\/{rel}","templated":true}]}}