{"id":74312,"date":"2014-04-29T10:25:44","date_gmt":"2014-04-29T08:25:44","guid":{"rendered":"http:\/\/www.sba.it\/longoni-emilio-biografia-quadri-in-vendita-valutazione-stima-perizia-certificata-di-dipinti-di-longoni-emilio\/"},"modified":"2019-06-18T11:30:39","modified_gmt":"2019-06-18T09:30:39","slug":"longoni-emilio-biografia-quadri-in-vendita-valutazione-stima-perizia-certificata-di-dipinti-di-longoni-emilio","status":"publish","type":"page","link":"https:\/\/www.sba.it\/en\/artists\/longoni-emilio-biografia-quadri-in-vendita-valutazione-stima-perizia-certificata-di-dipinti-di-longoni-emilio\/","title":{"rendered":"Longoni Emilio (1859-1932). Biografia. Quadri in vendita."},"content":{"rendered":"<p>&nbsp;<\/p>\n<p>&nbsp;<\/p>\n<p><img decoding=\"async\" class=\" alignleft size-full wp-image-1675\" style=\"margin-right: 20px; float: left;\" src=\"http:\/\/www.sba.it\/wp-content\/uploads\/2014\/04\/images_artisti_Emilio-Longoni.jpg\" alt=\"Emilio-Longoni\" width=\"219\" height=\"435\" srcset=\"https:\/\/www.sba.it\/wp-content\/uploads\/2014\/04\/images_artisti_Emilio-Longoni.jpg 300w, https:\/\/www.sba.it\/wp-content\/uploads\/2014\/04\/images_artisti_Emilio-Longoni-151x300.jpg 151w\" sizes=\"(max-width: 219px) 100vw, 219px\" \/><\/p>\n<p>Emilio Longoni \u00a0nasce a Barlassina il 9 luglio.<\/p>\n<p>E&#8217; il quartogenito di dodici figli.<\/p>\n<p>Suo padre Matteo, originario di Mariano, vanta un passato di garibaldino e gestisce una bottega di maniscalco nello stesso edificio dove alloggia l&#8217;intera famiglia, all&#8217;angolo tra l&#8217;allora corso Vittorio Emanuele (oggi corso Milano) e la via Arcipretura (oggi via San Giulio).<\/p>\n<p>La madre Luigia, appartenente a una famiglia contadina del posto, va avviandosi a una modesta attivit\u00e0 di sarta e cucitrice che la sottrarr\u00e0 al lavoro nei campi.<\/p>\n<p>1865-1874<\/p>\n<p>A Barlassina inizia a frequentare la scuola elementare.<\/p>\n<p>Adolescente, seguendo la medesima sorte che la necessit\u00e0 ha gi\u00e0 imposto ai suoi fratelli maggiori, si reca a Milano con il\u00a0 padre in cerca di lavoro.<\/p>\n<p>Dapprima garzone presso un sensale di vini, passa quindi di lavoro in lavoro sperimentando i maltrattamenti e la durezza di occupazioni umili e precarie.<\/p>\n<p>A porre termine alle fughe del giovane dalla citt\u00e0, per raggiungere la famiglia che tuttavia non pu\u00f2 accoglierlo, sar\u00e0 infine la decisione dei genitori di affidarlo ad un pittore milanese di cartelloni da piazza , nella speranza di avviarlo a un mestiere che possa in qualche modo assecondare la sua inclinazione artistica.<\/p>\n<p>1875-1878<\/p>\n<p>Grazie alla presentazione del suo nuovo datore di lavoro, Longoni si iscrive alla scuola serale di disegno dell&#8217;<a href=\"https:\/\/www.accademiadibrera.milano.it\/\">Accademia di Brera<\/a> e l&#8217;anno seguente segue i corsi regolari che frequenter\u00e0 \u00a0con molti riconoscimenti a dar merito di un&#8217;istruzione artistica tenacemente perseguita, seppur gravata dalla continua necessit\u00e0 di guadagnarsi da vivere.<\/p>\n<p>Dal 1878, dipinge ante di mobili con nature morte ed esegue pannelli decorativi per il giovane ebanista Carlo Bugatti, suo amico e gi\u00e0 compagno di studi braidensi; egli si industria anche dipingendo giocattoli, trottole e marionette, e specializzandosi nella riproduzione artistica di ritratti fotografici.<\/p>\n<p>&nbsp;<\/p>\n<p>1880-1881<\/p>\n<p>Conclusa la propria formazione accademica, Emilio Longoni affronta il debutto sulla scena espositiva presentando due opere dipinte a Barlassina all&#8217;annuale mostra di Brera; le tele passano per\u00f2 inosservate. L&#8217;amarezza causata da questa esperienza, unita a una delusione amorosa e alle difficolt\u00e0 economiche particolarmente acute, determina uno stato di crescente inquietudine che lo porta a fuggire da Milano per recarsi a Napoli, dove si presenta a Domenico Morelli, convinto di poter essere accolto alla scuola del maestro, ma subendo invece un nuovo rifiuto.<\/p>\n<p>Le crescenti difficolt\u00e0 lo inducono a chiedere l&#8217;aiuto finanziario di un parente per fare ritorno a Milano, dove si industria come imbianchino e decoratore.<\/p>\n<p>&nbsp;<\/p>\n<p>1882-1887<\/p>\n<p>Nei primi mesi del 1882 incontra Giovanni Segantini, gi\u00e0 compagno durante gli studi braidensi, che lo presenta ai fratelli Alberto e <a href=\"http:\/\/www.sba.it\/grubicy-de-dragon-vittore-biografia-quadri-in-vendita-postmacchiaioli-valutazione-stima-perizia-certificata-di-dipinti-di-grubicy-de-dragon-vittore\/\">Vittore Grubicy<\/a>, titolari di una galleria d&#8217;arte attiva nella promozione di giovani artisti; sar\u00e0 Vittore a proporre a Longoni di unirsi a Segantini, che gi\u00e0 gode dell&#8217;appoggio della galleria, per recarsi insieme a lui a Pusiano, in Brianza e, successivamente, a Carella, sul lago di Segrino, dove i due potranno lavorare insieme a sue spese, avviando un sodalizio umano e artistico che tuttavia non impedisce loro di sviluppare autonome strade di ricerca.<\/p>\n<p>Ci\u00f2 nonostante, nel 1884, il desiderio di prendere le distanze dalla situazione ambigua e umiliante che il sempre pi\u00f9 esplicito sostegno fornito da Vittore Grubicy a <a href=\"http:\/\/www.sba.it\/segantini-giovanni-biografia-quadri-in-vendita-valutazione-stima-perizia-certificata-di-dipinti-di-segantini-giovanni\/\">Segantini<\/a> va creando a suo discapito, lo spinge a tornare a Milano; per ragioni di promozione e di mercato infatti il gallerista ha apposto, in pi\u00f9 di un&#8217;occasione la sigla di Segantini anche ad alcune delle tele eseguite , in realt\u00e0, dal suo compagno Longoni, durante i mesi di lavoro comune in Brianza.<\/p>\n<p>Nel 1866, Longoni riesce finalmente a permettersi l&#8217;affitto di uno studio proprio in via Stella, l&#8217;attuale via Corridoni.<\/p>\n<p>Per mantenersi si specializza nella realizzazione di copie dei dipinti antichi della Pinacoteca di Brera.<\/p>\n<p>In questi stessi anni entra negli\u00a0 \u00a0ambienti dell&#8217;aristocrazia e della borghesia milanese; ha cos\u00ec avvio per il pittore una prima stagione di importanti committenze, soprattutto per ritratti e nature morte, generi tuttavia non esclusivi.<\/p>\n<p>&nbsp;<\/p>\n<p>1888-1889<\/p>\n<p>Nel 1888 la presentazione di <em>Chiusi fuori dalla scuola<\/em> all&#8217;annuale esposizione di Brera ne rivela l&#8217;interesse a una resa dal vero attenta ai contenuti sociali.<\/p>\n<p>L&#8217;opera \u00e8 acquistata dall&#8217;industriale Pietro Curletti, che insieme all&#8217;imprenditore Ignazio Gr\u00fcn diviene tra i pi\u00f9 fedeli committenti e sostenitori del pittore.<\/p>\n<p>Nel 1891 partecipa alla Prima Triennale di Brera con opere che lo mettono in luce agli occhi del pubblico e della critica, rivelandone l&#8217;intenso cammino di maturazione umana e artistica.<\/p>\n<p>Fondamentale, oltre alle appassionate letture da autodidatta, la frequentazione di alcuni personaggi di spicco della cultura progressista che vanno traducendosi sul piano artistico nel progressivo avvicinamento ai modi della pittura divisa.<\/p>\n<p>Nel 1899, presenta alla esposizione di Venezia una tela che non viene ammessa per l&#8217;eccessivo ritardo con cui il pittore invia le pratiche relative all&#8217;opera.<\/p>\n<p>Il quadro mostra Longoni ormai incamminato verso il progressivo schiarimento della propria tavolozza, alla ricerca di una materia pittorica alleggerita e luminosa, dove i modi della pittura divisa si piegano a esprimere atmosfere evocative di segno simbolista.<\/p>\n<p>Ai temi di denuncia sociale gi\u00e0 frequentati si sostituisce la crescente attenzione per il paesaggio, mentre sul piano tecnico l&#8217;artista va riscoprendo l&#8217;uso del pennello.<\/p>\n<p>&nbsp;<\/p>\n<p>1900-1932<\/p>\n<p>Nel Novecento, presente non senza polemiche alle maggiori esposizioni nazionali e internazionali, arrivando a rifiutare nel 1906 il Premio Principe Umberto a Brera, l&#8217;artista va maturando un crescente desiderio di contatto con la natura e di ascesi che lo porta ad avvicinarsi al buddismo e ad allontanarsi sempre pi\u00f9 spesso dalla citt\u00e0 per trascorrere lunghi periodi di lavoro in montagna, anche in alta quota, dove esegue numerosi studi dal vero destinati ad essere in seguito rielaborati in studio nel grande formato.<\/p>\n<p>Lo scoppio della guerra vede Longoni rinchiudersi ancora di pi\u00f9 in se stesso.<\/p>\n<p>Inoltre, l&#8217;et\u00e0 gli va ormai impedendo di spingersi ancora in alta quota, mentre la ricerca pittorica approda alla rappresentazione di paesaggi smaterializzati, dove i volumi e le forme perdono ogni consistenza.<\/p>\n<p>Lontano dai circuiti di mercato e sempre pi\u00f9 appartato dalla scena espositiva, lavora per una stretta cerchia di estimatori con i quali \u00e8 in contatto diretto.<\/p>\n<p>Nel 1928, invitato a prendere parte alla Biennale di Venezia, declina l&#8217;offerta sentendosi ormai estraneo alle regole che governano i meccanismi espositivi.<\/p>\n<p>In questo stesso anno sposa la compagna di sempre, Fiorenza De Gaspari.<\/p>\n<p>Emilio Longoni muore nel proprio studio il 29 novembre 1932.<\/p>\n<p>La tomba si trova\u00a0 nel <a href=\"https:\/\/www.comune.milano.it\/aree-tematiche\/cultura\/musei-e-spazi-espositivi-informazioni\">Cimitero Monumentale di Milano<\/a>.<\/p>\n<p>&nbsp;<\/p>\n<p>(T. Marchesi in G.Ginex, <em>Emilio Longoni. 2 collezioni<\/em>, catalogo della mostra, Skira, Milano, 2009, p.161).<\/p>\n<p>&nbsp;<\/p>\n<h3 style=\"font-size: 12pt;\"><a href=\"https:\/\/www.sba.it\/en\/excellence\/\"><strong>CATALOGO OPERE<\/strong>\u00a0|<\/a>\u00a0<a href=\"https:\/\/www.sba.it\/en\/to-sell\/\">V<strong>UOI VENDERE O COMPRARE UN QUADRO DI QUESTO ARTISTA?<\/strong><\/a><\/h3>\n","protected":false},"excerpt":{"rendered":"<p>&nbsp; &nbsp; Emilio Longoni \u00a0nasce a Barlassina il 9 luglio. E&#8217; il quartogenito di dodici figli. Suo padre Matteo, originario [&hellip;]<\/p>\n","protected":false},"author":2,"featured_media":1677,"parent":73496,"menu_order":119,"comment_status":"closed","ping_status":"closed","template":"","meta":{"_monsterinsights_skip_tracking":false,"_monsterinsights_sitenote_active":false,"_monsterinsights_sitenote_note":"","_monsterinsights_sitenote_category":0,"footnotes":""},"class_list":["post-74312","page","type-page","status-publish","has-post-thumbnail","hentry","page_category-artists"],"yoast_head":"<!-- This site is optimized with the Yoast SEO plugin v27.4 - https:\/\/yoast.com\/product\/yoast-seo-wordpress\/ -->\n<title>Longoni Emilio (1859-1932). Biografia. Quadri in vendita.<\/title>\n<meta name=\"description\" content=\"Emilio Longoni biografia e quadri in vendita 800 900 e macchiaioli Societ\u00e0 di Belle Arti Viareggio pittura lombarda dell&#039;800 divisionismo\" \/>\n<meta name=\"robots\" content=\"index, follow, max-snippet:-1, max-image-preview:large, max-video-preview:-1\" \/>\n<link rel=\"canonical\" href=\"https:\/\/www.sba.it\/en\/artists\/longoni-emilio-biografia-quadri-in-vendita-valutazione-stima-perizia-certificata-di-dipinti-di-longoni-emilio\/\" \/>\n<meta property=\"og:locale\" content=\"en_US\" \/>\n<meta property=\"og:type\" content=\"article\" \/>\n<meta property=\"og:title\" content=\"Longoni Emilio (1859-1932). Biografia. Quadri in vendita.\" \/>\n<meta property=\"og:description\" content=\"Emilio Longoni biografia e quadri in vendita 800 900 e macchiaioli Societ\u00e0 di Belle Arti Viareggio pittura lombarda dell&#039;800 divisionismo\" \/>\n<meta property=\"og:url\" content=\"https:\/\/www.sba.it\/en\/artists\/longoni-emilio-biografia-quadri-in-vendita-valutazione-stima-perizia-certificata-di-dipinti-di-longoni-emilio\/\" \/>\n<meta property=\"og:site_name\" content=\"Societ\u00e0 di Belle Arti\" \/>\n<meta property=\"article:publisher\" content=\"https:\/\/www.facebook.com\/pitturaitaliana800e900\/\" \/>\n<meta property=\"article:modified_time\" content=\"2019-06-18T09:30:39+00:00\" \/>\n<meta property=\"og:image\" content=\"https:\/\/www.sba.it\/wp-content\/uploads\/2014\/04\/images_artisti_Emilio-Longoni.jpg\" \/>\n\t<meta property=\"og:image:width\" content=\"300\" \/>\n\t<meta property=\"og:image:height\" content=\"596\" \/>\n\t<meta property=\"og:image:type\" content=\"image\/jpeg\" \/>\n<meta name=\"twitter:card\" content=\"summary_large_image\" \/>\n<meta name=\"twitter:site\" content=\"@SocietaArti\" \/>\n<meta name=\"twitter:label1\" content=\"Est. reading time\" \/>\n\t<meta name=\"twitter:data1\" content=\"5 minutes\" \/>\n<script type=\"application\/ld+json\" class=\"yoast-schema-graph\">{\"@context\":\"https:\\\/\\\/schema.org\",\"@graph\":[{\"@type\":\"WebPage\",\"@id\":\"https:\\\/\\\/www.sba.it\\\/en\\\/artists\\\/longoni-emilio-biografia-quadri-in-vendita-valutazione-stima-perizia-certificata-di-dipinti-di-longoni-emilio\\\/\",\"url\":\"https:\\\/\\\/www.sba.it\\\/en\\\/artists\\\/longoni-emilio-biografia-quadri-in-vendita-valutazione-stima-perizia-certificata-di-dipinti-di-longoni-emilio\\\/\",\"name\":\"Longoni Emilio (1859-1932). Biografia. Quadri in vendita.\",\"isPartOf\":{\"@id\":\"https:\\\/\\\/www.sba.it\\\/#website\"},\"primaryImageOfPage\":{\"@id\":\"https:\\\/\\\/www.sba.it\\\/en\\\/artists\\\/longoni-emilio-biografia-quadri-in-vendita-valutazione-stima-perizia-certificata-di-dipinti-di-longoni-emilio\\\/#primaryimage\"},\"image\":{\"@id\":\"https:\\\/\\\/www.sba.it\\\/en\\\/artists\\\/longoni-emilio-biografia-quadri-in-vendita-valutazione-stima-perizia-certificata-di-dipinti-di-longoni-emilio\\\/#primaryimage\"},\"thumbnailUrl\":\"https:\\\/\\\/www.sba.it\\\/wp-content\\\/uploads\\\/2014\\\/04\\\/images_artisti_Emilio-Longoni.jpg\",\"datePublished\":\"2014-04-29T08:25:44+00:00\",\"dateModified\":\"2019-06-18T09:30:39+00:00\",\"description\":\"Emilio Longoni biografia e quadri in vendita 800 900 e macchiaioli Societ\u00e0 di Belle Arti Viareggio pittura lombarda dell'800 divisionismo\",\"breadcrumb\":{\"@id\":\"https:\\\/\\\/www.sba.it\\\/en\\\/artists\\\/longoni-emilio-biografia-quadri-in-vendita-valutazione-stima-perizia-certificata-di-dipinti-di-longoni-emilio\\\/#breadcrumb\"},\"inLanguage\":\"en-US\",\"potentialAction\":[{\"@type\":\"ReadAction\",\"target\":[\"https:\\\/\\\/www.sba.it\\\/en\\\/artists\\\/longoni-emilio-biografia-quadri-in-vendita-valutazione-stima-perizia-certificata-di-dipinti-di-longoni-emilio\\\/\"]}]},{\"@type\":\"ImageObject\",\"inLanguage\":\"en-US\",\"@id\":\"https:\\\/\\\/www.sba.it\\\/en\\\/artists\\\/longoni-emilio-biografia-quadri-in-vendita-valutazione-stima-perizia-certificata-di-dipinti-di-longoni-emilio\\\/#primaryimage\",\"url\":\"https:\\\/\\\/www.sba.it\\\/wp-content\\\/uploads\\\/2014\\\/04\\\/images_artisti_Emilio-Longoni.jpg\",\"contentUrl\":\"https:\\\/\\\/www.sba.it\\\/wp-content\\\/uploads\\\/2014\\\/04\\\/images_artisti_Emilio-Longoni.jpg\",\"width\":300,\"height\":596,\"caption\":\"Foto di Emilio Longoni\"},{\"@type\":\"BreadcrumbList\",\"@id\":\"https:\\\/\\\/www.sba.it\\\/en\\\/artists\\\/longoni-emilio-biografia-quadri-in-vendita-valutazione-stima-perizia-certificata-di-dipinti-di-longoni-emilio\\\/#breadcrumb\",\"itemListElement\":[{\"@type\":\"ListItem\",\"position\":1,\"name\":\"Home\",\"item\":\"https:\\\/\\\/www.sba.it\\\/en\\\/\"},{\"@type\":\"ListItem\",\"position\":2,\"name\":\"Artists\",\"item\":\"https:\\\/\\\/www.sba.it\\\/en\\\/artists\\\/\"},{\"@type\":\"ListItem\",\"position\":3,\"name\":\"Longoni Emilio (1859-1932). Biografia. Quadri in vendita.\"}]},{\"@type\":\"WebSite\",\"@id\":\"https:\\\/\\\/www.sba.it\\\/#website\",\"url\":\"https:\\\/\\\/www.sba.it\\\/\",\"name\":\"Societ\u00e0 di Belle Arti\",\"description\":\"Quadri macchiaioli e del 800 e 900 in vendita\",\"publisher\":{\"@id\":\"https:\\\/\\\/www.sba.it\\\/#organization\"},\"potentialAction\":[{\"@type\":\"SearchAction\",\"target\":{\"@type\":\"EntryPoint\",\"urlTemplate\":\"https:\\\/\\\/www.sba.it\\\/?s={search_term_string}\"},\"query-input\":{\"@type\":\"PropertyValueSpecification\",\"valueRequired\":true,\"valueName\":\"search_term_string\"}}],\"inLanguage\":\"en-US\"},{\"@type\":\"Organization\",\"@id\":\"https:\\\/\\\/www.sba.it\\\/#organization\",\"name\":\"Societ\u00e0 di Belle Arti\",\"url\":\"https:\\\/\\\/www.sba.it\\\/\",\"logo\":{\"@type\":\"ImageObject\",\"inLanguage\":\"en-US\",\"@id\":\"https:\\\/\\\/www.sba.it\\\/#\\\/schema\\\/logo\\\/image\\\/\",\"url\":\"https:\\\/\\\/www.sba.it\\\/wp-content\\\/uploads\\\/2019\\\/04\\\/Logo-rosso_nero.png\",\"contentUrl\":\"https:\\\/\\\/www.sba.it\\\/wp-content\\\/uploads\\\/2019\\\/04\\\/Logo-rosso_nero.png\",\"width\":2532,\"height\":1137,\"caption\":\"Societ\u00e0 di Belle Arti\"},\"image\":{\"@id\":\"https:\\\/\\\/www.sba.it\\\/#\\\/schema\\\/logo\\\/image\\\/\"},\"sameAs\":[\"https:\\\/\\\/www.facebook.com\\\/pitturaitaliana800e900\\\/\",\"https:\\\/\\\/x.com\\\/SocietaArti\",\"https:\\\/\\\/www.instagram.com\\\/societadibellearti\",\"https:\\\/\\\/www.linkedin.com\\\/in\\\/societ\u00e0-di-belle-arti-363aa8191\\\/\",\"https:\\\/\\\/www.youtube.com\\\/channel\\\/UC6fJlk-ajwhsnEIICATyXaQ\"]}]}<\/script>\n<!-- \/ Yoast SEO plugin. -->","yoast_head_json":{"title":"Longoni Emilio (1859-1932). Biografia. Quadri in vendita.","description":"Emilio Longoni biografia e quadri in vendita 800 900 e macchiaioli Societ\u00e0 di Belle Arti Viareggio pittura lombarda dell'800 divisionismo","robots":{"index":"index","follow":"follow","max-snippet":"max-snippet:-1","max-image-preview":"max-image-preview:large","max-video-preview":"max-video-preview:-1"},"canonical":"https:\/\/www.sba.it\/en\/artists\/longoni-emilio-biografia-quadri-in-vendita-valutazione-stima-perizia-certificata-di-dipinti-di-longoni-emilio\/","og_locale":"en_US","og_type":"article","og_title":"Longoni Emilio (1859-1932). Biografia. Quadri in vendita.","og_description":"Emilio Longoni biografia e quadri in vendita 800 900 e macchiaioli Societ\u00e0 di Belle Arti Viareggio pittura lombarda dell'800 divisionismo","og_url":"https:\/\/www.sba.it\/en\/artists\/longoni-emilio-biografia-quadri-in-vendita-valutazione-stima-perizia-certificata-di-dipinti-di-longoni-emilio\/","og_site_name":"Societ\u00e0 di Belle Arti","article_publisher":"https:\/\/www.facebook.com\/pitturaitaliana800e900\/","article_modified_time":"2019-06-18T09:30:39+00:00","og_image":[{"width":300,"height":596,"url":"https:\/\/www.sba.it\/wp-content\/uploads\/2014\/04\/images_artisti_Emilio-Longoni.jpg","type":"image\/jpeg"}],"twitter_card":"summary_large_image","twitter_site":"@SocietaArti","twitter_misc":{"Est. reading time":"5 minutes"},"schema":{"@context":"https:\/\/schema.org","@graph":[{"@type":"WebPage","@id":"https:\/\/www.sba.it\/en\/artists\/longoni-emilio-biografia-quadri-in-vendita-valutazione-stima-perizia-certificata-di-dipinti-di-longoni-emilio\/","url":"https:\/\/www.sba.it\/en\/artists\/longoni-emilio-biografia-quadri-in-vendita-valutazione-stima-perizia-certificata-di-dipinti-di-longoni-emilio\/","name":"Longoni Emilio (1859-1932). Biografia. Quadri in vendita.","isPartOf":{"@id":"https:\/\/www.sba.it\/#website"},"primaryImageOfPage":{"@id":"https:\/\/www.sba.it\/en\/artists\/longoni-emilio-biografia-quadri-in-vendita-valutazione-stima-perizia-certificata-di-dipinti-di-longoni-emilio\/#primaryimage"},"image":{"@id":"https:\/\/www.sba.it\/en\/artists\/longoni-emilio-biografia-quadri-in-vendita-valutazione-stima-perizia-certificata-di-dipinti-di-longoni-emilio\/#primaryimage"},"thumbnailUrl":"https:\/\/www.sba.it\/wp-content\/uploads\/2014\/04\/images_artisti_Emilio-Longoni.jpg","datePublished":"2014-04-29T08:25:44+00:00","dateModified":"2019-06-18T09:30:39+00:00","description":"Emilio Longoni biografia e quadri in vendita 800 900 e macchiaioli Societ\u00e0 di Belle Arti Viareggio pittura lombarda dell'800 divisionismo","breadcrumb":{"@id":"https:\/\/www.sba.it\/en\/artists\/longoni-emilio-biografia-quadri-in-vendita-valutazione-stima-perizia-certificata-di-dipinti-di-longoni-emilio\/#breadcrumb"},"inLanguage":"en-US","potentialAction":[{"@type":"ReadAction","target":["https:\/\/www.sba.it\/en\/artists\/longoni-emilio-biografia-quadri-in-vendita-valutazione-stima-perizia-certificata-di-dipinti-di-longoni-emilio\/"]}]},{"@type":"ImageObject","inLanguage":"en-US","@id":"https:\/\/www.sba.it\/en\/artists\/longoni-emilio-biografia-quadri-in-vendita-valutazione-stima-perizia-certificata-di-dipinti-di-longoni-emilio\/#primaryimage","url":"https:\/\/www.sba.it\/wp-content\/uploads\/2014\/04\/images_artisti_Emilio-Longoni.jpg","contentUrl":"https:\/\/www.sba.it\/wp-content\/uploads\/2014\/04\/images_artisti_Emilio-Longoni.jpg","width":300,"height":596,"caption":"Foto di Emilio Longoni"},{"@type":"BreadcrumbList","@id":"https:\/\/www.sba.it\/en\/artists\/longoni-emilio-biografia-quadri-in-vendita-valutazione-stima-perizia-certificata-di-dipinti-di-longoni-emilio\/#breadcrumb","itemListElement":[{"@type":"ListItem","position":1,"name":"Home","item":"https:\/\/www.sba.it\/en\/"},{"@type":"ListItem","position":2,"name":"Artists","item":"https:\/\/www.sba.it\/en\/artists\/"},{"@type":"ListItem","position":3,"name":"Longoni Emilio (1859-1932). Biografia. Quadri in vendita."}]},{"@type":"WebSite","@id":"https:\/\/www.sba.it\/#website","url":"https:\/\/www.sba.it\/","name":"Societ\u00e0 di Belle Arti","description":"Quadri macchiaioli e del 800 e 900 in vendita","publisher":{"@id":"https:\/\/www.sba.it\/#organization"},"potentialAction":[{"@type":"SearchAction","target":{"@type":"EntryPoint","urlTemplate":"https:\/\/www.sba.it\/?s={search_term_string}"},"query-input":{"@type":"PropertyValueSpecification","valueRequired":true,"valueName":"search_term_string"}}],"inLanguage":"en-US"},{"@type":"Organization","@id":"https:\/\/www.sba.it\/#organization","name":"Societ\u00e0 di Belle Arti","url":"https:\/\/www.sba.it\/","logo":{"@type":"ImageObject","inLanguage":"en-US","@id":"https:\/\/www.sba.it\/#\/schema\/logo\/image\/","url":"https:\/\/www.sba.it\/wp-content\/uploads\/2019\/04\/Logo-rosso_nero.png","contentUrl":"https:\/\/www.sba.it\/wp-content\/uploads\/2019\/04\/Logo-rosso_nero.png","width":2532,"height":1137,"caption":"Societ\u00e0 di Belle Arti"},"image":{"@id":"https:\/\/www.sba.it\/#\/schema\/logo\/image\/"},"sameAs":["https:\/\/www.facebook.com\/pitturaitaliana800e900\/","https:\/\/x.com\/SocietaArti","https:\/\/www.instagram.com\/societadibellearti","https:\/\/www.linkedin.com\/in\/societ\u00e0-di-belle-arti-363aa8191\/","https:\/\/www.youtube.com\/channel\/UC6fJlk-ajwhsnEIICATyXaQ"]}]}},"_links":{"self":[{"href":"https:\/\/www.sba.it\/en\/wp-json\/wp\/v2\/pages\/74312","targetHints":{"allow":["GET"]}}],"collection":[{"href":"https:\/\/www.sba.it\/en\/wp-json\/wp\/v2\/pages"}],"about":[{"href":"https:\/\/www.sba.it\/en\/wp-json\/wp\/v2\/types\/page"}],"author":[{"embeddable":true,"href":"https:\/\/www.sba.it\/en\/wp-json\/wp\/v2\/users\/2"}],"replies":[{"embeddable":true,"href":"https:\/\/www.sba.it\/en\/wp-json\/wp\/v2\/comments?post=74312"}],"version-history":[{"count":4,"href":"https:\/\/www.sba.it\/en\/wp-json\/wp\/v2\/pages\/74312\/revisions"}],"predecessor-version":[{"id":84228,"href":"https:\/\/www.sba.it\/en\/wp-json\/wp\/v2\/pages\/74312\/revisions\/84228"}],"up":[{"embeddable":true,"href":"https:\/\/www.sba.it\/en\/wp-json\/wp\/v2\/pages\/73496"}],"wp:featuredmedia":[{"embeddable":true,"href":"https:\/\/www.sba.it\/en\/wp-json\/wp\/v2\/media\/1677"}],"wp:attachment":[{"href":"https:\/\/www.sba.it\/en\/wp-json\/wp\/v2\/media?parent=74312"}],"curies":[{"name":"wp","href":"https:\/\/api.w.org\/{rel}","templated":true}]}}