{"id":74274,"date":"2014-05-14T10:07:59","date_gmt":"2014-05-14T08:07:59","guid":{"rendered":"http:\/\/www.sba.it\/giovanni-migliara-biografia-quadri-in-vendita\/"},"modified":"2019-05-18T11:57:21","modified_gmt":"2019-05-18T09:57:21","slug":"giovanni-migliara-biografia-quadri-in-vendita","status":"publish","type":"page","link":"https:\/\/www.sba.it\/en\/artists\/giovanni-migliara-biografia-quadri-in-vendita\/","title":{"rendered":"Migliara Giovanni (1785-1837). Biografia. Quadri in vendita."},"content":{"rendered":"<p><img decoding=\"async\" class=\" alignleft size-full wp-image-1687\" style=\"margin-right: 20px; float: left;\" src=\"http:\/\/www.sba.it\/wp-content\/uploads\/2014\/05\/images_artisti_giovanni-migliara-quadri-in-vendita.jpg\" alt=\"giovanni-migliara-quadri-in-vendita\" width=\"300\" height=\"364\" srcset=\"https:\/\/www.sba.it\/wp-content\/uploads\/2014\/05\/images_artisti_giovanni-migliara-quadri-in-vendita.jpg 300w, https:\/\/www.sba.it\/wp-content\/uploads\/2014\/05\/images_artisti_giovanni-migliara-quadri-in-vendita-247x300.jpg 247w\" sizes=\"(max-width: 300px) 100vw, 300px\" \/>Giovanni Migliara , nacque ad Alessandria il 5 ottobre 1875.<\/p>\n<p>Figlio di un ebanista, fu un raffinato esecutore di miniature, prospettive, quadri storici e paesaggi.<\/p>\n<p>Studi\u00f2 all&#8217;<a href=\"https:\/\/www.accademiadibrera.milano.it\/\">Accademia di Brera<\/a> con l&#8217;Arbetolli e Bernardino Galliari dipingendo con quest&#8217;ultimo , nel 1804, le scene del <a href=\"https:\/\/www.teatrocarcano.com\/\">Teatro Carcano<\/a> a Milano.<\/p>\n<p>Lavor\u00f2 poi per quattro anni al Teatro la Scala.<\/p>\n<p>L&#8217;esperienza acquisita si sarebbe rivelata fondamentale nella produzione successiva, dando origine ad un genere di pittura intesa come rappresentazione del &#8220;teatro urbano&#8221;.<\/p>\n<p>Il suo esordio avvenne nel 1812 all&#8217;Esposizione di Brera presentando Vedute milanesi eveneziane.<\/p>\n<p>I frequenti viaggi nel Veneto, Toscana, Emilia, Piemonte e Italia Centrale gli offrirono spunti per la realizzazione di\u00a0 vedute colte dal vero o di fantasia.<\/p>\n<p>Si ricorda, a questo proposito, l&#8217;<em><span style=\"font-family: 'Calibri','sans-serif';\">Interno del Duomo di Milano<\/span><\/em>, <em><span style=\"font-family: 'Calibri','sans-serif';\">Interno di un monastero<\/span><\/em> e <em><span style=\"font-family: 'Calibri','sans-serif';\">Vestibolo di un convento di suore.<\/span><\/em><\/p>\n<p>A partire dal 1829, l&#8217;assidua partecipazione alle rassegne artistiche milanesi e torinesi contribu\u00ec ad accrescerne la popolarit\u00e0, assicurandogli la stima di Carlo Alberto che,nel 1833, gli confer\u00ec la nomina di\u00a0 &#8220;pittore di genere&#8221;.<\/p>\n<p>A Milano\u00a0 apr\u00ec\u00a0 una scuola di pittura nella quale si formarono numerosi seguaci.<\/p>\n<p>Giovanni Migliara mor\u00ec nel 1837.<\/p>\n<p>&nbsp;<\/p>\n<p>&nbsp;<\/p>\n<h3 style=\"font-size: 12pt;\"><a href=\"https:\/\/www.sba.it\/en\/excellence\/\"><strong>CATALOGO OPERE<\/strong>\u00a0|<\/a>\u00a0<a href=\"https:\/\/www.sba.it\/en\/to-sell\/\">V<strong>UOI VENDERE O COMPRARE UN QUADRO DI QUESTO ARTISTA?<\/strong><\/a><\/h3>\n","protected":false},"excerpt":{"rendered":"<p>Giovanni Migliara , nacque ad Alessandria il 5 ottobre 1875. Figlio di un ebanista, fu un raffinato esecutore di miniature, [&hellip;]<\/p>\n","protected":false},"author":2,"featured_media":1689,"parent":73496,"menu_order":116,"comment_status":"closed","ping_status":"closed","template":"","meta":{"_monsterinsights_skip_tracking":false,"_monsterinsights_sitenote_active":false,"_monsterinsights_sitenote_note":"","_monsterinsights_sitenote_category":0,"footnotes":""},"class_list":["post-74274","page","type-page","status-publish","has-post-thumbnail","hentry","page_category-artists"],"yoast_head":"<!-- This site is optimized with the Yoast SEO plugin v27.3 - https:\/\/yoast.com\/product\/yoast-seo-wordpress\/ -->\n<title>Migliara Giovanni (1785-1837). Biografia. Quadri in vendita.<\/title>\n<meta name=\"description\" content=\"Giovanni Migliara leggi la vita del pittore dell&#039;800, vendita e acquisto online quadri dell&#039;800 di Giovanni Migliara scopri come\" \/>\n<meta name=\"robots\" content=\"index, follow, max-snippet:-1, max-image-preview:large, max-video-preview:-1\" \/>\n<link rel=\"canonical\" href=\"https:\/\/www.sba.it\/en\/artists\/giovanni-migliara-biografia-quadri-in-vendita\/\" \/>\n<meta property=\"og:locale\" content=\"en_US\" \/>\n<meta property=\"og:type\" content=\"article\" \/>\n<meta property=\"og:title\" content=\"Migliara Giovanni (1785-1837). Biografia. Quadri in vendita.\" \/>\n<meta property=\"og:description\" content=\"Giovanni Migliara leggi la vita del pittore dell&#039;800, vendita e acquisto online quadri dell&#039;800 di Giovanni Migliara scopri come\" \/>\n<meta property=\"og:url\" content=\"https:\/\/www.sba.it\/en\/artists\/giovanni-migliara-biografia-quadri-in-vendita\/\" \/>\n<meta property=\"og:site_name\" content=\"Societ\u00e0 di Belle Arti\" \/>\n<meta property=\"article:publisher\" content=\"https:\/\/www.facebook.com\/pitturaitaliana800e900\/\" \/>\n<meta property=\"article:modified_time\" content=\"2019-05-18T09:57:21+00:00\" \/>\n<meta property=\"og:image\" content=\"https:\/\/www.sba.it\/wp-content\/uploads\/2014\/05\/images_artisti_giovanni-migliara-quadri-in-vendita.jpg\" \/>\n\t<meta property=\"og:image:width\" content=\"300\" \/>\n\t<meta property=\"og:image:height\" content=\"364\" \/>\n\t<meta property=\"og:image:type\" content=\"image\/jpeg\" \/>\n<meta name=\"twitter:card\" content=\"summary_large_image\" \/>\n<meta name=\"twitter:site\" content=\"@SocietaArti\" \/>\n<meta name=\"twitter:label1\" content=\"Est. reading time\" \/>\n\t<meta name=\"twitter:data1\" content=\"1 minute\" \/>\n<script type=\"application\/ld+json\" class=\"yoast-schema-graph\">{\"@context\":\"https:\\\/\\\/schema.org\",\"@graph\":[{\"@type\":\"WebPage\",\"@id\":\"https:\\\/\\\/www.sba.it\\\/en\\\/artists\\\/giovanni-migliara-biografia-quadri-in-vendita\\\/\",\"url\":\"https:\\\/\\\/www.sba.it\\\/en\\\/artists\\\/giovanni-migliara-biografia-quadri-in-vendita\\\/\",\"name\":\"Migliara Giovanni (1785-1837). Biografia. Quadri in vendita.\",\"isPartOf\":{\"@id\":\"https:\\\/\\\/www.sba.it\\\/#website\"},\"primaryImageOfPage\":{\"@id\":\"https:\\\/\\\/www.sba.it\\\/en\\\/artists\\\/giovanni-migliara-biografia-quadri-in-vendita\\\/#primaryimage\"},\"image\":{\"@id\":\"https:\\\/\\\/www.sba.it\\\/en\\\/artists\\\/giovanni-migliara-biografia-quadri-in-vendita\\\/#primaryimage\"},\"thumbnailUrl\":\"https:\\\/\\\/www.sba.it\\\/wp-content\\\/uploads\\\/2014\\\/05\\\/images_artisti_giovanni-migliara-quadri-in-vendita.jpg\",\"datePublished\":\"2014-05-14T08:07:59+00:00\",\"dateModified\":\"2019-05-18T09:57:21+00:00\",\"description\":\"Giovanni Migliara leggi la vita del pittore dell'800, vendita e acquisto online quadri dell'800 di Giovanni Migliara scopri come\",\"breadcrumb\":{\"@id\":\"https:\\\/\\\/www.sba.it\\\/en\\\/artists\\\/giovanni-migliara-biografia-quadri-in-vendita\\\/#breadcrumb\"},\"inLanguage\":\"en-US\",\"potentialAction\":[{\"@type\":\"ReadAction\",\"target\":[\"https:\\\/\\\/www.sba.it\\\/en\\\/artists\\\/giovanni-migliara-biografia-quadri-in-vendita\\\/\"]}]},{\"@type\":\"ImageObject\",\"inLanguage\":\"en-US\",\"@id\":\"https:\\\/\\\/www.sba.it\\\/en\\\/artists\\\/giovanni-migliara-biografia-quadri-in-vendita\\\/#primaryimage\",\"url\":\"https:\\\/\\\/www.sba.it\\\/wp-content\\\/uploads\\\/2014\\\/05\\\/images_artisti_giovanni-migliara-quadri-in-vendita.jpg\",\"contentUrl\":\"https:\\\/\\\/www.sba.it\\\/wp-content\\\/uploads\\\/2014\\\/05\\\/images_artisti_giovanni-migliara-quadri-in-vendita.jpg\",\"width\":300,\"height\":364,\"caption\":\"Autoritratto di Giovanni Migliara\"},{\"@type\":\"BreadcrumbList\",\"@id\":\"https:\\\/\\\/www.sba.it\\\/en\\\/artists\\\/giovanni-migliara-biografia-quadri-in-vendita\\\/#breadcrumb\",\"itemListElement\":[{\"@type\":\"ListItem\",\"position\":1,\"name\":\"Home\",\"item\":\"https:\\\/\\\/www.sba.it\\\/en\\\/\"},{\"@type\":\"ListItem\",\"position\":2,\"name\":\"Artists\",\"item\":\"https:\\\/\\\/www.sba.it\\\/en\\\/artists\\\/\"},{\"@type\":\"ListItem\",\"position\":3,\"name\":\"Migliara Giovanni (1785-1837). Biografia. Quadri in vendita.\"}]},{\"@type\":\"WebSite\",\"@id\":\"https:\\\/\\\/www.sba.it\\\/#website\",\"url\":\"https:\\\/\\\/www.sba.it\\\/\",\"name\":\"Societ\u00e0 di Belle Arti\",\"description\":\"Quadri macchiaioli e del 800 e 900 in vendita\",\"publisher\":{\"@id\":\"https:\\\/\\\/www.sba.it\\\/#organization\"},\"potentialAction\":[{\"@type\":\"SearchAction\",\"target\":{\"@type\":\"EntryPoint\",\"urlTemplate\":\"https:\\\/\\\/www.sba.it\\\/?s={search_term_string}\"},\"query-input\":{\"@type\":\"PropertyValueSpecification\",\"valueRequired\":true,\"valueName\":\"search_term_string\"}}],\"inLanguage\":\"en-US\"},{\"@type\":\"Organization\",\"@id\":\"https:\\\/\\\/www.sba.it\\\/#organization\",\"name\":\"Societ\u00e0 di Belle Arti\",\"url\":\"https:\\\/\\\/www.sba.it\\\/\",\"logo\":{\"@type\":\"ImageObject\",\"inLanguage\":\"en-US\",\"@id\":\"https:\\\/\\\/www.sba.it\\\/#\\\/schema\\\/logo\\\/image\\\/\",\"url\":\"https:\\\/\\\/www.sba.it\\\/wp-content\\\/uploads\\\/2019\\\/04\\\/Logo-rosso_nero.png\",\"contentUrl\":\"https:\\\/\\\/www.sba.it\\\/wp-content\\\/uploads\\\/2019\\\/04\\\/Logo-rosso_nero.png\",\"width\":2532,\"height\":1137,\"caption\":\"Societ\u00e0 di Belle Arti\"},\"image\":{\"@id\":\"https:\\\/\\\/www.sba.it\\\/#\\\/schema\\\/logo\\\/image\\\/\"},\"sameAs\":[\"https:\\\/\\\/www.facebook.com\\\/pitturaitaliana800e900\\\/\",\"https:\\\/\\\/x.com\\\/SocietaArti\",\"https:\\\/\\\/www.instagram.com\\\/societadibellearti\",\"https:\\\/\\\/www.linkedin.com\\\/in\\\/societ\u00e0-di-belle-arti-363aa8191\\\/\",\"https:\\\/\\\/www.youtube.com\\\/channel\\\/UC6fJlk-ajwhsnEIICATyXaQ\"]}]}<\/script>\n<!-- \/ Yoast SEO plugin. -->","yoast_head_json":{"title":"Migliara Giovanni (1785-1837). Biografia. Quadri in vendita.","description":"Giovanni Migliara leggi la vita del pittore dell'800, vendita e acquisto online quadri dell'800 di Giovanni Migliara scopri come","robots":{"index":"index","follow":"follow","max-snippet":"max-snippet:-1","max-image-preview":"max-image-preview:large","max-video-preview":"max-video-preview:-1"},"canonical":"https:\/\/www.sba.it\/en\/artists\/giovanni-migliara-biografia-quadri-in-vendita\/","og_locale":"en_US","og_type":"article","og_title":"Migliara Giovanni (1785-1837). Biografia. Quadri in vendita.","og_description":"Giovanni Migliara leggi la vita del pittore dell'800, vendita e acquisto online quadri dell'800 di Giovanni Migliara scopri come","og_url":"https:\/\/www.sba.it\/en\/artists\/giovanni-migliara-biografia-quadri-in-vendita\/","og_site_name":"Societ\u00e0 di Belle Arti","article_publisher":"https:\/\/www.facebook.com\/pitturaitaliana800e900\/","article_modified_time":"2019-05-18T09:57:21+00:00","og_image":[{"width":300,"height":364,"url":"https:\/\/www.sba.it\/wp-content\/uploads\/2014\/05\/images_artisti_giovanni-migliara-quadri-in-vendita.jpg","type":"image\/jpeg"}],"twitter_card":"summary_large_image","twitter_site":"@SocietaArti","twitter_misc":{"Est. reading time":"1 minute"},"schema":{"@context":"https:\/\/schema.org","@graph":[{"@type":"WebPage","@id":"https:\/\/www.sba.it\/en\/artists\/giovanni-migliara-biografia-quadri-in-vendita\/","url":"https:\/\/www.sba.it\/en\/artists\/giovanni-migliara-biografia-quadri-in-vendita\/","name":"Migliara Giovanni (1785-1837). Biografia. Quadri in vendita.","isPartOf":{"@id":"https:\/\/www.sba.it\/#website"},"primaryImageOfPage":{"@id":"https:\/\/www.sba.it\/en\/artists\/giovanni-migliara-biografia-quadri-in-vendita\/#primaryimage"},"image":{"@id":"https:\/\/www.sba.it\/en\/artists\/giovanni-migliara-biografia-quadri-in-vendita\/#primaryimage"},"thumbnailUrl":"https:\/\/www.sba.it\/wp-content\/uploads\/2014\/05\/images_artisti_giovanni-migliara-quadri-in-vendita.jpg","datePublished":"2014-05-14T08:07:59+00:00","dateModified":"2019-05-18T09:57:21+00:00","description":"Giovanni Migliara leggi la vita del pittore dell'800, vendita e acquisto online quadri dell'800 di Giovanni Migliara scopri come","breadcrumb":{"@id":"https:\/\/www.sba.it\/en\/artists\/giovanni-migliara-biografia-quadri-in-vendita\/#breadcrumb"},"inLanguage":"en-US","potentialAction":[{"@type":"ReadAction","target":["https:\/\/www.sba.it\/en\/artists\/giovanni-migliara-biografia-quadri-in-vendita\/"]}]},{"@type":"ImageObject","inLanguage":"en-US","@id":"https:\/\/www.sba.it\/en\/artists\/giovanni-migliara-biografia-quadri-in-vendita\/#primaryimage","url":"https:\/\/www.sba.it\/wp-content\/uploads\/2014\/05\/images_artisti_giovanni-migliara-quadri-in-vendita.jpg","contentUrl":"https:\/\/www.sba.it\/wp-content\/uploads\/2014\/05\/images_artisti_giovanni-migliara-quadri-in-vendita.jpg","width":300,"height":364,"caption":"Autoritratto di Giovanni Migliara"},{"@type":"BreadcrumbList","@id":"https:\/\/www.sba.it\/en\/artists\/giovanni-migliara-biografia-quadri-in-vendita\/#breadcrumb","itemListElement":[{"@type":"ListItem","position":1,"name":"Home","item":"https:\/\/www.sba.it\/en\/"},{"@type":"ListItem","position":2,"name":"Artists","item":"https:\/\/www.sba.it\/en\/artists\/"},{"@type":"ListItem","position":3,"name":"Migliara Giovanni (1785-1837). Biografia. Quadri in vendita."}]},{"@type":"WebSite","@id":"https:\/\/www.sba.it\/#website","url":"https:\/\/www.sba.it\/","name":"Societ\u00e0 di Belle Arti","description":"Quadri macchiaioli e del 800 e 900 in vendita","publisher":{"@id":"https:\/\/www.sba.it\/#organization"},"potentialAction":[{"@type":"SearchAction","target":{"@type":"EntryPoint","urlTemplate":"https:\/\/www.sba.it\/?s={search_term_string}"},"query-input":{"@type":"PropertyValueSpecification","valueRequired":true,"valueName":"search_term_string"}}],"inLanguage":"en-US"},{"@type":"Organization","@id":"https:\/\/www.sba.it\/#organization","name":"Societ\u00e0 di Belle Arti","url":"https:\/\/www.sba.it\/","logo":{"@type":"ImageObject","inLanguage":"en-US","@id":"https:\/\/www.sba.it\/#\/schema\/logo\/image\/","url":"https:\/\/www.sba.it\/wp-content\/uploads\/2019\/04\/Logo-rosso_nero.png","contentUrl":"https:\/\/www.sba.it\/wp-content\/uploads\/2019\/04\/Logo-rosso_nero.png","width":2532,"height":1137,"caption":"Societ\u00e0 di Belle Arti"},"image":{"@id":"https:\/\/www.sba.it\/#\/schema\/logo\/image\/"},"sameAs":["https:\/\/www.facebook.com\/pitturaitaliana800e900\/","https:\/\/x.com\/SocietaArti","https:\/\/www.instagram.com\/societadibellearti","https:\/\/www.linkedin.com\/in\/societ\u00e0-di-belle-arti-363aa8191\/","https:\/\/www.youtube.com\/channel\/UC6fJlk-ajwhsnEIICATyXaQ"]}]}},"_links":{"self":[{"href":"https:\/\/www.sba.it\/en\/wp-json\/wp\/v2\/pages\/74274","targetHints":{"allow":["GET"]}}],"collection":[{"href":"https:\/\/www.sba.it\/en\/wp-json\/wp\/v2\/pages"}],"about":[{"href":"https:\/\/www.sba.it\/en\/wp-json\/wp\/v2\/types\/page"}],"author":[{"embeddable":true,"href":"https:\/\/www.sba.it\/en\/wp-json\/wp\/v2\/users\/2"}],"replies":[{"embeddable":true,"href":"https:\/\/www.sba.it\/en\/wp-json\/wp\/v2\/comments?post=74274"}],"version-history":[{"count":3,"href":"https:\/\/www.sba.it\/en\/wp-json\/wp\/v2\/pages\/74274\/revisions"}],"predecessor-version":[{"id":83492,"href":"https:\/\/www.sba.it\/en\/wp-json\/wp\/v2\/pages\/74274\/revisions\/83492"}],"up":[{"embeddable":true,"href":"https:\/\/www.sba.it\/en\/wp-json\/wp\/v2\/pages\/73496"}],"wp:featuredmedia":[{"embeddable":true,"href":"https:\/\/www.sba.it\/en\/wp-json\/wp\/v2\/media\/1689"}],"wp:attachment":[{"href":"https:\/\/www.sba.it\/en\/wp-json\/wp\/v2\/media?parent=74274"}],"curies":[{"name":"wp","href":"https:\/\/api.w.org\/{rel}","templated":true}]}}