{"id":74130,"date":"2014-02-06T09:07:44","date_gmt":"2014-02-06T08:07:44","guid":{"rendered":"http:\/\/www.sba.it\/michele-tedesco-biografia-quadri-in-vendita\/"},"modified":"2020-10-07T11:00:07","modified_gmt":"2020-10-07T09:00:07","slug":"michele-tedesco-biografia-quadri-in-vendita","status":"publish","type":"page","link":"https:\/\/www.sba.it\/en\/artists\/michele-tedesco-biografia-quadri-in-vendita\/","title":{"rendered":"Tedesco Michele (1834-1918). Biografia. Quadri in vendita."},"content":{"rendered":"<p>&nbsp;<\/p>\n<p style=\"text-align: justify; line-height: normal;\">\u201cMichele Tedesco nacque, nell&#8217;agosto del 1834, a Moliterno, da genitori non doviziosi e per avventura nemmeno concordi: suo padre difatti disert\u00f2 la casa all&#8217;improvviso, vendette alla meglio quanto possedeva, abbandon\u00f2 la povera moglie e non pi\u00f9 ricomparve dopo quell&#8217;atto insano.<\/p>\n<p style=\"text-align: justify; line-height: normal;\">Il bambino fu accompagnato, in tenerissima et\u00e0, al vicino villaggio di Spinoso, e l\u00ec, dalla madre, affidato a un fratello di costei.<\/p>\n<p style=\"text-align: justify; line-height: normal;\">A Napoli, ove lo zio materno s&#8217;era fermato e lo aveva richiamato, il giovanetto intraprese i suoi studii artistici, mentre pi\u00f9 regolarmente vi andava compiendo quelli letterarii.<img decoding=\"async\" class=\" alignleft size-full wp-image-1528\" style=\"margin-right: 20px; float: left;\" src=\"http:\/\/www.sba.it\/wp-content\/uploads\/2014\/02\/images_artisti_michele-tedesco-quadri-in-vendita.jpg\" alt=\"michele-tedesco-quadri-in-vendita\" width=\"300\" height=\"289\" \/><\/p>\n<p style=\"text-align: justify; line-height: normal;\">L&#8217;arte cominci\u00f2 qui a conoscere in casa d&#8217;un professor Bova, il quale tuttavia non ve lo potette che solo iniziare: poi lo accolse l&#8217;Istituto di Belle Arti, ed egli vi rimase ad apprendere, sovvenuto dalla sua provincia con una pensione che non andava oltre le trenta lire mensili.<\/p>\n<p style=\"text-align: justify; line-height: normal;\">Comp\u00ec all&#8217;Istituto tutti gli studii i quali gli bastarono per per\u00ad mettergli di concorrere finalmente al pensionato di Roma.<\/p>\n<p style=\"text-align: justify; line-height: normal;\">La rivoluzione del sessanta disseminava, fra tanto, per l&#8217;Italia la maggior parte de&#8217; suoi compagni: quale and\u00f2 soldato, quale mut\u00f2 professione, quale port\u00f2 altrove, emigrando da Napoli, i suoi ardori, o le indagini sue preferite.<\/p>\n<p style=\"text-align: justify; line-height: normal;\">E Michele Tedesco lasci\u00f2 Napoli anch&#8217;egli.<\/p>\n<p style=\"text-align: justify; line-height: normal;\">Fu mestieri che egli s&#8217;inscrivesse, con parecchi altri, al battaglione delle Guardie Nazionali il quale, appunto, moveva verso Firenze, la citt\u00e0 che lungamente egli aveva intuito a traverso i libri e che a momenti gli si sarebbe svelata in tutta la sua suggestiva gentilezza d&#8217;arte e di parola, illuminata ancor pi\u00f9 dall&#8217;entusiasmo patriottico.<\/p>\n<p style=\"text-align: justify; line-height: normal;\">Lo aspettava a Firenze l&#8217;<a href=\"http:\/\/www.sba.it\/abbati-giuseppe-biografia-quadri-in-vendita-macchiaioli-valutazione-stima-perizia-certificata-di-dipinti-di-abbati-giuseppe\/\"><strong>Abbati<\/strong><\/a>; quivi erano gi\u00e0 altri amici, quivi altri studii avrebbe completato, quivi il miraggio d&#8217;una sorte migliore, d&#8217;u pi\u00f9 degno e pi\u00f9 lieto avvenire.<\/p>\n<p style=\"text-align: justify; line-height: normal;\">Fra tanto, l&#8217;opera dell&#8217;immaginoso e studioso ricercatore s&#8217;era pur andata compiendo in una forzata solitudine, e non era stata meno attiva e men degna tra&#8217; silenzii malanconici ma ispirativi della campagna ov&#8217;egli s&#8217;era ritratto, in vicinanza di Careggi.<\/p>\n<p style=\"text-align: justify; line-height: normal;\">E fu precisamente l&#8217;Anacreonte che, a un tratto, mise in relazione il Tedesco con Giulia Hoffmann, arrivata di fresco dalla Germania a Firenze, ov&#8217;ella si proponeva di continuare i suoi studii di pittura.<\/p>\n<p style=\"text-align: justify; line-height: normal;\">Due spiriti e due cuori s&#8217;intesero.<\/p>\n<p style=\"text-align: justify; line-height: normal;\">Firenze e Napoli, cos\u00ec a Michele Tedesco come alla sua signora, hanno, se non precisamente offerto le inspirazioni pi\u00f9 numerose e particolari de&#8217; loro dipinti, albergato pi\u00f9 a lungo la loro fatica.<\/p>\n<p style=\"text-align: justify; line-height: normal;\">Cos\u00ec non saprei dimenticare quelle piccole tele fiorentine che intorno al 1864 Michele Tedesco intitolava or Visita alla nutrice, or la Cucitrice, ora Una mattinata alle Cascine- deliziose parentesi alle concezioni dei quadri storici, e opere di grazia e di dolcezza che nell&#8217;eclettismo ammirabile d&#8217;un artista gentile stanno come quelle opere con cui la sua compagna rientra, sul suo esempio filosofico, nella vita e nelle sue pi\u00f9 dolci manifestazioni.\u201d<\/p>\n<p>Michele Tedesco mor\u00ec nel 1918 a Napoli.<\/p>\n<p style=\"line-height: normal;\">Salvatore Di Giacomo, Giulia Hoffman Tedesco<em>, Michele Tedesco<\/em>, <em>L&#8217;Opera<\/em>, 1915<\/p>\n<h3 style=\"font-size: 12pt;\"><a href=\"https:\/\/www.sba.it\/en\/paintings\/\">CATALOGO OPERE\u00a0<\/a> | \u00a0<a href=\"https:\/\/www.sba.it\/en\/to-sell\/\">VUOI VENDERE O COMPRARE UN QUADRO DI QUESTO ARTISTA?<\/a><\/h3>\n<p><strong>BOOKSHOP:<\/strong><\/p>\n<p><a href=\"http:\/\/www.istitutomatteucci.it\/component\/hikashop\/product\/285-michele-tedesco-taccuini\"><img decoding=\"async\" class=\"alignleft size-medium wp-image-87807\" src=\"http:\/\/www.sba.it\/wp-content\/uploads\/2020\/10\/michele-tedesco_-taccuini-300x300.jpg\" alt=\"Michele Tedesco quadri e cataloghi in vendita\" width=\"300\" height=\"300\" srcset=\"https:\/\/www.sba.it\/wp-content\/uploads\/2020\/10\/michele-tedesco_-taccuini-300x300.jpg 300w, https:\/\/www.sba.it\/wp-content\/uploads\/2020\/10\/michele-tedesco_-taccuini-150x150.jpg 150w, https:\/\/www.sba.it\/wp-content\/uploads\/2020\/10\/michele-tedesco_-taccuini.jpg 350w\" sizes=\"(max-width: 300px) 100vw, 300px\" \/><\/a><\/p>\n","protected":false},"excerpt":{"rendered":"<p>&nbsp; \u201cMichele Tedesco nacque, nell&#8217;agosto del 1834, a Moliterno, da genitori non doviziosi e per avventura nemmeno concordi: suo padre [&hellip;]<\/p>\n","protected":false},"author":2,"featured_media":1530,"parent":73496,"menu_order":124,"comment_status":"closed","ping_status":"closed","template":"","meta":{"_monsterinsights_skip_tracking":false,"_monsterinsights_sitenote_active":false,"_monsterinsights_sitenote_note":"","_monsterinsights_sitenote_category":0,"footnotes":""},"class_list":["post-74130","page","type-page","status-publish","has-post-thumbnail","hentry","page_category-artists"],"yoast_head":"<!-- This site is optimized with the Yoast SEO plugin v27.5 - https:\/\/yoast.com\/product\/yoast-seo-wordpress\/ -->\n<title>Tedesco Michele (1834-1918). Biografia. Quadri in vendita.<\/title>\n<meta name=\"description\" content=\"Michele Tedesco leggi la vita del pittore dell&#039;800, vendita e acquisto online quadri dell&#039;800 di Michele Tedesco scopri come, dove comprare quadri dell&#039;800\" \/>\n<meta name=\"robots\" content=\"index, follow, max-snippet:-1, max-image-preview:large, max-video-preview:-1\" \/>\n<link rel=\"canonical\" href=\"https:\/\/www.sba.it\/en\/artists\/michele-tedesco-biografia-quadri-in-vendita\/\" \/>\n<meta property=\"og:locale\" content=\"en_US\" \/>\n<meta property=\"og:type\" content=\"article\" \/>\n<meta property=\"og:title\" content=\"Tedesco Michele (1834-1918). Biografia. Quadri in vendita.\" \/>\n<meta property=\"og:description\" content=\"Michele Tedesco leggi la vita del pittore dell&#039;800, vendita e acquisto online quadri dell&#039;800 di Michele Tedesco scopri come, dove comprare quadri dell&#039;800\" \/>\n<meta property=\"og:url\" content=\"https:\/\/www.sba.it\/en\/artists\/michele-tedesco-biografia-quadri-in-vendita\/\" \/>\n<meta property=\"og:site_name\" content=\"Societ\u00e0 di Belle Arti\" \/>\n<meta property=\"article:publisher\" content=\"https:\/\/www.facebook.com\/pitturaitaliana800e900\/\" \/>\n<meta property=\"article:modified_time\" content=\"2020-10-07T09:00:07+00:00\" \/>\n<meta property=\"og:image\" content=\"https:\/\/www.sba.it\/wp-content\/uploads\/2014\/02\/images_artisti_michele-tedesco-quadri-in-vendita.jpg\" \/>\n\t<meta property=\"og:image:width\" content=\"300\" \/>\n\t<meta property=\"og:image:height\" content=\"289\" \/>\n\t<meta property=\"og:image:type\" content=\"image\/jpeg\" \/>\n<meta name=\"twitter:card\" content=\"summary_large_image\" \/>\n<meta name=\"twitter:site\" content=\"@SocietaArti\" \/>\n<meta name=\"twitter:label1\" content=\"Est. reading time\" \/>\n\t<meta name=\"twitter:data1\" content=\"2 minutes\" \/>\n<script type=\"application\/ld+json\" class=\"yoast-schema-graph\">{\"@context\":\"https:\\\/\\\/schema.org\",\"@graph\":[{\"@type\":\"WebPage\",\"@id\":\"https:\\\/\\\/www.sba.it\\\/en\\\/artists\\\/michele-tedesco-biografia-quadri-in-vendita\\\/\",\"url\":\"https:\\\/\\\/www.sba.it\\\/en\\\/artists\\\/michele-tedesco-biografia-quadri-in-vendita\\\/\",\"name\":\"Tedesco Michele (1834-1918). Biografia. Quadri in vendita.\",\"isPartOf\":{\"@id\":\"https:\\\/\\\/www.sba.it\\\/#website\"},\"primaryImageOfPage\":{\"@id\":\"https:\\\/\\\/www.sba.it\\\/en\\\/artists\\\/michele-tedesco-biografia-quadri-in-vendita\\\/#primaryimage\"},\"image\":{\"@id\":\"https:\\\/\\\/www.sba.it\\\/en\\\/artists\\\/michele-tedesco-biografia-quadri-in-vendita\\\/#primaryimage\"},\"thumbnailUrl\":\"https:\\\/\\\/www.sba.it\\\/wp-content\\\/uploads\\\/2014\\\/02\\\/images_artisti_michele-tedesco-quadri-in-vendita.jpg\",\"datePublished\":\"2014-02-06T08:07:44+00:00\",\"dateModified\":\"2020-10-07T09:00:07+00:00\",\"description\":\"Michele Tedesco leggi la vita del pittore dell'800, vendita e acquisto online quadri dell'800 di Michele Tedesco scopri come, dove comprare quadri dell'800\",\"breadcrumb\":{\"@id\":\"https:\\\/\\\/www.sba.it\\\/en\\\/artists\\\/michele-tedesco-biografia-quadri-in-vendita\\\/#breadcrumb\"},\"inLanguage\":\"en-US\",\"potentialAction\":[{\"@type\":\"ReadAction\",\"target\":[\"https:\\\/\\\/www.sba.it\\\/en\\\/artists\\\/michele-tedesco-biografia-quadri-in-vendita\\\/\"]}]},{\"@type\":\"ImageObject\",\"inLanguage\":\"en-US\",\"@id\":\"https:\\\/\\\/www.sba.it\\\/en\\\/artists\\\/michele-tedesco-biografia-quadri-in-vendita\\\/#primaryimage\",\"url\":\"https:\\\/\\\/www.sba.it\\\/wp-content\\\/uploads\\\/2014\\\/02\\\/images_artisti_michele-tedesco-quadri-in-vendita.jpg\",\"contentUrl\":\"https:\\\/\\\/www.sba.it\\\/wp-content\\\/uploads\\\/2014\\\/02\\\/images_artisti_michele-tedesco-quadri-in-vendita.jpg\",\"width\":300,\"height\":289,\"caption\":\"Foto di Michele tedesco\"},{\"@type\":\"BreadcrumbList\",\"@id\":\"https:\\\/\\\/www.sba.it\\\/en\\\/artists\\\/michele-tedesco-biografia-quadri-in-vendita\\\/#breadcrumb\",\"itemListElement\":[{\"@type\":\"ListItem\",\"position\":1,\"name\":\"Home\",\"item\":\"https:\\\/\\\/www.sba.it\\\/en\\\/\"},{\"@type\":\"ListItem\",\"position\":2,\"name\":\"Artists\",\"item\":\"https:\\\/\\\/www.sba.it\\\/en\\\/artists\\\/\"},{\"@type\":\"ListItem\",\"position\":3,\"name\":\"Tedesco Michele (1834-1918). Biografia. Quadri in vendita.\"}]},{\"@type\":\"WebSite\",\"@id\":\"https:\\\/\\\/www.sba.it\\\/#website\",\"url\":\"https:\\\/\\\/www.sba.it\\\/\",\"name\":\"Societ\u00e0 di Belle Arti\",\"description\":\"Quadri macchiaioli e del 800 e 900 in vendita\",\"publisher\":{\"@id\":\"https:\\\/\\\/www.sba.it\\\/#organization\"},\"potentialAction\":[{\"@type\":\"SearchAction\",\"target\":{\"@type\":\"EntryPoint\",\"urlTemplate\":\"https:\\\/\\\/www.sba.it\\\/?s={search_term_string}\"},\"query-input\":{\"@type\":\"PropertyValueSpecification\",\"valueRequired\":true,\"valueName\":\"search_term_string\"}}],\"inLanguage\":\"en-US\"},{\"@type\":\"Organization\",\"@id\":\"https:\\\/\\\/www.sba.it\\\/#organization\",\"name\":\"Societ\u00e0 di Belle Arti\",\"url\":\"https:\\\/\\\/www.sba.it\\\/\",\"logo\":{\"@type\":\"ImageObject\",\"inLanguage\":\"en-US\",\"@id\":\"https:\\\/\\\/www.sba.it\\\/#\\\/schema\\\/logo\\\/image\\\/\",\"url\":\"https:\\\/\\\/www.sba.it\\\/wp-content\\\/uploads\\\/2019\\\/04\\\/Logo-rosso_nero.png\",\"contentUrl\":\"https:\\\/\\\/www.sba.it\\\/wp-content\\\/uploads\\\/2019\\\/04\\\/Logo-rosso_nero.png\",\"width\":2532,\"height\":1137,\"caption\":\"Societ\u00e0 di Belle Arti\"},\"image\":{\"@id\":\"https:\\\/\\\/www.sba.it\\\/#\\\/schema\\\/logo\\\/image\\\/\"},\"sameAs\":[\"https:\\\/\\\/www.facebook.com\\\/pitturaitaliana800e900\\\/\",\"https:\\\/\\\/x.com\\\/SocietaArti\",\"https:\\\/\\\/www.instagram.com\\\/societadibellearti\",\"https:\\\/\\\/www.linkedin.com\\\/in\\\/societ\u00e0-di-belle-arti-363aa8191\\\/\",\"https:\\\/\\\/www.youtube.com\\\/channel\\\/UC6fJlk-ajwhsnEIICATyXaQ\"]}]}<\/script>\n<!-- \/ Yoast SEO plugin. -->","yoast_head_json":{"title":"Tedesco Michele (1834-1918). Biografia. Quadri in vendita.","description":"Michele Tedesco leggi la vita del pittore dell'800, vendita e acquisto online quadri dell'800 di Michele Tedesco scopri come, dove comprare quadri dell'800","robots":{"index":"index","follow":"follow","max-snippet":"max-snippet:-1","max-image-preview":"max-image-preview:large","max-video-preview":"max-video-preview:-1"},"canonical":"https:\/\/www.sba.it\/en\/artists\/michele-tedesco-biografia-quadri-in-vendita\/","og_locale":"en_US","og_type":"article","og_title":"Tedesco Michele (1834-1918). Biografia. Quadri in vendita.","og_description":"Michele Tedesco leggi la vita del pittore dell'800, vendita e acquisto online quadri dell'800 di Michele Tedesco scopri come, dove comprare quadri dell'800","og_url":"https:\/\/www.sba.it\/en\/artists\/michele-tedesco-biografia-quadri-in-vendita\/","og_site_name":"Societ\u00e0 di Belle Arti","article_publisher":"https:\/\/www.facebook.com\/pitturaitaliana800e900\/","article_modified_time":"2020-10-07T09:00:07+00:00","og_image":[{"width":300,"height":289,"url":"https:\/\/www.sba.it\/wp-content\/uploads\/2014\/02\/images_artisti_michele-tedesco-quadri-in-vendita.jpg","type":"image\/jpeg"}],"twitter_card":"summary_large_image","twitter_site":"@SocietaArti","twitter_misc":{"Est. reading time":"2 minutes"},"schema":{"@context":"https:\/\/schema.org","@graph":[{"@type":"WebPage","@id":"https:\/\/www.sba.it\/en\/artists\/michele-tedesco-biografia-quadri-in-vendita\/","url":"https:\/\/www.sba.it\/en\/artists\/michele-tedesco-biografia-quadri-in-vendita\/","name":"Tedesco Michele (1834-1918). Biografia. Quadri in vendita.","isPartOf":{"@id":"https:\/\/www.sba.it\/#website"},"primaryImageOfPage":{"@id":"https:\/\/www.sba.it\/en\/artists\/michele-tedesco-biografia-quadri-in-vendita\/#primaryimage"},"image":{"@id":"https:\/\/www.sba.it\/en\/artists\/michele-tedesco-biografia-quadri-in-vendita\/#primaryimage"},"thumbnailUrl":"https:\/\/www.sba.it\/wp-content\/uploads\/2014\/02\/images_artisti_michele-tedesco-quadri-in-vendita.jpg","datePublished":"2014-02-06T08:07:44+00:00","dateModified":"2020-10-07T09:00:07+00:00","description":"Michele Tedesco leggi la vita del pittore dell'800, vendita e acquisto online quadri dell'800 di Michele Tedesco scopri come, dove comprare quadri dell'800","breadcrumb":{"@id":"https:\/\/www.sba.it\/en\/artists\/michele-tedesco-biografia-quadri-in-vendita\/#breadcrumb"},"inLanguage":"en-US","potentialAction":[{"@type":"ReadAction","target":["https:\/\/www.sba.it\/en\/artists\/michele-tedesco-biografia-quadri-in-vendita\/"]}]},{"@type":"ImageObject","inLanguage":"en-US","@id":"https:\/\/www.sba.it\/en\/artists\/michele-tedesco-biografia-quadri-in-vendita\/#primaryimage","url":"https:\/\/www.sba.it\/wp-content\/uploads\/2014\/02\/images_artisti_michele-tedesco-quadri-in-vendita.jpg","contentUrl":"https:\/\/www.sba.it\/wp-content\/uploads\/2014\/02\/images_artisti_michele-tedesco-quadri-in-vendita.jpg","width":300,"height":289,"caption":"Foto di Michele tedesco"},{"@type":"BreadcrumbList","@id":"https:\/\/www.sba.it\/en\/artists\/michele-tedesco-biografia-quadri-in-vendita\/#breadcrumb","itemListElement":[{"@type":"ListItem","position":1,"name":"Home","item":"https:\/\/www.sba.it\/en\/"},{"@type":"ListItem","position":2,"name":"Artists","item":"https:\/\/www.sba.it\/en\/artists\/"},{"@type":"ListItem","position":3,"name":"Tedesco Michele (1834-1918). Biografia. Quadri in vendita."}]},{"@type":"WebSite","@id":"https:\/\/www.sba.it\/#website","url":"https:\/\/www.sba.it\/","name":"Societ\u00e0 di Belle Arti","description":"Quadri macchiaioli e del 800 e 900 in vendita","publisher":{"@id":"https:\/\/www.sba.it\/#organization"},"potentialAction":[{"@type":"SearchAction","target":{"@type":"EntryPoint","urlTemplate":"https:\/\/www.sba.it\/?s={search_term_string}"},"query-input":{"@type":"PropertyValueSpecification","valueRequired":true,"valueName":"search_term_string"}}],"inLanguage":"en-US"},{"@type":"Organization","@id":"https:\/\/www.sba.it\/#organization","name":"Societ\u00e0 di Belle Arti","url":"https:\/\/www.sba.it\/","logo":{"@type":"ImageObject","inLanguage":"en-US","@id":"https:\/\/www.sba.it\/#\/schema\/logo\/image\/","url":"https:\/\/www.sba.it\/wp-content\/uploads\/2019\/04\/Logo-rosso_nero.png","contentUrl":"https:\/\/www.sba.it\/wp-content\/uploads\/2019\/04\/Logo-rosso_nero.png","width":2532,"height":1137,"caption":"Societ\u00e0 di Belle Arti"},"image":{"@id":"https:\/\/www.sba.it\/#\/schema\/logo\/image\/"},"sameAs":["https:\/\/www.facebook.com\/pitturaitaliana800e900\/","https:\/\/x.com\/SocietaArti","https:\/\/www.instagram.com\/societadibellearti","https:\/\/www.linkedin.com\/in\/societ\u00e0-di-belle-arti-363aa8191\/","https:\/\/www.youtube.com\/channel\/UC6fJlk-ajwhsnEIICATyXaQ"]}]}},"_links":{"self":[{"href":"https:\/\/www.sba.it\/en\/wp-json\/wp\/v2\/pages\/74130","targetHints":{"allow":["GET"]}}],"collection":[{"href":"https:\/\/www.sba.it\/en\/wp-json\/wp\/v2\/pages"}],"about":[{"href":"https:\/\/www.sba.it\/en\/wp-json\/wp\/v2\/types\/page"}],"author":[{"embeddable":true,"href":"https:\/\/www.sba.it\/en\/wp-json\/wp\/v2\/users\/2"}],"replies":[{"embeddable":true,"href":"https:\/\/www.sba.it\/en\/wp-json\/wp\/v2\/comments?post=74130"}],"version-history":[{"count":5,"href":"https:\/\/www.sba.it\/en\/wp-json\/wp\/v2\/pages\/74130\/revisions"}],"predecessor-version":[{"id":87813,"href":"https:\/\/www.sba.it\/en\/wp-json\/wp\/v2\/pages\/74130\/revisions\/87813"}],"up":[{"embeddable":true,"href":"https:\/\/www.sba.it\/en\/wp-json\/wp\/v2\/pages\/73496"}],"wp:featuredmedia":[{"embeddable":true,"href":"https:\/\/www.sba.it\/en\/wp-json\/wp\/v2\/media\/1530"}],"wp:attachment":[{"href":"https:\/\/www.sba.it\/en\/wp-json\/wp\/v2\/media?parent=74130"}],"curies":[{"name":"wp","href":"https:\/\/api.w.org\/{rel}","templated":true}]}}