{"id":73791,"date":"2013-06-07T09:27:43","date_gmt":"2013-06-07T07:27:43","guid":{"rendered":"http:\/\/www.sba.it\/boldini-giovanni-biografia-quadri-in-vendita-valutazione-stima-perizia-certificata-di-dipinti-di-boldini-giovanni\/"},"modified":"2021-10-28T11:03:48","modified_gmt":"2021-10-28T09:03:48","slug":"boldini-giovanni-biografia-quadri-in-vendita-valutazione-stima-perizia-certificata-di-dipinti-di-boldini-giovanni","status":"publish","type":"page","link":"https:\/\/www.sba.it\/en\/artists\/boldini-giovanni-biografia-quadri-in-vendita-valutazione-stima-perizia-certificata-di-dipinti-di-boldini-giovanni\/","title":{"rendered":"Boldini Giovanni (1842-1931). Biografia. Quadri in vendita."},"content":{"rendered":"<p>&nbsp;<\/p>\n<p><img decoding=\"async\" class=\" alignleft size-full wp-image-237\" style=\"margin-right: 20px; float: left;\" src=\"http:\/\/www.sba.it\/wp-content\/uploads\/2013\/06\/images_artisti_Giovanni-Boldini-vendita-dipinti-macchiaioli.jpg\" alt=\"Giovanni-Boldini-vendita-dipinti-macchiaioli\" width=\"300\" height=\"422\" srcset=\"https:\/\/www.sba.it\/wp-content\/uploads\/2013\/06\/images_artisti_Giovanni-Boldini-vendita-dipinti-macchiaioli.jpg 300w, https:\/\/www.sba.it\/wp-content\/uploads\/2013\/06\/images_artisti_Giovanni-Boldini-vendita-dipinti-macchiaioli-213x300.jpg 213w\" sizes=\"(max-width: 300px) 100vw, 300px\" \/>Giovanni Boldini nacque a Ferrara nel 1842.<\/p>\n<p>Destinato ad una brillante carriera per il suo temperamento ambizioso, prestissimo cominci\u00f2 a frequentare, a Ferrara, l\u2019aristocratico salotto della nonna paterna Beatrice Federzoni, entrando in contatto con i rappresentanti pi\u00f9 in vista della borghesia della sua citt\u00e0, dei quali esegu\u00ec diversi ritratti.<br \/>\nRicevette i primi rudimenti dell\u2019arte dal padre, pittore, copista e restauratore di quadri, dimostrando nel famoso <em>Autoritratto a sedici anni<\/em> un precoce\u00a0 talento.<\/p>\n<p>Si perfezion\u00f2, poi, nello studio dei pittori-decoratori Gaetano e Gerolamo Domenichini, esercitandosi, presso il Palazzo dei Diamanti, nella copia dagli antichi maestri italiani.<\/p>\n<p>Nel \u201962, grazie all\u2019esonero dal servizio di leva e ad un&#8217;eredit\u00e0 ricevuta dallo zio , si trasfer\u00ec a Firenze dove rimase circa dieci anni.<\/p>\n<p>Qui segu\u00ec i corsi di Pollastrini e Ussi,\u00a0 all\u2019<a href=\"http:\/\/www.accademia.firenze.it\/it\/\">Accademia di Belle Arti<\/a>.<\/p>\n<p>Entrato in amicizia con tutti i <strong><a href=\"https:\/\/www.sba.it\/en\/macchiaioli-paintings-for-sale-19th-20th-century-italian-paintings-for-sale\/\">pittori macchiaioli<\/a><\/strong>, partecip\u00f2\u00a0 agli incontri del <strong>Caff\u00e8 Michelangiolo<\/strong>, stringendo un\u00a0legame particolare con<a href=\"http:\/\/www.sba.it\/gordigiani-michele-biografia-quadri-in-vendita-stima-perizia-expertise-dipinti-di-michele-gordigiani\/\"><strong> Gordigiani<\/strong><\/a> e <a href=\"http:\/\/www.sba.it\/banti-cristiano-biografia-quadri-in-vendita-macchiaioli-valutazione-stima-perizia-certificata-di-dipinti-di-banti-cristiano\/\"><strong>Banti<\/strong><\/a>, di cui, spesso, fu ospite nelle ville di Poggio Adorno, presso Montorsoli, e del \u201cBarone\u201d a Montemurlo.<\/p>\n<p>Il\u00a0 pittore ferrarese, scorse nella spontanea simpatia del ricco amico una buona opportunit\u00e0 per consolidare la propria posizione; progressivamente venne introdotto nell\u2019ambiente colto e internazionale di Firenze, di cui facevano parte Marcellin Desboutin e Walter Falconer, suo futuro committente e mecenate.<\/p>\n<p>Compreso il talento dei compagni macchiaioli e la portata innovativa della loro ricerca, fece valere nel\u00a0 gruppo, senza\u00a0 complesso d\u2019inferiorit\u00e0, le sue\u00a0 capacit\u00e0 pittoriche.<\/p>\n<p>Frutto di questo fervore creativo e della felice ispirazione del momento sono i ritratti dal \u201cvero\u201d dei componenti della famiglia Banti-Redi &#8211; <em>Leonetto bambino, Alaide Banti in abito bianco,\u00a0<\/em><em>Cristiano Banti all\u2019armonium, Cristiano Banti in piedi, Leopolda Redi<\/em> \u2013 e della marchesa Vettori.<\/p>\n<p>A questi\u00a0 si aggiungono quelli degli amici Leopoldo Pisani, <a href=\"http:\/\/www.sba.it\/abbati-giuseppe-biografia-quadri-in-vendita-macchiaioli-valutazione-stima-perizia-certificata-di-dipinti-di-abbati-giuseppe\/\"><strong>Abbati<\/strong><\/a>, <strong>Martelli<\/strong> e <a href=\"http:\/\/www.sba.it\/fattori-giovanni-biografia-quadri-macchiaioli-in-vendita-valutazione-stima-perizia-certificata-di-dipinti-di-giovanni-fattori\/\"><strong>Fattori<\/strong><\/a>, con il quale avr\u00e0 modo di\u00a0lavorare, nel \u201867, durante un breve soggiorno a Castiglioncello, dopo il viaggio a Parigi in occasione del\u00a0Salon.<\/p>\n<p>Espose in pubblico, per la prima volta, alla Promotrice fiorentina del \u201866, dando spunto a <a href=\"http:\/\/www.sba.it\/signorini-telemaco-biografia-quadri-in-vendita-macchiaioli-valutazione-stime-e-perizie-certificate-su-dipinti-macchiaioli-di-telemaco-signorini\/\"><strong>Signorini<\/strong>\u00a0<\/a>di riflettere su come l\u2019immediatezza e la naturalezza dei suoi ritratti fosse perfettamente in linea con\u00a0l\u2019intento della sperimentazione macchiaiola.<\/p>\n<p>Quello stesso anno conobbe, tramite <strong><a href=\"http:\/\/www.sba.it\/signorini-telemaco-biografia-quadri-in-vendita-macchiaioli-valutazione-stime-e-perizie-certificate-su-dipinti-macchiaioli-di-telemaco-signorini\/\">Signorini<\/a><\/strong> ed Uzielli, Isabella Robinson, moglie di Walter Falconer, per la quale esegu\u00ec, nella piccola sala da pranzo della \u201cFalconiera\u201d a Collegigliato presso Pistoia, alcune pitture murali destinate ad un lungo oblio prima della riscoperta, nel 1938, ad opera della giovane vedova di Boldini, Emilia Cardona che, acquistando la villa, decise di risiedervi.<\/p>\n<p>Tra il \u201870 ed il \u201871 trascorse lunghi periodi a Londra dove ritrasse Lord e Lady Cornwallis-West, il duca di York e altri nobili personaggi.<\/p>\n<p>La sua aspirazione maggiore,\u00a0per\u00f2, fu Parigi dove si trasfer\u00ec definitivamente alla fine del \u201871.<\/p>\n<p>Qui esegu\u00ec quadri di genere per i mercanti Goupil e Cram, riscuotendo\u00a0 un discreto successo.<\/p>\n<p>Le ripetute presenze al Salon dal \u201874, dove present\u00f2 <em>Le Lavandaie<\/em> e il <em>Pont des Saints P\u00e8res, <\/em>accrebbero la sua notoriet\u00e0.<\/p>\n<p>Ma \u00e8 soprattutto nei ritratti della Parigi mondana che riusc\u00ec ad impiegare al meglio i propri mezzi espressivi.<\/p>\n<p>Usando pennellate vorticose, taglienti,\u00a0 di \u201ccolore continuamente bello e lucido\u201d e accentuando, dopo la conoscenza dell\u2019opera di Frans Hals in occasione del soggiorno olandese del \u201876, il distacco dallo stile manierato di Goupil,\u00a0 assunse una connotazione pi\u00f9 libera e sciolta.<\/p>\n<p>L\u2019eccessiva sicurezza tuttavia, nella produzione ultima,\u00a0 sembra talvolta\u00a0 perdere di spontaneit\u00e0.<\/p>\n<p>Nell\u201989 si rec\u00f2, in compagnia dell\u2019amico Degas, in Spagna dove fu fortemente attratto da Goya, dai Vel\u00e1zquez del <a href=\"https:\/\/www.museodelprado.es\/\">Prado<\/a> e dagli affreschi madrileni di Tiepolo.<\/p>\n<p>Si infittirono, frattanto, le presenze alle manifestazioni ufficiali: nel \u201995 &#8211; e poi nelle edizioni del 1903, 1905, 1912 &#8211; partecip\u00f2 alla Biennale di Venezia, mentre nel \u201997 espose alla Galleria Wildenstein di New York.<\/p>\n<p>Al 1903 risale la brusca interruzione dell\u2019amicizia con Banti a causa di un decisivo ma non mai chiarito episodio all\u2019origine di una svolta nel rapporto sentimentale tra la figlia di quest\u2019ultimo, Alaide, e lo stesso Boldini.<\/p>\n<p>Trascorse il periodo della prima guerra mondiale tra Londra e Nizza.<\/p>\n<p>Durante la permanenza sulla Costa Azzurra fu in compagnia di Lina, una modella inglese che ritrasse pi\u00f9 volte.<\/p>\n<p>Ormai ottantenne, nel \u201829, spos\u00f2 a Parigi la giornalista italiana Emilia Cardona, conosciuta durante un\u2019intervista rilasciatale, a seguito di ripetuti tentativi, nel \u201926; con lei trascorse gli ultimi anni di vita, nella \u201ccasa rossa\u201d di Boulevard Berthier.<\/p>\n<p>Giovanni Boldini mor\u00ec\u00a0 a Parigi nel 1931.<\/p>\n<p>&nbsp;<\/p>\n<h3 style=\"font-size: 12pt;\">CATALOGO OPERE:<br \/>\n<a href=\"http:\/\/www.sba.it\/giovanni-boldini-quadri-in-vendita-dell-800\/\">Giovane donna che legge<\/a>,<br \/>\n<a href=\"http:\/\/www.sba.it\/giovanni-boldini-vendita-quadri-macchiaioli\/\">Ritratto di M.me Jules Veil-Picard<\/a>,<br \/>\n<a href=\"http:\/\/www.sba.it\/giovanni-boldini-dipinti-vendita-acquisto\/\">Pianista in un interno<\/a>,<br \/>\n<a href=\"http:\/\/www.sba.it\/giovanni-boldini-vendita-quadri-800\/\">Ritratto di Maria Angelini<\/a><\/h3>\n<p>ANTOLOGIA CRITICA:\u00a0<a href=\"https:\/\/www.sba.it\/giovanni-boldini-biografia-quadri-in-vendita-e-acquisto-dipinti-di-quadri-800-900\/\">Ricordo di Boldini a Parigi <\/a><\/p>\n<p><a href=\"https:\/\/www.sba.it\/en\/to-sell\/\">VUOI VENDERE O COMPRARE UN QUADRO DI QUESTO ARTISTA?<\/a><\/p>\n<p>&nbsp;<\/p>\n<p>&nbsp;<\/p>\n<p>&nbsp;<\/p>\n<p>&nbsp;<\/p>\n<p>&nbsp;<\/p>\n<h3><\/h3>\n<h3><\/h3>\n<h3><\/h3>\n<h3><\/h3>\n<h3><\/h3>\n<h3><\/h3>\n<h3><\/h3>\n<h3><\/h3>\n<h3><\/h3>\n<h3><\/h3>\n<h3><\/h3>\n<h3><\/h3>\n<h3><\/h3>\n<p>&nbsp;<\/p>\n","protected":false},"excerpt":{"rendered":"<p>&nbsp; Giovanni Boldini nacque a Ferrara nel 1842. Destinato ad una brillante carriera per il suo temperamento ambizioso, prestissimo cominci\u00f2 [&hellip;]<\/p>\n","protected":false},"author":1,"featured_media":239,"parent":73496,"menu_order":177,"comment_status":"closed","ping_status":"closed","template":"","meta":{"_monsterinsights_skip_tracking":false,"_monsterinsights_sitenote_active":false,"_monsterinsights_sitenote_note":"","_monsterinsights_sitenote_category":0,"footnotes":""},"class_list":["post-73791","page","type-page","status-publish","has-post-thumbnail","hentry","page_category-artists"],"yoast_head":"<!-- This site is optimized with the Yoast SEO plugin v27.4 - https:\/\/yoast.com\/product\/yoast-seo-wordpress\/ -->\n<title>Boldini Giovanni (1842-1931). Biografia. Quadri in vendita.<\/title>\n<meta name=\"description\" content=\"Giovanni Boldini leggi la vita del pittore dell&#039;800, Giovanni Boldini vendita e acquisto dipinti, dove comprare quadri dell&#039;800 italiano\" \/>\n<meta name=\"robots\" content=\"index, follow, max-snippet:-1, max-image-preview:large, max-video-preview:-1\" \/>\n<link rel=\"canonical\" href=\"https:\/\/www.sba.it\/en\/artists\/boldini-giovanni-biografia-quadri-in-vendita-valutazione-stima-perizia-certificata-di-dipinti-di-boldini-giovanni\/\" \/>\n<meta property=\"og:locale\" content=\"en_US\" \/>\n<meta property=\"og:type\" content=\"article\" \/>\n<meta property=\"og:title\" content=\"Boldini Giovanni (1842-1931). Biografia. Quadri in vendita.\" \/>\n<meta property=\"og:description\" content=\"Giovanni Boldini leggi la vita del pittore dell&#039;800, Giovanni Boldini vendita e acquisto dipinti, dove comprare quadri dell&#039;800 italiano\" \/>\n<meta property=\"og:url\" content=\"https:\/\/www.sba.it\/en\/artists\/boldini-giovanni-biografia-quadri-in-vendita-valutazione-stima-perizia-certificata-di-dipinti-di-boldini-giovanni\/\" \/>\n<meta property=\"og:site_name\" content=\"Societ\u00e0 di Belle Arti\" \/>\n<meta property=\"article:publisher\" content=\"https:\/\/www.facebook.com\/pitturaitaliana800e900\/\" \/>\n<meta property=\"article:modified_time\" content=\"2021-10-28T09:03:48+00:00\" \/>\n<meta property=\"og:image\" content=\"https:\/\/www.sba.it\/wp-content\/uploads\/2013\/06\/images_artisti_Giovanni-Boldini-vendita-dipinti-macchiaioli.jpg\" \/>\n\t<meta property=\"og:image:width\" content=\"300\" \/>\n\t<meta property=\"og:image:height\" content=\"422\" \/>\n\t<meta property=\"og:image:type\" content=\"image\/jpeg\" \/>\n<meta name=\"twitter:card\" content=\"summary_large_image\" \/>\n<meta name=\"twitter:site\" content=\"@SocietaArti\" \/>\n<meta name=\"twitter:label1\" content=\"Est. reading time\" \/>\n\t<meta name=\"twitter:data1\" content=\"4 minutes\" \/>\n<script type=\"application\/ld+json\" class=\"yoast-schema-graph\">{\"@context\":\"https:\\\/\\\/schema.org\",\"@graph\":[{\"@type\":\"WebPage\",\"@id\":\"https:\\\/\\\/www.sba.it\\\/en\\\/artists\\\/boldini-giovanni-biografia-quadri-in-vendita-valutazione-stima-perizia-certificata-di-dipinti-di-boldini-giovanni\\\/\",\"url\":\"https:\\\/\\\/www.sba.it\\\/en\\\/artists\\\/boldini-giovanni-biografia-quadri-in-vendita-valutazione-stima-perizia-certificata-di-dipinti-di-boldini-giovanni\\\/\",\"name\":\"Boldini Giovanni (1842-1931). Biografia. Quadri in vendita.\",\"isPartOf\":{\"@id\":\"https:\\\/\\\/www.sba.it\\\/#website\"},\"primaryImageOfPage\":{\"@id\":\"https:\\\/\\\/www.sba.it\\\/en\\\/artists\\\/boldini-giovanni-biografia-quadri-in-vendita-valutazione-stima-perizia-certificata-di-dipinti-di-boldini-giovanni\\\/#primaryimage\"},\"image\":{\"@id\":\"https:\\\/\\\/www.sba.it\\\/en\\\/artists\\\/boldini-giovanni-biografia-quadri-in-vendita-valutazione-stima-perizia-certificata-di-dipinti-di-boldini-giovanni\\\/#primaryimage\"},\"thumbnailUrl\":\"https:\\\/\\\/www.sba.it\\\/wp-content\\\/uploads\\\/2013\\\/06\\\/images_artisti_Giovanni-Boldini-vendita-dipinti-macchiaioli.jpg\",\"datePublished\":\"2013-06-07T07:27:43+00:00\",\"dateModified\":\"2021-10-28T09:03:48+00:00\",\"description\":\"Giovanni Boldini leggi la vita del pittore dell'800, Giovanni Boldini vendita e acquisto dipinti, dove comprare quadri dell'800 italiano\",\"breadcrumb\":{\"@id\":\"https:\\\/\\\/www.sba.it\\\/en\\\/artists\\\/boldini-giovanni-biografia-quadri-in-vendita-valutazione-stima-perizia-certificata-di-dipinti-di-boldini-giovanni\\\/#breadcrumb\"},\"inLanguage\":\"en-US\",\"potentialAction\":[{\"@type\":\"ReadAction\",\"target\":[\"https:\\\/\\\/www.sba.it\\\/en\\\/artists\\\/boldini-giovanni-biografia-quadri-in-vendita-valutazione-stima-perizia-certificata-di-dipinti-di-boldini-giovanni\\\/\"]}]},{\"@type\":\"ImageObject\",\"inLanguage\":\"en-US\",\"@id\":\"https:\\\/\\\/www.sba.it\\\/en\\\/artists\\\/boldini-giovanni-biografia-quadri-in-vendita-valutazione-stima-perizia-certificata-di-dipinti-di-boldini-giovanni\\\/#primaryimage\",\"url\":\"https:\\\/\\\/www.sba.it\\\/wp-content\\\/uploads\\\/2013\\\/06\\\/images_artisti_Giovanni-Boldini-vendita-dipinti-macchiaioli.jpg\",\"contentUrl\":\"https:\\\/\\\/www.sba.it\\\/wp-content\\\/uploads\\\/2013\\\/06\\\/images_artisti_Giovanni-Boldini-vendita-dipinti-macchiaioli.jpg\",\"width\":300,\"height\":422,\"caption\":\"Autoritratto del pittore Giovanni Boldini\"},{\"@type\":\"BreadcrumbList\",\"@id\":\"https:\\\/\\\/www.sba.it\\\/en\\\/artists\\\/boldini-giovanni-biografia-quadri-in-vendita-valutazione-stima-perizia-certificata-di-dipinti-di-boldini-giovanni\\\/#breadcrumb\",\"itemListElement\":[{\"@type\":\"ListItem\",\"position\":1,\"name\":\"Home\",\"item\":\"https:\\\/\\\/www.sba.it\\\/en\\\/\"},{\"@type\":\"ListItem\",\"position\":2,\"name\":\"Artists\",\"item\":\"https:\\\/\\\/www.sba.it\\\/en\\\/artists\\\/\"},{\"@type\":\"ListItem\",\"position\":3,\"name\":\"Boldini Giovanni (1842-1931). Biografia. Quadri in vendita.\"}]},{\"@type\":\"WebSite\",\"@id\":\"https:\\\/\\\/www.sba.it\\\/#website\",\"url\":\"https:\\\/\\\/www.sba.it\\\/\",\"name\":\"Societ\u00e0 di Belle Arti\",\"description\":\"Quadri macchiaioli e del 800 e 900 in vendita\",\"publisher\":{\"@id\":\"https:\\\/\\\/www.sba.it\\\/#organization\"},\"potentialAction\":[{\"@type\":\"SearchAction\",\"target\":{\"@type\":\"EntryPoint\",\"urlTemplate\":\"https:\\\/\\\/www.sba.it\\\/?s={search_term_string}\"},\"query-input\":{\"@type\":\"PropertyValueSpecification\",\"valueRequired\":true,\"valueName\":\"search_term_string\"}}],\"inLanguage\":\"en-US\"},{\"@type\":\"Organization\",\"@id\":\"https:\\\/\\\/www.sba.it\\\/#organization\",\"name\":\"Societ\u00e0 di Belle Arti\",\"url\":\"https:\\\/\\\/www.sba.it\\\/\",\"logo\":{\"@type\":\"ImageObject\",\"inLanguage\":\"en-US\",\"@id\":\"https:\\\/\\\/www.sba.it\\\/#\\\/schema\\\/logo\\\/image\\\/\",\"url\":\"https:\\\/\\\/www.sba.it\\\/wp-content\\\/uploads\\\/2019\\\/04\\\/Logo-rosso_nero.png\",\"contentUrl\":\"https:\\\/\\\/www.sba.it\\\/wp-content\\\/uploads\\\/2019\\\/04\\\/Logo-rosso_nero.png\",\"width\":2532,\"height\":1137,\"caption\":\"Societ\u00e0 di Belle Arti\"},\"image\":{\"@id\":\"https:\\\/\\\/www.sba.it\\\/#\\\/schema\\\/logo\\\/image\\\/\"},\"sameAs\":[\"https:\\\/\\\/www.facebook.com\\\/pitturaitaliana800e900\\\/\",\"https:\\\/\\\/x.com\\\/SocietaArti\",\"https:\\\/\\\/www.instagram.com\\\/societadibellearti\",\"https:\\\/\\\/www.linkedin.com\\\/in\\\/societ\u00e0-di-belle-arti-363aa8191\\\/\",\"https:\\\/\\\/www.youtube.com\\\/channel\\\/UC6fJlk-ajwhsnEIICATyXaQ\"]}]}<\/script>\n<!-- \/ Yoast SEO plugin. -->","yoast_head_json":{"title":"Boldini Giovanni (1842-1931). Biografia. Quadri in vendita.","description":"Giovanni Boldini leggi la vita del pittore dell'800, Giovanni Boldini vendita e acquisto dipinti, dove comprare quadri dell'800 italiano","robots":{"index":"index","follow":"follow","max-snippet":"max-snippet:-1","max-image-preview":"max-image-preview:large","max-video-preview":"max-video-preview:-1"},"canonical":"https:\/\/www.sba.it\/en\/artists\/boldini-giovanni-biografia-quadri-in-vendita-valutazione-stima-perizia-certificata-di-dipinti-di-boldini-giovanni\/","og_locale":"en_US","og_type":"article","og_title":"Boldini Giovanni (1842-1931). Biografia. Quadri in vendita.","og_description":"Giovanni Boldini leggi la vita del pittore dell'800, Giovanni Boldini vendita e acquisto dipinti, dove comprare quadri dell'800 italiano","og_url":"https:\/\/www.sba.it\/en\/artists\/boldini-giovanni-biografia-quadri-in-vendita-valutazione-stima-perizia-certificata-di-dipinti-di-boldini-giovanni\/","og_site_name":"Societ\u00e0 di Belle Arti","article_publisher":"https:\/\/www.facebook.com\/pitturaitaliana800e900\/","article_modified_time":"2021-10-28T09:03:48+00:00","og_image":[{"width":300,"height":422,"url":"https:\/\/www.sba.it\/wp-content\/uploads\/2013\/06\/images_artisti_Giovanni-Boldini-vendita-dipinti-macchiaioli.jpg","type":"image\/jpeg"}],"twitter_card":"summary_large_image","twitter_site":"@SocietaArti","twitter_misc":{"Est. reading time":"4 minutes"},"schema":{"@context":"https:\/\/schema.org","@graph":[{"@type":"WebPage","@id":"https:\/\/www.sba.it\/en\/artists\/boldini-giovanni-biografia-quadri-in-vendita-valutazione-stima-perizia-certificata-di-dipinti-di-boldini-giovanni\/","url":"https:\/\/www.sba.it\/en\/artists\/boldini-giovanni-biografia-quadri-in-vendita-valutazione-stima-perizia-certificata-di-dipinti-di-boldini-giovanni\/","name":"Boldini Giovanni (1842-1931). Biografia. Quadri in vendita.","isPartOf":{"@id":"https:\/\/www.sba.it\/#website"},"primaryImageOfPage":{"@id":"https:\/\/www.sba.it\/en\/artists\/boldini-giovanni-biografia-quadri-in-vendita-valutazione-stima-perizia-certificata-di-dipinti-di-boldini-giovanni\/#primaryimage"},"image":{"@id":"https:\/\/www.sba.it\/en\/artists\/boldini-giovanni-biografia-quadri-in-vendita-valutazione-stima-perizia-certificata-di-dipinti-di-boldini-giovanni\/#primaryimage"},"thumbnailUrl":"https:\/\/www.sba.it\/wp-content\/uploads\/2013\/06\/images_artisti_Giovanni-Boldini-vendita-dipinti-macchiaioli.jpg","datePublished":"2013-06-07T07:27:43+00:00","dateModified":"2021-10-28T09:03:48+00:00","description":"Giovanni Boldini leggi la vita del pittore dell'800, Giovanni Boldini vendita e acquisto dipinti, dove comprare quadri dell'800 italiano","breadcrumb":{"@id":"https:\/\/www.sba.it\/en\/artists\/boldini-giovanni-biografia-quadri-in-vendita-valutazione-stima-perizia-certificata-di-dipinti-di-boldini-giovanni\/#breadcrumb"},"inLanguage":"en-US","potentialAction":[{"@type":"ReadAction","target":["https:\/\/www.sba.it\/en\/artists\/boldini-giovanni-biografia-quadri-in-vendita-valutazione-stima-perizia-certificata-di-dipinti-di-boldini-giovanni\/"]}]},{"@type":"ImageObject","inLanguage":"en-US","@id":"https:\/\/www.sba.it\/en\/artists\/boldini-giovanni-biografia-quadri-in-vendita-valutazione-stima-perizia-certificata-di-dipinti-di-boldini-giovanni\/#primaryimage","url":"https:\/\/www.sba.it\/wp-content\/uploads\/2013\/06\/images_artisti_Giovanni-Boldini-vendita-dipinti-macchiaioli.jpg","contentUrl":"https:\/\/www.sba.it\/wp-content\/uploads\/2013\/06\/images_artisti_Giovanni-Boldini-vendita-dipinti-macchiaioli.jpg","width":300,"height":422,"caption":"Autoritratto del pittore Giovanni Boldini"},{"@type":"BreadcrumbList","@id":"https:\/\/www.sba.it\/en\/artists\/boldini-giovanni-biografia-quadri-in-vendita-valutazione-stima-perizia-certificata-di-dipinti-di-boldini-giovanni\/#breadcrumb","itemListElement":[{"@type":"ListItem","position":1,"name":"Home","item":"https:\/\/www.sba.it\/en\/"},{"@type":"ListItem","position":2,"name":"Artists","item":"https:\/\/www.sba.it\/en\/artists\/"},{"@type":"ListItem","position":3,"name":"Boldini Giovanni (1842-1931). Biografia. Quadri in vendita."}]},{"@type":"WebSite","@id":"https:\/\/www.sba.it\/#website","url":"https:\/\/www.sba.it\/","name":"Societ\u00e0 di Belle Arti","description":"Quadri macchiaioli e del 800 e 900 in vendita","publisher":{"@id":"https:\/\/www.sba.it\/#organization"},"potentialAction":[{"@type":"SearchAction","target":{"@type":"EntryPoint","urlTemplate":"https:\/\/www.sba.it\/?s={search_term_string}"},"query-input":{"@type":"PropertyValueSpecification","valueRequired":true,"valueName":"search_term_string"}}],"inLanguage":"en-US"},{"@type":"Organization","@id":"https:\/\/www.sba.it\/#organization","name":"Societ\u00e0 di Belle Arti","url":"https:\/\/www.sba.it\/","logo":{"@type":"ImageObject","inLanguage":"en-US","@id":"https:\/\/www.sba.it\/#\/schema\/logo\/image\/","url":"https:\/\/www.sba.it\/wp-content\/uploads\/2019\/04\/Logo-rosso_nero.png","contentUrl":"https:\/\/www.sba.it\/wp-content\/uploads\/2019\/04\/Logo-rosso_nero.png","width":2532,"height":1137,"caption":"Societ\u00e0 di Belle Arti"},"image":{"@id":"https:\/\/www.sba.it\/#\/schema\/logo\/image\/"},"sameAs":["https:\/\/www.facebook.com\/pitturaitaliana800e900\/","https:\/\/x.com\/SocietaArti","https:\/\/www.instagram.com\/societadibellearti","https:\/\/www.linkedin.com\/in\/societ\u00e0-di-belle-arti-363aa8191\/","https:\/\/www.youtube.com\/channel\/UC6fJlk-ajwhsnEIICATyXaQ"]}]}},"_links":{"self":[{"href":"https:\/\/www.sba.it\/en\/wp-json\/wp\/v2\/pages\/73791","targetHints":{"allow":["GET"]}}],"collection":[{"href":"https:\/\/www.sba.it\/en\/wp-json\/wp\/v2\/pages"}],"about":[{"href":"https:\/\/www.sba.it\/en\/wp-json\/wp\/v2\/types\/page"}],"author":[{"embeddable":true,"href":"https:\/\/www.sba.it\/en\/wp-json\/wp\/v2\/users\/1"}],"replies":[{"embeddable":true,"href":"https:\/\/www.sba.it\/en\/wp-json\/wp\/v2\/comments?post=73791"}],"version-history":[{"count":22,"href":"https:\/\/www.sba.it\/en\/wp-json\/wp\/v2\/pages\/73791\/revisions"}],"predecessor-version":[{"id":89223,"href":"https:\/\/www.sba.it\/en\/wp-json\/wp\/v2\/pages\/73791\/revisions\/89223"}],"up":[{"embeddable":true,"href":"https:\/\/www.sba.it\/en\/wp-json\/wp\/v2\/pages\/73496"}],"wp:featuredmedia":[{"embeddable":true,"href":"https:\/\/www.sba.it\/en\/wp-json\/wp\/v2\/media\/239"}],"wp:attachment":[{"href":"https:\/\/www.sba.it\/en\/wp-json\/wp\/v2\/media?parent=73791"}],"curies":[{"name":"wp","href":"https:\/\/api.w.org\/{rel}","templated":true}]}}