{"id":73748,"date":"2013-06-08T07:13:46","date_gmt":"2013-06-08T05:13:46","guid":{"rendered":"http:\/\/www.sba.it\/casorati-felice-biografia-quadri-in-vendita-del-900-valutazione-stima-perizia-certificata-di-dipinti-di-felice-casorati\/"},"modified":"2021-06-15T12:15:11","modified_gmt":"2021-06-15T10:15:11","slug":"casorati-felice-biografia-quadri-in-vendita-del-900-valutazione-stima-perizia-certificata-di-dipinti-di-felice-casorati","status":"publish","type":"page","link":"https:\/\/www.sba.it\/en\/artists\/casorati-felice-biografia-quadri-in-vendita-del-900-valutazione-stima-perizia-certificata-di-dipinti-di-felice-casorati\/","title":{"rendered":"Casorati Felice (1883-1963). Biografia. Quadri in vendita."},"content":{"rendered":"<p>Felice Casorati nacque a Novara nel 1883.<\/p>\n<p>Attratto dalla musica e dalla pittura fin da giovanissimo, nel 1906 si laure\u00f2 a Padova alla facolt\u00e0 di Giurisprudenza.<\/p>\n<p>L\u2019anno successivo partecip\u00f2 con tre opere alla VII <a href=\"https:\/\/www.labiennale.org\/it\">Biennale veneziana<\/a> ottenendo un grande successo con il <em>Ritratto della sorella<\/em>, accolto molto favorevolmente dalla Commissione Internazionale.<\/p>\n<p>Nel 1908 si trasfer\u00ec a Napoli con tutta la famiglia.<\/p>\n<p>Dopo la partecipazione alla IX Biennale di Venezia con <em>Le ereditiere<\/em>, si trasfer\u00ec finalmente a Verona.<\/p>\n<p>Due anni dopo, sempre alla Biennale, present\u00f2\u00a0 <em>Le signorine<\/em>.<\/p>\n<p>Nel 1913 prese parte alla mostra degli artisti di Ca\u2019 Pesaro con <strong>Gino Rossi<\/strong> e<strong> Semeghini<\/strong> ai quali era legato dalla medesima volont\u00e0 d\u2019indipendenza nei confronti dei maestri accademici che dominavano la Biennale.<\/p>\n<p>L\u2019anno successivo espose <em>Trasfigurazione, L\u2019Arcobaleno<\/em> e <em>Via Lattea<\/em> che fu anche il titolo della rivista stampata in quell\u2019anno a Verona.<\/p>\n<p>Di questa\u00a0 Casorati cur\u00f2 la redazione \u00a0con Augusto Calabi, Piero Tedeschi e Umberto Zerbinati.<\/p>\n<p>L&#8217;idea era di\u00a0dare vita a un periodico composto solo di poesie e disegni, ma l\u2019esperimento ebbe vita breve e uscirono solo due numeri.<\/p>\n<p>Con lo scoppio della prima guerra mondiale l\u2019artista tralasci\u00f2 la pittura fino al 1918, quando si trasfer\u00ec definitivamente a Torino.<\/p>\n<p>L\u2019anno seguente present\u00f2 alla Mostra della Societ\u00e0 Promotrice di Belle Arti:\u00a0<em>Paese, Tiro a bersaglio, Pastore, Case popolari<\/em> e <em>Scodelle<\/em>.<\/p>\n<p>Prosegu\u00ec poi la sua partecipazione alla rassegna espositiva di Ca\u2019 Pesaro con <em>Le marionette, Giocattoli, Una donna<\/em> e <em>Le uova<\/em>.<\/p>\n<p>Alla Biennale del 1920 rimase impressionato da un gruppo di opere di C\u00e9zanne di propriet\u00e0 del collezionista fiorentino Egisto Fabbri.<\/p>\n<p>Fino al 1930 la sua produzione non conobbe sosta, raggiungendo gli esiti pi\u00f9 brillanti della carriera artistica.<\/p>\n<p>Si ricordino<em> Fanciulla addormentata<\/em> (1921, andato distrutto in un incendio nel 1931 nel Palazzo di vetro di Monaco), <em>Meriggio<\/em> (1922, Trieste, Museo Revoltella), i tre <em>Ritratti della famiglia Gualino<\/em> (1922-\u201923), <em>Ritratto della signorina Rigotti<\/em> (1924, Torino, collezione Righetti), <em>Daphne<\/em> (1928, Firenze, collezione Ojetti).<\/p>\n<p>Gualino gli affid\u00f2 la progettazione e la decorazione del suo teatrino privato.<\/p>\n<p>Pur privo di ogni esperienza in quel campo, l\u2019artista seppe risolvere in modo originale la problematica della creazione di un ambiente suggestivo.<\/p>\n<p>Gualino ebbe anche il merito di stimolare nel pittore l&#8217;interesse per le arti applicate, incaricandolo di disegnare i mobili per la propria casa (con la collaborazione tecnica dell&#8217;architetto Sartoris).<\/p>\n<p>In questi vi \u00e8 un continuo riferimento alla sua opera di pittore, poich\u00e9 gli elementi sono gli stessi che appaiono nei suoi quadri, con una funzionalit\u00e0 e un senso estetico che anticipa le linee geometriche future.<\/p>\n<p>Nel 1935\u00a0 Felice Casorati ospit\u00f2 nel proprio studio la <em>Collettiva di Arte Astratta Italiana<\/em>, alla quale parteciparono, tra gli altri Fontana, Melotti e Licini.<\/p>\n<p>I riconoscimenti non mancarono: verso la fine degli anni Trenta vinse il premio per la pittura alla Biennale di Venezia, ricevette il Premio Carnegie a Pittsburg nel 1937, il \u201cGrand prix\u201d a Parigi nel 1938 ed il premio per la pittura alla Biennale di Venezia nel 1942.<\/p>\n<p>Nel 1948 fece parte della commissione d&#8217;accettazione della sezione italiana della Biennale di Venezia, tenendovi una personale con <strong><a href=\"http:\/\/www.sba.it\/ottone-rosai-biografia-quadri-in-vendita-stima-perizie-valutazioni-dipinti-di-ottone-rosai\/\">Ottone Rosai<\/a>\u00a0<\/strong>che gli frutt\u00f2 il premio speciale della Presidenza (1952).<\/p>\n<p>Nonostante l\u2019amputazione di una gamba in seguito ad un&#8217;embolia, continu\u00f2 a lavorare e ad esporre, preparando quattro dipinti per una mostra itinerante in Germania e 17 opere per la Biennale di Venezia del 1962.<\/p>\n<p>Felice Casorati mor\u00ec l\u2019anno successivo.<\/p>\n<p>&nbsp;<\/p>\n<p>&nbsp;<\/p>\n<hr style=\"width: 1000px;\" \/>\n<h3 style=\"font-size: 12pt;\"><a href=\"https:\/\/www.sba.it\/opere\/\">CATALOGO OPERE<\/a><\/h3>\n<p><strong><a href=\"https:\/\/www.sba.it\/en\/to-sell\/\">VUOI VENDERE O COMPRARE UN QUADRO DI QUESTO ARTISTA?<\/a><\/strong><\/p>\n<p>&nbsp;<\/p>\n<p>&nbsp;<\/p>\n<p>&nbsp;<\/p>\n<p>&nbsp;<\/p>\n<p>&nbsp;<\/p>\n<p>&nbsp;<\/p>\n<p>&nbsp;<\/p>\n","protected":false},"excerpt":{"rendered":"<p>Felice Casorati nacque a Novara nel 1883. Attratto dalla musica e dalla pittura fin da giovanissimo, nel 1906 si laure\u00f2 [&hellip;]<\/p>\n","protected":false},"author":1,"featured_media":88873,"parent":73496,"menu_order":173,"comment_status":"closed","ping_status":"closed","template":"","meta":{"_monsterinsights_skip_tracking":false,"_monsterinsights_sitenote_active":false,"_monsterinsights_sitenote_note":"","_monsterinsights_sitenote_category":0,"footnotes":""},"class_list":["post-73748","page","type-page","status-publish","has-post-thumbnail","hentry","page_category-artists"],"yoast_head":"<!-- This site is optimized with the Yoast SEO plugin v27.5 - https:\/\/yoast.com\/product\/yoast-seo-wordpress\/ -->\n<title>Casorati Felice (1883-1963). Biografia. Quadri in vendita.<\/title>\n<meta name=\"description\" content=\"Felice Casorati leggi la biografia del pittore, vendita quadri del 900, dove comprare dipinti di Felice Casorati, comprare opere del 900, capolavori vendita\" \/>\n<meta name=\"robots\" content=\"index, follow, max-snippet:-1, max-image-preview:large, max-video-preview:-1\" \/>\n<link rel=\"canonical\" href=\"https:\/\/www.sba.it\/en\/artists\/casorati-felice-biografia-quadri-in-vendita-del-900-valutazione-stima-perizia-certificata-di-dipinti-di-felice-casorati\/\" \/>\n<meta property=\"og:locale\" content=\"en_US\" \/>\n<meta property=\"og:type\" content=\"article\" \/>\n<meta property=\"og:title\" content=\"Casorati Felice (1883-1963). Biografia. Quadri in vendita.\" \/>\n<meta property=\"og:description\" content=\"Felice Casorati leggi la biografia del pittore, vendita quadri del 900, dove comprare dipinti di Felice Casorati, comprare opere del 900, capolavori vendita\" \/>\n<meta property=\"og:url\" content=\"https:\/\/www.sba.it\/en\/artists\/casorati-felice-biografia-quadri-in-vendita-del-900-valutazione-stima-perizia-certificata-di-dipinti-di-felice-casorati\/\" \/>\n<meta property=\"og:site_name\" content=\"Societ\u00e0 di Belle Arti\" \/>\n<meta property=\"article:publisher\" content=\"https:\/\/www.facebook.com\/pitturaitaliana800e900\/\" \/>\n<meta property=\"article:modified_time\" content=\"2021-06-15T10:15:11+00:00\" \/>\n<meta property=\"og:image\" content=\"https:\/\/www.sba.it\/wp-content\/uploads\/2021\/05\/download.png\" \/>\n\t<meta property=\"og:image:width\" content=\"386\" \/>\n\t<meta property=\"og:image:height\" content=\"131\" \/>\n\t<meta property=\"og:image:type\" content=\"image\/png\" \/>\n<meta name=\"twitter:card\" content=\"summary_large_image\" \/>\n<meta name=\"twitter:site\" content=\"@SocietaArti\" \/>\n<meta name=\"twitter:label1\" content=\"Est. reading time\" \/>\n\t<meta name=\"twitter:data1\" content=\"3 minutes\" \/>\n<script type=\"application\/ld+json\" class=\"yoast-schema-graph\">{\"@context\":\"https:\\\/\\\/schema.org\",\"@graph\":[{\"@type\":\"WebPage\",\"@id\":\"https:\\\/\\\/www.sba.it\\\/en\\\/artists\\\/casorati-felice-biografia-quadri-in-vendita-del-900-valutazione-stima-perizia-certificata-di-dipinti-di-felice-casorati\\\/\",\"url\":\"https:\\\/\\\/www.sba.it\\\/en\\\/artists\\\/casorati-felice-biografia-quadri-in-vendita-del-900-valutazione-stima-perizia-certificata-di-dipinti-di-felice-casorati\\\/\",\"name\":\"Casorati Felice (1883-1963). Biografia. Quadri in vendita.\",\"isPartOf\":{\"@id\":\"https:\\\/\\\/www.sba.it\\\/#website\"},\"primaryImageOfPage\":{\"@id\":\"https:\\\/\\\/www.sba.it\\\/en\\\/artists\\\/casorati-felice-biografia-quadri-in-vendita-del-900-valutazione-stima-perizia-certificata-di-dipinti-di-felice-casorati\\\/#primaryimage\"},\"image\":{\"@id\":\"https:\\\/\\\/www.sba.it\\\/en\\\/artists\\\/casorati-felice-biografia-quadri-in-vendita-del-900-valutazione-stima-perizia-certificata-di-dipinti-di-felice-casorati\\\/#primaryimage\"},\"thumbnailUrl\":\"https:\\\/\\\/www.sba.it\\\/wp-content\\\/uploads\\\/2021\\\/05\\\/download.png\",\"datePublished\":\"2013-06-08T05:13:46+00:00\",\"dateModified\":\"2021-06-15T10:15:11+00:00\",\"description\":\"Felice Casorati leggi la biografia del pittore, vendita quadri del 900, dove comprare dipinti di Felice Casorati, comprare opere del 900, capolavori vendita\",\"breadcrumb\":{\"@id\":\"https:\\\/\\\/www.sba.it\\\/en\\\/artists\\\/casorati-felice-biografia-quadri-in-vendita-del-900-valutazione-stima-perizia-certificata-di-dipinti-di-felice-casorati\\\/#breadcrumb\"},\"inLanguage\":\"en-US\",\"potentialAction\":[{\"@type\":\"ReadAction\",\"target\":[\"https:\\\/\\\/www.sba.it\\\/en\\\/artists\\\/casorati-felice-biografia-quadri-in-vendita-del-900-valutazione-stima-perizia-certificata-di-dipinti-di-felice-casorati\\\/\"]}]},{\"@type\":\"ImageObject\",\"inLanguage\":\"en-US\",\"@id\":\"https:\\\/\\\/www.sba.it\\\/en\\\/artists\\\/casorati-felice-biografia-quadri-in-vendita-del-900-valutazione-stima-perizia-certificata-di-dipinti-di-felice-casorati\\\/#primaryimage\",\"url\":\"https:\\\/\\\/www.sba.it\\\/wp-content\\\/uploads\\\/2021\\\/05\\\/download.png\",\"contentUrl\":\"https:\\\/\\\/www.sba.it\\\/wp-content\\\/uploads\\\/2021\\\/05\\\/download.png\",\"width\":386,\"height\":131,\"caption\":\"Felice Caasorati quadri in vendita\"},{\"@type\":\"BreadcrumbList\",\"@id\":\"https:\\\/\\\/www.sba.it\\\/en\\\/artists\\\/casorati-felice-biografia-quadri-in-vendita-del-900-valutazione-stima-perizia-certificata-di-dipinti-di-felice-casorati\\\/#breadcrumb\",\"itemListElement\":[{\"@type\":\"ListItem\",\"position\":1,\"name\":\"Home\",\"item\":\"https:\\\/\\\/www.sba.it\\\/en\\\/\"},{\"@type\":\"ListItem\",\"position\":2,\"name\":\"Artists\",\"item\":\"https:\\\/\\\/www.sba.it\\\/en\\\/artists\\\/\"},{\"@type\":\"ListItem\",\"position\":3,\"name\":\"Casorati Felice (1883-1963). Biografia. Quadri in vendita.\"}]},{\"@type\":\"WebSite\",\"@id\":\"https:\\\/\\\/www.sba.it\\\/#website\",\"url\":\"https:\\\/\\\/www.sba.it\\\/\",\"name\":\"Societ\u00e0 di Belle Arti\",\"description\":\"Quadri macchiaioli e del 800 e 900 in vendita\",\"publisher\":{\"@id\":\"https:\\\/\\\/www.sba.it\\\/#organization\"},\"potentialAction\":[{\"@type\":\"SearchAction\",\"target\":{\"@type\":\"EntryPoint\",\"urlTemplate\":\"https:\\\/\\\/www.sba.it\\\/?s={search_term_string}\"},\"query-input\":{\"@type\":\"PropertyValueSpecification\",\"valueRequired\":true,\"valueName\":\"search_term_string\"}}],\"inLanguage\":\"en-US\"},{\"@type\":\"Organization\",\"@id\":\"https:\\\/\\\/www.sba.it\\\/#organization\",\"name\":\"Societ\u00e0 di Belle Arti\",\"url\":\"https:\\\/\\\/www.sba.it\\\/\",\"logo\":{\"@type\":\"ImageObject\",\"inLanguage\":\"en-US\",\"@id\":\"https:\\\/\\\/www.sba.it\\\/#\\\/schema\\\/logo\\\/image\\\/\",\"url\":\"https:\\\/\\\/www.sba.it\\\/wp-content\\\/uploads\\\/2019\\\/04\\\/Logo-rosso_nero.png\",\"contentUrl\":\"https:\\\/\\\/www.sba.it\\\/wp-content\\\/uploads\\\/2019\\\/04\\\/Logo-rosso_nero.png\",\"width\":2532,\"height\":1137,\"caption\":\"Societ\u00e0 di Belle Arti\"},\"image\":{\"@id\":\"https:\\\/\\\/www.sba.it\\\/#\\\/schema\\\/logo\\\/image\\\/\"},\"sameAs\":[\"https:\\\/\\\/www.facebook.com\\\/pitturaitaliana800e900\\\/\",\"https:\\\/\\\/x.com\\\/SocietaArti\",\"https:\\\/\\\/www.instagram.com\\\/societadibellearti\",\"https:\\\/\\\/www.linkedin.com\\\/in\\\/societ\u00e0-di-belle-arti-363aa8191\\\/\",\"https:\\\/\\\/www.youtube.com\\\/channel\\\/UC6fJlk-ajwhsnEIICATyXaQ\"]}]}<\/script>\n<!-- \/ Yoast SEO plugin. -->","yoast_head_json":{"title":"Casorati Felice (1883-1963). Biografia. Quadri in vendita.","description":"Felice Casorati leggi la biografia del pittore, vendita quadri del 900, dove comprare dipinti di Felice Casorati, comprare opere del 900, capolavori vendita","robots":{"index":"index","follow":"follow","max-snippet":"max-snippet:-1","max-image-preview":"max-image-preview:large","max-video-preview":"max-video-preview:-1"},"canonical":"https:\/\/www.sba.it\/en\/artists\/casorati-felice-biografia-quadri-in-vendita-del-900-valutazione-stima-perizia-certificata-di-dipinti-di-felice-casorati\/","og_locale":"en_US","og_type":"article","og_title":"Casorati Felice (1883-1963). Biografia. Quadri in vendita.","og_description":"Felice Casorati leggi la biografia del pittore, vendita quadri del 900, dove comprare dipinti di Felice Casorati, comprare opere del 900, capolavori vendita","og_url":"https:\/\/www.sba.it\/en\/artists\/casorati-felice-biografia-quadri-in-vendita-del-900-valutazione-stima-perizia-certificata-di-dipinti-di-felice-casorati\/","og_site_name":"Societ\u00e0 di Belle Arti","article_publisher":"https:\/\/www.facebook.com\/pitturaitaliana800e900\/","article_modified_time":"2021-06-15T10:15:11+00:00","og_image":[{"width":386,"height":131,"url":"https:\/\/www.sba.it\/wp-content\/uploads\/2021\/05\/download.png","type":"image\/png"}],"twitter_card":"summary_large_image","twitter_site":"@SocietaArti","twitter_misc":{"Est. reading time":"3 minutes"},"schema":{"@context":"https:\/\/schema.org","@graph":[{"@type":"WebPage","@id":"https:\/\/www.sba.it\/en\/artists\/casorati-felice-biografia-quadri-in-vendita-del-900-valutazione-stima-perizia-certificata-di-dipinti-di-felice-casorati\/","url":"https:\/\/www.sba.it\/en\/artists\/casorati-felice-biografia-quadri-in-vendita-del-900-valutazione-stima-perizia-certificata-di-dipinti-di-felice-casorati\/","name":"Casorati Felice (1883-1963). Biografia. Quadri in vendita.","isPartOf":{"@id":"https:\/\/www.sba.it\/#website"},"primaryImageOfPage":{"@id":"https:\/\/www.sba.it\/en\/artists\/casorati-felice-biografia-quadri-in-vendita-del-900-valutazione-stima-perizia-certificata-di-dipinti-di-felice-casorati\/#primaryimage"},"image":{"@id":"https:\/\/www.sba.it\/en\/artists\/casorati-felice-biografia-quadri-in-vendita-del-900-valutazione-stima-perizia-certificata-di-dipinti-di-felice-casorati\/#primaryimage"},"thumbnailUrl":"https:\/\/www.sba.it\/wp-content\/uploads\/2021\/05\/download.png","datePublished":"2013-06-08T05:13:46+00:00","dateModified":"2021-06-15T10:15:11+00:00","description":"Felice Casorati leggi la biografia del pittore, vendita quadri del 900, dove comprare dipinti di Felice Casorati, comprare opere del 900, capolavori vendita","breadcrumb":{"@id":"https:\/\/www.sba.it\/en\/artists\/casorati-felice-biografia-quadri-in-vendita-del-900-valutazione-stima-perizia-certificata-di-dipinti-di-felice-casorati\/#breadcrumb"},"inLanguage":"en-US","potentialAction":[{"@type":"ReadAction","target":["https:\/\/www.sba.it\/en\/artists\/casorati-felice-biografia-quadri-in-vendita-del-900-valutazione-stima-perizia-certificata-di-dipinti-di-felice-casorati\/"]}]},{"@type":"ImageObject","inLanguage":"en-US","@id":"https:\/\/www.sba.it\/en\/artists\/casorati-felice-biografia-quadri-in-vendita-del-900-valutazione-stima-perizia-certificata-di-dipinti-di-felice-casorati\/#primaryimage","url":"https:\/\/www.sba.it\/wp-content\/uploads\/2021\/05\/download.png","contentUrl":"https:\/\/www.sba.it\/wp-content\/uploads\/2021\/05\/download.png","width":386,"height":131,"caption":"Felice Caasorati quadri in vendita"},{"@type":"BreadcrumbList","@id":"https:\/\/www.sba.it\/en\/artists\/casorati-felice-biografia-quadri-in-vendita-del-900-valutazione-stima-perizia-certificata-di-dipinti-di-felice-casorati\/#breadcrumb","itemListElement":[{"@type":"ListItem","position":1,"name":"Home","item":"https:\/\/www.sba.it\/en\/"},{"@type":"ListItem","position":2,"name":"Artists","item":"https:\/\/www.sba.it\/en\/artists\/"},{"@type":"ListItem","position":3,"name":"Casorati Felice (1883-1963). Biografia. Quadri in vendita."}]},{"@type":"WebSite","@id":"https:\/\/www.sba.it\/#website","url":"https:\/\/www.sba.it\/","name":"Societ\u00e0 di Belle Arti","description":"Quadri macchiaioli e del 800 e 900 in vendita","publisher":{"@id":"https:\/\/www.sba.it\/#organization"},"potentialAction":[{"@type":"SearchAction","target":{"@type":"EntryPoint","urlTemplate":"https:\/\/www.sba.it\/?s={search_term_string}"},"query-input":{"@type":"PropertyValueSpecification","valueRequired":true,"valueName":"search_term_string"}}],"inLanguage":"en-US"},{"@type":"Organization","@id":"https:\/\/www.sba.it\/#organization","name":"Societ\u00e0 di Belle Arti","url":"https:\/\/www.sba.it\/","logo":{"@type":"ImageObject","inLanguage":"en-US","@id":"https:\/\/www.sba.it\/#\/schema\/logo\/image\/","url":"https:\/\/www.sba.it\/wp-content\/uploads\/2019\/04\/Logo-rosso_nero.png","contentUrl":"https:\/\/www.sba.it\/wp-content\/uploads\/2019\/04\/Logo-rosso_nero.png","width":2532,"height":1137,"caption":"Societ\u00e0 di Belle Arti"},"image":{"@id":"https:\/\/www.sba.it\/#\/schema\/logo\/image\/"},"sameAs":["https:\/\/www.facebook.com\/pitturaitaliana800e900\/","https:\/\/x.com\/SocietaArti","https:\/\/www.instagram.com\/societadibellearti","https:\/\/www.linkedin.com\/in\/societ\u00e0-di-belle-arti-363aa8191\/","https:\/\/www.youtube.com\/channel\/UC6fJlk-ajwhsnEIICATyXaQ"]}]}},"_links":{"self":[{"href":"https:\/\/www.sba.it\/en\/wp-json\/wp\/v2\/pages\/73748","targetHints":{"allow":["GET"]}}],"collection":[{"href":"https:\/\/www.sba.it\/en\/wp-json\/wp\/v2\/pages"}],"about":[{"href":"https:\/\/www.sba.it\/en\/wp-json\/wp\/v2\/types\/page"}],"author":[{"embeddable":true,"href":"https:\/\/www.sba.it\/en\/wp-json\/wp\/v2\/users\/1"}],"replies":[{"embeddable":true,"href":"https:\/\/www.sba.it\/en\/wp-json\/wp\/v2\/comments?post=73748"}],"version-history":[{"count":26,"href":"https:\/\/www.sba.it\/en\/wp-json\/wp\/v2\/pages\/73748\/revisions"}],"predecessor-version":[{"id":89111,"href":"https:\/\/www.sba.it\/en\/wp-json\/wp\/v2\/pages\/73748\/revisions\/89111"}],"up":[{"embeddable":true,"href":"https:\/\/www.sba.it\/en\/wp-json\/wp\/v2\/pages\/73496"}],"wp:featuredmedia":[{"embeddable":true,"href":"https:\/\/www.sba.it\/en\/wp-json\/wp\/v2\/media\/88873"}],"wp:attachment":[{"href":"https:\/\/www.sba.it\/en\/wp-json\/wp\/v2\/media?parent=73748"}],"curies":[{"name":"wp","href":"https:\/\/api.w.org\/{rel}","templated":true}]}}