{"id":73732,"date":"2013-06-09T05:39:29","date_gmt":"2013-06-09T03:39:29","guid":{"rendered":"http:\/\/www.sba.it\/adriano-cecioni-biografia-quadri-in-vendita-macchiaioli-valutazione-stima-perizia-certificata-di-dipinti-di-adriano-cecioni\/"},"modified":"2019-04-11T17:47:46","modified_gmt":"2019-04-11T15:47:46","slug":"adriano-cecioni-biografia-quadri-in-vendita-macchiaioli-valutazione-stima-perizia-certificata-di-dipinti-di-adriano-cecioni","status":"publish","type":"page","link":"https:\/\/www.sba.it\/en\/artists\/adriano-cecioni-biografia-quadri-in-vendita-macchiaioli-valutazione-stima-perizia-certificata-di-dipinti-di-adriano-cecioni\/","title":{"rendered":"Cecioni Adriano (1836-1886). Biografia. Quadri in vendita."},"content":{"rendered":"<p>Fontebuona (Firenze) 1836 &#8211; Firenze 1886<\/p>\n<p style=\"text-align: justify;\"><img decoding=\"async\" class=\" alignleft size-full wp-image-262\" style=\"margin-right: 20px; float: left;\" src=\"http:\/\/www.sba.it\/wp-content\/uploads\/2013\/06\/images_artisti_Adriano-Cecioni-vendita-dipinti-macchiaioli.jpg\" alt=\"Adriano-Cecioni-vendita-dipinti-macchiaioli\" width=\"300\" height=\"463\" srcset=\"https:\/\/www.sba.it\/wp-content\/uploads\/2013\/06\/images_artisti_Adriano-Cecioni-vendita-dipinti-macchiaioli.jpg 300w, https:\/\/www.sba.it\/wp-content\/uploads\/2013\/06\/images_artisti_Adriano-Cecioni-vendita-dipinti-macchiaioli-194x300.jpg 194w\" sizes=\"(max-width: 300px) 100vw, 300px\" \/>Iscrittosi nel 1859 all\u2019Accademia di Belle Arti di Firenze, incontr\u00f2 per la prima volta Pointeau e <a href=\"http:\/\/www.sba.it\/signorini-telemaco-biografia-quadri-in-vendita-macchiaioli-valutazione-stime-e-perizie-certificate-su-dipinti-macchiaioli-di-telemaco-signorini\/\"><strong>Signorini<\/strong><\/a>, dei\u00a0quali non riscosse, per\u00f2, la simpatia.<\/p>\n<p style=\"text-align: justify;\">A rinsaldare il rapporto con quest\u2019ultimo valse, invece, l\u2019esperienza militare condivisa della Seconda Guerra d\u2019Indipendenza.<\/p>\n<p style=\"text-align: justify;\">Al termine di quest&#8217;ultima\u00a0 si dedic\u00f2\u00a0 alla scultura sotto la guida di Aristodemo Costoli e fu introdotto da <a href=\"http:\/\/www.sba.it\/lega-silvestro-biografia-quadri-macchiaioli-in-vendita-valutazione-stima-perzia-certificata-dipinti-macchiaioli-silvestro-lega\/\"><strong>Lega<\/strong><\/a> nell\u2019ambiente\u00a0del <strong>caff\u00e8 Michelangiolo<\/strong>.<\/p>\n<p style=\"text-align: justify;\">Tra il \u201959 ed il \u201860 arrivarono i primi riconoscimenti ufficiali.<\/p>\n<p style=\"text-align: justify;\">Ottenne infatti\u00a0 un premio per la sezione \u201cBozzetti in creta d\u2019invenzione\u201d e uno per &#8220;l&#8217;Accademia in creta del nudo\u201d nella prova di emulazione indetta dall\u2019Accademia .<\/p>\n<p style=\"text-align: justify;\">\u00a0Partecip\u00f2\u00a0 poi, con il ritratto di Carlo Alberto,\u00a0 al concorso nazionale bandito da Bettino Ricasoli.<br \/>\nNel \u201963, a seguito della vincita del concorso per il pensionato fuori Toscana, si rec\u00f2 per un periodo di studio a Napoli e qui apprezz\u00f2 un gruppo di giovani che stavano sperimentando un modo \u201cantiaccademico\u201d di fare pittura per molti versi affine a quello dei coetanei <strong><a href=\"https:\/\/www.sba.it\/en\/macchiaioli-paintings-for-sale-19th-20th-century-italian-paintings-for-sale\/?lang=ru\">Macchiaioli<\/a><\/strong>.<\/p>\n<p style=\"text-align: justify;\">Quell\u2019incontro si rivel\u00f2 determinante per la maturazione dello stesso Cecioni.<\/p>\n<p style=\"text-align: justify;\">Egli ebbe modo, infatti, di approfondire lo studio dei toni e dei valori luministici, gi\u00e0 avviato a Firenze.<\/p>\n<p style=\"text-align: justify;\">Frutto di questo momento di felice creativit\u00e0, fu il bassorilievo in gesso <em>Una visita al sepolcro<\/em>.<\/p>\n<p style=\"text-align: justify;\">Invi\u00f2 l&#8217;opera a Firenze come prova del secondo anno di pensionato.<br \/>\nNel \u201967 present\u00f2 <em>Il suicida<\/em> quale saggio conclusivo.<\/p>\n<p style=\"text-align: justify;\">L&#8217;opera non piacque per\u00f2 alla commissione giudicatrice che si oppose alla traduzione in marmo; elarg\u00ec solo\u00a0 un sussidio di mille lire.<\/p>\n<p style=\"text-align: justify;\">Fu allora che Cecioni fece della pittura un\u2019attivit\u00e0 complementare al lavoro di scultore.<\/p>\n<p style=\"text-align: justify;\">Si dedic\u00f2, frattanto, ad alcune terrecotte raffiguranti \u201cbeceri e preti\u201d che, grazie all\u2019interessamento dell\u2019amico <a href=\"https:\/\/www.sba.it\/en\/giuseppe-de-nittis-biografia-quadri-in-vendita-valutazione-stima-perizia-certificata-di-dipinti-di-giuseppe-de-nittis\/\"><strong>de Nittis<\/strong><\/a>, riusc\u00ec a vendere in Francia raccogliendo la somma necessaria per il trasferimento a Parigi all\u2019inizio\u00a0del \u201870.<\/p>\n<p style=\"text-align: justify;\">Qui, nonostante il successo riportato al Salon con <em>Bambino con gallo<\/em>, mal sopport\u00f2 la vita mondana ed il rapporto con <a href=\"https:\/\/www.sba.it\/en\/giuseppe-de-nittis-biografia-quadri-in-vendita-valutazione-stima-perizia-certificata-di-dipinti-di-giuseppe-de-nittis\/\"><strong>de Nittis<\/strong><\/a> ne risent\u00ec, rompendosi definitivamente nel \u201979.<\/p>\n<p style=\"text-align: justify;\">Inizi\u00f2 la produzione di una serie di sculture di dimensioni ridotte. La grande richiesta gli procur\u00f2 la fama di artista brillante e spiritoso. Rientrato a Firenze si concentr\u00f2, per la mancanza di lavoro, su una ritrattistica celebrativa, spesso di destinazione cimiteriale. Tra il \u201974 ed il \u201979 present\u00f2 alcune vecchie opere alla Promotrice; partecip\u00f2 quindi\u00a0 all\u2019esposizione di Torino del 1880 con i due gessi <em>Bambino con cane<\/em> e la\u00a0<em>Madre.<\/em><\/p>\n<p style=\"text-align: justify;\">Nell\u201983 espose a Roma il bronzo <em>Una sorpresa per le scale.<\/em><\/p>\n<p style=\"text-align: justify;\">\u00a0L&#8217;anno successivo ottenne la nomina di professore di disegno che gli consent\u00ec d\u2019intensificare gli interventi sulla \u201cDomenica letteraria\u201d, \u201cFanfulla della domenica\u201d e \u201cCapitan Fracassa\u201d.<\/p>\n<p style=\"text-align: justify;\">Si ciment\u00f2 inoltre\u00a0 in una serie di biografie sui <a href=\"http:\/\/www.sba.it\/macchiaioli-cronologia-pittori-800-900\/\"><strong>Macchiaiol<\/strong><\/a>i, interrotte a causa della morte (avvenuta in casa dell\u2019amico ed allievo <strong><a href=\"https:\/\/www.sba.it\/en\/kienerk-giorgio-biografia-quadri-in-vendita-valutazione-stima-perizia-certificata-di-dipinti-di-kienerk-giorgio\/\">Giorgio\u00a0Kienerk<\/a><\/strong>) e pubblicate in una raccolta postuma a cura di Gustavo Uzielli, dal titolo \u201cScritti e ricordi\u201d.<\/p>\n<p>&nbsp;<\/p>\n<p>&nbsp;<\/p>\n<h3 style=\"font-size: 12pt;\"><a href=\"https:\/\/www.sba.it\/en\/excellence\/\">CATALOGO OPERE<\/a>\u00a0| <a href=\"https:\/\/www.sba.it\/en\/to-sell\/\">VUOI VENDERE O COMPRARE UN QUADRO DI QUESTO ARTISTA?<\/a><\/h3>\n<p>&nbsp;<\/p>\n","protected":false},"excerpt":{"rendered":"<p>Fontebuona (Firenze) 1836 &#8211; Firenze 1886 Iscrittosi nel 1859 all\u2019Accademia di Belle Arti di Firenze, incontr\u00f2 per la prima volta [&hellip;]<\/p>\n","protected":false},"author":1,"featured_media":264,"parent":73496,"menu_order":172,"comment_status":"closed","ping_status":"closed","template":"","meta":{"_monsterinsights_skip_tracking":false,"_monsterinsights_sitenote_active":false,"_monsterinsights_sitenote_note":"","_monsterinsights_sitenote_category":0,"footnotes":""},"class_list":["post-73732","page","type-page","status-publish","has-post-thumbnail","hentry","page_category-artists"],"yoast_head":"<!-- This site is optimized with the Yoast SEO plugin v27.4 - https:\/\/yoast.com\/product\/yoast-seo-wordpress\/ -->\n<title>Cecioni Adriano (1836-1886). Biografia. Quadri in vendita.<\/title>\n<meta name=\"description\" content=\"Adriano Cecioni leggi la vita del pittore toscano dell&#039;800, vendita e acquisto online dipinti macchiaioli toscani dell&#039;800 di Adriano Cecioni scopri come\" \/>\n<meta name=\"robots\" content=\"index, follow, max-snippet:-1, max-image-preview:large, max-video-preview:-1\" \/>\n<link rel=\"canonical\" href=\"https:\/\/www.sba.it\/en\/artists\/adriano-cecioni-biografia-quadri-in-vendita-macchiaioli-valutazione-stima-perizia-certificata-di-dipinti-di-adriano-cecioni\/\" \/>\n<meta property=\"og:locale\" content=\"en_US\" \/>\n<meta property=\"og:type\" content=\"article\" \/>\n<meta property=\"og:title\" content=\"Cecioni Adriano (1836-1886). Biografia. Quadri in vendita.\" \/>\n<meta property=\"og:description\" content=\"Adriano Cecioni leggi la vita del pittore toscano dell&#039;800, vendita e acquisto online dipinti macchiaioli toscani dell&#039;800 di Adriano Cecioni scopri come\" \/>\n<meta property=\"og:url\" content=\"https:\/\/www.sba.it\/en\/artists\/adriano-cecioni-biografia-quadri-in-vendita-macchiaioli-valutazione-stima-perizia-certificata-di-dipinti-di-adriano-cecioni\/\" \/>\n<meta property=\"og:site_name\" content=\"Societ\u00e0 di Belle Arti\" \/>\n<meta property=\"article:publisher\" content=\"https:\/\/www.facebook.com\/pitturaitaliana800e900\/\" \/>\n<meta property=\"article:modified_time\" content=\"2019-04-11T15:47:46+00:00\" \/>\n<meta property=\"og:image\" content=\"https:\/\/www.sba.it\/wp-content\/uploads\/2013\/06\/images_artisti_Adriano-Cecioni-vendita-dipinti-macchiaioli.jpg\" \/>\n\t<meta property=\"og:image:width\" content=\"300\" \/>\n\t<meta property=\"og:image:height\" content=\"463\" \/>\n\t<meta property=\"og:image:type\" content=\"image\/jpeg\" \/>\n<meta name=\"twitter:card\" content=\"summary_large_image\" \/>\n<meta name=\"twitter:site\" content=\"@SocietaArti\" \/>\n<meta name=\"twitter:label1\" content=\"Est. reading time\" \/>\n\t<meta name=\"twitter:data1\" content=\"2 minutes\" \/>\n<script type=\"application\/ld+json\" class=\"yoast-schema-graph\">{\"@context\":\"https:\\\/\\\/schema.org\",\"@graph\":[{\"@type\":\"WebPage\",\"@id\":\"https:\\\/\\\/www.sba.it\\\/en\\\/artists\\\/adriano-cecioni-biografia-quadri-in-vendita-macchiaioli-valutazione-stima-perizia-certificata-di-dipinti-di-adriano-cecioni\\\/\",\"url\":\"https:\\\/\\\/www.sba.it\\\/en\\\/artists\\\/adriano-cecioni-biografia-quadri-in-vendita-macchiaioli-valutazione-stima-perizia-certificata-di-dipinti-di-adriano-cecioni\\\/\",\"name\":\"Cecioni Adriano (1836-1886). Biografia. Quadri in vendita.\",\"isPartOf\":{\"@id\":\"https:\\\/\\\/www.sba.it\\\/#website\"},\"primaryImageOfPage\":{\"@id\":\"https:\\\/\\\/www.sba.it\\\/en\\\/artists\\\/adriano-cecioni-biografia-quadri-in-vendita-macchiaioli-valutazione-stima-perizia-certificata-di-dipinti-di-adriano-cecioni\\\/#primaryimage\"},\"image\":{\"@id\":\"https:\\\/\\\/www.sba.it\\\/en\\\/artists\\\/adriano-cecioni-biografia-quadri-in-vendita-macchiaioli-valutazione-stima-perizia-certificata-di-dipinti-di-adriano-cecioni\\\/#primaryimage\"},\"thumbnailUrl\":\"https:\\\/\\\/www.sba.it\\\/wp-content\\\/uploads\\\/2013\\\/06\\\/images_artisti_Adriano-Cecioni-vendita-dipinti-macchiaioli.jpg\",\"datePublished\":\"2013-06-09T03:39:29+00:00\",\"dateModified\":\"2019-04-11T15:47:46+00:00\",\"description\":\"Adriano Cecioni leggi la vita del pittore toscano dell'800, vendita e acquisto online dipinti macchiaioli toscani dell'800 di Adriano Cecioni scopri come\",\"breadcrumb\":{\"@id\":\"https:\\\/\\\/www.sba.it\\\/en\\\/artists\\\/adriano-cecioni-biografia-quadri-in-vendita-macchiaioli-valutazione-stima-perizia-certificata-di-dipinti-di-adriano-cecioni\\\/#breadcrumb\"},\"inLanguage\":\"en-US\",\"potentialAction\":[{\"@type\":\"ReadAction\",\"target\":[\"https:\\\/\\\/www.sba.it\\\/en\\\/artists\\\/adriano-cecioni-biografia-quadri-in-vendita-macchiaioli-valutazione-stima-perizia-certificata-di-dipinti-di-adriano-cecioni\\\/\"]}]},{\"@type\":\"ImageObject\",\"inLanguage\":\"en-US\",\"@id\":\"https:\\\/\\\/www.sba.it\\\/en\\\/artists\\\/adriano-cecioni-biografia-quadri-in-vendita-macchiaioli-valutazione-stima-perizia-certificata-di-dipinti-di-adriano-cecioni\\\/#primaryimage\",\"url\":\"https:\\\/\\\/www.sba.it\\\/wp-content\\\/uploads\\\/2013\\\/06\\\/images_artisti_Adriano-Cecioni-vendita-dipinti-macchiaioli.jpg\",\"contentUrl\":\"https:\\\/\\\/www.sba.it\\\/wp-content\\\/uploads\\\/2013\\\/06\\\/images_artisti_Adriano-Cecioni-vendita-dipinti-macchiaioli.jpg\",\"width\":300,\"height\":463,\"caption\":\"Ritratto di Adriano Cecioni, pittore macchiaiolo dell'800\"},{\"@type\":\"BreadcrumbList\",\"@id\":\"https:\\\/\\\/www.sba.it\\\/en\\\/artists\\\/adriano-cecioni-biografia-quadri-in-vendita-macchiaioli-valutazione-stima-perizia-certificata-di-dipinti-di-adriano-cecioni\\\/#breadcrumb\",\"itemListElement\":[{\"@type\":\"ListItem\",\"position\":1,\"name\":\"Home\",\"item\":\"https:\\\/\\\/www.sba.it\\\/en\\\/\"},{\"@type\":\"ListItem\",\"position\":2,\"name\":\"Artists\",\"item\":\"https:\\\/\\\/www.sba.it\\\/en\\\/artists\\\/\"},{\"@type\":\"ListItem\",\"position\":3,\"name\":\"Cecioni Adriano (1836-1886). Biografia. Quadri in vendita.\"}]},{\"@type\":\"WebSite\",\"@id\":\"https:\\\/\\\/www.sba.it\\\/#website\",\"url\":\"https:\\\/\\\/www.sba.it\\\/\",\"name\":\"Societ\u00e0 di Belle Arti\",\"description\":\"Quadri macchiaioli e del 800 e 900 in vendita\",\"publisher\":{\"@id\":\"https:\\\/\\\/www.sba.it\\\/#organization\"},\"potentialAction\":[{\"@type\":\"SearchAction\",\"target\":{\"@type\":\"EntryPoint\",\"urlTemplate\":\"https:\\\/\\\/www.sba.it\\\/?s={search_term_string}\"},\"query-input\":{\"@type\":\"PropertyValueSpecification\",\"valueRequired\":true,\"valueName\":\"search_term_string\"}}],\"inLanguage\":\"en-US\"},{\"@type\":\"Organization\",\"@id\":\"https:\\\/\\\/www.sba.it\\\/#organization\",\"name\":\"Societ\u00e0 di Belle Arti\",\"url\":\"https:\\\/\\\/www.sba.it\\\/\",\"logo\":{\"@type\":\"ImageObject\",\"inLanguage\":\"en-US\",\"@id\":\"https:\\\/\\\/www.sba.it\\\/#\\\/schema\\\/logo\\\/image\\\/\",\"url\":\"https:\\\/\\\/www.sba.it\\\/wp-content\\\/uploads\\\/2019\\\/04\\\/Logo-rosso_nero.png\",\"contentUrl\":\"https:\\\/\\\/www.sba.it\\\/wp-content\\\/uploads\\\/2019\\\/04\\\/Logo-rosso_nero.png\",\"width\":2532,\"height\":1137,\"caption\":\"Societ\u00e0 di Belle Arti\"},\"image\":{\"@id\":\"https:\\\/\\\/www.sba.it\\\/#\\\/schema\\\/logo\\\/image\\\/\"},\"sameAs\":[\"https:\\\/\\\/www.facebook.com\\\/pitturaitaliana800e900\\\/\",\"https:\\\/\\\/x.com\\\/SocietaArti\",\"https:\\\/\\\/www.instagram.com\\\/societadibellearti\",\"https:\\\/\\\/www.linkedin.com\\\/in\\\/societ\u00e0-di-belle-arti-363aa8191\\\/\",\"https:\\\/\\\/www.youtube.com\\\/channel\\\/UC6fJlk-ajwhsnEIICATyXaQ\"]}]}<\/script>\n<!-- \/ Yoast SEO plugin. -->","yoast_head_json":{"title":"Cecioni Adriano (1836-1886). Biografia. Quadri in vendita.","description":"Adriano Cecioni leggi la vita del pittore toscano dell'800, vendita e acquisto online dipinti macchiaioli toscani dell'800 di Adriano Cecioni scopri come","robots":{"index":"index","follow":"follow","max-snippet":"max-snippet:-1","max-image-preview":"max-image-preview:large","max-video-preview":"max-video-preview:-1"},"canonical":"https:\/\/www.sba.it\/en\/artists\/adriano-cecioni-biografia-quadri-in-vendita-macchiaioli-valutazione-stima-perizia-certificata-di-dipinti-di-adriano-cecioni\/","og_locale":"en_US","og_type":"article","og_title":"Cecioni Adriano (1836-1886). Biografia. Quadri in vendita.","og_description":"Adriano Cecioni leggi la vita del pittore toscano dell'800, vendita e acquisto online dipinti macchiaioli toscani dell'800 di Adriano Cecioni scopri come","og_url":"https:\/\/www.sba.it\/en\/artists\/adriano-cecioni-biografia-quadri-in-vendita-macchiaioli-valutazione-stima-perizia-certificata-di-dipinti-di-adriano-cecioni\/","og_site_name":"Societ\u00e0 di Belle Arti","article_publisher":"https:\/\/www.facebook.com\/pitturaitaliana800e900\/","article_modified_time":"2019-04-11T15:47:46+00:00","og_image":[{"width":300,"height":463,"url":"https:\/\/www.sba.it\/wp-content\/uploads\/2013\/06\/images_artisti_Adriano-Cecioni-vendita-dipinti-macchiaioli.jpg","type":"image\/jpeg"}],"twitter_card":"summary_large_image","twitter_site":"@SocietaArti","twitter_misc":{"Est. reading time":"2 minutes"},"schema":{"@context":"https:\/\/schema.org","@graph":[{"@type":"WebPage","@id":"https:\/\/www.sba.it\/en\/artists\/adriano-cecioni-biografia-quadri-in-vendita-macchiaioli-valutazione-stima-perizia-certificata-di-dipinti-di-adriano-cecioni\/","url":"https:\/\/www.sba.it\/en\/artists\/adriano-cecioni-biografia-quadri-in-vendita-macchiaioli-valutazione-stima-perizia-certificata-di-dipinti-di-adriano-cecioni\/","name":"Cecioni Adriano (1836-1886). Biografia. Quadri in vendita.","isPartOf":{"@id":"https:\/\/www.sba.it\/#website"},"primaryImageOfPage":{"@id":"https:\/\/www.sba.it\/en\/artists\/adriano-cecioni-biografia-quadri-in-vendita-macchiaioli-valutazione-stima-perizia-certificata-di-dipinti-di-adriano-cecioni\/#primaryimage"},"image":{"@id":"https:\/\/www.sba.it\/en\/artists\/adriano-cecioni-biografia-quadri-in-vendita-macchiaioli-valutazione-stima-perizia-certificata-di-dipinti-di-adriano-cecioni\/#primaryimage"},"thumbnailUrl":"https:\/\/www.sba.it\/wp-content\/uploads\/2013\/06\/images_artisti_Adriano-Cecioni-vendita-dipinti-macchiaioli.jpg","datePublished":"2013-06-09T03:39:29+00:00","dateModified":"2019-04-11T15:47:46+00:00","description":"Adriano Cecioni leggi la vita del pittore toscano dell'800, vendita e acquisto online dipinti macchiaioli toscani dell'800 di Adriano Cecioni scopri come","breadcrumb":{"@id":"https:\/\/www.sba.it\/en\/artists\/adriano-cecioni-biografia-quadri-in-vendita-macchiaioli-valutazione-stima-perizia-certificata-di-dipinti-di-adriano-cecioni\/#breadcrumb"},"inLanguage":"en-US","potentialAction":[{"@type":"ReadAction","target":["https:\/\/www.sba.it\/en\/artists\/adriano-cecioni-biografia-quadri-in-vendita-macchiaioli-valutazione-stima-perizia-certificata-di-dipinti-di-adriano-cecioni\/"]}]},{"@type":"ImageObject","inLanguage":"en-US","@id":"https:\/\/www.sba.it\/en\/artists\/adriano-cecioni-biografia-quadri-in-vendita-macchiaioli-valutazione-stima-perizia-certificata-di-dipinti-di-adriano-cecioni\/#primaryimage","url":"https:\/\/www.sba.it\/wp-content\/uploads\/2013\/06\/images_artisti_Adriano-Cecioni-vendita-dipinti-macchiaioli.jpg","contentUrl":"https:\/\/www.sba.it\/wp-content\/uploads\/2013\/06\/images_artisti_Adriano-Cecioni-vendita-dipinti-macchiaioli.jpg","width":300,"height":463,"caption":"Ritratto di Adriano Cecioni, pittore macchiaiolo dell'800"},{"@type":"BreadcrumbList","@id":"https:\/\/www.sba.it\/en\/artists\/adriano-cecioni-biografia-quadri-in-vendita-macchiaioli-valutazione-stima-perizia-certificata-di-dipinti-di-adriano-cecioni\/#breadcrumb","itemListElement":[{"@type":"ListItem","position":1,"name":"Home","item":"https:\/\/www.sba.it\/en\/"},{"@type":"ListItem","position":2,"name":"Artists","item":"https:\/\/www.sba.it\/en\/artists\/"},{"@type":"ListItem","position":3,"name":"Cecioni Adriano (1836-1886). Biografia. Quadri in vendita."}]},{"@type":"WebSite","@id":"https:\/\/www.sba.it\/#website","url":"https:\/\/www.sba.it\/","name":"Societ\u00e0 di Belle Arti","description":"Quadri macchiaioli e del 800 e 900 in vendita","publisher":{"@id":"https:\/\/www.sba.it\/#organization"},"potentialAction":[{"@type":"SearchAction","target":{"@type":"EntryPoint","urlTemplate":"https:\/\/www.sba.it\/?s={search_term_string}"},"query-input":{"@type":"PropertyValueSpecification","valueRequired":true,"valueName":"search_term_string"}}],"inLanguage":"en-US"},{"@type":"Organization","@id":"https:\/\/www.sba.it\/#organization","name":"Societ\u00e0 di Belle Arti","url":"https:\/\/www.sba.it\/","logo":{"@type":"ImageObject","inLanguage":"en-US","@id":"https:\/\/www.sba.it\/#\/schema\/logo\/image\/","url":"https:\/\/www.sba.it\/wp-content\/uploads\/2019\/04\/Logo-rosso_nero.png","contentUrl":"https:\/\/www.sba.it\/wp-content\/uploads\/2019\/04\/Logo-rosso_nero.png","width":2532,"height":1137,"caption":"Societ\u00e0 di Belle Arti"},"image":{"@id":"https:\/\/www.sba.it\/#\/schema\/logo\/image\/"},"sameAs":["https:\/\/www.facebook.com\/pitturaitaliana800e900\/","https:\/\/x.com\/SocietaArti","https:\/\/www.instagram.com\/societadibellearti","https:\/\/www.linkedin.com\/in\/societ\u00e0-di-belle-arti-363aa8191\/","https:\/\/www.youtube.com\/channel\/UC6fJlk-ajwhsnEIICATyXaQ"]}]}},"_links":{"self":[{"href":"https:\/\/www.sba.it\/en\/wp-json\/wp\/v2\/pages\/73732","targetHints":{"allow":["GET"]}}],"collection":[{"href":"https:\/\/www.sba.it\/en\/wp-json\/wp\/v2\/pages"}],"about":[{"href":"https:\/\/www.sba.it\/en\/wp-json\/wp\/v2\/types\/page"}],"author":[{"embeddable":true,"href":"https:\/\/www.sba.it\/en\/wp-json\/wp\/v2\/users\/1"}],"replies":[{"embeddable":true,"href":"https:\/\/www.sba.it\/en\/wp-json\/wp\/v2\/comments?post=73732"}],"version-history":[{"count":15,"href":"https:\/\/www.sba.it\/en\/wp-json\/wp\/v2\/pages\/73732\/revisions"}],"predecessor-version":[{"id":81691,"href":"https:\/\/www.sba.it\/en\/wp-json\/wp\/v2\/pages\/73732\/revisions\/81691"}],"up":[{"embeddable":true,"href":"https:\/\/www.sba.it\/en\/wp-json\/wp\/v2\/pages\/73496"}],"wp:featuredmedia":[{"embeddable":true,"href":"https:\/\/www.sba.it\/en\/wp-json\/wp\/v2\/media\/264"}],"wp:attachment":[{"href":"https:\/\/www.sba.it\/en\/wp-json\/wp\/v2\/media?parent=73732"}],"curies":[{"name":"wp","href":"https:\/\/api.w.org\/{rel}","templated":true}]}}